{"id":6465,"date":"2025-09-18T23:59:28","date_gmt":"2025-09-18T23:59:28","guid":{"rendered":"https:\/\/www.plastic-crate.co.uk\/product\/checkpoint-screening-bin\/"},"modified":"2025-09-19T00:09:56","modified_gmt":"2025-09-19T00:09:56","slug":"checkpoint-screening-bin","status":"publish","type":"product","link":"https:\/\/www.plastic-crate.co.uk\/fr\/product\/checkpoint-screening-bin\/","title":{"rendered":"Poubelle de contr\u00f4le du point de contr\u00f4le"},"content":{"rendered":"<p>Am\u00e9liorez l&#039;efficacit\u00e9 de vos contr\u00f4les de s\u00e9curit\u00e9 gr\u00e2ce \u00e0 notre bac de contr\u00f4le premium, con\u00e7u pour les applications commerciales et vendu en vrac pour les entreprises de divers secteurs. Chaque bac mesure 600 mm x 400 mm x 120 mm, offrant une solution spacieuse et durable pour un contr\u00f4le rapide et organis\u00e9 dans les a\u00e9roports, les gares et lors d&#039;\u00e9v\u00e9nements.<\/p>\n<p>Caract\u00e9ristiques principales :<\/p>\n<p>Construction robuste : Fabriqu\u00e9es \u00e0 partir de plastique de haute qualit\u00e9, nos poubelles sont con\u00e7ues pour r\u00e9sister \u00e0 une utilisation fr\u00e9quente tout en conservant leur int\u00e9grit\u00e9, garantissant des performances durables.<\/p>\n<p>Conception optimis\u00e9e : les dimensions g\u00e9n\u00e9reuses permettent de contr\u00f4ler une vari\u00e9t\u00e9 d&#039;articles, des effets personnels aux appareils \u00e9lectroniques, simplifiant ainsi le processus de s\u00e9curit\u00e9 et r\u00e9duisant les temps d&#039;attente.<\/p>\n<p>Empilables pour une efficacit\u00e9 optimale\u00a0: Ces bacs sont empilables, ce qui facilite leur rangement lorsqu&#039;ils ne sont pas utilis\u00e9s. Cette fonctionnalit\u00e9 minimise l&#039;encombrement et optimise le flux de travail.<\/p>\n<p>Facile \u00e0 nettoyer : les surfaces lisses garantissent un entretien facile et des conditions sanitaires, essentielles dans les environnements \u00e0 fort trafic.<\/p>\n<p>Options personnalisables : disponibles en vrac, avec des options de personnalisation ou de marque pour correspondre \u00e0 l&#039;identit\u00e9 visuelle de votre organisation ou faciliter l&#039;identification.<\/p>\n<p>Id\u00e9al pour :<\/p>\n<p>A\u00e9roports et compagnies a\u00e9riennes<br \/>\nCentres de congr\u00e8s<br \/>\nPoints de contr\u00f4le de s\u00e9curit\u00e9<br \/>\nTout lieu \u00e0 fort trafic n\u00e9cessitant des solutions de d\u00e9pistage efficaces.<br \/>\nAvantages de l\u2019achat en gros :<\/p>\n<p>Des prix comp\u00e9titifs pour les grosses commandes<br \/>\nOptions de paiement et de livraison flexibles<br \/>\nUn service client exceptionnel pour r\u00e9pondre \u00e0 vos besoins uniques<br \/>\nRenforcez votre s\u00e9curit\u00e9 gr\u00e2ce \u00e0 notre conteneur de contr\u00f4le d&#039;acc\u00e8s\u00a0: un investissement judicieux pour une gestion efficace des foules et une s\u00e9curit\u00e9 renforc\u00e9e. Contactez-nous d\u00e8s aujourd&#039;hui pour toute demande d&#039;achat en gros et optez pour la fiabilit\u00e9\u00a0!<\/p>","protected":false},"excerpt":{"rendered":"<p>Am\u00e9liorez l&#039;efficacit\u00e9 de vos contr\u00f4les de s\u00e9curit\u00e9 gr\u00e2ce \u00e0 notre bac de contr\u00f4le premium, con\u00e7u pour les applications commerciales et vendu en vrac pour les entreprises de divers secteurs. Chaque bac mesure 600 mm x 400 mm x 120 mm, offrant une solution spacieuse et durable pour un contr\u00f4le rapide et organis\u00e9 dans les a\u00e9roports, les gares et lors d&#039;\u00e9v\u00e9nements. Caract\u00e9ristiques principales\u00a0: Construction robuste\u00a0: Fabriqu\u00e9 en\u2026<\/p>\n<p class=\"read-more\"> <a class=\"\" href=\"https:\/\/www.plastic-crate.co.uk\/fr\/product\/checkpoint-screening-bin\/\"> <span class=\"screen-reader-text\">Poubelle de contr\u00f4le du point de contr\u00f4le<\/span> En savoir plus &quot;<\/a><\/p>","protected":false},"featured_media":6460,"template":"","meta":{"_acf_changed":false,"site-sidebar-layout":"default","site-content-layout":"default","ast-main-header-display":"","ast-hfb-above-header-display":"","ast-hfb-below-header-display":"","ast-hfb-mobile-header-display":"","site-post-title":"","ast-breadcrumbs-content":"","ast-featured-img":"","footer-sml-layout":"","theme-transparent-header-meta":"","adv-header-id-meta":"","stick-header-meta":"","header-above-stick-meta":"","header-main-stick-meta":"","header-below-stick-meta":""},"product_brand":[],"product_cat":[84],"product_tag":[99],"class_list":{"0":"post-6465","1":"product","2":"type-product","3":"status-publish","4":"has-post-thumbnail","6":"product_cat-plastic-trays","7":"product_tag-airport-bins","9":"first","10":"instock","11":"shipping-taxable","12":"product-type-simple"},"acf":[],"yoast_head":"<!-- This site is optimized with the Yoast SEO plugin v26.9 - https:\/\/yoast.com\/product\/yoast-seo-wordpress\/ -->\n<title>Checkpoint screening bin - Euro crates Manufacturer<\/title>\n<meta name=\"robots\" content=\"index, follow, max-snippet:-1, max-image-preview:large, max-video-preview:-1\" \/>\n<link rel=\"canonical\" href=\"https:\/\/www.plastic-crate.co.uk\/fr\/product\/checkpoint-screening-bin\/\" \/>\n<meta property=\"og:locale\" content=\"fr_FR\" \/>\n<meta property=\"og:type\" content=\"article\" \/>\n<meta property=\"og:title\" content=\"Checkpoint screening bin - Euro crates Manufacturer\" \/>\n<meta property=\"og:description\" content=\"Elevate your security screening efficiency with our premium Checkpoint Screening Bin, designed for commercial applications and sold in bulk for businesses in various sectors. Each bin measures 600mm x 400mm x 120mm, providing a spacious and durable solution for quick and organized screening at airports, transit stations, and events. Key Features: Robust Construction: Crafted from &hellip; Checkpoint screening bin Read More &raquo;\" \/>\n<meta property=\"og:url\" content=\"https:\/\/www.plastic-crate.co.uk\/fr\/product\/checkpoint-screening-bin\/\" \/>\n<meta property=\"og:site_name\" content=\"Euro crates Manufacturer\" \/>\n<meta property=\"article:modified_time\" content=\"2025-09-19T00:09:56+00:00\" \/>\n<meta property=\"og:image\" content=\"https:\/\/www.plastic-crate.co.uk\/wp-content\/uploads\/2025\/09\/checkpoint-screening-bin-1.jpg\" \/>\n\t<meta property=\"og:image:width\" content=\"2000\" \/>\n\t<meta property=\"og:image:height\" content=\"2000\" \/>\n\t<meta property=\"og:image:type\" content=\"image\/jpeg\" \/>\n<meta name=\"twitter:card\" content=\"summary_large_image\" \/>\n<meta name=\"twitter:label1\" content=\"Est. reading time\" \/>\n\t<meta name=\"twitter:data1\" content=\"1 minute\" \/>\n<script type=\"application\/ld+json\" class=\"yoast-schema-graph\">{\"@context\":\"https:\/\/schema.org\",\"@graph\":[{\"@type\":\"WebPage\",\"@id\":\"https:\/\/www.plastic-crate.co.uk\/product\/checkpoint-screening-bin\/\",\"url\":\"https:\/\/www.plastic-crate.co.uk\/product\/checkpoint-screening-bin\/\",\"name\":\"Checkpoint screening bin - Euro crates Manufacturer\",\"isPartOf\":{\"@id\":\"https:\/\/www.plastic-crate.co.uk\/#website\"},\"primaryImageOfPage\":{\"@id\":\"https:\/\/www.plastic-crate.co.uk\/product\/checkpoint-screening-bin\/#primaryimage\"},\"image\":{\"@id\":\"https:\/\/www.plastic-crate.co.uk\/product\/checkpoint-screening-bin\/#primaryimage\"},\"thumbnailUrl\":\"https:\/\/www.plastic-crate.co.uk\/wp-content\/uploads\/2025\/09\/checkpoint-screening-bin-1.jpg\",\"datePublished\":\"2025-09-18T23:59:28+00:00\",\"dateModified\":\"2025-09-19T00:09:56+00:00\",\"breadcrumb\":{\"@id\":\"https:\/\/www.plastic-crate.co.uk\/product\/checkpoint-screening-bin\/#breadcrumb\"},\"inLanguage\":\"fr-FR\",\"potentialAction\":[{\"@type\":\"ReadAction\",\"target\":[\"https:\/\/www.plastic-crate.co.uk\/product\/checkpoint-screening-bin\/\"]}]},{\"@type\":\"ImageObject\",\"inLanguage\":\"fr-FR\",\"@id\":\"https:\/\/www.plastic-crate.co.uk\/product\/checkpoint-screening-bin\/#primaryimage\",\"url\":\"https:\/\/www.plastic-crate.co.uk\/wp-content\/uploads\/2025\/09\/checkpoint-screening-bin-1.jpg\",\"contentUrl\":\"https:\/\/www.plastic-crate.co.uk\/wp-content\/uploads\/2025\/09\/checkpoint-screening-bin-1.jpg\",\"width\":2000,\"height\":2000,\"caption\":\"checkpoint screening bin\"},{\"@type\":\"BreadcrumbList\",\"@id\":\"https:\/\/www.plastic-crate.co.uk\/product\/checkpoint-screening-bin\/#breadcrumb\",\"itemListElement\":[{\"@type\":\"ListItem\",\"position\":1,\"name\":\"Shop\",\"item\":\"https:\/\/www.plastic-crate.co.uk\/shop\/\"},{\"@type\":\"ListItem\",\"position\":2,\"name\":\"Checkpoint screening bin\"}]},{\"@type\":\"WebSite\",\"@id\":\"https:\/\/www.plastic-crate.co.uk\/#website\",\"url\":\"https:\/\/www.plastic-crate.co.uk\/\",\"name\":\"Euro crates Manufacturer\",\"description\":\"wholesale Euro containers, plastic euro crates with lids, curo boxes without lids\",\"publisher\":{\"@id\":\"https:\/\/www.plastic-crate.co.uk\/#organization\"},\"potentialAction\":[{\"@type\":\"SearchAction\",\"target\":{\"@type\":\"EntryPoint\",\"urlTemplate\":\"https:\/\/www.plastic-crate.co.uk\/?s={search_term_string}\"},\"query-input\":{\"@type\":\"PropertyValueSpecification\",\"valueRequired\":true,\"valueName\":\"search_term_string\"}}],\"inLanguage\":\"fr-FR\"},{\"@type\":\"Organization\",\"@id\":\"https:\/\/www.plastic-crate.co.uk\/#organization\",\"name\":\"Euro crates Manufacturer\",\"url\":\"https:\/\/www.plastic-crate.co.uk\/\",\"logo\":{\"@type\":\"ImageObject\",\"inLanguage\":\"fr-FR\",\"@id\":\"https:\/\/www.plastic-crate.co.uk\/#\/schema\/logo\/image\/\",\"url\":\"https:\/\/www.plastic-crate.co.uk\/wp-content\/uploads\/2020\/10\/cropped-logo.png\",\"contentUrl\":\"https:\/\/www.plastic-crate.co.uk\/wp-content\/uploads\/2020\/10\/cropped-logo.png\",\"width\":300,\"height\":66,\"caption\":\"Euro crates Manufacturer\"},\"image\":{\"@id\":\"https:\/\/www.plastic-crate.co.uk\/#\/schema\/logo\/image\/\"}}]}<\/script>\n<!-- \/ Yoast SEO plugin. -->","yoast_head_json":{"title":"Bac de contr\u00f4le pour point de contr\u00f4le - Fabricant de caisses Euro","robots":{"index":"index","follow":"follow","max-snippet":"max-snippet:-1","max-image-preview":"max-image-preview:large","max-video-preview":"max-video-preview:-1"},"canonical":"https:\/\/www.plastic-crate.co.uk\/fr\/product\/checkpoint-screening-bin\/","og_locale":"fr_FR","og_type":"article","og_title":"Checkpoint screening bin - Euro crates Manufacturer","og_description":"Elevate your security screening efficiency with our premium Checkpoint Screening Bin, designed for commercial applications and sold in bulk for businesses in various sectors. Each bin measures 600mm x 400mm x 120mm, providing a spacious and durable solution for quick and organized screening at airports, transit stations, and events. Key Features: Robust Construction: Crafted from &hellip; Checkpoint screening bin Read More &raquo;","og_url":"https:\/\/www.plastic-crate.co.uk\/fr\/product\/checkpoint-screening-bin\/","og_site_name":"Euro crates Manufacturer","article_modified_time":"2025-09-19T00:09:56+00:00","og_image":[{"width":2000,"height":2000,"url":"https:\/\/www.plastic-crate.co.uk\/wp-content\/uploads\/2025\/09\/checkpoint-screening-bin-1.jpg","type":"image\/jpeg"}],"twitter_card":"summary_large_image","twitter_misc":{"Est. reading time":"1 minute"},"schema":{"@context":"https:\/\/schema.org","@graph":[{"@type":"WebPage","@id":"https:\/\/www.plastic-crate.co.uk\/product\/checkpoint-screening-bin\/","url":"https:\/\/www.plastic-crate.co.uk\/product\/checkpoint-screening-bin\/","name":"Bac de contr\u00f4le pour point de contr\u00f4le - Fabricant de caisses Euro","isPartOf":{"@id":"https:\/\/www.plastic-crate.co.uk\/#website"},"primaryImageOfPage":{"@id":"https:\/\/www.plastic-crate.co.uk\/product\/checkpoint-screening-bin\/#primaryimage"},"image":{"@id":"https:\/\/www.plastic-crate.co.uk\/product\/checkpoint-screening-bin\/#primaryimage"},"thumbnailUrl":"https:\/\/www.plastic-crate.co.uk\/wp-content\/uploads\/2025\/09\/checkpoint-screening-bin-1.jpg","datePublished":"2025-09-18T23:59:28+00:00","dateModified":"2025-09-19T00:09:56+00:00","breadcrumb":{"@id":"https:\/\/www.plastic-crate.co.uk\/product\/checkpoint-screening-bin\/#breadcrumb"},"inLanguage":"fr-FR","potentialAction":[{"@type":"ReadAction","target":["https:\/\/www.plastic-crate.co.uk\/product\/checkpoint-screening-bin\/"]}]},{"@type":"ImageObject","inLanguage":"fr-FR","@id":"https:\/\/www.plastic-crate.co.uk\/product\/checkpoint-screening-bin\/#primaryimage","url":"https:\/\/www.plastic-crate.co.uk\/wp-content\/uploads\/2025\/09\/checkpoint-screening-bin-1.jpg","contentUrl":"https:\/\/www.plastic-crate.co.uk\/wp-content\/uploads\/2025\/09\/checkpoint-screening-bin-1.jpg","width":2000,"height":2000,"caption":"checkpoint screening bin"},{"@type":"BreadcrumbList","@id":"https:\/\/www.plastic-crate.co.uk\/product\/checkpoint-screening-bin\/#breadcrumb","itemListElement":[{"@type":"ListItem","position":1,"name":"Shop","item":"https:\/\/www.plastic-crate.co.uk\/shop\/"},{"@type":"ListItem","position":2,"name":"Checkpoint screening bin"}]},{"@type":"WebSite","@id":"https:\/\/www.plastic-crate.co.uk\/#website","url":"https:\/\/www.plastic-crate.co.uk\/","name":"Fabricant de caisses Euro","description":"Conteneurs Euro en gros, caisses Euro en plastique avec couvercles, bo\u00eetes Curo sans couvercles","publisher":{"@id":"https:\/\/www.plastic-crate.co.uk\/#organization"},"potentialAction":[{"@type":"SearchAction","target":{"@type":"EntryPoint","urlTemplate":"https:\/\/www.plastic-crate.co.uk\/?s={search_term_string}"},"query-input":{"@type":"PropertyValueSpecification","valueRequired":true,"valueName":"search_term_string"}}],"inLanguage":"fr-FR"},{"@type":"Organization","@id":"https:\/\/www.plastic-crate.co.uk\/#organization","name":"Fabricant de caisses Euro","url":"https:\/\/www.plastic-crate.co.uk\/","logo":{"@type":"ImageObject","inLanguage":"fr-FR","@id":"https:\/\/www.plastic-crate.co.uk\/#\/schema\/logo\/image\/","url":"https:\/\/www.plastic-crate.co.uk\/wp-content\/uploads\/2020\/10\/cropped-logo.png","contentUrl":"https:\/\/www.plastic-crate.co.uk\/wp-content\/uploads\/2020\/10\/cropped-logo.png","width":300,"height":66,"caption":"Euro crates Manufacturer"},"image":{"@id":"https:\/\/www.plastic-crate.co.uk\/#\/schema\/logo\/image\/"}}]}},"_links":{"self":[{"href":"https:\/\/www.plastic-crate.co.uk\/fr\/wp-json\/wp\/v2\/product\/6465","targetHints":{"allow":["GET"]}}],"collection":[{"href":"https:\/\/www.plastic-crate.co.uk\/fr\/wp-json\/wp\/v2\/product"}],"about":[{"href":"https:\/\/www.plastic-crate.co.uk\/fr\/wp-json\/wp\/v2\/types\/product"}],"wp:featuredmedia":[{"embeddable":true,"href":"https:\/\/www.plastic-crate.co.uk\/fr\/wp-json\/wp\/v2\/media\/6460"}],"wp:attachment":[{"href":"https:\/\/www.plastic-crate.co.uk\/fr\/wp-json\/wp\/v2\/media?parent=6465"}],"wp:term":[{"taxonomy":"product_brand","embeddable":true,"href":"https:\/\/www.plastic-crate.co.uk\/fr\/wp-json\/wp\/v2\/product_brand?post=6465"},{"taxonomy":"product_cat","embeddable":true,"href":"https:\/\/www.plastic-crate.co.uk\/fr\/wp-json\/wp\/v2\/product_cat?post=6465"},{"taxonomy":"product_tag","embeddable":true,"href":"https:\/\/www.plastic-crate.co.uk\/fr\/wp-json\/wp\/v2\/product_tag?post=6465"}],"curies":[{"name":"wp","href":"https:\/\/api.w.org\/{rel}","templated":true}]}}