{"id":6459,"date":"2025-09-18T23:56:07","date_gmt":"2025-09-18T23:56:07","guid":{"rendered":"https:\/\/www.plastic-crate.co.uk\/product\/tsa-security-tray\/"},"modified":"2025-09-19T00:10:04","modified_gmt":"2025-09-19T00:10:04","slug":"tsa-security-tray","status":"publish","type":"product","link":"https:\/\/www.plastic-crate.co.uk\/fr\/product\/tsa-security-tray\/","title":{"rendered":"Plateau de s\u00e9curit\u00e9 TSA"},"content":{"rendered":"<p>Am\u00e9liorez votre processus de contr\u00f4le de s\u00e9curit\u00e9 gr\u00e2ce \u00e0 notre plateau de s\u00e9curit\u00e9 TSA robuste, con\u00e7u pour offrir efficacit\u00e9 et durabilit\u00e9 dans les environnements \u00e0 forte fr\u00e9quentation. Id\u00e9al pour les a\u00e9roports, les points de contr\u00f4le de s\u00e9curit\u00e9 et les lieux \u00e9v\u00e9nementiels, ce plateau simplifie l&#039;inspection des effets personnels et des bagages \u00e0 main, garantissant un contr\u00f4le de s\u00e9curit\u00e9 fluide et organis\u00e9.<\/p>\n<p>Caract\u00e9ristiques principales :<\/p>\n<p>Dimensions : Mesurant 530 mm (L) x 380 mm (l) x 150 mm (H), nos plateaux offrent suffisamment d&#039;espace pour une vari\u00e9t\u00e9 d&#039;articles, de l&#039;\u00e9lectronique aux effets personnels, garantissant une collecte et un transport faciles.<br \/>\nConstruction durable : Fabriqu\u00e9s \u00e0 partir de plastique de haute qualit\u00e9 r\u00e9sistant aux chocs, ces plateaux sont con\u00e7us pour r\u00e9sister aux rigueurs d&#039;une utilisation quotidienne, minimisant le risque de dommages et offrant des performances durables.<br \/>\nConception empilable : peu encombrants et efficaces, nos plateaux peuvent \u00eatre soigneusement empil\u00e9s lorsqu&#039;ils ne sont pas utilis\u00e9s, ce qui facilite le stockage et le transport pour votre \u00e9tablissement.<br \/>\nConforme \u00e0 la TSA : Con\u00e7us selon les directives de la TSA, nos plateaux de s\u00e9curit\u00e9 facilitent les contr\u00f4les de s\u00e9curit\u00e9 sans tracas, am\u00e9liorant ainsi l&#039;exp\u00e9rience de voyage globale de vos clients.<br \/>\nTarifs de gros\u00a0: Nous proposons des tarifs comp\u00e9titifs pour les commandes group\u00e9es, ce qui vous permet de doter facilement votre \u00e9quipe de s\u00e9curit\u00e9 des outils n\u00e9cessaires pour optimiser son efficacit\u00e9 op\u00e9rationnelle. Contactez-nous pour obtenir des devis personnalis\u00e9s en fonction de vos besoins et de votre volume de commande.<\/p>\n<p>Pourquoi nous choisir\u00a0? Nous associer, c&#039;est choisir la fiabilit\u00e9 et la qualit\u00e9. Nos plateaux de s\u00e9curit\u00e9 TSA sont approuv\u00e9s par de nombreux \u00e9tablissements du secteur, offrant \u00e0 votre organisation un produit non seulement conforme aux normes r\u00e9glementaires, mais aussi am\u00e9liorant la qualit\u00e9 de vos services.<\/p>\n<p>Commandez d\u00e8s aujourd&#039;hui\u00a0: Am\u00e9liorez votre s\u00e9curit\u00e9 gr\u00e2ce \u00e0 nos plateaux de s\u00e9curit\u00e9 TSA. Contactez-nous d\u00e8s maintenant pour discuter de votre commande group\u00e9e et d\u00e9couvrir comment nous pouvons r\u00e9pondre \u00e0 vos besoins de s\u00e9curit\u00e9 de mani\u00e8re efficace et \u00e9conomique.<\/p>","protected":false},"excerpt":{"rendered":"<p>Am\u00e9liorez vos contr\u00f4les de s\u00e9curit\u00e9 gr\u00e2ce \u00e0 notre plateau de s\u00e9curit\u00e9 TSA robuste, con\u00e7u pour offrir efficacit\u00e9 et durabilit\u00e9 dans les environnements \u00e0 forte fr\u00e9quentation. Id\u00e9al pour les a\u00e9roports, les points de contr\u00f4le de s\u00e9curit\u00e9 et les lieux \u00e9v\u00e9nementiels, ce plateau simplifie l&#039;inspection des effets personnels et des bagages \u00e0 main, garantissant un contr\u00f4le de s\u00e9curit\u00e9 fluide et organis\u00e9. Caract\u00e9ristiques principales\u00a0: Dimensions\u00a0: 530\u00a0mm (L) x 380\u00a0mm (l) x 150\u00a0mm\u2026<\/p>\n<p class=\"read-more\"> <a class=\"\" href=\"https:\/\/www.plastic-crate.co.uk\/fr\/product\/tsa-security-tray\/\"> <span class=\"screen-reader-text\">Plateau de s\u00e9curit\u00e9 TSA<\/span> En savoir plus &quot;<\/a><\/p>","protected":false},"featured_media":6454,"template":"","meta":{"_acf_changed":false,"site-sidebar-layout":"default","site-content-layout":"default","ast-main-header-display":"","ast-hfb-above-header-display":"","ast-hfb-below-header-display":"","ast-hfb-mobile-header-display":"","site-post-title":"","ast-breadcrumbs-content":"","ast-featured-img":"","footer-sml-layout":"","theme-transparent-header-meta":"","adv-header-id-meta":"","stick-header-meta":"","header-above-stick-meta":"","header-main-stick-meta":"","header-below-stick-meta":""},"product_brand":[],"product_cat":[84],"product_tag":[99],"class_list":{"0":"post-6459","1":"product","2":"type-product","3":"status-publish","4":"has-post-thumbnail","6":"product_cat-plastic-trays","7":"product_tag-airport-bins","9":"first","10":"instock","11":"shipping-taxable","12":"product-type-simple"},"acf":[],"yoast_head":"<!-- This site is optimized with the Yoast SEO plugin v26.9 - https:\/\/yoast.com\/product\/yoast-seo-wordpress\/ -->\n<title>TSA security tray - Euro crates Manufacturer<\/title>\n<meta name=\"robots\" content=\"index, follow, max-snippet:-1, max-image-preview:large, max-video-preview:-1\" \/>\n<link rel=\"canonical\" href=\"https:\/\/www.plastic-crate.co.uk\/fr\/product\/tsa-security-tray\/\" \/>\n<meta property=\"og:locale\" content=\"fr_FR\" \/>\n<meta property=\"og:type\" content=\"article\" \/>\n<meta property=\"og:title\" content=\"TSA security tray - Euro crates Manufacturer\" \/>\n<meta property=\"og:description\" content=\"Enhance your security screening process with our robust TSA Security Tray, designed for efficiency and durability in high-traffic environments. Ideal for airports, security checkpoints, and event venues, this tray streamlines the inspection of personal items and carry-ons, ensuring a smooth and organized security process. Key Features: Dimensions: Measuring 530mm (L) x 380mm (W) x 150mm &hellip; TSA security tray Read More &raquo;\" \/>\n<meta property=\"og:url\" content=\"https:\/\/www.plastic-crate.co.uk\/fr\/product\/tsa-security-tray\/\" \/>\n<meta property=\"og:site_name\" content=\"Euro crates Manufacturer\" \/>\n<meta property=\"article:modified_time\" content=\"2025-09-19T00:10:04+00:00\" \/>\n<meta property=\"og:image\" content=\"https:\/\/www.plastic-crate.co.uk\/wp-content\/uploads\/2025\/09\/tsa-security-tray-1.jpg\" \/>\n\t<meta property=\"og:image:width\" content=\"2000\" \/>\n\t<meta property=\"og:image:height\" content=\"2000\" \/>\n\t<meta property=\"og:image:type\" content=\"image\/jpeg\" \/>\n<meta name=\"twitter:card\" content=\"summary_large_image\" \/>\n<meta name=\"twitter:label1\" content=\"Est. reading time\" \/>\n\t<meta name=\"twitter:data1\" content=\"1 minute\" \/>\n<script type=\"application\/ld+json\" class=\"yoast-schema-graph\">{\"@context\":\"https:\/\/schema.org\",\"@graph\":[{\"@type\":\"WebPage\",\"@id\":\"https:\/\/www.plastic-crate.co.uk\/product\/tsa-security-tray\/\",\"url\":\"https:\/\/www.plastic-crate.co.uk\/product\/tsa-security-tray\/\",\"name\":\"TSA security tray - Euro crates Manufacturer\",\"isPartOf\":{\"@id\":\"https:\/\/www.plastic-crate.co.uk\/#website\"},\"primaryImageOfPage\":{\"@id\":\"https:\/\/www.plastic-crate.co.uk\/product\/tsa-security-tray\/#primaryimage\"},\"image\":{\"@id\":\"https:\/\/www.plastic-crate.co.uk\/product\/tsa-security-tray\/#primaryimage\"},\"thumbnailUrl\":\"https:\/\/www.plastic-crate.co.uk\/wp-content\/uploads\/2025\/09\/tsa-security-tray-1.jpg\",\"datePublished\":\"2025-09-18T23:56:07+00:00\",\"dateModified\":\"2025-09-19T00:10:04+00:00\",\"breadcrumb\":{\"@id\":\"https:\/\/www.plastic-crate.co.uk\/product\/tsa-security-tray\/#breadcrumb\"},\"inLanguage\":\"fr-FR\",\"potentialAction\":[{\"@type\":\"ReadAction\",\"target\":[\"https:\/\/www.plastic-crate.co.uk\/product\/tsa-security-tray\/\"]}]},{\"@type\":\"ImageObject\",\"inLanguage\":\"fr-FR\",\"@id\":\"https:\/\/www.plastic-crate.co.uk\/product\/tsa-security-tray\/#primaryimage\",\"url\":\"https:\/\/www.plastic-crate.co.uk\/wp-content\/uploads\/2025\/09\/tsa-security-tray-1.jpg\",\"contentUrl\":\"https:\/\/www.plastic-crate.co.uk\/wp-content\/uploads\/2025\/09\/tsa-security-tray-1.jpg\",\"width\":2000,\"height\":2000,\"caption\":\"TSA security tray\"},{\"@type\":\"BreadcrumbList\",\"@id\":\"https:\/\/www.plastic-crate.co.uk\/product\/tsa-security-tray\/#breadcrumb\",\"itemListElement\":[{\"@type\":\"ListItem\",\"position\":1,\"name\":\"Shop\",\"item\":\"https:\/\/www.plastic-crate.co.uk\/shop\/\"},{\"@type\":\"ListItem\",\"position\":2,\"name\":\"TSA security tray\"}]},{\"@type\":\"WebSite\",\"@id\":\"https:\/\/www.plastic-crate.co.uk\/#website\",\"url\":\"https:\/\/www.plastic-crate.co.uk\/\",\"name\":\"Euro crates Manufacturer\",\"description\":\"wholesale Euro containers, plastic euro crates with lids, curo boxes without lids\",\"publisher\":{\"@id\":\"https:\/\/www.plastic-crate.co.uk\/#organization\"},\"potentialAction\":[{\"@type\":\"SearchAction\",\"target\":{\"@type\":\"EntryPoint\",\"urlTemplate\":\"https:\/\/www.plastic-crate.co.uk\/?s={search_term_string}\"},\"query-input\":{\"@type\":\"PropertyValueSpecification\",\"valueRequired\":true,\"valueName\":\"search_term_string\"}}],\"inLanguage\":\"fr-FR\"},{\"@type\":\"Organization\",\"@id\":\"https:\/\/www.plastic-crate.co.uk\/#organization\",\"name\":\"Euro crates Manufacturer\",\"url\":\"https:\/\/www.plastic-crate.co.uk\/\",\"logo\":{\"@type\":\"ImageObject\",\"inLanguage\":\"fr-FR\",\"@id\":\"https:\/\/www.plastic-crate.co.uk\/#\/schema\/logo\/image\/\",\"url\":\"https:\/\/www.plastic-crate.co.uk\/wp-content\/uploads\/2020\/10\/cropped-logo.png\",\"contentUrl\":\"https:\/\/www.plastic-crate.co.uk\/wp-content\/uploads\/2020\/10\/cropped-logo.png\",\"width\":300,\"height\":66,\"caption\":\"Euro crates Manufacturer\"},\"image\":{\"@id\":\"https:\/\/www.plastic-crate.co.uk\/#\/schema\/logo\/image\/\"}}]}<\/script>\n<!-- \/ Yoast SEO plugin. -->","yoast_head_json":{"title":"Plateau de s\u00e9curit\u00e9 TSA - Fabricant de caisses Euro","robots":{"index":"index","follow":"follow","max-snippet":"max-snippet:-1","max-image-preview":"max-image-preview:large","max-video-preview":"max-video-preview:-1"},"canonical":"https:\/\/www.plastic-crate.co.uk\/fr\/product\/tsa-security-tray\/","og_locale":"fr_FR","og_type":"article","og_title":"TSA security tray - Euro crates Manufacturer","og_description":"Enhance your security screening process with our robust TSA Security Tray, designed for efficiency and durability in high-traffic environments. Ideal for airports, security checkpoints, and event venues, this tray streamlines the inspection of personal items and carry-ons, ensuring a smooth and organized security process. Key Features: Dimensions: Measuring 530mm (L) x 380mm (W) x 150mm &hellip; TSA security tray Read More &raquo;","og_url":"https:\/\/www.plastic-crate.co.uk\/fr\/product\/tsa-security-tray\/","og_site_name":"Euro crates Manufacturer","article_modified_time":"2025-09-19T00:10:04+00:00","og_image":[{"width":2000,"height":2000,"url":"https:\/\/www.plastic-crate.co.uk\/wp-content\/uploads\/2025\/09\/tsa-security-tray-1.jpg","type":"image\/jpeg"}],"twitter_card":"summary_large_image","twitter_misc":{"Est. reading time":"1 minute"},"schema":{"@context":"https:\/\/schema.org","@graph":[{"@type":"WebPage","@id":"https:\/\/www.plastic-crate.co.uk\/product\/tsa-security-tray\/","url":"https:\/\/www.plastic-crate.co.uk\/product\/tsa-security-tray\/","name":"Plateau de s\u00e9curit\u00e9 TSA - Fabricant de caisses Euro","isPartOf":{"@id":"https:\/\/www.plastic-crate.co.uk\/#website"},"primaryImageOfPage":{"@id":"https:\/\/www.plastic-crate.co.uk\/product\/tsa-security-tray\/#primaryimage"},"image":{"@id":"https:\/\/www.plastic-crate.co.uk\/product\/tsa-security-tray\/#primaryimage"},"thumbnailUrl":"https:\/\/www.plastic-crate.co.uk\/wp-content\/uploads\/2025\/09\/tsa-security-tray-1.jpg","datePublished":"2025-09-18T23:56:07+00:00","dateModified":"2025-09-19T00:10:04+00:00","breadcrumb":{"@id":"https:\/\/www.plastic-crate.co.uk\/product\/tsa-security-tray\/#breadcrumb"},"inLanguage":"fr-FR","potentialAction":[{"@type":"ReadAction","target":["https:\/\/www.plastic-crate.co.uk\/product\/tsa-security-tray\/"]}]},{"@type":"ImageObject","inLanguage":"fr-FR","@id":"https:\/\/www.plastic-crate.co.uk\/product\/tsa-security-tray\/#primaryimage","url":"https:\/\/www.plastic-crate.co.uk\/wp-content\/uploads\/2025\/09\/tsa-security-tray-1.jpg","contentUrl":"https:\/\/www.plastic-crate.co.uk\/wp-content\/uploads\/2025\/09\/tsa-security-tray-1.jpg","width":2000,"height":2000,"caption":"TSA security tray"},{"@type":"BreadcrumbList","@id":"https:\/\/www.plastic-crate.co.uk\/product\/tsa-security-tray\/#breadcrumb","itemListElement":[{"@type":"ListItem","position":1,"name":"Shop","item":"https:\/\/www.plastic-crate.co.uk\/shop\/"},{"@type":"ListItem","position":2,"name":"TSA security tray"}]},{"@type":"WebSite","@id":"https:\/\/www.plastic-crate.co.uk\/#website","url":"https:\/\/www.plastic-crate.co.uk\/","name":"Fabricant de caisses Euro","description":"Conteneurs Euro en gros, caisses Euro en plastique avec couvercles, bo\u00eetes Curo sans couvercles","publisher":{"@id":"https:\/\/www.plastic-crate.co.uk\/#organization"},"potentialAction":[{"@type":"SearchAction","target":{"@type":"EntryPoint","urlTemplate":"https:\/\/www.plastic-crate.co.uk\/?s={search_term_string}"},"query-input":{"@type":"PropertyValueSpecification","valueRequired":true,"valueName":"search_term_string"}}],"inLanguage":"fr-FR"},{"@type":"Organization","@id":"https:\/\/www.plastic-crate.co.uk\/#organization","name":"Fabricant de caisses Euro","url":"https:\/\/www.plastic-crate.co.uk\/","logo":{"@type":"ImageObject","inLanguage":"fr-FR","@id":"https:\/\/www.plastic-crate.co.uk\/#\/schema\/logo\/image\/","url":"https:\/\/www.plastic-crate.co.uk\/wp-content\/uploads\/2020\/10\/cropped-logo.png","contentUrl":"https:\/\/www.plastic-crate.co.uk\/wp-content\/uploads\/2020\/10\/cropped-logo.png","width":300,"height":66,"caption":"Euro crates Manufacturer"},"image":{"@id":"https:\/\/www.plastic-crate.co.uk\/#\/schema\/logo\/image\/"}}]}},"_links":{"self":[{"href":"https:\/\/www.plastic-crate.co.uk\/fr\/wp-json\/wp\/v2\/product\/6459","targetHints":{"allow":["GET"]}}],"collection":[{"href":"https:\/\/www.plastic-crate.co.uk\/fr\/wp-json\/wp\/v2\/product"}],"about":[{"href":"https:\/\/www.plastic-crate.co.uk\/fr\/wp-json\/wp\/v2\/types\/product"}],"wp:featuredmedia":[{"embeddable":true,"href":"https:\/\/www.plastic-crate.co.uk\/fr\/wp-json\/wp\/v2\/media\/6454"}],"wp:attachment":[{"href":"https:\/\/www.plastic-crate.co.uk\/fr\/wp-json\/wp\/v2\/media?parent=6459"}],"wp:term":[{"taxonomy":"product_brand","embeddable":true,"href":"https:\/\/www.plastic-crate.co.uk\/fr\/wp-json\/wp\/v2\/product_brand?post=6459"},{"taxonomy":"product_cat","embeddable":true,"href":"https:\/\/www.plastic-crate.co.uk\/fr\/wp-json\/wp\/v2\/product_cat?post=6459"},{"taxonomy":"product_tag","embeddable":true,"href":"https:\/\/www.plastic-crate.co.uk\/fr\/wp-json\/wp\/v2\/product_tag?post=6459"}],"curies":[{"name":"wp","href":"https:\/\/api.w.org\/{rel}","templated":true}]}}