{"id":6453,"date":"2025-09-18T23:49:26","date_gmt":"2025-09-18T23:49:26","guid":{"rendered":"https:\/\/www.plastic-crate.co.uk\/product\/airport-bins-airport-security-bins\/"},"modified":"2025-09-19T00:10:14","modified_gmt":"2025-09-19T00:10:14","slug":"airport-bins-airport-security-bins","status":"publish","type":"product","link":"https:\/\/www.plastic-crate.co.uk\/fr\/product\/airport-bins-airport-security-bins\/","title":{"rendered":"Poubelles d&#039;a\u00e9roport, poubelles de s\u00e9curit\u00e9 d&#039;a\u00e9roport"},"content":{"rendered":"<p>Optimisez vos op\u00e9rations de contr\u00f4le de s\u00e9curit\u00e9 a\u00e9roportuaire gr\u00e2ce \u00e0 nos bacs de s\u00e9curit\u00e9 de haute qualit\u00e9, con\u00e7us pour allier efficacit\u00e9 et praticit\u00e9. Chaque bac mesure 565 mm de long, 430 mm de large et 102 mm de haut, ce qui lui conf\u00e8re un espace suffisant pour accueillir divers effets personnels, tout en conservant un design compact qui s&#039;int\u00e8gre parfaitement aux syst\u00e8mes de contr\u00f4le existants.<\/p>\n<p>Caract\u00e9ristiques principales :<br \/>\nConception robuste : Fabriqu\u00e9es en plastique durable et r\u00e9sistant aux chocs, nos poubelles r\u00e9sistent aux rigueurs d&#039;une manipulation fr\u00e9quente, garantissant long\u00e9vit\u00e9 et rentabilit\u00e9 pour les besoins de s\u00e9curit\u00e9 de votre a\u00e9roport.<\/p>\n<p>\u00c9l\u00e9gant et fonctionnel : les bacs comportent des marquages graphiques clairs pour indiquer aux passagers le placement correct des articles, ce qui contribue \u00e0 rationaliser le processus de contr\u00f4le et \u00e0 r\u00e9duire les temps d&#039;attente.<\/p>\n<p>Facile \u00e0 manipuler : les poign\u00e9es lat\u00e9rales int\u00e9gr\u00e9es facilitent le transport, permettant au personnel de s\u00e9curit\u00e9 de d\u00e9placer rapidement les poubelles selon les besoins pendant les heures de pointe.<\/p>\n<p>Conception empilable\u00a0: Gagnez de l&#039;espace pr\u00e9cieux lorsque les bacs ne sont pas utilis\u00e9s. Notre conception empilable simplifie et optimise le rangement, permettant un acc\u00e8s facile en cas de besoin.<\/p>\n<p>Remises sur les achats en gros : nous proposons des prix comp\u00e9titifs pour les commandes en gros, ce qui en fait un choix \u00e9conomique pour les a\u00e9roports qui cherchent \u00e0 mettre \u00e0 niveau ou \u00e0 r\u00e9approvisionner leur \u00e9quipement de s\u00e9curit\u00e9.<\/p>\n<p>Avantages pour votre a\u00e9roport :<br \/>\nEfficacit\u00e9 am\u00e9lior\u00e9e : gr\u00e2ce \u00e0 nos bacs sp\u00e9cialement con\u00e7us, vous pouvez minimiser les temps de traitement des passagers et am\u00e9liorer le flux op\u00e9rationnel aux points de contr\u00f4le de s\u00e9curit\u00e9.<\/p>\n<p>Exp\u00e9rience passager am\u00e9lior\u00e9e : en maintenant un processus de contr\u00f4le fluide et efficace, vous am\u00e9liorez la satisfaction des clients et favorisez une exp\u00e9rience de voyage positive.<\/p>\n<p>Options de personnalisation de marque : pour les commandes plus importantes, nous proposons \u00e9galement des options de personnalisation pour inclure la marque de votre a\u00e9roport, am\u00e9liorant ainsi encore votre identit\u00e9 op\u00e9rationnelle.<\/p>\n<p>Am\u00e9liorez la s\u00e9curit\u00e9 de vos a\u00e9roports gr\u00e2ce \u00e0 nos conteneurs de s\u00e9curit\u00e9 fiables et performants. Contactez-nous d\u00e8s aujourd&#039;hui pour obtenir un devis et d\u00e9couvrez comment nous pouvons aider votre a\u00e9roport \u00e0 am\u00e9liorer la s\u00e9curit\u00e9 tout en offrant une exp\u00e9rience exceptionnelle aux voyageurs\u00a0!<\/p>","protected":false},"excerpt":{"rendered":"<p>Optimisez vos op\u00e9rations de contr\u00f4le de s\u00e9curit\u00e9 a\u00e9roportuaire gr\u00e2ce \u00e0 nos bacs de s\u00e9curit\u00e9 de haute qualit\u00e9, con\u00e7us pour allier efficacit\u00e9 et praticit\u00e9. Chaque bac mesure 565 mm de long, 430 mm de large et 102 mm de haut, ce qui lui conf\u00e8re un espace suffisant pour accueillir divers effets personnels, tout en conservant un design compact qui s&#039;int\u00e8gre parfaitement aux syst\u00e8mes de contr\u00f4le existants. Caract\u00e9ristiques principales\u00a0: Robuste\u2026<\/p>\n<p class=\"read-more\"> <a class=\"\" href=\"https:\/\/www.plastic-crate.co.uk\/fr\/product\/airport-bins-airport-security-bins\/\"> <span class=\"screen-reader-text\">Poubelles d&#039;a\u00e9roport, poubelles de s\u00e9curit\u00e9 d&#039;a\u00e9roport<\/span> En savoir plus &quot;<\/a><\/p>","protected":false},"featured_media":6448,"template":"","meta":{"_acf_changed":false,"site-sidebar-layout":"default","site-content-layout":"default","ast-main-header-display":"","ast-hfb-above-header-display":"","ast-hfb-below-header-display":"","ast-hfb-mobile-header-display":"","site-post-title":"","ast-breadcrumbs-content":"","ast-featured-img":"","footer-sml-layout":"","theme-transparent-header-meta":"","adv-header-id-meta":"","stick-header-meta":"","header-above-stick-meta":"","header-main-stick-meta":"","header-below-stick-meta":""},"product_brand":[],"product_cat":[84],"product_tag":[99],"class_list":{"0":"post-6453","1":"product","2":"type-product","3":"status-publish","4":"has-post-thumbnail","6":"product_cat-plastic-trays","7":"product_tag-airport-bins","9":"first","10":"instock","11":"shipping-taxable","12":"product-type-simple"},"acf":[],"yoast_head":"<!-- This site is optimized with the Yoast SEO plugin v26.9 - https:\/\/yoast.com\/product\/yoast-seo-wordpress\/ -->\n<title>Airport bins, airport security bins - Euro crates Manufacturer<\/title>\n<meta name=\"robots\" content=\"index, follow, max-snippet:-1, max-image-preview:large, max-video-preview:-1\" \/>\n<link rel=\"canonical\" href=\"https:\/\/www.plastic-crate.co.uk\/fr\/product\/airport-bins-airport-security-bins\/\" \/>\n<meta property=\"og:locale\" content=\"fr_FR\" \/>\n<meta property=\"og:type\" content=\"article\" \/>\n<meta property=\"og:title\" content=\"Airport bins, airport security bins - Euro crates Manufacturer\" \/>\n<meta property=\"og:description\" content=\"Optimize your airport security screening operations with our high-quality airport security bins, designed specifically for efficiency and convenience. Each bin measures 565mm in length, 430mm in width, and 102mm in height, making it spacious enough to accommodate various personal items while maintaining a compact design that fits seamlessly into existing screening systems. Key Features: Robust &hellip; Airport bins, airport security bins Read More &raquo;\" \/>\n<meta property=\"og:url\" content=\"https:\/\/www.plastic-crate.co.uk\/fr\/product\/airport-bins-airport-security-bins\/\" \/>\n<meta property=\"og:site_name\" content=\"Euro crates Manufacturer\" \/>\n<meta property=\"article:modified_time\" content=\"2025-09-19T00:10:14+00:00\" \/>\n<meta property=\"og:image\" content=\"https:\/\/www.plastic-crate.co.uk\/wp-content\/uploads\/2025\/09\/airport-security-bins-1.jpg\" \/>\n\t<meta property=\"og:image:width\" content=\"2000\" \/>\n\t<meta property=\"og:image:height\" content=\"2000\" \/>\n\t<meta property=\"og:image:type\" content=\"image\/jpeg\" \/>\n<meta name=\"twitter:card\" content=\"summary_large_image\" \/>\n<meta name=\"twitter:label1\" content=\"Est. reading time\" \/>\n\t<meta name=\"twitter:data1\" content=\"1 minute\" \/>\n<script type=\"application\/ld+json\" class=\"yoast-schema-graph\">{\"@context\":\"https:\/\/schema.org\",\"@graph\":[{\"@type\":\"WebPage\",\"@id\":\"https:\/\/www.plastic-crate.co.uk\/product\/airport-bins-airport-security-bins\/\",\"url\":\"https:\/\/www.plastic-crate.co.uk\/product\/airport-bins-airport-security-bins\/\",\"name\":\"Airport bins, airport security bins - Euro crates Manufacturer\",\"isPartOf\":{\"@id\":\"https:\/\/www.plastic-crate.co.uk\/#website\"},\"primaryImageOfPage\":{\"@id\":\"https:\/\/www.plastic-crate.co.uk\/product\/airport-bins-airport-security-bins\/#primaryimage\"},\"image\":{\"@id\":\"https:\/\/www.plastic-crate.co.uk\/product\/airport-bins-airport-security-bins\/#primaryimage\"},\"thumbnailUrl\":\"https:\/\/www.plastic-crate.co.uk\/wp-content\/uploads\/2025\/09\/airport-security-bins-1.jpg\",\"datePublished\":\"2025-09-18T23:49:26+00:00\",\"dateModified\":\"2025-09-19T00:10:14+00:00\",\"breadcrumb\":{\"@id\":\"https:\/\/www.plastic-crate.co.uk\/product\/airport-bins-airport-security-bins\/#breadcrumb\"},\"inLanguage\":\"fr-FR\",\"potentialAction\":[{\"@type\":\"ReadAction\",\"target\":[\"https:\/\/www.plastic-crate.co.uk\/product\/airport-bins-airport-security-bins\/\"]}]},{\"@type\":\"ImageObject\",\"inLanguage\":\"fr-FR\",\"@id\":\"https:\/\/www.plastic-crate.co.uk\/product\/airport-bins-airport-security-bins\/#primaryimage\",\"url\":\"https:\/\/www.plastic-crate.co.uk\/wp-content\/uploads\/2025\/09\/airport-security-bins-1.jpg\",\"contentUrl\":\"https:\/\/www.plastic-crate.co.uk\/wp-content\/uploads\/2025\/09\/airport-security-bins-1.jpg\",\"width\":2000,\"height\":2000,\"caption\":\"airport security bins\"},{\"@type\":\"BreadcrumbList\",\"@id\":\"https:\/\/www.plastic-crate.co.uk\/product\/airport-bins-airport-security-bins\/#breadcrumb\",\"itemListElement\":[{\"@type\":\"ListItem\",\"position\":1,\"name\":\"Shop\",\"item\":\"https:\/\/www.plastic-crate.co.uk\/shop\/\"},{\"@type\":\"ListItem\",\"position\":2,\"name\":\"Airport bins, airport security bins\"}]},{\"@type\":\"WebSite\",\"@id\":\"https:\/\/www.plastic-crate.co.uk\/#website\",\"url\":\"https:\/\/www.plastic-crate.co.uk\/\",\"name\":\"Euro crates Manufacturer\",\"description\":\"wholesale Euro containers, plastic euro crates with lids, curo boxes without lids\",\"publisher\":{\"@id\":\"https:\/\/www.plastic-crate.co.uk\/#organization\"},\"potentialAction\":[{\"@type\":\"SearchAction\",\"target\":{\"@type\":\"EntryPoint\",\"urlTemplate\":\"https:\/\/www.plastic-crate.co.uk\/?s={search_term_string}\"},\"query-input\":{\"@type\":\"PropertyValueSpecification\",\"valueRequired\":true,\"valueName\":\"search_term_string\"}}],\"inLanguage\":\"fr-FR\"},{\"@type\":\"Organization\",\"@id\":\"https:\/\/www.plastic-crate.co.uk\/#organization\",\"name\":\"Euro crates Manufacturer\",\"url\":\"https:\/\/www.plastic-crate.co.uk\/\",\"logo\":{\"@type\":\"ImageObject\",\"inLanguage\":\"fr-FR\",\"@id\":\"https:\/\/www.plastic-crate.co.uk\/#\/schema\/logo\/image\/\",\"url\":\"https:\/\/www.plastic-crate.co.uk\/wp-content\/uploads\/2020\/10\/cropped-logo.png\",\"contentUrl\":\"https:\/\/www.plastic-crate.co.uk\/wp-content\/uploads\/2020\/10\/cropped-logo.png\",\"width\":300,\"height\":66,\"caption\":\"Euro crates Manufacturer\"},\"image\":{\"@id\":\"https:\/\/www.plastic-crate.co.uk\/#\/schema\/logo\/image\/\"}}]}<\/script>\n<!-- \/ Yoast SEO plugin. -->","yoast_head_json":{"title":"Poubelles d&#039;a\u00e9roport, conteneurs de s\u00e9curit\u00e9 a\u00e9roportuaire - Fabricant de caisses Euro","robots":{"index":"index","follow":"follow","max-snippet":"max-snippet:-1","max-image-preview":"max-image-preview:large","max-video-preview":"max-video-preview:-1"},"canonical":"https:\/\/www.plastic-crate.co.uk\/fr\/product\/airport-bins-airport-security-bins\/","og_locale":"fr_FR","og_type":"article","og_title":"Airport bins, airport security bins - Euro crates Manufacturer","og_description":"Optimize your airport security screening operations with our high-quality airport security bins, designed specifically for efficiency and convenience. Each bin measures 565mm in length, 430mm in width, and 102mm in height, making it spacious enough to accommodate various personal items while maintaining a compact design that fits seamlessly into existing screening systems. Key Features: Robust &hellip; Airport bins, airport security bins Read More &raquo;","og_url":"https:\/\/www.plastic-crate.co.uk\/fr\/product\/airport-bins-airport-security-bins\/","og_site_name":"Euro crates Manufacturer","article_modified_time":"2025-09-19T00:10:14+00:00","og_image":[{"width":2000,"height":2000,"url":"https:\/\/www.plastic-crate.co.uk\/wp-content\/uploads\/2025\/09\/airport-security-bins-1.jpg","type":"image\/jpeg"}],"twitter_card":"summary_large_image","twitter_misc":{"Est. reading time":"1 minute"},"schema":{"@context":"https:\/\/schema.org","@graph":[{"@type":"WebPage","@id":"https:\/\/www.plastic-crate.co.uk\/product\/airport-bins-airport-security-bins\/","url":"https:\/\/www.plastic-crate.co.uk\/product\/airport-bins-airport-security-bins\/","name":"Poubelles d&#039;a\u00e9roport, conteneurs de s\u00e9curit\u00e9 a\u00e9roportuaire - Fabricant de caisses Euro","isPartOf":{"@id":"https:\/\/www.plastic-crate.co.uk\/#website"},"primaryImageOfPage":{"@id":"https:\/\/www.plastic-crate.co.uk\/product\/airport-bins-airport-security-bins\/#primaryimage"},"image":{"@id":"https:\/\/www.plastic-crate.co.uk\/product\/airport-bins-airport-security-bins\/#primaryimage"},"thumbnailUrl":"https:\/\/www.plastic-crate.co.uk\/wp-content\/uploads\/2025\/09\/airport-security-bins-1.jpg","datePublished":"2025-09-18T23:49:26+00:00","dateModified":"2025-09-19T00:10:14+00:00","breadcrumb":{"@id":"https:\/\/www.plastic-crate.co.uk\/product\/airport-bins-airport-security-bins\/#breadcrumb"},"inLanguage":"fr-FR","potentialAction":[{"@type":"ReadAction","target":["https:\/\/www.plastic-crate.co.uk\/product\/airport-bins-airport-security-bins\/"]}]},{"@type":"ImageObject","inLanguage":"fr-FR","@id":"https:\/\/www.plastic-crate.co.uk\/product\/airport-bins-airport-security-bins\/#primaryimage","url":"https:\/\/www.plastic-crate.co.uk\/wp-content\/uploads\/2025\/09\/airport-security-bins-1.jpg","contentUrl":"https:\/\/www.plastic-crate.co.uk\/wp-content\/uploads\/2025\/09\/airport-security-bins-1.jpg","width":2000,"height":2000,"caption":"airport security bins"},{"@type":"BreadcrumbList","@id":"https:\/\/www.plastic-crate.co.uk\/product\/airport-bins-airport-security-bins\/#breadcrumb","itemListElement":[{"@type":"ListItem","position":1,"name":"Shop","item":"https:\/\/www.plastic-crate.co.uk\/shop\/"},{"@type":"ListItem","position":2,"name":"Airport bins, airport security bins"}]},{"@type":"WebSite","@id":"https:\/\/www.plastic-crate.co.uk\/#website","url":"https:\/\/www.plastic-crate.co.uk\/","name":"Fabricant de caisses Euro","description":"Conteneurs Euro en gros, caisses Euro en plastique avec couvercles, bo\u00eetes Curo sans couvercles","publisher":{"@id":"https:\/\/www.plastic-crate.co.uk\/#organization"},"potentialAction":[{"@type":"SearchAction","target":{"@type":"EntryPoint","urlTemplate":"https:\/\/www.plastic-crate.co.uk\/?s={search_term_string}"},"query-input":{"@type":"PropertyValueSpecification","valueRequired":true,"valueName":"search_term_string"}}],"inLanguage":"fr-FR"},{"@type":"Organization","@id":"https:\/\/www.plastic-crate.co.uk\/#organization","name":"Fabricant de caisses Euro","url":"https:\/\/www.plastic-crate.co.uk\/","logo":{"@type":"ImageObject","inLanguage":"fr-FR","@id":"https:\/\/www.plastic-crate.co.uk\/#\/schema\/logo\/image\/","url":"https:\/\/www.plastic-crate.co.uk\/wp-content\/uploads\/2020\/10\/cropped-logo.png","contentUrl":"https:\/\/www.plastic-crate.co.uk\/wp-content\/uploads\/2020\/10\/cropped-logo.png","width":300,"height":66,"caption":"Euro crates Manufacturer"},"image":{"@id":"https:\/\/www.plastic-crate.co.uk\/#\/schema\/logo\/image\/"}}]}},"_links":{"self":[{"href":"https:\/\/www.plastic-crate.co.uk\/fr\/wp-json\/wp\/v2\/product\/6453","targetHints":{"allow":["GET"]}}],"collection":[{"href":"https:\/\/www.plastic-crate.co.uk\/fr\/wp-json\/wp\/v2\/product"}],"about":[{"href":"https:\/\/www.plastic-crate.co.uk\/fr\/wp-json\/wp\/v2\/types\/product"}],"wp:featuredmedia":[{"embeddable":true,"href":"https:\/\/www.plastic-crate.co.uk\/fr\/wp-json\/wp\/v2\/media\/6448"}],"wp:attachment":[{"href":"https:\/\/www.plastic-crate.co.uk\/fr\/wp-json\/wp\/v2\/media?parent=6453"}],"wp:term":[{"taxonomy":"product_brand","embeddable":true,"href":"https:\/\/www.plastic-crate.co.uk\/fr\/wp-json\/wp\/v2\/product_brand?post=6453"},{"taxonomy":"product_cat","embeddable":true,"href":"https:\/\/www.plastic-crate.co.uk\/fr\/wp-json\/wp\/v2\/product_cat?post=6453"},{"taxonomy":"product_tag","embeddable":true,"href":"https:\/\/www.plastic-crate.co.uk\/fr\/wp-json\/wp\/v2\/product_tag?post=6453"}],"curies":[{"name":"wp","href":"https:\/\/api.w.org\/{rel}","templated":true}]}}