{"id":6440,"date":"2025-09-18T23:37:08","date_gmt":"2025-09-18T23:37:08","guid":{"rendered":"https:\/\/www.plastic-crate.co.uk\/product\/airport-security-check-tray\/"},"modified":"2025-09-19T00:10:31","modified_gmt":"2025-09-19T00:10:31","slug":"airport-security-check-tray","status":"publish","type":"product","link":"https:\/\/www.plastic-crate.co.uk\/fr\/product\/airport-security-check-tray\/","title":{"rendered":"Plateau de contr\u00f4le de s\u00e9curit\u00e9 de l&#039;a\u00e9roport"},"content":{"rendered":"<p>Con\u00e7us sp\u00e9cifiquement pour les a\u00e9roports \u00e0 fort trafic, nos bacs de contr\u00f4le de s\u00e9curit\u00e9 sont essentiels pour optimiser le processus de contr\u00f4le. Mesurant 680 mm x 520 mm et d&#039;une profondeur de 110 mm, ces bacs offrent un espace g\u00e9n\u00e9reux pour les effets personnels des passagers, garantissant un passage fluide et efficace aux contr\u00f4les de s\u00e9curit\u00e9.<\/p>\n<p>Caract\u00e9ristiques principales :<\/p>\n<p>Construction robuste : Fabriqu\u00e9 \u00e0 partir de plastique durable de haute qualit\u00e9 qui r\u00e9siste aux rigueurs d&#039;une utilisation quotidienne, garantissant long\u00e9vit\u00e9 et performances continues.<\/p>\n<p>Conception ergonomique : la structure l\u00e9g\u00e8re facilite la manipulation par les passagers et le personnel de s\u00e9curit\u00e9, am\u00e9liorant le d\u00e9bit et r\u00e9duisant les temps d&#039;attente aux points de contr\u00f4le.<\/p>\n<p>Solution empilable : con\u00e7ue pour s&#039;empiler soigneusement lorsqu&#039;elle n&#039;est pas utilis\u00e9e, optimisant l&#039;espace de stockage et maintenant une zone de s\u00e9curit\u00e9 bien rang\u00e9e.<\/p>\n<p>Dimensions conviviales : L&#039;espace int\u00e9rieur g\u00e9n\u00e9reux peut accueillir une vari\u00e9t\u00e9 d&#039;articles, des ordinateurs portables et des sacs aux effets personnels, contribuant ainsi \u00e0 maintenir le processus de s\u00e9curit\u00e9 organis\u00e9.<\/p>\n<p>Options personnalisables : disponibles en vrac pour les op\u00e9rations \u00e0 grande \u00e9chelle, avec des options de couleurs et de marque personnalis\u00e9es pour s&#039;aligner sur l&#039;esth\u00e9tique de l&#039;a\u00e9roport.<\/p>\n<p>Avantages pour les clients B2B :<\/p>\n<p>Rentable : l\u2019achat en gros permet de r\u00e9aliser des \u00e9conomies importantes, ce qui en fait une solution id\u00e9ale pour les a\u00e9roports qui cherchent \u00e0 am\u00e9liorer l\u2019efficacit\u00e9 de la s\u00e9curit\u00e9 sans augmenter leur budget.<\/p>\n<p>Op\u00e9rations rationalis\u00e9es : \u00e9quipez votre point de contr\u00f4le de plateaux qui facilitent un traitement plus rapide, ce qui am\u00e9liore la satisfaction des passagers et l&#039;efficacit\u00e9 op\u00e9rationnelle.<\/p>\n<p>Normes de s\u00e9curit\u00e9 renforc\u00e9es : Promouvoir un processus de s\u00e9curit\u00e9 plus organis\u00e9, en veillant \u00e0 ce que les articles soient clairement s\u00e9par\u00e9s pour une inspection approfondie, minimisant ainsi le risque de contr\u00f4les manqu\u00e9s.<\/p>\n<p>Choisissez notre plateau de contr\u00f4le de s\u00e9curit\u00e9 a\u00e9roportuaire pour une solution fiable et efficace r\u00e9pondant aux exigences de s\u00e9curit\u00e9 a\u00e9roportuaire modernes. Optimisez vos op\u00e9rations et am\u00e9liorez l&#039;exp\u00e9rience passager avec chaque plateau. Contactez-nous d\u00e8s aujourd&#039;hui pour conna\u00eetre nos tarifs et options de personnalisation\u00a0!<\/p>","protected":false},"excerpt":{"rendered":"<p>Con\u00e7us sp\u00e9cifiquement pour les a\u00e9roports \u00e0 fort trafic, nos bacs de contr\u00f4le de s\u00e9curit\u00e9 sont essentiels pour optimiser le processus de contr\u00f4le. Mesurant 680 mm x 520 mm et d&#039;une profondeur de 110 mm, ces bacs offrent un espace g\u00e9n\u00e9reux pour les effets personnels des passagers, garantissant un passage fluide et efficace aux contr\u00f4les de s\u00e9curit\u00e9. Caract\u00e9ristiques principales\u00a0: Construction robuste\u00a0: Fabriqu\u00e9s en plastique durable de haute qualit\u00e9, ils r\u00e9sistent aux\u2026<\/p>\n<p class=\"read-more\"> <a class=\"\" href=\"https:\/\/www.plastic-crate.co.uk\/fr\/product\/airport-security-check-tray\/\"> <span class=\"screen-reader-text\">Plateau de contr\u00f4le de s\u00e9curit\u00e9 de l&#039;a\u00e9roport<\/span> En savoir plus &quot;<\/a><\/p>","protected":false},"featured_media":6434,"template":"","meta":{"_acf_changed":false,"site-sidebar-layout":"default","site-content-layout":"default","ast-main-header-display":"","ast-hfb-above-header-display":"","ast-hfb-below-header-display":"","ast-hfb-mobile-header-display":"","site-post-title":"","ast-breadcrumbs-content":"","ast-featured-img":"","footer-sml-layout":"","theme-transparent-header-meta":"","adv-header-id-meta":"","stick-header-meta":"","header-above-stick-meta":"","header-main-stick-meta":"","header-below-stick-meta":""},"product_brand":[],"product_cat":[84],"product_tag":[99],"class_list":{"0":"post-6440","1":"product","2":"type-product","3":"status-publish","4":"has-post-thumbnail","6":"product_cat-plastic-trays","7":"product_tag-airport-bins","9":"first","10":"instock","11":"shipping-taxable","12":"product-type-simple"},"acf":[],"yoast_head":"<!-- This site is optimized with the Yoast SEO plugin v26.9 - https:\/\/yoast.com\/product\/yoast-seo-wordpress\/ -->\n<title>Airport security check tray - Euro crates Manufacturer<\/title>\n<meta name=\"robots\" content=\"index, follow, max-snippet:-1, max-image-preview:large, max-video-preview:-1\" \/>\n<link rel=\"canonical\" href=\"https:\/\/www.plastic-crate.co.uk\/fr\/product\/airport-security-check-tray\/\" \/>\n<meta property=\"og:locale\" content=\"fr_FR\" \/>\n<meta property=\"og:type\" content=\"article\" \/>\n<meta property=\"og:title\" content=\"Airport security check tray - Euro crates Manufacturer\" \/>\n<meta property=\"og:description\" content=\"Designed specifically for high-traffic airport environments, our security check trays are essential for streamlining the screening process. Measuring 680mm x 520mm with a depth of 110mm, these trays offer ample space for passengers&#8217; belongings, ensuring a smooth and efficient transition through security checks. Key Features: Robust Construction: Made from high-quality, durable plastic that withstands the &hellip; Airport security check tray Read More &raquo;\" \/>\n<meta property=\"og:url\" content=\"https:\/\/www.plastic-crate.co.uk\/fr\/product\/airport-security-check-tray\/\" \/>\n<meta property=\"og:site_name\" content=\"Euro crates Manufacturer\" \/>\n<meta property=\"article:modified_time\" content=\"2025-09-19T00:10:31+00:00\" \/>\n<meta property=\"og:image\" content=\"https:\/\/www.plastic-crate.co.uk\/wp-content\/uploads\/2025\/09\/airport-security-check-tray-1.jpg\" \/>\n\t<meta property=\"og:image:width\" content=\"2000\" \/>\n\t<meta property=\"og:image:height\" content=\"2000\" \/>\n\t<meta property=\"og:image:type\" content=\"image\/jpeg\" \/>\n<meta name=\"twitter:card\" content=\"summary_large_image\" \/>\n<meta name=\"twitter:label1\" content=\"Est. reading time\" \/>\n\t<meta name=\"twitter:data1\" content=\"1 minute\" \/>\n<script type=\"application\/ld+json\" class=\"yoast-schema-graph\">{\"@context\":\"https:\/\/schema.org\",\"@graph\":[{\"@type\":\"WebPage\",\"@id\":\"https:\/\/www.plastic-crate.co.uk\/product\/airport-security-check-tray\/\",\"url\":\"https:\/\/www.plastic-crate.co.uk\/product\/airport-security-check-tray\/\",\"name\":\"Airport security check tray - Euro crates Manufacturer\",\"isPartOf\":{\"@id\":\"https:\/\/www.plastic-crate.co.uk\/#website\"},\"primaryImageOfPage\":{\"@id\":\"https:\/\/www.plastic-crate.co.uk\/product\/airport-security-check-tray\/#primaryimage\"},\"image\":{\"@id\":\"https:\/\/www.plastic-crate.co.uk\/product\/airport-security-check-tray\/#primaryimage\"},\"thumbnailUrl\":\"https:\/\/www.plastic-crate.co.uk\/wp-content\/uploads\/2025\/09\/airport-security-check-tray-1.jpg\",\"datePublished\":\"2025-09-18T23:37:08+00:00\",\"dateModified\":\"2025-09-19T00:10:31+00:00\",\"breadcrumb\":{\"@id\":\"https:\/\/www.plastic-crate.co.uk\/product\/airport-security-check-tray\/#breadcrumb\"},\"inLanguage\":\"fr-FR\",\"potentialAction\":[{\"@type\":\"ReadAction\",\"target\":[\"https:\/\/www.plastic-crate.co.uk\/product\/airport-security-check-tray\/\"]}]},{\"@type\":\"ImageObject\",\"inLanguage\":\"fr-FR\",\"@id\":\"https:\/\/www.plastic-crate.co.uk\/product\/airport-security-check-tray\/#primaryimage\",\"url\":\"https:\/\/www.plastic-crate.co.uk\/wp-content\/uploads\/2025\/09\/airport-security-check-tray-1.jpg\",\"contentUrl\":\"https:\/\/www.plastic-crate.co.uk\/wp-content\/uploads\/2025\/09\/airport-security-check-tray-1.jpg\",\"width\":2000,\"height\":2000,\"caption\":\"airport security check tray\"},{\"@type\":\"BreadcrumbList\",\"@id\":\"https:\/\/www.plastic-crate.co.uk\/product\/airport-security-check-tray\/#breadcrumb\",\"itemListElement\":[{\"@type\":\"ListItem\",\"position\":1,\"name\":\"Shop\",\"item\":\"https:\/\/www.plastic-crate.co.uk\/shop\/\"},{\"@type\":\"ListItem\",\"position\":2,\"name\":\"Airport security check tray\"}]},{\"@type\":\"WebSite\",\"@id\":\"https:\/\/www.plastic-crate.co.uk\/#website\",\"url\":\"https:\/\/www.plastic-crate.co.uk\/\",\"name\":\"Euro crates Manufacturer\",\"description\":\"wholesale Euro containers, plastic euro crates with lids, curo boxes without lids\",\"publisher\":{\"@id\":\"https:\/\/www.plastic-crate.co.uk\/#organization\"},\"potentialAction\":[{\"@type\":\"SearchAction\",\"target\":{\"@type\":\"EntryPoint\",\"urlTemplate\":\"https:\/\/www.plastic-crate.co.uk\/?s={search_term_string}\"},\"query-input\":{\"@type\":\"PropertyValueSpecification\",\"valueRequired\":true,\"valueName\":\"search_term_string\"}}],\"inLanguage\":\"fr-FR\"},{\"@type\":\"Organization\",\"@id\":\"https:\/\/www.plastic-crate.co.uk\/#organization\",\"name\":\"Euro crates Manufacturer\",\"url\":\"https:\/\/www.plastic-crate.co.uk\/\",\"logo\":{\"@type\":\"ImageObject\",\"inLanguage\":\"fr-FR\",\"@id\":\"https:\/\/www.plastic-crate.co.uk\/#\/schema\/logo\/image\/\",\"url\":\"https:\/\/www.plastic-crate.co.uk\/wp-content\/uploads\/2020\/10\/cropped-logo.png\",\"contentUrl\":\"https:\/\/www.plastic-crate.co.uk\/wp-content\/uploads\/2020\/10\/cropped-logo.png\",\"width\":300,\"height\":66,\"caption\":\"Euro crates Manufacturer\"},\"image\":{\"@id\":\"https:\/\/www.plastic-crate.co.uk\/#\/schema\/logo\/image\/\"}}]}<\/script>\n<!-- \/ Yoast SEO plugin. -->","yoast_head_json":{"title":"Plateau de contr\u00f4le de s\u00e9curit\u00e9 a\u00e9roportuaire - Fabricant de caisses Euro","robots":{"index":"index","follow":"follow","max-snippet":"max-snippet:-1","max-image-preview":"max-image-preview:large","max-video-preview":"max-video-preview:-1"},"canonical":"https:\/\/www.plastic-crate.co.uk\/fr\/product\/airport-security-check-tray\/","og_locale":"fr_FR","og_type":"article","og_title":"Airport security check tray - Euro crates Manufacturer","og_description":"Designed specifically for high-traffic airport environments, our security check trays are essential for streamlining the screening process. Measuring 680mm x 520mm with a depth of 110mm, these trays offer ample space for passengers&#8217; belongings, ensuring a smooth and efficient transition through security checks. Key Features: Robust Construction: Made from high-quality, durable plastic that withstands the &hellip; Airport security check tray Read More &raquo;","og_url":"https:\/\/www.plastic-crate.co.uk\/fr\/product\/airport-security-check-tray\/","og_site_name":"Euro crates Manufacturer","article_modified_time":"2025-09-19T00:10:31+00:00","og_image":[{"width":2000,"height":2000,"url":"https:\/\/www.plastic-crate.co.uk\/wp-content\/uploads\/2025\/09\/airport-security-check-tray-1.jpg","type":"image\/jpeg"}],"twitter_card":"summary_large_image","twitter_misc":{"Est. reading time":"1 minute"},"schema":{"@context":"https:\/\/schema.org","@graph":[{"@type":"WebPage","@id":"https:\/\/www.plastic-crate.co.uk\/product\/airport-security-check-tray\/","url":"https:\/\/www.plastic-crate.co.uk\/product\/airport-security-check-tray\/","name":"Plateau de contr\u00f4le de s\u00e9curit\u00e9 a\u00e9roportuaire - Fabricant de caisses Euro","isPartOf":{"@id":"https:\/\/www.plastic-crate.co.uk\/#website"},"primaryImageOfPage":{"@id":"https:\/\/www.plastic-crate.co.uk\/product\/airport-security-check-tray\/#primaryimage"},"image":{"@id":"https:\/\/www.plastic-crate.co.uk\/product\/airport-security-check-tray\/#primaryimage"},"thumbnailUrl":"https:\/\/www.plastic-crate.co.uk\/wp-content\/uploads\/2025\/09\/airport-security-check-tray-1.jpg","datePublished":"2025-09-18T23:37:08+00:00","dateModified":"2025-09-19T00:10:31+00:00","breadcrumb":{"@id":"https:\/\/www.plastic-crate.co.uk\/product\/airport-security-check-tray\/#breadcrumb"},"inLanguage":"fr-FR","potentialAction":[{"@type":"ReadAction","target":["https:\/\/www.plastic-crate.co.uk\/product\/airport-security-check-tray\/"]}]},{"@type":"ImageObject","inLanguage":"fr-FR","@id":"https:\/\/www.plastic-crate.co.uk\/product\/airport-security-check-tray\/#primaryimage","url":"https:\/\/www.plastic-crate.co.uk\/wp-content\/uploads\/2025\/09\/airport-security-check-tray-1.jpg","contentUrl":"https:\/\/www.plastic-crate.co.uk\/wp-content\/uploads\/2025\/09\/airport-security-check-tray-1.jpg","width":2000,"height":2000,"caption":"airport security check tray"},{"@type":"BreadcrumbList","@id":"https:\/\/www.plastic-crate.co.uk\/product\/airport-security-check-tray\/#breadcrumb","itemListElement":[{"@type":"ListItem","position":1,"name":"Shop","item":"https:\/\/www.plastic-crate.co.uk\/shop\/"},{"@type":"ListItem","position":2,"name":"Airport security check tray"}]},{"@type":"WebSite","@id":"https:\/\/www.plastic-crate.co.uk\/#website","url":"https:\/\/www.plastic-crate.co.uk\/","name":"Fabricant de caisses Euro","description":"Conteneurs Euro en gros, caisses Euro en plastique avec couvercles, bo\u00eetes Curo sans couvercles","publisher":{"@id":"https:\/\/www.plastic-crate.co.uk\/#organization"},"potentialAction":[{"@type":"SearchAction","target":{"@type":"EntryPoint","urlTemplate":"https:\/\/www.plastic-crate.co.uk\/?s={search_term_string}"},"query-input":{"@type":"PropertyValueSpecification","valueRequired":true,"valueName":"search_term_string"}}],"inLanguage":"fr-FR"},{"@type":"Organization","@id":"https:\/\/www.plastic-crate.co.uk\/#organization","name":"Fabricant de caisses Euro","url":"https:\/\/www.plastic-crate.co.uk\/","logo":{"@type":"ImageObject","inLanguage":"fr-FR","@id":"https:\/\/www.plastic-crate.co.uk\/#\/schema\/logo\/image\/","url":"https:\/\/www.plastic-crate.co.uk\/wp-content\/uploads\/2020\/10\/cropped-logo.png","contentUrl":"https:\/\/www.plastic-crate.co.uk\/wp-content\/uploads\/2020\/10\/cropped-logo.png","width":300,"height":66,"caption":"Euro crates Manufacturer"},"image":{"@id":"https:\/\/www.plastic-crate.co.uk\/#\/schema\/logo\/image\/"}}]}},"_links":{"self":[{"href":"https:\/\/www.plastic-crate.co.uk\/fr\/wp-json\/wp\/v2\/product\/6440","targetHints":{"allow":["GET"]}}],"collection":[{"href":"https:\/\/www.plastic-crate.co.uk\/fr\/wp-json\/wp\/v2\/product"}],"about":[{"href":"https:\/\/www.plastic-crate.co.uk\/fr\/wp-json\/wp\/v2\/types\/product"}],"wp:featuredmedia":[{"embeddable":true,"href":"https:\/\/www.plastic-crate.co.uk\/fr\/wp-json\/wp\/v2\/media\/6434"}],"wp:attachment":[{"href":"https:\/\/www.plastic-crate.co.uk\/fr\/wp-json\/wp\/v2\/media?parent=6440"}],"wp:term":[{"taxonomy":"product_brand","embeddable":true,"href":"https:\/\/www.plastic-crate.co.uk\/fr\/wp-json\/wp\/v2\/product_brand?post=6440"},{"taxonomy":"product_cat","embeddable":true,"href":"https:\/\/www.plastic-crate.co.uk\/fr\/wp-json\/wp\/v2\/product_cat?post=6440"},{"taxonomy":"product_tag","embeddable":true,"href":"https:\/\/www.plastic-crate.co.uk\/fr\/wp-json\/wp\/v2\/product_tag?post=6440"}],"curies":[{"name":"wp","href":"https:\/\/api.w.org\/{rel}","templated":true}]}}