{"id":6433,"date":"2025-09-18T23:27:23","date_gmt":"2025-09-18T23:27:23","guid":{"rendered":"https:\/\/www.plastic-crate.co.uk\/product\/durable-esd-airport-bins-for-passenger-screening\/"},"modified":"2025-09-19T00:10:40","modified_gmt":"2025-09-19T00:10:40","slug":"durable-esd-airport-bins-for-passenger-screening","status":"publish","type":"product","link":"https:\/\/www.plastic-crate.co.uk\/fr\/product\/durable-esd-airport-bins-for-passenger-screening\/","title":{"rendered":"Poubelles d&#039;a\u00e9roport ESD durables pour le contr\u00f4le des passagers"},"content":{"rendered":"<p>Nos poubelles a\u00e9roportuaires r\u00e9sistantes aux d\u00e9charges \u00e9lectrostatiques (DES) sont con\u00e7ues pour les environnements de contr\u00f4le \u00e0 forte affluence, o\u00f9 l&#039;efficacit\u00e9 des passagers et la protection des \u00e9quipements sont primordiales. Fabriqu\u00e9es avec une protection contre les d\u00e9charges \u00e9lectrostatiques (DES), ces poubelles emp\u00eachent l&#039;accumulation d&#039;\u00e9lectricit\u00e9 statique et prot\u00e8gent les appareils \u00e9lectroniques sensibles tels que les ordinateurs portables, les tablettes et les appareils mobiles lors des contr\u00f4les de s\u00e9curit\u00e9.<\/p>\n<p>Fabriqu\u00e9es \u00e0 partir de mat\u00e9riaux r\u00e9sistants aux chocs et durables, ces poubelles sont adapt\u00e9es \u00e0 une utilisation continue dans les terminaux a\u00e9roportuaires tr\u00e8s fr\u00e9quent\u00e9s. Leurs surfaces lisses et non poreuses permettent un nettoyage et une d\u00e9sinfection rapides, conform\u00e9ment aux normes d&#039;hygi\u00e8ne les plus strictes. Leurs dimensions uniformes garantissent une compatibilit\u00e9 parfaite avec les voies d&#039;inspection manuelles et les syst\u00e8mes de contr\u00f4le automatis\u00e9s, ce qui en fait un choix fiable pour tout type de point de contr\u00f4le.<\/p>\n<p>Id\u00e9ales pour les a\u00e9roports, les installations gouvernementales et les entreprises de s\u00e9curit\u00e9, ces poubelles antistatiques allient durabilit\u00e9, conformit\u00e9 et conception conviviale pour les passagers. Disponibles en grandes quantit\u00e9s et en gros, elles constituent la solution id\u00e9ale pour des op\u00e9rations de contr\u00f4le simplifi\u00e9es et s\u00e9curis\u00e9es.<\/p>","protected":false},"excerpt":{"rendered":"<p>Poubelles d&#039;a\u00e9roport ESD robustes pour le contr\u00f4le des passagers. Antistatiques, faciles \u00e0 nettoyer et conformes \u00e0 la TSA, disponibles en vrac pour les a\u00e9roports et les contr\u00f4les de s\u00e9curit\u00e9.<\/p>","protected":false},"featured_media":6427,"template":"","meta":{"_acf_changed":false,"site-sidebar-layout":"default","site-content-layout":"default","ast-main-header-display":"","ast-hfb-above-header-display":"","ast-hfb-below-header-display":"","ast-hfb-mobile-header-display":"","site-post-title":"","ast-breadcrumbs-content":"","ast-featured-img":"","footer-sml-layout":"","theme-transparent-header-meta":"","adv-header-id-meta":"","stick-header-meta":"","header-above-stick-meta":"","header-main-stick-meta":"","header-below-stick-meta":""},"product_brand":[],"product_cat":[84],"product_tag":[99],"class_list":{"0":"post-6433","1":"product","2":"type-product","3":"status-publish","4":"has-post-thumbnail","6":"product_cat-plastic-trays","7":"product_tag-airport-bins","9":"first","10":"instock","11":"shipping-taxable","12":"product-type-simple"},"acf":[],"yoast_head":"<!-- This site is optimized with the Yoast SEO plugin v26.9 - https:\/\/yoast.com\/product\/yoast-seo-wordpress\/ -->\n<title>Durable ESD Airport Bins for Passenger Screening - Euro crates Manufacturer<\/title>\n<meta name=\"robots\" content=\"index, follow, max-snippet:-1, max-image-preview:large, max-video-preview:-1\" \/>\n<link rel=\"canonical\" href=\"https:\/\/www.plastic-crate.co.uk\/fr\/product\/durable-esd-airport-bins-for-passenger-screening\/\" \/>\n<meta property=\"og:locale\" content=\"fr_FR\" \/>\n<meta property=\"og:type\" content=\"article\" \/>\n<meta property=\"og:title\" content=\"Durable ESD Airport Bins for Passenger Screening - Euro crates Manufacturer\" \/>\n<meta property=\"og:description\" content=\"Durable ESD airport bins for passenger screening. Anti-static, easy-to-clean, and TSA-compliant\u2014available in bulk for airports and security hubs.\" \/>\n<meta property=\"og:url\" content=\"https:\/\/www.plastic-crate.co.uk\/fr\/product\/durable-esd-airport-bins-for-passenger-screening\/\" \/>\n<meta property=\"og:site_name\" content=\"Euro crates Manufacturer\" \/>\n<meta property=\"article:modified_time\" content=\"2025-09-19T00:10:40+00:00\" \/>\n<meta property=\"og:image\" content=\"https:\/\/www.plastic-crate.co.uk\/wp-content\/uploads\/2025\/09\/durable-esd-airport-bins-for-passenger-screening-1.jpg\" \/>\n\t<meta property=\"og:image:width\" content=\"2000\" \/>\n\t<meta property=\"og:image:height\" content=\"2000\" \/>\n\t<meta property=\"og:image:type\" content=\"image\/jpeg\" \/>\n<meta name=\"twitter:card\" content=\"summary_large_image\" \/>\n<meta name=\"twitter:label1\" content=\"Est. reading time\" \/>\n\t<meta name=\"twitter:data1\" content=\"1 minute\" \/>\n<script type=\"application\/ld+json\" class=\"yoast-schema-graph\">{\"@context\":\"https:\/\/schema.org\",\"@graph\":[{\"@type\":\"WebPage\",\"@id\":\"https:\/\/www.plastic-crate.co.uk\/product\/durable-esd-airport-bins-for-passenger-screening\/\",\"url\":\"https:\/\/www.plastic-crate.co.uk\/product\/durable-esd-airport-bins-for-passenger-screening\/\",\"name\":\"Durable ESD Airport Bins for Passenger Screening - Euro crates Manufacturer\",\"isPartOf\":{\"@id\":\"https:\/\/www.plastic-crate.co.uk\/#website\"},\"primaryImageOfPage\":{\"@id\":\"https:\/\/www.plastic-crate.co.uk\/product\/durable-esd-airport-bins-for-passenger-screening\/#primaryimage\"},\"image\":{\"@id\":\"https:\/\/www.plastic-crate.co.uk\/product\/durable-esd-airport-bins-for-passenger-screening\/#primaryimage\"},\"thumbnailUrl\":\"https:\/\/www.plastic-crate.co.uk\/wp-content\/uploads\/2025\/09\/durable-esd-airport-bins-for-passenger-screening-1.jpg\",\"datePublished\":\"2025-09-18T23:27:23+00:00\",\"dateModified\":\"2025-09-19T00:10:40+00:00\",\"breadcrumb\":{\"@id\":\"https:\/\/www.plastic-crate.co.uk\/product\/durable-esd-airport-bins-for-passenger-screening\/#breadcrumb\"},\"inLanguage\":\"fr-FR\",\"potentialAction\":[{\"@type\":\"ReadAction\",\"target\":[\"https:\/\/www.plastic-crate.co.uk\/product\/durable-esd-airport-bins-for-passenger-screening\/\"]}]},{\"@type\":\"ImageObject\",\"inLanguage\":\"fr-FR\",\"@id\":\"https:\/\/www.plastic-crate.co.uk\/product\/durable-esd-airport-bins-for-passenger-screening\/#primaryimage\",\"url\":\"https:\/\/www.plastic-crate.co.uk\/wp-content\/uploads\/2025\/09\/durable-esd-airport-bins-for-passenger-screening-1.jpg\",\"contentUrl\":\"https:\/\/www.plastic-crate.co.uk\/wp-content\/uploads\/2025\/09\/durable-esd-airport-bins-for-passenger-screening-1.jpg\",\"width\":2000,\"height\":2000,\"caption\":\"ESD Airport Bins\"},{\"@type\":\"BreadcrumbList\",\"@id\":\"https:\/\/www.plastic-crate.co.uk\/product\/durable-esd-airport-bins-for-passenger-screening\/#breadcrumb\",\"itemListElement\":[{\"@type\":\"ListItem\",\"position\":1,\"name\":\"Shop\",\"item\":\"https:\/\/www.plastic-crate.co.uk\/shop\/\"},{\"@type\":\"ListItem\",\"position\":2,\"name\":\"Durable ESD Airport Bins for Passenger Screening\"}]},{\"@type\":\"WebSite\",\"@id\":\"https:\/\/www.plastic-crate.co.uk\/#website\",\"url\":\"https:\/\/www.plastic-crate.co.uk\/\",\"name\":\"Euro crates Manufacturer\",\"description\":\"wholesale Euro containers, plastic euro crates with lids, curo boxes without lids\",\"publisher\":{\"@id\":\"https:\/\/www.plastic-crate.co.uk\/#organization\"},\"potentialAction\":[{\"@type\":\"SearchAction\",\"target\":{\"@type\":\"EntryPoint\",\"urlTemplate\":\"https:\/\/www.plastic-crate.co.uk\/?s={search_term_string}\"},\"query-input\":{\"@type\":\"PropertyValueSpecification\",\"valueRequired\":true,\"valueName\":\"search_term_string\"}}],\"inLanguage\":\"fr-FR\"},{\"@type\":\"Organization\",\"@id\":\"https:\/\/www.plastic-crate.co.uk\/#organization\",\"name\":\"Euro crates Manufacturer\",\"url\":\"https:\/\/www.plastic-crate.co.uk\/\",\"logo\":{\"@type\":\"ImageObject\",\"inLanguage\":\"fr-FR\",\"@id\":\"https:\/\/www.plastic-crate.co.uk\/#\/schema\/logo\/image\/\",\"url\":\"https:\/\/www.plastic-crate.co.uk\/wp-content\/uploads\/2020\/10\/cropped-logo.png\",\"contentUrl\":\"https:\/\/www.plastic-crate.co.uk\/wp-content\/uploads\/2020\/10\/cropped-logo.png\",\"width\":300,\"height\":66,\"caption\":\"Euro crates Manufacturer\"},\"image\":{\"@id\":\"https:\/\/www.plastic-crate.co.uk\/#\/schema\/logo\/image\/\"}}]}<\/script>\n<!-- \/ Yoast SEO plugin. -->","yoast_head_json":{"title":"Poubelles a\u00e9roportuaires ESD durables pour le contr\u00f4le des passagers - Fabricant de caisses Euro","robots":{"index":"index","follow":"follow","max-snippet":"max-snippet:-1","max-image-preview":"max-image-preview:large","max-video-preview":"max-video-preview:-1"},"canonical":"https:\/\/www.plastic-crate.co.uk\/fr\/product\/durable-esd-airport-bins-for-passenger-screening\/","og_locale":"fr_FR","og_type":"article","og_title":"Durable ESD Airport Bins for Passenger Screening - Euro crates Manufacturer","og_description":"Durable ESD airport bins for passenger screening. Anti-static, easy-to-clean, and TSA-compliant\u2014available in bulk for airports and security hubs.","og_url":"https:\/\/www.plastic-crate.co.uk\/fr\/product\/durable-esd-airport-bins-for-passenger-screening\/","og_site_name":"Euro crates Manufacturer","article_modified_time":"2025-09-19T00:10:40+00:00","og_image":[{"width":2000,"height":2000,"url":"https:\/\/www.plastic-crate.co.uk\/wp-content\/uploads\/2025\/09\/durable-esd-airport-bins-for-passenger-screening-1.jpg","type":"image\/jpeg"}],"twitter_card":"summary_large_image","twitter_misc":{"Est. reading time":"1 minute"},"schema":{"@context":"https:\/\/schema.org","@graph":[{"@type":"WebPage","@id":"https:\/\/www.plastic-crate.co.uk\/product\/durable-esd-airport-bins-for-passenger-screening\/","url":"https:\/\/www.plastic-crate.co.uk\/product\/durable-esd-airport-bins-for-passenger-screening\/","name":"Poubelles a\u00e9roportuaires ESD durables pour le contr\u00f4le des passagers - Fabricant de caisses Euro","isPartOf":{"@id":"https:\/\/www.plastic-crate.co.uk\/#website"},"primaryImageOfPage":{"@id":"https:\/\/www.plastic-crate.co.uk\/product\/durable-esd-airport-bins-for-passenger-screening\/#primaryimage"},"image":{"@id":"https:\/\/www.plastic-crate.co.uk\/product\/durable-esd-airport-bins-for-passenger-screening\/#primaryimage"},"thumbnailUrl":"https:\/\/www.plastic-crate.co.uk\/wp-content\/uploads\/2025\/09\/durable-esd-airport-bins-for-passenger-screening-1.jpg","datePublished":"2025-09-18T23:27:23+00:00","dateModified":"2025-09-19T00:10:40+00:00","breadcrumb":{"@id":"https:\/\/www.plastic-crate.co.uk\/product\/durable-esd-airport-bins-for-passenger-screening\/#breadcrumb"},"inLanguage":"fr-FR","potentialAction":[{"@type":"ReadAction","target":["https:\/\/www.plastic-crate.co.uk\/product\/durable-esd-airport-bins-for-passenger-screening\/"]}]},{"@type":"ImageObject","inLanguage":"fr-FR","@id":"https:\/\/www.plastic-crate.co.uk\/product\/durable-esd-airport-bins-for-passenger-screening\/#primaryimage","url":"https:\/\/www.plastic-crate.co.uk\/wp-content\/uploads\/2025\/09\/durable-esd-airport-bins-for-passenger-screening-1.jpg","contentUrl":"https:\/\/www.plastic-crate.co.uk\/wp-content\/uploads\/2025\/09\/durable-esd-airport-bins-for-passenger-screening-1.jpg","width":2000,"height":2000,"caption":"ESD Airport Bins"},{"@type":"BreadcrumbList","@id":"https:\/\/www.plastic-crate.co.uk\/product\/durable-esd-airport-bins-for-passenger-screening\/#breadcrumb","itemListElement":[{"@type":"ListItem","position":1,"name":"Shop","item":"https:\/\/www.plastic-crate.co.uk\/shop\/"},{"@type":"ListItem","position":2,"name":"Durable ESD Airport Bins for Passenger Screening"}]},{"@type":"WebSite","@id":"https:\/\/www.plastic-crate.co.uk\/#website","url":"https:\/\/www.plastic-crate.co.uk\/","name":"Fabricant de caisses Euro","description":"Conteneurs Euro en gros, caisses Euro en plastique avec couvercles, bo\u00eetes Curo sans couvercles","publisher":{"@id":"https:\/\/www.plastic-crate.co.uk\/#organization"},"potentialAction":[{"@type":"SearchAction","target":{"@type":"EntryPoint","urlTemplate":"https:\/\/www.plastic-crate.co.uk\/?s={search_term_string}"},"query-input":{"@type":"PropertyValueSpecification","valueRequired":true,"valueName":"search_term_string"}}],"inLanguage":"fr-FR"},{"@type":"Organization","@id":"https:\/\/www.plastic-crate.co.uk\/#organization","name":"Fabricant de caisses Euro","url":"https:\/\/www.plastic-crate.co.uk\/","logo":{"@type":"ImageObject","inLanguage":"fr-FR","@id":"https:\/\/www.plastic-crate.co.uk\/#\/schema\/logo\/image\/","url":"https:\/\/www.plastic-crate.co.uk\/wp-content\/uploads\/2020\/10\/cropped-logo.png","contentUrl":"https:\/\/www.plastic-crate.co.uk\/wp-content\/uploads\/2020\/10\/cropped-logo.png","width":300,"height":66,"caption":"Euro crates Manufacturer"},"image":{"@id":"https:\/\/www.plastic-crate.co.uk\/#\/schema\/logo\/image\/"}}]}},"_links":{"self":[{"href":"https:\/\/www.plastic-crate.co.uk\/fr\/wp-json\/wp\/v2\/product\/6433","targetHints":{"allow":["GET"]}}],"collection":[{"href":"https:\/\/www.plastic-crate.co.uk\/fr\/wp-json\/wp\/v2\/product"}],"about":[{"href":"https:\/\/www.plastic-crate.co.uk\/fr\/wp-json\/wp\/v2\/types\/product"}],"wp:featuredmedia":[{"embeddable":true,"href":"https:\/\/www.plastic-crate.co.uk\/fr\/wp-json\/wp\/v2\/media\/6427"}],"wp:attachment":[{"href":"https:\/\/www.plastic-crate.co.uk\/fr\/wp-json\/wp\/v2\/media?parent=6433"}],"wp:term":[{"taxonomy":"product_brand","embeddable":true,"href":"https:\/\/www.plastic-crate.co.uk\/fr\/wp-json\/wp\/v2\/product_brand?post=6433"},{"taxonomy":"product_cat","embeddable":true,"href":"https:\/\/www.plastic-crate.co.uk\/fr\/wp-json\/wp\/v2\/product_cat?post=6433"},{"taxonomy":"product_tag","embeddable":true,"href":"https:\/\/www.plastic-crate.co.uk\/fr\/wp-json\/wp\/v2\/product_tag?post=6433"}],"curies":[{"name":"wp","href":"https:\/\/api.w.org\/{rel}","templated":true}]}}