{"id":6424,"date":"2025-09-15T14:14:44","date_gmt":"2025-09-15T14:14:44","guid":{"rendered":"https:\/\/www.plastic-crate.co.uk\/product\/insect-rearing-container\/"},"modified":"2025-09-15T14:30:58","modified_gmt":"2025-09-15T14:30:58","slug":"insect-rearing-container","status":"publish","type":"product","link":"https:\/\/www.plastic-crate.co.uk\/fr\/product\/insect-rearing-container\/","title":{"rendered":"Conteneur d&#039;\u00e9levage d&#039;insectes"},"content":{"rendered":"<p>Optimisez vos op\u00e9rations d&#039;\u00e9levage d&#039;insectes gr\u00e2ce \u00e0 nos conteneurs d&#039;\u00e9levage d&#039;insectes haut de gamme, sp\u00e9cialement con\u00e7us pour une utilisation en vrac dans le commerce de gros B2B. Fabriqu\u00e9s \u00e0 partir de mat\u00e9riaux durables et de haute qualit\u00e9, ces conteneurs robustes offrent une solution durable pour la lutte antiparasitaire, la bio-ing\u00e9nierie et l&#039;\u00e9ducation.<\/p>\n<div style=\"width: 1280px;\" class=\"wp-video\"><video class=\"wp-video-shortcode\" id=\"video-6424-1\" width=\"1280\" height=\"720\" preload=\"metadata\" controls=\"controls\"><source type=\"video\/mp4\" src=\"https:\/\/www.plastic-crate.co.uk\/wp-content\/uploads\/2025\/09\/insect-rearing-container.mp4?_=1\" \/><a href=\"https:\/\/www.plastic-crate.co.uk\/wp-content\/uploads\/2025\/09\/insect-rearing-container.mp4\">https:\/\/www.plastic-crate.co.uk\/wp-content\/uploads\/2025\/09\/insect-rearing-container.mp4<\/a><\/video><\/div>\n<p><strong>Taille et capacit\u00e9 :<\/strong> Chaque conteneur mesure 1000 mm x 1000 mm x 350 mm, offrant suffisamment d&#039;espace pour diverses esp\u00e8ces et une grande capacit\u00e9 de volume pour optimiser vos besoins d&#039;\u00e9levage.<\/p>\n<p><strong>Conception ergonomique<\/strong>:Le conteneur est dot\u00e9 d&#039;un pi\u00e9destal central pour une manipulation et une gestion du flux d&#039;air faciles, facilitant des conditions de vie optimales pour les insectes tout en garantissant une convivialit\u00e9 maximale.<\/p>\n<p><strong>Construction durable<\/strong>:Fabriqu\u00e9s \u00e0 partir de plastique robuste et non toxique, nos conteneurs sont con\u00e7us pour r\u00e9sister \u00e0 une utilisation rigoureuse dans des environnements commerciaux, offrant long\u00e9vit\u00e9 et fiabilit\u00e9.<\/p>\n<p><strong>Entretien facile<\/strong>:La surface lisse des conteneurs permet un nettoyage et une d\u00e9sinfection faciles, garantissant que votre environnement d&#039;\u00e9levage reste hygi\u00e9nique et s\u00fbr pour la croissance des insectes.<\/p>\n<p><strong>Application polyvalente<\/strong>:Id\u00e9aux pour une vari\u00e9t\u00e9 d&#039;industries, y compris la recherche entomologique, l&#039;agriculture durable et les \u00e9tablissements d&#039;enseignement, nos conteneurs s&#039;adressent \u00e0 diverses esp\u00e8ces d&#039;insectes et m\u00e9thodes d&#039;\u00e9levage.<\/p>","protected":false},"excerpt":{"rendered":"<p>Optimisez vos op\u00e9rations d&#039;\u00e9levage d&#039;insectes gr\u00e2ce \u00e0 nos conteneurs d&#039;\u00e9levage d&#039;insectes haut de gamme, sp\u00e9cialement con\u00e7us pour une utilisation en vrac dans le commerce de gros B2B. Fabriqu\u00e9s \u00e0 partir de mat\u00e9riaux durables et de haute qualit\u00e9, ces conteneurs robustes offrent une solution durable pour la lutte antiparasitaire, la bio-ing\u00e9nierie et l&#039;\u00e9ducation. Dimensions et capacit\u00e9\u00a0: Chaque conteneur mesure 1\u00a0000\u00a0mm x 1\u00a0000\u00a0mm x 350\u00a0mm, offrant un espace g\u00e9n\u00e9reux pour diverses esp\u00e8ces\u2026<\/p>\n<p class=\"read-more\"> <a class=\"\" href=\"https:\/\/www.plastic-crate.co.uk\/fr\/product\/insect-rearing-container\/\"> <span class=\"screen-reader-text\">Conteneur d&#039;\u00e9levage d&#039;insectes<\/span> En savoir plus &quot;<\/a><\/p>","protected":false},"featured_media":6419,"template":"","meta":{"_acf_changed":false,"site-sidebar-layout":"default","site-content-layout":"default","ast-main-header-display":"","ast-hfb-above-header-display":"","ast-hfb-below-header-display":"","ast-hfb-mobile-header-display":"","site-post-title":"","ast-breadcrumbs-content":"","ast-featured-img":"","footer-sml-layout":"","theme-transparent-header-meta":"","adv-header-id-meta":"","stick-header-meta":"","header-above-stick-meta":"","header-main-stick-meta":"","header-below-stick-meta":""},"product_brand":[],"product_cat":[84],"product_tag":[96],"class_list":{"0":"post-6424","1":"product","2":"type-product","3":"status-publish","4":"has-post-thumbnail","6":"product_cat-plastic-trays","7":"product_tag-insect-breeding-box","9":"first","10":"instock","11":"shipping-taxable","12":"product-type-simple"},"acf":[],"yoast_head":"<!-- This site is optimized with the Yoast SEO plugin v26.9 - https:\/\/yoast.com\/product\/yoast-seo-wordpress\/ -->\n<title>Insect rearing container - Euro crates Manufacturer<\/title>\n<meta name=\"robots\" content=\"index, follow, max-snippet:-1, max-image-preview:large, max-video-preview:-1\" \/>\n<link rel=\"canonical\" href=\"https:\/\/www.plastic-crate.co.uk\/fr\/product\/insect-rearing-container\/\" \/>\n<meta property=\"og:locale\" content=\"fr_FR\" \/>\n<meta property=\"og:type\" content=\"article\" \/>\n<meta property=\"og:title\" content=\"Insect rearing container - Euro crates Manufacturer\" \/>\n<meta property=\"og:description\" content=\"Enhance your insect rearing operations with our premium Insect Rearing Containers, designed specifically for bulk use in B2B wholesale. Crafted from high-quality, durable materials, these robust containers provide a sustainable solution for pest management, bioengineering, and educational purposes. Size &amp; Capacity: Each container measures 1000mm x 1000mm x 350mm, offering ample space for various species &hellip; Insect rearing container Read More &raquo;\" \/>\n<meta property=\"og:url\" content=\"https:\/\/www.plastic-crate.co.uk\/fr\/product\/insect-rearing-container\/\" \/>\n<meta property=\"og:site_name\" content=\"Euro crates Manufacturer\" \/>\n<meta property=\"article:modified_time\" content=\"2025-09-15T14:30:58+00:00\" \/>\n<meta property=\"og:image\" content=\"https:\/\/www.plastic-crate.co.uk\/wp-content\/uploads\/2025\/09\/insect-rearing-container-1.jpg\" \/>\n\t<meta property=\"og:image:width\" content=\"2000\" \/>\n\t<meta property=\"og:image:height\" content=\"2000\" \/>\n\t<meta property=\"og:image:type\" content=\"image\/jpeg\" \/>\n<meta name=\"twitter:card\" content=\"summary_large_image\" \/>\n<meta name=\"twitter:label1\" content=\"Est. reading time\" \/>\n\t<meta name=\"twitter:data1\" content=\"1 minute\" \/>\n<script type=\"application\/ld+json\" class=\"yoast-schema-graph\">{\"@context\":\"https:\/\/schema.org\",\"@graph\":[{\"@type\":\"WebPage\",\"@id\":\"https:\/\/www.plastic-crate.co.uk\/product\/insect-rearing-container\/\",\"url\":\"https:\/\/www.plastic-crate.co.uk\/product\/insect-rearing-container\/\",\"name\":\"Insect rearing container - Euro crates Manufacturer\",\"isPartOf\":{\"@id\":\"https:\/\/www.plastic-crate.co.uk\/#website\"},\"primaryImageOfPage\":{\"@id\":\"https:\/\/www.plastic-crate.co.uk\/product\/insect-rearing-container\/#primaryimage\"},\"image\":{\"@id\":\"https:\/\/www.plastic-crate.co.uk\/product\/insect-rearing-container\/#primaryimage\"},\"thumbnailUrl\":\"https:\/\/www.plastic-crate.co.uk\/wp-content\/uploads\/2025\/09\/insect-rearing-container-1.jpg\",\"datePublished\":\"2025-09-15T14:14:44+00:00\",\"dateModified\":\"2025-09-15T14:30:58+00:00\",\"breadcrumb\":{\"@id\":\"https:\/\/www.plastic-crate.co.uk\/product\/insect-rearing-container\/#breadcrumb\"},\"inLanguage\":\"fr-FR\",\"potentialAction\":[{\"@type\":\"ReadAction\",\"target\":[\"https:\/\/www.plastic-crate.co.uk\/product\/insect-rearing-container\/\"]}]},{\"@type\":\"ImageObject\",\"inLanguage\":\"fr-FR\",\"@id\":\"https:\/\/www.plastic-crate.co.uk\/product\/insect-rearing-container\/#primaryimage\",\"url\":\"https:\/\/www.plastic-crate.co.uk\/wp-content\/uploads\/2025\/09\/insect-rearing-container-1.jpg\",\"contentUrl\":\"https:\/\/www.plastic-crate.co.uk\/wp-content\/uploads\/2025\/09\/insect-rearing-container-1.jpg\",\"width\":2000,\"height\":2000,\"caption\":\"Insect rearing container\"},{\"@type\":\"BreadcrumbList\",\"@id\":\"https:\/\/www.plastic-crate.co.uk\/product\/insect-rearing-container\/#breadcrumb\",\"itemListElement\":[{\"@type\":\"ListItem\",\"position\":1,\"name\":\"Shop\",\"item\":\"https:\/\/www.plastic-crate.co.uk\/shop\/\"},{\"@type\":\"ListItem\",\"position\":2,\"name\":\"Insect rearing container\"}]},{\"@type\":\"WebSite\",\"@id\":\"https:\/\/www.plastic-crate.co.uk\/#website\",\"url\":\"https:\/\/www.plastic-crate.co.uk\/\",\"name\":\"Euro crates Manufacturer\",\"description\":\"wholesale Euro containers, plastic euro crates with lids, curo boxes without lids\",\"publisher\":{\"@id\":\"https:\/\/www.plastic-crate.co.uk\/#organization\"},\"potentialAction\":[{\"@type\":\"SearchAction\",\"target\":{\"@type\":\"EntryPoint\",\"urlTemplate\":\"https:\/\/www.plastic-crate.co.uk\/?s={search_term_string}\"},\"query-input\":{\"@type\":\"PropertyValueSpecification\",\"valueRequired\":true,\"valueName\":\"search_term_string\"}}],\"inLanguage\":\"fr-FR\"},{\"@type\":\"Organization\",\"@id\":\"https:\/\/www.plastic-crate.co.uk\/#organization\",\"name\":\"Euro crates Manufacturer\",\"url\":\"https:\/\/www.plastic-crate.co.uk\/\",\"logo\":{\"@type\":\"ImageObject\",\"inLanguage\":\"fr-FR\",\"@id\":\"https:\/\/www.plastic-crate.co.uk\/#\/schema\/logo\/image\/\",\"url\":\"https:\/\/www.plastic-crate.co.uk\/wp-content\/uploads\/2020\/10\/cropped-logo.png\",\"contentUrl\":\"https:\/\/www.plastic-crate.co.uk\/wp-content\/uploads\/2020\/10\/cropped-logo.png\",\"width\":300,\"height\":66,\"caption\":\"Euro crates Manufacturer\"},\"image\":{\"@id\":\"https:\/\/www.plastic-crate.co.uk\/#\/schema\/logo\/image\/\"}}]}<\/script>\n<!-- \/ Yoast SEO plugin. -->","yoast_head_json":{"title":"Conteneur d&#039;\u00e9levage d&#039;insectes - Fabricant de caisses Euro","robots":{"index":"index","follow":"follow","max-snippet":"max-snippet:-1","max-image-preview":"max-image-preview:large","max-video-preview":"max-video-preview:-1"},"canonical":"https:\/\/www.plastic-crate.co.uk\/fr\/product\/insect-rearing-container\/","og_locale":"fr_FR","og_type":"article","og_title":"Insect rearing container - Euro crates Manufacturer","og_description":"Enhance your insect rearing operations with our premium Insect Rearing Containers, designed specifically for bulk use in B2B wholesale. Crafted from high-quality, durable materials, these robust containers provide a sustainable solution for pest management, bioengineering, and educational purposes. Size &amp; Capacity: Each container measures 1000mm x 1000mm x 350mm, offering ample space for various species &hellip; Insect rearing container Read More &raquo;","og_url":"https:\/\/www.plastic-crate.co.uk\/fr\/product\/insect-rearing-container\/","og_site_name":"Euro crates Manufacturer","article_modified_time":"2025-09-15T14:30:58+00:00","og_image":[{"width":2000,"height":2000,"url":"https:\/\/www.plastic-crate.co.uk\/wp-content\/uploads\/2025\/09\/insect-rearing-container-1.jpg","type":"image\/jpeg"}],"twitter_card":"summary_large_image","twitter_misc":{"Est. reading time":"1 minute"},"schema":{"@context":"https:\/\/schema.org","@graph":[{"@type":"WebPage","@id":"https:\/\/www.plastic-crate.co.uk\/product\/insect-rearing-container\/","url":"https:\/\/www.plastic-crate.co.uk\/product\/insect-rearing-container\/","name":"Conteneur d&#039;\u00e9levage d&#039;insectes - Fabricant de caisses Euro","isPartOf":{"@id":"https:\/\/www.plastic-crate.co.uk\/#website"},"primaryImageOfPage":{"@id":"https:\/\/www.plastic-crate.co.uk\/product\/insect-rearing-container\/#primaryimage"},"image":{"@id":"https:\/\/www.plastic-crate.co.uk\/product\/insect-rearing-container\/#primaryimage"},"thumbnailUrl":"https:\/\/www.plastic-crate.co.uk\/wp-content\/uploads\/2025\/09\/insect-rearing-container-1.jpg","datePublished":"2025-09-15T14:14:44+00:00","dateModified":"2025-09-15T14:30:58+00:00","breadcrumb":{"@id":"https:\/\/www.plastic-crate.co.uk\/product\/insect-rearing-container\/#breadcrumb"},"inLanguage":"fr-FR","potentialAction":[{"@type":"ReadAction","target":["https:\/\/www.plastic-crate.co.uk\/product\/insect-rearing-container\/"]}]},{"@type":"ImageObject","inLanguage":"fr-FR","@id":"https:\/\/www.plastic-crate.co.uk\/product\/insect-rearing-container\/#primaryimage","url":"https:\/\/www.plastic-crate.co.uk\/wp-content\/uploads\/2025\/09\/insect-rearing-container-1.jpg","contentUrl":"https:\/\/www.plastic-crate.co.uk\/wp-content\/uploads\/2025\/09\/insect-rearing-container-1.jpg","width":2000,"height":2000,"caption":"Insect rearing container"},{"@type":"BreadcrumbList","@id":"https:\/\/www.plastic-crate.co.uk\/product\/insect-rearing-container\/#breadcrumb","itemListElement":[{"@type":"ListItem","position":1,"name":"Shop","item":"https:\/\/www.plastic-crate.co.uk\/shop\/"},{"@type":"ListItem","position":2,"name":"Insect rearing container"}]},{"@type":"WebSite","@id":"https:\/\/www.plastic-crate.co.uk\/#website","url":"https:\/\/www.plastic-crate.co.uk\/","name":"Fabricant de caisses Euro","description":"Conteneurs Euro en gros, caisses Euro en plastique avec couvercles, bo\u00eetes Curo sans couvercles","publisher":{"@id":"https:\/\/www.plastic-crate.co.uk\/#organization"},"potentialAction":[{"@type":"SearchAction","target":{"@type":"EntryPoint","urlTemplate":"https:\/\/www.plastic-crate.co.uk\/?s={search_term_string}"},"query-input":{"@type":"PropertyValueSpecification","valueRequired":true,"valueName":"search_term_string"}}],"inLanguage":"fr-FR"},{"@type":"Organization","@id":"https:\/\/www.plastic-crate.co.uk\/#organization","name":"Fabricant de caisses Euro","url":"https:\/\/www.plastic-crate.co.uk\/","logo":{"@type":"ImageObject","inLanguage":"fr-FR","@id":"https:\/\/www.plastic-crate.co.uk\/#\/schema\/logo\/image\/","url":"https:\/\/www.plastic-crate.co.uk\/wp-content\/uploads\/2020\/10\/cropped-logo.png","contentUrl":"https:\/\/www.plastic-crate.co.uk\/wp-content\/uploads\/2020\/10\/cropped-logo.png","width":300,"height":66,"caption":"Euro crates Manufacturer"},"image":{"@id":"https:\/\/www.plastic-crate.co.uk\/#\/schema\/logo\/image\/"}}]}},"_links":{"self":[{"href":"https:\/\/www.plastic-crate.co.uk\/fr\/wp-json\/wp\/v2\/product\/6424","targetHints":{"allow":["GET"]}}],"collection":[{"href":"https:\/\/www.plastic-crate.co.uk\/fr\/wp-json\/wp\/v2\/product"}],"about":[{"href":"https:\/\/www.plastic-crate.co.uk\/fr\/wp-json\/wp\/v2\/types\/product"}],"wp:featuredmedia":[{"embeddable":true,"href":"https:\/\/www.plastic-crate.co.uk\/fr\/wp-json\/wp\/v2\/media\/6419"}],"wp:attachment":[{"href":"https:\/\/www.plastic-crate.co.uk\/fr\/wp-json\/wp\/v2\/media?parent=6424"}],"wp:term":[{"taxonomy":"product_brand","embeddable":true,"href":"https:\/\/www.plastic-crate.co.uk\/fr\/wp-json\/wp\/v2\/product_brand?post=6424"},{"taxonomy":"product_cat","embeddable":true,"href":"https:\/\/www.plastic-crate.co.uk\/fr\/wp-json\/wp\/v2\/product_cat?post=6424"},{"taxonomy":"product_tag","embeddable":true,"href":"https:\/\/www.plastic-crate.co.uk\/fr\/wp-json\/wp\/v2\/product_tag?post=6424"}],"curies":[{"name":"wp","href":"https:\/\/api.w.org\/{rel}","templated":true}]}}