{"id":6411,"date":"2025-09-15T13:56:21","date_gmt":"2025-09-15T13:56:21","guid":{"rendered":"https:\/\/www.plastic-crate.co.uk\/product\/plastic-insect-containers\/"},"modified":"2025-09-15T14:10:39","modified_gmt":"2025-09-15T14:10:39","slug":"plastic-insect-containers","status":"publish","type":"product","link":"https:\/\/www.plastic-crate.co.uk\/fr\/product\/plastic-insect-containers\/","title":{"rendered":"contenants \u00e0 insectes en plastique"},"content":{"rendered":"<p>Optimisez votre efficacit\u00e9 op\u00e9rationnelle gr\u00e2ce \u00e0 nos conteneurs \u00e0 insectes en plastique de haute qualit\u00e9, soigneusement con\u00e7us pour r\u00e9pondre aux exigences du march\u00e9 de gros B2B. Ces conteneurs sont la solution id\u00e9ale pour les entreprises de transport et de stockage d&#039;insectes, offrant durabilit\u00e9 et praticit\u00e9.<\/p>\n<div style=\"width: 1920px;\" class=\"wp-video\"><video class=\"wp-video-shortcode\" id=\"video-6411-1\" width=\"1920\" height=\"1080\" preload=\"metadata\" controls=\"controls\"><source type=\"video\/mp4\" src=\"https:\/\/www.plastic-crate.co.uk\/wp-content\/uploads\/2025\/09\/plastic-insect-containers-1100x1100x350mm.mp4?_=1\" \/><a href=\"https:\/\/www.plastic-crate.co.uk\/wp-content\/uploads\/2025\/09\/plastic-insect-containers-1100x1100x350mm.mp4\">https:\/\/www.plastic-crate.co.uk\/wp-content\/uploads\/2025\/09\/plastic-insect-containers-1100x1100x350mm.mp4<\/a><\/video><\/div>\n<p><strong>Applications<\/strong>Id\u00e9als pour l&#039;\u00e9levage d&#039;insectes, les fournisseurs d&#039;animaux de compagnie et les laboratoires, ces conteneurs r\u00e9pondent aux exigences rigoureuses des entreprises sp\u00e9cialis\u00e9es dans l&#039;entomologie, la biotechnologie et l&#039;agriculture. Ils peuvent \u00e9galement \u00eatre utilis\u00e9s pour d&#039;autres applications n\u00e9cessitant des solutions de stockage s\u00e9curis\u00e9es et respirantes.<\/p>\n<p><strong>Avantages des achats en gros<\/strong>:En choisissant nos contenants \u00e0 insectes en plastique dans le cadre de votre approvisionnement en gros, vous b\u00e9n\u00e9ficiez de :<\/p>\n<p><strong>Prix comp\u00e9titifs<\/strong>:B\u00e9n\u00e9ficiez de co\u00fbts r\u00e9duits pour les commandes group\u00e9es, am\u00e9liorant ainsi vos marges b\u00e9n\u00e9ficiaires.<\/p>\n<p><strong>Cha\u00eene d&#039;approvisionnement fiable<\/strong>:Nos processus de fabrication efficaces garantissent une livraison rapide, assurant ainsi le bon d\u00e9roulement de vos op\u00e9rations.<\/p>\n<p><strong>Options de personnalisation de marque<\/strong>:Rehaussez l\u2019identit\u00e9 de votre entreprise avec des solutions de marque personnalis\u00e9es disponibles sur demande.<\/p>\n<p>Optimisez vos op\u00e9rations de stockage et de transport d&#039;insectes avec notre <strong>Conteneurs \u00e0 insectes en plastique de qualit\u00e9 sup\u00e9rieure<\/strong>Con\u00e7us pour durer et optimiser l&#039;efficacit\u00e9, ces conteneurs constituent un investissement judicieux pour tout grossiste B2B souhaitant am\u00e9liorer ses capacit\u00e9s de manutention. Contactez-nous d\u00e8s aujourd&#039;hui pour passer votre commande group\u00e9e et constater la diff\u00e9rence en termes de qualit\u00e9 et de performance\u00a0!<\/p>","protected":false},"excerpt":{"rendered":"<p>Optimisez votre efficacit\u00e9 op\u00e9rationnelle gr\u00e2ce \u00e0 nos conteneurs \u00e0 insectes en plastique de haute qualit\u00e9, soigneusement con\u00e7us pour r\u00e9pondre aux exigences du march\u00e9 de gros B2B. Ces conteneurs sont la solution id\u00e9ale pour les entreprises de transport et de stockage d&#039;insectes, offrant durabilit\u00e9 et praticit\u00e9. Applications\u00a0: Id\u00e9als pour l&#039;\u00e9levage d&#039;insectes, les fournisseurs d&#039;animaux de compagnie et les laboratoires, ces conteneurs r\u00e9pondent aux exigences rigoureuses\u2026<\/p>\n<p class=\"read-more\"> <a class=\"\" href=\"https:\/\/www.plastic-crate.co.uk\/fr\/product\/plastic-insect-containers\/\"> <span class=\"screen-reader-text\">contenants \u00e0 insectes en plastique<\/span> En savoir plus &quot;<\/a><\/p>","protected":false},"featured_media":6405,"template":"","meta":{"_acf_changed":false,"site-sidebar-layout":"default","site-content-layout":"default","ast-main-header-display":"","ast-hfb-above-header-display":"","ast-hfb-below-header-display":"","ast-hfb-mobile-header-display":"","site-post-title":"","ast-breadcrumbs-content":"","ast-featured-img":"","footer-sml-layout":"","theme-transparent-header-meta":"","adv-header-id-meta":"","stick-header-meta":"","header-above-stick-meta":"","header-main-stick-meta":"","header-below-stick-meta":""},"product_brand":[],"product_cat":[84],"product_tag":[96],"class_list":{"0":"post-6411","1":"product","2":"type-product","3":"status-publish","4":"has-post-thumbnail","6":"product_cat-plastic-trays","7":"product_tag-insect-breeding-box","9":"first","10":"instock","11":"shipping-taxable","12":"product-type-simple"},"acf":[],"yoast_head":"<!-- This site is optimized with the Yoast SEO plugin v26.9 - https:\/\/yoast.com\/product\/yoast-seo-wordpress\/ -->\n<title>plastic insect containers - Euro crates Manufacturer<\/title>\n<meta name=\"robots\" content=\"index, follow, max-snippet:-1, max-image-preview:large, max-video-preview:-1\" \/>\n<link rel=\"canonical\" href=\"https:\/\/www.plastic-crate.co.uk\/fr\/product\/plastic-insect-containers\/\" \/>\n<meta property=\"og:locale\" content=\"fr_FR\" \/>\n<meta property=\"og:type\" content=\"article\" \/>\n<meta property=\"og:title\" content=\"plastic insect containers - Euro crates Manufacturer\" \/>\n<meta property=\"og:description\" content=\"Boost your operational efficiency with our high-quality Plastic Insect Containers, meticulously designed for the demands of the B2B wholesale market. These containers are the perfect solution for businesses involved in the transportation and storage of insects, providing durability and convenience. Applications: Ideal for insect farming, pet suppliers, and laboratories, these containers meet the rigorous needs &hellip; plastic insect containers Read More &raquo;\" \/>\n<meta property=\"og:url\" content=\"https:\/\/www.plastic-crate.co.uk\/fr\/product\/plastic-insect-containers\/\" \/>\n<meta property=\"og:site_name\" content=\"Euro crates Manufacturer\" \/>\n<meta property=\"article:modified_time\" content=\"2025-09-15T14:10:39+00:00\" \/>\n<meta property=\"og:image\" content=\"https:\/\/www.plastic-crate.co.uk\/wp-content\/uploads\/2025\/09\/plastic-insect-containers-1.jpg\" \/>\n\t<meta property=\"og:image:width\" content=\"2000\" \/>\n\t<meta property=\"og:image:height\" content=\"2000\" \/>\n\t<meta property=\"og:image:type\" content=\"image\/jpeg\" \/>\n<meta name=\"twitter:card\" content=\"summary_large_image\" \/>\n<meta name=\"twitter:label1\" content=\"Est. reading time\" \/>\n\t<meta name=\"twitter:data1\" content=\"2 minutes\" \/>\n<script type=\"application\/ld+json\" class=\"yoast-schema-graph\">{\"@context\":\"https:\/\/schema.org\",\"@graph\":[{\"@type\":\"WebPage\",\"@id\":\"https:\/\/www.plastic-crate.co.uk\/product\/plastic-insect-containers\/\",\"url\":\"https:\/\/www.plastic-crate.co.uk\/product\/plastic-insect-containers\/\",\"name\":\"plastic insect containers - Euro crates Manufacturer\",\"isPartOf\":{\"@id\":\"https:\/\/www.plastic-crate.co.uk\/#website\"},\"primaryImageOfPage\":{\"@id\":\"https:\/\/www.plastic-crate.co.uk\/product\/plastic-insect-containers\/#primaryimage\"},\"image\":{\"@id\":\"https:\/\/www.plastic-crate.co.uk\/product\/plastic-insect-containers\/#primaryimage\"},\"thumbnailUrl\":\"https:\/\/www.plastic-crate.co.uk\/wp-content\/uploads\/2025\/09\/plastic-insect-containers-1.jpg\",\"datePublished\":\"2025-09-15T13:56:21+00:00\",\"dateModified\":\"2025-09-15T14:10:39+00:00\",\"breadcrumb\":{\"@id\":\"https:\/\/www.plastic-crate.co.uk\/product\/plastic-insect-containers\/#breadcrumb\"},\"inLanguage\":\"fr-FR\",\"potentialAction\":[{\"@type\":\"ReadAction\",\"target\":[\"https:\/\/www.plastic-crate.co.uk\/product\/plastic-insect-containers\/\"]}]},{\"@type\":\"ImageObject\",\"inLanguage\":\"fr-FR\",\"@id\":\"https:\/\/www.plastic-crate.co.uk\/product\/plastic-insect-containers\/#primaryimage\",\"url\":\"https:\/\/www.plastic-crate.co.uk\/wp-content\/uploads\/2025\/09\/plastic-insect-containers-1.jpg\",\"contentUrl\":\"https:\/\/www.plastic-crate.co.uk\/wp-content\/uploads\/2025\/09\/plastic-insect-containers-1.jpg\",\"width\":2000,\"height\":2000,\"caption\":\"plastic insect containers\"},{\"@type\":\"BreadcrumbList\",\"@id\":\"https:\/\/www.plastic-crate.co.uk\/product\/plastic-insect-containers\/#breadcrumb\",\"itemListElement\":[{\"@type\":\"ListItem\",\"position\":1,\"name\":\"Shop\",\"item\":\"https:\/\/www.plastic-crate.co.uk\/shop\/\"},{\"@type\":\"ListItem\",\"position\":2,\"name\":\"plastic insect containers\"}]},{\"@type\":\"WebSite\",\"@id\":\"https:\/\/www.plastic-crate.co.uk\/#website\",\"url\":\"https:\/\/www.plastic-crate.co.uk\/\",\"name\":\"Euro crates Manufacturer\",\"description\":\"wholesale Euro containers, plastic euro crates with lids, curo boxes without lids\",\"publisher\":{\"@id\":\"https:\/\/www.plastic-crate.co.uk\/#organization\"},\"potentialAction\":[{\"@type\":\"SearchAction\",\"target\":{\"@type\":\"EntryPoint\",\"urlTemplate\":\"https:\/\/www.plastic-crate.co.uk\/?s={search_term_string}\"},\"query-input\":{\"@type\":\"PropertyValueSpecification\",\"valueRequired\":true,\"valueName\":\"search_term_string\"}}],\"inLanguage\":\"fr-FR\"},{\"@type\":\"Organization\",\"@id\":\"https:\/\/www.plastic-crate.co.uk\/#organization\",\"name\":\"Euro crates Manufacturer\",\"url\":\"https:\/\/www.plastic-crate.co.uk\/\",\"logo\":{\"@type\":\"ImageObject\",\"inLanguage\":\"fr-FR\",\"@id\":\"https:\/\/www.plastic-crate.co.uk\/#\/schema\/logo\/image\/\",\"url\":\"https:\/\/www.plastic-crate.co.uk\/wp-content\/uploads\/2020\/10\/cropped-logo.png\",\"contentUrl\":\"https:\/\/www.plastic-crate.co.uk\/wp-content\/uploads\/2020\/10\/cropped-logo.png\",\"width\":300,\"height\":66,\"caption\":\"Euro crates Manufacturer\"},\"image\":{\"@id\":\"https:\/\/www.plastic-crate.co.uk\/#\/schema\/logo\/image\/\"}}]}<\/script>\n<!-- \/ Yoast SEO plugin. -->","yoast_head_json":{"title":"Conteneurs \u00e0 insectes en plastique - Fabricant de caisses Euro","robots":{"index":"index","follow":"follow","max-snippet":"max-snippet:-1","max-image-preview":"max-image-preview:large","max-video-preview":"max-video-preview:-1"},"canonical":"https:\/\/www.plastic-crate.co.uk\/fr\/product\/plastic-insect-containers\/","og_locale":"fr_FR","og_type":"article","og_title":"plastic insect containers - Euro crates Manufacturer","og_description":"Boost your operational efficiency with our high-quality Plastic Insect Containers, meticulously designed for the demands of the B2B wholesale market. These containers are the perfect solution for businesses involved in the transportation and storage of insects, providing durability and convenience. Applications: Ideal for insect farming, pet suppliers, and laboratories, these containers meet the rigorous needs &hellip; plastic insect containers Read More &raquo;","og_url":"https:\/\/www.plastic-crate.co.uk\/fr\/product\/plastic-insect-containers\/","og_site_name":"Euro crates Manufacturer","article_modified_time":"2025-09-15T14:10:39+00:00","og_image":[{"width":2000,"height":2000,"url":"https:\/\/www.plastic-crate.co.uk\/wp-content\/uploads\/2025\/09\/plastic-insect-containers-1.jpg","type":"image\/jpeg"}],"twitter_card":"summary_large_image","twitter_misc":{"Est. reading time":"2 minutes"},"schema":{"@context":"https:\/\/schema.org","@graph":[{"@type":"WebPage","@id":"https:\/\/www.plastic-crate.co.uk\/product\/plastic-insect-containers\/","url":"https:\/\/www.plastic-crate.co.uk\/product\/plastic-insect-containers\/","name":"Conteneurs \u00e0 insectes en plastique - Fabricant de caisses Euro","isPartOf":{"@id":"https:\/\/www.plastic-crate.co.uk\/#website"},"primaryImageOfPage":{"@id":"https:\/\/www.plastic-crate.co.uk\/product\/plastic-insect-containers\/#primaryimage"},"image":{"@id":"https:\/\/www.plastic-crate.co.uk\/product\/plastic-insect-containers\/#primaryimage"},"thumbnailUrl":"https:\/\/www.plastic-crate.co.uk\/wp-content\/uploads\/2025\/09\/plastic-insect-containers-1.jpg","datePublished":"2025-09-15T13:56:21+00:00","dateModified":"2025-09-15T14:10:39+00:00","breadcrumb":{"@id":"https:\/\/www.plastic-crate.co.uk\/product\/plastic-insect-containers\/#breadcrumb"},"inLanguage":"fr-FR","potentialAction":[{"@type":"ReadAction","target":["https:\/\/www.plastic-crate.co.uk\/product\/plastic-insect-containers\/"]}]},{"@type":"ImageObject","inLanguage":"fr-FR","@id":"https:\/\/www.plastic-crate.co.uk\/product\/plastic-insect-containers\/#primaryimage","url":"https:\/\/www.plastic-crate.co.uk\/wp-content\/uploads\/2025\/09\/plastic-insect-containers-1.jpg","contentUrl":"https:\/\/www.plastic-crate.co.uk\/wp-content\/uploads\/2025\/09\/plastic-insect-containers-1.jpg","width":2000,"height":2000,"caption":"plastic insect containers"},{"@type":"BreadcrumbList","@id":"https:\/\/www.plastic-crate.co.uk\/product\/plastic-insect-containers\/#breadcrumb","itemListElement":[{"@type":"ListItem","position":1,"name":"Shop","item":"https:\/\/www.plastic-crate.co.uk\/shop\/"},{"@type":"ListItem","position":2,"name":"plastic insect containers"}]},{"@type":"WebSite","@id":"https:\/\/www.plastic-crate.co.uk\/#website","url":"https:\/\/www.plastic-crate.co.uk\/","name":"Fabricant de caisses Euro","description":"Conteneurs Euro en gros, caisses Euro en plastique avec couvercles, bo\u00eetes Curo sans couvercles","publisher":{"@id":"https:\/\/www.plastic-crate.co.uk\/#organization"},"potentialAction":[{"@type":"SearchAction","target":{"@type":"EntryPoint","urlTemplate":"https:\/\/www.plastic-crate.co.uk\/?s={search_term_string}"},"query-input":{"@type":"PropertyValueSpecification","valueRequired":true,"valueName":"search_term_string"}}],"inLanguage":"fr-FR"},{"@type":"Organization","@id":"https:\/\/www.plastic-crate.co.uk\/#organization","name":"Fabricant de caisses Euro","url":"https:\/\/www.plastic-crate.co.uk\/","logo":{"@type":"ImageObject","inLanguage":"fr-FR","@id":"https:\/\/www.plastic-crate.co.uk\/#\/schema\/logo\/image\/","url":"https:\/\/www.plastic-crate.co.uk\/wp-content\/uploads\/2020\/10\/cropped-logo.png","contentUrl":"https:\/\/www.plastic-crate.co.uk\/wp-content\/uploads\/2020\/10\/cropped-logo.png","width":300,"height":66,"caption":"Euro crates Manufacturer"},"image":{"@id":"https:\/\/www.plastic-crate.co.uk\/#\/schema\/logo\/image\/"}}]}},"_links":{"self":[{"href":"https:\/\/www.plastic-crate.co.uk\/fr\/wp-json\/wp\/v2\/product\/6411","targetHints":{"allow":["GET"]}}],"collection":[{"href":"https:\/\/www.plastic-crate.co.uk\/fr\/wp-json\/wp\/v2\/product"}],"about":[{"href":"https:\/\/www.plastic-crate.co.uk\/fr\/wp-json\/wp\/v2\/types\/product"}],"wp:featuredmedia":[{"embeddable":true,"href":"https:\/\/www.plastic-crate.co.uk\/fr\/wp-json\/wp\/v2\/media\/6405"}],"wp:attachment":[{"href":"https:\/\/www.plastic-crate.co.uk\/fr\/wp-json\/wp\/v2\/media?parent=6411"}],"wp:term":[{"taxonomy":"product_brand","embeddable":true,"href":"https:\/\/www.plastic-crate.co.uk\/fr\/wp-json\/wp\/v2\/product_brand?post=6411"},{"taxonomy":"product_cat","embeddable":true,"href":"https:\/\/www.plastic-crate.co.uk\/fr\/wp-json\/wp\/v2\/product_cat?post=6411"},{"taxonomy":"product_tag","embeddable":true,"href":"https:\/\/www.plastic-crate.co.uk\/fr\/wp-json\/wp\/v2\/product_tag?post=6411"}],"curies":[{"name":"wp","href":"https:\/\/api.w.org\/{rel}","templated":true}]}}