{"id":6398,"date":"2025-09-11T23:20:19","date_gmt":"2025-09-11T23:20:19","guid":{"rendered":"https:\/\/www.plastic-crate.co.uk\/product\/5-gallon-water-bottle-crate\/"},"modified":"2025-09-12T21:38:17","modified_gmt":"2025-09-12T21:38:17","slug":"5-gallon-water-bottle-crate","status":"publish","type":"product","link":"https:\/\/www.plastic-crate.co.uk\/fr\/product\/5-gallon-water-bottle-crate\/","title":{"rendered":"Caisse de bouteilles d&#039;eau de 5 gallons"},"content":{"rendered":"<p>Restez organis\u00e9 et g\u00e9rez votre hydratation sans effort gr\u00e2ce \u00e0 notre robuste porte-bouteilles de 19 litres. Con\u00e7u pour \u00eatre pratique et durable, ce porte-bouteilles est la solution id\u00e9ale pour transporter et ranger vos bouteilles d&#039;eau en toute simplicit\u00e9.<\/p>\n<p>Caract\u00e9ristiques principales :<br \/>\nConception durable : fabriqu\u00e9e en plastique de haute qualit\u00e9, cette caisse est con\u00e7ue pour r\u00e9sister \u00e0 de lourdes charges et \u00e0 une utilisation fr\u00e9quente, garantissant long\u00e9vit\u00e9 et fiabilit\u00e9.<\/p>\n<p>Ajustement parfait : sp\u00e9cialement con\u00e7u pour maintenir en toute s\u00e9curit\u00e9 les bouteilles d&#039;eau standard de 5 gallons, \u00e9vitant les d\u00e9versements et offrant une stabilit\u00e9 pendant le transport.<\/p>\n<p>Poign\u00e9es ergonomiques : les poign\u00e9es faciles \u00e0 saisir facilitent le transport d&#039;une caisse pleine de bouteilles d&#039;eau, m\u00eame pendant de longues p\u00e9riodes.<\/p>\n<p>Structure empilable\u00a0: Optimisez votre espace de rangement\u00a0! La caisse est empilable, permettant une organisation soign\u00e9e et efficace \u00e0 la maison, au bureau ou en entrep\u00f4t.<\/p>\n<p>Id\u00e9ale pour la maison, le bureau, la salle de sport et les \u00e9v\u00e9nements en plein air, cette caisse vous permet d&#039;acc\u00e9der facilement \u00e0 votre r\u00e9serve d&#039;eau et de la g\u00e9rer facilement. Que vous remplissiez votre fontaine \u00e0 eau ou que vous fassiez vos provisions pour un rassemblement, cette caisse simplifie le processus.<\/p>\n<p>R\u00e9volutionnez votre routine d&#039;hydratation et faites du transport de l&#039;eau une exp\u00e9rience sans tracas avec notre porte-bouteilles d&#039;eau de 5 gallons !<\/p>","protected":false},"excerpt":{"rendered":"<p>Restez organis\u00e9 et g\u00e9rez votre hydratation sans effort gr\u00e2ce \u00e0 notre robuste porte-bouteilles de 19 litres. Con\u00e7u pour \u00eatre pratique et durable, ce porte-bouteilles est la solution id\u00e9ale pour transporter et ranger vos bouteilles d&#039;eau en toute simplicit\u00e9. Caract\u00e9ristiques principales\u00a0: Conception durable\u00a0: Fabriqu\u00e9 en plastique de haute qualit\u00e9, ce porte-bouteilles est con\u00e7u pour supporter des charges lourdes et une utilisation fr\u00e9quente, garantissant\u2026<\/p>\n<p class=\"read-more\"> <a class=\"\" href=\"https:\/\/www.plastic-crate.co.uk\/fr\/product\/5-gallon-water-bottle-crate\/\"> <span class=\"screen-reader-text\">Caisse de bouteilles d&#039;eau de 5 gallons<\/span> En savoir plus &quot;<\/a><\/p>","protected":false},"featured_media":6391,"template":"","meta":{"_acf_changed":false,"site-sidebar-layout":"default","site-content-layout":"default","ast-main-header-display":"","ast-hfb-above-header-display":"","ast-hfb-below-header-display":"","ast-hfb-mobile-header-display":"","site-post-title":"","ast-breadcrumbs-content":"","ast-featured-img":"","footer-sml-layout":"","theme-transparent-header-meta":"","adv-header-id-meta":"","stick-header-meta":"","header-above-stick-meta":"","header-main-stick-meta":"","header-below-stick-meta":""},"product_brand":[],"product_cat":[83],"product_tag":[97],"class_list":{"0":"post-6398","1":"product","2":"type-product","3":"status-publish","4":"has-post-thumbnail","6":"product_cat-plastic-milk-crates","7":"product_tag-water-bottle-crate","9":"first","10":"instock","11":"shipping-taxable","12":"product-type-simple"},"acf":[],"yoast_head":"<!-- This site is optimized with the Yoast SEO plugin v26.9 - https:\/\/yoast.com\/product\/yoast-seo-wordpress\/ -->\n<title>5 gallon water bottle crate - Euro crates Manufacturer<\/title>\n<meta name=\"description\" content=\"Wholesale 5 gallon water bottle crates for B2B supply. Heavy-duty, food-grade plastic with stackable, ergonomic design\u2014ideal for bulk transport, commercial deliveries, and large-scale water distribution.\" \/>\n<meta name=\"robots\" content=\"index, follow, max-snippet:-1, max-image-preview:large, max-video-preview:-1\" \/>\n<link rel=\"canonical\" href=\"https:\/\/www.plastic-crate.co.uk\/fr\/product\/5-gallon-water-bottle-crate\/\" \/>\n<meta property=\"og:locale\" content=\"fr_FR\" \/>\n<meta property=\"og:type\" content=\"article\" \/>\n<meta property=\"og:title\" content=\"5 gallon water bottle crate - Euro crates Manufacturer\" \/>\n<meta property=\"og:description\" content=\"Wholesale 5 gallon water bottle crates for B2B supply. Heavy-duty, food-grade plastic with stackable, ergonomic design\u2014ideal for bulk transport, commercial deliveries, and large-scale water distribution.\" \/>\n<meta property=\"og:url\" content=\"https:\/\/www.plastic-crate.co.uk\/fr\/product\/5-gallon-water-bottle-crate\/\" \/>\n<meta property=\"og:site_name\" content=\"Euro crates Manufacturer\" \/>\n<meta property=\"article:modified_time\" content=\"2025-09-12T21:38:17+00:00\" \/>\n<meta property=\"og:image\" content=\"https:\/\/www.plastic-crate.co.uk\/wp-content\/uploads\/2025\/09\/5-gallon-water-bottle-crate-1-1024x1024.png\" \/>\n\t<meta property=\"og:image:width\" content=\"1024\" \/>\n\t<meta property=\"og:image:height\" content=\"1024\" \/>\n\t<meta property=\"og:image:type\" content=\"image\/png\" \/>\n<meta name=\"twitter:card\" content=\"summary_large_image\" \/>\n<meta name=\"twitter:label1\" content=\"Est. reading time\" \/>\n\t<meta name=\"twitter:data1\" content=\"1 minute\" \/>\n<script type=\"application\/ld+json\" class=\"yoast-schema-graph\">{\"@context\":\"https:\/\/schema.org\",\"@graph\":[{\"@type\":\"WebPage\",\"@id\":\"https:\/\/www.plastic-crate.co.uk\/product\/5-gallon-water-bottle-crate\/\",\"url\":\"https:\/\/www.plastic-crate.co.uk\/product\/5-gallon-water-bottle-crate\/\",\"name\":\"5 gallon water bottle crate - Euro crates Manufacturer\",\"isPartOf\":{\"@id\":\"https:\/\/www.plastic-crate.co.uk\/#website\"},\"primaryImageOfPage\":{\"@id\":\"https:\/\/www.plastic-crate.co.uk\/product\/5-gallon-water-bottle-crate\/#primaryimage\"},\"image\":{\"@id\":\"https:\/\/www.plastic-crate.co.uk\/product\/5-gallon-water-bottle-crate\/#primaryimage\"},\"thumbnailUrl\":\"https:\/\/www.plastic-crate.co.uk\/wp-content\/uploads\/2025\/09\/5-gallon-water-bottle-crate-1.png\",\"datePublished\":\"2025-09-11T23:20:19+00:00\",\"dateModified\":\"2025-09-12T21:38:17+00:00\",\"description\":\"Wholesale 5 gallon water bottle crates for B2B supply. Heavy-duty, food-grade plastic with stackable, ergonomic design\u2014ideal for bulk transport, commercial deliveries, and large-scale water distribution.\",\"breadcrumb\":{\"@id\":\"https:\/\/www.plastic-crate.co.uk\/product\/5-gallon-water-bottle-crate\/#breadcrumb\"},\"inLanguage\":\"fr-FR\",\"potentialAction\":[{\"@type\":\"ReadAction\",\"target\":[\"https:\/\/www.plastic-crate.co.uk\/product\/5-gallon-water-bottle-crate\/\"]}]},{\"@type\":\"ImageObject\",\"inLanguage\":\"fr-FR\",\"@id\":\"https:\/\/www.plastic-crate.co.uk\/product\/5-gallon-water-bottle-crate\/#primaryimage\",\"url\":\"https:\/\/www.plastic-crate.co.uk\/wp-content\/uploads\/2025\/09\/5-gallon-water-bottle-crate-1.png\",\"contentUrl\":\"https:\/\/www.plastic-crate.co.uk\/wp-content\/uploads\/2025\/09\/5-gallon-water-bottle-crate-1.png\",\"width\":2000,\"height\":2000,\"caption\":\"5 gallon water bottle crate\"},{\"@type\":\"BreadcrumbList\",\"@id\":\"https:\/\/www.plastic-crate.co.uk\/product\/5-gallon-water-bottle-crate\/#breadcrumb\",\"itemListElement\":[{\"@type\":\"ListItem\",\"position\":1,\"name\":\"Shop\",\"item\":\"https:\/\/www.plastic-crate.co.uk\/shop\/\"},{\"@type\":\"ListItem\",\"position\":2,\"name\":\"5 gallon water bottle crate\"}]},{\"@type\":\"WebSite\",\"@id\":\"https:\/\/www.plastic-crate.co.uk\/#website\",\"url\":\"https:\/\/www.plastic-crate.co.uk\/\",\"name\":\"Euro crates Manufacturer\",\"description\":\"wholesale Euro containers, plastic euro crates with lids, curo boxes without lids\",\"publisher\":{\"@id\":\"https:\/\/www.plastic-crate.co.uk\/#organization\"},\"potentialAction\":[{\"@type\":\"SearchAction\",\"target\":{\"@type\":\"EntryPoint\",\"urlTemplate\":\"https:\/\/www.plastic-crate.co.uk\/?s={search_term_string}\"},\"query-input\":{\"@type\":\"PropertyValueSpecification\",\"valueRequired\":true,\"valueName\":\"search_term_string\"}}],\"inLanguage\":\"fr-FR\"},{\"@type\":\"Organization\",\"@id\":\"https:\/\/www.plastic-crate.co.uk\/#organization\",\"name\":\"Euro crates Manufacturer\",\"url\":\"https:\/\/www.plastic-crate.co.uk\/\",\"logo\":{\"@type\":\"ImageObject\",\"inLanguage\":\"fr-FR\",\"@id\":\"https:\/\/www.plastic-crate.co.uk\/#\/schema\/logo\/image\/\",\"url\":\"https:\/\/www.plastic-crate.co.uk\/wp-content\/uploads\/2020\/10\/cropped-logo.png\",\"contentUrl\":\"https:\/\/www.plastic-crate.co.uk\/wp-content\/uploads\/2020\/10\/cropped-logo.png\",\"width\":300,\"height\":66,\"caption\":\"Euro crates Manufacturer\"},\"image\":{\"@id\":\"https:\/\/www.plastic-crate.co.uk\/#\/schema\/logo\/image\/\"}}]}<\/script>\n<!-- \/ Yoast SEO plugin. -->","yoast_head_json":{"title":"Caisse pour bouteilles d&#039;eau de 5 gallons - Fabricant de caisses Euro","description":"Caisses pour bouteilles d&#039;eau de 19 litres (5 gallons) en gros pour l&#039;approvisionnement B2B. En plastique alimentaire robuste, empilables et ergonomiques, elles sont id\u00e9ales pour le transport en vrac, les livraisons commerciales et la distribution d&#039;eau \u00e0 grande \u00e9chelle.","robots":{"index":"index","follow":"follow","max-snippet":"max-snippet:-1","max-image-preview":"max-image-preview:large","max-video-preview":"max-video-preview:-1"},"canonical":"https:\/\/www.plastic-crate.co.uk\/fr\/product\/5-gallon-water-bottle-crate\/","og_locale":"fr_FR","og_type":"article","og_title":"5 gallon water bottle crate - Euro crates Manufacturer","og_description":"Wholesale 5 gallon water bottle crates for B2B supply. Heavy-duty, food-grade plastic with stackable, ergonomic design\u2014ideal for bulk transport, commercial deliveries, and large-scale water distribution.","og_url":"https:\/\/www.plastic-crate.co.uk\/fr\/product\/5-gallon-water-bottle-crate\/","og_site_name":"Euro crates Manufacturer","article_modified_time":"2025-09-12T21:38:17+00:00","og_image":[{"width":1024,"height":1024,"url":"https:\/\/www.plastic-crate.co.uk\/wp-content\/uploads\/2025\/09\/5-gallon-water-bottle-crate-1-1024x1024.png","type":"image\/png"}],"twitter_card":"summary_large_image","twitter_misc":{"Est. reading time":"1 minute"},"schema":{"@context":"https:\/\/schema.org","@graph":[{"@type":"WebPage","@id":"https:\/\/www.plastic-crate.co.uk\/product\/5-gallon-water-bottle-crate\/","url":"https:\/\/www.plastic-crate.co.uk\/product\/5-gallon-water-bottle-crate\/","name":"Caisse pour bouteilles d&#039;eau de 5 gallons - Fabricant de caisses Euro","isPartOf":{"@id":"https:\/\/www.plastic-crate.co.uk\/#website"},"primaryImageOfPage":{"@id":"https:\/\/www.plastic-crate.co.uk\/product\/5-gallon-water-bottle-crate\/#primaryimage"},"image":{"@id":"https:\/\/www.plastic-crate.co.uk\/product\/5-gallon-water-bottle-crate\/#primaryimage"},"thumbnailUrl":"https:\/\/www.plastic-crate.co.uk\/wp-content\/uploads\/2025\/09\/5-gallon-water-bottle-crate-1.png","datePublished":"2025-09-11T23:20:19+00:00","dateModified":"2025-09-12T21:38:17+00:00","description":"Caisses pour bouteilles d&#039;eau de 19 litres (5 gallons) en gros pour l&#039;approvisionnement B2B. En plastique alimentaire robuste, empilables et ergonomiques, elles sont id\u00e9ales pour le transport en vrac, les livraisons commerciales et la distribution d&#039;eau \u00e0 grande \u00e9chelle.","breadcrumb":{"@id":"https:\/\/www.plastic-crate.co.uk\/product\/5-gallon-water-bottle-crate\/#breadcrumb"},"inLanguage":"fr-FR","potentialAction":[{"@type":"ReadAction","target":["https:\/\/www.plastic-crate.co.uk\/product\/5-gallon-water-bottle-crate\/"]}]},{"@type":"ImageObject","inLanguage":"fr-FR","@id":"https:\/\/www.plastic-crate.co.uk\/product\/5-gallon-water-bottle-crate\/#primaryimage","url":"https:\/\/www.plastic-crate.co.uk\/wp-content\/uploads\/2025\/09\/5-gallon-water-bottle-crate-1.png","contentUrl":"https:\/\/www.plastic-crate.co.uk\/wp-content\/uploads\/2025\/09\/5-gallon-water-bottle-crate-1.png","width":2000,"height":2000,"caption":"5 gallon water bottle crate"},{"@type":"BreadcrumbList","@id":"https:\/\/www.plastic-crate.co.uk\/product\/5-gallon-water-bottle-crate\/#breadcrumb","itemListElement":[{"@type":"ListItem","position":1,"name":"Shop","item":"https:\/\/www.plastic-crate.co.uk\/shop\/"},{"@type":"ListItem","position":2,"name":"5 gallon water bottle crate"}]},{"@type":"WebSite","@id":"https:\/\/www.plastic-crate.co.uk\/#website","url":"https:\/\/www.plastic-crate.co.uk\/","name":"Fabricant de caisses Euro","description":"Conteneurs Euro en gros, caisses Euro en plastique avec couvercles, bo\u00eetes Curo sans couvercles","publisher":{"@id":"https:\/\/www.plastic-crate.co.uk\/#organization"},"potentialAction":[{"@type":"SearchAction","target":{"@type":"EntryPoint","urlTemplate":"https:\/\/www.plastic-crate.co.uk\/?s={search_term_string}"},"query-input":{"@type":"PropertyValueSpecification","valueRequired":true,"valueName":"search_term_string"}}],"inLanguage":"fr-FR"},{"@type":"Organization","@id":"https:\/\/www.plastic-crate.co.uk\/#organization","name":"Fabricant de caisses Euro","url":"https:\/\/www.plastic-crate.co.uk\/","logo":{"@type":"ImageObject","inLanguage":"fr-FR","@id":"https:\/\/www.plastic-crate.co.uk\/#\/schema\/logo\/image\/","url":"https:\/\/www.plastic-crate.co.uk\/wp-content\/uploads\/2020\/10\/cropped-logo.png","contentUrl":"https:\/\/www.plastic-crate.co.uk\/wp-content\/uploads\/2020\/10\/cropped-logo.png","width":300,"height":66,"caption":"Euro crates Manufacturer"},"image":{"@id":"https:\/\/www.plastic-crate.co.uk\/#\/schema\/logo\/image\/"}}]}},"_links":{"self":[{"href":"https:\/\/www.plastic-crate.co.uk\/fr\/wp-json\/wp\/v2\/product\/6398","targetHints":{"allow":["GET"]}}],"collection":[{"href":"https:\/\/www.plastic-crate.co.uk\/fr\/wp-json\/wp\/v2\/product"}],"about":[{"href":"https:\/\/www.plastic-crate.co.uk\/fr\/wp-json\/wp\/v2\/types\/product"}],"wp:featuredmedia":[{"embeddable":true,"href":"https:\/\/www.plastic-crate.co.uk\/fr\/wp-json\/wp\/v2\/media\/6391"}],"wp:attachment":[{"href":"https:\/\/www.plastic-crate.co.uk\/fr\/wp-json\/wp\/v2\/media?parent=6398"}],"wp:term":[{"taxonomy":"product_brand","embeddable":true,"href":"https:\/\/www.plastic-crate.co.uk\/fr\/wp-json\/wp\/v2\/product_brand?post=6398"},{"taxonomy":"product_cat","embeddable":true,"href":"https:\/\/www.plastic-crate.co.uk\/fr\/wp-json\/wp\/v2\/product_cat?post=6398"},{"taxonomy":"product_tag","embeddable":true,"href":"https:\/\/www.plastic-crate.co.uk\/fr\/wp-json\/wp\/v2\/product_tag?post=6398"}],"curies":[{"name":"wp","href":"https:\/\/api.w.org\/{rel}","templated":true}]}}