{"id":6362,"date":"2025-09-10T20:28:08","date_gmt":"2025-09-10T20:28:08","guid":{"rendered":"https:\/\/www.plastic-crate.co.uk\/product\/pizza-dough-proofing-box-with-lid\/"},"modified":"2025-09-15T13:10:26","modified_gmt":"2025-09-15T13:10:26","slug":"pizza-dough-proofing-box-with-lid","status":"publish","type":"product","link":"https:\/\/www.plastic-crate.co.uk\/fr\/product\/pizza-dough-proofing-box-with-lid\/","title":{"rendered":"Bo\u00eete de fermentation de p\u00e2te \u00e0 pizza avec couvercle"},"content":{"rendered":"<p>Notre bo\u00eete de fermentation pour p\u00e2te \u00e0 pizza avec couvercle est con\u00e7ue pour les cuisines professionnelles, les boulangeries et les pizzerias qui exigent une qualit\u00e9 de p\u00e2te constante. Fabriqu\u00e9e en plastique alimentaire robuste, elle assure une fermentation optimale tout en pr\u00e9servant la fra\u00eecheur de la p\u00e2te, en la prot\u00e9geant et en la facilitant la manipulation.<\/p>\n<p>Le couvercle herm\u00e9tique pr\u00e9vient la contamination et la perte d&#039;humidit\u00e9, tandis que la conception empilable permet de gagner un espace pr\u00e9cieux en cuisine. Id\u00e9al pour la pr\u00e9paration, le transport et le stockage de p\u00e2tes en vrac, ce r\u00e9cipient simplifie les op\u00e9rations dans les environnements de restauration commerciale.<\/p>\n<p>Disponibles en plusieurs tailles, nos bo\u00eetes de fermentation de p\u00e2te \u00e0 pizza avec couvercles sont durables, faciles \u00e0 nettoyer et con\u00e7ues pour une utilisation \u00e0 long terme, ce qui en fait la solution parfaite pour les restaurants et les acheteurs en gros \u00e0 la recherche d&#039;efficacit\u00e9 et de fiabilit\u00e9.<\/p>","protected":false},"excerpt":{"rendered":"<p>Our pizza dough proofing box with lid is designed for professional kitchens, bakeries, and pizzerias that require consistent dough quality. Crafted from food-grade, heavy-duty plastic, it ensures proper fermentation while keeping dough fresh, protected, and easy to handle. The secure-fitting lid prevents contamination and moisture loss, while the stackable design saves valuable kitchen space. Ideal &hellip;<\/p>\n<p class=\"read-more\"> <a class=\"\" href=\"https:\/\/www.plastic-crate.co.uk\/fr\/product\/pizza-dough-proofing-box-with-lid\/\"> <span class=\"screen-reader-text\">Bo\u00eete de fermentation de p\u00e2te \u00e0 pizza avec couvercle<\/span> En savoir plus &quot;<\/a><\/p>","protected":false},"featured_media":6355,"template":"","meta":{"_acf_changed":false,"site-sidebar-layout":"default","site-content-layout":"default","ast-main-header-display":"","ast-hfb-above-header-display":"","ast-hfb-below-header-display":"","ast-hfb-mobile-header-display":"","site-post-title":"","ast-breadcrumbs-content":"","ast-featured-img":"","footer-sml-layout":"","theme-transparent-header-meta":"","adv-header-id-meta":"","stick-header-meta":"","header-above-stick-meta":"","header-main-stick-meta":"","header-below-stick-meta":""},"product_brand":[],"product_cat":[84],"product_tag":[98],"class_list":{"0":"post-6362","1":"product","2":"type-product","3":"status-publish","4":"has-post-thumbnail","6":"product_cat-plastic-trays","7":"product_tag-pizza-dough-trays","9":"first","10":"instock","11":"shipping-taxable","12":"product-type-simple"},"acf":[],"yoast_head":"<!-- This site is optimized with the Yoast SEO plugin v26.9 - https:\/\/yoast.com\/product\/yoast-seo-wordpress\/ -->\n<title>Pizza Dough Proofing Box with Lid - Euro crates Manufacturer<\/title>\n<meta name=\"robots\" content=\"index, follow, max-snippet:-1, max-image-preview:large, max-video-preview:-1\" \/>\n<link rel=\"canonical\" href=\"https:\/\/www.plastic-crate.co.uk\/fr\/product\/pizza-dough-proofing-box-with-lid\/\" \/>\n<meta property=\"og:locale\" content=\"fr_FR\" \/>\n<meta property=\"og:type\" content=\"article\" \/>\n<meta property=\"og:title\" content=\"Pizza Dough Proofing Box with Lid - Euro crates Manufacturer\" \/>\n<meta property=\"og:description\" content=\"Our pizza dough proofing box with lid is designed for professional kitchens, bakeries, and pizzerias that require consistent dough quality. Crafted from food-grade, heavy-duty plastic, it ensures proper fermentation while keeping dough fresh, protected, and easy to handle. The secure-fitting lid prevents contamination and moisture loss, while the stackable design saves valuable kitchen space. Ideal &hellip; Pizza Dough Proofing Box with Lid Read More &raquo;\" \/>\n<meta property=\"og:url\" content=\"https:\/\/www.plastic-crate.co.uk\/fr\/product\/pizza-dough-proofing-box-with-lid\/\" \/>\n<meta property=\"og:site_name\" content=\"Euro crates Manufacturer\" \/>\n<meta property=\"article:modified_time\" content=\"2025-09-15T13:10:26+00:00\" \/>\n<meta property=\"og:image\" content=\"https:\/\/www.plastic-crate.co.uk\/wp-content\/uploads\/2025\/09\/pizza-dough-proofing-box-with-lid-db655-150-1.jpg\" \/>\n\t<meta property=\"og:image:width\" content=\"2000\" \/>\n\t<meta property=\"og:image:height\" content=\"2000\" \/>\n\t<meta property=\"og:image:type\" content=\"image\/jpeg\" \/>\n<meta name=\"twitter:card\" content=\"summary_large_image\" \/>\n<meta name=\"twitter:label1\" content=\"Est. reading time\" \/>\n\t<meta name=\"twitter:data1\" content=\"1 minute\" \/>\n<script type=\"application\/ld+json\" class=\"yoast-schema-graph\">{\"@context\":\"https:\/\/schema.org\",\"@graph\":[{\"@type\":\"WebPage\",\"@id\":\"https:\/\/www.plastic-crate.co.uk\/product\/pizza-dough-proofing-box-with-lid\/\",\"url\":\"https:\/\/www.plastic-crate.co.uk\/product\/pizza-dough-proofing-box-with-lid\/\",\"name\":\"Pizza Dough Proofing Box with Lid - Euro crates Manufacturer\",\"isPartOf\":{\"@id\":\"https:\/\/www.plastic-crate.co.uk\/#website\"},\"primaryImageOfPage\":{\"@id\":\"https:\/\/www.plastic-crate.co.uk\/product\/pizza-dough-proofing-box-with-lid\/#primaryimage\"},\"image\":{\"@id\":\"https:\/\/www.plastic-crate.co.uk\/product\/pizza-dough-proofing-box-with-lid\/#primaryimage\"},\"thumbnailUrl\":\"https:\/\/www.plastic-crate.co.uk\/wp-content\/uploads\/2025\/09\/pizza-dough-proofing-box-with-lid-db655-150-1.jpg\",\"datePublished\":\"2025-09-10T20:28:08+00:00\",\"dateModified\":\"2025-09-15T13:10:26+00:00\",\"breadcrumb\":{\"@id\":\"https:\/\/www.plastic-crate.co.uk\/product\/pizza-dough-proofing-box-with-lid\/#breadcrumb\"},\"inLanguage\":\"fr-FR\",\"potentialAction\":[{\"@type\":\"ReadAction\",\"target\":[\"https:\/\/www.plastic-crate.co.uk\/product\/pizza-dough-proofing-box-with-lid\/\"]}]},{\"@type\":\"ImageObject\",\"inLanguage\":\"fr-FR\",\"@id\":\"https:\/\/www.plastic-crate.co.uk\/product\/pizza-dough-proofing-box-with-lid\/#primaryimage\",\"url\":\"https:\/\/www.plastic-crate.co.uk\/wp-content\/uploads\/2025\/09\/pizza-dough-proofing-box-with-lid-db655-150-1.jpg\",\"contentUrl\":\"https:\/\/www.plastic-crate.co.uk\/wp-content\/uploads\/2025\/09\/pizza-dough-proofing-box-with-lid-db655-150-1.jpg\",\"width\":2000,\"height\":2000,\"caption\":\"Pizza Dough Proofing Box with Lid\"},{\"@type\":\"BreadcrumbList\",\"@id\":\"https:\/\/www.plastic-crate.co.uk\/product\/pizza-dough-proofing-box-with-lid\/#breadcrumb\",\"itemListElement\":[{\"@type\":\"ListItem\",\"position\":1,\"name\":\"Shop\",\"item\":\"https:\/\/www.plastic-crate.co.uk\/shop\/\"},{\"@type\":\"ListItem\",\"position\":2,\"name\":\"Pizza Dough Proofing Box with Lid\"}]},{\"@type\":\"WebSite\",\"@id\":\"https:\/\/www.plastic-crate.co.uk\/#website\",\"url\":\"https:\/\/www.plastic-crate.co.uk\/\",\"name\":\"Euro crates Manufacturer\",\"description\":\"wholesale Euro containers, plastic euro crates with lids, curo boxes without lids\",\"publisher\":{\"@id\":\"https:\/\/www.plastic-crate.co.uk\/#organization\"},\"potentialAction\":[{\"@type\":\"SearchAction\",\"target\":{\"@type\":\"EntryPoint\",\"urlTemplate\":\"https:\/\/www.plastic-crate.co.uk\/?s={search_term_string}\"},\"query-input\":{\"@type\":\"PropertyValueSpecification\",\"valueRequired\":true,\"valueName\":\"search_term_string\"}}],\"inLanguage\":\"fr-FR\"},{\"@type\":\"Organization\",\"@id\":\"https:\/\/www.plastic-crate.co.uk\/#organization\",\"name\":\"Euro crates Manufacturer\",\"url\":\"https:\/\/www.plastic-crate.co.uk\/\",\"logo\":{\"@type\":\"ImageObject\",\"inLanguage\":\"fr-FR\",\"@id\":\"https:\/\/www.plastic-crate.co.uk\/#\/schema\/logo\/image\/\",\"url\":\"https:\/\/www.plastic-crate.co.uk\/wp-content\/uploads\/2020\/10\/cropped-logo.png\",\"contentUrl\":\"https:\/\/www.plastic-crate.co.uk\/wp-content\/uploads\/2020\/10\/cropped-logo.png\",\"width\":300,\"height\":66,\"caption\":\"Euro crates Manufacturer\"},\"image\":{\"@id\":\"https:\/\/www.plastic-crate.co.uk\/#\/schema\/logo\/image\/\"}}]}<\/script>\n<!-- \/ Yoast SEO plugin. -->","yoast_head_json":{"title":"Bo\u00eete de fermentation pour p\u00e2te \u00e0 pizza avec couvercle - Fabricant de caisses Euro","robots":{"index":"index","follow":"follow","max-snippet":"max-snippet:-1","max-image-preview":"max-image-preview:large","max-video-preview":"max-video-preview:-1"},"canonical":"https:\/\/www.plastic-crate.co.uk\/fr\/product\/pizza-dough-proofing-box-with-lid\/","og_locale":"fr_FR","og_type":"article","og_title":"Pizza Dough Proofing Box with Lid - Euro crates Manufacturer","og_description":"Our pizza dough proofing box with lid is designed for professional kitchens, bakeries, and pizzerias that require consistent dough quality. Crafted from food-grade, heavy-duty plastic, it ensures proper fermentation while keeping dough fresh, protected, and easy to handle. The secure-fitting lid prevents contamination and moisture loss, while the stackable design saves valuable kitchen space. Ideal &hellip; Pizza Dough Proofing Box with Lid Read More &raquo;","og_url":"https:\/\/www.plastic-crate.co.uk\/fr\/product\/pizza-dough-proofing-box-with-lid\/","og_site_name":"Euro crates Manufacturer","article_modified_time":"2025-09-15T13:10:26+00:00","og_image":[{"width":2000,"height":2000,"url":"https:\/\/www.plastic-crate.co.uk\/wp-content\/uploads\/2025\/09\/pizza-dough-proofing-box-with-lid-db655-150-1.jpg","type":"image\/jpeg"}],"twitter_card":"summary_large_image","twitter_misc":{"Est. reading time":"1 minute"},"schema":{"@context":"https:\/\/schema.org","@graph":[{"@type":"WebPage","@id":"https:\/\/www.plastic-crate.co.uk\/product\/pizza-dough-proofing-box-with-lid\/","url":"https:\/\/www.plastic-crate.co.uk\/product\/pizza-dough-proofing-box-with-lid\/","name":"Bo\u00eete de fermentation pour p\u00e2te \u00e0 pizza avec couvercle - Fabricant de caisses Euro","isPartOf":{"@id":"https:\/\/www.plastic-crate.co.uk\/#website"},"primaryImageOfPage":{"@id":"https:\/\/www.plastic-crate.co.uk\/product\/pizza-dough-proofing-box-with-lid\/#primaryimage"},"image":{"@id":"https:\/\/www.plastic-crate.co.uk\/product\/pizza-dough-proofing-box-with-lid\/#primaryimage"},"thumbnailUrl":"https:\/\/www.plastic-crate.co.uk\/wp-content\/uploads\/2025\/09\/pizza-dough-proofing-box-with-lid-db655-150-1.jpg","datePublished":"2025-09-10T20:28:08+00:00","dateModified":"2025-09-15T13:10:26+00:00","breadcrumb":{"@id":"https:\/\/www.plastic-crate.co.uk\/product\/pizza-dough-proofing-box-with-lid\/#breadcrumb"},"inLanguage":"fr-FR","potentialAction":[{"@type":"ReadAction","target":["https:\/\/www.plastic-crate.co.uk\/product\/pizza-dough-proofing-box-with-lid\/"]}]},{"@type":"ImageObject","inLanguage":"fr-FR","@id":"https:\/\/www.plastic-crate.co.uk\/product\/pizza-dough-proofing-box-with-lid\/#primaryimage","url":"https:\/\/www.plastic-crate.co.uk\/wp-content\/uploads\/2025\/09\/pizza-dough-proofing-box-with-lid-db655-150-1.jpg","contentUrl":"https:\/\/www.plastic-crate.co.uk\/wp-content\/uploads\/2025\/09\/pizza-dough-proofing-box-with-lid-db655-150-1.jpg","width":2000,"height":2000,"caption":"Pizza Dough Proofing Box with Lid"},{"@type":"BreadcrumbList","@id":"https:\/\/www.plastic-crate.co.uk\/product\/pizza-dough-proofing-box-with-lid\/#breadcrumb","itemListElement":[{"@type":"ListItem","position":1,"name":"Shop","item":"https:\/\/www.plastic-crate.co.uk\/shop\/"},{"@type":"ListItem","position":2,"name":"Pizza Dough Proofing Box with Lid"}]},{"@type":"WebSite","@id":"https:\/\/www.plastic-crate.co.uk\/#website","url":"https:\/\/www.plastic-crate.co.uk\/","name":"Fabricant de caisses Euro","description":"Conteneurs Euro en gros, caisses Euro en plastique avec couvercles, bo\u00eetes Curo sans couvercles","publisher":{"@id":"https:\/\/www.plastic-crate.co.uk\/#organization"},"potentialAction":[{"@type":"SearchAction","target":{"@type":"EntryPoint","urlTemplate":"https:\/\/www.plastic-crate.co.uk\/?s={search_term_string}"},"query-input":{"@type":"PropertyValueSpecification","valueRequired":true,"valueName":"search_term_string"}}],"inLanguage":"fr-FR"},{"@type":"Organization","@id":"https:\/\/www.plastic-crate.co.uk\/#organization","name":"Fabricant de caisses Euro","url":"https:\/\/www.plastic-crate.co.uk\/","logo":{"@type":"ImageObject","inLanguage":"fr-FR","@id":"https:\/\/www.plastic-crate.co.uk\/#\/schema\/logo\/image\/","url":"https:\/\/www.plastic-crate.co.uk\/wp-content\/uploads\/2020\/10\/cropped-logo.png","contentUrl":"https:\/\/www.plastic-crate.co.uk\/wp-content\/uploads\/2020\/10\/cropped-logo.png","width":300,"height":66,"caption":"Euro crates Manufacturer"},"image":{"@id":"https:\/\/www.plastic-crate.co.uk\/#\/schema\/logo\/image\/"}}]}},"_links":{"self":[{"href":"https:\/\/www.plastic-crate.co.uk\/fr\/wp-json\/wp\/v2\/product\/6362","targetHints":{"allow":["GET"]}}],"collection":[{"href":"https:\/\/www.plastic-crate.co.uk\/fr\/wp-json\/wp\/v2\/product"}],"about":[{"href":"https:\/\/www.plastic-crate.co.uk\/fr\/wp-json\/wp\/v2\/types\/product"}],"wp:featuredmedia":[{"embeddable":true,"href":"https:\/\/www.plastic-crate.co.uk\/fr\/wp-json\/wp\/v2\/media\/6355"}],"wp:attachment":[{"href":"https:\/\/www.plastic-crate.co.uk\/fr\/wp-json\/wp\/v2\/media?parent=6362"}],"wp:term":[{"taxonomy":"product_brand","embeddable":true,"href":"https:\/\/www.plastic-crate.co.uk\/fr\/wp-json\/wp\/v2\/product_brand?post=6362"},{"taxonomy":"product_cat","embeddable":true,"href":"https:\/\/www.plastic-crate.co.uk\/fr\/wp-json\/wp\/v2\/product_cat?post=6362"},{"taxonomy":"product_tag","embeddable":true,"href":"https:\/\/www.plastic-crate.co.uk\/fr\/wp-json\/wp\/v2\/product_tag?post=6362"}],"curies":[{"name":"wp","href":"https:\/\/api.w.org\/{rel}","templated":true}]}}