{"id":6317,"date":"2025-09-07T12:28:12","date_gmt":"2025-09-07T12:28:12","guid":{"rendered":"https:\/\/www.plastic-crate.co.uk\/product\/pizza-dough-proofing-container-db4390\/"},"modified":"2025-09-15T13:11:03","modified_gmt":"2025-09-15T13:11:03","slug":"pizza-dough-proofing-container-db4390","status":"publish","type":"product","link":"https:\/\/www.plastic-crate.co.uk\/fr\/product\/pizza-dough-proofing-container-db4390\/","title":{"rendered":"R\u00e9cipient de fermentation de p\u00e2te \u00e0 pizza DB4390"},"content":{"rendered":"<p>Sublimez votre exp\u00e9rience pizzaiolo avec notre r\u00e9cipient de fermentation ! Con\u00e7u pour les p\u00e2tissiers amateurs et les passionn\u00e9s de pizza, cet outil indispensable garantit une lev\u00e9e parfaite de votre p\u00e2te, cr\u00e9ant ainsi la base id\u00e9ale pour vos pizzas pr\u00e9f\u00e9r\u00e9es.<\/p>\n<p>Caract\u00e9ristiques principales :<br \/>\nConditions de fermentation optimales : la conception herm\u00e9tique du r\u00e9cipient retient l&#039;humidit\u00e9, offrant un environnement id\u00e9al pour que votre p\u00e2te l\u00e8ve et d\u00e9veloppe sa saveur.<br \/>\nConstruction durable : Fabriqu\u00e9 \u00e0 partir de mat\u00e9riaux de haute qualit\u00e9 et de qualit\u00e9 alimentaire, il r\u00e9siste \u00e0 une utilisation r\u00e9p\u00e9t\u00e9e tout en garantissant que votre p\u00e2te reste fra\u00eeche et non contamin\u00e9e.<br \/>\nConception empilable : \u00e9conomisez de l&#039;espace dans votre cuisine gr\u00e2ce \u00e0 une forme empilable qui s&#039;int\u00e8gre parfaitement dans votre r\u00e9frig\u00e9rateur ou votre plan de travail.<br \/>\nUtilisation polyvalente : parfait pour tous les types de p\u00e2te, que vous pr\u00e9pariez des pizzas, du pain ou des p\u00e2tisseries, ce r\u00e9cipient est fait pour vous.<br \/>\nNettoyage facile : les surfaces lisses permettent un nettoyage rapide et sans tracas, vous permettant ainsi de vous concentrer sur la cr\u00e9ation de chefs-d&#039;\u0153uvre culinaires.<br \/>\nPourquoi vous en avez besoin :<br \/>\nR\u00e9aliser une pizza parfaite commence par une p\u00e2te bien choisie, et le r\u00e9cipient de fermentation est l&#039;ingr\u00e9dient secret pour obtenir une cro\u00fbte a\u00e9r\u00e9e et moelleuse, au go\u00fbt rehauss\u00e9. Que vous soyez un chef exp\u00e9riment\u00e9 ou un d\u00e9butant, ce r\u00e9cipient simplifie la pr\u00e9paration de la p\u00e2te et garantit des r\u00e9sultats uniformes \u00e0 chaque fois.<\/p>\n<p>Faites de chaque soir\u00e9e pizza un moment gourmand. Procurez-vous d\u00e8s aujourd&#039;hui votre bac de fermentation et d\u00e9couvrez le plaisir d&#039;une p\u00e2te parfaite\u00a0!<\/p>","protected":false},"excerpt":{"rendered":"<p>Elevate your pizza-making experience with our Pizza Dough Proofing Container! Designed for passionate home bakers and pizza enthusiasts, this essential tool ensures your dough rises to perfection, creating the ultimate base for your favorite pizzas. Key Features: Optimal Proofing Conditions: The container&#8217;s airtight design retains moisture, providing an ideal environment for your dough to rise &hellip;<\/p>\n<p class=\"read-more\"> <a class=\"\" href=\"https:\/\/www.plastic-crate.co.uk\/fr\/product\/pizza-dough-proofing-container-db4390\/\"> <span class=\"screen-reader-text\">R\u00e9cipient de fermentation de p\u00e2te \u00e0 pizza DB4390<\/span> En savoir plus &quot;<\/a><\/p>","protected":false},"featured_media":6310,"template":"","meta":{"_acf_changed":false,"site-sidebar-layout":"default","site-content-layout":"default","ast-main-header-display":"","ast-hfb-above-header-display":"","ast-hfb-below-header-display":"","ast-hfb-mobile-header-display":"","site-post-title":"","ast-breadcrumbs-content":"","ast-featured-img":"","footer-sml-layout":"","theme-transparent-header-meta":"","adv-header-id-meta":"","stick-header-meta":"","header-above-stick-meta":"","header-main-stick-meta":"","header-below-stick-meta":""},"product_brand":[],"product_cat":[84],"product_tag":[98],"class_list":{"0":"post-6317","1":"product","2":"type-product","3":"status-publish","4":"has-post-thumbnail","6":"product_cat-plastic-trays","7":"product_tag-pizza-dough-trays","9":"first","10":"instock","11":"shipping-taxable","12":"product-type-simple"},"acf":[],"yoast_head":"<!-- This site is optimized with the Yoast SEO plugin v26.9 - https:\/\/yoast.com\/product\/yoast-seo-wordpress\/ -->\n<title>Pizza dough proofing container DB4390 - Euro crates Manufacturer<\/title>\n<meta name=\"robots\" content=\"index, follow, max-snippet:-1, max-image-preview:large, max-video-preview:-1\" \/>\n<link rel=\"canonical\" href=\"https:\/\/www.plastic-crate.co.uk\/fr\/product\/pizza-dough-proofing-container-db4390\/\" \/>\n<meta property=\"og:locale\" content=\"fr_FR\" \/>\n<meta property=\"og:type\" content=\"article\" \/>\n<meta property=\"og:title\" content=\"Pizza dough proofing container DB4390 - Euro crates Manufacturer\" \/>\n<meta property=\"og:description\" content=\"Elevate your pizza-making experience with our Pizza Dough Proofing Container! Designed for passionate home bakers and pizza enthusiasts, this essential tool ensures your dough rises to perfection, creating the ultimate base for your favorite pizzas. Key Features: Optimal Proofing Conditions: The container&#8217;s airtight design retains moisture, providing an ideal environment for your dough to rise &hellip; Pizza dough proofing container DB4390 Read More &raquo;\" \/>\n<meta property=\"og:url\" content=\"https:\/\/www.plastic-crate.co.uk\/fr\/product\/pizza-dough-proofing-container-db4390\/\" \/>\n<meta property=\"og:site_name\" content=\"Euro crates Manufacturer\" \/>\n<meta property=\"article:modified_time\" content=\"2025-09-15T13:11:03+00:00\" \/>\n<meta property=\"og:image\" content=\"https:\/\/www.plastic-crate.co.uk\/wp-content\/uploads\/2025\/09\/pizza-dough-proofing-container-1.jpg\" \/>\n\t<meta property=\"og:image:width\" content=\"2000\" \/>\n\t<meta property=\"og:image:height\" content=\"2000\" \/>\n\t<meta property=\"og:image:type\" content=\"image\/jpeg\" \/>\n<meta name=\"twitter:card\" content=\"summary_large_image\" \/>\n<meta name=\"twitter:label1\" content=\"Est. reading time\" \/>\n\t<meta name=\"twitter:data1\" content=\"1 minute\" \/>\n<script type=\"application\/ld+json\" class=\"yoast-schema-graph\">{\"@context\":\"https:\/\/schema.org\",\"@graph\":[{\"@type\":\"WebPage\",\"@id\":\"https:\/\/www.plastic-crate.co.uk\/product\/pizza-dough-proofing-container-db4390\/\",\"url\":\"https:\/\/www.plastic-crate.co.uk\/product\/pizza-dough-proofing-container-db4390\/\",\"name\":\"Pizza dough proofing container DB4390 - Euro crates Manufacturer\",\"isPartOf\":{\"@id\":\"https:\/\/www.plastic-crate.co.uk\/#website\"},\"primaryImageOfPage\":{\"@id\":\"https:\/\/www.plastic-crate.co.uk\/product\/pizza-dough-proofing-container-db4390\/#primaryimage\"},\"image\":{\"@id\":\"https:\/\/www.plastic-crate.co.uk\/product\/pizza-dough-proofing-container-db4390\/#primaryimage\"},\"thumbnailUrl\":\"https:\/\/www.plastic-crate.co.uk\/wp-content\/uploads\/2025\/09\/pizza-dough-proofing-container-1.jpg\",\"datePublished\":\"2025-09-07T12:28:12+00:00\",\"dateModified\":\"2025-09-15T13:11:03+00:00\",\"breadcrumb\":{\"@id\":\"https:\/\/www.plastic-crate.co.uk\/product\/pizza-dough-proofing-container-db4390\/#breadcrumb\"},\"inLanguage\":\"fr-FR\",\"potentialAction\":[{\"@type\":\"ReadAction\",\"target\":[\"https:\/\/www.plastic-crate.co.uk\/product\/pizza-dough-proofing-container-db4390\/\"]}]},{\"@type\":\"ImageObject\",\"inLanguage\":\"fr-FR\",\"@id\":\"https:\/\/www.plastic-crate.co.uk\/product\/pizza-dough-proofing-container-db4390\/#primaryimage\",\"url\":\"https:\/\/www.plastic-crate.co.uk\/wp-content\/uploads\/2025\/09\/pizza-dough-proofing-container-1.jpg\",\"contentUrl\":\"https:\/\/www.plastic-crate.co.uk\/wp-content\/uploads\/2025\/09\/pizza-dough-proofing-container-1.jpg\",\"width\":2000,\"height\":2000,\"caption\":\"Pizza dough proofing container\"},{\"@type\":\"BreadcrumbList\",\"@id\":\"https:\/\/www.plastic-crate.co.uk\/product\/pizza-dough-proofing-container-db4390\/#breadcrumb\",\"itemListElement\":[{\"@type\":\"ListItem\",\"position\":1,\"name\":\"Shop\",\"item\":\"https:\/\/www.plastic-crate.co.uk\/shop\/\"},{\"@type\":\"ListItem\",\"position\":2,\"name\":\"Pizza dough proofing container DB4390\"}]},{\"@type\":\"WebSite\",\"@id\":\"https:\/\/www.plastic-crate.co.uk\/#website\",\"url\":\"https:\/\/www.plastic-crate.co.uk\/\",\"name\":\"Euro crates Manufacturer\",\"description\":\"wholesale Euro containers, plastic euro crates with lids, curo boxes without lids\",\"publisher\":{\"@id\":\"https:\/\/www.plastic-crate.co.uk\/#organization\"},\"potentialAction\":[{\"@type\":\"SearchAction\",\"target\":{\"@type\":\"EntryPoint\",\"urlTemplate\":\"https:\/\/www.plastic-crate.co.uk\/?s={search_term_string}\"},\"query-input\":{\"@type\":\"PropertyValueSpecification\",\"valueRequired\":true,\"valueName\":\"search_term_string\"}}],\"inLanguage\":\"fr-FR\"},{\"@type\":\"Organization\",\"@id\":\"https:\/\/www.plastic-crate.co.uk\/#organization\",\"name\":\"Euro crates Manufacturer\",\"url\":\"https:\/\/www.plastic-crate.co.uk\/\",\"logo\":{\"@type\":\"ImageObject\",\"inLanguage\":\"fr-FR\",\"@id\":\"https:\/\/www.plastic-crate.co.uk\/#\/schema\/logo\/image\/\",\"url\":\"https:\/\/www.plastic-crate.co.uk\/wp-content\/uploads\/2020\/10\/cropped-logo.png\",\"contentUrl\":\"https:\/\/www.plastic-crate.co.uk\/wp-content\/uploads\/2020\/10\/cropped-logo.png\",\"width\":300,\"height\":66,\"caption\":\"Euro crates Manufacturer\"},\"image\":{\"@id\":\"https:\/\/www.plastic-crate.co.uk\/#\/schema\/logo\/image\/\"}}]}<\/script>\n<!-- \/ Yoast SEO plugin. -->","yoast_head_json":{"title":"Bac de fermentation pour p\u00e2te \u00e0 pizza DB4390 - Fabricant de caisses Euro","robots":{"index":"index","follow":"follow","max-snippet":"max-snippet:-1","max-image-preview":"max-image-preview:large","max-video-preview":"max-video-preview:-1"},"canonical":"https:\/\/www.plastic-crate.co.uk\/fr\/product\/pizza-dough-proofing-container-db4390\/","og_locale":"fr_FR","og_type":"article","og_title":"Pizza dough proofing container DB4390 - Euro crates Manufacturer","og_description":"Elevate your pizza-making experience with our Pizza Dough Proofing Container! Designed for passionate home bakers and pizza enthusiasts, this essential tool ensures your dough rises to perfection, creating the ultimate base for your favorite pizzas. Key Features: Optimal Proofing Conditions: The container&#8217;s airtight design retains moisture, providing an ideal environment for your dough to rise &hellip; Pizza dough proofing container DB4390 Read More &raquo;","og_url":"https:\/\/www.plastic-crate.co.uk\/fr\/product\/pizza-dough-proofing-container-db4390\/","og_site_name":"Euro crates Manufacturer","article_modified_time":"2025-09-15T13:11:03+00:00","og_image":[{"width":2000,"height":2000,"url":"https:\/\/www.plastic-crate.co.uk\/wp-content\/uploads\/2025\/09\/pizza-dough-proofing-container-1.jpg","type":"image\/jpeg"}],"twitter_card":"summary_large_image","twitter_misc":{"Est. reading time":"1 minute"},"schema":{"@context":"https:\/\/schema.org","@graph":[{"@type":"WebPage","@id":"https:\/\/www.plastic-crate.co.uk\/product\/pizza-dough-proofing-container-db4390\/","url":"https:\/\/www.plastic-crate.co.uk\/product\/pizza-dough-proofing-container-db4390\/","name":"Bac de fermentation pour p\u00e2te \u00e0 pizza DB4390 - Fabricant de caisses Euro","isPartOf":{"@id":"https:\/\/www.plastic-crate.co.uk\/#website"},"primaryImageOfPage":{"@id":"https:\/\/www.plastic-crate.co.uk\/product\/pizza-dough-proofing-container-db4390\/#primaryimage"},"image":{"@id":"https:\/\/www.plastic-crate.co.uk\/product\/pizza-dough-proofing-container-db4390\/#primaryimage"},"thumbnailUrl":"https:\/\/www.plastic-crate.co.uk\/wp-content\/uploads\/2025\/09\/pizza-dough-proofing-container-1.jpg","datePublished":"2025-09-07T12:28:12+00:00","dateModified":"2025-09-15T13:11:03+00:00","breadcrumb":{"@id":"https:\/\/www.plastic-crate.co.uk\/product\/pizza-dough-proofing-container-db4390\/#breadcrumb"},"inLanguage":"fr-FR","potentialAction":[{"@type":"ReadAction","target":["https:\/\/www.plastic-crate.co.uk\/product\/pizza-dough-proofing-container-db4390\/"]}]},{"@type":"ImageObject","inLanguage":"fr-FR","@id":"https:\/\/www.plastic-crate.co.uk\/product\/pizza-dough-proofing-container-db4390\/#primaryimage","url":"https:\/\/www.plastic-crate.co.uk\/wp-content\/uploads\/2025\/09\/pizza-dough-proofing-container-1.jpg","contentUrl":"https:\/\/www.plastic-crate.co.uk\/wp-content\/uploads\/2025\/09\/pizza-dough-proofing-container-1.jpg","width":2000,"height":2000,"caption":"Pizza dough proofing container"},{"@type":"BreadcrumbList","@id":"https:\/\/www.plastic-crate.co.uk\/product\/pizza-dough-proofing-container-db4390\/#breadcrumb","itemListElement":[{"@type":"ListItem","position":1,"name":"Shop","item":"https:\/\/www.plastic-crate.co.uk\/shop\/"},{"@type":"ListItem","position":2,"name":"Pizza dough proofing container DB4390"}]},{"@type":"WebSite","@id":"https:\/\/www.plastic-crate.co.uk\/#website","url":"https:\/\/www.plastic-crate.co.uk\/","name":"Fabricant de caisses Euro","description":"Conteneurs Euro en gros, caisses Euro en plastique avec couvercles, bo\u00eetes Curo sans couvercles","publisher":{"@id":"https:\/\/www.plastic-crate.co.uk\/#organization"},"potentialAction":[{"@type":"SearchAction","target":{"@type":"EntryPoint","urlTemplate":"https:\/\/www.plastic-crate.co.uk\/?s={search_term_string}"},"query-input":{"@type":"PropertyValueSpecification","valueRequired":true,"valueName":"search_term_string"}}],"inLanguage":"fr-FR"},{"@type":"Organization","@id":"https:\/\/www.plastic-crate.co.uk\/#organization","name":"Fabricant de caisses Euro","url":"https:\/\/www.plastic-crate.co.uk\/","logo":{"@type":"ImageObject","inLanguage":"fr-FR","@id":"https:\/\/www.plastic-crate.co.uk\/#\/schema\/logo\/image\/","url":"https:\/\/www.plastic-crate.co.uk\/wp-content\/uploads\/2020\/10\/cropped-logo.png","contentUrl":"https:\/\/www.plastic-crate.co.uk\/wp-content\/uploads\/2020\/10\/cropped-logo.png","width":300,"height":66,"caption":"Euro crates Manufacturer"},"image":{"@id":"https:\/\/www.plastic-crate.co.uk\/#\/schema\/logo\/image\/"}}]}},"_links":{"self":[{"href":"https:\/\/www.plastic-crate.co.uk\/fr\/wp-json\/wp\/v2\/product\/6317","targetHints":{"allow":["GET"]}}],"collection":[{"href":"https:\/\/www.plastic-crate.co.uk\/fr\/wp-json\/wp\/v2\/product"}],"about":[{"href":"https:\/\/www.plastic-crate.co.uk\/fr\/wp-json\/wp\/v2\/types\/product"}],"wp:featuredmedia":[{"embeddable":true,"href":"https:\/\/www.plastic-crate.co.uk\/fr\/wp-json\/wp\/v2\/media\/6310"}],"wp:attachment":[{"href":"https:\/\/www.plastic-crate.co.uk\/fr\/wp-json\/wp\/v2\/media?parent=6317"}],"wp:term":[{"taxonomy":"product_brand","embeddable":true,"href":"https:\/\/www.plastic-crate.co.uk\/fr\/wp-json\/wp\/v2\/product_brand?post=6317"},{"taxonomy":"product_cat","embeddable":true,"href":"https:\/\/www.plastic-crate.co.uk\/fr\/wp-json\/wp\/v2\/product_cat?post=6317"},{"taxonomy":"product_tag","embeddable":true,"href":"https:\/\/www.plastic-crate.co.uk\/fr\/wp-json\/wp\/v2\/product_tag?post=6317"}],"curies":[{"name":"wp","href":"https:\/\/api.w.org\/{rel}","templated":true}]}}