{"id":6309,"date":"2025-09-07T12:20:40","date_gmt":"2025-09-07T12:20:40","guid":{"rendered":"https:\/\/www.plastic-crate.co.uk\/product\/commercial-pizza-dough-proofing-boxes-db4375\/"},"modified":"2025-09-15T13:11:10","modified_gmt":"2025-09-15T13:11:10","slug":"commercial-pizza-dough-proofing-boxes-db4375","status":"publish","type":"product","link":"https:\/\/www.plastic-crate.co.uk\/fr\/product\/commercial-pizza-dough-proofing-boxes-db4375\/","title":{"rendered":"Bo\u00eetes de fermentation pour p\u00e2te \u00e0 pizza commerciales DB4375"},"content":{"rendered":"<p>Am\u00e9liorez votre exp\u00e9rience pizzaiolo avec nos bo\u00eetes de fermentation professionnelles. Con\u00e7ues pour les amateurs de pizza comme pour les chefs professionnels, ces bo\u00eetes sont essentielles pour obtenir une p\u00e2te parfaitement homog\u00e8ne.<\/p>\n<p>Caract\u00e9ristiques principales :<\/p>\n<p>Construction durable : Fabriqu\u00e9es \u00e0 partir de plastique alimentaire de haute qualit\u00e9, nos bo\u00eetes de fermentation sont con\u00e7ues pour r\u00e9sister \u00e0 une utilisation intensive dans les cuisines tr\u00e8s fr\u00e9quent\u00e9es, garantissant long\u00e9vit\u00e9 et fiabilit\u00e9.<\/p>\n<p>Taille optimale : chaque bo\u00eete est con\u00e7ue pour accueillir plusieurs portions de p\u00e2te, ce qui facilite la lev\u00e9e de gros lots et garantit une coh\u00e9rence de taille et de texture.<\/p>\n<p>Conception ventil\u00e9e : les bo\u00eetes offrent une ventilation ad\u00e9quate pour favoriser une fermentation uniforme, permettant \u00e0 votre p\u00e2te de lever parfaitement sans accumulation excessive d&#039;humidit\u00e9.<\/p>\n<p>Empilable et peu encombrant\u00a0: Notre conception empilable optimise l&#039;espace de la cuisine. Rangez plusieurs bo\u00eetes sans encombrer le plan de travail.<\/p>\n<p>Facile \u00e0 nettoyer : la surface lisse garantit que le nettoyage est un jeu d&#039;enfant, que ce soit \u00e0 la main ou dans un lave-vaisselle commercial, maintenant ainsi les normes d&#039;hygi\u00e8ne sans effort.<\/p>\n<p>Utilisation polyvalente : Bien que parfaites pour la p\u00e2te \u00e0 pizza, ces bo\u00eetes de fermentation sont \u00e9galement id\u00e9ales pour d&#039;autres types de p\u00e2te, ce qui en fait un outil essentiel pour toute application de cuisson.<\/p>\n<p>Transformez votre processus de pr\u00e9paration de pizza avec les bo\u00eetes de fermentation de p\u00e2te \u00e0 pizza commerciales, o\u00f9 la qualit\u00e9 rencontre la fonctionnalit\u00e9, garantissant que chaque pizza est pr\u00e9par\u00e9e avec pr\u00e9cision du d\u00e9but \u00e0 la fin\u00a0!<\/p>","protected":false},"excerpt":{"rendered":"<p>Elevate your pizza-making experience with our Commercial Pizza Dough Proofing Boxes. Designed for both amateur pizza enthusiasts and professional chefs, these proofing boxes are essential for achieving the perfect dough consistency. Key Features: Durable Construction: Made from high-quality, food-safe plastic, our proofing boxes are built to withstand heavy use in busy kitchens, ensuring longevity and &hellip;<\/p>\n<p class=\"read-more\"> <a class=\"\" href=\"https:\/\/www.plastic-crate.co.uk\/fr\/product\/commercial-pizza-dough-proofing-boxes-db4375\/\"> <span class=\"screen-reader-text\">Bo\u00eetes de fermentation pour p\u00e2te \u00e0 pizza commerciales DB4375<\/span> En savoir plus &quot;<\/a><\/p>","protected":false},"featured_media":6302,"template":"","meta":{"_acf_changed":false,"site-sidebar-layout":"default","site-content-layout":"default","ast-main-header-display":"","ast-hfb-above-header-display":"","ast-hfb-below-header-display":"","ast-hfb-mobile-header-display":"","site-post-title":"","ast-breadcrumbs-content":"","ast-featured-img":"","footer-sml-layout":"","theme-transparent-header-meta":"","adv-header-id-meta":"","stick-header-meta":"","header-above-stick-meta":"","header-main-stick-meta":"","header-below-stick-meta":""},"product_brand":[],"product_cat":[84],"product_tag":[98],"class_list":{"0":"post-6309","1":"product","2":"type-product","3":"status-publish","4":"has-post-thumbnail","6":"product_cat-plastic-trays","7":"product_tag-pizza-dough-trays","9":"first","10":"instock","11":"shipping-taxable","12":"product-type-simple"},"acf":[],"yoast_head":"<!-- This site is optimized with the Yoast SEO plugin v26.9 - https:\/\/yoast.com\/product\/yoast-seo-wordpress\/ -->\n<title>Commercial Pizza Dough Proofing Boxes DB4375 - Euro crates Manufacturer<\/title>\n<meta name=\"robots\" content=\"index, follow, max-snippet:-1, max-image-preview:large, max-video-preview:-1\" \/>\n<link rel=\"canonical\" href=\"https:\/\/www.plastic-crate.co.uk\/fr\/product\/commercial-pizza-dough-proofing-boxes-db4375\/\" \/>\n<meta property=\"og:locale\" content=\"fr_FR\" \/>\n<meta property=\"og:type\" content=\"article\" \/>\n<meta property=\"og:title\" content=\"Commercial Pizza Dough Proofing Boxes DB4375 - Euro crates Manufacturer\" \/>\n<meta property=\"og:description\" content=\"Elevate your pizza-making experience with our Commercial Pizza Dough Proofing Boxes. Designed for both amateur pizza enthusiasts and professional chefs, these proofing boxes are essential for achieving the perfect dough consistency. Key Features: Durable Construction: Made from high-quality, food-safe plastic, our proofing boxes are built to withstand heavy use in busy kitchens, ensuring longevity and &hellip; Commercial Pizza Dough Proofing Boxes DB4375 Read More &raquo;\" \/>\n<meta property=\"og:url\" content=\"https:\/\/www.plastic-crate.co.uk\/fr\/product\/commercial-pizza-dough-proofing-boxes-db4375\/\" \/>\n<meta property=\"og:site_name\" content=\"Euro crates Manufacturer\" \/>\n<meta property=\"article:modified_time\" content=\"2025-09-15T13:11:10+00:00\" \/>\n<meta property=\"og:image\" content=\"https:\/\/www.plastic-crate.co.uk\/wp-content\/uploads\/2025\/09\/commercial-pizza-dough-proofing-boxes-1.jpg\" \/>\n\t<meta property=\"og:image:width\" content=\"2000\" \/>\n\t<meta property=\"og:image:height\" content=\"2000\" \/>\n\t<meta property=\"og:image:type\" content=\"image\/jpeg\" \/>\n<meta name=\"twitter:card\" content=\"summary_large_image\" \/>\n<meta name=\"twitter:label1\" content=\"Est. reading time\" \/>\n\t<meta name=\"twitter:data1\" content=\"1 minute\" \/>\n<script type=\"application\/ld+json\" class=\"yoast-schema-graph\">{\"@context\":\"https:\/\/schema.org\",\"@graph\":[{\"@type\":\"WebPage\",\"@id\":\"https:\/\/www.plastic-crate.co.uk\/product\/commercial-pizza-dough-proofing-boxes-db4375\/\",\"url\":\"https:\/\/www.plastic-crate.co.uk\/product\/commercial-pizza-dough-proofing-boxes-db4375\/\",\"name\":\"Commercial Pizza Dough Proofing Boxes DB4375 - Euro crates Manufacturer\",\"isPartOf\":{\"@id\":\"https:\/\/www.plastic-crate.co.uk\/#website\"},\"primaryImageOfPage\":{\"@id\":\"https:\/\/www.plastic-crate.co.uk\/product\/commercial-pizza-dough-proofing-boxes-db4375\/#primaryimage\"},\"image\":{\"@id\":\"https:\/\/www.plastic-crate.co.uk\/product\/commercial-pizza-dough-proofing-boxes-db4375\/#primaryimage\"},\"thumbnailUrl\":\"https:\/\/www.plastic-crate.co.uk\/wp-content\/uploads\/2025\/09\/commercial-pizza-dough-proofing-boxes-1.jpg\",\"datePublished\":\"2025-09-07T12:20:40+00:00\",\"dateModified\":\"2025-09-15T13:11:10+00:00\",\"breadcrumb\":{\"@id\":\"https:\/\/www.plastic-crate.co.uk\/product\/commercial-pizza-dough-proofing-boxes-db4375\/#breadcrumb\"},\"inLanguage\":\"fr-FR\",\"potentialAction\":[{\"@type\":\"ReadAction\",\"target\":[\"https:\/\/www.plastic-crate.co.uk\/product\/commercial-pizza-dough-proofing-boxes-db4375\/\"]}]},{\"@type\":\"ImageObject\",\"inLanguage\":\"fr-FR\",\"@id\":\"https:\/\/www.plastic-crate.co.uk\/product\/commercial-pizza-dough-proofing-boxes-db4375\/#primaryimage\",\"url\":\"https:\/\/www.plastic-crate.co.uk\/wp-content\/uploads\/2025\/09\/commercial-pizza-dough-proofing-boxes-1.jpg\",\"contentUrl\":\"https:\/\/www.plastic-crate.co.uk\/wp-content\/uploads\/2025\/09\/commercial-pizza-dough-proofing-boxes-1.jpg\",\"width\":2000,\"height\":2000,\"caption\":\"Commercial Pizza Dough Proofing Boxes\"},{\"@type\":\"BreadcrumbList\",\"@id\":\"https:\/\/www.plastic-crate.co.uk\/product\/commercial-pizza-dough-proofing-boxes-db4375\/#breadcrumb\",\"itemListElement\":[{\"@type\":\"ListItem\",\"position\":1,\"name\":\"Shop\",\"item\":\"https:\/\/www.plastic-crate.co.uk\/shop\/\"},{\"@type\":\"ListItem\",\"position\":2,\"name\":\"Commercial Pizza Dough Proofing Boxes DB4375\"}]},{\"@type\":\"WebSite\",\"@id\":\"https:\/\/www.plastic-crate.co.uk\/#website\",\"url\":\"https:\/\/www.plastic-crate.co.uk\/\",\"name\":\"Euro crates Manufacturer\",\"description\":\"wholesale Euro containers, plastic euro crates with lids, curo boxes without lids\",\"publisher\":{\"@id\":\"https:\/\/www.plastic-crate.co.uk\/#organization\"},\"potentialAction\":[{\"@type\":\"SearchAction\",\"target\":{\"@type\":\"EntryPoint\",\"urlTemplate\":\"https:\/\/www.plastic-crate.co.uk\/?s={search_term_string}\"},\"query-input\":{\"@type\":\"PropertyValueSpecification\",\"valueRequired\":true,\"valueName\":\"search_term_string\"}}],\"inLanguage\":\"fr-FR\"},{\"@type\":\"Organization\",\"@id\":\"https:\/\/www.plastic-crate.co.uk\/#organization\",\"name\":\"Euro crates Manufacturer\",\"url\":\"https:\/\/www.plastic-crate.co.uk\/\",\"logo\":{\"@type\":\"ImageObject\",\"inLanguage\":\"fr-FR\",\"@id\":\"https:\/\/www.plastic-crate.co.uk\/#\/schema\/logo\/image\/\",\"url\":\"https:\/\/www.plastic-crate.co.uk\/wp-content\/uploads\/2020\/10\/cropped-logo.png\",\"contentUrl\":\"https:\/\/www.plastic-crate.co.uk\/wp-content\/uploads\/2020\/10\/cropped-logo.png\",\"width\":300,\"height\":66,\"caption\":\"Euro crates Manufacturer\"},\"image\":{\"@id\":\"https:\/\/www.plastic-crate.co.uk\/#\/schema\/logo\/image\/\"}}]}<\/script>\n<!-- \/ Yoast SEO plugin. -->","yoast_head_json":{"title":"Caisses de fermentation pour p\u00e2te \u00e0 pizza DB4375 - Fabricant de caisses Euro","robots":{"index":"index","follow":"follow","max-snippet":"max-snippet:-1","max-image-preview":"max-image-preview:large","max-video-preview":"max-video-preview:-1"},"canonical":"https:\/\/www.plastic-crate.co.uk\/fr\/product\/commercial-pizza-dough-proofing-boxes-db4375\/","og_locale":"fr_FR","og_type":"article","og_title":"Commercial Pizza Dough Proofing Boxes DB4375 - Euro crates Manufacturer","og_description":"Elevate your pizza-making experience with our Commercial Pizza Dough Proofing Boxes. Designed for both amateur pizza enthusiasts and professional chefs, these proofing boxes are essential for achieving the perfect dough consistency. Key Features: Durable Construction: Made from high-quality, food-safe plastic, our proofing boxes are built to withstand heavy use in busy kitchens, ensuring longevity and &hellip; Commercial Pizza Dough Proofing Boxes DB4375 Read More &raquo;","og_url":"https:\/\/www.plastic-crate.co.uk\/fr\/product\/commercial-pizza-dough-proofing-boxes-db4375\/","og_site_name":"Euro crates Manufacturer","article_modified_time":"2025-09-15T13:11:10+00:00","og_image":[{"width":2000,"height":2000,"url":"https:\/\/www.plastic-crate.co.uk\/wp-content\/uploads\/2025\/09\/commercial-pizza-dough-proofing-boxes-1.jpg","type":"image\/jpeg"}],"twitter_card":"summary_large_image","twitter_misc":{"Est. reading time":"1 minute"},"schema":{"@context":"https:\/\/schema.org","@graph":[{"@type":"WebPage","@id":"https:\/\/www.plastic-crate.co.uk\/product\/commercial-pizza-dough-proofing-boxes-db4375\/","url":"https:\/\/www.plastic-crate.co.uk\/product\/commercial-pizza-dough-proofing-boxes-db4375\/","name":"Caisses de fermentation pour p\u00e2te \u00e0 pizza DB4375 - Fabricant de caisses Euro","isPartOf":{"@id":"https:\/\/www.plastic-crate.co.uk\/#website"},"primaryImageOfPage":{"@id":"https:\/\/www.plastic-crate.co.uk\/product\/commercial-pizza-dough-proofing-boxes-db4375\/#primaryimage"},"image":{"@id":"https:\/\/www.plastic-crate.co.uk\/product\/commercial-pizza-dough-proofing-boxes-db4375\/#primaryimage"},"thumbnailUrl":"https:\/\/www.plastic-crate.co.uk\/wp-content\/uploads\/2025\/09\/commercial-pizza-dough-proofing-boxes-1.jpg","datePublished":"2025-09-07T12:20:40+00:00","dateModified":"2025-09-15T13:11:10+00:00","breadcrumb":{"@id":"https:\/\/www.plastic-crate.co.uk\/product\/commercial-pizza-dough-proofing-boxes-db4375\/#breadcrumb"},"inLanguage":"fr-FR","potentialAction":[{"@type":"ReadAction","target":["https:\/\/www.plastic-crate.co.uk\/product\/commercial-pizza-dough-proofing-boxes-db4375\/"]}]},{"@type":"ImageObject","inLanguage":"fr-FR","@id":"https:\/\/www.plastic-crate.co.uk\/product\/commercial-pizza-dough-proofing-boxes-db4375\/#primaryimage","url":"https:\/\/www.plastic-crate.co.uk\/wp-content\/uploads\/2025\/09\/commercial-pizza-dough-proofing-boxes-1.jpg","contentUrl":"https:\/\/www.plastic-crate.co.uk\/wp-content\/uploads\/2025\/09\/commercial-pizza-dough-proofing-boxes-1.jpg","width":2000,"height":2000,"caption":"Commercial Pizza Dough Proofing Boxes"},{"@type":"BreadcrumbList","@id":"https:\/\/www.plastic-crate.co.uk\/product\/commercial-pizza-dough-proofing-boxes-db4375\/#breadcrumb","itemListElement":[{"@type":"ListItem","position":1,"name":"Shop","item":"https:\/\/www.plastic-crate.co.uk\/shop\/"},{"@type":"ListItem","position":2,"name":"Commercial Pizza Dough Proofing Boxes DB4375"}]},{"@type":"WebSite","@id":"https:\/\/www.plastic-crate.co.uk\/#website","url":"https:\/\/www.plastic-crate.co.uk\/","name":"Fabricant de caisses Euro","description":"Conteneurs Euro en gros, caisses Euro en plastique avec couvercles, bo\u00eetes Curo sans couvercles","publisher":{"@id":"https:\/\/www.plastic-crate.co.uk\/#organization"},"potentialAction":[{"@type":"SearchAction","target":{"@type":"EntryPoint","urlTemplate":"https:\/\/www.plastic-crate.co.uk\/?s={search_term_string}"},"query-input":{"@type":"PropertyValueSpecification","valueRequired":true,"valueName":"search_term_string"}}],"inLanguage":"fr-FR"},{"@type":"Organization","@id":"https:\/\/www.plastic-crate.co.uk\/#organization","name":"Fabricant de caisses Euro","url":"https:\/\/www.plastic-crate.co.uk\/","logo":{"@type":"ImageObject","inLanguage":"fr-FR","@id":"https:\/\/www.plastic-crate.co.uk\/#\/schema\/logo\/image\/","url":"https:\/\/www.plastic-crate.co.uk\/wp-content\/uploads\/2020\/10\/cropped-logo.png","contentUrl":"https:\/\/www.plastic-crate.co.uk\/wp-content\/uploads\/2020\/10\/cropped-logo.png","width":300,"height":66,"caption":"Euro crates Manufacturer"},"image":{"@id":"https:\/\/www.plastic-crate.co.uk\/#\/schema\/logo\/image\/"}}]}},"_links":{"self":[{"href":"https:\/\/www.plastic-crate.co.uk\/fr\/wp-json\/wp\/v2\/product\/6309","targetHints":{"allow":["GET"]}}],"collection":[{"href":"https:\/\/www.plastic-crate.co.uk\/fr\/wp-json\/wp\/v2\/product"}],"about":[{"href":"https:\/\/www.plastic-crate.co.uk\/fr\/wp-json\/wp\/v2\/types\/product"}],"wp:featuredmedia":[{"embeddable":true,"href":"https:\/\/www.plastic-crate.co.uk\/fr\/wp-json\/wp\/v2\/media\/6302"}],"wp:attachment":[{"href":"https:\/\/www.plastic-crate.co.uk\/fr\/wp-json\/wp\/v2\/media?parent=6309"}],"wp:term":[{"taxonomy":"product_brand","embeddable":true,"href":"https:\/\/www.plastic-crate.co.uk\/fr\/wp-json\/wp\/v2\/product_brand?post=6309"},{"taxonomy":"product_cat","embeddable":true,"href":"https:\/\/www.plastic-crate.co.uk\/fr\/wp-json\/wp\/v2\/product_cat?post=6309"},{"taxonomy":"product_tag","embeddable":true,"href":"https:\/\/www.plastic-crate.co.uk\/fr\/wp-json\/wp\/v2\/product_tag?post=6309"}],"curies":[{"name":"wp","href":"https:\/\/api.w.org\/{rel}","templated":true}]}}