{"id":6260,"date":"2025-01-31T12:24:10","date_gmt":"2025-01-31T12:24:10","guid":{"rendered":"https:\/\/www.plastic-crate.co.uk\/?post_type=product&#038;p=6260"},"modified":"2025-01-31T12:24:40","modified_gmt":"2025-01-31T12:24:40","slug":"stackable-trays-for-food","status":"publish","type":"product","link":"https:\/\/www.plastic-crate.co.uk\/fr\/product\/stackable-trays-for-food\/","title":{"rendered":"Plateaux empilables pour aliments"},"content":{"rendered":"<p data-line=\"2\"><strong>Conception robuste<\/strong>:Fabriqu\u00e9s \u00e0 partir de polypropyl\u00e8ne (PP) de qualit\u00e9 sup\u00e9rieure, nos plateaux empilables pour aliments sont con\u00e7us pour r\u00e9sister aux rigueurs des environnements tr\u00e8s fr\u00e9quent\u00e9s comme les restaurants, les h\u00f4tels et les bars, garantissant des performances durables m\u00eame en cas d&#039;utilisation intensive.<\/p>\n<p data-line=\"4\"><strong>Personnalisation disponible<\/strong>Am\u00e9liorez la visibilit\u00e9 de votre marque gr\u00e2ce \u00e0 notre option de personnalisation, qui vous permet d&#039;imprimer votre logo directement sur le plateau. D\u00e9marquez-vous dans votre secteur et laissez une impression durable \u00e0 vos clients.<\/p>\n<p data-line=\"6\"><strong>Utilisation polyvalente<\/strong>Ce plateau de service est id\u00e9al pour de nombreux \u00e9tablissements, notamment les restaurants, les h\u00f4tels et les bars. Sa polyvalence en fait un atout essentiel pour tout service de restauration.<\/p>\n<p data-line=\"8\"><strong>Emballage efficace<\/strong>:Chaque plateau est emball\u00e9 de mani\u00e8re pratique dans des cartons contenant 200 pi\u00e8ces, ce qui rend le stockage et le transport sans tracas pour votre entreprise.<\/p>\n<p data-line=\"10\"><strong>Dimensions optimales<\/strong>:Mesurant 18\u2033 x 26\u2033, ce plateau est id\u00e9al pour servir des repas copieux tels que des hamburgers et des d\u00eeners copieux, r\u00e9pondant sans effort aux demandes de vos pr\u00e9cieux clients.<\/p>\n<p><a href=\"https:\/\/www.dollymoving.com\/\" target=\"_blank\" rel=\"noopener\">chariot de d\u00e9m\u00e9nagement<\/a>, <a href=\"https:\/\/www.poolteststrip.com\/product-category\/pool-salt-test-strips\/\" target=\"_blank\" rel=\"noopener\">bandelettes de test pour l&#039;eau sal\u00e9e<\/a>, <a href=\"https:\/\/www.ahotech.com\/custom-battery-packs\/\" target=\"_blank\" rel=\"noopener\">pack de batteries personnalis\u00e9<\/a><\/p>","protected":false},"excerpt":{"rendered":"<p>Service OEM et ODM disponible<\/p>","protected":false},"featured_media":6261,"template":"","meta":{"_acf_changed":false,"site-sidebar-layout":"default","site-content-layout":"default","ast-main-header-display":"","ast-hfb-above-header-display":"","ast-hfb-below-header-display":"","ast-hfb-mobile-header-display":"","site-post-title":"","ast-breadcrumbs-content":"","ast-featured-img":"","footer-sml-layout":"","theme-transparent-header-meta":"","adv-header-id-meta":"","stick-header-meta":"","header-above-stick-meta":"","header-main-stick-meta":"","header-below-stick-meta":""},"product_brand":[],"product_cat":[84],"product_tag":[],"class_list":{"0":"post-6260","1":"product","2":"type-product","3":"status-publish","4":"has-post-thumbnail","6":"product_cat-plastic-trays","8":"first","9":"instock","10":"product-type-simple"},"acf":[],"yoast_head":"<!-- This site is optimized with the Yoast SEO plugin v26.9 - https:\/\/yoast.com\/product\/yoast-seo-wordpress\/ -->\n<title>Stackable trays for food wholesale<\/title>\n<meta name=\"description\" content=\"Stackable trays for food, plastic Stackable trays for food at wholesale prices, OEM &amp; ODM service available, dinner trays wholesale\" \/>\n<meta name=\"robots\" content=\"index, follow, max-snippet:-1, max-image-preview:large, max-video-preview:-1\" \/>\n<link rel=\"canonical\" href=\"https:\/\/www.plastic-crate.co.uk\/fr\/product\/stackable-trays-for-food\/\" \/>\n<meta property=\"og:locale\" content=\"fr_FR\" \/>\n<meta property=\"og:type\" content=\"article\" \/>\n<meta property=\"og:title\" content=\"stackable folding crate, High Quality stackable folding crate Wholesale\" \/>\n<meta property=\"og:description\" content=\"Stackable trays for food, plastic Stackable trays for food at wholesale prices, OEM &amp; ODM service available, dinner trays wholesale\" \/>\n<meta property=\"og:url\" content=\"https:\/\/www.plastic-crate.co.uk\/fr\/product\/stackable-trays-for-food\/\" \/>\n<meta property=\"og:site_name\" content=\"Euro crates Manufacturer\" \/>\n<meta property=\"article:modified_time\" content=\"2025-01-31T12:24:40+00:00\" \/>\n<meta property=\"og:image\" content=\"https:\/\/www.plastic-crate.co.uk\/wp-content\/uploads\/2025\/01\/stackable-trays-for-food-1.jpg\" \/>\n\t<meta property=\"og:image:width\" content=\"720\" \/>\n\t<meta property=\"og:image:height\" content=\"720\" \/>\n\t<meta property=\"og:image:type\" content=\"image\/jpeg\" \/>\n<meta name=\"twitter:card\" content=\"summary_large_image\" \/>\n<meta name=\"twitter:title\" content=\"stackable folding crate, High Quality stackable folding crate Wholesale\" \/>\n<meta name=\"twitter:label1\" content=\"Est. reading time\" \/>\n\t<meta name=\"twitter:data1\" content=\"1 minute\" \/>\n<script type=\"application\/ld+json\" class=\"yoast-schema-graph\">{\"@context\":\"https:\/\/schema.org\",\"@graph\":[{\"@type\":\"WebPage\",\"@id\":\"https:\/\/www.plastic-crate.co.uk\/product\/stackable-trays-for-food\/\",\"url\":\"https:\/\/www.plastic-crate.co.uk\/product\/stackable-trays-for-food\/\",\"name\":\"Stackable trays for food wholesale\",\"isPartOf\":{\"@id\":\"https:\/\/www.plastic-crate.co.uk\/#website\"},\"primaryImageOfPage\":{\"@id\":\"https:\/\/www.plastic-crate.co.uk\/product\/stackable-trays-for-food\/#primaryimage\"},\"image\":{\"@id\":\"https:\/\/www.plastic-crate.co.uk\/product\/stackable-trays-for-food\/#primaryimage\"},\"thumbnailUrl\":\"https:\/\/www.plastic-crate.co.uk\/wp-content\/uploads\/2025\/01\/stackable-trays-for-food-1.jpg\",\"datePublished\":\"2025-01-31T12:24:10+00:00\",\"dateModified\":\"2025-01-31T12:24:40+00:00\",\"description\":\"Stackable trays for food, plastic Stackable trays for food at wholesale prices, OEM & ODM service available, dinner trays wholesale\",\"breadcrumb\":{\"@id\":\"https:\/\/www.plastic-crate.co.uk\/product\/stackable-trays-for-food\/#breadcrumb\"},\"inLanguage\":\"fr-FR\",\"potentialAction\":[{\"@type\":\"ReadAction\",\"target\":[\"https:\/\/www.plastic-crate.co.uk\/product\/stackable-trays-for-food\/\"]}]},{\"@type\":\"ImageObject\",\"inLanguage\":\"fr-FR\",\"@id\":\"https:\/\/www.plastic-crate.co.uk\/product\/stackable-trays-for-food\/#primaryimage\",\"url\":\"https:\/\/www.plastic-crate.co.uk\/wp-content\/uploads\/2025\/01\/stackable-trays-for-food-1.jpg\",\"contentUrl\":\"https:\/\/www.plastic-crate.co.uk\/wp-content\/uploads\/2025\/01\/stackable-trays-for-food-1.jpg\",\"width\":720,\"height\":720,\"caption\":\"stackable trays for food\"},{\"@type\":\"BreadcrumbList\",\"@id\":\"https:\/\/www.plastic-crate.co.uk\/product\/stackable-trays-for-food\/#breadcrumb\",\"itemListElement\":[{\"@type\":\"ListItem\",\"position\":1,\"name\":\"Shop\",\"item\":\"https:\/\/www.plastic-crate.co.uk\/shop\/\"},{\"@type\":\"ListItem\",\"position\":2,\"name\":\"Stackable trays for food\"}]},{\"@type\":\"WebSite\",\"@id\":\"https:\/\/www.plastic-crate.co.uk\/#website\",\"url\":\"https:\/\/www.plastic-crate.co.uk\/\",\"name\":\"Euro crates Manufacturer\",\"description\":\"wholesale Euro containers, plastic euro crates with lids, curo boxes without lids\",\"publisher\":{\"@id\":\"https:\/\/www.plastic-crate.co.uk\/#organization\"},\"potentialAction\":[{\"@type\":\"SearchAction\",\"target\":{\"@type\":\"EntryPoint\",\"urlTemplate\":\"https:\/\/www.plastic-crate.co.uk\/?s={search_term_string}\"},\"query-input\":{\"@type\":\"PropertyValueSpecification\",\"valueRequired\":true,\"valueName\":\"search_term_string\"}}],\"inLanguage\":\"fr-FR\"},{\"@type\":\"Organization\",\"@id\":\"https:\/\/www.plastic-crate.co.uk\/#organization\",\"name\":\"Euro crates Manufacturer\",\"url\":\"https:\/\/www.plastic-crate.co.uk\/\",\"logo\":{\"@type\":\"ImageObject\",\"inLanguage\":\"fr-FR\",\"@id\":\"https:\/\/www.plastic-crate.co.uk\/#\/schema\/logo\/image\/\",\"url\":\"https:\/\/www.plastic-crate.co.uk\/wp-content\/uploads\/2020\/10\/cropped-logo.png\",\"contentUrl\":\"https:\/\/www.plastic-crate.co.uk\/wp-content\/uploads\/2020\/10\/cropped-logo.png\",\"width\":300,\"height\":66,\"caption\":\"Euro crates Manufacturer\"},\"image\":{\"@id\":\"https:\/\/www.plastic-crate.co.uk\/#\/schema\/logo\/image\/\"}}]}<\/script>\n<!-- \/ Yoast SEO plugin. -->","yoast_head_json":{"title":"Plateaux empilables pour la vente en gros de produits alimentaires","description":"Plateaux empilables pour aliments, plateaux empilables en plastique pour aliments \u00e0 prix de gros, service OEM et ODM disponible, plateaux repas en gros","robots":{"index":"index","follow":"follow","max-snippet":"max-snippet:-1","max-image-preview":"max-image-preview:large","max-video-preview":"max-video-preview:-1"},"canonical":"https:\/\/www.plastic-crate.co.uk\/fr\/product\/stackable-trays-for-food\/","og_locale":"fr_FR","og_type":"article","og_title":"stackable folding crate, High Quality stackable folding crate Wholesale","og_description":"Stackable trays for food, plastic Stackable trays for food at wholesale prices, OEM & ODM service available, dinner trays wholesale","og_url":"https:\/\/www.plastic-crate.co.uk\/fr\/product\/stackable-trays-for-food\/","og_site_name":"Euro crates Manufacturer","article_modified_time":"2025-01-31T12:24:40+00:00","og_image":[{"width":720,"height":720,"url":"https:\/\/www.plastic-crate.co.uk\/wp-content\/uploads\/2025\/01\/stackable-trays-for-food-1.jpg","type":"image\/jpeg"}],"twitter_card":"summary_large_image","twitter_title":"stackable folding crate, High Quality stackable folding crate Wholesale","twitter_misc":{"Est. reading time":"1 minute"},"schema":{"@context":"https:\/\/schema.org","@graph":[{"@type":"WebPage","@id":"https:\/\/www.plastic-crate.co.uk\/product\/stackable-trays-for-food\/","url":"https:\/\/www.plastic-crate.co.uk\/product\/stackable-trays-for-food\/","name":"Plateaux empilables pour la vente en gros de produits alimentaires","isPartOf":{"@id":"https:\/\/www.plastic-crate.co.uk\/#website"},"primaryImageOfPage":{"@id":"https:\/\/www.plastic-crate.co.uk\/product\/stackable-trays-for-food\/#primaryimage"},"image":{"@id":"https:\/\/www.plastic-crate.co.uk\/product\/stackable-trays-for-food\/#primaryimage"},"thumbnailUrl":"https:\/\/www.plastic-crate.co.uk\/wp-content\/uploads\/2025\/01\/stackable-trays-for-food-1.jpg","datePublished":"2025-01-31T12:24:10+00:00","dateModified":"2025-01-31T12:24:40+00:00","description":"Plateaux empilables pour aliments, plateaux empilables en plastique pour aliments \u00e0 prix de gros, service OEM et ODM disponible, plateaux repas en gros","breadcrumb":{"@id":"https:\/\/www.plastic-crate.co.uk\/product\/stackable-trays-for-food\/#breadcrumb"},"inLanguage":"fr-FR","potentialAction":[{"@type":"ReadAction","target":["https:\/\/www.plastic-crate.co.uk\/product\/stackable-trays-for-food\/"]}]},{"@type":"ImageObject","inLanguage":"fr-FR","@id":"https:\/\/www.plastic-crate.co.uk\/product\/stackable-trays-for-food\/#primaryimage","url":"https:\/\/www.plastic-crate.co.uk\/wp-content\/uploads\/2025\/01\/stackable-trays-for-food-1.jpg","contentUrl":"https:\/\/www.plastic-crate.co.uk\/wp-content\/uploads\/2025\/01\/stackable-trays-for-food-1.jpg","width":720,"height":720,"caption":"stackable trays for food"},{"@type":"BreadcrumbList","@id":"https:\/\/www.plastic-crate.co.uk\/product\/stackable-trays-for-food\/#breadcrumb","itemListElement":[{"@type":"ListItem","position":1,"name":"Shop","item":"https:\/\/www.plastic-crate.co.uk\/shop\/"},{"@type":"ListItem","position":2,"name":"Stackable trays for food"}]},{"@type":"WebSite","@id":"https:\/\/www.plastic-crate.co.uk\/#website","url":"https:\/\/www.plastic-crate.co.uk\/","name":"Fabricant de caisses Euro","description":"Conteneurs Euro en gros, caisses Euro en plastique avec couvercles, bo\u00eetes Curo sans couvercles","publisher":{"@id":"https:\/\/www.plastic-crate.co.uk\/#organization"},"potentialAction":[{"@type":"SearchAction","target":{"@type":"EntryPoint","urlTemplate":"https:\/\/www.plastic-crate.co.uk\/?s={search_term_string}"},"query-input":{"@type":"PropertyValueSpecification","valueRequired":true,"valueName":"search_term_string"}}],"inLanguage":"fr-FR"},{"@type":"Organization","@id":"https:\/\/www.plastic-crate.co.uk\/#organization","name":"Fabricant de caisses Euro","url":"https:\/\/www.plastic-crate.co.uk\/","logo":{"@type":"ImageObject","inLanguage":"fr-FR","@id":"https:\/\/www.plastic-crate.co.uk\/#\/schema\/logo\/image\/","url":"https:\/\/www.plastic-crate.co.uk\/wp-content\/uploads\/2020\/10\/cropped-logo.png","contentUrl":"https:\/\/www.plastic-crate.co.uk\/wp-content\/uploads\/2020\/10\/cropped-logo.png","width":300,"height":66,"caption":"Euro crates Manufacturer"},"image":{"@id":"https:\/\/www.plastic-crate.co.uk\/#\/schema\/logo\/image\/"}}]}},"_links":{"self":[{"href":"https:\/\/www.plastic-crate.co.uk\/fr\/wp-json\/wp\/v2\/product\/6260","targetHints":{"allow":["GET"]}}],"collection":[{"href":"https:\/\/www.plastic-crate.co.uk\/fr\/wp-json\/wp\/v2\/product"}],"about":[{"href":"https:\/\/www.plastic-crate.co.uk\/fr\/wp-json\/wp\/v2\/types\/product"}],"wp:featuredmedia":[{"embeddable":true,"href":"https:\/\/www.plastic-crate.co.uk\/fr\/wp-json\/wp\/v2\/media\/6261"}],"wp:attachment":[{"href":"https:\/\/www.plastic-crate.co.uk\/fr\/wp-json\/wp\/v2\/media?parent=6260"}],"wp:term":[{"taxonomy":"product_brand","embeddable":true,"href":"https:\/\/www.plastic-crate.co.uk\/fr\/wp-json\/wp\/v2\/product_brand?post=6260"},{"taxonomy":"product_cat","embeddable":true,"href":"https:\/\/www.plastic-crate.co.uk\/fr\/wp-json\/wp\/v2\/product_cat?post=6260"},{"taxonomy":"product_tag","embeddable":true,"href":"https:\/\/www.plastic-crate.co.uk\/fr\/wp-json\/wp\/v2\/product_tag?post=6260"}],"curies":[{"name":"wp","href":"https:\/\/api.w.org\/{rel}","templated":true}]}}