{"id":6206,"date":"2023-11-25T16:03:48","date_gmt":"2023-11-25T16:03:48","guid":{"rendered":"https:\/\/www.plastic-crate.co.uk\/?post_type=product&#038;p=6206"},"modified":"2026-03-16T00:26:35","modified_gmt":"2026-03-16T00:26:35","slug":"plastic-bottle-crate-6-bottle-crate-with-handle","status":"publish","type":"product","link":"https:\/\/www.plastic-crate.co.uk\/fr\/product\/plastic-bottle-crate-6-bottle-crate-with-handle\/","title":{"rendered":"Caisse \u00e0 bouteilles en plastique, caisse pour 6 bouteilles avec poign\u00e9e"},"content":{"rendered":"<p>D\u00e9couvrez notre caisse \u00e0 bouteilles en plastique\u00a0: une solution polyvalente et robuste pour organiser et transporter facilement vos boissons. Con\u00e7ues pour \u00eatre durables et pratiques, ces caisses r\u00e9volutionnent le stockage et la distribution des bouteilles. Elles peuvent \u00eatre utilis\u00e9es comme caisses de transport de boissons, caisses \u00e0 vin ou caisses \u00e0 ours.<\/p>\n<div style=\"width: 1280px;\" class=\"wp-video\"><video class=\"wp-video-shortcode\" id=\"video-6206-1\" width=\"1280\" height=\"720\" preload=\"metadata\" controls=\"controls\"><source type=\"video\/mp4\" src=\"https:\/\/www.plastic-crate.co.uk\/wp-content\/uploads\/2023\/11\/plastic-bottle-crate.mp4?_=1\" \/><a href=\"https:\/\/www.plastic-crate.co.uk\/wp-content\/uploads\/2023\/11\/plastic-bottle-crate.mp4\">https:\/\/www.plastic-crate.co.uk\/wp-content\/uploads\/2023\/11\/plastic-bottle-crate.mp4<\/a><\/video><\/div>\n<p>&nbsp;<\/p>\n<p>nous vendons \u00e9galement <a href=\"https:\/\/www.plastic-crate.co.uk\/fr\/product-category\/supermarket-crates-bale-arm-crates\/\" target=\"_blank\" rel=\"noopener\">Caisses d&#039;\u00e9picerie<\/a>, <a href=\"https:\/\/www.plastic-crate.co.uk\/fr\/product-tag\/ifco-crates-for-sale\/\">conteneurs ifco<\/a>, <a href=\"https:\/\/www.plastic-crate.co.uk\/fr\/product-category\/plastic-trays\/\" rel=\"noopener\">plateaux \u00e0 pain en plastique<\/a>,<\/p>\n<p><a href=\"https:\/\/www.ph-teststrips.com\/product-category\/test-strips-for-water-hardness\/\" target=\"_blank\" rel=\"noopener\">bandelette de test de duret\u00e9 de l&#039;eau<\/a><\/p>","protected":false},"excerpt":{"rendered":"<p>Introducing our Plastic Bottle Crate \u2013 a versatile and robust solution for organizing and transporting your beverages with ease. Crafted with durability and practicality in mind, these crates redefine efficiency in the storage and distribution of bottled goods. can be used as beverage transportation crates, wine crates, bear crates. &nbsp; we also sell Grocery store &hellip;<\/p>\n<p class=\"read-more\"> <a class=\"\" href=\"https:\/\/www.plastic-crate.co.uk\/fr\/product\/plastic-bottle-crate-6-bottle-crate-with-handle\/\"> <span class=\"screen-reader-text\">Caisse \u00e0 bouteilles en plastique, caisse pour 6 bouteilles avec poign\u00e9e<\/span> En savoir plus &quot;<\/a><\/p>","protected":false},"featured_media":6210,"template":"","meta":{"_acf_changed":false,"site-sidebar-layout":"default","site-content-layout":"default","ast-main-header-display":"","ast-hfb-above-header-display":"","ast-hfb-below-header-display":"","ast-hfb-mobile-header-display":"","site-post-title":"","ast-breadcrumbs-content":"","ast-featured-img":"","footer-sml-layout":"","theme-transparent-header-meta":"","adv-header-id-meta":"","stick-header-meta":"","header-above-stick-meta":"","header-main-stick-meta":"","header-below-stick-meta":""},"product_brand":[],"product_cat":[83],"product_tag":[97],"class_list":{"0":"post-6206","1":"product","2":"type-product","3":"status-publish","4":"has-post-thumbnail","6":"product_cat-plastic-milk-crates","7":"product_tag-water-bottle-crate","9":"first","10":"instock","11":"sale","12":"purchasable","13":"product-type-simple"},"acf":[],"yoast_head":"<!-- This site is optimized with the Yoast SEO plugin v26.9 - https:\/\/yoast.com\/product\/yoast-seo-wordpress\/ -->\n<title>Plastic bottle crate, 6 bottle crate with handle wholesale<\/title>\n<meta name=\"description\" content=\"Plastic bottle crate, multifunctional wine crates wholesale prices, OEM &amp; ODM service available, wholesale multifunctional bottle crate\" \/>\n<meta name=\"robots\" content=\"index, follow, max-snippet:-1, max-image-preview:large, max-video-preview:-1\" \/>\n<link rel=\"canonical\" href=\"https:\/\/www.plastic-crate.co.uk\/fr\/product\/plastic-bottle-crate-6-bottle-crate-with-handle\/\" \/>\n<meta property=\"og:locale\" content=\"fr_FR\" \/>\n<meta property=\"og:type\" content=\"article\" \/>\n<meta property=\"og:title\" content=\"stackable folding crate, High Quality stackable folding crate Wholesale\" \/>\n<meta property=\"og:description\" content=\"Plastic bottle crate, multifunctional wine crates wholesale prices, OEM &amp; ODM service available, wholesale multifunctional bottle crate\" \/>\n<meta property=\"og:url\" content=\"https:\/\/www.plastic-crate.co.uk\/fr\/product\/plastic-bottle-crate-6-bottle-crate-with-handle\/\" \/>\n<meta property=\"og:site_name\" content=\"Euro crates Manufacturer\" \/>\n<meta property=\"article:modified_time\" content=\"2026-03-16T00:26:35+00:00\" \/>\n<meta property=\"og:image\" content=\"https:\/\/www.plastic-crate.co.uk\/wp-content\/uploads\/2023\/11\/plastic-bottle-crate-4.jpeg\" \/>\n\t<meta property=\"og:image:width\" content=\"1000\" \/>\n\t<meta property=\"og:image:height\" content=\"1000\" \/>\n\t<meta property=\"og:image:type\" content=\"image\/jpeg\" \/>\n<meta name=\"twitter:card\" content=\"summary_large_image\" \/>\n<meta name=\"twitter:title\" content=\"stackable folding crate, High Quality stackable folding crate Wholesale\" \/>\n<meta name=\"twitter:label1\" content=\"Est. reading time\" \/>\n\t<meta name=\"twitter:data1\" content=\"1 minute\" \/>\n<script type=\"application\/ld+json\" class=\"yoast-schema-graph\">{\"@context\":\"https:\/\/schema.org\",\"@graph\":[{\"@type\":\"WebPage\",\"@id\":\"https:\/\/www.plastic-crate.co.uk\/product\/plastic-bottle-crate-6-bottle-crate-with-handle\/\",\"url\":\"https:\/\/www.plastic-crate.co.uk\/product\/plastic-bottle-crate-6-bottle-crate-with-handle\/\",\"name\":\"Plastic bottle crate, 6 bottle crate with handle wholesale\",\"isPartOf\":{\"@id\":\"https:\/\/www.plastic-crate.co.uk\/#website\"},\"primaryImageOfPage\":{\"@id\":\"https:\/\/www.plastic-crate.co.uk\/product\/plastic-bottle-crate-6-bottle-crate-with-handle\/#primaryimage\"},\"image\":{\"@id\":\"https:\/\/www.plastic-crate.co.uk\/product\/plastic-bottle-crate-6-bottle-crate-with-handle\/#primaryimage\"},\"thumbnailUrl\":\"https:\/\/www.plastic-crate.co.uk\/wp-content\/uploads\/2023\/11\/plastic-bottle-crate-4.jpeg\",\"datePublished\":\"2023-11-25T16:03:48+00:00\",\"dateModified\":\"2026-03-16T00:26:35+00:00\",\"description\":\"Plastic bottle crate, multifunctional wine crates wholesale prices, OEM & ODM service available, wholesale multifunctional bottle crate\",\"breadcrumb\":{\"@id\":\"https:\/\/www.plastic-crate.co.uk\/product\/plastic-bottle-crate-6-bottle-crate-with-handle\/#breadcrumb\"},\"inLanguage\":\"fr-FR\",\"potentialAction\":[{\"@type\":\"ReadAction\",\"target\":[\"https:\/\/www.plastic-crate.co.uk\/product\/plastic-bottle-crate-6-bottle-crate-with-handle\/\"]}]},{\"@type\":\"ImageObject\",\"inLanguage\":\"fr-FR\",\"@id\":\"https:\/\/www.plastic-crate.co.uk\/product\/plastic-bottle-crate-6-bottle-crate-with-handle\/#primaryimage\",\"url\":\"https:\/\/www.plastic-crate.co.uk\/wp-content\/uploads\/2023\/11\/plastic-bottle-crate-4.jpeg\",\"contentUrl\":\"https:\/\/www.plastic-crate.co.uk\/wp-content\/uploads\/2023\/11\/plastic-bottle-crate-4.jpeg\",\"width\":1000,\"height\":1000,\"caption\":\"bottle crate\"},{\"@type\":\"BreadcrumbList\",\"@id\":\"https:\/\/www.plastic-crate.co.uk\/product\/plastic-bottle-crate-6-bottle-crate-with-handle\/#breadcrumb\",\"itemListElement\":[{\"@type\":\"ListItem\",\"position\":1,\"name\":\"Shop\",\"item\":\"https:\/\/www.plastic-crate.co.uk\/shop\/\"},{\"@type\":\"ListItem\",\"position\":2,\"name\":\"Plastic bottle crate, 6 bottle crate with handle\"}]},{\"@type\":\"WebSite\",\"@id\":\"https:\/\/www.plastic-crate.co.uk\/#website\",\"url\":\"https:\/\/www.plastic-crate.co.uk\/\",\"name\":\"Euro crates Manufacturer\",\"description\":\"wholesale Euro containers, plastic euro crates with lids, curo boxes without lids\",\"publisher\":{\"@id\":\"https:\/\/www.plastic-crate.co.uk\/#organization\"},\"potentialAction\":[{\"@type\":\"SearchAction\",\"target\":{\"@type\":\"EntryPoint\",\"urlTemplate\":\"https:\/\/www.plastic-crate.co.uk\/?s={search_term_string}\"},\"query-input\":{\"@type\":\"PropertyValueSpecification\",\"valueRequired\":true,\"valueName\":\"search_term_string\"}}],\"inLanguage\":\"fr-FR\"},{\"@type\":\"Organization\",\"@id\":\"https:\/\/www.plastic-crate.co.uk\/#organization\",\"name\":\"Euro crates Manufacturer\",\"url\":\"https:\/\/www.plastic-crate.co.uk\/\",\"logo\":{\"@type\":\"ImageObject\",\"inLanguage\":\"fr-FR\",\"@id\":\"https:\/\/www.plastic-crate.co.uk\/#\/schema\/logo\/image\/\",\"url\":\"https:\/\/www.plastic-crate.co.uk\/wp-content\/uploads\/2020\/10\/cropped-logo.png\",\"contentUrl\":\"https:\/\/www.plastic-crate.co.uk\/wp-content\/uploads\/2020\/10\/cropped-logo.png\",\"width\":300,\"height\":66,\"caption\":\"Euro crates Manufacturer\"},\"image\":{\"@id\":\"https:\/\/www.plastic-crate.co.uk\/#\/schema\/logo\/image\/\"}}]}<\/script>\n<!-- \/ Yoast SEO plugin. -->","yoast_head_json":{"title":"Caisse \u00e0 bouteilles en plastique, caisse \u00e0 6 bouteilles avec poign\u00e9e, vente en gros","description":"Caisse \u00e0 bouteilles en plastique, caisses \u00e0 vin multifonctionnelles prix de gros, service OEM et ODM disponible, caisse \u00e0 bouteilles multifonctionnelle en gros","robots":{"index":"index","follow":"follow","max-snippet":"max-snippet:-1","max-image-preview":"max-image-preview:large","max-video-preview":"max-video-preview:-1"},"canonical":"https:\/\/www.plastic-crate.co.uk\/fr\/product\/plastic-bottle-crate-6-bottle-crate-with-handle\/","og_locale":"fr_FR","og_type":"article","og_title":"stackable folding crate, High Quality stackable folding crate Wholesale","og_description":"Plastic bottle crate, multifunctional wine crates wholesale prices, OEM & ODM service available, wholesale multifunctional bottle crate","og_url":"https:\/\/www.plastic-crate.co.uk\/fr\/product\/plastic-bottle-crate-6-bottle-crate-with-handle\/","og_site_name":"Euro crates Manufacturer","article_modified_time":"2026-03-16T00:26:35+00:00","og_image":[{"width":1000,"height":1000,"url":"https:\/\/www.plastic-crate.co.uk\/wp-content\/uploads\/2023\/11\/plastic-bottle-crate-4.jpeg","type":"image\/jpeg"}],"twitter_card":"summary_large_image","twitter_title":"stackable folding crate, High Quality stackable folding crate Wholesale","twitter_misc":{"Est. reading time":"1 minute"},"schema":{"@context":"https:\/\/schema.org","@graph":[{"@type":"WebPage","@id":"https:\/\/www.plastic-crate.co.uk\/product\/plastic-bottle-crate-6-bottle-crate-with-handle\/","url":"https:\/\/www.plastic-crate.co.uk\/product\/plastic-bottle-crate-6-bottle-crate-with-handle\/","name":"Caisse \u00e0 bouteilles en plastique, caisse \u00e0 6 bouteilles avec poign\u00e9e, vente en gros","isPartOf":{"@id":"https:\/\/www.plastic-crate.co.uk\/#website"},"primaryImageOfPage":{"@id":"https:\/\/www.plastic-crate.co.uk\/product\/plastic-bottle-crate-6-bottle-crate-with-handle\/#primaryimage"},"image":{"@id":"https:\/\/www.plastic-crate.co.uk\/product\/plastic-bottle-crate-6-bottle-crate-with-handle\/#primaryimage"},"thumbnailUrl":"https:\/\/www.plastic-crate.co.uk\/wp-content\/uploads\/2023\/11\/plastic-bottle-crate-4.jpeg","datePublished":"2023-11-25T16:03:48+00:00","dateModified":"2026-03-16T00:26:35+00:00","description":"Caisse \u00e0 bouteilles en plastique, caisses \u00e0 vin multifonctionnelles prix de gros, service OEM et ODM disponible, caisse \u00e0 bouteilles multifonctionnelle en gros","breadcrumb":{"@id":"https:\/\/www.plastic-crate.co.uk\/product\/plastic-bottle-crate-6-bottle-crate-with-handle\/#breadcrumb"},"inLanguage":"fr-FR","potentialAction":[{"@type":"ReadAction","target":["https:\/\/www.plastic-crate.co.uk\/product\/plastic-bottle-crate-6-bottle-crate-with-handle\/"]}]},{"@type":"ImageObject","inLanguage":"fr-FR","@id":"https:\/\/www.plastic-crate.co.uk\/product\/plastic-bottle-crate-6-bottle-crate-with-handle\/#primaryimage","url":"https:\/\/www.plastic-crate.co.uk\/wp-content\/uploads\/2023\/11\/plastic-bottle-crate-4.jpeg","contentUrl":"https:\/\/www.plastic-crate.co.uk\/wp-content\/uploads\/2023\/11\/plastic-bottle-crate-4.jpeg","width":1000,"height":1000,"caption":"bottle crate"},{"@type":"BreadcrumbList","@id":"https:\/\/www.plastic-crate.co.uk\/product\/plastic-bottle-crate-6-bottle-crate-with-handle\/#breadcrumb","itemListElement":[{"@type":"ListItem","position":1,"name":"Shop","item":"https:\/\/www.plastic-crate.co.uk\/shop\/"},{"@type":"ListItem","position":2,"name":"Plastic bottle crate, 6 bottle crate with handle"}]},{"@type":"WebSite","@id":"https:\/\/www.plastic-crate.co.uk\/#website","url":"https:\/\/www.plastic-crate.co.uk\/","name":"Fabricant de caisses Euro","description":"Conteneurs Euro en gros, caisses Euro en plastique avec couvercles, bo\u00eetes Curo sans couvercles","publisher":{"@id":"https:\/\/www.plastic-crate.co.uk\/#organization"},"potentialAction":[{"@type":"SearchAction","target":{"@type":"EntryPoint","urlTemplate":"https:\/\/www.plastic-crate.co.uk\/?s={search_term_string}"},"query-input":{"@type":"PropertyValueSpecification","valueRequired":true,"valueName":"search_term_string"}}],"inLanguage":"fr-FR"},{"@type":"Organization","@id":"https:\/\/www.plastic-crate.co.uk\/#organization","name":"Fabricant de caisses Euro","url":"https:\/\/www.plastic-crate.co.uk\/","logo":{"@type":"ImageObject","inLanguage":"fr-FR","@id":"https:\/\/www.plastic-crate.co.uk\/#\/schema\/logo\/image\/","url":"https:\/\/www.plastic-crate.co.uk\/wp-content\/uploads\/2020\/10\/cropped-logo.png","contentUrl":"https:\/\/www.plastic-crate.co.uk\/wp-content\/uploads\/2020\/10\/cropped-logo.png","width":300,"height":66,"caption":"Euro crates Manufacturer"},"image":{"@id":"https:\/\/www.plastic-crate.co.uk\/#\/schema\/logo\/image\/"}}]}},"_links":{"self":[{"href":"https:\/\/www.plastic-crate.co.uk\/fr\/wp-json\/wp\/v2\/product\/6206","targetHints":{"allow":["GET"]}}],"collection":[{"href":"https:\/\/www.plastic-crate.co.uk\/fr\/wp-json\/wp\/v2\/product"}],"about":[{"href":"https:\/\/www.plastic-crate.co.uk\/fr\/wp-json\/wp\/v2\/types\/product"}],"wp:featuredmedia":[{"embeddable":true,"href":"https:\/\/www.plastic-crate.co.uk\/fr\/wp-json\/wp\/v2\/media\/6210"}],"wp:attachment":[{"href":"https:\/\/www.plastic-crate.co.uk\/fr\/wp-json\/wp\/v2\/media?parent=6206"}],"wp:term":[{"taxonomy":"product_brand","embeddable":true,"href":"https:\/\/www.plastic-crate.co.uk\/fr\/wp-json\/wp\/v2\/product_brand?post=6206"},{"taxonomy":"product_cat","embeddable":true,"href":"https:\/\/www.plastic-crate.co.uk\/fr\/wp-json\/wp\/v2\/product_cat?post=6206"},{"taxonomy":"product_tag","embeddable":true,"href":"https:\/\/www.plastic-crate.co.uk\/fr\/wp-json\/wp\/v2\/product_tag?post=6206"}],"curies":[{"name":"wp","href":"https:\/\/api.w.org\/{rel}","templated":true}]}}