{"id":6185,"date":"2023-07-24T02:44:04","date_gmt":"2023-07-24T02:44:04","guid":{"rendered":"https:\/\/www.plastic-crate.co.uk\/?post_type=product&#038;p=6185"},"modified":"2025-09-12T21:40:44","modified_gmt":"2025-09-12T21:40:44","slug":"cylinder-storage-box-multifunctional-bottle-crates","status":"publish","type":"product","link":"https:\/\/www.plastic-crate.co.uk\/fr\/product\/cylinder-storage-box-multifunctional-bottle-crates\/","title":{"rendered":"Caisse de rangement pour bouteilles, caisses \u00e0 bouteilles multifonctions"},"content":{"rendered":"<p>Le coffre de rangement pour bouteilles est la solution id\u00e9ale pour s\u00e9curiser les petites bouteilles de gaz, que ce soit dans le lieu de stockage ou sur le lieu d&#039;utilisation.<\/p>\n<p>nous vendons \u00e9galement <a href=\"https:\/\/www.plastic-crate.co.uk\/fr\/product-category\/supermarket-crates-bale-arm-crates\/\" target=\"_blank\" rel=\"noopener\">Caisses d&#039;\u00e9picerie<\/a>, <a href=\"https:\/\/www.plastic-crate.co.uk\/fr\/product-tag\/ifco-crates-for-sale\/\">conteneurs ifco<\/a>, <a href=\"https:\/\/www.plastic-crate.co.uk\/fr\/product\/trays-for-security-airport-security-trays-for-sale\/\" rel=\"noopener\">plateaux de s\u00e9curit\u00e9 d&#039;a\u00e9roport \u00e0 vendre<\/a><\/p>","protected":false},"excerpt":{"rendered":"<p>The Cylinder storage box is the perfect solution for securing small gas cylinders either in the storage location or point of use. we also sell Grocery store crates, ifco containers, airport security trays for sale<\/p>","protected":false},"featured_media":6186,"template":"","meta":{"_acf_changed":false,"site-sidebar-layout":"default","site-content-layout":"default","ast-main-header-display":"","ast-hfb-above-header-display":"","ast-hfb-below-header-display":"","ast-hfb-mobile-header-display":"","site-post-title":"","ast-breadcrumbs-content":"","ast-featured-img":"","footer-sml-layout":"","theme-transparent-header-meta":"","adv-header-id-meta":"","stick-header-meta":"","header-above-stick-meta":"","header-main-stick-meta":"","header-below-stick-meta":""},"product_brand":[],"product_cat":[83],"product_tag":[97],"class_list":{"0":"post-6185","1":"product","2":"type-product","3":"status-publish","4":"has-post-thumbnail","6":"product_cat-plastic-milk-crates","7":"product_tag-water-bottle-crate","9":"first","10":"instock","11":"product-type-simple"},"acf":[],"yoast_head":"<!-- This site is optimized with the Yoast SEO plugin v26.9 - https:\/\/yoast.com\/product\/yoast-seo-wordpress\/ -->\n<title>Cylinder storage box, multifunctional bottle crates Wholesale<\/title>\n<meta name=\"description\" content=\"Cylinder storage box, multifunctional bottle crates wholesale prices, OEM &amp; ODM service available, wholesale multifunctional bottle crates\" \/>\n<meta name=\"robots\" content=\"index, follow, max-snippet:-1, max-image-preview:large, max-video-preview:-1\" \/>\n<link rel=\"canonical\" href=\"https:\/\/www.plastic-crate.co.uk\/fr\/product\/cylinder-storage-box-multifunctional-bottle-crates\/\" \/>\n<meta property=\"og:locale\" content=\"fr_FR\" \/>\n<meta property=\"og:type\" content=\"article\" \/>\n<meta property=\"og:title\" content=\"stackable folding crate, High Quality stackable folding crate Wholesale\" \/>\n<meta property=\"og:description\" content=\"Cylinder storage box, multifunctional bottle crates wholesale prices, OEM &amp; ODM service available, wholesale multifunctional bottle crates\" \/>\n<meta property=\"og:url\" content=\"https:\/\/www.plastic-crate.co.uk\/fr\/product\/cylinder-storage-box-multifunctional-bottle-crates\/\" \/>\n<meta property=\"og:site_name\" content=\"Euro crates Manufacturer\" \/>\n<meta property=\"article:modified_time\" content=\"2025-09-12T21:40:44+00:00\" \/>\n<meta property=\"og:image\" content=\"https:\/\/www.plastic-crate.co.uk\/wp-content\/uploads\/2023\/07\/Cylinder-storage-box-1.jpeg\" \/>\n\t<meta property=\"og:image:width\" content=\"2000\" \/>\n\t<meta property=\"og:image:height\" content=\"2000\" \/>\n\t<meta property=\"og:image:type\" content=\"image\/jpeg\" \/>\n<meta name=\"twitter:card\" content=\"summary_large_image\" \/>\n<meta name=\"twitter:title\" content=\"stackable folding crate, High Quality stackable folding crate Wholesale\" \/>\n<meta name=\"twitter:label1\" content=\"Est. reading time\" \/>\n\t<meta name=\"twitter:data1\" content=\"1 minute\" \/>\n<script type=\"application\/ld+json\" class=\"yoast-schema-graph\">{\"@context\":\"https:\/\/schema.org\",\"@graph\":[{\"@type\":\"WebPage\",\"@id\":\"https:\/\/www.plastic-crate.co.uk\/product\/cylinder-storage-box-multifunctional-bottle-crates\/\",\"url\":\"https:\/\/www.plastic-crate.co.uk\/product\/cylinder-storage-box-multifunctional-bottle-crates\/\",\"name\":\"Cylinder storage box, multifunctional bottle crates Wholesale\",\"isPartOf\":{\"@id\":\"https:\/\/www.plastic-crate.co.uk\/#website\"},\"primaryImageOfPage\":{\"@id\":\"https:\/\/www.plastic-crate.co.uk\/product\/cylinder-storage-box-multifunctional-bottle-crates\/#primaryimage\"},\"image\":{\"@id\":\"https:\/\/www.plastic-crate.co.uk\/product\/cylinder-storage-box-multifunctional-bottle-crates\/#primaryimage\"},\"thumbnailUrl\":\"https:\/\/www.plastic-crate.co.uk\/wp-content\/uploads\/2023\/07\/Cylinder-storage-box-1.jpeg\",\"datePublished\":\"2023-07-24T02:44:04+00:00\",\"dateModified\":\"2025-09-12T21:40:44+00:00\",\"description\":\"Cylinder storage box, multifunctional bottle crates wholesale prices, OEM & ODM service available, wholesale multifunctional bottle crates\",\"breadcrumb\":{\"@id\":\"https:\/\/www.plastic-crate.co.uk\/product\/cylinder-storage-box-multifunctional-bottle-crates\/#breadcrumb\"},\"inLanguage\":\"fr-FR\",\"potentialAction\":[{\"@type\":\"ReadAction\",\"target\":[\"https:\/\/www.plastic-crate.co.uk\/product\/cylinder-storage-box-multifunctional-bottle-crates\/\"]}]},{\"@type\":\"ImageObject\",\"inLanguage\":\"fr-FR\",\"@id\":\"https:\/\/www.plastic-crate.co.uk\/product\/cylinder-storage-box-multifunctional-bottle-crates\/#primaryimage\",\"url\":\"https:\/\/www.plastic-crate.co.uk\/wp-content\/uploads\/2023\/07\/Cylinder-storage-box-1.jpeg\",\"contentUrl\":\"https:\/\/www.plastic-crate.co.uk\/wp-content\/uploads\/2023\/07\/Cylinder-storage-box-1.jpeg\",\"width\":2000,\"height\":2000,\"caption\":\"multifunctional bottle crates\"},{\"@type\":\"BreadcrumbList\",\"@id\":\"https:\/\/www.plastic-crate.co.uk\/product\/cylinder-storage-box-multifunctional-bottle-crates\/#breadcrumb\",\"itemListElement\":[{\"@type\":\"ListItem\",\"position\":1,\"name\":\"Shop\",\"item\":\"https:\/\/www.plastic-crate.co.uk\/shop\/\"},{\"@type\":\"ListItem\",\"position\":2,\"name\":\"Cylinder storage box, multifunctional bottle crates\"}]},{\"@type\":\"WebSite\",\"@id\":\"https:\/\/www.plastic-crate.co.uk\/#website\",\"url\":\"https:\/\/www.plastic-crate.co.uk\/\",\"name\":\"Euro crates Manufacturer\",\"description\":\"wholesale Euro containers, plastic euro crates with lids, curo boxes without lids\",\"publisher\":{\"@id\":\"https:\/\/www.plastic-crate.co.uk\/#organization\"},\"potentialAction\":[{\"@type\":\"SearchAction\",\"target\":{\"@type\":\"EntryPoint\",\"urlTemplate\":\"https:\/\/www.plastic-crate.co.uk\/?s={search_term_string}\"},\"query-input\":{\"@type\":\"PropertyValueSpecification\",\"valueRequired\":true,\"valueName\":\"search_term_string\"}}],\"inLanguage\":\"fr-FR\"},{\"@type\":\"Organization\",\"@id\":\"https:\/\/www.plastic-crate.co.uk\/#organization\",\"name\":\"Euro crates Manufacturer\",\"url\":\"https:\/\/www.plastic-crate.co.uk\/\",\"logo\":{\"@type\":\"ImageObject\",\"inLanguage\":\"fr-FR\",\"@id\":\"https:\/\/www.plastic-crate.co.uk\/#\/schema\/logo\/image\/\",\"url\":\"https:\/\/www.plastic-crate.co.uk\/wp-content\/uploads\/2020\/10\/cropped-logo.png\",\"contentUrl\":\"https:\/\/www.plastic-crate.co.uk\/wp-content\/uploads\/2020\/10\/cropped-logo.png\",\"width\":300,\"height\":66,\"caption\":\"Euro crates Manufacturer\"},\"image\":{\"@id\":\"https:\/\/www.plastic-crate.co.uk\/#\/schema\/logo\/image\/\"}}]}<\/script>\n<!-- \/ Yoast SEO plugin. -->","yoast_head_json":{"title":"Caisses \u00e0 bouteilles multifonctions, vente en gros","description":"Caisses de rangement pour bouteilles, caisses \u00e0 bouteilles multifonctions, prix de gros, service OEM et ODM disponible, caisses \u00e0 bouteilles multifonctions en gros","robots":{"index":"index","follow":"follow","max-snippet":"max-snippet:-1","max-image-preview":"max-image-preview:large","max-video-preview":"max-video-preview:-1"},"canonical":"https:\/\/www.plastic-crate.co.uk\/fr\/product\/cylinder-storage-box-multifunctional-bottle-crates\/","og_locale":"fr_FR","og_type":"article","og_title":"stackable folding crate, High Quality stackable folding crate Wholesale","og_description":"Cylinder storage box, multifunctional bottle crates wholesale prices, OEM & ODM service available, wholesale multifunctional bottle crates","og_url":"https:\/\/www.plastic-crate.co.uk\/fr\/product\/cylinder-storage-box-multifunctional-bottle-crates\/","og_site_name":"Euro crates Manufacturer","article_modified_time":"2025-09-12T21:40:44+00:00","og_image":[{"width":2000,"height":2000,"url":"https:\/\/www.plastic-crate.co.uk\/wp-content\/uploads\/2023\/07\/Cylinder-storage-box-1.jpeg","type":"image\/jpeg"}],"twitter_card":"summary_large_image","twitter_title":"stackable folding crate, High Quality stackable folding crate Wholesale","twitter_misc":{"Est. reading time":"1 minute"},"schema":{"@context":"https:\/\/schema.org","@graph":[{"@type":"WebPage","@id":"https:\/\/www.plastic-crate.co.uk\/product\/cylinder-storage-box-multifunctional-bottle-crates\/","url":"https:\/\/www.plastic-crate.co.uk\/product\/cylinder-storage-box-multifunctional-bottle-crates\/","name":"Caisses \u00e0 bouteilles multifonctions, vente en gros","isPartOf":{"@id":"https:\/\/www.plastic-crate.co.uk\/#website"},"primaryImageOfPage":{"@id":"https:\/\/www.plastic-crate.co.uk\/product\/cylinder-storage-box-multifunctional-bottle-crates\/#primaryimage"},"image":{"@id":"https:\/\/www.plastic-crate.co.uk\/product\/cylinder-storage-box-multifunctional-bottle-crates\/#primaryimage"},"thumbnailUrl":"https:\/\/www.plastic-crate.co.uk\/wp-content\/uploads\/2023\/07\/Cylinder-storage-box-1.jpeg","datePublished":"2023-07-24T02:44:04+00:00","dateModified":"2025-09-12T21:40:44+00:00","description":"Caisses de rangement pour bouteilles, caisses \u00e0 bouteilles multifonctions, prix de gros, service OEM et ODM disponible, caisses \u00e0 bouteilles multifonctions en gros","breadcrumb":{"@id":"https:\/\/www.plastic-crate.co.uk\/product\/cylinder-storage-box-multifunctional-bottle-crates\/#breadcrumb"},"inLanguage":"fr-FR","potentialAction":[{"@type":"ReadAction","target":["https:\/\/www.plastic-crate.co.uk\/product\/cylinder-storage-box-multifunctional-bottle-crates\/"]}]},{"@type":"ImageObject","inLanguage":"fr-FR","@id":"https:\/\/www.plastic-crate.co.uk\/product\/cylinder-storage-box-multifunctional-bottle-crates\/#primaryimage","url":"https:\/\/www.plastic-crate.co.uk\/wp-content\/uploads\/2023\/07\/Cylinder-storage-box-1.jpeg","contentUrl":"https:\/\/www.plastic-crate.co.uk\/wp-content\/uploads\/2023\/07\/Cylinder-storage-box-1.jpeg","width":2000,"height":2000,"caption":"multifunctional bottle crates"},{"@type":"BreadcrumbList","@id":"https:\/\/www.plastic-crate.co.uk\/product\/cylinder-storage-box-multifunctional-bottle-crates\/#breadcrumb","itemListElement":[{"@type":"ListItem","position":1,"name":"Shop","item":"https:\/\/www.plastic-crate.co.uk\/shop\/"},{"@type":"ListItem","position":2,"name":"Cylinder storage box, multifunctional bottle crates"}]},{"@type":"WebSite","@id":"https:\/\/www.plastic-crate.co.uk\/#website","url":"https:\/\/www.plastic-crate.co.uk\/","name":"Fabricant de caisses Euro","description":"Conteneurs Euro en gros, caisses Euro en plastique avec couvercles, bo\u00eetes Curo sans couvercles","publisher":{"@id":"https:\/\/www.plastic-crate.co.uk\/#organization"},"potentialAction":[{"@type":"SearchAction","target":{"@type":"EntryPoint","urlTemplate":"https:\/\/www.plastic-crate.co.uk\/?s={search_term_string}"},"query-input":{"@type":"PropertyValueSpecification","valueRequired":true,"valueName":"search_term_string"}}],"inLanguage":"fr-FR"},{"@type":"Organization","@id":"https:\/\/www.plastic-crate.co.uk\/#organization","name":"Fabricant de caisses Euro","url":"https:\/\/www.plastic-crate.co.uk\/","logo":{"@type":"ImageObject","inLanguage":"fr-FR","@id":"https:\/\/www.plastic-crate.co.uk\/#\/schema\/logo\/image\/","url":"https:\/\/www.plastic-crate.co.uk\/wp-content\/uploads\/2020\/10\/cropped-logo.png","contentUrl":"https:\/\/www.plastic-crate.co.uk\/wp-content\/uploads\/2020\/10\/cropped-logo.png","width":300,"height":66,"caption":"Euro crates Manufacturer"},"image":{"@id":"https:\/\/www.plastic-crate.co.uk\/#\/schema\/logo\/image\/"}}]}},"_links":{"self":[{"href":"https:\/\/www.plastic-crate.co.uk\/fr\/wp-json\/wp\/v2\/product\/6185","targetHints":{"allow":["GET"]}}],"collection":[{"href":"https:\/\/www.plastic-crate.co.uk\/fr\/wp-json\/wp\/v2\/product"}],"about":[{"href":"https:\/\/www.plastic-crate.co.uk\/fr\/wp-json\/wp\/v2\/types\/product"}],"wp:featuredmedia":[{"embeddable":true,"href":"https:\/\/www.plastic-crate.co.uk\/fr\/wp-json\/wp\/v2\/media\/6186"}],"wp:attachment":[{"href":"https:\/\/www.plastic-crate.co.uk\/fr\/wp-json\/wp\/v2\/media?parent=6185"}],"wp:term":[{"taxonomy":"product_brand","embeddable":true,"href":"https:\/\/www.plastic-crate.co.uk\/fr\/wp-json\/wp\/v2\/product_brand?post=6185"},{"taxonomy":"product_cat","embeddable":true,"href":"https:\/\/www.plastic-crate.co.uk\/fr\/wp-json\/wp\/v2\/product_cat?post=6185"},{"taxonomy":"product_tag","embeddable":true,"href":"https:\/\/www.plastic-crate.co.uk\/fr\/wp-json\/wp\/v2\/product_tag?post=6185"}],"curies":[{"name":"wp","href":"https:\/\/api.w.org\/{rel}","templated":true}]}}