{"id":6133,"date":"2023-05-18T20:14:38","date_gmt":"2023-05-18T20:14:38","guid":{"rendered":"https:\/\/www.plastic-crate.co.uk\/?post_type=product&#038;p=6133"},"modified":"2025-03-01T11:40:00","modified_gmt":"2025-03-01T11:40:00","slug":"ventilated-bale-arm-crates-6431","status":"publish","type":"product","link":"https:\/\/www.plastic-crate.co.uk\/fr\/product\/ventilated-bale-arm-crates-6431\/","title":{"rendered":"Caisses \u00e0 balles ventil\u00e9es 6431"},"content":{"rendered":"<div style=\"width: 960px;\" class=\"wp-video\"><video class=\"wp-video-shortcode\" id=\"video-6133-1\" width=\"960\" height=\"540\" preload=\"metadata\" controls=\"controls\"><source type=\"video\/mp4\" src=\"https:\/\/www.plastic-crate.co.uk\/wp-content\/uploads\/2022\/03\/Supermarket-Bale-Arm-Crates.mp4?_=1\" \/><a href=\"https:\/\/www.plastic-crate.co.uk\/wp-content\/uploads\/2022\/03\/Supermarket-Bale-Arm-Crates.mp4\">https:\/\/www.plastic-crate.co.uk\/wp-content\/uploads\/2022\/03\/Supermarket-Bale-Arm-Crates.mp4<\/a><\/video><\/div>\n<p>Les caisses \u00e0 bras de manutention pour supermarch\u00e9s ont une empreinte standard de 600 x 400 mm. Elles sont \u00e9quip\u00e9es de deux bras robustes permettant leur empilage et leur embo\u00eetage. Populaires dans les grandes cha\u00eenes de supermarch\u00e9s, ces paniers empilables-embo\u00eetables sont utilis\u00e9s dans de nombreux secteurs, notamment l&#039;industrie agroalimentaire, la restauration et l&#039;h\u00f4tellerie-restauration, l&#039;industrie pharmaceutique et de la sant\u00e9, l&#039;ing\u00e9nierie et la fabrication g\u00e9n\u00e9rale, la distribution au d\u00e9tail et le recyclage, etc.<\/p>\n<p>Bras de gerbage robustes pour l&#039;empilage en cours d&#039;utilisation. Le bras de gerbage est \u00e9galement mobile pour permettre l&#039;empilage et l&#039;embo\u00eetement des conteneurs. Une fois ouvert, les conteneurs s&#039;embo\u00eetent, \u00e9conomisant jusqu&#039;\u00e0 76% de leur hauteur initiale. La hauteur d&#039;empilage variable permet une distribution efficace et permet d&#039;utiliser le m\u00eame plateau pour diff\u00e9rentes applications.<\/p>\n<p>nous vendons \u00e9galement <a href=\"https:\/\/www.panosupplier.com\/suppliers\/corrugated-plastic-totes\" target=\"_blank\" rel=\"noopener\">bo\u00eete en plastique ondul\u00e9<\/a>, <a href=\"https:\/\/www.plastic-crate.co.uk\/fr\/product-tag\/ifco-crates-for-sale\/\">Caisses pliables IFCO<\/a><\/p>","protected":false},"excerpt":{"rendered":"<div class=\"woocommerce-product-details__short-description\">\n<p>Nous fournissons \u00e9galement <a href=\"https:\/\/www.plastic-crate.co.uk\/fr\/product-category\/plastic-trays\/\" rel=\"noopener\">plateau de s\u00e9chage des p\u00e2tes<\/a>, <a href=\"https:\/\/www.plastic-crate.co.uk\/fr\/product-category\/plastic-milk-crates\/\" target=\"_blank\" rel=\"noopener\">caisses de lait en plastique \u00e0 vendre<\/a>, <a href=\"https:\/\/www.plastic-crate.co.uk\/fr\/product-category\/folding-crate\/\">caisses pliantes<\/a><\/p>\n<\/div>\n<div class=\"product_meta\"><\/div>","protected":false},"featured_media":6139,"template":"","meta":{"_acf_changed":false,"site-sidebar-layout":"default","site-content-layout":"default","ast-main-header-display":"","ast-hfb-above-header-display":"","ast-hfb-below-header-display":"","ast-hfb-mobile-header-display":"","site-post-title":"","ast-breadcrumbs-content":"","ast-featured-img":"","footer-sml-layout":"","theme-transparent-header-meta":"","adv-header-id-meta":"","stick-header-meta":"","header-above-stick-meta":"","header-main-stick-meta":"","header-below-stick-meta":""},"product_brand":[],"product_cat":[82],"product_tag":[],"class_list":{"0":"post-6133","1":"product","2":"type-product","3":"status-publish","4":"has-post-thumbnail","6":"product_cat-supermarket-crates-bale-arm-crates","8":"first","9":"instock","10":"product-type-simple"},"acf":[],"yoast_head":"<!-- This site is optimized with the Yoast SEO plugin v26.9 - https:\/\/yoast.com\/product\/yoast-seo-wordpress\/ -->\n<title>Ventilated Bale Arm Crates, bale arm crates for sale Wholesale<\/title>\n<meta name=\"description\" content=\"Ventilated Bale Arm Crates, bale arm crates for sale at wholesale prices, OEM &amp; ODM service available, perfect for handling food products\" \/>\n<meta name=\"robots\" content=\"index, follow, max-snippet:-1, max-image-preview:large, max-video-preview:-1\" \/>\n<link rel=\"canonical\" href=\"https:\/\/www.plastic-crate.co.uk\/fr\/product\/ventilated-bale-arm-crates-6431\/\" \/>\n<meta property=\"og:locale\" content=\"fr_FR\" \/>\n<meta property=\"og:type\" content=\"article\" \/>\n<meta property=\"og:title\" content=\"stackable folding crate, High Quality stackable folding crate Wholesale\" \/>\n<meta property=\"og:description\" content=\"Ventilated Bale Arm Crates, bale arm crates for sale at wholesale prices, OEM &amp; ODM service available, perfect for handling food products\" \/>\n<meta property=\"og:url\" content=\"https:\/\/www.plastic-crate.co.uk\/fr\/product\/ventilated-bale-arm-crates-6431\/\" \/>\n<meta property=\"og:site_name\" content=\"Euro crates Manufacturer\" \/>\n<meta property=\"article:modified_time\" content=\"2025-03-01T11:40:00+00:00\" \/>\n<meta property=\"og:image\" content=\"https:\/\/www.plastic-crate.co.uk\/wp-content\/uploads\/2023\/05\/ventilated-bale-arm-crates-6.png\" \/>\n\t<meta property=\"og:image:width\" content=\"800\" \/>\n\t<meta property=\"og:image:height\" content=\"800\" \/>\n\t<meta property=\"og:image:type\" content=\"image\/png\" \/>\n<meta name=\"twitter:card\" content=\"summary_large_image\" \/>\n<meta name=\"twitter:title\" content=\"stackable folding crate, High Quality stackable folding crate Wholesale\" \/>\n<meta name=\"twitter:label1\" content=\"Est. reading time\" \/>\n\t<meta name=\"twitter:data1\" content=\"1 minute\" \/>\n<script type=\"application\/ld+json\" class=\"yoast-schema-graph\">{\"@context\":\"https:\/\/schema.org\",\"@graph\":[{\"@type\":\"WebPage\",\"@id\":\"https:\/\/www.plastic-crate.co.uk\/product\/ventilated-bale-arm-crates-6431\/\",\"url\":\"https:\/\/www.plastic-crate.co.uk\/product\/ventilated-bale-arm-crates-6431\/\",\"name\":\"Ventilated Bale Arm Crates, bale arm crates for sale Wholesale\",\"isPartOf\":{\"@id\":\"https:\/\/www.plastic-crate.co.uk\/#website\"},\"primaryImageOfPage\":{\"@id\":\"https:\/\/www.plastic-crate.co.uk\/product\/ventilated-bale-arm-crates-6431\/#primaryimage\"},\"image\":{\"@id\":\"https:\/\/www.plastic-crate.co.uk\/product\/ventilated-bale-arm-crates-6431\/#primaryimage\"},\"thumbnailUrl\":\"https:\/\/www.plastic-crate.co.uk\/wp-content\/uploads\/2023\/05\/ventilated-bale-arm-crates-6.png\",\"datePublished\":\"2023-05-18T20:14:38+00:00\",\"dateModified\":\"2025-03-01T11:40:00+00:00\",\"description\":\"Ventilated Bale Arm Crates, bale arm crates for sale at wholesale prices, OEM & ODM service available, perfect for handling food products\",\"breadcrumb\":{\"@id\":\"https:\/\/www.plastic-crate.co.uk\/product\/ventilated-bale-arm-crates-6431\/#breadcrumb\"},\"inLanguage\":\"fr-FR\",\"potentialAction\":[{\"@type\":\"ReadAction\",\"target\":[\"https:\/\/www.plastic-crate.co.uk\/product\/ventilated-bale-arm-crates-6431\/\"]}]},{\"@type\":\"ImageObject\",\"inLanguage\":\"fr-FR\",\"@id\":\"https:\/\/www.plastic-crate.co.uk\/product\/ventilated-bale-arm-crates-6431\/#primaryimage\",\"url\":\"https:\/\/www.plastic-crate.co.uk\/wp-content\/uploads\/2023\/05\/ventilated-bale-arm-crates-6.png\",\"contentUrl\":\"https:\/\/www.plastic-crate.co.uk\/wp-content\/uploads\/2023\/05\/ventilated-bale-arm-crates-6.png\",\"width\":800,\"height\":800,\"caption\":\"ventilated bale arm crates\"},{\"@type\":\"BreadcrumbList\",\"@id\":\"https:\/\/www.plastic-crate.co.uk\/product\/ventilated-bale-arm-crates-6431\/#breadcrumb\",\"itemListElement\":[{\"@type\":\"ListItem\",\"position\":1,\"name\":\"Shop\",\"item\":\"https:\/\/www.plastic-crate.co.uk\/shop\/\"},{\"@type\":\"ListItem\",\"position\":2,\"name\":\"Ventilated Bale Arm Crates 6431\"}]},{\"@type\":\"WebSite\",\"@id\":\"https:\/\/www.plastic-crate.co.uk\/#website\",\"url\":\"https:\/\/www.plastic-crate.co.uk\/\",\"name\":\"Euro crates Manufacturer\",\"description\":\"wholesale Euro containers, plastic euro crates with lids, curo boxes without lids\",\"publisher\":{\"@id\":\"https:\/\/www.plastic-crate.co.uk\/#organization\"},\"potentialAction\":[{\"@type\":\"SearchAction\",\"target\":{\"@type\":\"EntryPoint\",\"urlTemplate\":\"https:\/\/www.plastic-crate.co.uk\/?s={search_term_string}\"},\"query-input\":{\"@type\":\"PropertyValueSpecification\",\"valueRequired\":true,\"valueName\":\"search_term_string\"}}],\"inLanguage\":\"fr-FR\"},{\"@type\":\"Organization\",\"@id\":\"https:\/\/www.plastic-crate.co.uk\/#organization\",\"name\":\"Euro crates Manufacturer\",\"url\":\"https:\/\/www.plastic-crate.co.uk\/\",\"logo\":{\"@type\":\"ImageObject\",\"inLanguage\":\"fr-FR\",\"@id\":\"https:\/\/www.plastic-crate.co.uk\/#\/schema\/logo\/image\/\",\"url\":\"https:\/\/www.plastic-crate.co.uk\/wp-content\/uploads\/2020\/10\/cropped-logo.png\",\"contentUrl\":\"https:\/\/www.plastic-crate.co.uk\/wp-content\/uploads\/2020\/10\/cropped-logo.png\",\"width\":300,\"height\":66,\"caption\":\"Euro crates Manufacturer\"},\"image\":{\"@id\":\"https:\/\/www.plastic-crate.co.uk\/#\/schema\/logo\/image\/\"}}]}<\/script>\n<!-- \/ Yoast SEO plugin. -->","yoast_head_json":{"title":"Caisses \u00e0 balles ventil\u00e9es, vente en gros","description":"Caisses \u00e0 balles ventil\u00e9es, caisses \u00e0 balles \u00e0 vendre \u00e0 des prix de gros, service OEM et ODM disponible, parfaites pour la manutention de produits alimentaires","robots":{"index":"index","follow":"follow","max-snippet":"max-snippet:-1","max-image-preview":"max-image-preview:large","max-video-preview":"max-video-preview:-1"},"canonical":"https:\/\/www.plastic-crate.co.uk\/fr\/product\/ventilated-bale-arm-crates-6431\/","og_locale":"fr_FR","og_type":"article","og_title":"stackable folding crate, High Quality stackable folding crate Wholesale","og_description":"Ventilated Bale Arm Crates, bale arm crates for sale at wholesale prices, OEM & ODM service available, perfect for handling food products","og_url":"https:\/\/www.plastic-crate.co.uk\/fr\/product\/ventilated-bale-arm-crates-6431\/","og_site_name":"Euro crates Manufacturer","article_modified_time":"2025-03-01T11:40:00+00:00","og_image":[{"width":800,"height":800,"url":"https:\/\/www.plastic-crate.co.uk\/wp-content\/uploads\/2023\/05\/ventilated-bale-arm-crates-6.png","type":"image\/png"}],"twitter_card":"summary_large_image","twitter_title":"stackable folding crate, High Quality stackable folding crate Wholesale","twitter_misc":{"Est. reading time":"1 minute"},"schema":{"@context":"https:\/\/schema.org","@graph":[{"@type":"WebPage","@id":"https:\/\/www.plastic-crate.co.uk\/product\/ventilated-bale-arm-crates-6431\/","url":"https:\/\/www.plastic-crate.co.uk\/product\/ventilated-bale-arm-crates-6431\/","name":"Caisses \u00e0 balles ventil\u00e9es, vente en gros","isPartOf":{"@id":"https:\/\/www.plastic-crate.co.uk\/#website"},"primaryImageOfPage":{"@id":"https:\/\/www.plastic-crate.co.uk\/product\/ventilated-bale-arm-crates-6431\/#primaryimage"},"image":{"@id":"https:\/\/www.plastic-crate.co.uk\/product\/ventilated-bale-arm-crates-6431\/#primaryimage"},"thumbnailUrl":"https:\/\/www.plastic-crate.co.uk\/wp-content\/uploads\/2023\/05\/ventilated-bale-arm-crates-6.png","datePublished":"2023-05-18T20:14:38+00:00","dateModified":"2025-03-01T11:40:00+00:00","description":"Caisses \u00e0 balles ventil\u00e9es, caisses \u00e0 balles \u00e0 vendre \u00e0 des prix de gros, service OEM et ODM disponible, parfaites pour la manutention de produits alimentaires","breadcrumb":{"@id":"https:\/\/www.plastic-crate.co.uk\/product\/ventilated-bale-arm-crates-6431\/#breadcrumb"},"inLanguage":"fr-FR","potentialAction":[{"@type":"ReadAction","target":["https:\/\/www.plastic-crate.co.uk\/product\/ventilated-bale-arm-crates-6431\/"]}]},{"@type":"ImageObject","inLanguage":"fr-FR","@id":"https:\/\/www.plastic-crate.co.uk\/product\/ventilated-bale-arm-crates-6431\/#primaryimage","url":"https:\/\/www.plastic-crate.co.uk\/wp-content\/uploads\/2023\/05\/ventilated-bale-arm-crates-6.png","contentUrl":"https:\/\/www.plastic-crate.co.uk\/wp-content\/uploads\/2023\/05\/ventilated-bale-arm-crates-6.png","width":800,"height":800,"caption":"ventilated bale arm crates"},{"@type":"BreadcrumbList","@id":"https:\/\/www.plastic-crate.co.uk\/product\/ventilated-bale-arm-crates-6431\/#breadcrumb","itemListElement":[{"@type":"ListItem","position":1,"name":"Shop","item":"https:\/\/www.plastic-crate.co.uk\/shop\/"},{"@type":"ListItem","position":2,"name":"Ventilated Bale Arm Crates 6431"}]},{"@type":"WebSite","@id":"https:\/\/www.plastic-crate.co.uk\/#website","url":"https:\/\/www.plastic-crate.co.uk\/","name":"Fabricant de caisses Euro","description":"Conteneurs Euro en gros, caisses Euro en plastique avec couvercles, bo\u00eetes Curo sans couvercles","publisher":{"@id":"https:\/\/www.plastic-crate.co.uk\/#organization"},"potentialAction":[{"@type":"SearchAction","target":{"@type":"EntryPoint","urlTemplate":"https:\/\/www.plastic-crate.co.uk\/?s={search_term_string}"},"query-input":{"@type":"PropertyValueSpecification","valueRequired":true,"valueName":"search_term_string"}}],"inLanguage":"fr-FR"},{"@type":"Organization","@id":"https:\/\/www.plastic-crate.co.uk\/#organization","name":"Fabricant de caisses Euro","url":"https:\/\/www.plastic-crate.co.uk\/","logo":{"@type":"ImageObject","inLanguage":"fr-FR","@id":"https:\/\/www.plastic-crate.co.uk\/#\/schema\/logo\/image\/","url":"https:\/\/www.plastic-crate.co.uk\/wp-content\/uploads\/2020\/10\/cropped-logo.png","contentUrl":"https:\/\/www.plastic-crate.co.uk\/wp-content\/uploads\/2020\/10\/cropped-logo.png","width":300,"height":66,"caption":"Euro crates Manufacturer"},"image":{"@id":"https:\/\/www.plastic-crate.co.uk\/#\/schema\/logo\/image\/"}}]}},"_links":{"self":[{"href":"https:\/\/www.plastic-crate.co.uk\/fr\/wp-json\/wp\/v2\/product\/6133","targetHints":{"allow":["GET"]}}],"collection":[{"href":"https:\/\/www.plastic-crate.co.uk\/fr\/wp-json\/wp\/v2\/product"}],"about":[{"href":"https:\/\/www.plastic-crate.co.uk\/fr\/wp-json\/wp\/v2\/types\/product"}],"wp:featuredmedia":[{"embeddable":true,"href":"https:\/\/www.plastic-crate.co.uk\/fr\/wp-json\/wp\/v2\/media\/6139"}],"wp:attachment":[{"href":"https:\/\/www.plastic-crate.co.uk\/fr\/wp-json\/wp\/v2\/media?parent=6133"}],"wp:term":[{"taxonomy":"product_brand","embeddable":true,"href":"https:\/\/www.plastic-crate.co.uk\/fr\/wp-json\/wp\/v2\/product_brand?post=6133"},{"taxonomy":"product_cat","embeddable":true,"href":"https:\/\/www.plastic-crate.co.uk\/fr\/wp-json\/wp\/v2\/product_cat?post=6133"},{"taxonomy":"product_tag","embeddable":true,"href":"https:\/\/www.plastic-crate.co.uk\/fr\/wp-json\/wp\/v2\/product_tag?post=6133"}],"curies":[{"name":"wp","href":"https:\/\/api.w.org\/{rel}","templated":true}]}}