{"id":6090,"date":"2022-04-13T09:10:51","date_gmt":"2022-04-13T09:10:51","guid":{"rendered":"https:\/\/www.plastic-crate.co.uk\/?post_type=product&#038;p=6090"},"modified":"2025-09-15T13:13:48","modified_gmt":"2025-09-15T13:13:48","slug":"plastic-dough-trays-pizza-dough-tray-with-lid-453","status":"publish","type":"product","link":"https:\/\/www.plastic-crate.co.uk\/fr\/product\/plastic-dough-trays-pizza-dough-tray-with-lid-453\/","title":{"rendered":"Plateaux \u00e0 p\u00e2te en plastique, plateau \u00e0 p\u00e2te \u00e0 pizza avec couvercle-453"},"content":{"rendered":"<p>Pour un rangement facile, ce plateau \u00e0 p\u00e2te \u00e0 pizza en plastique avec couvercle est con\u00e7u pour s&#039;empiler en toute s\u00e9curit\u00e9 avec d&#039;autres bo\u00eetes de taille similaire. Combinez simplement chaque plateau \u00e0 p\u00e2te \u00e0 pizza achet\u00e9 avec les couvercles compatibles pour conserver votre p\u00e2te maison dans des conditions id\u00e9ales. Id\u00e9al pour une boulangerie ou une sandwicherie.<\/p>\n<div style=\"width: 960px;\" class=\"wp-video\"><video class=\"wp-video-shortcode\" id=\"video-6090-1\" width=\"960\" height=\"540\" preload=\"metadata\" controls=\"controls\"><source type=\"video\/mp4\" src=\"https:\/\/www.plastic-crate.co.uk\/wp-content\/uploads\/2022\/04\/dough-tray-with-lid.mp4?_=1\" \/><a href=\"https:\/\/www.plastic-crate.co.uk\/wp-content\/uploads\/2022\/04\/dough-tray-with-lid.mp4\">https:\/\/www.plastic-crate.co.uk\/wp-content\/uploads\/2022\/04\/dough-tray-with-lid.mp4<\/a><\/video><\/div>\n<p><img decoding=\"async\" class=\"alignnone wp-image-6099 size-full\" src=\"https:\/\/www.plastic-crate.co.uk\/wp-content\/uploads\/2022\/04\/pizza-dough-tray-with-lid-food-grade.jpg\" alt=\"plateau de p\u00e2te \u00e0 pizza avec couvercle de qualit\u00e9 alimentaire\" width=\"750\" height=\"956\" srcset=\"https:\/\/www.plastic-crate.co.uk\/wp-content\/uploads\/2022\/04\/pizza-dough-tray-with-lid-food-grade.jpg 750w, https:\/\/www.plastic-crate.co.uk\/wp-content\/uploads\/2022\/04\/pizza-dough-tray-with-lid-food-grade-235x300.jpg 235w, https:\/\/www.plastic-crate.co.uk\/wp-content\/uploads\/2022\/04\/pizza-dough-tray-with-lid-food-grade-600x765.jpg 600w\" sizes=\"(max-width: 750px) 100vw, 750px\" \/><img decoding=\"async\" class=\"alignnone wp-image-6100 size-full\" src=\"https:\/\/www.plastic-crate.co.uk\/wp-content\/uploads\/2022\/04\/pizza-dough-tray-with-lid-application.jpg\" alt=\"plateau de p\u00e2te \u00e0 pizza avec application de couvercle\" width=\"750\" height=\"776\" srcset=\"https:\/\/www.plastic-crate.co.uk\/wp-content\/uploads\/2022\/04\/pizza-dough-tray-with-lid-application.jpg 750w, https:\/\/www.plastic-crate.co.uk\/wp-content\/uploads\/2022\/04\/pizza-dough-tray-with-lid-application-290x300.jpg 290w, https:\/\/www.plastic-crate.co.uk\/wp-content\/uploads\/2022\/04\/pizza-dough-tray-with-lid-application-600x621.jpg 600w\" sizes=\"(max-width: 750px) 100vw, 750px\" \/><\/p>\n<p><a href=\"https:\/\/www.plastic-crate.co.uk\/fr\/product-category\/plastic-milk-crates\/\">caisses de lait \u00e0 vendre<\/a>, <a href=\"https:\/\/www.plastic-crate.co.uk\/fr\/product-category\/supermarket-crates-bale-arm-crates\/\">caisses \u00e0 balles<\/a>, <a href=\"https:\/\/www.plastic-crates.com\/product-category\/totes-with-lids\/\" target=\"_blank\" rel=\"noopener\">contenants en plastique \u00e0 couvercle attach\u00e9<\/a><\/p>","protected":false},"excerpt":{"rendered":"<p>For easy storage, this plastic pizza dough tray with lid is designed to stack securely with other similarly sized boxes. Simply combine each pizza dough trays you purchase with the compatible lids for the perfect condition in which to store your homemade dough. perfect for bakery or a sandwich shop. milk crates for sale, bale &hellip;<\/p>\n<p class=\"read-more\"> <a class=\"\" href=\"https:\/\/www.plastic-crate.co.uk\/fr\/product\/plastic-dough-trays-pizza-dough-tray-with-lid-453\/\"> <span class=\"screen-reader-text\">Plateaux \u00e0 p\u00e2te en plastique, plateau \u00e0 p\u00e2te \u00e0 pizza avec couvercle-453<\/span> En savoir plus &quot;<\/a><\/p>","protected":false},"featured_media":6092,"template":"","meta":{"_acf_changed":false,"site-sidebar-layout":"default","site-content-layout":"default","ast-main-header-display":"","ast-hfb-above-header-display":"","ast-hfb-below-header-display":"","ast-hfb-mobile-header-display":"","site-post-title":"","ast-breadcrumbs-content":"","ast-featured-img":"","footer-sml-layout":"","theme-transparent-header-meta":"","adv-header-id-meta":"","stick-header-meta":"","header-above-stick-meta":"","header-main-stick-meta":"","header-below-stick-meta":""},"product_brand":[],"product_cat":[84],"product_tag":[98],"class_list":{"0":"post-6090","1":"product","2":"type-product","3":"status-publish","4":"has-post-thumbnail","6":"product_cat-plastic-trays","7":"product_tag-pizza-dough-trays","9":"first","10":"instock","11":"product-type-simple"},"acf":[],"yoast_head":"<!-- This site is optimized with the Yoast SEO plugin v26.9 - https:\/\/yoast.com\/product\/yoast-seo-wordpress\/ -->\n<title>Plastic dough trays, pizza dough tray with lid Wholesale<\/title>\n<meta name=\"description\" content=\"Plastic dough trays, pizza dough tray with lid at wholesale prices, OEM &amp; ODM service available, perfect for bakery or a sandwich shop\" \/>\n<meta name=\"robots\" content=\"index, follow, max-snippet:-1, max-image-preview:large, max-video-preview:-1\" \/>\n<link rel=\"canonical\" href=\"https:\/\/www.plastic-crate.co.uk\/fr\/product\/plastic-dough-trays-pizza-dough-tray-with-lid-453\/\" \/>\n<meta property=\"og:locale\" content=\"fr_FR\" \/>\n<meta property=\"og:type\" content=\"article\" \/>\n<meta property=\"og:title\" content=\"stackable folding crate, High Quality stackable folding crate Wholesale\" \/>\n<meta property=\"og:description\" content=\"Plastic dough trays, pizza dough tray with lid at wholesale prices, OEM &amp; ODM service available, perfect for bakery or a sandwich shop\" \/>\n<meta property=\"og:url\" content=\"https:\/\/www.plastic-crate.co.uk\/fr\/product\/plastic-dough-trays-pizza-dough-tray-with-lid-453\/\" \/>\n<meta property=\"og:site_name\" content=\"Euro crates Manufacturer\" \/>\n<meta property=\"article:modified_time\" content=\"2025-09-15T13:13:48+00:00\" \/>\n<meta property=\"og:image\" content=\"https:\/\/www.plastic-crate.co.uk\/wp-content\/uploads\/2022\/04\/dough-tray-with-lid-6.png\" \/>\n\t<meta property=\"og:image:width\" content=\"801\" \/>\n\t<meta property=\"og:image:height\" content=\"469\" \/>\n\t<meta property=\"og:image:type\" content=\"image\/png\" \/>\n<meta name=\"twitter:card\" content=\"summary_large_image\" \/>\n<meta name=\"twitter:title\" content=\"stackable folding crate, High Quality stackable folding crate Wholesale\" \/>\n<meta name=\"twitter:label1\" content=\"Est. reading time\" \/>\n\t<meta name=\"twitter:data1\" content=\"1 minute\" \/>\n<script type=\"application\/ld+json\" class=\"yoast-schema-graph\">{\"@context\":\"https:\/\/schema.org\",\"@graph\":[{\"@type\":\"WebPage\",\"@id\":\"https:\/\/www.plastic-crate.co.uk\/product\/plastic-dough-trays-pizza-dough-tray-with-lid-453\/\",\"url\":\"https:\/\/www.plastic-crate.co.uk\/product\/plastic-dough-trays-pizza-dough-tray-with-lid-453\/\",\"name\":\"Plastic dough trays, pizza dough tray with lid Wholesale\",\"isPartOf\":{\"@id\":\"https:\/\/www.plastic-crate.co.uk\/#website\"},\"primaryImageOfPage\":{\"@id\":\"https:\/\/www.plastic-crate.co.uk\/product\/plastic-dough-trays-pizza-dough-tray-with-lid-453\/#primaryimage\"},\"image\":{\"@id\":\"https:\/\/www.plastic-crate.co.uk\/product\/plastic-dough-trays-pizza-dough-tray-with-lid-453\/#primaryimage\"},\"thumbnailUrl\":\"https:\/\/www.plastic-crate.co.uk\/wp-content\/uploads\/2022\/04\/dough-tray-with-lid-6.png\",\"datePublished\":\"2022-04-13T09:10:51+00:00\",\"dateModified\":\"2025-09-15T13:13:48+00:00\",\"description\":\"Plastic dough trays, pizza dough tray with lid at wholesale prices, OEM & ODM service available, perfect for bakery or a sandwich shop\",\"breadcrumb\":{\"@id\":\"https:\/\/www.plastic-crate.co.uk\/product\/plastic-dough-trays-pizza-dough-tray-with-lid-453\/#breadcrumb\"},\"inLanguage\":\"fr-FR\",\"potentialAction\":[{\"@type\":\"ReadAction\",\"target\":[\"https:\/\/www.plastic-crate.co.uk\/product\/plastic-dough-trays-pizza-dough-tray-with-lid-453\/\"]}]},{\"@type\":\"ImageObject\",\"inLanguage\":\"fr-FR\",\"@id\":\"https:\/\/www.plastic-crate.co.uk\/product\/plastic-dough-trays-pizza-dough-tray-with-lid-453\/#primaryimage\",\"url\":\"https:\/\/www.plastic-crate.co.uk\/wp-content\/uploads\/2022\/04\/dough-tray-with-lid-6.png\",\"contentUrl\":\"https:\/\/www.plastic-crate.co.uk\/wp-content\/uploads\/2022\/04\/dough-tray-with-lid-6.png\",\"width\":801,\"height\":469,\"caption\":\"plastic dough trays\"},{\"@type\":\"BreadcrumbList\",\"@id\":\"https:\/\/www.plastic-crate.co.uk\/product\/plastic-dough-trays-pizza-dough-tray-with-lid-453\/#breadcrumb\",\"itemListElement\":[{\"@type\":\"ListItem\",\"position\":1,\"name\":\"Shop\",\"item\":\"https:\/\/www.plastic-crate.co.uk\/shop\/\"},{\"@type\":\"ListItem\",\"position\":2,\"name\":\"Plastic dough trays, pizza dough tray with lid-453\"}]},{\"@type\":\"WebSite\",\"@id\":\"https:\/\/www.plastic-crate.co.uk\/#website\",\"url\":\"https:\/\/www.plastic-crate.co.uk\/\",\"name\":\"Euro crates Manufacturer\",\"description\":\"wholesale Euro containers, plastic euro crates with lids, curo boxes without lids\",\"publisher\":{\"@id\":\"https:\/\/www.plastic-crate.co.uk\/#organization\"},\"potentialAction\":[{\"@type\":\"SearchAction\",\"target\":{\"@type\":\"EntryPoint\",\"urlTemplate\":\"https:\/\/www.plastic-crate.co.uk\/?s={search_term_string}\"},\"query-input\":{\"@type\":\"PropertyValueSpecification\",\"valueRequired\":true,\"valueName\":\"search_term_string\"}}],\"inLanguage\":\"fr-FR\"},{\"@type\":\"Organization\",\"@id\":\"https:\/\/www.plastic-crate.co.uk\/#organization\",\"name\":\"Euro crates Manufacturer\",\"url\":\"https:\/\/www.plastic-crate.co.uk\/\",\"logo\":{\"@type\":\"ImageObject\",\"inLanguage\":\"fr-FR\",\"@id\":\"https:\/\/www.plastic-crate.co.uk\/#\/schema\/logo\/image\/\",\"url\":\"https:\/\/www.plastic-crate.co.uk\/wp-content\/uploads\/2020\/10\/cropped-logo.png\",\"contentUrl\":\"https:\/\/www.plastic-crate.co.uk\/wp-content\/uploads\/2020\/10\/cropped-logo.png\",\"width\":300,\"height\":66,\"caption\":\"Euro crates Manufacturer\"},\"image\":{\"@id\":\"https:\/\/www.plastic-crate.co.uk\/#\/schema\/logo\/image\/\"}}]}<\/script>\n<!-- \/ Yoast SEO plugin. -->","yoast_head_json":{"title":"Plateaux \u00e0 p\u00e2te en plastique, plateau \u00e0 p\u00e2te \u00e0 pizza avec couvercle, vente en gros","description":"Plateaux de p\u00e2te en plastique, plateau de p\u00e2te \u00e0 pizza avec couvercle \u00e0 prix de gros, service OEM et ODM disponible, parfait pour une boulangerie ou une sandwicherie","robots":{"index":"index","follow":"follow","max-snippet":"max-snippet:-1","max-image-preview":"max-image-preview:large","max-video-preview":"max-video-preview:-1"},"canonical":"https:\/\/www.plastic-crate.co.uk\/fr\/product\/plastic-dough-trays-pizza-dough-tray-with-lid-453\/","og_locale":"fr_FR","og_type":"article","og_title":"stackable folding crate, High Quality stackable folding crate Wholesale","og_description":"Plastic dough trays, pizza dough tray with lid at wholesale prices, OEM & ODM service available, perfect for bakery or a sandwich shop","og_url":"https:\/\/www.plastic-crate.co.uk\/fr\/product\/plastic-dough-trays-pizza-dough-tray-with-lid-453\/","og_site_name":"Euro crates Manufacturer","article_modified_time":"2025-09-15T13:13:48+00:00","og_image":[{"width":801,"height":469,"url":"https:\/\/www.plastic-crate.co.uk\/wp-content\/uploads\/2022\/04\/dough-tray-with-lid-6.png","type":"image\/png"}],"twitter_card":"summary_large_image","twitter_title":"stackable folding crate, High Quality stackable folding crate Wholesale","twitter_misc":{"Est. reading time":"1 minute"},"schema":{"@context":"https:\/\/schema.org","@graph":[{"@type":"WebPage","@id":"https:\/\/www.plastic-crate.co.uk\/product\/plastic-dough-trays-pizza-dough-tray-with-lid-453\/","url":"https:\/\/www.plastic-crate.co.uk\/product\/plastic-dough-trays-pizza-dough-tray-with-lid-453\/","name":"Plateaux \u00e0 p\u00e2te en plastique, plateau \u00e0 p\u00e2te \u00e0 pizza avec couvercle, vente en gros","isPartOf":{"@id":"https:\/\/www.plastic-crate.co.uk\/#website"},"primaryImageOfPage":{"@id":"https:\/\/www.plastic-crate.co.uk\/product\/plastic-dough-trays-pizza-dough-tray-with-lid-453\/#primaryimage"},"image":{"@id":"https:\/\/www.plastic-crate.co.uk\/product\/plastic-dough-trays-pizza-dough-tray-with-lid-453\/#primaryimage"},"thumbnailUrl":"https:\/\/www.plastic-crate.co.uk\/wp-content\/uploads\/2022\/04\/dough-tray-with-lid-6.png","datePublished":"2022-04-13T09:10:51+00:00","dateModified":"2025-09-15T13:13:48+00:00","description":"Plateaux de p\u00e2te en plastique, plateau de p\u00e2te \u00e0 pizza avec couvercle \u00e0 prix de gros, service OEM et ODM disponible, parfait pour une boulangerie ou une sandwicherie","breadcrumb":{"@id":"https:\/\/www.plastic-crate.co.uk\/product\/plastic-dough-trays-pizza-dough-tray-with-lid-453\/#breadcrumb"},"inLanguage":"fr-FR","potentialAction":[{"@type":"ReadAction","target":["https:\/\/www.plastic-crate.co.uk\/product\/plastic-dough-trays-pizza-dough-tray-with-lid-453\/"]}]},{"@type":"ImageObject","inLanguage":"fr-FR","@id":"https:\/\/www.plastic-crate.co.uk\/product\/plastic-dough-trays-pizza-dough-tray-with-lid-453\/#primaryimage","url":"https:\/\/www.plastic-crate.co.uk\/wp-content\/uploads\/2022\/04\/dough-tray-with-lid-6.png","contentUrl":"https:\/\/www.plastic-crate.co.uk\/wp-content\/uploads\/2022\/04\/dough-tray-with-lid-6.png","width":801,"height":469,"caption":"plastic dough trays"},{"@type":"BreadcrumbList","@id":"https:\/\/www.plastic-crate.co.uk\/product\/plastic-dough-trays-pizza-dough-tray-with-lid-453\/#breadcrumb","itemListElement":[{"@type":"ListItem","position":1,"name":"Shop","item":"https:\/\/www.plastic-crate.co.uk\/shop\/"},{"@type":"ListItem","position":2,"name":"Plastic dough trays, pizza dough tray with lid-453"}]},{"@type":"WebSite","@id":"https:\/\/www.plastic-crate.co.uk\/#website","url":"https:\/\/www.plastic-crate.co.uk\/","name":"Fabricant de caisses Euro","description":"Conteneurs Euro en gros, caisses Euro en plastique avec couvercles, bo\u00eetes Curo sans couvercles","publisher":{"@id":"https:\/\/www.plastic-crate.co.uk\/#organization"},"potentialAction":[{"@type":"SearchAction","target":{"@type":"EntryPoint","urlTemplate":"https:\/\/www.plastic-crate.co.uk\/?s={search_term_string}"},"query-input":{"@type":"PropertyValueSpecification","valueRequired":true,"valueName":"search_term_string"}}],"inLanguage":"fr-FR"},{"@type":"Organization","@id":"https:\/\/www.plastic-crate.co.uk\/#organization","name":"Fabricant de caisses Euro","url":"https:\/\/www.plastic-crate.co.uk\/","logo":{"@type":"ImageObject","inLanguage":"fr-FR","@id":"https:\/\/www.plastic-crate.co.uk\/#\/schema\/logo\/image\/","url":"https:\/\/www.plastic-crate.co.uk\/wp-content\/uploads\/2020\/10\/cropped-logo.png","contentUrl":"https:\/\/www.plastic-crate.co.uk\/wp-content\/uploads\/2020\/10\/cropped-logo.png","width":300,"height":66,"caption":"Euro crates Manufacturer"},"image":{"@id":"https:\/\/www.plastic-crate.co.uk\/#\/schema\/logo\/image\/"}}]}},"_links":{"self":[{"href":"https:\/\/www.plastic-crate.co.uk\/fr\/wp-json\/wp\/v2\/product\/6090","targetHints":{"allow":["GET"]}}],"collection":[{"href":"https:\/\/www.plastic-crate.co.uk\/fr\/wp-json\/wp\/v2\/product"}],"about":[{"href":"https:\/\/www.plastic-crate.co.uk\/fr\/wp-json\/wp\/v2\/types\/product"}],"wp:featuredmedia":[{"embeddable":true,"href":"https:\/\/www.plastic-crate.co.uk\/fr\/wp-json\/wp\/v2\/media\/6092"}],"wp:attachment":[{"href":"https:\/\/www.plastic-crate.co.uk\/fr\/wp-json\/wp\/v2\/media?parent=6090"}],"wp:term":[{"taxonomy":"product_brand","embeddable":true,"href":"https:\/\/www.plastic-crate.co.uk\/fr\/wp-json\/wp\/v2\/product_brand?post=6090"},{"taxonomy":"product_cat","embeddable":true,"href":"https:\/\/www.plastic-crate.co.uk\/fr\/wp-json\/wp\/v2\/product_cat?post=6090"},{"taxonomy":"product_tag","embeddable":true,"href":"https:\/\/www.plastic-crate.co.uk\/fr\/wp-json\/wp\/v2\/product_tag?post=6090"}],"curies":[{"name":"wp","href":"https:\/\/api.w.org\/{rel}","templated":true}]}}