{"id":6046,"date":"2022-04-12T12:17:56","date_gmt":"2022-04-12T12:17:56","guid":{"rendered":"https:\/\/www.plastic-crate.co.uk\/?post_type=product&#038;p=6046"},"modified":"2022-04-12T12:42:10","modified_gmt":"2022-04-12T12:42:10","slug":"plastic-bakery-trays-plastic-bakery-display-trays-550","status":"publish","type":"product","link":"https:\/\/www.plastic-crate.co.uk\/fr\/product\/plastic-bakery-trays-plastic-bakery-display-trays-550\/","title":{"rendered":"Plateaux de boulangerie en plastique, plateaux de pr\u00e9sentation en plastique pour boulangerie-550"},"content":{"rendered":"<p>Les plateaux de boulangerie en plastique sont con\u00e7us pour une utilisation efficace de votre espace disponible dans la boulangerie ou l&#039;entrep\u00f4t, sur les camions et dans le stockage des d\u00e9panneurs ou des supermarch\u00e9s.<\/p>\n<p>Une fois pleins, ces plateaux de pr\u00e9sentation en plastique pour p\u00e2tisserie s&#039;empilent en toute s\u00e9curit\u00e9 pour faciliter le transport et la pr\u00e9sentation. Une fois vides, ils s&#039;empilent et s&#039;embo\u00eetent pour gagner de la place dans l&#039;arri\u00e8re-boutique et le camion.<\/p>\n<p>Les plateaux empil\u00e9s forment des pr\u00e9sentoirs de marchandises visuellement attrayants et faciles d&#039;acc\u00e8s dans les all\u00e9es ou les sections de produits de boulangerie.<\/p>\n<p>&nbsp;<\/p>\n<ul>\n<li>La barre pivotante est facultative, empilable et embo\u00eetable.<\/li>\n<li>Conception embo\u00eetable pour \u00e9conomiser de l&#039;espace lorsqu&#039;il n&#039;est pas utilis\u00e9<\/li>\n<li>Impression sur soie avec le nom et le logo du client<\/li>\n<li>Le porte-\u00e9tiquette peut \u00eatre optionnel pour la fixation<\/li>\n<li>Sp\u00e9cialement pour le chargement du pain<\/li>\n<\/ul>\n<p><img decoding=\"async\" class=\"alignnone wp-image-6055 size-large\" src=\"https:\/\/www.plastic-crate.co.uk\/wp-content\/uploads\/2022\/04\/plastic-bakery-trays-feature-1024x295.jpg\" alt=\"caract\u00e9ristiques des plateaux en plastique de boulangerie\" width=\"1024\" height=\"295\" srcset=\"https:\/\/www.plastic-crate.co.uk\/wp-content\/uploads\/2022\/04\/plastic-bakery-trays-feature-1024x295.jpg 1024w, https:\/\/www.plastic-crate.co.uk\/wp-content\/uploads\/2022\/04\/plastic-bakery-trays-feature-300x87.jpg 300w, https:\/\/www.plastic-crate.co.uk\/wp-content\/uploads\/2022\/04\/plastic-bakery-trays-feature-768x221.jpg 768w, https:\/\/www.plastic-crate.co.uk\/wp-content\/uploads\/2022\/04\/plastic-bakery-trays-feature-600x173.jpg 600w, https:\/\/www.plastic-crate.co.uk\/wp-content\/uploads\/2022\/04\/plastic-bakery-trays-feature.jpg 1200w\" sizes=\"(max-width: 1024px) 100vw, 1024px\" \/> <img decoding=\"async\" class=\"alignnone wp-image-6056 size-full\" src=\"https:\/\/www.plastic-crate.co.uk\/wp-content\/uploads\/2022\/04\/plastic-bakery-trays-detail.jpg\" alt=\"d\u00e9tail des plateaux en plastique de boulangerie\" width=\"1000\" height=\"1000\" srcset=\"https:\/\/www.plastic-crate.co.uk\/wp-content\/uploads\/2022\/04\/plastic-bakery-trays-detail.jpg 1000w, https:\/\/www.plastic-crate.co.uk\/wp-content\/uploads\/2022\/04\/plastic-bakery-trays-detail-300x300.jpg 300w, https:\/\/www.plastic-crate.co.uk\/wp-content\/uploads\/2022\/04\/plastic-bakery-trays-detail-150x150.jpg 150w, https:\/\/www.plastic-crate.co.uk\/wp-content\/uploads\/2022\/04\/plastic-bakery-trays-detail-768x768.jpg 768w, https:\/\/www.plastic-crate.co.uk\/wp-content\/uploads\/2022\/04\/plastic-bakery-trays-detail-600x600.jpg 600w, https:\/\/www.plastic-crate.co.uk\/wp-content\/uploads\/2022\/04\/plastic-bakery-trays-detail-100x100.jpg 100w\" sizes=\"(max-width: 1000px) 100vw, 1000px\" \/> <img decoding=\"async\" class=\"alignnone wp-image-6057 size-full\" src=\"https:\/\/www.plastic-crate.co.uk\/wp-content\/uploads\/2022\/04\/plastic-bakery-trays-customize-logo.jpg\" alt=\"plateaux en plastique de boulangerie avec logo personnalis\u00e9\" width=\"1000\" height=\"495\" srcset=\"https:\/\/www.plastic-crate.co.uk\/wp-content\/uploads\/2022\/04\/plastic-bakery-trays-customize-logo.jpg 1000w, https:\/\/www.plastic-crate.co.uk\/wp-content\/uploads\/2022\/04\/plastic-bakery-trays-customize-logo-300x149.jpg 300w, https:\/\/www.plastic-crate.co.uk\/wp-content\/uploads\/2022\/04\/plastic-bakery-trays-customize-logo-768x380.jpg 768w, https:\/\/www.plastic-crate.co.uk\/wp-content\/uploads\/2022\/04\/plastic-bakery-trays-customize-logo-600x297.jpg 600w\" sizes=\"(max-width: 1000px) 100vw, 1000px\" \/><\/p>\n<p>&nbsp;<\/p>\n<p><a href=\"https:\/\/www.plastic-crate.co.uk\/fr\/product-category\/plastic-milk-crates\/\">caisses de lait en plastique<\/a>, <a href=\"https:\/\/www.plastic-crate.co.uk\/fr\/product-category\/supermarket-crates-bale-arm-crates\/\">caisses de supermarch\u00e9<\/a>, <a href=\"https:\/\/www.plastic-crates.com\/product-category\/totes-with-lids\/\" target=\"_blank\" rel=\"noopener\">sac fourre-tout \u00e0 rabat<\/a><\/p>","protected":false},"excerpt":{"rendered":"<p>Plastic bakery trays are designed for the efficient use of your available space in the bakery or warehouse, on trucks, and in convenience store or supermarket storage. When full, these plastic bakery display trays stack securely for easy transport and merchandising. When empty, they cross-stack and nest for back room and truck space savings. Stacked &hellip;<\/p>\n<p class=\"read-more\"> <a class=\"\" href=\"https:\/\/www.plastic-crate.co.uk\/fr\/product\/plastic-bakery-trays-plastic-bakery-display-trays-550\/\"> <span class=\"screen-reader-text\">Plateaux de boulangerie en plastique, plateaux de pr\u00e9sentation en plastique pour boulangerie-550<\/span> En savoir plus &quot;<\/a><\/p>","protected":false},"featured_media":6053,"template":"","meta":{"_acf_changed":false,"site-sidebar-layout":"default","site-content-layout":"default","ast-main-header-display":"","ast-hfb-above-header-display":"","ast-hfb-below-header-display":"","ast-hfb-mobile-header-display":"","site-post-title":"","ast-breadcrumbs-content":"","ast-featured-img":"","footer-sml-layout":"","theme-transparent-header-meta":"","adv-header-id-meta":"","stick-header-meta":"","header-above-stick-meta":"","header-main-stick-meta":"","header-below-stick-meta":""},"product_brand":[],"product_cat":[84],"product_tag":[],"class_list":{"0":"post-6046","1":"product","2":"type-product","3":"status-publish","4":"has-post-thumbnail","6":"product_cat-plastic-trays","8":"first","9":"instock","10":"product-type-simple"},"acf":[],"yoast_head":"<!-- This site is optimized with the Yoast SEO plugin v26.9 - https:\/\/yoast.com\/product\/yoast-seo-wordpress\/ -->\n<title>Plastic bakery trays, plastic bakery display trays Wholesale<\/title>\n<meta name=\"description\" content=\"Plastic bakery trays, plastic bakery display trays at wholesale prices, OEM &amp; ODM service available, perfect for catering supermarket\" \/>\n<meta name=\"robots\" content=\"index, follow, max-snippet:-1, max-image-preview:large, max-video-preview:-1\" \/>\n<link rel=\"canonical\" href=\"https:\/\/www.plastic-crate.co.uk\/fr\/product\/plastic-bakery-trays-plastic-bakery-display-trays-550\/\" \/>\n<meta property=\"og:locale\" content=\"fr_FR\" \/>\n<meta property=\"og:type\" content=\"article\" \/>\n<meta property=\"og:title\" content=\"stackable folding crate, High Quality stackable folding crate Wholesale\" \/>\n<meta property=\"og:description\" content=\"Plastic bakery trays, plastic bakery display trays at wholesale prices, OEM &amp; ODM service available, perfect for catering supermarket\" \/>\n<meta property=\"og:url\" content=\"https:\/\/www.plastic-crate.co.uk\/fr\/product\/plastic-bakery-trays-plastic-bakery-display-trays-550\/\" \/>\n<meta property=\"og:site_name\" content=\"Euro crates Manufacturer\" \/>\n<meta property=\"article:modified_time\" content=\"2022-04-12T12:42:10+00:00\" \/>\n<meta property=\"og:image\" content=\"https:\/\/www.plastic-crate.co.uk\/wp-content\/uploads\/2022\/04\/plastic-bakery-trays-1.jpg\" \/>\n\t<meta property=\"og:image:width\" content=\"1000\" \/>\n\t<meta property=\"og:image:height\" content=\"1000\" \/>\n\t<meta property=\"og:image:type\" content=\"image\/jpeg\" \/>\n<meta name=\"twitter:card\" content=\"summary_large_image\" \/>\n<meta name=\"twitter:title\" content=\"stackable folding crate, High Quality stackable folding crate Wholesale\" \/>\n<meta name=\"twitter:label1\" content=\"Est. reading time\" \/>\n\t<meta name=\"twitter:data1\" content=\"2 minutes\" \/>\n<script type=\"application\/ld+json\" class=\"yoast-schema-graph\">{\"@context\":\"https:\/\/schema.org\",\"@graph\":[{\"@type\":\"WebPage\",\"@id\":\"https:\/\/www.plastic-crate.co.uk\/product\/plastic-bakery-trays-plastic-bakery-display-trays-550\/\",\"url\":\"https:\/\/www.plastic-crate.co.uk\/product\/plastic-bakery-trays-plastic-bakery-display-trays-550\/\",\"name\":\"Plastic bakery trays, plastic bakery display trays Wholesale\",\"isPartOf\":{\"@id\":\"https:\/\/www.plastic-crate.co.uk\/#website\"},\"primaryImageOfPage\":{\"@id\":\"https:\/\/www.plastic-crate.co.uk\/product\/plastic-bakery-trays-plastic-bakery-display-trays-550\/#primaryimage\"},\"image\":{\"@id\":\"https:\/\/www.plastic-crate.co.uk\/product\/plastic-bakery-trays-plastic-bakery-display-trays-550\/#primaryimage\"},\"thumbnailUrl\":\"https:\/\/www.plastic-crate.co.uk\/wp-content\/uploads\/2022\/04\/plastic-bakery-trays-1.jpg\",\"datePublished\":\"2022-04-12T12:17:56+00:00\",\"dateModified\":\"2022-04-12T12:42:10+00:00\",\"description\":\"Plastic bakery trays, plastic bakery display trays at wholesale prices, OEM & ODM service available, perfect for catering supermarket\",\"breadcrumb\":{\"@id\":\"https:\/\/www.plastic-crate.co.uk\/product\/plastic-bakery-trays-plastic-bakery-display-trays-550\/#breadcrumb\"},\"inLanguage\":\"fr-FR\",\"potentialAction\":[{\"@type\":\"ReadAction\",\"target\":[\"https:\/\/www.plastic-crate.co.uk\/product\/plastic-bakery-trays-plastic-bakery-display-trays-550\/\"]}]},{\"@type\":\"ImageObject\",\"inLanguage\":\"fr-FR\",\"@id\":\"https:\/\/www.plastic-crate.co.uk\/product\/plastic-bakery-trays-plastic-bakery-display-trays-550\/#primaryimage\",\"url\":\"https:\/\/www.plastic-crate.co.uk\/wp-content\/uploads\/2022\/04\/plastic-bakery-trays-1.jpg\",\"contentUrl\":\"https:\/\/www.plastic-crate.co.uk\/wp-content\/uploads\/2022\/04\/plastic-bakery-trays-1.jpg\",\"width\":1000,\"height\":1000,\"caption\":\"plastic bakery trays\"},{\"@type\":\"BreadcrumbList\",\"@id\":\"https:\/\/www.plastic-crate.co.uk\/product\/plastic-bakery-trays-plastic-bakery-display-trays-550\/#breadcrumb\",\"itemListElement\":[{\"@type\":\"ListItem\",\"position\":1,\"name\":\"Shop\",\"item\":\"https:\/\/www.plastic-crate.co.uk\/shop\/\"},{\"@type\":\"ListItem\",\"position\":2,\"name\":\"Plastic bakery trays, plastic bakery display trays-550\"}]},{\"@type\":\"WebSite\",\"@id\":\"https:\/\/www.plastic-crate.co.uk\/#website\",\"url\":\"https:\/\/www.plastic-crate.co.uk\/\",\"name\":\"Euro crates Manufacturer\",\"description\":\"wholesale Euro containers, plastic euro crates with lids, curo boxes without lids\",\"publisher\":{\"@id\":\"https:\/\/www.plastic-crate.co.uk\/#organization\"},\"potentialAction\":[{\"@type\":\"SearchAction\",\"target\":{\"@type\":\"EntryPoint\",\"urlTemplate\":\"https:\/\/www.plastic-crate.co.uk\/?s={search_term_string}\"},\"query-input\":{\"@type\":\"PropertyValueSpecification\",\"valueRequired\":true,\"valueName\":\"search_term_string\"}}],\"inLanguage\":\"fr-FR\"},{\"@type\":\"Organization\",\"@id\":\"https:\/\/www.plastic-crate.co.uk\/#organization\",\"name\":\"Euro crates Manufacturer\",\"url\":\"https:\/\/www.plastic-crate.co.uk\/\",\"logo\":{\"@type\":\"ImageObject\",\"inLanguage\":\"fr-FR\",\"@id\":\"https:\/\/www.plastic-crate.co.uk\/#\/schema\/logo\/image\/\",\"url\":\"https:\/\/www.plastic-crate.co.uk\/wp-content\/uploads\/2020\/10\/cropped-logo.png\",\"contentUrl\":\"https:\/\/www.plastic-crate.co.uk\/wp-content\/uploads\/2020\/10\/cropped-logo.png\",\"width\":300,\"height\":66,\"caption\":\"Euro crates Manufacturer\"},\"image\":{\"@id\":\"https:\/\/www.plastic-crate.co.uk\/#\/schema\/logo\/image\/\"}}]}<\/script>\n<!-- \/ Yoast SEO plugin. -->","yoast_head_json":{"title":"Plateaux de boulangerie en plastique, plateaux de pr\u00e9sentation en plastique pour boulangerie, vente en gros","description":"Plateaux de boulangerie en plastique, plateaux de pr\u00e9sentation de boulangerie en plastique \u00e0 prix de gros, service OEM et ODM disponible, parfait pour les supermarch\u00e9s de restauration","robots":{"index":"index","follow":"follow","max-snippet":"max-snippet:-1","max-image-preview":"max-image-preview:large","max-video-preview":"max-video-preview:-1"},"canonical":"https:\/\/www.plastic-crate.co.uk\/fr\/product\/plastic-bakery-trays-plastic-bakery-display-trays-550\/","og_locale":"fr_FR","og_type":"article","og_title":"stackable folding crate, High Quality stackable folding crate Wholesale","og_description":"Plastic bakery trays, plastic bakery display trays at wholesale prices, OEM & ODM service available, perfect for catering supermarket","og_url":"https:\/\/www.plastic-crate.co.uk\/fr\/product\/plastic-bakery-trays-plastic-bakery-display-trays-550\/","og_site_name":"Euro crates Manufacturer","article_modified_time":"2022-04-12T12:42:10+00:00","og_image":[{"width":1000,"height":1000,"url":"https:\/\/www.plastic-crate.co.uk\/wp-content\/uploads\/2022\/04\/plastic-bakery-trays-1.jpg","type":"image\/jpeg"}],"twitter_card":"summary_large_image","twitter_title":"stackable folding crate, High Quality stackable folding crate Wholesale","twitter_misc":{"Est. reading time":"2 minutes"},"schema":{"@context":"https:\/\/schema.org","@graph":[{"@type":"WebPage","@id":"https:\/\/www.plastic-crate.co.uk\/product\/plastic-bakery-trays-plastic-bakery-display-trays-550\/","url":"https:\/\/www.plastic-crate.co.uk\/product\/plastic-bakery-trays-plastic-bakery-display-trays-550\/","name":"Plateaux de boulangerie en plastique, plateaux de pr\u00e9sentation en plastique pour boulangerie, vente en gros","isPartOf":{"@id":"https:\/\/www.plastic-crate.co.uk\/#website"},"primaryImageOfPage":{"@id":"https:\/\/www.plastic-crate.co.uk\/product\/plastic-bakery-trays-plastic-bakery-display-trays-550\/#primaryimage"},"image":{"@id":"https:\/\/www.plastic-crate.co.uk\/product\/plastic-bakery-trays-plastic-bakery-display-trays-550\/#primaryimage"},"thumbnailUrl":"https:\/\/www.plastic-crate.co.uk\/wp-content\/uploads\/2022\/04\/plastic-bakery-trays-1.jpg","datePublished":"2022-04-12T12:17:56+00:00","dateModified":"2022-04-12T12:42:10+00:00","description":"Plateaux de boulangerie en plastique, plateaux de pr\u00e9sentation de boulangerie en plastique \u00e0 prix de gros, service OEM et ODM disponible, parfait pour les supermarch\u00e9s de restauration","breadcrumb":{"@id":"https:\/\/www.plastic-crate.co.uk\/product\/plastic-bakery-trays-plastic-bakery-display-trays-550\/#breadcrumb"},"inLanguage":"fr-FR","potentialAction":[{"@type":"ReadAction","target":["https:\/\/www.plastic-crate.co.uk\/product\/plastic-bakery-trays-plastic-bakery-display-trays-550\/"]}]},{"@type":"ImageObject","inLanguage":"fr-FR","@id":"https:\/\/www.plastic-crate.co.uk\/product\/plastic-bakery-trays-plastic-bakery-display-trays-550\/#primaryimage","url":"https:\/\/www.plastic-crate.co.uk\/wp-content\/uploads\/2022\/04\/plastic-bakery-trays-1.jpg","contentUrl":"https:\/\/www.plastic-crate.co.uk\/wp-content\/uploads\/2022\/04\/plastic-bakery-trays-1.jpg","width":1000,"height":1000,"caption":"plastic bakery trays"},{"@type":"BreadcrumbList","@id":"https:\/\/www.plastic-crate.co.uk\/product\/plastic-bakery-trays-plastic-bakery-display-trays-550\/#breadcrumb","itemListElement":[{"@type":"ListItem","position":1,"name":"Shop","item":"https:\/\/www.plastic-crate.co.uk\/shop\/"},{"@type":"ListItem","position":2,"name":"Plastic bakery trays, plastic bakery display trays-550"}]},{"@type":"WebSite","@id":"https:\/\/www.plastic-crate.co.uk\/#website","url":"https:\/\/www.plastic-crate.co.uk\/","name":"Fabricant de caisses Euro","description":"Conteneurs Euro en gros, caisses Euro en plastique avec couvercles, bo\u00eetes Curo sans couvercles","publisher":{"@id":"https:\/\/www.plastic-crate.co.uk\/#organization"},"potentialAction":[{"@type":"SearchAction","target":{"@type":"EntryPoint","urlTemplate":"https:\/\/www.plastic-crate.co.uk\/?s={search_term_string}"},"query-input":{"@type":"PropertyValueSpecification","valueRequired":true,"valueName":"search_term_string"}}],"inLanguage":"fr-FR"},{"@type":"Organization","@id":"https:\/\/www.plastic-crate.co.uk\/#organization","name":"Fabricant de caisses Euro","url":"https:\/\/www.plastic-crate.co.uk\/","logo":{"@type":"ImageObject","inLanguage":"fr-FR","@id":"https:\/\/www.plastic-crate.co.uk\/#\/schema\/logo\/image\/","url":"https:\/\/www.plastic-crate.co.uk\/wp-content\/uploads\/2020\/10\/cropped-logo.png","contentUrl":"https:\/\/www.plastic-crate.co.uk\/wp-content\/uploads\/2020\/10\/cropped-logo.png","width":300,"height":66,"caption":"Euro crates Manufacturer"},"image":{"@id":"https:\/\/www.plastic-crate.co.uk\/#\/schema\/logo\/image\/"}}]}},"_links":{"self":[{"href":"https:\/\/www.plastic-crate.co.uk\/fr\/wp-json\/wp\/v2\/product\/6046","targetHints":{"allow":["GET"]}}],"collection":[{"href":"https:\/\/www.plastic-crate.co.uk\/fr\/wp-json\/wp\/v2\/product"}],"about":[{"href":"https:\/\/www.plastic-crate.co.uk\/fr\/wp-json\/wp\/v2\/types\/product"}],"wp:featuredmedia":[{"embeddable":true,"href":"https:\/\/www.plastic-crate.co.uk\/fr\/wp-json\/wp\/v2\/media\/6053"}],"wp:attachment":[{"href":"https:\/\/www.plastic-crate.co.uk\/fr\/wp-json\/wp\/v2\/media?parent=6046"}],"wp:term":[{"taxonomy":"product_brand","embeddable":true,"href":"https:\/\/www.plastic-crate.co.uk\/fr\/wp-json\/wp\/v2\/product_brand?post=6046"},{"taxonomy":"product_cat","embeddable":true,"href":"https:\/\/www.plastic-crate.co.uk\/fr\/wp-json\/wp\/v2\/product_cat?post=6046"},{"taxonomy":"product_tag","embeddable":true,"href":"https:\/\/www.plastic-crate.co.uk\/fr\/wp-json\/wp\/v2\/product_tag?post=6046"}],"curies":[{"name":"wp","href":"https:\/\/api.w.org\/{rel}","templated":true}]}}