{"id":5941,"date":"2022-03-28T07:07:06","date_gmt":"2022-03-28T07:07:06","guid":{"rendered":"https:\/\/www.plastic-crate.co.uk\/?post_type=product&#038;p=5941"},"modified":"2025-01-15T04:22:46","modified_gmt":"2025-01-15T04:22:46","slug":"collapsible-milk-crate-plastic-folding-milk-crates-33285","status":"publish","type":"product","link":"https:\/\/www.plastic-crate.co.uk\/fr\/product\/collapsible-milk-crate-plastic-folding-milk-crates-33285\/","title":{"rendered":"Caisse \u00e0 lait pliable, caisses \u00e0 lait pliantes en plastique-33285"},"content":{"rendered":"<p>La caisse \u00e0 lait pliable est une caisse de rangement en plastique empilable qui simplifie toutes vos activit\u00e9s, d\u00e9placements et t\u00e2ches quotidiennes. Facile \u00e0 utiliser\u00a0: ouvrez-la quand vous en avez besoin et repliez-la \u00e0 plat quand vous n&#039;en avez plus besoin.<\/p>\n<div style=\"width: 960px;\" class=\"wp-video\"><video class=\"wp-video-shortcode\" id=\"video-5941-1\" width=\"960\" height=\"540\" preload=\"metadata\" controls=\"controls\"><source type=\"video\/mp4\" src=\"https:\/\/www.plastic-crate.co.uk\/wp-content\/uploads\/2022\/03\/collapsible-milk-crate.mp4?_=1\" \/><a href=\"https:\/\/www.plastic-crate.co.uk\/wp-content\/uploads\/2022\/03\/collapsible-milk-crate.mp4\">https:\/\/www.plastic-crate.co.uk\/wp-content\/uploads\/2022\/03\/collapsible-milk-crate.mp4<\/a><\/video><\/div>\n<p>La conception pliable\/pliable permet d&#039;\u00e9conomiser de l&#039;argent <b>Espace 80%,<\/b> et donc \u00e9conomiser sur les frais d&#039;exp\u00e9dition et de stockage. Cela contribue \u00e9galement \u00e0 <b>emballage plus facile<\/b>, transport et stockage. <b>Poign\u00e9es lat\u00e9rales confortables <\/b>Facilitez le levage de charges lourdes. La surface plane facilite le nettoyage. <b>Syst\u00e8me d&#039;embo\u00eetement embo\u00eetable<\/b> assure la stabilit\u00e9 pour l&#039;embo\u00eetement vertical. Flexible <b>empilage embo\u00eetable<\/b> le syst\u00e8me emp\u00eache le glissement.<\/p>\n<p>nous combinons l&#039;emballage, le transport et le stockage dans une seule caisse \u00e0 lait pliable et r\u00e9utilisable.<\/p>\n<p>nous vendons \u00e9galement <a href=\"https:\/\/www.plastic-crate.co.uk\/fr\/product-tag\/ifco-crates-for-sale\/\">conteneurs ifco<\/a>, <a href=\"https:\/\/www.storage-totes.com\/product-category\/nesting-totes\/\" target=\"_blank\" rel=\"noopener\">empiler et imbriquer des conteneurs<\/a><\/p>","protected":false},"excerpt":{"rendered":"<p>The Collapsible Milk Crate is a stackable plastic storage crate to simplify all of your activities, trips and day-to-day tasks. Easy to use, pop &#8217;em open when you need them, fold &#8217;em flat when you don&#8217;t. Collapsible\/folding design helps saving around 80% space, and therefore saving shipping and storage costs. It also helps with easier &hellip;<\/p>\n<p class=\"read-more\"> <a class=\"\" href=\"https:\/\/www.plastic-crate.co.uk\/fr\/product\/collapsible-milk-crate-plastic-folding-milk-crates-33285\/\"> <span class=\"screen-reader-text\">Caisse \u00e0 lait pliable, caisses \u00e0 lait pliantes en plastique-33285<\/span> En savoir plus &quot;<\/a><\/p>","protected":false},"featured_media":5943,"template":"","meta":{"_acf_changed":false,"site-sidebar-layout":"default","site-content-layout":"default","ast-main-header-display":"","ast-hfb-above-header-display":"","ast-hfb-below-header-display":"","ast-hfb-mobile-header-display":"","site-post-title":"","ast-breadcrumbs-content":"","ast-featured-img":"","footer-sml-layout":"","theme-transparent-header-meta":"","adv-header-id-meta":"","stick-header-meta":"","header-above-stick-meta":"","header-main-stick-meta":"","header-below-stick-meta":""},"product_brand":[],"product_cat":[83],"product_tag":[],"class_list":{"0":"post-5941","1":"product","2":"type-product","3":"status-publish","4":"has-post-thumbnail","6":"product_cat-plastic-milk-crates","8":"first","9":"instock","10":"product-type-simple"},"acf":[],"yoast_head":"<!-- This site is optimized with the Yoast SEO plugin v26.9 - https:\/\/yoast.com\/product\/yoast-seo-wordpress\/ -->\n<title>Collapsible milk crate, plastic folding milk crates Wholesale<\/title>\n<meta name=\"description\" content=\"Collapsible milk crate, plastic folding milk crates wholesale prices, OEM &amp; ODM service available, wholesale collapsible milk crate\" \/>\n<meta name=\"robots\" content=\"index, follow, max-snippet:-1, max-image-preview:large, max-video-preview:-1\" \/>\n<link rel=\"canonical\" href=\"https:\/\/www.plastic-crate.co.uk\/fr\/product\/collapsible-milk-crate-plastic-folding-milk-crates-33285\/\" \/>\n<meta property=\"og:locale\" content=\"fr_FR\" \/>\n<meta property=\"og:type\" content=\"article\" \/>\n<meta property=\"og:title\" content=\"stackable folding crate, High Quality stackable folding crate Wholesale\" \/>\n<meta property=\"og:description\" content=\"Collapsible milk crate, plastic folding milk crates wholesale prices, OEM &amp; ODM service available, wholesale collapsible milk crate\" \/>\n<meta property=\"og:url\" content=\"https:\/\/www.plastic-crate.co.uk\/fr\/product\/collapsible-milk-crate-plastic-folding-milk-crates-33285\/\" \/>\n<meta property=\"og:site_name\" content=\"Euro crates Manufacturer\" \/>\n<meta property=\"article:modified_time\" content=\"2025-01-15T04:22:46+00:00\" \/>\n<meta property=\"og:image\" content=\"https:\/\/www.plastic-crate.co.uk\/wp-content\/uploads\/2022\/03\/collapsible-milk-crate-4.jpg\" \/>\n\t<meta property=\"og:image:width\" content=\"1242\" \/>\n\t<meta property=\"og:image:height\" content=\"1264\" \/>\n\t<meta property=\"og:image:type\" content=\"image\/jpeg\" \/>\n<meta name=\"twitter:card\" content=\"summary_large_image\" \/>\n<meta name=\"twitter:title\" content=\"stackable folding crate, High Quality stackable folding crate Wholesale\" \/>\n<meta name=\"twitter:label1\" content=\"Est. reading time\" \/>\n\t<meta name=\"twitter:data1\" content=\"1 minute\" \/>\n<script type=\"application\/ld+json\" class=\"yoast-schema-graph\">{\"@context\":\"https:\/\/schema.org\",\"@graph\":[{\"@type\":\"WebPage\",\"@id\":\"https:\/\/www.plastic-crate.co.uk\/product\/collapsible-milk-crate-plastic-folding-milk-crates-33285\/\",\"url\":\"https:\/\/www.plastic-crate.co.uk\/product\/collapsible-milk-crate-plastic-folding-milk-crates-33285\/\",\"name\":\"Collapsible milk crate, plastic folding milk crates Wholesale\",\"isPartOf\":{\"@id\":\"https:\/\/www.plastic-crate.co.uk\/#website\"},\"primaryImageOfPage\":{\"@id\":\"https:\/\/www.plastic-crate.co.uk\/product\/collapsible-milk-crate-plastic-folding-milk-crates-33285\/#primaryimage\"},\"image\":{\"@id\":\"https:\/\/www.plastic-crate.co.uk\/product\/collapsible-milk-crate-plastic-folding-milk-crates-33285\/#primaryimage\"},\"thumbnailUrl\":\"https:\/\/www.plastic-crate.co.uk\/wp-content\/uploads\/2022\/03\/collapsible-milk-crate-4.jpg\",\"datePublished\":\"2022-03-28T07:07:06+00:00\",\"dateModified\":\"2025-01-15T04:22:46+00:00\",\"description\":\"Collapsible milk crate, plastic folding milk crates wholesale prices, OEM & ODM service available, wholesale collapsible milk crate\",\"breadcrumb\":{\"@id\":\"https:\/\/www.plastic-crate.co.uk\/product\/collapsible-milk-crate-plastic-folding-milk-crates-33285\/#breadcrumb\"},\"inLanguage\":\"fr-FR\",\"potentialAction\":[{\"@type\":\"ReadAction\",\"target\":[\"https:\/\/www.plastic-crate.co.uk\/product\/collapsible-milk-crate-plastic-folding-milk-crates-33285\/\"]}]},{\"@type\":\"ImageObject\",\"inLanguage\":\"fr-FR\",\"@id\":\"https:\/\/www.plastic-crate.co.uk\/product\/collapsible-milk-crate-plastic-folding-milk-crates-33285\/#primaryimage\",\"url\":\"https:\/\/www.plastic-crate.co.uk\/wp-content\/uploads\/2022\/03\/collapsible-milk-crate-4.jpg\",\"contentUrl\":\"https:\/\/www.plastic-crate.co.uk\/wp-content\/uploads\/2022\/03\/collapsible-milk-crate-4.jpg\",\"width\":1242,\"height\":1264,\"caption\":\"collapsible milk crate\"},{\"@type\":\"BreadcrumbList\",\"@id\":\"https:\/\/www.plastic-crate.co.uk\/product\/collapsible-milk-crate-plastic-folding-milk-crates-33285\/#breadcrumb\",\"itemListElement\":[{\"@type\":\"ListItem\",\"position\":1,\"name\":\"Shop\",\"item\":\"https:\/\/www.plastic-crate.co.uk\/shop\/\"},{\"@type\":\"ListItem\",\"position\":2,\"name\":\"collapsible milk crate, plastic folding milk crates-33285\"}]},{\"@type\":\"WebSite\",\"@id\":\"https:\/\/www.plastic-crate.co.uk\/#website\",\"url\":\"https:\/\/www.plastic-crate.co.uk\/\",\"name\":\"Euro crates Manufacturer\",\"description\":\"wholesale Euro containers, plastic euro crates with lids, curo boxes without lids\",\"publisher\":{\"@id\":\"https:\/\/www.plastic-crate.co.uk\/#organization\"},\"potentialAction\":[{\"@type\":\"SearchAction\",\"target\":{\"@type\":\"EntryPoint\",\"urlTemplate\":\"https:\/\/www.plastic-crate.co.uk\/?s={search_term_string}\"},\"query-input\":{\"@type\":\"PropertyValueSpecification\",\"valueRequired\":true,\"valueName\":\"search_term_string\"}}],\"inLanguage\":\"fr-FR\"},{\"@type\":\"Organization\",\"@id\":\"https:\/\/www.plastic-crate.co.uk\/#organization\",\"name\":\"Euro crates Manufacturer\",\"url\":\"https:\/\/www.plastic-crate.co.uk\/\",\"logo\":{\"@type\":\"ImageObject\",\"inLanguage\":\"fr-FR\",\"@id\":\"https:\/\/www.plastic-crate.co.uk\/#\/schema\/logo\/image\/\",\"url\":\"https:\/\/www.plastic-crate.co.uk\/wp-content\/uploads\/2020\/10\/cropped-logo.png\",\"contentUrl\":\"https:\/\/www.plastic-crate.co.uk\/wp-content\/uploads\/2020\/10\/cropped-logo.png\",\"width\":300,\"height\":66,\"caption\":\"Euro crates Manufacturer\"},\"image\":{\"@id\":\"https:\/\/www.plastic-crate.co.uk\/#\/schema\/logo\/image\/\"}}]}<\/script>\n<!-- \/ Yoast SEO plugin. -->","yoast_head_json":{"title":"Caisses \u00e0 lait pliables, caisses \u00e0 lait pliantes en plastique, vente en gros","description":"Caisse \u00e0 lait pliable, caisses \u00e0 lait pliantes en plastique prix de gros, service OEM et ODM disponible, caisse \u00e0 lait pliable en gros","robots":{"index":"index","follow":"follow","max-snippet":"max-snippet:-1","max-image-preview":"max-image-preview:large","max-video-preview":"max-video-preview:-1"},"canonical":"https:\/\/www.plastic-crate.co.uk\/fr\/product\/collapsible-milk-crate-plastic-folding-milk-crates-33285\/","og_locale":"fr_FR","og_type":"article","og_title":"stackable folding crate, High Quality stackable folding crate Wholesale","og_description":"Collapsible milk crate, plastic folding milk crates wholesale prices, OEM & ODM service available, wholesale collapsible milk crate","og_url":"https:\/\/www.plastic-crate.co.uk\/fr\/product\/collapsible-milk-crate-plastic-folding-milk-crates-33285\/","og_site_name":"Euro crates Manufacturer","article_modified_time":"2025-01-15T04:22:46+00:00","og_image":[{"width":1242,"height":1264,"url":"https:\/\/www.plastic-crate.co.uk\/wp-content\/uploads\/2022\/03\/collapsible-milk-crate-4.jpg","type":"image\/jpeg"}],"twitter_card":"summary_large_image","twitter_title":"stackable folding crate, High Quality stackable folding crate Wholesale","twitter_misc":{"Est. reading time":"1 minute"},"schema":{"@context":"https:\/\/schema.org","@graph":[{"@type":"WebPage","@id":"https:\/\/www.plastic-crate.co.uk\/product\/collapsible-milk-crate-plastic-folding-milk-crates-33285\/","url":"https:\/\/www.plastic-crate.co.uk\/product\/collapsible-milk-crate-plastic-folding-milk-crates-33285\/","name":"Caisses \u00e0 lait pliables, caisses \u00e0 lait pliantes en plastique, vente en gros","isPartOf":{"@id":"https:\/\/www.plastic-crate.co.uk\/#website"},"primaryImageOfPage":{"@id":"https:\/\/www.plastic-crate.co.uk\/product\/collapsible-milk-crate-plastic-folding-milk-crates-33285\/#primaryimage"},"image":{"@id":"https:\/\/www.plastic-crate.co.uk\/product\/collapsible-milk-crate-plastic-folding-milk-crates-33285\/#primaryimage"},"thumbnailUrl":"https:\/\/www.plastic-crate.co.uk\/wp-content\/uploads\/2022\/03\/collapsible-milk-crate-4.jpg","datePublished":"2022-03-28T07:07:06+00:00","dateModified":"2025-01-15T04:22:46+00:00","description":"Caisse \u00e0 lait pliable, caisses \u00e0 lait pliantes en plastique prix de gros, service OEM et ODM disponible, caisse \u00e0 lait pliable en gros","breadcrumb":{"@id":"https:\/\/www.plastic-crate.co.uk\/product\/collapsible-milk-crate-plastic-folding-milk-crates-33285\/#breadcrumb"},"inLanguage":"fr-FR","potentialAction":[{"@type":"ReadAction","target":["https:\/\/www.plastic-crate.co.uk\/product\/collapsible-milk-crate-plastic-folding-milk-crates-33285\/"]}]},{"@type":"ImageObject","inLanguage":"fr-FR","@id":"https:\/\/www.plastic-crate.co.uk\/product\/collapsible-milk-crate-plastic-folding-milk-crates-33285\/#primaryimage","url":"https:\/\/www.plastic-crate.co.uk\/wp-content\/uploads\/2022\/03\/collapsible-milk-crate-4.jpg","contentUrl":"https:\/\/www.plastic-crate.co.uk\/wp-content\/uploads\/2022\/03\/collapsible-milk-crate-4.jpg","width":1242,"height":1264,"caption":"collapsible milk crate"},{"@type":"BreadcrumbList","@id":"https:\/\/www.plastic-crate.co.uk\/product\/collapsible-milk-crate-plastic-folding-milk-crates-33285\/#breadcrumb","itemListElement":[{"@type":"ListItem","position":1,"name":"Shop","item":"https:\/\/www.plastic-crate.co.uk\/shop\/"},{"@type":"ListItem","position":2,"name":"collapsible milk crate, plastic folding milk crates-33285"}]},{"@type":"WebSite","@id":"https:\/\/www.plastic-crate.co.uk\/#website","url":"https:\/\/www.plastic-crate.co.uk\/","name":"Fabricant de caisses Euro","description":"Conteneurs Euro en gros, caisses Euro en plastique avec couvercles, bo\u00eetes Curo sans couvercles","publisher":{"@id":"https:\/\/www.plastic-crate.co.uk\/#organization"},"potentialAction":[{"@type":"SearchAction","target":{"@type":"EntryPoint","urlTemplate":"https:\/\/www.plastic-crate.co.uk\/?s={search_term_string}"},"query-input":{"@type":"PropertyValueSpecification","valueRequired":true,"valueName":"search_term_string"}}],"inLanguage":"fr-FR"},{"@type":"Organization","@id":"https:\/\/www.plastic-crate.co.uk\/#organization","name":"Fabricant de caisses Euro","url":"https:\/\/www.plastic-crate.co.uk\/","logo":{"@type":"ImageObject","inLanguage":"fr-FR","@id":"https:\/\/www.plastic-crate.co.uk\/#\/schema\/logo\/image\/","url":"https:\/\/www.plastic-crate.co.uk\/wp-content\/uploads\/2020\/10\/cropped-logo.png","contentUrl":"https:\/\/www.plastic-crate.co.uk\/wp-content\/uploads\/2020\/10\/cropped-logo.png","width":300,"height":66,"caption":"Euro crates Manufacturer"},"image":{"@id":"https:\/\/www.plastic-crate.co.uk\/#\/schema\/logo\/image\/"}}]}},"_links":{"self":[{"href":"https:\/\/www.plastic-crate.co.uk\/fr\/wp-json\/wp\/v2\/product\/5941","targetHints":{"allow":["GET"]}}],"collection":[{"href":"https:\/\/www.plastic-crate.co.uk\/fr\/wp-json\/wp\/v2\/product"}],"about":[{"href":"https:\/\/www.plastic-crate.co.uk\/fr\/wp-json\/wp\/v2\/types\/product"}],"wp:featuredmedia":[{"embeddable":true,"href":"https:\/\/www.plastic-crate.co.uk\/fr\/wp-json\/wp\/v2\/media\/5943"}],"wp:attachment":[{"href":"https:\/\/www.plastic-crate.co.uk\/fr\/wp-json\/wp\/v2\/media?parent=5941"}],"wp:term":[{"taxonomy":"product_brand","embeddable":true,"href":"https:\/\/www.plastic-crate.co.uk\/fr\/wp-json\/wp\/v2\/product_brand?post=5941"},{"taxonomy":"product_cat","embeddable":true,"href":"https:\/\/www.plastic-crate.co.uk\/fr\/wp-json\/wp\/v2\/product_cat?post=5941"},{"taxonomy":"product_tag","embeddable":true,"href":"https:\/\/www.plastic-crate.co.uk\/fr\/wp-json\/wp\/v2\/product_tag?post=5941"}],"curies":[{"name":"wp","href":"https:\/\/api.w.org\/{rel}","templated":true}]}}