{"id":5921,"date":"2022-03-27T08:01:06","date_gmt":"2022-03-27T08:01:06","guid":{"rendered":"https:\/\/www.plastic-crate.co.uk\/?post_type=product&#038;p=5921"},"modified":"2023-11-06T06:15:51","modified_gmt":"2023-11-06T06:15:51","slug":"grocery-store-crates-supermarket-crates-bale-arm-crates-6420","status":"publish","type":"product","link":"https:\/\/www.plastic-crate.co.uk\/fr\/product\/grocery-store-crates-supermarket-crates-bale-arm-crates-6420\/","title":{"rendered":"Caisses d&#039;\u00e9picerie, caisses de supermarch\u00e9, caisses \u00e0 bras de balle-6420"},"content":{"rendered":"<p>Les caisses d&#039;\u00e9picerie ont une empreinte standard de 600 x 400 mm. Elles sont \u00e9quip\u00e9es de deux bras de serrage robustes permettant leur empilage et leur embo\u00eetement. Populaires dans les grandes cha\u00eenes de supermarch\u00e9s, les paniers empilables-embo\u00eetables sont utilis\u00e9s dans de nombreux secteurs, notamment l&#039;industrie agroalimentaire, la restauration et l&#039;h\u00f4tellerie-restauration, l&#039;industrie pharmaceutique et de la sant\u00e9, l&#039;ing\u00e9nierie et la fabrication g\u00e9n\u00e9rale, la distribution au d\u00e9tail et le recyclage, etc.<\/p>\n<p>Les caisses d&#039;\u00e9picerie sont un moyen de stockage tr\u00e8s efficace. Tr\u00e8s populaires sur le march\u00e9, elles sont id\u00e9ales pour les produits frais et surgel\u00e9s, ainsi que pour de nombreux autres produits d&#039;\u00e9picerie. Nos caisses empilables pour supermarch\u00e9s sont fabriqu\u00e9es en plastique alimentaire r\u00e9sistant ou en plastique recycl\u00e9. Flexibles et robustes, elles offrent un moyen s\u00fbr de stocker ou de transporter des marchandises.<\/p>\n<p>La construction ventil\u00e9e des caisses en plastique pour supermarch\u00e9s assure une excellente circulation de l&#039;air et un drainage optimal. Leur encombrement aux normes europ\u00e9ennes permet leur compatibilit\u00e9 avec de nombreuses vitrines, palettes et diables en plastique.<\/p>\n<p>Les caisses de supermarch\u00e9 peuvent \u00eatre d\u00e9plac\u00e9es pour permettre l&#039;empilage et l&#039;embo\u00eetement des conteneurs. L&#039;ouverture du bras de pressage permet d&#039;embo\u00eeter les conteneurs jusqu&#039;\u00e0 76% de leur hauteur initiale. Cette hauteur d&#039;empilement variable permet une distribution efficace et permet d&#039;utiliser le m\u00eame plateau pour diff\u00e9rentes applications.<\/p>\n<p>nous vendons \u00e9galement <a href=\"https:\/\/www.panosupplier.com\/suppliers\/corrugated-plastic-totes\" target=\"_blank\" rel=\"noopener\">Bo\u00eetes en plastique ondul\u00e9 r\u00e9utilisables<\/a>, <a href=\"https:\/\/www.plastic-crate.co.uk\/fr\/product-tag\/ifco-crates-for-sale\/\">Caisses pliantes en plastique IFCO<\/a>, <a href=\"https:\/\/www.best-boxes.com\/product-category\/straight-wall-containers\/\" target=\"_blank\" rel=\"noopener\">r\u00e9cipients en plastique \u00e0 parois droites<\/a><\/p>","protected":false},"excerpt":{"rendered":"<p>The Grocery store crates has a standard 600x400mm footprint. They are equipped with 2 strong bale arms enabling them to be able to be stacked and nested. Popular within major supermarket chains, the stack nest baskets are used throughout a number of industries including food manufacturing and food processing, catering and hospitality, pharmaceuticals and healthcare, &hellip;<\/p>\n<p class=\"read-more\"> <a class=\"\" href=\"https:\/\/www.plastic-crate.co.uk\/fr\/product\/grocery-store-crates-supermarket-crates-bale-arm-crates-6420\/\"> <span class=\"screen-reader-text\">Caisses d&#039;\u00e9picerie, caisses de supermarch\u00e9, caisses \u00e0 bras de balle-6420<\/span> En savoir plus &quot;<\/a><\/p>","protected":false},"featured_media":5926,"template":"","meta":{"_acf_changed":false,"site-sidebar-layout":"default","site-content-layout":"default","ast-main-header-display":"","ast-hfb-above-header-display":"","ast-hfb-below-header-display":"","ast-hfb-mobile-header-display":"","site-post-title":"","ast-breadcrumbs-content":"","ast-featured-img":"","footer-sml-layout":"","theme-transparent-header-meta":"","adv-header-id-meta":"","stick-header-meta":"","header-above-stick-meta":"","header-main-stick-meta":"","header-below-stick-meta":""},"product_brand":[],"product_cat":[82],"product_tag":[],"class_list":{"0":"post-5921","1":"product","2":"type-product","3":"status-publish","4":"has-post-thumbnail","6":"product_cat-supermarket-crates-bale-arm-crates","8":"first","9":"instock","10":"product-type-simple"},"acf":[],"yoast_head":"<!-- This site is optimized with the Yoast SEO plugin v26.9 - https:\/\/yoast.com\/product\/yoast-seo-wordpress\/ -->\n<title>Grocery store crates, supermarket crates, bale arm crates Wholesale<\/title>\n<meta name=\"description\" content=\"Grocery store crates, supermarket crates for sale at wholesale prices, OEM &amp; ODM service available, perfect for handling food products\" \/>\n<meta name=\"robots\" content=\"index, follow, max-snippet:-1, max-image-preview:large, max-video-preview:-1\" \/>\n<link rel=\"canonical\" href=\"https:\/\/www.plastic-crate.co.uk\/fr\/product\/grocery-store-crates-supermarket-crates-bale-arm-crates-6420\/\" \/>\n<meta property=\"og:locale\" content=\"fr_FR\" \/>\n<meta property=\"og:type\" content=\"article\" \/>\n<meta property=\"og:title\" content=\"stackable folding crate, High Quality stackable folding crate Wholesale\" \/>\n<meta property=\"og:description\" content=\"Grocery store crates, supermarket crates for sale at wholesale prices, OEM &amp; ODM service available, perfect for handling food products\" \/>\n<meta property=\"og:url\" content=\"https:\/\/www.plastic-crate.co.uk\/fr\/product\/grocery-store-crates-supermarket-crates-bale-arm-crates-6420\/\" \/>\n<meta property=\"og:site_name\" content=\"Euro crates Manufacturer\" \/>\n<meta property=\"article:modified_time\" content=\"2023-11-06T06:15:51+00:00\" \/>\n<meta property=\"og:image\" content=\"https:\/\/www.plastic-crate.co.uk\/wp-content\/uploads\/2022\/03\/grocery-store-crates-5.jpg\" \/>\n\t<meta property=\"og:image:width\" content=\"700\" \/>\n\t<meta property=\"og:image:height\" content=\"700\" \/>\n\t<meta property=\"og:image:type\" content=\"image\/jpeg\" \/>\n<meta name=\"twitter:card\" content=\"summary_large_image\" \/>\n<meta name=\"twitter:title\" content=\"stackable folding crate, High Quality stackable folding crate Wholesale\" \/>\n<meta name=\"twitter:label1\" content=\"Est. reading time\" \/>\n\t<meta name=\"twitter:data1\" content=\"1 minute\" \/>\n<script type=\"application\/ld+json\" class=\"yoast-schema-graph\">{\"@context\":\"https:\/\/schema.org\",\"@graph\":[{\"@type\":\"WebPage\",\"@id\":\"https:\/\/www.plastic-crate.co.uk\/product\/grocery-store-crates-supermarket-crates-bale-arm-crates-6420\/\",\"url\":\"https:\/\/www.plastic-crate.co.uk\/product\/grocery-store-crates-supermarket-crates-bale-arm-crates-6420\/\",\"name\":\"Grocery store crates, supermarket crates, bale arm crates Wholesale\",\"isPartOf\":{\"@id\":\"https:\/\/www.plastic-crate.co.uk\/#website\"},\"primaryImageOfPage\":{\"@id\":\"https:\/\/www.plastic-crate.co.uk\/product\/grocery-store-crates-supermarket-crates-bale-arm-crates-6420\/#primaryimage\"},\"image\":{\"@id\":\"https:\/\/www.plastic-crate.co.uk\/product\/grocery-store-crates-supermarket-crates-bale-arm-crates-6420\/#primaryimage\"},\"thumbnailUrl\":\"https:\/\/www.plastic-crate.co.uk\/wp-content\/uploads\/2022\/03\/grocery-store-crates-5.jpg\",\"datePublished\":\"2022-03-27T08:01:06+00:00\",\"dateModified\":\"2023-11-06T06:15:51+00:00\",\"description\":\"Grocery store crates, supermarket crates for sale at wholesale prices, OEM & ODM service available, perfect for handling food products\",\"breadcrumb\":{\"@id\":\"https:\/\/www.plastic-crate.co.uk\/product\/grocery-store-crates-supermarket-crates-bale-arm-crates-6420\/#breadcrumb\"},\"inLanguage\":\"fr-FR\",\"potentialAction\":[{\"@type\":\"ReadAction\",\"target\":[\"https:\/\/www.plastic-crate.co.uk\/product\/grocery-store-crates-supermarket-crates-bale-arm-crates-6420\/\"]}]},{\"@type\":\"ImageObject\",\"inLanguage\":\"fr-FR\",\"@id\":\"https:\/\/www.plastic-crate.co.uk\/product\/grocery-store-crates-supermarket-crates-bale-arm-crates-6420\/#primaryimage\",\"url\":\"https:\/\/www.plastic-crate.co.uk\/wp-content\/uploads\/2022\/03\/grocery-store-crates-5.jpg\",\"contentUrl\":\"https:\/\/www.plastic-crate.co.uk\/wp-content\/uploads\/2022\/03\/grocery-store-crates-5.jpg\",\"width\":700,\"height\":700,\"caption\":\"supermarket crates grocery store crates\"},{\"@type\":\"BreadcrumbList\",\"@id\":\"https:\/\/www.plastic-crate.co.uk\/product\/grocery-store-crates-supermarket-crates-bale-arm-crates-6420\/#breadcrumb\",\"itemListElement\":[{\"@type\":\"ListItem\",\"position\":1,\"name\":\"Shop\",\"item\":\"https:\/\/www.plastic-crate.co.uk\/shop\/\"},{\"@type\":\"ListItem\",\"position\":2,\"name\":\"Grocery store crates, supermarket crates, bale arm crates-6420\"}]},{\"@type\":\"WebSite\",\"@id\":\"https:\/\/www.plastic-crate.co.uk\/#website\",\"url\":\"https:\/\/www.plastic-crate.co.uk\/\",\"name\":\"Euro crates Manufacturer\",\"description\":\"wholesale Euro containers, plastic euro crates with lids, curo boxes without lids\",\"publisher\":{\"@id\":\"https:\/\/www.plastic-crate.co.uk\/#organization\"},\"potentialAction\":[{\"@type\":\"SearchAction\",\"target\":{\"@type\":\"EntryPoint\",\"urlTemplate\":\"https:\/\/www.plastic-crate.co.uk\/?s={search_term_string}\"},\"query-input\":{\"@type\":\"PropertyValueSpecification\",\"valueRequired\":true,\"valueName\":\"search_term_string\"}}],\"inLanguage\":\"fr-FR\"},{\"@type\":\"Organization\",\"@id\":\"https:\/\/www.plastic-crate.co.uk\/#organization\",\"name\":\"Euro crates Manufacturer\",\"url\":\"https:\/\/www.plastic-crate.co.uk\/\",\"logo\":{\"@type\":\"ImageObject\",\"inLanguage\":\"fr-FR\",\"@id\":\"https:\/\/www.plastic-crate.co.uk\/#\/schema\/logo\/image\/\",\"url\":\"https:\/\/www.plastic-crate.co.uk\/wp-content\/uploads\/2020\/10\/cropped-logo.png\",\"contentUrl\":\"https:\/\/www.plastic-crate.co.uk\/wp-content\/uploads\/2020\/10\/cropped-logo.png\",\"width\":300,\"height\":66,\"caption\":\"Euro crates Manufacturer\"},\"image\":{\"@id\":\"https:\/\/www.plastic-crate.co.uk\/#\/schema\/logo\/image\/\"}}]}<\/script>\n<!-- \/ Yoast SEO plugin. -->","yoast_head_json":{"title":"Caisses d&#039;\u00e9picerie, caisses de supermarch\u00e9, caisses \u00e0 bras de balle en gros","description":"Caisses d&#039;\u00e9picerie, caisses de supermarch\u00e9 \u00e0 vendre \u00e0 des prix de gros, service OEM et ODM disponible, parfait pour la manipulation de produits alimentaires","robots":{"index":"index","follow":"follow","max-snippet":"max-snippet:-1","max-image-preview":"max-image-preview:large","max-video-preview":"max-video-preview:-1"},"canonical":"https:\/\/www.plastic-crate.co.uk\/fr\/product\/grocery-store-crates-supermarket-crates-bale-arm-crates-6420\/","og_locale":"fr_FR","og_type":"article","og_title":"stackable folding crate, High Quality stackable folding crate Wholesale","og_description":"Grocery store crates, supermarket crates for sale at wholesale prices, OEM & ODM service available, perfect for handling food products","og_url":"https:\/\/www.plastic-crate.co.uk\/fr\/product\/grocery-store-crates-supermarket-crates-bale-arm-crates-6420\/","og_site_name":"Euro crates Manufacturer","article_modified_time":"2023-11-06T06:15:51+00:00","og_image":[{"width":700,"height":700,"url":"https:\/\/www.plastic-crate.co.uk\/wp-content\/uploads\/2022\/03\/grocery-store-crates-5.jpg","type":"image\/jpeg"}],"twitter_card":"summary_large_image","twitter_title":"stackable folding crate, High Quality stackable folding crate Wholesale","twitter_misc":{"Est. reading time":"1 minute"},"schema":{"@context":"https:\/\/schema.org","@graph":[{"@type":"WebPage","@id":"https:\/\/www.plastic-crate.co.uk\/product\/grocery-store-crates-supermarket-crates-bale-arm-crates-6420\/","url":"https:\/\/www.plastic-crate.co.uk\/product\/grocery-store-crates-supermarket-crates-bale-arm-crates-6420\/","name":"Caisses d&#039;\u00e9picerie, caisses de supermarch\u00e9, caisses \u00e0 bras de balle en gros","isPartOf":{"@id":"https:\/\/www.plastic-crate.co.uk\/#website"},"primaryImageOfPage":{"@id":"https:\/\/www.plastic-crate.co.uk\/product\/grocery-store-crates-supermarket-crates-bale-arm-crates-6420\/#primaryimage"},"image":{"@id":"https:\/\/www.plastic-crate.co.uk\/product\/grocery-store-crates-supermarket-crates-bale-arm-crates-6420\/#primaryimage"},"thumbnailUrl":"https:\/\/www.plastic-crate.co.uk\/wp-content\/uploads\/2022\/03\/grocery-store-crates-5.jpg","datePublished":"2022-03-27T08:01:06+00:00","dateModified":"2023-11-06T06:15:51+00:00","description":"Caisses d&#039;\u00e9picerie, caisses de supermarch\u00e9 \u00e0 vendre \u00e0 des prix de gros, service OEM et ODM disponible, parfait pour la manipulation de produits alimentaires","breadcrumb":{"@id":"https:\/\/www.plastic-crate.co.uk\/product\/grocery-store-crates-supermarket-crates-bale-arm-crates-6420\/#breadcrumb"},"inLanguage":"fr-FR","potentialAction":[{"@type":"ReadAction","target":["https:\/\/www.plastic-crate.co.uk\/product\/grocery-store-crates-supermarket-crates-bale-arm-crates-6420\/"]}]},{"@type":"ImageObject","inLanguage":"fr-FR","@id":"https:\/\/www.plastic-crate.co.uk\/product\/grocery-store-crates-supermarket-crates-bale-arm-crates-6420\/#primaryimage","url":"https:\/\/www.plastic-crate.co.uk\/wp-content\/uploads\/2022\/03\/grocery-store-crates-5.jpg","contentUrl":"https:\/\/www.plastic-crate.co.uk\/wp-content\/uploads\/2022\/03\/grocery-store-crates-5.jpg","width":700,"height":700,"caption":"supermarket crates grocery store crates"},{"@type":"BreadcrumbList","@id":"https:\/\/www.plastic-crate.co.uk\/product\/grocery-store-crates-supermarket-crates-bale-arm-crates-6420\/#breadcrumb","itemListElement":[{"@type":"ListItem","position":1,"name":"Shop","item":"https:\/\/www.plastic-crate.co.uk\/shop\/"},{"@type":"ListItem","position":2,"name":"Grocery store crates, supermarket crates, bale arm crates-6420"}]},{"@type":"WebSite","@id":"https:\/\/www.plastic-crate.co.uk\/#website","url":"https:\/\/www.plastic-crate.co.uk\/","name":"Fabricant de caisses Euro","description":"Conteneurs Euro en gros, caisses Euro en plastique avec couvercles, bo\u00eetes Curo sans couvercles","publisher":{"@id":"https:\/\/www.plastic-crate.co.uk\/#organization"},"potentialAction":[{"@type":"SearchAction","target":{"@type":"EntryPoint","urlTemplate":"https:\/\/www.plastic-crate.co.uk\/?s={search_term_string}"},"query-input":{"@type":"PropertyValueSpecification","valueRequired":true,"valueName":"search_term_string"}}],"inLanguage":"fr-FR"},{"@type":"Organization","@id":"https:\/\/www.plastic-crate.co.uk\/#organization","name":"Fabricant de caisses Euro","url":"https:\/\/www.plastic-crate.co.uk\/","logo":{"@type":"ImageObject","inLanguage":"fr-FR","@id":"https:\/\/www.plastic-crate.co.uk\/#\/schema\/logo\/image\/","url":"https:\/\/www.plastic-crate.co.uk\/wp-content\/uploads\/2020\/10\/cropped-logo.png","contentUrl":"https:\/\/www.plastic-crate.co.uk\/wp-content\/uploads\/2020\/10\/cropped-logo.png","width":300,"height":66,"caption":"Euro crates Manufacturer"},"image":{"@id":"https:\/\/www.plastic-crate.co.uk\/#\/schema\/logo\/image\/"}}]}},"_links":{"self":[{"href":"https:\/\/www.plastic-crate.co.uk\/fr\/wp-json\/wp\/v2\/product\/5921","targetHints":{"allow":["GET"]}}],"collection":[{"href":"https:\/\/www.plastic-crate.co.uk\/fr\/wp-json\/wp\/v2\/product"}],"about":[{"href":"https:\/\/www.plastic-crate.co.uk\/fr\/wp-json\/wp\/v2\/types\/product"}],"wp:featuredmedia":[{"embeddable":true,"href":"https:\/\/www.plastic-crate.co.uk\/fr\/wp-json\/wp\/v2\/media\/5926"}],"wp:attachment":[{"href":"https:\/\/www.plastic-crate.co.uk\/fr\/wp-json\/wp\/v2\/media?parent=5921"}],"wp:term":[{"taxonomy":"product_brand","embeddable":true,"href":"https:\/\/www.plastic-crate.co.uk\/fr\/wp-json\/wp\/v2\/product_brand?post=5921"},{"taxonomy":"product_cat","embeddable":true,"href":"https:\/\/www.plastic-crate.co.uk\/fr\/wp-json\/wp\/v2\/product_cat?post=5921"},{"taxonomy":"product_tag","embeddable":true,"href":"https:\/\/www.plastic-crate.co.uk\/fr\/wp-json\/wp\/v2\/product_tag?post=5921"}],"curies":[{"name":"wp","href":"https:\/\/api.w.org\/{rel}","templated":true}]}}