{"id":5830,"date":"2018-12-13T01:53:12","date_gmt":"2018-12-13T01:53:12","guid":{"rendered":"https:\/\/www.plastic-crate.co.uk\/product\/fold-up-storage-boxes-join-kb604034c\/"},"modified":"2022-01-27T22:55:55","modified_gmt":"2022-01-27T22:55:55","slug":"fold-up-storage-boxes-join-kb604034c","status":"publish","type":"product","link":"https:\/\/www.plastic-crate.co.uk\/fr\/product\/fold-up-storage-boxes-join-kb604034c\/","title":{"rendered":"bo\u00eetes de rangement pliables-JOIN-KB604034C"},"content":{"rendered":"<section class=\"folding-crate-detail-section\">\n<h2 class=\"text-center section-title\">Application de caisse pliante<\/h2>\n<p><img decoding=\"async\" class=\"alignnone size-full wp-image-449\" src=\"https:\/\/www.plastic-crate.co.uk\/wp-content\/uploads\/2017\/03\/collapsible-crates-application.jpg\" alt=\"caisses pliables\" width=\"1382\" height=\"297\" \/><\/p>\n<\/section>\n<section class=\"folding-crate-detail-section\">\n<h2 class=\"text-center section-title\"> Avantages du produit<\/h2>\n<div class=\"row\">\n<div class=\"col-sm-6 text-center\">\n<div><img decoding=\"async\" class=\"alignnone size-full wp-image-451\" src=\"https:\/\/www.plastic-crate.co.uk\/wp-content\/uploads\/2017\/03\/folding-storage-crate-durable.jpg\" alt=\"caisse de rangement pliable\" width=\"416\" height=\"314\" \/><\/div>\n<h4>Haute durabilit\u00e9<\/h4>\n<p>La conception de la structure est raisonnable, solide et durable, peut \u00eatre recycl\u00e9e, la dur\u00e9e de vie est longue.<\/p>\n<\/div>\n<div class=\"col-sm-6 text-center\">\n<div><img decoding=\"async\" class=\"alignnone size-full wp-image-450\" src=\"https:\/\/www.plastic-crate.co.uk\/wp-content\/uploads\/2017\/03\/stackable-folding-crate-bearing.jpg\" alt=\"caisse pliante empilable\" width=\"416\" height=\"314\" \/><\/div>\n<h4>Capacit\u00e9 de charge \u00e9lev\u00e9e<\/h4>\n<p>Con\u00e7u avec un arbre \u00e0 broches, une seule caisse pliable peut transporter 15 \u00e0 20 kg et peut \u00eatre empil\u00e9e jusqu&#039;\u00e0 5 caisses<\/p>\n<\/div>\n<div class=\"col-sm-6 text-center\">\n<div><img decoding=\"async\" class=\"alignnone wp-image-453 size-medium\" src=\"https:\/\/www.plastic-crate.co.uk\/wp-content\/uploads\/2017\/03\/food-grade-cert-300x226.jpg\" alt=\"qualit\u00e9 alimentaire\" width=\"300\" height=\"226\" \/><\/div>\n<h4>Mat\u00e9riau de qualit\u00e9 alimentaire<\/h4>\n<p>La caisse de rangement pliable est fabriqu\u00e9e \u00e0 partir d&#039;un nouveau mat\u00e9riau PP et peut \u00eatre utilis\u00e9e en toute s\u00e9curit\u00e9 pour les emballages de qualit\u00e9 alimentaire.<\/p>\n<\/div>\n<div class=\"col-sm-6 text-center\">\n<div style=\"padding-top: 50px;\"><img decoding=\"async\" class=\"alignnone wp-image-452 size-medium\" src=\"https:\/\/www.plastic-crate.co.uk\/wp-content\/uploads\/2017\/03\/plastic-folding-crate-high-temperature-300x146.jpg\" alt=\"caisse pliante en plastique\" width=\"300\" height=\"146\" \/><\/div>\n<h4>Anti-haute et basse temp\u00e9rature<\/h4>\n<p>R\u00e9sistance \u00e0 haute temp\u00e9rature jusqu&#039;\u00e0 70 \u2103 (exp\u00e9rience de 8 heures), aucune d\u00e9formation et aucune fusion. R\u00e9sistance \u00e0 basse temp\u00e9rature jusqu&#039;\u00e0 -18 \u2103, aucune d\u00e9formation et non fragile<\/p>\n<\/div>\n<\/div>\n<\/section>\n<section class=\"folding-crate-detail-section\">\n<h2 class=\"text-center section-title\">Caisses pliables Joints \u00e0 pression R\u00e9sistance au glissement<\/h2>\n<p class=\"text-center\">Le fond des caisses de stockage peut \u00eatre empil\u00e9 en croix, ce qui emp\u00eache les conteneurs en plastique pliables de bouger.<\/p>\n<p><img decoding=\"async\" class=\"alignnone size-full wp-image-454\" src=\"https:\/\/www.plastic-crate.co.uk\/wp-content\/uploads\/2017\/03\/collapsible-plastic-containers-skid-resistance.jpg\" alt=\"conteneurs en plastique pliables\" width=\"740\" height=\"360\" \/><\/p>\n<\/section>\n<section class=\"folding-crate-detail-section\">\n<h2 class=\"text-center section-title\"> spectacle ouvert et d\u00e9pli\u00e9<\/h2>\n<div class=\"row\">\n<div class=\"col-sm-6\"><img decoding=\"async\" class=\"alignnone size-full wp-image-455\" src=\"https:\/\/www.plastic-crate.co.uk\/wp-content\/uploads\/2017\/03\/collapsible-storage-containers-fold.gif\" alt=\"conteneurs de stockage pliables\" width=\"450\" height=\"280\" \/><\/div>\n<div class=\"col-sm-6\"><img decoding=\"async\" class=\"alignnone size-full wp-image-456\" src=\"https:\/\/www.plastic-crate.co.uk\/wp-content\/uploads\/2017\/03\/collapsible-storage-containers-fold-b.gif\" alt=\"conteneurs de stockage pliables\" width=\"450\" height=\"280\" \/><\/div>\n<\/div>\n<\/section>\n<section class=\"folding-crate-detail-section\">\n<h2 class=\"text-center section-title\">Emballage et exp\u00e9dition de caisses pliables<\/h2>\n<div class=\"row\">\n<div class=\"col-sm-6\">\n<div><img decoding=\"async\" class=\"alignnone size-full wp-image-457\" src=\"https:\/\/www.plastic-crate.co.uk\/wp-content\/uploads\/2017\/03\/collapsible-storage-bins-inspection.jpg\" alt=\"bacs de rangement pliables\" width=\"450\" height=\"229\" \/><\/div>\n<h4 class=\"text-center\">Contr\u00f4le qualit\u00e9 avant emballage<\/h4>\n<\/div>\n<div class=\"col-sm-6\">\n<div><img decoding=\"async\" class=\"alignnone size-full wp-image-458\" src=\"https:\/\/www.plastic-crate.co.uk\/wp-content\/uploads\/2017\/03\/plastic-collapsible-crate-block.jpg\" alt=\"caisse pliable en plastique\" width=\"450\" height=\"229\" \/><\/div>\n<h4 class=\"text-center\">Empaqueter en blocs<\/h4>\n<\/div>\n<div class=\"col-sm-6\">\n<div><img decoding=\"async\" class=\"alignnone size-full wp-image-459\" src=\"https:\/\/www.plastic-crate.co.uk\/wp-content\/uploads\/2017\/03\/collapsible-crates-storage-pallet.jpg\" alt=\"caisses de rangement pliables\" width=\"450\" height=\"229\" \/><\/div>\n<h4 class=\"text-center\">Emballage renforc\u00e9 sur palette<\/h4>\n<\/div>\n<div class=\"col-sm-6\">\n<div><img decoding=\"async\" class=\"alignnone size-full wp-image-460\" src=\"https:\/\/www.plastic-crate.co.uk\/wp-content\/uploads\/2017\/03\/heavy-duty-collapsible-crates-shipment.jpg\" alt=\"caisses pliables robustes\" width=\"450\" height=\"229\" \/><\/div>\n<h4 class=\"text-center\">Exp\u00e9dition par carton<\/h4>\n<\/div>\n<\/div>\n<\/section>","protected":false},"excerpt":{"rendered":"<p>Avantages des caisses pliantes\u00a0: Haute durabilit\u00e9. Structure robuste et durable, recyclable et longue dur\u00e9e de vie. Capacit\u00e9 de charge \u00e9lev\u00e9e. Con\u00e7ue avec un axe \u00e0 goupille, une caisse pliante peut supporter 15 \u00e0 20\u00a0kg et \u00eatre empil\u00e9e jusqu&#039;\u00e0 5 caisses. Mat\u00e9riau de qualit\u00e9 alimentaire. La caisse de rangement pliante est fabriqu\u00e9e\u2026<\/p>\n<p class=\"read-more\"> <a class=\"\" href=\"https:\/\/www.plastic-crate.co.uk\/fr\/product\/fold-up-storage-boxes-join-kb604034c\/\"> <span class=\"screen-reader-text\">bo\u00eetes de rangement pliables-JOIN-KB604034C<\/span> En savoir plus &quot;<\/a><\/p>","protected":false},"featured_media":5831,"template":"","meta":{"_acf_changed":false,"site-sidebar-layout":"default","site-content-layout":"default","ast-main-header-display":"","ast-hfb-above-header-display":"","ast-hfb-below-header-display":"","ast-hfb-mobile-header-display":"","site-post-title":"","ast-breadcrumbs-content":"","ast-featured-img":"","footer-sml-layout":"","theme-transparent-header-meta":"","adv-header-id-meta":"","stick-header-meta":"","header-above-stick-meta":"","header-main-stick-meta":"","header-below-stick-meta":""},"product_brand":[],"product_cat":[38],"product_tag":[],"class_list":{"0":"post-5830","1":"product","2":"type-product","3":"status-publish","4":"has-post-thumbnail","6":"product_cat-folding-crate","8":"first","9":"instock","10":"product-type-simple"},"acf":[],"yoast_head":"<!-- This site is optimized with the Yoast SEO plugin v26.9 - https:\/\/yoast.com\/product\/yoast-seo-wordpress\/ -->\n<title>fold up storage boxes, High Quality fold up storage boxes Wholesale<\/title>\n<meta name=\"description\" content=\"fold up storage boxes, high quality affordable fold up storage boxes at wholesale prices, OEM &amp; ODM service available\" \/>\n<meta name=\"robots\" content=\"index, follow, max-snippet:-1, max-image-preview:large, max-video-preview:-1\" \/>\n<link rel=\"canonical\" href=\"https:\/\/www.plastic-crate.co.uk\/fr\/product\/fold-up-storage-boxes-join-kb604034c\/\" \/>\n<meta property=\"og:locale\" content=\"fr_FR\" \/>\n<meta property=\"og:type\" content=\"article\" \/>\n<meta property=\"og:title\" content=\"fold up storage boxes, High Quality fold up storage boxes Wholesale\" \/>\n<meta property=\"og:description\" content=\"fold up storage boxes, high quality affordable fold up storage boxes at wholesale prices, OEM &amp; ODM service available\" \/>\n<meta property=\"og:url\" content=\"https:\/\/www.plastic-crate.co.uk\/fr\/product\/fold-up-storage-boxes-join-kb604034c\/\" \/>\n<meta property=\"og:site_name\" content=\"Euro crates Manufacturer\" \/>\n<meta property=\"article:modified_time\" content=\"2022-01-27T22:55:55+00:00\" \/>\n<meta property=\"og:image\" content=\"https:\/\/www.plastic-crate.co.uk\/wp-content\/uploads\/2022\/01\/fold-up-storage-boxes.jpeg\" \/>\n\t<meta property=\"og:image:width\" content=\"1000\" \/>\n\t<meta property=\"og:image:height\" content=\"1000\" \/>\n\t<meta property=\"og:image:type\" content=\"image\/jpeg\" \/>\n<meta name=\"twitter:card\" content=\"summary_large_image\" \/>\n<meta name=\"twitter:title\" content=\"fold up storage boxes, High Quality fold up storage boxes Wholesale\" \/>\n<meta name=\"twitter:label1\" content=\"Est. reading time\" \/>\n\t<meta name=\"twitter:data1\" content=\"1 minute\" \/>\n<script type=\"application\/ld+json\" class=\"yoast-schema-graph\">{\"@context\":\"https:\/\/schema.org\",\"@graph\":[{\"@type\":\"WebPage\",\"@id\":\"https:\/\/www.plastic-crate.co.uk\/product\/fold-up-storage-boxes-join-kb604034c\/\",\"url\":\"https:\/\/www.plastic-crate.co.uk\/product\/fold-up-storage-boxes-join-kb604034c\/\",\"name\":\"fold up storage boxes, High Quality fold up storage boxes Wholesale\",\"isPartOf\":{\"@id\":\"https:\/\/www.plastic-crate.co.uk\/#website\"},\"primaryImageOfPage\":{\"@id\":\"https:\/\/www.plastic-crate.co.uk\/product\/fold-up-storage-boxes-join-kb604034c\/#primaryimage\"},\"image\":{\"@id\":\"https:\/\/www.plastic-crate.co.uk\/product\/fold-up-storage-boxes-join-kb604034c\/#primaryimage\"},\"thumbnailUrl\":\"https:\/\/www.plastic-crate.co.uk\/wp-content\/uploads\/2022\/01\/fold-up-storage-boxes.jpeg\",\"datePublished\":\"2018-12-13T01:53:12+00:00\",\"dateModified\":\"2022-01-27T22:55:55+00:00\",\"description\":\"fold up storage boxes, high quality affordable fold up storage boxes at wholesale prices, OEM & ODM service available\",\"breadcrumb\":{\"@id\":\"https:\/\/www.plastic-crate.co.uk\/product\/fold-up-storage-boxes-join-kb604034c\/#breadcrumb\"},\"inLanguage\":\"fr-FR\",\"potentialAction\":[{\"@type\":\"ReadAction\",\"target\":[\"https:\/\/www.plastic-crate.co.uk\/product\/fold-up-storage-boxes-join-kb604034c\/\"]}]},{\"@type\":\"ImageObject\",\"inLanguage\":\"fr-FR\",\"@id\":\"https:\/\/www.plastic-crate.co.uk\/product\/fold-up-storage-boxes-join-kb604034c\/#primaryimage\",\"url\":\"https:\/\/www.plastic-crate.co.uk\/wp-content\/uploads\/2022\/01\/fold-up-storage-boxes.jpeg\",\"contentUrl\":\"https:\/\/www.plastic-crate.co.uk\/wp-content\/uploads\/2022\/01\/fold-up-storage-boxes.jpeg\",\"width\":1000,\"height\":1000,\"caption\":\"fold up storage boxes\"},{\"@type\":\"BreadcrumbList\",\"@id\":\"https:\/\/www.plastic-crate.co.uk\/product\/fold-up-storage-boxes-join-kb604034c\/#breadcrumb\",\"itemListElement\":[{\"@type\":\"ListItem\",\"position\":1,\"name\":\"Shop\",\"item\":\"https:\/\/www.plastic-crate.co.uk\/shop\/\"},{\"@type\":\"ListItem\",\"position\":2,\"name\":\"fold up storage boxes-JOIN-KB604034C\"}]},{\"@type\":\"WebSite\",\"@id\":\"https:\/\/www.plastic-crate.co.uk\/#website\",\"url\":\"https:\/\/www.plastic-crate.co.uk\/\",\"name\":\"Euro crates Manufacturer\",\"description\":\"wholesale Euro containers, plastic euro crates with lids, curo boxes without lids\",\"publisher\":{\"@id\":\"https:\/\/www.plastic-crate.co.uk\/#organization\"},\"potentialAction\":[{\"@type\":\"SearchAction\",\"target\":{\"@type\":\"EntryPoint\",\"urlTemplate\":\"https:\/\/www.plastic-crate.co.uk\/?s={search_term_string}\"},\"query-input\":{\"@type\":\"PropertyValueSpecification\",\"valueRequired\":true,\"valueName\":\"search_term_string\"}}],\"inLanguage\":\"fr-FR\"},{\"@type\":\"Organization\",\"@id\":\"https:\/\/www.plastic-crate.co.uk\/#organization\",\"name\":\"Euro crates Manufacturer\",\"url\":\"https:\/\/www.plastic-crate.co.uk\/\",\"logo\":{\"@type\":\"ImageObject\",\"inLanguage\":\"fr-FR\",\"@id\":\"https:\/\/www.plastic-crate.co.uk\/#\/schema\/logo\/image\/\",\"url\":\"https:\/\/www.plastic-crate.co.uk\/wp-content\/uploads\/2020\/10\/cropped-logo.png\",\"contentUrl\":\"https:\/\/www.plastic-crate.co.uk\/wp-content\/uploads\/2020\/10\/cropped-logo.png\",\"width\":300,\"height\":66,\"caption\":\"Euro crates Manufacturer\"},\"image\":{\"@id\":\"https:\/\/www.plastic-crate.co.uk\/#\/schema\/logo\/image\/\"}}]}<\/script>\n<!-- \/ Yoast SEO plugin. -->","yoast_head_json":{"title":"Bo\u00eetes de rangement pliables, bo\u00eetes de rangement pliables de haute qualit\u00e9 en gros","description":"Bo\u00eetes de rangement pliables, bo\u00eetes de rangement pliables de haute qualit\u00e9 et abordables \u00e0 prix de gros, service OEM et ODM disponible","robots":{"index":"index","follow":"follow","max-snippet":"max-snippet:-1","max-image-preview":"max-image-preview:large","max-video-preview":"max-video-preview:-1"},"canonical":"https:\/\/www.plastic-crate.co.uk\/fr\/product\/fold-up-storage-boxes-join-kb604034c\/","og_locale":"fr_FR","og_type":"article","og_title":"fold up storage boxes, High Quality fold up storage boxes Wholesale","og_description":"fold up storage boxes, high quality affordable fold up storage boxes at wholesale prices, OEM & ODM service available","og_url":"https:\/\/www.plastic-crate.co.uk\/fr\/product\/fold-up-storage-boxes-join-kb604034c\/","og_site_name":"Euro crates Manufacturer","article_modified_time":"2022-01-27T22:55:55+00:00","og_image":[{"width":1000,"height":1000,"url":"https:\/\/www.plastic-crate.co.uk\/wp-content\/uploads\/2022\/01\/fold-up-storage-boxes.jpeg","type":"image\/jpeg"}],"twitter_card":"summary_large_image","twitter_title":"fold up storage boxes, High Quality fold up storage boxes Wholesale","twitter_misc":{"Est. reading time":"1 minute"},"schema":{"@context":"https:\/\/schema.org","@graph":[{"@type":"WebPage","@id":"https:\/\/www.plastic-crate.co.uk\/product\/fold-up-storage-boxes-join-kb604034c\/","url":"https:\/\/www.plastic-crate.co.uk\/product\/fold-up-storage-boxes-join-kb604034c\/","name":"Bo\u00eetes de rangement pliables, bo\u00eetes de rangement pliables de haute qualit\u00e9 en gros","isPartOf":{"@id":"https:\/\/www.plastic-crate.co.uk\/#website"},"primaryImageOfPage":{"@id":"https:\/\/www.plastic-crate.co.uk\/product\/fold-up-storage-boxes-join-kb604034c\/#primaryimage"},"image":{"@id":"https:\/\/www.plastic-crate.co.uk\/product\/fold-up-storage-boxes-join-kb604034c\/#primaryimage"},"thumbnailUrl":"https:\/\/www.plastic-crate.co.uk\/wp-content\/uploads\/2022\/01\/fold-up-storage-boxes.jpeg","datePublished":"2018-12-13T01:53:12+00:00","dateModified":"2022-01-27T22:55:55+00:00","description":"Bo\u00eetes de rangement pliables, bo\u00eetes de rangement pliables de haute qualit\u00e9 et abordables \u00e0 prix de gros, service OEM et ODM disponible","breadcrumb":{"@id":"https:\/\/www.plastic-crate.co.uk\/product\/fold-up-storage-boxes-join-kb604034c\/#breadcrumb"},"inLanguage":"fr-FR","potentialAction":[{"@type":"ReadAction","target":["https:\/\/www.plastic-crate.co.uk\/product\/fold-up-storage-boxes-join-kb604034c\/"]}]},{"@type":"ImageObject","inLanguage":"fr-FR","@id":"https:\/\/www.plastic-crate.co.uk\/product\/fold-up-storage-boxes-join-kb604034c\/#primaryimage","url":"https:\/\/www.plastic-crate.co.uk\/wp-content\/uploads\/2022\/01\/fold-up-storage-boxes.jpeg","contentUrl":"https:\/\/www.plastic-crate.co.uk\/wp-content\/uploads\/2022\/01\/fold-up-storage-boxes.jpeg","width":1000,"height":1000,"caption":"fold up storage boxes"},{"@type":"BreadcrumbList","@id":"https:\/\/www.plastic-crate.co.uk\/product\/fold-up-storage-boxes-join-kb604034c\/#breadcrumb","itemListElement":[{"@type":"ListItem","position":1,"name":"Shop","item":"https:\/\/www.plastic-crate.co.uk\/shop\/"},{"@type":"ListItem","position":2,"name":"fold up storage boxes-JOIN-KB604034C"}]},{"@type":"WebSite","@id":"https:\/\/www.plastic-crate.co.uk\/#website","url":"https:\/\/www.plastic-crate.co.uk\/","name":"Fabricant de caisses Euro","description":"Conteneurs Euro en gros, caisses Euro en plastique avec couvercles, bo\u00eetes Curo sans couvercles","publisher":{"@id":"https:\/\/www.plastic-crate.co.uk\/#organization"},"potentialAction":[{"@type":"SearchAction","target":{"@type":"EntryPoint","urlTemplate":"https:\/\/www.plastic-crate.co.uk\/?s={search_term_string}"},"query-input":{"@type":"PropertyValueSpecification","valueRequired":true,"valueName":"search_term_string"}}],"inLanguage":"fr-FR"},{"@type":"Organization","@id":"https:\/\/www.plastic-crate.co.uk\/#organization","name":"Fabricant de caisses Euro","url":"https:\/\/www.plastic-crate.co.uk\/","logo":{"@type":"ImageObject","inLanguage":"fr-FR","@id":"https:\/\/www.plastic-crate.co.uk\/#\/schema\/logo\/image\/","url":"https:\/\/www.plastic-crate.co.uk\/wp-content\/uploads\/2020\/10\/cropped-logo.png","contentUrl":"https:\/\/www.plastic-crate.co.uk\/wp-content\/uploads\/2020\/10\/cropped-logo.png","width":300,"height":66,"caption":"Euro crates Manufacturer"},"image":{"@id":"https:\/\/www.plastic-crate.co.uk\/#\/schema\/logo\/image\/"}}]}},"_links":{"self":[{"href":"https:\/\/www.plastic-crate.co.uk\/fr\/wp-json\/wp\/v2\/product\/5830","targetHints":{"allow":["GET"]}}],"collection":[{"href":"https:\/\/www.plastic-crate.co.uk\/fr\/wp-json\/wp\/v2\/product"}],"about":[{"href":"https:\/\/www.plastic-crate.co.uk\/fr\/wp-json\/wp\/v2\/types\/product"}],"wp:featuredmedia":[{"embeddable":true,"href":"https:\/\/www.plastic-crate.co.uk\/fr\/wp-json\/wp\/v2\/media\/5831"}],"wp:attachment":[{"href":"https:\/\/www.plastic-crate.co.uk\/fr\/wp-json\/wp\/v2\/media?parent=5830"}],"wp:term":[{"taxonomy":"product_brand","embeddable":true,"href":"https:\/\/www.plastic-crate.co.uk\/fr\/wp-json\/wp\/v2\/product_brand?post=5830"},{"taxonomy":"product_cat","embeddable":true,"href":"https:\/\/www.plastic-crate.co.uk\/fr\/wp-json\/wp\/v2\/product_cat?post=5830"},{"taxonomy":"product_tag","embeddable":true,"href":"https:\/\/www.plastic-crate.co.uk\/fr\/wp-json\/wp\/v2\/product_tag?post=5830"}],"curies":[{"name":"wp","href":"https:\/\/api.w.org\/{rel}","templated":true}]}}