{"id":4735,"date":"2021-03-02T05:59:00","date_gmt":"2021-03-02T05:59:00","guid":{"rendered":"https:\/\/www.plastic-crate.co.uk\/product\/storage-boxes-uk-6540-100\/"},"modified":"2021-04-04T17:22:06","modified_gmt":"2021-04-04T17:22:06","slug":"storage-boxes-uk-6540-100","status":"publish","type":"product","link":"https:\/\/www.plastic-crate.co.uk\/fr\/product\/storage-boxes-uk-6540-100\/","title":{"rendered":"bo\u00eetes de rangement uk-6540-100"},"content":{"rendered":"","protected":false},"excerpt":{"rendered":"<div><a href=\"https:\/\/www.plastic-crate.co.uk\/fr\/product-category\/folding-crate\/\" target=\"_blank\" rel=\"noopener\">bo\u00eetes de rangement pliantes robustes<\/a>,<a href=\"https:\/\/www.plastic-crate.co.uk\/fr\/product-category\/euro-crates-boxes-for-sale\/\" target=\"_blank\" rel=\"noopener\">bo\u00eetes en plastique \u00e0 vendre<\/a>,<a href=\"https:\/\/www.plastic-crate.co.uk\/fr\/product-category\/plastic-pallet-boxes\/\" target=\"_blank\" rel=\"noopener\">caisses-palettes en plastique<\/a>,<a href=\"https:\/\/www.plastic-crate.co.uk\/fr\/\" target=\"_blank\" rel=\"noopener\">bo\u00eete d&#039;exp\u00e9dition en plastique<\/a><\/div>","protected":false},"featured_media":4172,"template":"","meta":{"_acf_changed":false,"site-sidebar-layout":"default","site-content-layout":"default","ast-main-header-display":"","ast-hfb-above-header-display":"","ast-hfb-below-header-display":"","ast-hfb-mobile-header-display":"","site-post-title":"","ast-breadcrumbs-content":"","ast-featured-img":"","footer-sml-layout":"","theme-transparent-header-meta":"","adv-header-id-meta":"","stick-header-meta":"","header-above-stick-meta":"","header-main-stick-meta":"","header-below-stick-meta":""},"product_brand":[],"product_cat":[76],"product_tag":[30,31,22],"class_list":{"0":"post-4735","1":"product","2":"type-product","3":"status-publish","4":"has-post-thumbnail","6":"product_cat-euro-crates-boxes-for-sale","7":"product_tag-pizza-box","8":"product_tag-stackable-crates","9":"product_tag-stacking-crate","11":"first","12":"instock","13":"product-type-simple"},"acf":[],"yoast_head":"<!-- This site is optimized with the Yoast SEO plugin v26.9 - https:\/\/yoast.com\/product\/yoast-seo-wordpress\/ -->\n<title>storage boxes uk, small storage totes Wholesale, storage boxes uk supplier<\/title>\n<meta name=\"description\" content=\"storage boxes uk, small storage totes Wholesale, storage boxes uk supplier, high quality straight wall storage containers at wholesale prices, OEM &amp; ODM service\" \/>\n<meta name=\"robots\" content=\"index, follow, max-snippet:-1, max-image-preview:large, max-video-preview:-1\" \/>\n<link rel=\"canonical\" href=\"https:\/\/www.plastic-crate.co.uk\/fr\/product\/storage-boxes-uk-6540-100\/\" \/>\n<meta property=\"og:locale\" content=\"fr_FR\" \/>\n<meta property=\"og:type\" content=\"article\" \/>\n<meta property=\"og:title\" content=\"storage boxes uk, small storage totes Wholesale, storage boxes uk supplier\" \/>\n<meta property=\"og:description\" content=\"storage boxes uk, small storage totes Wholesale, storage boxes uk supplier, high quality straight wall storage containers at wholesale prices, OEM &amp; ODM service\" \/>\n<meta property=\"og:url\" content=\"https:\/\/www.plastic-crate.co.uk\/fr\/product\/storage-boxes-uk-6540-100\/\" \/>\n<meta property=\"og:site_name\" content=\"Euro crates Manufacturer\" \/>\n<meta property=\"article:modified_time\" content=\"2021-04-04T17:22:06+00:00\" \/>\n<meta property=\"og:image\" content=\"https:\/\/www.plastic-crate.co.uk\/wp-content\/uploads\/2020\/10\/stacking-containers-with-lids.jpg\" \/>\n\t<meta property=\"og:image:width\" content=\"350\" \/>\n\t<meta property=\"og:image:height\" content=\"350\" \/>\n\t<meta property=\"og:image:type\" content=\"image\/jpeg\" \/>\n<meta name=\"twitter:card\" content=\"summary_large_image\" \/>\n<meta name=\"twitter:title\" content=\"storage boxes uk, small storage totes Wholesale, storage boxes uk supplier\" \/>\n<script type=\"application\/ld+json\" class=\"yoast-schema-graph\">{\"@context\":\"https:\/\/schema.org\",\"@graph\":[{\"@type\":\"WebPage\",\"@id\":\"https:\/\/www.plastic-crate.co.uk\/product\/storage-boxes-uk-6540-100\/\",\"url\":\"https:\/\/www.plastic-crate.co.uk\/product\/storage-boxes-uk-6540-100\/\",\"name\":\"storage boxes uk, small storage totes Wholesale, storage boxes uk supplier\",\"isPartOf\":{\"@id\":\"https:\/\/www.plastic-crate.co.uk\/#website\"},\"primaryImageOfPage\":{\"@id\":\"https:\/\/www.plastic-crate.co.uk\/product\/storage-boxes-uk-6540-100\/#primaryimage\"},\"image\":{\"@id\":\"https:\/\/www.plastic-crate.co.uk\/product\/storage-boxes-uk-6540-100\/#primaryimage\"},\"thumbnailUrl\":\"https:\/\/www.plastic-crate.co.uk\/wp-content\/uploads\/2020\/10\/stacking-containers-with-lids.jpg\",\"datePublished\":\"2021-03-02T05:59:00+00:00\",\"dateModified\":\"2021-04-04T17:22:06+00:00\",\"description\":\"storage boxes uk, small storage totes Wholesale, storage boxes uk supplier, high quality straight wall storage containers at wholesale prices, OEM & ODM service\",\"breadcrumb\":{\"@id\":\"https:\/\/www.plastic-crate.co.uk\/product\/storage-boxes-uk-6540-100\/#breadcrumb\"},\"inLanguage\":\"fr-FR\",\"potentialAction\":[{\"@type\":\"ReadAction\",\"target\":[\"https:\/\/www.plastic-crate.co.uk\/product\/storage-boxes-uk-6540-100\/\"]}]},{\"@type\":\"ImageObject\",\"inLanguage\":\"fr-FR\",\"@id\":\"https:\/\/www.plastic-crate.co.uk\/product\/storage-boxes-uk-6540-100\/#primaryimage\",\"url\":\"https:\/\/www.plastic-crate.co.uk\/wp-content\/uploads\/2020\/10\/stacking-containers-with-lids.jpg\",\"contentUrl\":\"https:\/\/www.plastic-crate.co.uk\/wp-content\/uploads\/2020\/10\/stacking-containers-with-lids.jpg\",\"width\":350,\"height\":350,\"caption\":\"storage boxes uk\"},{\"@type\":\"BreadcrumbList\",\"@id\":\"https:\/\/www.plastic-crate.co.uk\/product\/storage-boxes-uk-6540-100\/#breadcrumb\",\"itemListElement\":[{\"@type\":\"ListItem\",\"position\":1,\"name\":\"Shop\",\"item\":\"https:\/\/www.plastic-crate.co.uk\/shop\/\"},{\"@type\":\"ListItem\",\"position\":2,\"name\":\"storage boxes uk-6540-100\"}]},{\"@type\":\"WebSite\",\"@id\":\"https:\/\/www.plastic-crate.co.uk\/#website\",\"url\":\"https:\/\/www.plastic-crate.co.uk\/\",\"name\":\"Euro crates Manufacturer\",\"description\":\"wholesale Euro containers, plastic euro crates with lids, curo boxes without lids\",\"publisher\":{\"@id\":\"https:\/\/www.plastic-crate.co.uk\/#organization\"},\"potentialAction\":[{\"@type\":\"SearchAction\",\"target\":{\"@type\":\"EntryPoint\",\"urlTemplate\":\"https:\/\/www.plastic-crate.co.uk\/?s={search_term_string}\"},\"query-input\":{\"@type\":\"PropertyValueSpecification\",\"valueRequired\":true,\"valueName\":\"search_term_string\"}}],\"inLanguage\":\"fr-FR\"},{\"@type\":\"Organization\",\"@id\":\"https:\/\/www.plastic-crate.co.uk\/#organization\",\"name\":\"Euro crates Manufacturer\",\"url\":\"https:\/\/www.plastic-crate.co.uk\/\",\"logo\":{\"@type\":\"ImageObject\",\"inLanguage\":\"fr-FR\",\"@id\":\"https:\/\/www.plastic-crate.co.uk\/#\/schema\/logo\/image\/\",\"url\":\"https:\/\/www.plastic-crate.co.uk\/wp-content\/uploads\/2020\/10\/cropped-logo.png\",\"contentUrl\":\"https:\/\/www.plastic-crate.co.uk\/wp-content\/uploads\/2020\/10\/cropped-logo.png\",\"width\":300,\"height\":66,\"caption\":\"Euro crates Manufacturer\"},\"image\":{\"@id\":\"https:\/\/www.plastic-crate.co.uk\/#\/schema\/logo\/image\/\"}}]}<\/script>\n<!-- \/ Yoast SEO plugin. -->","yoast_head_json":{"title":"Bo\u00eetes de rangement au Royaume-Uni, petits bacs de rangement en gros, fournisseur de bo\u00eetes de rangement au Royaume-Uni","description":"Bo\u00eetes de rangement au Royaume-Uni, petits bacs de rangement en gros, fournisseur de bo\u00eetes de rangement au Royaume-Uni, conteneurs de rangement \u00e0 parois droites de haute qualit\u00e9 \u00e0 prix de gros, service OEM et ODM","robots":{"index":"index","follow":"follow","max-snippet":"max-snippet:-1","max-image-preview":"max-image-preview:large","max-video-preview":"max-video-preview:-1"},"canonical":"https:\/\/www.plastic-crate.co.uk\/fr\/product\/storage-boxes-uk-6540-100\/","og_locale":"fr_FR","og_type":"article","og_title":"storage boxes uk, small storage totes Wholesale, storage boxes uk supplier","og_description":"storage boxes uk, small storage totes Wholesale, storage boxes uk supplier, high quality straight wall storage containers at wholesale prices, OEM & ODM service","og_url":"https:\/\/www.plastic-crate.co.uk\/fr\/product\/storage-boxes-uk-6540-100\/","og_site_name":"Euro crates Manufacturer","article_modified_time":"2021-04-04T17:22:06+00:00","og_image":[{"width":350,"height":350,"url":"https:\/\/www.plastic-crate.co.uk\/wp-content\/uploads\/2020\/10\/stacking-containers-with-lids.jpg","type":"image\/jpeg"}],"twitter_card":"summary_large_image","twitter_title":"storage boxes uk, small storage totes Wholesale, storage boxes uk supplier","schema":{"@context":"https:\/\/schema.org","@graph":[{"@type":"WebPage","@id":"https:\/\/www.plastic-crate.co.uk\/product\/storage-boxes-uk-6540-100\/","url":"https:\/\/www.plastic-crate.co.uk\/product\/storage-boxes-uk-6540-100\/","name":"Bo\u00eetes de rangement au Royaume-Uni, petits bacs de rangement en gros, fournisseur de bo\u00eetes de rangement au Royaume-Uni","isPartOf":{"@id":"https:\/\/www.plastic-crate.co.uk\/#website"},"primaryImageOfPage":{"@id":"https:\/\/www.plastic-crate.co.uk\/product\/storage-boxes-uk-6540-100\/#primaryimage"},"image":{"@id":"https:\/\/www.plastic-crate.co.uk\/product\/storage-boxes-uk-6540-100\/#primaryimage"},"thumbnailUrl":"https:\/\/www.plastic-crate.co.uk\/wp-content\/uploads\/2020\/10\/stacking-containers-with-lids.jpg","datePublished":"2021-03-02T05:59:00+00:00","dateModified":"2021-04-04T17:22:06+00:00","description":"Bo\u00eetes de rangement au Royaume-Uni, petits bacs de rangement en gros, fournisseur de bo\u00eetes de rangement au Royaume-Uni, conteneurs de rangement \u00e0 parois droites de haute qualit\u00e9 \u00e0 prix de gros, service OEM et ODM","breadcrumb":{"@id":"https:\/\/www.plastic-crate.co.uk\/product\/storage-boxes-uk-6540-100\/#breadcrumb"},"inLanguage":"fr-FR","potentialAction":[{"@type":"ReadAction","target":["https:\/\/www.plastic-crate.co.uk\/product\/storage-boxes-uk-6540-100\/"]}]},{"@type":"ImageObject","inLanguage":"fr-FR","@id":"https:\/\/www.plastic-crate.co.uk\/product\/storage-boxes-uk-6540-100\/#primaryimage","url":"https:\/\/www.plastic-crate.co.uk\/wp-content\/uploads\/2020\/10\/stacking-containers-with-lids.jpg","contentUrl":"https:\/\/www.plastic-crate.co.uk\/wp-content\/uploads\/2020\/10\/stacking-containers-with-lids.jpg","width":350,"height":350,"caption":"storage boxes uk"},{"@type":"BreadcrumbList","@id":"https:\/\/www.plastic-crate.co.uk\/product\/storage-boxes-uk-6540-100\/#breadcrumb","itemListElement":[{"@type":"ListItem","position":1,"name":"Shop","item":"https:\/\/www.plastic-crate.co.uk\/shop\/"},{"@type":"ListItem","position":2,"name":"storage boxes uk-6540-100"}]},{"@type":"WebSite","@id":"https:\/\/www.plastic-crate.co.uk\/#website","url":"https:\/\/www.plastic-crate.co.uk\/","name":"Fabricant de caisses Euro","description":"Conteneurs Euro en gros, caisses Euro en plastique avec couvercles, bo\u00eetes Curo sans couvercles","publisher":{"@id":"https:\/\/www.plastic-crate.co.uk\/#organization"},"potentialAction":[{"@type":"SearchAction","target":{"@type":"EntryPoint","urlTemplate":"https:\/\/www.plastic-crate.co.uk\/?s={search_term_string}"},"query-input":{"@type":"PropertyValueSpecification","valueRequired":true,"valueName":"search_term_string"}}],"inLanguage":"fr-FR"},{"@type":"Organization","@id":"https:\/\/www.plastic-crate.co.uk\/#organization","name":"Fabricant de caisses Euro","url":"https:\/\/www.plastic-crate.co.uk\/","logo":{"@type":"ImageObject","inLanguage":"fr-FR","@id":"https:\/\/www.plastic-crate.co.uk\/#\/schema\/logo\/image\/","url":"https:\/\/www.plastic-crate.co.uk\/wp-content\/uploads\/2020\/10\/cropped-logo.png","contentUrl":"https:\/\/www.plastic-crate.co.uk\/wp-content\/uploads\/2020\/10\/cropped-logo.png","width":300,"height":66,"caption":"Euro crates Manufacturer"},"image":{"@id":"https:\/\/www.plastic-crate.co.uk\/#\/schema\/logo\/image\/"}}]}},"_links":{"self":[{"href":"https:\/\/www.plastic-crate.co.uk\/fr\/wp-json\/wp\/v2\/product\/4735","targetHints":{"allow":["GET"]}}],"collection":[{"href":"https:\/\/www.plastic-crate.co.uk\/fr\/wp-json\/wp\/v2\/product"}],"about":[{"href":"https:\/\/www.plastic-crate.co.uk\/fr\/wp-json\/wp\/v2\/types\/product"}],"wp:featuredmedia":[{"embeddable":true,"href":"https:\/\/www.plastic-crate.co.uk\/fr\/wp-json\/wp\/v2\/media\/4172"}],"wp:attachment":[{"href":"https:\/\/www.plastic-crate.co.uk\/fr\/wp-json\/wp\/v2\/media?parent=4735"}],"wp:term":[{"taxonomy":"product_brand","embeddable":true,"href":"https:\/\/www.plastic-crate.co.uk\/fr\/wp-json\/wp\/v2\/product_brand?post=4735"},{"taxonomy":"product_cat","embeddable":true,"href":"https:\/\/www.plastic-crate.co.uk\/fr\/wp-json\/wp\/v2\/product_cat?post=4735"},{"taxonomy":"product_tag","embeddable":true,"href":"https:\/\/www.plastic-crate.co.uk\/fr\/wp-json\/wp\/v2\/product_tag?post=4735"}],"curies":[{"name":"wp","href":"https:\/\/api.w.org\/{rel}","templated":true}]}}