{"id":5893,"date":"2022-03-16T07:53:11","date_gmt":"2022-03-16T07:53:11","guid":{"rendered":"https:\/\/www.plastic-crate.co.uk\/?page_id=5893"},"modified":"2022-03-16T08:18:21","modified_gmt":"2022-03-16T08:18:21","slug":"about-us","status":"publish","type":"page","link":"https:\/\/www.plastic-crate.co.uk\/fr\/about-us\/","title":{"rendered":"\u00c0 propos de nous"},"content":{"rendered":"<section class=\"section bg-white bg-opacity-50\">\n\t<div class=\"row g-0\">\n\t\t<div class=\"col-sm-5\">\n\t\t\t<div class=\"overflow-hidden\">\n\t\t\t\t<img decoding=\"async\" class=\"img-fluid\" src=\"https:\/\/www.plastic-crate.co.uk\/wp-content\/uploads\/2022\/03\/euro-storage-crate-manufacture-factory.jpg\" alt=\"usine de caisses de stockage euro\">\n\t\t\t<\/div>\n\t\t<\/div>\n\t\t<div class=\"col-sm-7\">\n\t\t\t<div class=\"p-3\">\n\t\t\t\t<h2 class=\"py-3\">\u00c0 PROPOS DE JOINPLASTIC<\/h2>\n\t\t\t\t<p>JOINPLASTIC est le principal fournisseur et fabricant de produits en plastique en Chine. Nos produits comprennent des conteneurs EURO, des caisses pliables Ifco, des chariots en plastique, des bacs \u00e0 pi\u00e8ces en plastique, des palettes en plastique, etc.<\/p>\n\t\t\t\t<p>JOINPLASTIC est \u00e9galement respectueux de l&#039;environnement et toutes nos solutions de rangement en plastique sont enti\u00e8rement recyclables. Nos bacs de rangement en plastique de qualit\u00e9 sont parfaits pour un usage industriel et domestique. Que vous ayez besoin de grands conteneurs en plastique pour le stockage commercial en vrac, de conteneurs en plastique empilables et embo\u00eetables pour optimiser le stockage tout en gagnant de l&#039;espace lorsqu&#039;ils ne sont pas utilis\u00e9s, de stockage de petites pi\u00e8ces ou de palettes en plastique et de diables \u00e0 roulettes pour faciliter les d\u00e9placements, JOINPLASTIC est l\u00e0 pour vous aider. <\/p>\n\t\t\t<\/div>\n\t\t<\/div>\n\t<\/div>\n<\/section>\n\n\n\n<section class=\"section py-5 bg-dark bg-opacity-50\">\n\t<h2 class=\"text-center text-white py-3\">Activit\u00e9s d&#039;\u00e9quipe<\/h2>\n\t<div class=\"container-fluid\">\n\t\t<div class=\"row g-2\">\n\t\t\t<div class=\"col-6 col-sm-4 col-md-3\">\n\t\t\t\t<div class=\"overflow-hidden\">\n\t\t\t\t\t<img decoding=\"async\" src=\"https:\/\/www.plastic-crate.co.uk\/wp-content\/uploads\/2020\/02\/15748413401621.jpg\" class=\"img-fluid hover:scale-110 transition-all\" alt=\"...\">\n\t\t\t\t<\/div>\n\t\t\t<\/div>\n\t\t\t<div class=\"col-6 col-sm-4 col-md-3\">\n\t\t\t\t<div class=\"overflow-hidden\">\n\t\t\t\t\t<img decoding=\"async\" src=\"https:\/\/www.plastic-crate.co.uk\/wp-content\/uploads\/2020\/02\/15748413446546.jpg\" class=\"img-fluid hover:scale-110 transition-all\" alt=\"...\">\n\t\t\t\t<\/div>\n\t\t\t<\/div>\n\t\t\t<div class=\"col-6 col-sm-4 col-md-3\">\n\t\t\t\t<div class=\"overflow-hidden\">\n\t\t\t\t\t<img decoding=\"async\" src=\"https:\/\/www.plastic-crate.co.uk\/wp-content\/uploads\/2020\/02\/15748413464012.jpg\" class=\"img-fluid hover:scale-110 transition-all\" alt=\"...\">\n\t\t\t\t<\/div>\n\t\t\t<\/div>\n\t\t\t<div class=\"col-6 col-sm-4 col-md-3\">\n\t\t\t\t<div class=\"overflow-hidden\">\n\t\t\t\t\t<img decoding=\"async\" src=\"https:\/\/www.plastic-crate.co.uk\/wp-content\/uploads\/2020\/02\/15748413475048.jpg\" class=\"img-fluid hover:scale-110 transition-all\" alt=\"...\">\n\t\t\t\t<\/div>\n\t\t\t<\/div>\n\t\t\t<div class=\"col-6 col-sm-4 col-md-3\">\n\t\t\t\t<div class=\"overflow-hidden\">\n\t\t\t\t\t<img decoding=\"async\" src=\"https:\/\/www.plastic-crate.co.uk\/wp-content\/uploads\/2020\/02\/15748413487109.jpg\" class=\"img-fluid hover:scale-110 transition-all\" alt=\"...\">\n\t\t\t\t<\/div>\n\t\t\t<\/div>\n\t\t\t<div class=\"col-6 col-sm-4 col-md-3\">\n\t\t\t\t<div class=\"overflow-hidden\">\n\t\t\t\t\t<img decoding=\"async\" src=\"https:\/\/www.plastic-crate.co.uk\/wp-content\/uploads\/2020\/02\/15748414674798.jpg\" class=\"img-fluid hover:scale-110 transition-all\" alt=\"...\">\n\t\t\t\t<\/div>\n\t\t\t<\/div>\n\t\t\t<div class=\"col-6 col-sm-4 col-md-3\">\n\t\t\t\t<div class=\"overflow-hidden\">\n\t\t\t\t\t<img decoding=\"async\" src=\"https:\/\/www.plastic-crate.co.uk\/wp-content\/uploads\/2020\/02\/15748414685651.jpg\" class=\"img-fluid hover:scale-110 transition-all\" alt=\"...\">\n\t\t\t\t<\/div>\n\t\t\t<\/div>\n\t\t\t<div class=\"col-6 col-sm-4 col-md-3\">\n\t\t\t\t<div class=\"overflow-hidden\">\n\t\t\t\t\t<img decoding=\"async\" src=\"https:\/\/www.plastic-crate.co.uk\/wp-content\/uploads\/2020\/02\/15748414685981.jpg\" class=\"img-fluid hover:scale-110 transition-all\" alt=\"...\">\n\t\t\t\t<\/div>\n\t\t\t<\/div>\n\t\t<\/div>\n\n\t<\/div>\n<\/section>\n\n\n\n<section class=\"section py-5 bg-white\">\n\t<h2 class=\"text-center py-3\">Visite client<\/h2>\n\t<div class=\"container-fluid\">\n\t\t<div class=\"row g-2\">\n\t\t\t<div class=\"col-6 col-sm-4 col-md-3\">\n\t\t\t\t<div class=\"overflow-hidden\">\n\t\t\t\t\t<img decoding=\"async\" src=\"https:\/\/www.plastic-crate.co.uk\/wp-content\/uploads\/2020\/02\/15724291611598-2.jpg\" class=\"img-fluid hover:scale-110 transition-all\" alt=\"...\">\n\t\t\t\t<\/div>\n\t\t\t<\/div>\n\t\t\t<div class=\"col-6 col-sm-4 col-md-3\">\n\t\t\t\t<div class=\"overflow-hidden\">\n\t\t\t\t\t<img decoding=\"async\" src=\"https:\/\/www.plastic-crate.co.uk\/wp-content\/uploads\/2020\/02\/15724291614587-1.jpg\" class=\"img-fluid hover:scale-110 transition-all\" alt=\"...\">\n\t\t\t\t<\/div>\n\t\t\t<\/div>\n\t\t\t<div class=\"col-6 col-sm-4 col-md-3\">\n\t\t\t\t<div class=\"overflow-hidden\">\n\t\t\t\t\t<img decoding=\"async\" src=\"https:\/\/www.plastic-crate.co.uk\/wp-content\/uploads\/2020\/02\/15724291622820.jpg\" class=\"img-fluid hover:scale-110 transition-all\" alt=\"...\">\n\t\t\t\t<\/div>\n\t\t\t<\/div>\n\t\t\t<div class=\"col-6 col-sm-4 col-md-3\">\n\t\t\t\t<div class=\"overflow-hidden\">\n\t\t\t\t\t<img decoding=\"async\" src=\"https:\/\/www.plastic-crate.co.uk\/wp-content\/uploads\/2020\/02\/15724291625612.jpg\" class=\"img-fluid hover:scale-110 transition-all\" alt=\"...\">\n\t\t\t\t<\/div>\n\t\t\t<\/div>\n\t\t\t<div class=\"col-6 col-sm-4 col-md-3\">\n\t\t\t\t<div class=\"overflow-hidden\">\n\t\t\t\t\t<img decoding=\"async\" src=\"https:\/\/www.plastic-crate.co.uk\/wp-content\/uploads\/2020\/02\/15724291627807.jpg\" class=\"img-fluid hover:scale-110 transition-all\" alt=\"...\">\n\t\t\t\t<\/div>\n\t\t\t<\/div>\n\t\t\t<div class=\"col-6 col-sm-4 col-md-3\">\n\t\t\t\t<div class=\"overflow-hidden\">\n\t\t\t\t\t<img decoding=\"async\" src=\"https:\/\/www.plastic-crate.co.uk\/wp-content\/uploads\/2020\/02\/15724291631629-1.jpg\" class=\"img-fluid hover:scale-110 transition-all\" alt=\"...\">\n\t\t\t\t<\/div>\n\t\t\t<\/div>\n\t\t\t<div class=\"col-6 col-sm-4 col-md-3\">\n\t\t\t\t<div class=\"overflow-hidden\">\n\t\t\t\t\t<img decoding=\"async\" src=\"https:\/\/www.plastic-crate.co.uk\/wp-content\/uploads\/2020\/02\/15738118516916.jpg\" class=\"img-fluid hover:scale-110 transition-all\" alt=\"...\">\n\t\t\t\t<\/div>\n\t\t\t<\/div>\n\t\t\t<div class=\"col-6 col-sm-4 col-md-3\">\n\t\t\t\t<div class=\"overflow-hidden\">\n\t\t\t\t\t<img decoding=\"async\" src=\"https:\/\/www.plastic-crate.co.uk\/wp-content\/uploads\/2020\/02\/15762317275096.jpg\" class=\"img-fluid hover:scale-110 transition-all\" alt=\"...\">\n\t\t\t\t<\/div>\n\t\t\t<\/div>\n\t\t<\/div>\n\t<\/div>\n<\/section>\n\n\n\n<section id=\"faq\" class=\"faq section-bg bg-slate-100 p-3 sm:p-5\">\n\t<div class=\"container aos-init aos-animate\" data-aos=\"fade-up\">\n\t\t<div class=\"section-title text-center mx-auto mb-2\">\n\t\t\t<h2 class=\"uppercase font-bold py-10\">FAQ<\/h2>\n\t\t\t<p class=\"font-light\">Vous trouverez ci-dessous les questions fr\u00e9quemment pos\u00e9es. Si vous avez d&#039;autres questions, n&#039;h\u00e9sitez pas \u00e0 nous contacter.<\/p>\n\t\t\t<a href=\"\/fr\/contact-us\/\" class=\"btn btn-danger text-center\">\n\t\t\t\tContactez-nous\n\t\t\t<\/a>\n\t\t<\/div>\n\t\t<div class=\"faq-list\">\n\t\t\t<ul class=\"pl-0 list-none\">\n\t\t\t\t<li data-aos=\"fade-up\" data-aos-delay=\"100\" class=\"aos-init aos-animate\">\n\t\t\t\t\t<i class=\"fa fa-question-circle-o\" aria-hidden=\"true\"><\/i>\n\t\t\t\t\t<a data-bs-toggle=\"collapse\" class=\"\" href=\"#faqList1\" aria-expanded=\"true\" aria-controls=\"faqList1\">\u00caTES-VOUS UNE USINE, UN SERVICE PERSONNALIS\u00c9 EST-IL DISPONIBLE ?\n\t\t\t\t\t\t<i class=\"fa fa-angle-down icon-show\"><\/i><i class=\"fa fa-angle-up icon-close\"><\/i>\n\t\t\t\t\t<\/a>\n\t\t\t\t\t<div id=\"faqList1\" class=\"collapse show\">\n\t\t\t\t\t\t<p class=\"collapse-content\">\n\t\t\t\t\t\t\tOui, nous sommes une usine bas\u00e9e \u00e0 Shanghai, en Chine et authentifi\u00e9e par TUV.\n\t\t\t\t\t\t<\/p>\n\t\t\t\t\t<\/div>\n\t\t\t\t<\/li>\n\n\t\t\t\t<li data-aos=\"fade-up\" data-aos-delay=\"200\" class=\"aos-init aos-animate\">\n\t\t\t\t\t<i class=\"fa fa-question-circle-o\"><\/i>\n\t\t\t\t\t<a data-bs-toggle=\"collapse\" href=\"#faqList2\" class=\"collapsed\" aria-expanded=\"false\" aria-controls=\"faqList2\">\n\t\t\t\t\t\tQUEL EST VOTRE MOQ POUR LA COMMANDE EN GROS ?\n\t\t\t\t\t\t<i class=\"fa fa-angle-down icon-show\"><\/i><i class=\"fa fa-angle-up icon-close\"><\/i>\n\t\t\t\t\t<\/a>\n\t\t\t\t\t<div id=\"faqList2\" class=\"collapse\">\n\t\t\t\t\t\t<p class=\"collapse-content\">\n\t\t\t\t\t\t\tNormalement, nous commen\u00e7ons \u00e0 partir de 300 pi\u00e8ces.\n\t\t\t\t\t\t<\/p>\n\t\t\t\t\t<\/div>\n\t\t\t\t<\/li>\n\n\t\t\t\t<li data-aos=\"fade-up\" data-aos-delay=\"300\" class=\"aos-init aos-animate\">\n\t\t\t\t\t<i class=\"fa fa-question-circle-o\" aria-hidden=\"true\"><\/i>\n\t\t\t\t\t<a data-bs-toggle=\"collapse\" href=\"#faqList3\" class=\"collapsed\" aria-expanded=\"false\" aria-controls=\"faqList3\">\n\t\t\t\t\t\tSOUTENEZ-VOUS LE LOGO BRANDING ?\n\t\t\t\t\t\t<i class=\"fa fa-angle-down icon-show\"><\/i><i class=\"fa fa-angle-up icon-close\"><\/i>\n\t\t\t\t\t<\/a>\n\t\t\t\t\t<div id=\"faqList3\" class=\"collapse\">\n\t\t\t\t\t\t<p class=\"collapse-content\">\n\t\t\t\t\t\tOui, nous prenons en charge les services OEM et ODM.\n\t\t\t\t\t\t<\/p>\n\t\t\t\t\t<\/div>\n\t\t\t\t<\/li>\n\n\t\t\t\t<li data-aos=\"fade-up\" data-aos-delay=\"400\" class=\"aos-init aos-animate\">\n\t\t\t\t\t<i class=\"fa fa-question-circle-o\" aria-hidden=\"true\"><\/i>\n\t\t\t\t\t<a data-bs-toggle=\"collapse\" href=\"#faqList4\" class=\"collapsed\" aria-expanded=\"false\" aria-controls=\"faqList4\">\n\t\t\t\t\t\tPUIS-JE COMMANDER UN \u00c9CHANTILLON POUR V\u00c9RIFIER LA QUALIT\u00c9 ?\n\t\t\t\t\t\t<i class=\"fa fa-angle-down icon-show\"><\/i><i class=\"fa fa-angle-up icon-close\"><\/i>\n\t\t\t\t\t<\/a>\n\t\t\t\t\t<div id=\"faqList4\" class=\"collapse\">\n\t\t\t\t\t\t<p class=\"collapse-content\">\n\t\t\t\t\t\tOui, l&#039;\u00e9chantillon sera gratuit mais vous prendrez en charge les frais de livraison.\n\t\t\t\t\t\t<\/p>\n\t\t\t\t\t<\/div>\n\t\t\t\t<\/li>\n\n\t\t\t\t<li data-aos=\"fade-up\" data-aos-delay=\"500\" class=\"aos-init aos-animate\">\n\t\t\t\t\t<i class=\"fa fa-question-circle-o\" aria-hidden=\"true\"><\/i>\n\t\t\t\t\t<a data-bs-toggle=\"collapse\" href=\"#faqList5\" class=\"collapsed\" aria-expanded=\"false\" aria-controls=\"faqList5\">\n\t\t\t\t\t\tQUELLES SONT VOS COULEURS HABITUELLES ET PUIS-JE FAIRE UNE COULEUR PERSONNALIS\u00c9E\u00a0?\n\t\t\t\t\t\t<i class=\"fa fa-angle-down icon-show\"><\/i><i class=\"fa fa-angle-up icon-close\"><\/i>\n\t\t\t\t\t<\/a>\n\t\t\t\t\t<div id=\"faqList5\" class=\"collapse\">\n\t\t\t\t\t\t<p class=\"collapse-content\">\n\t\t\t\t\t\tLes couleurs r\u00e9guli\u00e8res sont le bleu et le gris, MOQ pour la couleur personnalis\u00e9e : 500 pi\u00e8ces.\n\t\t\t\t\t\t<\/p>\n\t\t\t\t\t<\/div>\n\t\t\t\t<\/li>\n\t\t\t\t<li data-aos=\"fade-up\" data-aos-delay=\"500\" class=\"aos-init aos-animate\">\n\t\t\t\t\t<i class=\"fa fa-question-circle-o\" aria-hidden=\"true\"><\/i>\n\t\t\t\t\t<a data-bs-toggle=\"collapse\" href=\"#faqList6\" class=\"collapsed\" aria-expanded=\"false\" aria-controls=\"faqList6\">\n\t\t\t\t\t\tQUELLES SONT LES M\u00c9THODES D&#039;EMBALLAGE DISPONIBLES ?\n\t\t\t\t\t\t<i class=\"fa fa-angle-down icon-show\"><\/i><i class=\"fa fa-angle-up icon-close\"><\/i>\n\t\t\t\t\t<\/a>\n\t\t\t\t\t<div id=\"faqList6\" class=\"collapse\">\n\t\t\t\t\t\t<p class=\"collapse-content\">\n\t\t\t\t\t\tEmballage de palette en bois d&#039;exportation, emballage de canton ou emballage nu pour \u00e9conomiser de l&#039;espace.\n\t\t\t\t\t\t<\/p>\n\t\t\t\t\t<\/div>\n\t\t\t\t<\/li>\n\n\t\t\t\t<li data-aos=\"fade-up\" data-aos-delay=\"500\" class=\"aos-init aos-animate\">\n\t\t\t\t\t<i class=\"fa fa-question-circle-o\" aria-hidden=\"true\"><\/i>\n\t\t\t\t\t<a data-bs-toggle=\"collapse\" href=\"#faqList7\" class=\"collapsed\" aria-expanded=\"false\" aria-controls=\"faqList7\">\n\t\t\t\t\tQUEL EST VOTRE D\u00c9LAI DE PAIEMENT ?\n\t\t\t\t\t\t<i class=\"fa fa-angle-down icon-show\"><\/i><i class=\"fa fa-angle-up icon-close\"><\/i>\n\t\t\t\t\t<\/a>\n\t\t\t\t\t<div id=\"faqList7\" class=\"collapse\">\n\t\t\t\t\t\t<p class=\"collapse-content\">\n\t\t\t\t\t\tNous prenons en charge T\/T, L\/C \u00e0 vue et Paypal pour l&#039;\u00e9chantillon.\n\t\t\t\t\t\t<\/p>\n\t\t\t\t\t<\/div>\n\t\t\t\t<\/li>\n\t\t\t\t<li data-aos=\"fade-up\" data-aos-delay=\"500\" class=\"aos-init aos-animate\">\n\t\t\t\t\t<i class=\"fa fa-question-circle-o\" aria-hidden=\"true\"><\/i>\n\t\t\t\t\t<a data-bs-toggle=\"collapse\" href=\"#faqList8\" class=\"collapsed\" aria-expanded=\"false\" aria-controls=\"faqList8\">\n\t\t\t\t\t\tCOMBIEN DE TEMPS FAUT-IL POUR LA PRODUCTION ?\n\t\t\t\t\t\t<i class=\"fa fa-angle-down icon-show\"><\/i><i class=\"fa fa-angle-up icon-close\"><\/i>\n\t\t\t\t\t<\/a>\n\t\t\t\t\t<div id=\"faqList8\" class=\"collapse\">\n\t\t\t\t\t\t<p class=\"collapse-content\">\n\t\t\t\t\t\t\t7 \u00e0 15 jours ouvrables apr\u00e8s r\u00e9ception de votre acompte.\n\t\t\t\t\t\t<\/p>\n\t\t\t\t\t<\/div>\n\t\t\t\t<\/li>\n\t\t\t<\/ul>\n\t\t<\/div>\n\t<\/div>\n<\/section>","protected":false},"excerpt":{"rendered":"<p>\u00c0 PROPOS DE JOINPLASTIC JOINPLASTIC est le principal fournisseur et fabricant de produits en plastique en Chine. Notre gamme comprend des conteneurs EURO, des caisses pliables Ifco, des chariots, des bacs de rangement et des palettes en plastique, etc. Soucieux de l&#039;environnement, JOINPLASTIC propose des solutions de rangement enti\u00e8rement recyclables. Nos bo\u00eetes de rangement en plastique de qualit\u00e9 sont id\u00e9ales pour un usage industriel et domestique.<\/p>\n<p class=\"read-more\"> <a class=\"\" href=\"https:\/\/www.plastic-crate.co.uk\/fr\/about-us\/\"> <span class=\"screen-reader-text\">\u00c0 propos de nous<\/span> En savoir plus &quot;<\/a><\/p>","protected":false},"author":1,"featured_media":0,"parent":0,"menu_order":0,"comment_status":"closed","ping_status":"closed","template":"","meta":{"_acf_changed":false,"site-sidebar-layout":"no-sidebar","site-content-layout":"page-builder","ast-main-header-display":"","ast-hfb-above-header-display":"","ast-hfb-below-header-display":"","ast-hfb-mobile-header-display":"","site-post-title":"disabled","ast-breadcrumbs-content":"","ast-featured-img":"","footer-sml-layout":"","theme-transparent-header-meta":"","adv-header-id-meta":"","stick-header-meta":"","header-above-stick-meta":"","header-main-stick-meta":"","header-below-stick-meta":"","footnotes":""},"class_list":["post-5893","page","type-page","status-publish","hentry"],"acf":[],"yoast_head":"<!-- This site is optimized with the Yoast SEO plugin v26.9 - https:\/\/yoast.com\/product\/yoast-seo-wordpress\/ -->\n<title>About us, The folding crates supplier - Euro crates Manufacturer<\/title>\n<meta name=\"description\" content=\"Join Plastic is a leading plastic folding container manufacturer and exporter, heavy duty folding crates,collapsible crate with handles.\" \/>\n<meta name=\"robots\" content=\"index, follow, max-snippet:-1, max-image-preview:large, max-video-preview:-1\" \/>\n<link rel=\"canonical\" href=\"https:\/\/www.plastic-crate.co.uk\/fr\/about-us\/\" \/>\n<meta property=\"og:locale\" content=\"fr_FR\" \/>\n<meta property=\"og:type\" content=\"article\" \/>\n<meta property=\"og:title\" content=\"About us, The folding crates supplier - Euro crates Manufacturer\" \/>\n<meta property=\"og:description\" content=\"Join Plastic is a leading plastic folding container manufacturer and exporter, heavy duty folding crates,collapsible crate with handles.\" \/>\n<meta property=\"og:url\" content=\"https:\/\/www.plastic-crate.co.uk\/fr\/about-us\/\" \/>\n<meta property=\"og:site_name\" content=\"Euro crates Manufacturer\" \/>\n<meta property=\"article:modified_time\" content=\"2022-03-16T08:18:21+00:00\" \/>\n<meta property=\"og:image\" content=\"https:\/\/www.plastic-crate.co.uk\/wp-content\/uploads\/2022\/03\/euro-storage-crate-manufacture-factory.jpg\" \/>\n<meta name=\"twitter:card\" content=\"summary_large_image\" \/>\n<meta name=\"twitter:label1\" content=\"Est. reading time\" \/>\n\t<meta name=\"twitter:data1\" content=\"5 minutes\" \/>\n<script type=\"application\/ld+json\" class=\"yoast-schema-graph\">{\"@context\":\"https:\/\/schema.org\",\"@graph\":[{\"@type\":\"WebPage\",\"@id\":\"https:\/\/www.plastic-crate.co.uk\/about-us\/\",\"url\":\"https:\/\/www.plastic-crate.co.uk\/about-us\/\",\"name\":\"About us, The folding crates supplier - Euro crates Manufacturer\",\"isPartOf\":{\"@id\":\"https:\/\/www.plastic-crate.co.uk\/#website\"},\"primaryImageOfPage\":{\"@id\":\"https:\/\/www.plastic-crate.co.uk\/about-us\/#primaryimage\"},\"image\":{\"@id\":\"https:\/\/www.plastic-crate.co.uk\/about-us\/#primaryimage\"},\"thumbnailUrl\":\"https:\/\/www.plastic-crate.co.uk\/wp-content\/uploads\/2022\/03\/euro-storage-crate-manufacture-factory.jpg\",\"datePublished\":\"2022-03-16T07:53:11+00:00\",\"dateModified\":\"2022-03-16T08:18:21+00:00\",\"description\":\"Join Plastic is a leading plastic folding container manufacturer and exporter, heavy duty folding crates,collapsible crate with handles.\",\"inLanguage\":\"fr-FR\",\"potentialAction\":[{\"@type\":\"ReadAction\",\"target\":[\"https:\/\/www.plastic-crate.co.uk\/about-us\/\"]}]},{\"@type\":\"ImageObject\",\"inLanguage\":\"fr-FR\",\"@id\":\"https:\/\/www.plastic-crate.co.uk\/about-us\/#primaryimage\",\"url\":\"https:\/\/www.plastic-crate.co.uk\/wp-content\/uploads\/2022\/03\/euro-storage-crate-manufacture-factory.jpg\",\"contentUrl\":\"https:\/\/www.plastic-crate.co.uk\/wp-content\/uploads\/2022\/03\/euro-storage-crate-manufacture-factory.jpg\"},{\"@type\":\"WebSite\",\"@id\":\"https:\/\/www.plastic-crate.co.uk\/#website\",\"url\":\"https:\/\/www.plastic-crate.co.uk\/\",\"name\":\"Euro crates Manufacturer\",\"description\":\"wholesale Euro containers, plastic euro crates with lids, curo boxes without lids\",\"publisher\":{\"@id\":\"https:\/\/www.plastic-crate.co.uk\/#organization\"},\"potentialAction\":[{\"@type\":\"SearchAction\",\"target\":{\"@type\":\"EntryPoint\",\"urlTemplate\":\"https:\/\/www.plastic-crate.co.uk\/?s={search_term_string}\"},\"query-input\":{\"@type\":\"PropertyValueSpecification\",\"valueRequired\":true,\"valueName\":\"search_term_string\"}}],\"inLanguage\":\"fr-FR\"},{\"@type\":\"Organization\",\"@id\":\"https:\/\/www.plastic-crate.co.uk\/#organization\",\"name\":\"Euro crates Manufacturer\",\"url\":\"https:\/\/www.plastic-crate.co.uk\/\",\"logo\":{\"@type\":\"ImageObject\",\"inLanguage\":\"fr-FR\",\"@id\":\"https:\/\/www.plastic-crate.co.uk\/#\/schema\/logo\/image\/\",\"url\":\"https:\/\/www.plastic-crate.co.uk\/wp-content\/uploads\/2020\/10\/cropped-logo.png\",\"contentUrl\":\"https:\/\/www.plastic-crate.co.uk\/wp-content\/uploads\/2020\/10\/cropped-logo.png\",\"width\":300,\"height\":66,\"caption\":\"Euro crates Manufacturer\"},\"image\":{\"@id\":\"https:\/\/www.plastic-crate.co.uk\/#\/schema\/logo\/image\/\"}}]}<\/script>\n<!-- \/ Yoast SEO plugin. -->","yoast_head_json":{"title":"\u00c0 propos de nous, Fournisseur de caisses pliantes - Fabricant de caisses Euro","description":"Join Plastic est un fabricant et exportateur leader de conteneurs pliables en plastique, de caisses pliantes robustes et de caisses pliables avec poign\u00e9es.","robots":{"index":"index","follow":"follow","max-snippet":"max-snippet:-1","max-image-preview":"max-image-preview:large","max-video-preview":"max-video-preview:-1"},"canonical":"https:\/\/www.plastic-crate.co.uk\/fr\/about-us\/","og_locale":"fr_FR","og_type":"article","og_title":"About us, The folding crates supplier - Euro crates Manufacturer","og_description":"Join Plastic is a leading plastic folding container manufacturer and exporter, heavy duty folding crates,collapsible crate with handles.","og_url":"https:\/\/www.plastic-crate.co.uk\/fr\/about-us\/","og_site_name":"Euro crates Manufacturer","article_modified_time":"2022-03-16T08:18:21+00:00","og_image":[{"url":"https:\/\/www.plastic-crate.co.uk\/wp-content\/uploads\/2022\/03\/euro-storage-crate-manufacture-factory.jpg","type":"","width":"","height":""}],"twitter_card":"summary_large_image","twitter_misc":{"Est. reading time":"5 minutes"},"schema":{"@context":"https:\/\/schema.org","@graph":[{"@type":"WebPage","@id":"https:\/\/www.plastic-crate.co.uk\/about-us\/","url":"https:\/\/www.plastic-crate.co.uk\/about-us\/","name":"\u00c0 propos de nous, Fournisseur de caisses pliantes - Fabricant de caisses Euro","isPartOf":{"@id":"https:\/\/www.plastic-crate.co.uk\/#website"},"primaryImageOfPage":{"@id":"https:\/\/www.plastic-crate.co.uk\/about-us\/#primaryimage"},"image":{"@id":"https:\/\/www.plastic-crate.co.uk\/about-us\/#primaryimage"},"thumbnailUrl":"https:\/\/www.plastic-crate.co.uk\/wp-content\/uploads\/2022\/03\/euro-storage-crate-manufacture-factory.jpg","datePublished":"2022-03-16T07:53:11+00:00","dateModified":"2022-03-16T08:18:21+00:00","description":"Join Plastic est un fabricant et exportateur leader de conteneurs pliables en plastique, de caisses pliantes robustes et de caisses pliables avec poign\u00e9es.","inLanguage":"fr-FR","potentialAction":[{"@type":"ReadAction","target":["https:\/\/www.plastic-crate.co.uk\/about-us\/"]}]},{"@type":"ImageObject","inLanguage":"fr-FR","@id":"https:\/\/www.plastic-crate.co.uk\/about-us\/#primaryimage","url":"https:\/\/www.plastic-crate.co.uk\/wp-content\/uploads\/2022\/03\/euro-storage-crate-manufacture-factory.jpg","contentUrl":"https:\/\/www.plastic-crate.co.uk\/wp-content\/uploads\/2022\/03\/euro-storage-crate-manufacture-factory.jpg"},{"@type":"WebSite","@id":"https:\/\/www.plastic-crate.co.uk\/#website","url":"https:\/\/www.plastic-crate.co.uk\/","name":"Fabricant de caisses Euro","description":"Conteneurs Euro en gros, caisses Euro en plastique avec couvercles, bo\u00eetes Curo sans couvercles","publisher":{"@id":"https:\/\/www.plastic-crate.co.uk\/#organization"},"potentialAction":[{"@type":"SearchAction","target":{"@type":"EntryPoint","urlTemplate":"https:\/\/www.plastic-crate.co.uk\/?s={search_term_string}"},"query-input":{"@type":"PropertyValueSpecification","valueRequired":true,"valueName":"search_term_string"}}],"inLanguage":"fr-FR"},{"@type":"Organization","@id":"https:\/\/www.plastic-crate.co.uk\/#organization","name":"Fabricant de caisses Euro","url":"https:\/\/www.plastic-crate.co.uk\/","logo":{"@type":"ImageObject","inLanguage":"fr-FR","@id":"https:\/\/www.plastic-crate.co.uk\/#\/schema\/logo\/image\/","url":"https:\/\/www.plastic-crate.co.uk\/wp-content\/uploads\/2020\/10\/cropped-logo.png","contentUrl":"https:\/\/www.plastic-crate.co.uk\/wp-content\/uploads\/2020\/10\/cropped-logo.png","width":300,"height":66,"caption":"Euro crates Manufacturer"},"image":{"@id":"https:\/\/www.plastic-crate.co.uk\/#\/schema\/logo\/image\/"}}]}},"_links":{"self":[{"href":"https:\/\/www.plastic-crate.co.uk\/fr\/wp-json\/wp\/v2\/pages\/5893","targetHints":{"allow":["GET"]}}],"collection":[{"href":"https:\/\/www.plastic-crate.co.uk\/fr\/wp-json\/wp\/v2\/pages"}],"about":[{"href":"https:\/\/www.plastic-crate.co.uk\/fr\/wp-json\/wp\/v2\/types\/page"}],"author":[{"embeddable":true,"href":"https:\/\/www.plastic-crate.co.uk\/fr\/wp-json\/wp\/v2\/users\/1"}],"replies":[{"embeddable":true,"href":"https:\/\/www.plastic-crate.co.uk\/fr\/wp-json\/wp\/v2\/comments?post=5893"}],"version-history":[{"count":4,"href":"https:\/\/www.plastic-crate.co.uk\/fr\/wp-json\/wp\/v2\/pages\/5893\/revisions"}],"predecessor-version":[{"id":5898,"href":"https:\/\/www.plastic-crate.co.uk\/fr\/wp-json\/wp\/v2\/pages\/5893\/revisions\/5898"}],"wp:attachment":[{"href":"https:\/\/www.plastic-crate.co.uk\/fr\/wp-json\/wp\/v2\/media?parent=5893"}],"curies":[{"name":"wp","href":"https:\/\/api.w.org\/{rel}","templated":true}]}}