{"id":312,"date":"2020-02-17T16:14:06","date_gmt":"2020-02-17T16:14:06","guid":{"rendered":"https:\/\/www.plastic-crate.co.uk\/?page_id=312"},"modified":"2022-03-16T08:18:01","modified_gmt":"2022-03-16T08:18:01","slug":"about-us-bk","status":"publish","type":"page","link":"https:\/\/www.plastic-crate.co.uk\/fr\/about-us-bk\/","title":{"rendered":"About us-old"},"content":{"rendered":"<h2>The leading plastic products supplier &amp; manufacturer<\/h2>\n<h4>More than 2000 types of plastic products to meet different and special request. Quality is our culture. Protect Your Orders from Payment to Delivery<\/h4>\n<h2>Trusted BY<\/h2>\n<h2>2000+<\/h2>\n<p>Customers<\/p>\n<h2>50+<\/h2>\n<p>Moving companies<\/p>\n<h2>5+<\/h2>\n<p>Industries<\/p>\n<h2>15+<\/h2>\n<p>Retailers<\/p>\n<h2>Testimonials<\/h2>\n<figure><img decoding=\"async\" width=\"222\" height=\"222\" src=\"https:\/\/www.plastic-crate.co.uk\/wp-content\/uploads\/2020\/02\/d-2.png\" alt=\"\" loading=\"lazy\" srcset=\"https:\/\/www.plastic-crate.co.uk\/wp-content\/uploads\/2020\/02\/d-2.png 222w, https:\/\/www.plastic-crate.co.uk\/wp-content\/uploads\/2020\/02\/d-2-150x150.png 150w, https:\/\/www.plastic-crate.co.uk\/wp-content\/uploads\/2020\/02\/d-2-100x100.png 100w\" sizes=\"auto, (max-width: 222px) 100vw, 222px\"><\/figure>\n<h3>Chris Haight, Procurement<\/h3>\n<p>NexGen Technology<\/p>\n<p>Containers well built. Love the locking castors and like the fact that the lower black supports came with castors already on them easy to install. Would have liked to see a bit more protection around them during shipping due to minor scuffs and bends from transport and the lids are slightly bent assuming from the manufacturing of the lid but overall good product.<\/p>\n<p><a href=\"https:\/\/www.plastic-crate.co.uk\/wp-content\/uploads\/2020\/02\/customer-review-a.png\" data-elementor-open-lightbox=\"yes\" data-elementor-lightbox-slideshow=\"all-870f93b\" data-elementor-lightbox-title=\"customer-review-a\"><br \/>\n<\/a><br \/>\n<a href=\"https:\/\/www.plastic-crate.co.uk\/wp-content\/uploads\/2020\/02\/customer-review-b.png\" data-elementor-open-lightbox=\"yes\" data-elementor-lightbox-slideshow=\"all-870f93b\" data-elementor-lightbox-title=\"customer-review-b\"><br \/>\n<\/a><br \/>\n<a href=\"https:\/\/www.plastic-crate.co.uk\/wp-content\/uploads\/2020\/02\/customer-review-c.png\" data-elementor-open-lightbox=\"yes\" data-elementor-lightbox-slideshow=\"all-870f93b\" data-elementor-lightbox-title=\"customer-review-c\"><br \/>\n<\/a><br \/>\n<a href=\"https:\/\/www.plastic-crate.co.uk\/wp-content\/uploads\/2020\/02\/customer-review-d.png\" data-elementor-open-lightbox=\"yes\" data-elementor-lightbox-slideshow=\"all-870f93b\" data-elementor-lightbox-title=\"customer-review-d\"><br \/>\n<\/a><\/p>\n<h3>Crates Gallery Slide<\/h3>\n<div class=\"ast-oembed-container\"><iframe title=\"Euro containers Ready for Shipment\" width=\"500\" height=\"281\" src=\"https:\/\/www.youtube.com\/embed\/w_-Weof4g7I?feature=oembed\" frameborder=\"0\" allow=\"accelerometer; autoplay; clipboard-write; encrypted-media; gyroscope; picture-in-picture; web-share\" referrerpolicy=\"strict-origin-when-cross-origin\" allowfullscreen><\/iframe><\/div>\n<p><img decoding=\"async\" width=\"700\" height=\"700\" src=\"https:\/\/www.plastic-crate.co.uk\/wp-content\/uploads\/2020\/02\/moving-crates-and-dollies.jpg\" alt=\"moving crates and dollies\" loading=\"lazy\" srcset=\"https:\/\/www.plastic-crate.co.uk\/wp-content\/uploads\/2020\/02\/moving-crates-and-dollies.jpg 700w, https:\/\/www.plastic-crate.co.uk\/wp-content\/uploads\/2020\/02\/moving-crates-and-dollies-300x300.jpg 300w, https:\/\/www.plastic-crate.co.uk\/wp-content\/uploads\/2020\/02\/moving-crates-and-dollies-150x150.jpg 150w, https:\/\/www.plastic-crate.co.uk\/wp-content\/uploads\/2020\/02\/moving-crates-and-dollies-400x400.jpg 400w, https:\/\/www.plastic-crate.co.uk\/wp-content\/uploads\/2020\/02\/moving-crates-and-dollies-600x600.jpg 600w, https:\/\/www.plastic-crate.co.uk\/wp-content\/uploads\/2020\/02\/moving-crates-and-dollies-100x100.jpg 100w\" sizes=\"auto, (max-width: 700px) 100vw, 700px\"><\/p>\n<p>Plastic&nbsp;moving crates, totes, plastic moving boxes and&nbsp;dollies&nbsp;for office and classroom moving and storage,&nbsp;Moving crates&nbsp;with our&nbsp;dollies&nbsp;reduces heavy lifting and workers comp issues.&nbsp;Dollies&nbsp;roll the crates easily without much effort.<\/p>\n<p>All Sizes And Shapes Of Bulk Containers For Storage, Shipping And Handling. Each reusable container is designed to protect your product and reduce handling costs.<\/p>\n<p>click to see more:<\/p>\n<p>plastic bulk container list<\/p>\n<div class=\"ast-oembed-container\"><iframe title=\"Plastic pallet container, Bulk plastic containers wholesale\" width=\"500\" height=\"281\" src=\"https:\/\/www.youtube.com\/embed\/r4tKg_C0ZVQ?feature=oembed\" frameborder=\"0\" allow=\"accelerometer; autoplay; clipboard-write; encrypted-media; gyroscope; picture-in-picture; web-share\" referrerpolicy=\"strict-origin-when-cross-origin\" allowfullscreen><\/iframe><\/div>\n<h4>FAQ<\/h4>\n<h4>Are you a factory, is custom service available?<\/h4>\n<p>Oui, nous sommes une usine bas\u00e9e \u00e0 Shanghai, en Chine et authentifi\u00e9e par TUV.<\/p>\n<h4>Can I order a sample to check quality?<\/h4>\n<p>Oui, l&#039;\u00e9chantillon sera gratuit mais vous prendrez en charge les frais de livraison.<\/p>\n<h4>What&#8217;s your MOQ for bulk order?<\/h4>\n<p>Normalement, nous commen\u00e7ons \u00e0 partir de 300 pi\u00e8ces.<\/p>\n<h4>What&#8217;s your regular colors and can I do custom color?<\/h4>\n<p>Les couleurs r\u00e9guli\u00e8res sont le bleu et le gris, MOQ pour la couleur personnalis\u00e9e : 500 pi\u00e8ces.<\/p>\n<h4>Do you support logo branding?<\/h4>\n<p>Oui, nous prenons en charge les services OEM et ODM.<\/p>\n<h4>Which package methods are available?<\/h4>\n<p>Emballage de palette en bois d&#039;exportation, emballage de canton ou emballage nu pour \u00e9conomiser de l&#039;espace.<\/p>\n<h4>What&#8217;s your term of payment?<\/h4>\n<p>Nous prenons en charge T\/T, L\/C \u00e0 vue et Paypal pour l&#039;\u00e9chantillon.<\/p>\n<h4>How long does it take for production?<\/h4>\n<p>7 \u00e0 15 jours ouvrables apr\u00e8s r\u00e9ception de votre acompte.<\/p>\n<h2>Activit\u00e9s d&#039;\u00e9quipe<\/h2>\n<p><a href=\"https:\/\/www.plastic-crate.co.uk\/wp-content\/uploads\/2020\/02\/15748413401621.jpg\" data-elementor-open-lightbox=\"yes\" data-elementor-lightbox-slideshow=\"all-ca02ed6\" data-elementor-lightbox-title=\"15748413401621\"><br \/>\n<\/a><br \/>\n<a href=\"https:\/\/www.plastic-crate.co.uk\/wp-content\/uploads\/2020\/02\/15748413446546.jpg\" data-elementor-open-lightbox=\"yes\" data-elementor-lightbox-slideshow=\"all-ca02ed6\" data-elementor-lightbox-title=\"15748413446546\"><br \/>\n<\/a><br \/>\n<a href=\"https:\/\/www.plastic-crate.co.uk\/wp-content\/uploads\/2020\/02\/15748413464012.jpg\" data-elementor-open-lightbox=\"yes\" data-elementor-lightbox-slideshow=\"all-ca02ed6\" data-elementor-lightbox-title=\"15748413464012\"><br \/>\n<\/a><br \/>\n<a href=\"https:\/\/www.plastic-crate.co.uk\/wp-content\/uploads\/2020\/02\/15748413475048.jpg\" data-elementor-open-lightbox=\"yes\" data-elementor-lightbox-slideshow=\"all-ca02ed6\" data-elementor-lightbox-title=\"15748413475048\"><br \/>\n<\/a><br \/>\n<a href=\"https:\/\/www.plastic-crate.co.uk\/wp-content\/uploads\/2020\/02\/15748413487109.jpg\" data-elementor-open-lightbox=\"yes\" data-elementor-lightbox-slideshow=\"all-ca02ed6\" data-elementor-lightbox-title=\"15748413487109\"><br \/>\n<\/a><br \/>\n<a href=\"https:\/\/www.plastic-crate.co.uk\/wp-content\/uploads\/2020\/02\/15748414674798.jpg\" data-elementor-open-lightbox=\"yes\" data-elementor-lightbox-slideshow=\"all-ca02ed6\" data-elementor-lightbox-title=\"15748414674798\"><br \/>\n<\/a><br \/>\n<a href=\"https:\/\/www.plastic-crate.co.uk\/wp-content\/uploads\/2020\/02\/15748414685651.jpg\" data-elementor-open-lightbox=\"yes\" data-elementor-lightbox-slideshow=\"all-ca02ed6\" data-elementor-lightbox-title=\"15748414685651\"><br \/>\n<\/a><br \/>\n<a href=\"https:\/\/www.plastic-crate.co.uk\/wp-content\/uploads\/2020\/02\/15748414685981.jpg\" data-elementor-open-lightbox=\"yes\" data-elementor-lightbox-slideshow=\"all-ca02ed6\" data-elementor-lightbox-title=\"15748414685981\"><br \/>\n<\/a><\/p>\n<h2>Visite client<\/h2>\n<p><a href=\"https:\/\/www.plastic-crate.co.uk\/wp-content\/uploads\/2020\/02\/15724291611598-2.jpg\" data-elementor-open-lightbox=\"yes\" data-elementor-lightbox-slideshow=\"all-a37d34a\" data-elementor-lightbox-title=\"15724291611598\"><br \/>\n<\/a><br \/>\n<a href=\"https:\/\/www.plastic-crate.co.uk\/wp-content\/uploads\/2020\/02\/15724291614587-1.jpg\" data-elementor-open-lightbox=\"yes\" data-elementor-lightbox-slideshow=\"all-a37d34a\" data-elementor-lightbox-title=\"15724291614587\"><br \/>\n<\/a><br \/>\n<a href=\"https:\/\/www.plastic-crate.co.uk\/wp-content\/uploads\/2020\/02\/15724291622820.jpg\" data-elementor-open-lightbox=\"yes\" data-elementor-lightbox-slideshow=\"all-a37d34a\" data-elementor-lightbox-title=\"15724291622820\"><br \/>\n<\/a><br \/>\n<a href=\"https:\/\/www.plastic-crate.co.uk\/wp-content\/uploads\/2020\/02\/15724291625612.jpg\" data-elementor-open-lightbox=\"yes\" data-elementor-lightbox-slideshow=\"all-a37d34a\" data-elementor-lightbox-title=\"15724291625612\"><br \/>\n<\/a><br \/>\n<a href=\"https:\/\/www.plastic-crate.co.uk\/wp-content\/uploads\/2020\/02\/15724291627807.jpg\" data-elementor-open-lightbox=\"yes\" data-elementor-lightbox-slideshow=\"all-a37d34a\" data-elementor-lightbox-title=\"15724291627807\"><br \/>\n<\/a><br \/>\n<a href=\"https:\/\/www.plastic-crate.co.uk\/wp-content\/uploads\/2020\/02\/15724291631629-1.jpg\" data-elementor-open-lightbox=\"yes\" data-elementor-lightbox-slideshow=\"all-a37d34a\" data-elementor-lightbox-title=\"15724291631629\"><br \/>\n<\/a><br \/>\n<a href=\"https:\/\/www.plastic-crate.co.uk\/wp-content\/uploads\/2020\/02\/15738118516916.jpg\" data-elementor-open-lightbox=\"yes\" data-elementor-lightbox-slideshow=\"all-a37d34a\" data-elementor-lightbox-title=\"15738118516916\"><br \/>\n<\/a><br \/>\n<a href=\"https:\/\/www.plastic-crate.co.uk\/wp-content\/uploads\/2020\/02\/15762317275096.jpg\" data-elementor-open-lightbox=\"yes\" data-elementor-lightbox-slideshow=\"all-a37d34a\" data-elementor-lightbox-title=\"15762317275096\"><br \/>\n<\/a><\/p>","protected":false},"excerpt":{"rendered":"<p>The leading plastic products supplier &amp; manufacturer More than 2000 types of plastic products to meet different and special request. Quality is our culture. Protect Your Orders from Payment to Delivery Trusted BY 2000+ Customers 50+ Moving companies 5+ Industries 15+ Retailers Testimonials Chris Haight, Procurement NexGen Technology Containers well built. Love the locking castors &hellip;<\/p>\n<p class=\"read-more\"> <a class=\"\" href=\"https:\/\/www.plastic-crate.co.uk\/fr\/about-us-bk\/\"> <span class=\"screen-reader-text\">About us-old<\/span> En savoir plus &quot;<\/a><\/p>","protected":false},"author":1,"featured_media":0,"parent":0,"menu_order":0,"comment_status":"closed","ping_status":"closed","template":"","meta":{"_acf_changed":false,"site-sidebar-layout":"default","site-content-layout":"default","ast-main-header-display":"","ast-hfb-above-header-display":"","ast-hfb-below-header-display":"","ast-hfb-mobile-header-display":"","site-post-title":"","ast-breadcrumbs-content":"","ast-featured-img":"","footer-sml-layout":"","theme-transparent-header-meta":"","adv-header-id-meta":"","stick-header-meta":"","header-above-stick-meta":"","header-main-stick-meta":"","header-below-stick-meta":"","footnotes":""},"class_list":["post-312","page","type-page","status-publish","hentry"],"acf":[],"yoast_head":"<!-- This site is optimized with the Yoast SEO plugin v26.9 - https:\/\/yoast.com\/product\/yoast-seo-wordpress\/ -->\n<title>About us-old, The folding crates supplier - Euro crates Manufacturer<\/title>\n<meta name=\"description\" content=\"Join Plastic is a leading plastic folding container manufacturer and exporter, heavy duty folding crates,collapsible crate with handles.\" \/>\n<meta name=\"robots\" content=\"index, follow, max-snippet:-1, max-image-preview:large, max-video-preview:-1\" \/>\n<link rel=\"canonical\" href=\"https:\/\/www.plastic-crate.co.uk\/fr\/about-us-bk\/\" \/>\n<meta property=\"og:locale\" content=\"fr_FR\" \/>\n<meta property=\"og:type\" content=\"article\" \/>\n<meta property=\"og:title\" content=\"About us-old, The folding crates supplier - Euro crates Manufacturer\" \/>\n<meta property=\"og:description\" content=\"Join Plastic is a leading plastic folding container manufacturer and exporter, heavy duty folding crates,collapsible crate with handles.\" \/>\n<meta property=\"og:url\" content=\"https:\/\/www.plastic-crate.co.uk\/fr\/about-us-bk\/\" \/>\n<meta property=\"og:site_name\" content=\"Euro crates Manufacturer\" \/>\n<meta property=\"article:modified_time\" content=\"2022-03-16T08:18:01+00:00\" \/>\n<meta property=\"og:image\" content=\"https:\/\/www.plastic-crate.co.uk\/wp-content\/uploads\/2020\/02\/d-2.png\" \/>\n<meta name=\"twitter:card\" content=\"summary_large_image\" \/>\n<meta name=\"twitter:label1\" content=\"Est. reading time\" \/>\n\t<meta name=\"twitter:data1\" content=\"2 minutes\" \/>\n<script type=\"application\/ld+json\" class=\"yoast-schema-graph\">{\"@context\":\"https:\/\/schema.org\",\"@graph\":[{\"@type\":\"WebPage\",\"@id\":\"https:\/\/www.plastic-crate.co.uk\/about-us-bk\/\",\"url\":\"https:\/\/www.plastic-crate.co.uk\/about-us-bk\/\",\"name\":\"About us-old, The folding crates supplier - Euro crates Manufacturer\",\"isPartOf\":{\"@id\":\"https:\/\/www.plastic-crate.co.uk\/#website\"},\"primaryImageOfPage\":{\"@id\":\"https:\/\/www.plastic-crate.co.uk\/about-us-bk\/#primaryimage\"},\"image\":{\"@id\":\"https:\/\/www.plastic-crate.co.uk\/about-us-bk\/#primaryimage\"},\"thumbnailUrl\":\"https:\/\/www.plastic-crate.co.uk\/wp-content\/uploads\/2020\/02\/d-2.png\",\"datePublished\":\"2020-02-17T16:14:06+00:00\",\"dateModified\":\"2022-03-16T08:18:01+00:00\",\"description\":\"Join Plastic is a leading plastic folding container manufacturer and exporter, heavy duty folding crates,collapsible crate with handles.\",\"inLanguage\":\"fr-FR\",\"potentialAction\":[{\"@type\":\"ReadAction\",\"target\":[\"https:\/\/www.plastic-crate.co.uk\/about-us-bk\/\"]}]},{\"@type\":\"ImageObject\",\"inLanguage\":\"fr-FR\",\"@id\":\"https:\/\/www.plastic-crate.co.uk\/about-us-bk\/#primaryimage\",\"url\":\"https:\/\/www.plastic-crate.co.uk\/wp-content\/uploads\/2020\/02\/d-2.png\",\"contentUrl\":\"https:\/\/www.plastic-crate.co.uk\/wp-content\/uploads\/2020\/02\/d-2.png\"},{\"@type\":\"WebSite\",\"@id\":\"https:\/\/www.plastic-crate.co.uk\/#website\",\"url\":\"https:\/\/www.plastic-crate.co.uk\/\",\"name\":\"Euro crates Manufacturer\",\"description\":\"wholesale Euro containers, plastic euro crates with lids, curo boxes without lids\",\"publisher\":{\"@id\":\"https:\/\/www.plastic-crate.co.uk\/#organization\"},\"potentialAction\":[{\"@type\":\"SearchAction\",\"target\":{\"@type\":\"EntryPoint\",\"urlTemplate\":\"https:\/\/www.plastic-crate.co.uk\/?s={search_term_string}\"},\"query-input\":{\"@type\":\"PropertyValueSpecification\",\"valueRequired\":true,\"valueName\":\"search_term_string\"}}],\"inLanguage\":\"fr-FR\"},{\"@type\":\"Organization\",\"@id\":\"https:\/\/www.plastic-crate.co.uk\/#organization\",\"name\":\"Euro crates Manufacturer\",\"url\":\"https:\/\/www.plastic-crate.co.uk\/\",\"logo\":{\"@type\":\"ImageObject\",\"inLanguage\":\"fr-FR\",\"@id\":\"https:\/\/www.plastic-crate.co.uk\/#\/schema\/logo\/image\/\",\"url\":\"https:\/\/www.plastic-crate.co.uk\/wp-content\/uploads\/2020\/10\/cropped-logo.png\",\"contentUrl\":\"https:\/\/www.plastic-crate.co.uk\/wp-content\/uploads\/2020\/10\/cropped-logo.png\",\"width\":300,\"height\":66,\"caption\":\"Euro crates Manufacturer\"},\"image\":{\"@id\":\"https:\/\/www.plastic-crate.co.uk\/#\/schema\/logo\/image\/\"}}]}<\/script>\n<!-- \/ Yoast SEO plugin. -->","yoast_head_json":{"title":"About us-old, The folding crates supplier - Euro crates Manufacturer","description":"Join Plastic est un fabricant et exportateur leader de conteneurs pliables en plastique, de caisses pliantes robustes et de caisses pliables avec poign\u00e9es.","robots":{"index":"index","follow":"follow","max-snippet":"max-snippet:-1","max-image-preview":"max-image-preview:large","max-video-preview":"max-video-preview:-1"},"canonical":"https:\/\/www.plastic-crate.co.uk\/fr\/about-us-bk\/","og_locale":"fr_FR","og_type":"article","og_title":"About us-old, The folding crates supplier - Euro crates Manufacturer","og_description":"Join Plastic is a leading plastic folding container manufacturer and exporter, heavy duty folding crates,collapsible crate with handles.","og_url":"https:\/\/www.plastic-crate.co.uk\/fr\/about-us-bk\/","og_site_name":"Euro crates Manufacturer","article_modified_time":"2022-03-16T08:18:01+00:00","og_image":[{"url":"https:\/\/www.plastic-crate.co.uk\/wp-content\/uploads\/2020\/02\/d-2.png","type":"","width":"","height":""}],"twitter_card":"summary_large_image","twitter_misc":{"Est. reading time":"2 minutes"},"schema":{"@context":"https:\/\/schema.org","@graph":[{"@type":"WebPage","@id":"https:\/\/www.plastic-crate.co.uk\/about-us-bk\/","url":"https:\/\/www.plastic-crate.co.uk\/about-us-bk\/","name":"About us-old, The folding crates supplier - Euro crates Manufacturer","isPartOf":{"@id":"https:\/\/www.plastic-crate.co.uk\/#website"},"primaryImageOfPage":{"@id":"https:\/\/www.plastic-crate.co.uk\/about-us-bk\/#primaryimage"},"image":{"@id":"https:\/\/www.plastic-crate.co.uk\/about-us-bk\/#primaryimage"},"thumbnailUrl":"https:\/\/www.plastic-crate.co.uk\/wp-content\/uploads\/2020\/02\/d-2.png","datePublished":"2020-02-17T16:14:06+00:00","dateModified":"2022-03-16T08:18:01+00:00","description":"Join Plastic est un fabricant et exportateur leader de conteneurs pliables en plastique, de caisses pliantes robustes et de caisses pliables avec poign\u00e9es.","inLanguage":"fr-FR","potentialAction":[{"@type":"ReadAction","target":["https:\/\/www.plastic-crate.co.uk\/about-us-bk\/"]}]},{"@type":"ImageObject","inLanguage":"fr-FR","@id":"https:\/\/www.plastic-crate.co.uk\/about-us-bk\/#primaryimage","url":"https:\/\/www.plastic-crate.co.uk\/wp-content\/uploads\/2020\/02\/d-2.png","contentUrl":"https:\/\/www.plastic-crate.co.uk\/wp-content\/uploads\/2020\/02\/d-2.png"},{"@type":"WebSite","@id":"https:\/\/www.plastic-crate.co.uk\/#website","url":"https:\/\/www.plastic-crate.co.uk\/","name":"Fabricant de caisses Euro","description":"Conteneurs Euro en gros, caisses Euro en plastique avec couvercles, bo\u00eetes Curo sans couvercles","publisher":{"@id":"https:\/\/www.plastic-crate.co.uk\/#organization"},"potentialAction":[{"@type":"SearchAction","target":{"@type":"EntryPoint","urlTemplate":"https:\/\/www.plastic-crate.co.uk\/?s={search_term_string}"},"query-input":{"@type":"PropertyValueSpecification","valueRequired":true,"valueName":"search_term_string"}}],"inLanguage":"fr-FR"},{"@type":"Organization","@id":"https:\/\/www.plastic-crate.co.uk\/#organization","name":"Fabricant de caisses Euro","url":"https:\/\/www.plastic-crate.co.uk\/","logo":{"@type":"ImageObject","inLanguage":"fr-FR","@id":"https:\/\/www.plastic-crate.co.uk\/#\/schema\/logo\/image\/","url":"https:\/\/www.plastic-crate.co.uk\/wp-content\/uploads\/2020\/10\/cropped-logo.png","contentUrl":"https:\/\/www.plastic-crate.co.uk\/wp-content\/uploads\/2020\/10\/cropped-logo.png","width":300,"height":66,"caption":"Euro crates Manufacturer"},"image":{"@id":"https:\/\/www.plastic-crate.co.uk\/#\/schema\/logo\/image\/"}}]}},"_links":{"self":[{"href":"https:\/\/www.plastic-crate.co.uk\/fr\/wp-json\/wp\/v2\/pages\/312","targetHints":{"allow":["GET"]}}],"collection":[{"href":"https:\/\/www.plastic-crate.co.uk\/fr\/wp-json\/wp\/v2\/pages"}],"about":[{"href":"https:\/\/www.plastic-crate.co.uk\/fr\/wp-json\/wp\/v2\/types\/page"}],"author":[{"embeddable":true,"href":"https:\/\/www.plastic-crate.co.uk\/fr\/wp-json\/wp\/v2\/users\/1"}],"replies":[{"embeddable":true,"href":"https:\/\/www.plastic-crate.co.uk\/fr\/wp-json\/wp\/v2\/comments?post=312"}],"version-history":[{"count":37,"href":"https:\/\/www.plastic-crate.co.uk\/fr\/wp-json\/wp\/v2\/pages\/312\/revisions"}],"predecessor-version":[{"id":5900,"href":"https:\/\/www.plastic-crate.co.uk\/fr\/wp-json\/wp\/v2\/pages\/312\/revisions\/5900"}],"wp:attachment":[{"href":"https:\/\/www.plastic-crate.co.uk\/fr\/wp-json\/wp\/v2\/media?parent=312"}],"curies":[{"name":"wp","href":"https:\/\/api.w.org\/{rel}","templated":true}]}}