{"id":2476,"date":"2020-02-25T06:29:58","date_gmt":"2020-02-25T06:29:58","guid":{"rendered":"https:\/\/www.plastic-crate.co.uk\/?page_id=2476"},"modified":"2023-12-13T17:45:42","modified_gmt":"2023-12-13T17:45:42","slug":"contact-us","status":"publish","type":"page","link":"https:\/\/www.plastic-crate.co.uk\/fr\/contact-us\/","title":{"rendered":"Contactez-nous"},"content":{"rendered":"<section class=\"section px-2 py-5 p-sm-4 bg-secondary bg-opacity-25\">\n\t<div class=\"container\">\n\t\t<div class=\"row\">\n\t\t\t<div class=\"col-lg-5\">\n\t\t\t\t<div class=\"d-flex h-100\">\n\t\t\t\t\t<div class=\"\">\n\t\t\t\t\t\t<h1 class=\"my-5\">\u00c9crivez-nous<\/h1>\n\t\t\t\t\t\t<p class=\"mb-5 tx-16 opacity-75\">\n\t\t\t\t\t\t\tEnvoyez-nous un e-mail concernant les produits qui vous int\u00e9ressent, la quantit\u00e9 dont vous avez besoin, veuillez nous donner autant de d\u00e9tails que possible et obtenez le dernier devis !\n\t\t\t\t\t\t<\/p>\n\t\t\t\t\t\t<p class=\"mb-4 tx-16 opacity-75\">Nous vous r\u00e9pondrons dans un d\u00e9lai d&#039;un jour ouvrable. Si vous ne parvenez pas \u00e0 envoyer un e-mail avec succ\u00e8s en utilisant le bon formulaire, vous pouvez nous envoyer un e-mail directement :\n\t\t\t\t\t\t\t<a href=\"mailto:inquiry@joinplastic.com?subject=Inquiry about your plastic crate\">inquiry@joinplastic.com<\/a>\n\t\t\t\t\t\t<\/p>\n\t\t\t\t\t<\/div>\n\t\t\t\t<\/div>\n\t\t\t<\/div>\n\t\t\t<div class=\"col-lg-7 d-flex justify-content-center align-items-center\">\n\t\t\t\t<div class=\"row w-100\">\n\t\t\t\t\t\n<div class=\"wpcf7 no-js\" id=\"wpcf7-f269-o1\" lang=\"en-US\" dir=\"ltr\" data-wpcf7-id=\"269\">\n<div class=\"screen-reader-response\"><p role=\"status\" aria-live=\"polite\" aria-atomic=\"true\"><\/p> <ul><\/ul><\/div>\n<form action=\"\/fr\/wp-json\/wp\/v2\/pages\/2476#wpcf7-f269-o1\" method=\"post\" class=\"wpcf7-form init\" aria-label=\"Formulaire de contact\" novalidate=\"novalidate\" data-status=\"init\" data-trp-original-action=\"\/fr\/wp-json\/wp\/v2\/pages\/2476#wpcf7-f269-o1\">\n<fieldset class=\"hidden-fields-container\"><input type=\"hidden\" name=\"_wpcf7\" value=\"269\" \/><input type=\"hidden\" name=\"_wpcf7_version\" value=\"6.1.5\" \/><input type=\"hidden\" name=\"_wpcf7_locale\" value=\"en_US\" \/><input type=\"hidden\" name=\"_wpcf7_unit_tag\" value=\"wpcf7-f269-o1\" \/><input type=\"hidden\" name=\"_wpcf7_container_post\" value=\"0\" \/><input type=\"hidden\" name=\"_wpcf7_posted_data_hash\" value=\"\" \/>\n<\/fieldset>\n<p><label> Mod\u00e8le de produit<br \/>\n<span class=\"wpcf7-form-control-wrap\" data-name=\"ProductModel\"><input size=\"100\" maxlength=\"400\" class=\"wpcf7-form-control wpcf7-text contact-input\" id=\"ProductModel\" aria-invalid=\"false\" value=\"\" type=\"text\" name=\"ProductModel\" \/><\/span> <\/label>\n<\/p>\n<p><label> Quantit\u00e9<br \/>\n<span class=\"wpcf7-form-control-wrap\" data-name=\"Quantity\"><input size=\"100\" maxlength=\"400\" class=\"wpcf7-form-control wpcf7-text contact-input\" aria-invalid=\"false\" value=\"\" type=\"text\" name=\"Quantity\" \/><\/span> <\/label>\n<\/p>\n<p><label> Votre nom (obligatoire)<br \/>\n<span class=\"wpcf7-form-control-wrap\" data-name=\"your-name\"><input size=\"100\" maxlength=\"400\" class=\"wpcf7-form-control wpcf7-text wpcf7-validates-as-required contact-input\" aria-required=\"true\" aria-invalid=\"false\" value=\"\" type=\"text\" name=\"your-name\" \/><\/span> <\/label>\n<\/p>\n<p><label> Votre e-mail (obligatoire)<br \/>\n<span class=\"wpcf7-form-control-wrap\" data-name=\"your-email\"><input size=\"100\" maxlength=\"400\" class=\"wpcf7-form-control wpcf7-email wpcf7-validates-as-required wpcf7-text wpcf7-validates-as-email contact-input\" aria-required=\"true\" aria-invalid=\"false\" value=\"\" type=\"email\" name=\"your-email\" \/><\/span> <\/label>\n<\/p>\n<p><label> Votre message<br \/>\n<span class=\"wpcf7-form-control-wrap\" data-name=\"your-message\"><textarea cols=\"100\" rows=\"10\" maxlength=\"2000\" class=\"wpcf7-form-control wpcf7-textarea contact-product-detail\" id=\"productDetail\" aria-invalid=\"false\" placeholder=\"Veuillez nous indiquer les d\u00e9tails et la qualit\u00e9 du produit, nous vous contacterons dans les plus brefs d\u00e9lais !\" name=\"your-message\"><\/textarea><\/span> <\/label><br \/>\n<span id=\"wpcf7-6a09c6a675ad3-wrapper\" class=\"wpcf7-form-control-wrap website-wrap\" style=\"display:none !important; visibility:hidden !important;\"><label for=\"wpcf7-6a09c6a675ad3-field\" class=\"hp-message\">Veuillez laisser ce champ vide.<\/label><input id=\"wpcf7-6a09c6a675ad3-field\"  class=\"wpcf7-form-control wpcf7-text\" type=\"text\" name=\"website\" value=\"\" size=\"40\" tabindex=\"-1\" autocomplete=\"new-password\" \/><\/span><br \/>\n<input class=\"wpcf7-form-control wpcf7-submit has-spinner\" type=\"submit\" value=\"Envoyer\" \/><br \/>\n<span class=\"wpcf7-form-control-wrap\" data-name=\"to_email\"><input size=\"40\" maxlength=\"400\" class=\"wpcf7-form-control wpcf7-text hidden\" aria-invalid=\"false\" value=\"inquiry@joinplastic.com\" type=\"text\" name=\"to_email\" \/><\/span><br \/>\n<span class=\"wpcf7-form-control-wrap\" data-name=\"company_name\"><input size=\"40\" maxlength=\"400\" class=\"wpcf7-form-control wpcf7-text hidden\" aria-invalid=\"false\" value=\"joinplastic\" type=\"text\" name=\"company_name\" \/><\/span>\n<\/p><p style=\"display: none !important;\" class=\"akismet-fields-container\" data-prefix=\"_wpcf7_ak_\"><label>\u0394<textarea name=\"_wpcf7_ak_hp_textarea\" cols=\"45\" rows=\"8\" maxlength=\"100\"><\/textarea><\/label><input type=\"hidden\" id=\"ak_js_1\" name=\"_wpcf7_ak_js\" value=\"31\"\/><script>document.getElementById( \"ak_js_1\" ).setAttribute( \"value\", ( new Date() ).getTime() );<\/script><\/p><div class=\"wpcf7-response-output\" aria-hidden=\"true\"><\/div>\n<input type=\"hidden\" name=\"trp-form-language\" value=\"fr\"\/><\/form>\n<\/div>\n\n\t\t\t\t<\/div>\n\t\t\t<\/div>\n\t\t\t\n\t\t<\/div>\n\t<\/div>\n<\/section>\n\n\n\n<div id=\"map\" style=\"width: 100%; height: 300px;\"><\/div>\n<script>\nfunction myMap() {\n  var myCenter = new google.maps.LatLng(31.32036,121.090547);\n  var mapCanvas = document.getElementById(\"map\");\n  var mapOptions = {center: myCenter, zoom: 5};\n  var map = new google.maps.Map(mapCanvas, mapOptions);\n  \n  var marker = new google.maps.Marker({\n    position: myCenter,\n    animation: google.maps.Animation.BOUNCE\n  });\n  marker.setMap(map);\n\n  var infowindow = new google.maps.InfoWindow({\n    content: \"Shanghai Join Plastics Co.,Ltd\"\n  });\n  infowindow.open(map,marker);\n}\n<\/script>\n\n<script defer src=\"https:\/\/maps.googleapis.com\/maps\/api\/js?key=AIzaSyCXrknzTT6LMKF9Kb7L1Cmwgg3P7tqKw1M&amp;callback=myMap\"><\/script>\n\n\n\n<section class=\"section px-2 py-5 p-sm-4 bg-white bg-opacity-25\">\n\t<div class=\"container\">\n\t\t<div class=\"row\">\n\t\t\t<div class=\"col-md-4\">\n\t\t\t\t<div class=\"\">\n\t\t\t\t\t<h4>Horaires d&#039;ouverture<\/h4>\n\t\t\t\t\t<p class=\"mb-0\">Lundi-vendredi : <\/p>\n\t\t\t\t\t<p class=\"mb-3\">9h \u2013 18h (UTC\/GMT +8 heures)<\/p>\n\t\t\t\t\t<p class=\"mb-0\">samedi-dimanche<\/p>\n\t\t\t\t\t<p>R\u00e9pondre \u00e0 votre e-mail depuis chez vous<\/p>\n\t\t\t\t<\/div>\n\t\t\t<\/div>\n\t\t\t<div class=\"col-md-4\">\n\t\t\t\t<div class=\"my-3 my-md-0\">\n\t\t\t\t\t<h4>Appelez-nous<\/h4>\n\t\t\t\t\t<p class=\"\">T\u00e9l\u00e9phone : (+86)13671889020<\/p>\n\t\t\t\t\t<p class=\"\">Fax : 0086-021-59937390 poste 8006<\/p>\n\t\t\t\t\t<p class=\"mb-0\">E-mail:  <a href=\"mailto:inquiry@joinplastic.com?subject=Inquiry about your plastic crate\">inquiry@joinplastic.com<\/a><\/p>\n\t\t\t\t<\/div>\n\t\t\t\t\n\t\t\t<\/div>\n\t\t\t<div class=\"col-md-4\">\n\t\t\t\t<h4>Nos atouts<\/h4>\n\t\t\t\t<p>Prix d&#039;usine avec une haute qualit\u00e9 <\/p>\n\t\t\t\t<p>\u00c9quipe professionnelle OEM et ODM <\/p>\n\t\t\t\t<p>Meilleurs services apr\u00e8s-vente<\/p>\n\t\t\t<\/div>\n\t\t<\/div>\n\t<\/div>\n<\/section>","protected":false},"excerpt":{"rendered":"<p>\u00c9crivez-nous\u00a0! Envoyez-nous un e-mail concernant les produits qui vous int\u00e9ressent, la quantit\u00e9 souhait\u00e9e et fournissez-nous un maximum de d\u00e9tails pour obtenir un devis actualis\u00e9. Nous vous r\u00e9pondrons sous 24\u00a0heures ouvrables. Si vous rencontrez des difficult\u00e9s pour nous envoyer un e-mail via le formulaire, vous pouvez nous recontacter\u2026<\/p>\n<p class=\"read-more\"> <a class=\"\" href=\"https:\/\/www.plastic-crate.co.uk\/fr\/contact-us\/\"> <span class=\"screen-reader-text\">Contactez-nous<\/span> En savoir plus &quot;<\/a><\/p>","protected":false},"author":1,"featured_media":0,"parent":0,"menu_order":0,"comment_status":"closed","ping_status":"closed","template":"","meta":{"_acf_changed":false,"site-sidebar-layout":"no-sidebar","site-content-layout":"default","ast-main-header-display":"","ast-hfb-above-header-display":"","ast-hfb-below-header-display":"","ast-hfb-mobile-header-display":"","site-post-title":"disabled","ast-breadcrumbs-content":"","ast-featured-img":"","footer-sml-layout":"","theme-transparent-header-meta":"","adv-header-id-meta":"","stick-header-meta":"","header-above-stick-meta":"","header-main-stick-meta":"","header-below-stick-meta":"","footnotes":""},"class_list":["post-2476","page","type-page","status-publish","hentry"],"acf":[],"yoast_head":"<!-- This site is optimized with the Yoast SEO plugin v26.9 - https:\/\/yoast.com\/product\/yoast-seo-wordpress\/ -->\n<title>Contact us, Leading plastic crate manufacturer and exporter - Euro crates Manufacturer<\/title>\n<meta name=\"description\" content=\"Join Plastic is a leading plastic crates manufacturer and supplier,our products include folding crates, Round Trip Totes, Pallet Box and Plastic Stacking Crates etc.Please feel free to contact us\" \/>\n<meta name=\"robots\" content=\"index, follow, max-snippet:-1, max-image-preview:large, max-video-preview:-1\" \/>\n<link rel=\"canonical\" href=\"https:\/\/www.plastic-crate.co.uk\/fr\/contact-us\/\" \/>\n<meta property=\"og:locale\" content=\"fr_FR\" \/>\n<meta property=\"og:type\" content=\"article\" \/>\n<meta property=\"og:title\" content=\"Contact us, Leading plastic crate manufacturer and exporter - Euro crates Manufacturer\" \/>\n<meta property=\"og:description\" content=\"Join Plastic is a leading plastic crates manufacturer and supplier,our products include folding crates, Round Trip Totes, Pallet Box and Plastic Stacking Crates etc.Please feel free to contact us\" \/>\n<meta property=\"og:url\" content=\"https:\/\/www.plastic-crate.co.uk\/fr\/contact-us\/\" \/>\n<meta property=\"og:site_name\" content=\"Euro crates Manufacturer\" \/>\n<meta property=\"article:modified_time\" content=\"2023-12-13T17:45:42+00:00\" \/>\n<meta name=\"twitter:card\" content=\"summary_large_image\" \/>\n<script type=\"application\/ld+json\" class=\"yoast-schema-graph\">{\"@context\":\"https:\/\/schema.org\",\"@graph\":[{\"@type\":\"WebPage\",\"@id\":\"https:\/\/www.plastic-crate.co.uk\/contact-us\/\",\"url\":\"https:\/\/www.plastic-crate.co.uk\/contact-us\/\",\"name\":\"Contact us, Leading plastic crate manufacturer and exporter - Euro crates Manufacturer\",\"isPartOf\":{\"@id\":\"https:\/\/www.plastic-crate.co.uk\/#website\"},\"datePublished\":\"2020-02-25T06:29:58+00:00\",\"dateModified\":\"2023-12-13T17:45:42+00:00\",\"description\":\"Join Plastic is a leading plastic crates manufacturer and supplier,our products include folding crates, Round Trip Totes, Pallet Box and Plastic Stacking Crates etc.Please feel free to contact us\",\"inLanguage\":\"fr-FR\",\"potentialAction\":[{\"@type\":\"ReadAction\",\"target\":[\"https:\/\/www.plastic-crate.co.uk\/contact-us\/\"]}]},{\"@type\":\"WebSite\",\"@id\":\"https:\/\/www.plastic-crate.co.uk\/#website\",\"url\":\"https:\/\/www.plastic-crate.co.uk\/\",\"name\":\"Euro crates Manufacturer\",\"description\":\"wholesale Euro containers, plastic euro crates with lids, curo boxes without lids\",\"publisher\":{\"@id\":\"https:\/\/www.plastic-crate.co.uk\/#organization\"},\"potentialAction\":[{\"@type\":\"SearchAction\",\"target\":{\"@type\":\"EntryPoint\",\"urlTemplate\":\"https:\/\/www.plastic-crate.co.uk\/?s={search_term_string}\"},\"query-input\":{\"@type\":\"PropertyValueSpecification\",\"valueRequired\":true,\"valueName\":\"search_term_string\"}}],\"inLanguage\":\"fr-FR\"},{\"@type\":\"Organization\",\"@id\":\"https:\/\/www.plastic-crate.co.uk\/#organization\",\"name\":\"Euro crates Manufacturer\",\"url\":\"https:\/\/www.plastic-crate.co.uk\/\",\"logo\":{\"@type\":\"ImageObject\",\"inLanguage\":\"fr-FR\",\"@id\":\"https:\/\/www.plastic-crate.co.uk\/#\/schema\/logo\/image\/\",\"url\":\"https:\/\/www.plastic-crate.co.uk\/wp-content\/uploads\/2020\/10\/cropped-logo.png\",\"contentUrl\":\"https:\/\/www.plastic-crate.co.uk\/wp-content\/uploads\/2020\/10\/cropped-logo.png\",\"width\":300,\"height\":66,\"caption\":\"Euro crates Manufacturer\"},\"image\":{\"@id\":\"https:\/\/www.plastic-crate.co.uk\/#\/schema\/logo\/image\/\"}}]}<\/script>\n<!-- \/ Yoast SEO plugin. -->","yoast_head_json":{"title":"Contactez-nous, fabricant et exportateur leader de caisses en plastique - Fabricant de caisses Euro","description":"Join Plastic est un fabricant et fournisseur leader de caisses en plastique. Nos produits comprennent des caisses pliantes, des bacs aller-retour, des caisses-palettes et des caisses empilables en plastique, etc. N&#039;h\u00e9sitez pas \u00e0 nous contacter.","robots":{"index":"index","follow":"follow","max-snippet":"max-snippet:-1","max-image-preview":"max-image-preview:large","max-video-preview":"max-video-preview:-1"},"canonical":"https:\/\/www.plastic-crate.co.uk\/fr\/contact-us\/","og_locale":"fr_FR","og_type":"article","og_title":"Contact us, Leading plastic crate manufacturer and exporter - Euro crates Manufacturer","og_description":"Join Plastic is a leading plastic crates manufacturer and supplier,our products include folding crates, Round Trip Totes, Pallet Box and Plastic Stacking Crates etc.Please feel free to contact us","og_url":"https:\/\/www.plastic-crate.co.uk\/fr\/contact-us\/","og_site_name":"Euro crates Manufacturer","article_modified_time":"2023-12-13T17:45:42+00:00","twitter_card":"summary_large_image","schema":{"@context":"https:\/\/schema.org","@graph":[{"@type":"WebPage","@id":"https:\/\/www.plastic-crate.co.uk\/contact-us\/","url":"https:\/\/www.plastic-crate.co.uk\/contact-us\/","name":"Contactez-nous, fabricant et exportateur leader de caisses en plastique - Fabricant de caisses Euro","isPartOf":{"@id":"https:\/\/www.plastic-crate.co.uk\/#website"},"datePublished":"2020-02-25T06:29:58+00:00","dateModified":"2023-12-13T17:45:42+00:00","description":"Join Plastic est un fabricant et fournisseur leader de caisses en plastique. Nos produits comprennent des caisses pliantes, des bacs aller-retour, des caisses-palettes et des caisses empilables en plastique, etc. N&#039;h\u00e9sitez pas \u00e0 nous contacter.","inLanguage":"fr-FR","potentialAction":[{"@type":"ReadAction","target":["https:\/\/www.plastic-crate.co.uk\/contact-us\/"]}]},{"@type":"WebSite","@id":"https:\/\/www.plastic-crate.co.uk\/#website","url":"https:\/\/www.plastic-crate.co.uk\/","name":"Fabricant de caisses Euro","description":"Conteneurs Euro en gros, caisses Euro en plastique avec couvercles, bo\u00eetes Curo sans couvercles","publisher":{"@id":"https:\/\/www.plastic-crate.co.uk\/#organization"},"potentialAction":[{"@type":"SearchAction","target":{"@type":"EntryPoint","urlTemplate":"https:\/\/www.plastic-crate.co.uk\/?s={search_term_string}"},"query-input":{"@type":"PropertyValueSpecification","valueRequired":true,"valueName":"search_term_string"}}],"inLanguage":"fr-FR"},{"@type":"Organization","@id":"https:\/\/www.plastic-crate.co.uk\/#organization","name":"Fabricant de caisses Euro","url":"https:\/\/www.plastic-crate.co.uk\/","logo":{"@type":"ImageObject","inLanguage":"fr-FR","@id":"https:\/\/www.plastic-crate.co.uk\/#\/schema\/logo\/image\/","url":"https:\/\/www.plastic-crate.co.uk\/wp-content\/uploads\/2020\/10\/cropped-logo.png","contentUrl":"https:\/\/www.plastic-crate.co.uk\/wp-content\/uploads\/2020\/10\/cropped-logo.png","width":300,"height":66,"caption":"Euro crates Manufacturer"},"image":{"@id":"https:\/\/www.plastic-crate.co.uk\/#\/schema\/logo\/image\/"}}]}},"_links":{"self":[{"href":"https:\/\/www.plastic-crate.co.uk\/fr\/wp-json\/wp\/v2\/pages\/2476","targetHints":{"allow":["GET"]}}],"collection":[{"href":"https:\/\/www.plastic-crate.co.uk\/fr\/wp-json\/wp\/v2\/pages"}],"about":[{"href":"https:\/\/www.plastic-crate.co.uk\/fr\/wp-json\/wp\/v2\/types\/page"}],"author":[{"embeddable":true,"href":"https:\/\/www.plastic-crate.co.uk\/fr\/wp-json\/wp\/v2\/users\/1"}],"replies":[{"embeddable":true,"href":"https:\/\/www.plastic-crate.co.uk\/fr\/wp-json\/wp\/v2\/comments?post=2476"}],"version-history":[{"count":26,"href":"https:\/\/www.plastic-crate.co.uk\/fr\/wp-json\/wp\/v2\/pages\/2476\/revisions"}],"predecessor-version":[{"id":5887,"href":"https:\/\/www.plastic-crate.co.uk\/fr\/wp-json\/wp\/v2\/pages\/2476\/revisions\/5887"}],"wp:attachment":[{"href":"https:\/\/www.plastic-crate.co.uk\/fr\/wp-json\/wp\/v2\/media?parent=2476"}],"curies":[{"name":"wp","href":"https:\/\/api.w.org\/{rel}","templated":true}]}}