{"id":6465,"date":"2025-09-18T23:59:28","date_gmt":"2025-09-18T23:59:28","guid":{"rendered":"https:\/\/www.plastic-crate.co.uk\/product\/checkpoint-screening-bin\/"},"modified":"2025-09-19T00:09:56","modified_gmt":"2025-09-19T00:09:56","slug":"checkpoint-screening-bin","status":"publish","type":"product","link":"https:\/\/www.plastic-crate.co.uk\/de\/produkt\/checkpoint-screening-bin\/","title":{"rendered":"Checkpoint-Kontrollbeh\u00e4lter"},"content":{"rendered":"<p>Steigern Sie die Effizienz Ihrer Sicherheitskontrollen mit unserem hochwertigen Checkpoint-Kontrollbeh\u00e4lter. Er ist f\u00fcr gewerbliche Anwendungen konzipiert und wird in gro\u00dfen Mengen an Unternehmen verschiedener Branchen verkauft. Jeder Beh\u00e4lter misst 600 mm x 400 mm x 120 mm und bietet eine ger\u00e4umige und langlebige L\u00f6sung f\u00fcr schnelle und geordnete Kontrollen an Flugh\u00e4fen, Transitstationen und bei Veranstaltungen.<\/p>\n<p>Hauptmerkmale:<\/p>\n<p>Robuste Konstruktion: Unsere aus hochwertigem Kunststoff gefertigten Beh\u00e4lter sind so konzipiert, dass sie h\u00e4ufigem Gebrauch standhalten und gleichzeitig ihre Integrit\u00e4t bewahren, was eine lang anhaltende Leistung gew\u00e4hrleistet.<\/p>\n<p>Optimiertes Design: Die gro\u00dfz\u00fcgigen Abmessungen erm\u00f6glichen die Kontrolle einer Vielzahl von Gegenst\u00e4nden, von pers\u00f6nlichen Gegenst\u00e4nden bis hin zu elektronischen Ger\u00e4ten. Dies vereinfacht den Sicherheitsvorgang und verk\u00fcrzt die Wartezeiten.<\/p>\n<p>Stapelbar f\u00fcr mehr Effizienz: Diese Beh\u00e4lter sind stapelbar und erm\u00f6glichen so eine bequeme Lagerung, wenn sie nicht verwendet werden. Diese Funktion minimiert den Platzbedarf und verbessert den Betriebsablauf.<\/p>\n<p>Leicht zu reinigen: Glatte Oberfl\u00e4chen sorgen f\u00fcr eine einfache Wartung und hygienische Bedingungen, die in stark frequentierten Umgebungen von entscheidender Bedeutung sind.<\/p>\n<p>Anpassbare Optionen: In gro\u00dfen Mengen verf\u00fcgbar, mit Optionen f\u00fcr Branding oder Anpassung, um der visuellen Identit\u00e4t Ihres Unternehmens zu entsprechen oder die Identifizierung zu erleichtern.<\/p>\n<p>Ideal f\u00fcr:<\/p>\n<p>Flugh\u00e4fen und Fluggesellschaften<br \/>\nKongresszentren<br \/>\nSicherheitskontrollpunkte<br \/>\nAlle stark frequentierten Veranstaltungsorte, die effektive Screening-L\u00f6sungen ben\u00f6tigen.<br \/>\nVorteile von Gro\u00dfeink\u00e4ufen:<\/p>\n<p>Wettbewerbsf\u00e4hige Preise f\u00fcr Gro\u00dfbestellungen<br \/>\nFlexible Zahlungs- und Lieferoptionen<br \/>\nAu\u00dfergew\u00f6hnlicher Kundenservice, der Sie bei Ihren individuellen Bed\u00fcrfnissen unterst\u00fctzt<br \/>\nVerbessern Sie Ihre Sicherheitsma\u00dfnahmen mit unserem Checkpoint Screening Bin \u2013 eine intelligente Investition f\u00fcr effektives Crowd Management und mehr Sicherheit. Kontaktieren Sie uns noch heute f\u00fcr Gro\u00dfbestellungen und steigen Sie auf Zuverl\u00e4ssigkeit um!<\/p>","protected":false},"excerpt":{"rendered":"<p>Steigern Sie Ihre Sicherheitskontrolleffizienz mit unserem hochwertigen Checkpoint-Kontrollbeh\u00e4lter. Er ist f\u00fcr gewerbliche Anwendungen konzipiert und wird in gro\u00dfen Mengen an Unternehmen verschiedener Branchen verkauft. Jeder Beh\u00e4lter misst 600 mm x 400 mm x 120 mm und bietet eine ger\u00e4umige und langlebige L\u00f6sung f\u00fcr schnelle und geordnete Kontrollen an Flugh\u00e4fen, Transitstationen und bei Veranstaltungen. Hauptmerkmale: Robuste Konstruktion: Hergestellt aus \u2026<\/p>\n<p class=\"read-more\"> <a class=\"\" href=\"https:\/\/www.plastic-crate.co.uk\/de\/produkt\/checkpoint-screening-bin\/\"> <span class=\"screen-reader-text\">Checkpoint-Kontrollbeh\u00e4lter<\/span> Mehr lesen &quot;<\/a><\/p>","protected":false},"featured_media":6460,"template":"","meta":{"_acf_changed":false,"site-sidebar-layout":"default","site-content-layout":"default","ast-main-header-display":"","ast-hfb-above-header-display":"","ast-hfb-below-header-display":"","ast-hfb-mobile-header-display":"","site-post-title":"","ast-breadcrumbs-content":"","ast-featured-img":"","footer-sml-layout":"","theme-transparent-header-meta":"","adv-header-id-meta":"","stick-header-meta":"","header-above-stick-meta":"","header-main-stick-meta":"","header-below-stick-meta":""},"product_brand":[],"product_cat":[84],"product_tag":[99],"class_list":{"0":"post-6465","1":"product","2":"type-product","3":"status-publish","4":"has-post-thumbnail","6":"product_cat-plastic-trays","7":"product_tag-airport-bins","9":"first","10":"instock","11":"shipping-taxable","12":"product-type-simple"},"acf":[],"yoast_head":"<!-- This site is optimized with the Yoast SEO plugin v26.9 - https:\/\/yoast.com\/product\/yoast-seo-wordpress\/ -->\n<title>Checkpoint screening bin - Euro crates Manufacturer<\/title>\n<meta name=\"robots\" content=\"index, follow, max-snippet:-1, max-image-preview:large, max-video-preview:-1\" \/>\n<link rel=\"canonical\" href=\"https:\/\/www.plastic-crate.co.uk\/de\/produkt\/checkpoint-screening-bin\/\" \/>\n<meta property=\"og:locale\" content=\"de_DE\" \/>\n<meta property=\"og:type\" content=\"article\" \/>\n<meta property=\"og:title\" content=\"Checkpoint screening bin - Euro crates Manufacturer\" \/>\n<meta property=\"og:description\" content=\"Elevate your security screening efficiency with our premium Checkpoint Screening Bin, designed for commercial applications and sold in bulk for businesses in various sectors. Each bin measures 600mm x 400mm x 120mm, providing a spacious and durable solution for quick and organized screening at airports, transit stations, and events. Key Features: Robust Construction: Crafted from &hellip; Checkpoint screening bin Read More &raquo;\" \/>\n<meta property=\"og:url\" content=\"https:\/\/www.plastic-crate.co.uk\/de\/produkt\/checkpoint-screening-bin\/\" \/>\n<meta property=\"og:site_name\" content=\"Euro crates Manufacturer\" \/>\n<meta property=\"article:modified_time\" content=\"2025-09-19T00:09:56+00:00\" \/>\n<meta property=\"og:image\" content=\"https:\/\/www.plastic-crate.co.uk\/wp-content\/uploads\/2025\/09\/checkpoint-screening-bin-1.jpg\" \/>\n\t<meta property=\"og:image:width\" content=\"2000\" \/>\n\t<meta property=\"og:image:height\" content=\"2000\" \/>\n\t<meta property=\"og:image:type\" content=\"image\/jpeg\" \/>\n<meta name=\"twitter:card\" content=\"summary_large_image\" \/>\n<meta name=\"twitter:label1\" content=\"Est. reading time\" \/>\n\t<meta name=\"twitter:data1\" content=\"1\u00a0Minute\" \/>\n<script type=\"application\/ld+json\" class=\"yoast-schema-graph\">{\"@context\":\"https:\/\/schema.org\",\"@graph\":[{\"@type\":\"WebPage\",\"@id\":\"https:\/\/www.plastic-crate.co.uk\/product\/checkpoint-screening-bin\/\",\"url\":\"https:\/\/www.plastic-crate.co.uk\/product\/checkpoint-screening-bin\/\",\"name\":\"Checkpoint screening bin - Euro crates Manufacturer\",\"isPartOf\":{\"@id\":\"https:\/\/www.plastic-crate.co.uk\/#website\"},\"primaryImageOfPage\":{\"@id\":\"https:\/\/www.plastic-crate.co.uk\/product\/checkpoint-screening-bin\/#primaryimage\"},\"image\":{\"@id\":\"https:\/\/www.plastic-crate.co.uk\/product\/checkpoint-screening-bin\/#primaryimage\"},\"thumbnailUrl\":\"https:\/\/www.plastic-crate.co.uk\/wp-content\/uploads\/2025\/09\/checkpoint-screening-bin-1.jpg\",\"datePublished\":\"2025-09-18T23:59:28+00:00\",\"dateModified\":\"2025-09-19T00:09:56+00:00\",\"breadcrumb\":{\"@id\":\"https:\/\/www.plastic-crate.co.uk\/product\/checkpoint-screening-bin\/#breadcrumb\"},\"inLanguage\":\"de\",\"potentialAction\":[{\"@type\":\"ReadAction\",\"target\":[\"https:\/\/www.plastic-crate.co.uk\/product\/checkpoint-screening-bin\/\"]}]},{\"@type\":\"ImageObject\",\"inLanguage\":\"de\",\"@id\":\"https:\/\/www.plastic-crate.co.uk\/product\/checkpoint-screening-bin\/#primaryimage\",\"url\":\"https:\/\/www.plastic-crate.co.uk\/wp-content\/uploads\/2025\/09\/checkpoint-screening-bin-1.jpg\",\"contentUrl\":\"https:\/\/www.plastic-crate.co.uk\/wp-content\/uploads\/2025\/09\/checkpoint-screening-bin-1.jpg\",\"width\":2000,\"height\":2000,\"caption\":\"checkpoint screening bin\"},{\"@type\":\"BreadcrumbList\",\"@id\":\"https:\/\/www.plastic-crate.co.uk\/product\/checkpoint-screening-bin\/#breadcrumb\",\"itemListElement\":[{\"@type\":\"ListItem\",\"position\":1,\"name\":\"Shop\",\"item\":\"https:\/\/www.plastic-crate.co.uk\/shop\/\"},{\"@type\":\"ListItem\",\"position\":2,\"name\":\"Checkpoint screening bin\"}]},{\"@type\":\"WebSite\",\"@id\":\"https:\/\/www.plastic-crate.co.uk\/#website\",\"url\":\"https:\/\/www.plastic-crate.co.uk\/\",\"name\":\"Euro crates Manufacturer\",\"description\":\"wholesale Euro containers, plastic euro crates with lids, curo boxes without lids\",\"publisher\":{\"@id\":\"https:\/\/www.plastic-crate.co.uk\/#organization\"},\"potentialAction\":[{\"@type\":\"SearchAction\",\"target\":{\"@type\":\"EntryPoint\",\"urlTemplate\":\"https:\/\/www.plastic-crate.co.uk\/?s={search_term_string}\"},\"query-input\":{\"@type\":\"PropertyValueSpecification\",\"valueRequired\":true,\"valueName\":\"search_term_string\"}}],\"inLanguage\":\"de\"},{\"@type\":\"Organization\",\"@id\":\"https:\/\/www.plastic-crate.co.uk\/#organization\",\"name\":\"Euro crates Manufacturer\",\"url\":\"https:\/\/www.plastic-crate.co.uk\/\",\"logo\":{\"@type\":\"ImageObject\",\"inLanguage\":\"de\",\"@id\":\"https:\/\/www.plastic-crate.co.uk\/#\/schema\/logo\/image\/\",\"url\":\"https:\/\/www.plastic-crate.co.uk\/wp-content\/uploads\/2020\/10\/cropped-logo.png\",\"contentUrl\":\"https:\/\/www.plastic-crate.co.uk\/wp-content\/uploads\/2020\/10\/cropped-logo.png\",\"width\":300,\"height\":66,\"caption\":\"Euro crates Manufacturer\"},\"image\":{\"@id\":\"https:\/\/www.plastic-crate.co.uk\/#\/schema\/logo\/image\/\"}}]}<\/script>\n<!-- \/ Yoast SEO plugin. -->","yoast_head_json":{"title":"Checkpoint-Siebbeh\u00e4lter - Hersteller von Eurokisten","robots":{"index":"index","follow":"follow","max-snippet":"max-snippet:-1","max-image-preview":"max-image-preview:large","max-video-preview":"max-video-preview:-1"},"canonical":"https:\/\/www.plastic-crate.co.uk\/de\/produkt\/checkpoint-screening-bin\/","og_locale":"de_DE","og_type":"article","og_title":"Checkpoint screening bin - Euro crates Manufacturer","og_description":"Elevate your security screening efficiency with our premium Checkpoint Screening Bin, designed for commercial applications and sold in bulk for businesses in various sectors. Each bin measures 600mm x 400mm x 120mm, providing a spacious and durable solution for quick and organized screening at airports, transit stations, and events. Key Features: Robust Construction: Crafted from &hellip; Checkpoint screening bin Read More &raquo;","og_url":"https:\/\/www.plastic-crate.co.uk\/de\/produkt\/checkpoint-screening-bin\/","og_site_name":"Euro crates Manufacturer","article_modified_time":"2025-09-19T00:09:56+00:00","og_image":[{"width":2000,"height":2000,"url":"https:\/\/www.plastic-crate.co.uk\/wp-content\/uploads\/2025\/09\/checkpoint-screening-bin-1.jpg","type":"image\/jpeg"}],"twitter_card":"summary_large_image","twitter_misc":{"Est. reading time":"1\u00a0Minute"},"schema":{"@context":"https:\/\/schema.org","@graph":[{"@type":"WebPage","@id":"https:\/\/www.plastic-crate.co.uk\/product\/checkpoint-screening-bin\/","url":"https:\/\/www.plastic-crate.co.uk\/product\/checkpoint-screening-bin\/","name":"Checkpoint-Siebbeh\u00e4lter - Hersteller von Eurokisten","isPartOf":{"@id":"https:\/\/www.plastic-crate.co.uk\/#website"},"primaryImageOfPage":{"@id":"https:\/\/www.plastic-crate.co.uk\/product\/checkpoint-screening-bin\/#primaryimage"},"image":{"@id":"https:\/\/www.plastic-crate.co.uk\/product\/checkpoint-screening-bin\/#primaryimage"},"thumbnailUrl":"https:\/\/www.plastic-crate.co.uk\/wp-content\/uploads\/2025\/09\/checkpoint-screening-bin-1.jpg","datePublished":"2025-09-18T23:59:28+00:00","dateModified":"2025-09-19T00:09:56+00:00","breadcrumb":{"@id":"https:\/\/www.plastic-crate.co.uk\/product\/checkpoint-screening-bin\/#breadcrumb"},"inLanguage":"de","potentialAction":[{"@type":"ReadAction","target":["https:\/\/www.plastic-crate.co.uk\/product\/checkpoint-screening-bin\/"]}]},{"@type":"ImageObject","inLanguage":"de","@id":"https:\/\/www.plastic-crate.co.uk\/product\/checkpoint-screening-bin\/#primaryimage","url":"https:\/\/www.plastic-crate.co.uk\/wp-content\/uploads\/2025\/09\/checkpoint-screening-bin-1.jpg","contentUrl":"https:\/\/www.plastic-crate.co.uk\/wp-content\/uploads\/2025\/09\/checkpoint-screening-bin-1.jpg","width":2000,"height":2000,"caption":"checkpoint screening bin"},{"@type":"BreadcrumbList","@id":"https:\/\/www.plastic-crate.co.uk\/product\/checkpoint-screening-bin\/#breadcrumb","itemListElement":[{"@type":"ListItem","position":1,"name":"Shop","item":"https:\/\/www.plastic-crate.co.uk\/shop\/"},{"@type":"ListItem","position":2,"name":"Checkpoint screening bin"}]},{"@type":"WebSite","@id":"https:\/\/www.plastic-crate.co.uk\/#website","url":"https:\/\/www.plastic-crate.co.uk\/","name":"Eurokisten Hersteller","description":"Eurobeh\u00e4lter im Gro\u00dfhandel, Eurokisten aus Kunststoff mit Deckel, Curo-Boxen ohne Deckel","publisher":{"@id":"https:\/\/www.plastic-crate.co.uk\/#organization"},"potentialAction":[{"@type":"SearchAction","target":{"@type":"EntryPoint","urlTemplate":"https:\/\/www.plastic-crate.co.uk\/?s={search_term_string}"},"query-input":{"@type":"PropertyValueSpecification","valueRequired":true,"valueName":"search_term_string"}}],"inLanguage":"de"},{"@type":"Organization","@id":"https:\/\/www.plastic-crate.co.uk\/#organization","name":"Eurokisten Hersteller","url":"https:\/\/www.plastic-crate.co.uk\/","logo":{"@type":"ImageObject","inLanguage":"de","@id":"https:\/\/www.plastic-crate.co.uk\/#\/schema\/logo\/image\/","url":"https:\/\/www.plastic-crate.co.uk\/wp-content\/uploads\/2020\/10\/cropped-logo.png","contentUrl":"https:\/\/www.plastic-crate.co.uk\/wp-content\/uploads\/2020\/10\/cropped-logo.png","width":300,"height":66,"caption":"Euro crates Manufacturer"},"image":{"@id":"https:\/\/www.plastic-crate.co.uk\/#\/schema\/logo\/image\/"}}]}},"_links":{"self":[{"href":"https:\/\/www.plastic-crate.co.uk\/de\/wp-json\/wp\/v2\/product\/6465","targetHints":{"allow":["GET"]}}],"collection":[{"href":"https:\/\/www.plastic-crate.co.uk\/de\/wp-json\/wp\/v2\/product"}],"about":[{"href":"https:\/\/www.plastic-crate.co.uk\/de\/wp-json\/wp\/v2\/types\/product"}],"wp:featuredmedia":[{"embeddable":true,"href":"https:\/\/www.plastic-crate.co.uk\/de\/wp-json\/wp\/v2\/media\/6460"}],"wp:attachment":[{"href":"https:\/\/www.plastic-crate.co.uk\/de\/wp-json\/wp\/v2\/media?parent=6465"}],"wp:term":[{"taxonomy":"product_brand","embeddable":true,"href":"https:\/\/www.plastic-crate.co.uk\/de\/wp-json\/wp\/v2\/product_brand?post=6465"},{"taxonomy":"product_cat","embeddable":true,"href":"https:\/\/www.plastic-crate.co.uk\/de\/wp-json\/wp\/v2\/product_cat?post=6465"},{"taxonomy":"product_tag","embeddable":true,"href":"https:\/\/www.plastic-crate.co.uk\/de\/wp-json\/wp\/v2\/product_tag?post=6465"}],"curies":[{"name":"wp","href":"https:\/\/api.w.org\/{rel}","templated":true}]}}