{"id":6453,"date":"2025-09-18T23:49:26","date_gmt":"2025-09-18T23:49:26","guid":{"rendered":"https:\/\/www.plastic-crate.co.uk\/product\/airport-bins-airport-security-bins\/"},"modified":"2025-09-19T00:10:14","modified_gmt":"2025-09-19T00:10:14","slug":"airport-bins-airport-security-bins","status":"publish","type":"product","link":"https:\/\/www.plastic-crate.co.uk\/de\/produkt\/airport-bins-airport-security-bins\/","title":{"rendered":"Flughafenbeh\u00e4lter, Flughafensicherheitsbeh\u00e4lter"},"content":{"rendered":"<p>Optimieren Sie Ihre Sicherheitskontrollen am Flughafen mit unseren hochwertigen Sicherheitsbeh\u00e4ltern, die speziell f\u00fcr Effizienz und Komfort entwickelt wurden. Jeder Beh\u00e4lter ist 565 mm lang, 430 mm breit und 102 mm hoch. Damit bietet er ausreichend Platz f\u00fcr verschiedene pers\u00f6nliche Gegenst\u00e4nde und f\u00fcgt sich dank seines kompakten Designs nahtlos in bestehende Kontrollsysteme ein.<\/p>\n<p>Hauptmerkmale:<br \/>\nRobustes Design: Unsere Beh\u00e4lter bestehen aus langlebigem, schlagfestem Kunststoff und halten den Belastungen h\u00e4ufiger Handhabung stand. So gew\u00e4hrleisten sie Langlebigkeit und Kosteneffizienz f\u00fcr die Sicherheitsanforderungen Ihres Flughafens.<\/p>\n<p>Stilvoll und funktional: Die Beh\u00e4lter verf\u00fcgen \u00fcber klare grafische Markierungen, die den Passagieren die richtige Platzierung der Gegenst\u00e4nde erkl\u00e4ren, was den Screening-Prozess vereinfacht und die Wartezeiten verk\u00fcrzt.<\/p>\n<p>Einfache Handhabung: Integrierte Seitengriffe erleichtern den Transport und erm\u00f6glichen dem Sicherheitspersonal, die Beh\u00e4lter bei Bedarf w\u00e4hrend der Sto\u00dfzeiten schnell zu bewegen.<\/p>\n<p>Stapelbares Design: Sparen Sie wertvollen Platz, wenn die Beh\u00e4lter nicht verwendet werden. Unser stapelbares Design erm\u00f6glicht eine effiziente und unkomplizierte Lagerung und einen einfachen Zugriff bei Bedarf.<\/p>\n<p>Mengenrabatte: Wir bieten wettbewerbsf\u00e4hige Preise f\u00fcr Gro\u00dfbestellungen und sind daher eine wirtschaftliche Wahl f\u00fcr Flugh\u00e4fen, die ihre Sicherheitsausr\u00fcstung aufr\u00fcsten oder erneuern m\u00f6chten.<\/p>\n<p>Vorteile f\u00fcr Ihren Flughafen:<br \/>\nVerbesserte Effizienz: Mit unseren speziell entwickelten Beh\u00e4ltern k\u00f6nnen Sie die Abfertigungszeiten der Passagiere minimieren und den Betriebsablauf an den Sicherheitskontrollpunkten verbessern.<\/p>\n<p>Verbessertes Passagiererlebnis: Durch die Aufrechterhaltung eines reibungslosen und effizienten Screening-Prozesses steigern Sie die Kundenzufriedenheit und f\u00f6rdern ein positives Reiseerlebnis.<\/p>\n<p>Benutzerdefinierte Branding-Optionen: Bei gr\u00f6\u00dferen Bestellungen bieten wir auch Anpassungsoptionen an, um das Branding Ihres Flughafens einzubeziehen und so Ihre betriebliche Identit\u00e4t weiter zu verbessern.<\/p>\n<p>Verbessern Sie Ihre Flughafensicherheit mit unseren zuverl\u00e4ssigen und effizienten Sicherheitsbeh\u00e4ltern. Kontaktieren Sie uns noch heute f\u00fcr ein Angebot und erfahren Sie, wie wir die Sicherheit Ihres Flughafens erh\u00f6hen und gleichzeitig den Reisenden ein hervorragendes Erlebnis bieten k\u00f6nnen!<\/p>","protected":false},"excerpt":{"rendered":"<p>Optimieren Sie Ihre Sicherheitskontrollen mit unseren hochwertigen Sicherheitsbeh\u00e4ltern, die speziell f\u00fcr Effizienz und Komfort entwickelt wurden. Jeder Beh\u00e4lter ist 565 mm lang, 430 mm breit und 102 mm hoch und bietet somit ausreichend Platz f\u00fcr verschiedene pers\u00f6nliche Gegenst\u00e4nde. Gleichzeitig ist er kompakt und passt sich nahtlos in bestehende Kontrollsysteme ein. Hauptmerkmale: Robust \u2026<\/p>\n<p class=\"read-more\"> <a class=\"\" href=\"https:\/\/www.plastic-crate.co.uk\/de\/produkt\/airport-bins-airport-security-bins\/\"> <span class=\"screen-reader-text\">Flughafenbeh\u00e4lter, Flughafensicherheitsbeh\u00e4lter<\/span> Mehr lesen &quot;<\/a><\/p>","protected":false},"featured_media":6448,"template":"","meta":{"_acf_changed":false,"site-sidebar-layout":"default","site-content-layout":"default","ast-main-header-display":"","ast-hfb-above-header-display":"","ast-hfb-below-header-display":"","ast-hfb-mobile-header-display":"","site-post-title":"","ast-breadcrumbs-content":"","ast-featured-img":"","footer-sml-layout":"","theme-transparent-header-meta":"","adv-header-id-meta":"","stick-header-meta":"","header-above-stick-meta":"","header-main-stick-meta":"","header-below-stick-meta":""},"product_brand":[],"product_cat":[84],"product_tag":[99],"class_list":{"0":"post-6453","1":"product","2":"type-product","3":"status-publish","4":"has-post-thumbnail","6":"product_cat-plastic-trays","7":"product_tag-airport-bins","9":"first","10":"instock","11":"shipping-taxable","12":"product-type-simple"},"acf":[],"yoast_head":"<!-- This site is optimized with the Yoast SEO plugin v26.9 - https:\/\/yoast.com\/product\/yoast-seo-wordpress\/ -->\n<title>Airport bins, airport security bins - Euro crates Manufacturer<\/title>\n<meta name=\"robots\" content=\"index, follow, max-snippet:-1, max-image-preview:large, max-video-preview:-1\" \/>\n<link rel=\"canonical\" href=\"https:\/\/www.plastic-crate.co.uk\/de\/produkt\/airport-bins-airport-security-bins\/\" \/>\n<meta property=\"og:locale\" content=\"de_DE\" \/>\n<meta property=\"og:type\" content=\"article\" \/>\n<meta property=\"og:title\" content=\"Airport bins, airport security bins - Euro crates Manufacturer\" \/>\n<meta property=\"og:description\" content=\"Optimize your airport security screening operations with our high-quality airport security bins, designed specifically for efficiency and convenience. Each bin measures 565mm in length, 430mm in width, and 102mm in height, making it spacious enough to accommodate various personal items while maintaining a compact design that fits seamlessly into existing screening systems. Key Features: Robust &hellip; Airport bins, airport security bins Read More &raquo;\" \/>\n<meta property=\"og:url\" content=\"https:\/\/www.plastic-crate.co.uk\/de\/produkt\/airport-bins-airport-security-bins\/\" \/>\n<meta property=\"og:site_name\" content=\"Euro crates Manufacturer\" \/>\n<meta property=\"article:modified_time\" content=\"2025-09-19T00:10:14+00:00\" \/>\n<meta property=\"og:image\" content=\"https:\/\/www.plastic-crate.co.uk\/wp-content\/uploads\/2025\/09\/airport-security-bins-1.jpg\" \/>\n\t<meta property=\"og:image:width\" content=\"2000\" \/>\n\t<meta property=\"og:image:height\" content=\"2000\" \/>\n\t<meta property=\"og:image:type\" content=\"image\/jpeg\" \/>\n<meta name=\"twitter:card\" content=\"summary_large_image\" \/>\n<meta name=\"twitter:label1\" content=\"Est. reading time\" \/>\n\t<meta name=\"twitter:data1\" content=\"1\u00a0Minute\" \/>\n<script type=\"application\/ld+json\" class=\"yoast-schema-graph\">{\"@context\":\"https:\/\/schema.org\",\"@graph\":[{\"@type\":\"WebPage\",\"@id\":\"https:\/\/www.plastic-crate.co.uk\/product\/airport-bins-airport-security-bins\/\",\"url\":\"https:\/\/www.plastic-crate.co.uk\/product\/airport-bins-airport-security-bins\/\",\"name\":\"Airport bins, airport security bins - Euro crates Manufacturer\",\"isPartOf\":{\"@id\":\"https:\/\/www.plastic-crate.co.uk\/#website\"},\"primaryImageOfPage\":{\"@id\":\"https:\/\/www.plastic-crate.co.uk\/product\/airport-bins-airport-security-bins\/#primaryimage\"},\"image\":{\"@id\":\"https:\/\/www.plastic-crate.co.uk\/product\/airport-bins-airport-security-bins\/#primaryimage\"},\"thumbnailUrl\":\"https:\/\/www.plastic-crate.co.uk\/wp-content\/uploads\/2025\/09\/airport-security-bins-1.jpg\",\"datePublished\":\"2025-09-18T23:49:26+00:00\",\"dateModified\":\"2025-09-19T00:10:14+00:00\",\"breadcrumb\":{\"@id\":\"https:\/\/www.plastic-crate.co.uk\/product\/airport-bins-airport-security-bins\/#breadcrumb\"},\"inLanguage\":\"de\",\"potentialAction\":[{\"@type\":\"ReadAction\",\"target\":[\"https:\/\/www.plastic-crate.co.uk\/product\/airport-bins-airport-security-bins\/\"]}]},{\"@type\":\"ImageObject\",\"inLanguage\":\"de\",\"@id\":\"https:\/\/www.plastic-crate.co.uk\/product\/airport-bins-airport-security-bins\/#primaryimage\",\"url\":\"https:\/\/www.plastic-crate.co.uk\/wp-content\/uploads\/2025\/09\/airport-security-bins-1.jpg\",\"contentUrl\":\"https:\/\/www.plastic-crate.co.uk\/wp-content\/uploads\/2025\/09\/airport-security-bins-1.jpg\",\"width\":2000,\"height\":2000,\"caption\":\"airport security bins\"},{\"@type\":\"BreadcrumbList\",\"@id\":\"https:\/\/www.plastic-crate.co.uk\/product\/airport-bins-airport-security-bins\/#breadcrumb\",\"itemListElement\":[{\"@type\":\"ListItem\",\"position\":1,\"name\":\"Shop\",\"item\":\"https:\/\/www.plastic-crate.co.uk\/shop\/\"},{\"@type\":\"ListItem\",\"position\":2,\"name\":\"Airport bins, airport security bins\"}]},{\"@type\":\"WebSite\",\"@id\":\"https:\/\/www.plastic-crate.co.uk\/#website\",\"url\":\"https:\/\/www.plastic-crate.co.uk\/\",\"name\":\"Euro crates Manufacturer\",\"description\":\"wholesale Euro containers, plastic euro crates with lids, curo boxes without lids\",\"publisher\":{\"@id\":\"https:\/\/www.plastic-crate.co.uk\/#organization\"},\"potentialAction\":[{\"@type\":\"SearchAction\",\"target\":{\"@type\":\"EntryPoint\",\"urlTemplate\":\"https:\/\/www.plastic-crate.co.uk\/?s={search_term_string}\"},\"query-input\":{\"@type\":\"PropertyValueSpecification\",\"valueRequired\":true,\"valueName\":\"search_term_string\"}}],\"inLanguage\":\"de\"},{\"@type\":\"Organization\",\"@id\":\"https:\/\/www.plastic-crate.co.uk\/#organization\",\"name\":\"Euro crates Manufacturer\",\"url\":\"https:\/\/www.plastic-crate.co.uk\/\",\"logo\":{\"@type\":\"ImageObject\",\"inLanguage\":\"de\",\"@id\":\"https:\/\/www.plastic-crate.co.uk\/#\/schema\/logo\/image\/\",\"url\":\"https:\/\/www.plastic-crate.co.uk\/wp-content\/uploads\/2020\/10\/cropped-logo.png\",\"contentUrl\":\"https:\/\/www.plastic-crate.co.uk\/wp-content\/uploads\/2020\/10\/cropped-logo.png\",\"width\":300,\"height\":66,\"caption\":\"Euro crates Manufacturer\"},\"image\":{\"@id\":\"https:\/\/www.plastic-crate.co.uk\/#\/schema\/logo\/image\/\"}}]}<\/script>\n<!-- \/ Yoast SEO plugin. -->","yoast_head_json":{"title":"Flughafenbeh\u00e4lter, Flughafensicherheitsbeh\u00e4lter - Eurokisten Hersteller","robots":{"index":"index","follow":"follow","max-snippet":"max-snippet:-1","max-image-preview":"max-image-preview:large","max-video-preview":"max-video-preview:-1"},"canonical":"https:\/\/www.plastic-crate.co.uk\/de\/produkt\/airport-bins-airport-security-bins\/","og_locale":"de_DE","og_type":"article","og_title":"Airport bins, airport security bins - Euro crates Manufacturer","og_description":"Optimize your airport security screening operations with our high-quality airport security bins, designed specifically for efficiency and convenience. Each bin measures 565mm in length, 430mm in width, and 102mm in height, making it spacious enough to accommodate various personal items while maintaining a compact design that fits seamlessly into existing screening systems. Key Features: Robust &hellip; Airport bins, airport security bins Read More &raquo;","og_url":"https:\/\/www.plastic-crate.co.uk\/de\/produkt\/airport-bins-airport-security-bins\/","og_site_name":"Euro crates Manufacturer","article_modified_time":"2025-09-19T00:10:14+00:00","og_image":[{"width":2000,"height":2000,"url":"https:\/\/www.plastic-crate.co.uk\/wp-content\/uploads\/2025\/09\/airport-security-bins-1.jpg","type":"image\/jpeg"}],"twitter_card":"summary_large_image","twitter_misc":{"Est. reading time":"1\u00a0Minute"},"schema":{"@context":"https:\/\/schema.org","@graph":[{"@type":"WebPage","@id":"https:\/\/www.plastic-crate.co.uk\/product\/airport-bins-airport-security-bins\/","url":"https:\/\/www.plastic-crate.co.uk\/product\/airport-bins-airport-security-bins\/","name":"Flughafenbeh\u00e4lter, Flughafensicherheitsbeh\u00e4lter - Eurokisten Hersteller","isPartOf":{"@id":"https:\/\/www.plastic-crate.co.uk\/#website"},"primaryImageOfPage":{"@id":"https:\/\/www.plastic-crate.co.uk\/product\/airport-bins-airport-security-bins\/#primaryimage"},"image":{"@id":"https:\/\/www.plastic-crate.co.uk\/product\/airport-bins-airport-security-bins\/#primaryimage"},"thumbnailUrl":"https:\/\/www.plastic-crate.co.uk\/wp-content\/uploads\/2025\/09\/airport-security-bins-1.jpg","datePublished":"2025-09-18T23:49:26+00:00","dateModified":"2025-09-19T00:10:14+00:00","breadcrumb":{"@id":"https:\/\/www.plastic-crate.co.uk\/product\/airport-bins-airport-security-bins\/#breadcrumb"},"inLanguage":"de","potentialAction":[{"@type":"ReadAction","target":["https:\/\/www.plastic-crate.co.uk\/product\/airport-bins-airport-security-bins\/"]}]},{"@type":"ImageObject","inLanguage":"de","@id":"https:\/\/www.plastic-crate.co.uk\/product\/airport-bins-airport-security-bins\/#primaryimage","url":"https:\/\/www.plastic-crate.co.uk\/wp-content\/uploads\/2025\/09\/airport-security-bins-1.jpg","contentUrl":"https:\/\/www.plastic-crate.co.uk\/wp-content\/uploads\/2025\/09\/airport-security-bins-1.jpg","width":2000,"height":2000,"caption":"airport security bins"},{"@type":"BreadcrumbList","@id":"https:\/\/www.plastic-crate.co.uk\/product\/airport-bins-airport-security-bins\/#breadcrumb","itemListElement":[{"@type":"ListItem","position":1,"name":"Shop","item":"https:\/\/www.plastic-crate.co.uk\/shop\/"},{"@type":"ListItem","position":2,"name":"Airport bins, airport security bins"}]},{"@type":"WebSite","@id":"https:\/\/www.plastic-crate.co.uk\/#website","url":"https:\/\/www.plastic-crate.co.uk\/","name":"Eurokisten Hersteller","description":"Eurobeh\u00e4lter im Gro\u00dfhandel, Eurokisten aus Kunststoff mit Deckel, Curo-Boxen ohne Deckel","publisher":{"@id":"https:\/\/www.plastic-crate.co.uk\/#organization"},"potentialAction":[{"@type":"SearchAction","target":{"@type":"EntryPoint","urlTemplate":"https:\/\/www.plastic-crate.co.uk\/?s={search_term_string}"},"query-input":{"@type":"PropertyValueSpecification","valueRequired":true,"valueName":"search_term_string"}}],"inLanguage":"de"},{"@type":"Organization","@id":"https:\/\/www.plastic-crate.co.uk\/#organization","name":"Eurokisten Hersteller","url":"https:\/\/www.plastic-crate.co.uk\/","logo":{"@type":"ImageObject","inLanguage":"de","@id":"https:\/\/www.plastic-crate.co.uk\/#\/schema\/logo\/image\/","url":"https:\/\/www.plastic-crate.co.uk\/wp-content\/uploads\/2020\/10\/cropped-logo.png","contentUrl":"https:\/\/www.plastic-crate.co.uk\/wp-content\/uploads\/2020\/10\/cropped-logo.png","width":300,"height":66,"caption":"Euro crates Manufacturer"},"image":{"@id":"https:\/\/www.plastic-crate.co.uk\/#\/schema\/logo\/image\/"}}]}},"_links":{"self":[{"href":"https:\/\/www.plastic-crate.co.uk\/de\/wp-json\/wp\/v2\/product\/6453","targetHints":{"allow":["GET"]}}],"collection":[{"href":"https:\/\/www.plastic-crate.co.uk\/de\/wp-json\/wp\/v2\/product"}],"about":[{"href":"https:\/\/www.plastic-crate.co.uk\/de\/wp-json\/wp\/v2\/types\/product"}],"wp:featuredmedia":[{"embeddable":true,"href":"https:\/\/www.plastic-crate.co.uk\/de\/wp-json\/wp\/v2\/media\/6448"}],"wp:attachment":[{"href":"https:\/\/www.plastic-crate.co.uk\/de\/wp-json\/wp\/v2\/media?parent=6453"}],"wp:term":[{"taxonomy":"product_brand","embeddable":true,"href":"https:\/\/www.plastic-crate.co.uk\/de\/wp-json\/wp\/v2\/product_brand?post=6453"},{"taxonomy":"product_cat","embeddable":true,"href":"https:\/\/www.plastic-crate.co.uk\/de\/wp-json\/wp\/v2\/product_cat?post=6453"},{"taxonomy":"product_tag","embeddable":true,"href":"https:\/\/www.plastic-crate.co.uk\/de\/wp-json\/wp\/v2\/product_tag?post=6453"}],"curies":[{"name":"wp","href":"https:\/\/api.w.org\/{rel}","templated":true}]}}