{"id":6447,"date":"2025-09-18T23:43:44","date_gmt":"2025-09-18T23:43:44","guid":{"rendered":"https:\/\/www.plastic-crate.co.uk\/product\/tsa-bins-for-sale\/"},"modified":"2025-09-19T00:10:23","modified_gmt":"2025-09-19T00:10:23","slug":"tsa-bins-for-sale","status":"publish","type":"product","link":"https:\/\/www.plastic-crate.co.uk\/de\/produkt\/tsa-bins-for-sale\/","title":{"rendered":"TSA-Beh\u00e4lter zu verkaufen"},"content":{"rendered":"<p>Verbessern Sie Ihre Sicherheitskontrollen mit unseren TSA-konformen Beh\u00e4ltern, die speziell f\u00fcr einen effizienten und effektiven Passagierfluss an Flugh\u00e4fen entwickelt wurden. Diese robusten Beh\u00e4lter sind als Gro\u00dfbestellung erh\u00e4ltlich und tragen wesentlich zur Steigerung der Betriebseffizienz Ihres Flughafens oder Verkehrsknotenpunkts bei.<\/p>\n<p>Hauptmerkmale:<\/p>\n<p>Optimierte Abmessungen: Jeder Beh\u00e4lter misst 650 mm x 450 mm x 100 mm und bietet den Passagieren ausreichend Platz, um ihre Gegenst\u00e4nde w\u00e4hrend der Sicherheitskontrolle schnell und bequem abzulegen.<\/p>\n<p>Langlebige Konstruktion: Diese aus hochwertigem, schlagfestem Kunststoff gefertigten Beh\u00e4lter halten den hohen Anforderungen des t\u00e4glichen Flughafengebrauchs stand und gew\u00e4hrleisten Langlebigkeit und Zuverl\u00e4ssigkeit.<\/p>\n<p>Optimiertes Design: Die Beh\u00e4lter zeichnen sich durch eine leichte und dennoch robuste Bauweise aus, die eine einfache Handhabung erm\u00f6glicht. Ihre Stapelbarkeit erm\u00f6glicht eine effiziente Lagerung und einen effizienten Transport und sorgt f\u00fcr Ordnung und Ordnung in Ihren Abl\u00e4ufen.<\/p>\n<p>Schlanke \u00c4sthetik: Diese Beh\u00e4lter sind in einem professionellen grauen Finish erh\u00e4ltlich und erf\u00fcllen nicht nur einen funktionalen Zweck, sondern steigern auch die optische Attraktivit\u00e4t Ihres Sicherheitskontrollbereichs.<\/p>\n<p>Umweltfreundlich: Unsere Beh\u00e4lter werden aus recycelbaren Materialien hergestellt und entsprechen den Nachhaltigkeitszielen. Daher sind sie eine ausgezeichnete Wahl f\u00fcr umweltbewusste Organisationen.<\/p>\n<p>Vorteile von Gro\u00dfeink\u00e4ufen:<\/p>\n<p>Kosteng\u00fcnstig: Profitieren Sie von erheblichen Einsparungen beim Gro\u00dfeinkauf, sodass Ihr Unternehmen die Ressourcen effizienter einsetzen kann.<\/p>\n<p>Zuverl\u00e4ssige Versorgung: Sorgen Sie f\u00fcr einen stets verf\u00fcgbaren Bestand, um den Anforderungen des Passagierverkehrs gerecht zu werden, Versp\u00e4tungen zu reduzieren und das Reiseerlebnis insgesamt zu verbessern.<\/p>\n<p>Benutzerdefinierte Branding-Optionen: Erkundigen Sie sich bei Gro\u00dfbestellungen nach Anpassungsoptionen, um das Branding Ihres Unternehmens zu integrieren und so die Sichtbarkeit zu verbessern und gleichzeitig die Konformit\u00e4t zu wahren.<\/p>\n<p>Verbessern Sie Ihre Sicherheitseinrichtungen mit unseren TSA-konformen Beh\u00e4ltern. Kontaktieren Sie uns noch heute f\u00fcr Mengenrabatte und besprechen Sie, wie wir Ihre betrieblichen Anforderungen unterst\u00fctzen k\u00f6nnen!<\/p>","protected":false},"excerpt":{"rendered":"<p>Verbessern Sie Ihre Sicherheitskontrolle mit unseren TSA-konformen Beh\u00e4ltern, die speziell f\u00fcr einen effizienten und effektiven Passagierfluss an Flugh\u00e4fen entwickelt wurden. Diese robusten Beh\u00e4lter sind in Gro\u00dfpackungen erh\u00e4ltlich und tragen ma\u00dfgeblich zur Steigerung der Betriebseffizienz Ihres Flughafens oder Verkehrsknotenpunkts bei. Hauptmerkmale: Optimierte Abmessungen: Jeder Beh\u00e4lter misst 650 mm x 450 mm x 100 mm und bietet ausreichend Platz f\u00fcr Passagiere \u2026<\/p>\n<p class=\"read-more\"> <a class=\"\" href=\"https:\/\/www.plastic-crate.co.uk\/de\/produkt\/tsa-bins-for-sale\/\"> <span class=\"screen-reader-text\">TSA-Beh\u00e4lter zu verkaufen<\/span> Mehr lesen &quot;<\/a><\/p>","protected":false},"featured_media":6441,"template":"","meta":{"_acf_changed":false,"site-sidebar-layout":"default","site-content-layout":"default","ast-main-header-display":"","ast-hfb-above-header-display":"","ast-hfb-below-header-display":"","ast-hfb-mobile-header-display":"","site-post-title":"","ast-breadcrumbs-content":"","ast-featured-img":"","footer-sml-layout":"","theme-transparent-header-meta":"","adv-header-id-meta":"","stick-header-meta":"","header-above-stick-meta":"","header-main-stick-meta":"","header-below-stick-meta":""},"product_brand":[],"product_cat":[84],"product_tag":[99],"class_list":{"0":"post-6447","1":"product","2":"type-product","3":"status-publish","4":"has-post-thumbnail","6":"product_cat-plastic-trays","7":"product_tag-airport-bins","9":"first","10":"instock","11":"shipping-taxable","12":"product-type-simple"},"acf":[],"yoast_head":"<!-- This site is optimized with the Yoast SEO plugin v26.9 - https:\/\/yoast.com\/product\/yoast-seo-wordpress\/ -->\n<title>Tsa bins for sale - Euro crates Manufacturer<\/title>\n<meta name=\"robots\" content=\"index, follow, max-snippet:-1, max-image-preview:large, max-video-preview:-1\" \/>\n<link rel=\"canonical\" href=\"https:\/\/www.plastic-crate.co.uk\/de\/produkt\/tsa-bins-for-sale\/\" \/>\n<meta property=\"og:locale\" content=\"de_DE\" \/>\n<meta property=\"og:type\" content=\"article\" \/>\n<meta property=\"og:title\" content=\"Tsa bins for sale - Euro crates Manufacturer\" \/>\n<meta property=\"og:description\" content=\"Elevate your security screening process with our TSA Compliant Bins, designed specifically for efficient and effective passenger flow at airports. Available for bulk purchase, these robust bins are essential for enhancing your airport or transport hub&#8217;s operational efficiency. Key Features: Optimized Dimensions: Each bin measures 650mm x 450mm x 100mm, providing ample space for passengers &hellip; Tsa bins for sale Read More &raquo;\" \/>\n<meta property=\"og:url\" content=\"https:\/\/www.plastic-crate.co.uk\/de\/produkt\/tsa-bins-for-sale\/\" \/>\n<meta property=\"og:site_name\" content=\"Euro crates Manufacturer\" \/>\n<meta property=\"article:modified_time\" content=\"2025-09-19T00:10:23+00:00\" \/>\n<meta property=\"og:image\" content=\"https:\/\/www.plastic-crate.co.uk\/wp-content\/uploads\/2025\/09\/tsa-bins-for-sale-1.jpg\" \/>\n\t<meta property=\"og:image:width\" content=\"2000\" \/>\n\t<meta property=\"og:image:height\" content=\"2000\" \/>\n\t<meta property=\"og:image:type\" content=\"image\/jpeg\" \/>\n<meta name=\"twitter:card\" content=\"summary_large_image\" \/>\n<meta name=\"twitter:label1\" content=\"Est. reading time\" \/>\n\t<meta name=\"twitter:data1\" content=\"1\u00a0Minute\" \/>\n<script type=\"application\/ld+json\" class=\"yoast-schema-graph\">{\"@context\":\"https:\/\/schema.org\",\"@graph\":[{\"@type\":\"WebPage\",\"@id\":\"https:\/\/www.plastic-crate.co.uk\/product\/tsa-bins-for-sale\/\",\"url\":\"https:\/\/www.plastic-crate.co.uk\/product\/tsa-bins-for-sale\/\",\"name\":\"Tsa bins for sale - Euro crates Manufacturer\",\"isPartOf\":{\"@id\":\"https:\/\/www.plastic-crate.co.uk\/#website\"},\"primaryImageOfPage\":{\"@id\":\"https:\/\/www.plastic-crate.co.uk\/product\/tsa-bins-for-sale\/#primaryimage\"},\"image\":{\"@id\":\"https:\/\/www.plastic-crate.co.uk\/product\/tsa-bins-for-sale\/#primaryimage\"},\"thumbnailUrl\":\"https:\/\/www.plastic-crate.co.uk\/wp-content\/uploads\/2025\/09\/tsa-bins-for-sale-1.jpg\",\"datePublished\":\"2025-09-18T23:43:44+00:00\",\"dateModified\":\"2025-09-19T00:10:23+00:00\",\"breadcrumb\":{\"@id\":\"https:\/\/www.plastic-crate.co.uk\/product\/tsa-bins-for-sale\/#breadcrumb\"},\"inLanguage\":\"de\",\"potentialAction\":[{\"@type\":\"ReadAction\",\"target\":[\"https:\/\/www.plastic-crate.co.uk\/product\/tsa-bins-for-sale\/\"]}]},{\"@type\":\"ImageObject\",\"inLanguage\":\"de\",\"@id\":\"https:\/\/www.plastic-crate.co.uk\/product\/tsa-bins-for-sale\/#primaryimage\",\"url\":\"https:\/\/www.plastic-crate.co.uk\/wp-content\/uploads\/2025\/09\/tsa-bins-for-sale-1.jpg\",\"contentUrl\":\"https:\/\/www.plastic-crate.co.uk\/wp-content\/uploads\/2025\/09\/tsa-bins-for-sale-1.jpg\",\"width\":2000,\"height\":2000,\"caption\":\"tsa bins for sale\"},{\"@type\":\"BreadcrumbList\",\"@id\":\"https:\/\/www.plastic-crate.co.uk\/product\/tsa-bins-for-sale\/#breadcrumb\",\"itemListElement\":[{\"@type\":\"ListItem\",\"position\":1,\"name\":\"Shop\",\"item\":\"https:\/\/www.plastic-crate.co.uk\/shop\/\"},{\"@type\":\"ListItem\",\"position\":2,\"name\":\"Tsa bins for sale\"}]},{\"@type\":\"WebSite\",\"@id\":\"https:\/\/www.plastic-crate.co.uk\/#website\",\"url\":\"https:\/\/www.plastic-crate.co.uk\/\",\"name\":\"Euro crates Manufacturer\",\"description\":\"wholesale Euro containers, plastic euro crates with lids, curo boxes without lids\",\"publisher\":{\"@id\":\"https:\/\/www.plastic-crate.co.uk\/#organization\"},\"potentialAction\":[{\"@type\":\"SearchAction\",\"target\":{\"@type\":\"EntryPoint\",\"urlTemplate\":\"https:\/\/www.plastic-crate.co.uk\/?s={search_term_string}\"},\"query-input\":{\"@type\":\"PropertyValueSpecification\",\"valueRequired\":true,\"valueName\":\"search_term_string\"}}],\"inLanguage\":\"de\"},{\"@type\":\"Organization\",\"@id\":\"https:\/\/www.plastic-crate.co.uk\/#organization\",\"name\":\"Euro crates Manufacturer\",\"url\":\"https:\/\/www.plastic-crate.co.uk\/\",\"logo\":{\"@type\":\"ImageObject\",\"inLanguage\":\"de\",\"@id\":\"https:\/\/www.plastic-crate.co.uk\/#\/schema\/logo\/image\/\",\"url\":\"https:\/\/www.plastic-crate.co.uk\/wp-content\/uploads\/2020\/10\/cropped-logo.png\",\"contentUrl\":\"https:\/\/www.plastic-crate.co.uk\/wp-content\/uploads\/2020\/10\/cropped-logo.png\",\"width\":300,\"height\":66,\"caption\":\"Euro crates Manufacturer\"},\"image\":{\"@id\":\"https:\/\/www.plastic-crate.co.uk\/#\/schema\/logo\/image\/\"}}]}<\/script>\n<!-- \/ Yoast SEO plugin. -->","yoast_head_json":{"title":"TSA-Beh\u00e4lter zu verkaufen - Eurokisten Hersteller","robots":{"index":"index","follow":"follow","max-snippet":"max-snippet:-1","max-image-preview":"max-image-preview:large","max-video-preview":"max-video-preview:-1"},"canonical":"https:\/\/www.plastic-crate.co.uk\/de\/produkt\/tsa-bins-for-sale\/","og_locale":"de_DE","og_type":"article","og_title":"Tsa bins for sale - Euro crates Manufacturer","og_description":"Elevate your security screening process with our TSA Compliant Bins, designed specifically for efficient and effective passenger flow at airports. Available for bulk purchase, these robust bins are essential for enhancing your airport or transport hub&#8217;s operational efficiency. Key Features: Optimized Dimensions: Each bin measures 650mm x 450mm x 100mm, providing ample space for passengers &hellip; Tsa bins for sale Read More &raquo;","og_url":"https:\/\/www.plastic-crate.co.uk\/de\/produkt\/tsa-bins-for-sale\/","og_site_name":"Euro crates Manufacturer","article_modified_time":"2025-09-19T00:10:23+00:00","og_image":[{"width":2000,"height":2000,"url":"https:\/\/www.plastic-crate.co.uk\/wp-content\/uploads\/2025\/09\/tsa-bins-for-sale-1.jpg","type":"image\/jpeg"}],"twitter_card":"summary_large_image","twitter_misc":{"Est. reading time":"1\u00a0Minute"},"schema":{"@context":"https:\/\/schema.org","@graph":[{"@type":"WebPage","@id":"https:\/\/www.plastic-crate.co.uk\/product\/tsa-bins-for-sale\/","url":"https:\/\/www.plastic-crate.co.uk\/product\/tsa-bins-for-sale\/","name":"TSA-Beh\u00e4lter zu verkaufen - Eurokisten Hersteller","isPartOf":{"@id":"https:\/\/www.plastic-crate.co.uk\/#website"},"primaryImageOfPage":{"@id":"https:\/\/www.plastic-crate.co.uk\/product\/tsa-bins-for-sale\/#primaryimage"},"image":{"@id":"https:\/\/www.plastic-crate.co.uk\/product\/tsa-bins-for-sale\/#primaryimage"},"thumbnailUrl":"https:\/\/www.plastic-crate.co.uk\/wp-content\/uploads\/2025\/09\/tsa-bins-for-sale-1.jpg","datePublished":"2025-09-18T23:43:44+00:00","dateModified":"2025-09-19T00:10:23+00:00","breadcrumb":{"@id":"https:\/\/www.plastic-crate.co.uk\/product\/tsa-bins-for-sale\/#breadcrumb"},"inLanguage":"de","potentialAction":[{"@type":"ReadAction","target":["https:\/\/www.plastic-crate.co.uk\/product\/tsa-bins-for-sale\/"]}]},{"@type":"ImageObject","inLanguage":"de","@id":"https:\/\/www.plastic-crate.co.uk\/product\/tsa-bins-for-sale\/#primaryimage","url":"https:\/\/www.plastic-crate.co.uk\/wp-content\/uploads\/2025\/09\/tsa-bins-for-sale-1.jpg","contentUrl":"https:\/\/www.plastic-crate.co.uk\/wp-content\/uploads\/2025\/09\/tsa-bins-for-sale-1.jpg","width":2000,"height":2000,"caption":"tsa bins for sale"},{"@type":"BreadcrumbList","@id":"https:\/\/www.plastic-crate.co.uk\/product\/tsa-bins-for-sale\/#breadcrumb","itemListElement":[{"@type":"ListItem","position":1,"name":"Shop","item":"https:\/\/www.plastic-crate.co.uk\/shop\/"},{"@type":"ListItem","position":2,"name":"Tsa bins for sale"}]},{"@type":"WebSite","@id":"https:\/\/www.plastic-crate.co.uk\/#website","url":"https:\/\/www.plastic-crate.co.uk\/","name":"Eurokisten Hersteller","description":"Eurobeh\u00e4lter im Gro\u00dfhandel, Eurokisten aus Kunststoff mit Deckel, Curo-Boxen ohne Deckel","publisher":{"@id":"https:\/\/www.plastic-crate.co.uk\/#organization"},"potentialAction":[{"@type":"SearchAction","target":{"@type":"EntryPoint","urlTemplate":"https:\/\/www.plastic-crate.co.uk\/?s={search_term_string}"},"query-input":{"@type":"PropertyValueSpecification","valueRequired":true,"valueName":"search_term_string"}}],"inLanguage":"de"},{"@type":"Organization","@id":"https:\/\/www.plastic-crate.co.uk\/#organization","name":"Eurokisten Hersteller","url":"https:\/\/www.plastic-crate.co.uk\/","logo":{"@type":"ImageObject","inLanguage":"de","@id":"https:\/\/www.plastic-crate.co.uk\/#\/schema\/logo\/image\/","url":"https:\/\/www.plastic-crate.co.uk\/wp-content\/uploads\/2020\/10\/cropped-logo.png","contentUrl":"https:\/\/www.plastic-crate.co.uk\/wp-content\/uploads\/2020\/10\/cropped-logo.png","width":300,"height":66,"caption":"Euro crates Manufacturer"},"image":{"@id":"https:\/\/www.plastic-crate.co.uk\/#\/schema\/logo\/image\/"}}]}},"_links":{"self":[{"href":"https:\/\/www.plastic-crate.co.uk\/de\/wp-json\/wp\/v2\/product\/6447","targetHints":{"allow":["GET"]}}],"collection":[{"href":"https:\/\/www.plastic-crate.co.uk\/de\/wp-json\/wp\/v2\/product"}],"about":[{"href":"https:\/\/www.plastic-crate.co.uk\/de\/wp-json\/wp\/v2\/types\/product"}],"wp:featuredmedia":[{"embeddable":true,"href":"https:\/\/www.plastic-crate.co.uk\/de\/wp-json\/wp\/v2\/media\/6441"}],"wp:attachment":[{"href":"https:\/\/www.plastic-crate.co.uk\/de\/wp-json\/wp\/v2\/media?parent=6447"}],"wp:term":[{"taxonomy":"product_brand","embeddable":true,"href":"https:\/\/www.plastic-crate.co.uk\/de\/wp-json\/wp\/v2\/product_brand?post=6447"},{"taxonomy":"product_cat","embeddable":true,"href":"https:\/\/www.plastic-crate.co.uk\/de\/wp-json\/wp\/v2\/product_cat?post=6447"},{"taxonomy":"product_tag","embeddable":true,"href":"https:\/\/www.plastic-crate.co.uk\/de\/wp-json\/wp\/v2\/product_tag?post=6447"}],"curies":[{"name":"wp","href":"https:\/\/api.w.org\/{rel}","templated":true}]}}