{"id":6433,"date":"2025-09-18T23:27:23","date_gmt":"2025-09-18T23:27:23","guid":{"rendered":"https:\/\/www.plastic-crate.co.uk\/product\/durable-esd-airport-bins-for-passenger-screening\/"},"modified":"2025-09-19T00:10:40","modified_gmt":"2025-09-19T00:10:40","slug":"durable-esd-airport-bins-for-passenger-screening","status":"publish","type":"product","link":"https:\/\/www.plastic-crate.co.uk\/de\/produkt\/durable-esd-airport-bins-for-passenger-screening\/","title":{"rendered":"Langlebige ESD-Flughafenbeh\u00e4lter f\u00fcr die Passagierkontrolle"},"content":{"rendered":"<p>Unsere robusten ESD-Flughafenbeh\u00e4lter sind f\u00fcr stark frequentierte Kontrollpunktumgebungen konzipiert, in denen Passagiereffizienz und Ger\u00e4teschutz oberste Priorit\u00e4t haben. Diese Beh\u00e4lter sind mit einem ESD-Schutz (elektrostatische Entladung) ausgestattet, verhindern statische Aufladung und sch\u00fctzen empfindliche elektronische Ger\u00e4te wie Laptops, Tablets und Mobilger\u00e4te w\u00e4hrend der Sicherheitskontrolle.<\/p>\n<p>Die Beh\u00e4lter bestehen aus sto\u00dffesten, langlebigen Materialien und halten dem Dauereinsatz in stark frequentierten Flughafenterminals stand. Ihre porenfreien, glatten Oberfl\u00e4chen erm\u00f6glichen eine schnelle Reinigung und Desinfektion und erf\u00fcllen strenge Hygienestandards. Die einheitliche Gr\u00f6\u00dfe gew\u00e4hrleistet die nahtlose Kompatibilit\u00e4t sowohl mit manuellen Kontrollspuren als auch mit automatisierten Kontrollsystemen und macht sie zu einer zuverl\u00e4ssigen Wahl f\u00fcr jede Kontrollpunktkonfiguration.<\/p>\n<p>Diese ESD-sicheren Beh\u00e4lter sind ideal f\u00fcr Flugh\u00e4fen, Beh\u00f6rden und Sicherheitsdienstleister und vereinen Langlebigkeit, Konformit\u00e4t und passagierfreundliches Design. Sie sind in Gro\u00dfmengen und im Gro\u00dfhandel erh\u00e4ltlich und die bew\u00e4hrte L\u00f6sung f\u00fcr optimierte und sichere Kontrollpunktabl\u00e4ufe.<\/p>","protected":false},"excerpt":{"rendered":"<p>Robuste ESD-Flughafenbeh\u00e4lter f\u00fcr die Passagierkontrolle. Antistatisch, leicht zu reinigen und TSA-konform \u2013 in gro\u00dfen Mengen f\u00fcr Flugh\u00e4fen und Sicherheitszentren erh\u00e4ltlich.<\/p>","protected":false},"featured_media":6427,"template":"","meta":{"_acf_changed":false,"site-sidebar-layout":"default","site-content-layout":"default","ast-main-header-display":"","ast-hfb-above-header-display":"","ast-hfb-below-header-display":"","ast-hfb-mobile-header-display":"","site-post-title":"","ast-breadcrumbs-content":"","ast-featured-img":"","footer-sml-layout":"","theme-transparent-header-meta":"","adv-header-id-meta":"","stick-header-meta":"","header-above-stick-meta":"","header-main-stick-meta":"","header-below-stick-meta":""},"product_brand":[],"product_cat":[84],"product_tag":[99],"class_list":{"0":"post-6433","1":"product","2":"type-product","3":"status-publish","4":"has-post-thumbnail","6":"product_cat-plastic-trays","7":"product_tag-airport-bins","9":"first","10":"instock","11":"shipping-taxable","12":"product-type-simple"},"acf":[],"yoast_head":"<!-- This site is optimized with the Yoast SEO plugin v26.9 - https:\/\/yoast.com\/product\/yoast-seo-wordpress\/ -->\n<title>Durable ESD Airport Bins for Passenger Screening - Euro crates Manufacturer<\/title>\n<meta name=\"robots\" content=\"index, follow, max-snippet:-1, max-image-preview:large, max-video-preview:-1\" \/>\n<link rel=\"canonical\" href=\"https:\/\/www.plastic-crate.co.uk\/de\/produkt\/durable-esd-airport-bins-for-passenger-screening\/\" \/>\n<meta property=\"og:locale\" content=\"de_DE\" \/>\n<meta property=\"og:type\" content=\"article\" \/>\n<meta property=\"og:title\" content=\"Durable ESD Airport Bins for Passenger Screening - Euro crates Manufacturer\" \/>\n<meta property=\"og:description\" content=\"Durable ESD airport bins for passenger screening. Anti-static, easy-to-clean, and TSA-compliant\u2014available in bulk for airports and security hubs.\" \/>\n<meta property=\"og:url\" content=\"https:\/\/www.plastic-crate.co.uk\/de\/produkt\/durable-esd-airport-bins-for-passenger-screening\/\" \/>\n<meta property=\"og:site_name\" content=\"Euro crates Manufacturer\" \/>\n<meta property=\"article:modified_time\" content=\"2025-09-19T00:10:40+00:00\" \/>\n<meta property=\"og:image\" content=\"https:\/\/www.plastic-crate.co.uk\/wp-content\/uploads\/2025\/09\/durable-esd-airport-bins-for-passenger-screening-1.jpg\" \/>\n\t<meta property=\"og:image:width\" content=\"2000\" \/>\n\t<meta property=\"og:image:height\" content=\"2000\" \/>\n\t<meta property=\"og:image:type\" content=\"image\/jpeg\" \/>\n<meta name=\"twitter:card\" content=\"summary_large_image\" \/>\n<meta name=\"twitter:label1\" content=\"Est. reading time\" \/>\n\t<meta name=\"twitter:data1\" content=\"1\u00a0Minute\" \/>\n<script type=\"application\/ld+json\" class=\"yoast-schema-graph\">{\"@context\":\"https:\/\/schema.org\",\"@graph\":[{\"@type\":\"WebPage\",\"@id\":\"https:\/\/www.plastic-crate.co.uk\/product\/durable-esd-airport-bins-for-passenger-screening\/\",\"url\":\"https:\/\/www.plastic-crate.co.uk\/product\/durable-esd-airport-bins-for-passenger-screening\/\",\"name\":\"Durable ESD Airport Bins for Passenger Screening - Euro crates Manufacturer\",\"isPartOf\":{\"@id\":\"https:\/\/www.plastic-crate.co.uk\/#website\"},\"primaryImageOfPage\":{\"@id\":\"https:\/\/www.plastic-crate.co.uk\/product\/durable-esd-airport-bins-for-passenger-screening\/#primaryimage\"},\"image\":{\"@id\":\"https:\/\/www.plastic-crate.co.uk\/product\/durable-esd-airport-bins-for-passenger-screening\/#primaryimage\"},\"thumbnailUrl\":\"https:\/\/www.plastic-crate.co.uk\/wp-content\/uploads\/2025\/09\/durable-esd-airport-bins-for-passenger-screening-1.jpg\",\"datePublished\":\"2025-09-18T23:27:23+00:00\",\"dateModified\":\"2025-09-19T00:10:40+00:00\",\"breadcrumb\":{\"@id\":\"https:\/\/www.plastic-crate.co.uk\/product\/durable-esd-airport-bins-for-passenger-screening\/#breadcrumb\"},\"inLanguage\":\"de\",\"potentialAction\":[{\"@type\":\"ReadAction\",\"target\":[\"https:\/\/www.plastic-crate.co.uk\/product\/durable-esd-airport-bins-for-passenger-screening\/\"]}]},{\"@type\":\"ImageObject\",\"inLanguage\":\"de\",\"@id\":\"https:\/\/www.plastic-crate.co.uk\/product\/durable-esd-airport-bins-for-passenger-screening\/#primaryimage\",\"url\":\"https:\/\/www.plastic-crate.co.uk\/wp-content\/uploads\/2025\/09\/durable-esd-airport-bins-for-passenger-screening-1.jpg\",\"contentUrl\":\"https:\/\/www.plastic-crate.co.uk\/wp-content\/uploads\/2025\/09\/durable-esd-airport-bins-for-passenger-screening-1.jpg\",\"width\":2000,\"height\":2000,\"caption\":\"ESD Airport Bins\"},{\"@type\":\"BreadcrumbList\",\"@id\":\"https:\/\/www.plastic-crate.co.uk\/product\/durable-esd-airport-bins-for-passenger-screening\/#breadcrumb\",\"itemListElement\":[{\"@type\":\"ListItem\",\"position\":1,\"name\":\"Shop\",\"item\":\"https:\/\/www.plastic-crate.co.uk\/shop\/\"},{\"@type\":\"ListItem\",\"position\":2,\"name\":\"Durable ESD Airport Bins for Passenger Screening\"}]},{\"@type\":\"WebSite\",\"@id\":\"https:\/\/www.plastic-crate.co.uk\/#website\",\"url\":\"https:\/\/www.plastic-crate.co.uk\/\",\"name\":\"Euro crates Manufacturer\",\"description\":\"wholesale Euro containers, plastic euro crates with lids, curo boxes without lids\",\"publisher\":{\"@id\":\"https:\/\/www.plastic-crate.co.uk\/#organization\"},\"potentialAction\":[{\"@type\":\"SearchAction\",\"target\":{\"@type\":\"EntryPoint\",\"urlTemplate\":\"https:\/\/www.plastic-crate.co.uk\/?s={search_term_string}\"},\"query-input\":{\"@type\":\"PropertyValueSpecification\",\"valueRequired\":true,\"valueName\":\"search_term_string\"}}],\"inLanguage\":\"de\"},{\"@type\":\"Organization\",\"@id\":\"https:\/\/www.plastic-crate.co.uk\/#organization\",\"name\":\"Euro crates Manufacturer\",\"url\":\"https:\/\/www.plastic-crate.co.uk\/\",\"logo\":{\"@type\":\"ImageObject\",\"inLanguage\":\"de\",\"@id\":\"https:\/\/www.plastic-crate.co.uk\/#\/schema\/logo\/image\/\",\"url\":\"https:\/\/www.plastic-crate.co.uk\/wp-content\/uploads\/2020\/10\/cropped-logo.png\",\"contentUrl\":\"https:\/\/www.plastic-crate.co.uk\/wp-content\/uploads\/2020\/10\/cropped-logo.png\",\"width\":300,\"height\":66,\"caption\":\"Euro crates Manufacturer\"},\"image\":{\"@id\":\"https:\/\/www.plastic-crate.co.uk\/#\/schema\/logo\/image\/\"}}]}<\/script>\n<!-- \/ Yoast SEO plugin. -->","yoast_head_json":{"title":"Langlebige ESD-Flughafenbeh\u00e4lter f\u00fcr die Passagierkontrolle - Hersteller von Eurokisten","robots":{"index":"index","follow":"follow","max-snippet":"max-snippet:-1","max-image-preview":"max-image-preview:large","max-video-preview":"max-video-preview:-1"},"canonical":"https:\/\/www.plastic-crate.co.uk\/de\/produkt\/durable-esd-airport-bins-for-passenger-screening\/","og_locale":"de_DE","og_type":"article","og_title":"Durable ESD Airport Bins for Passenger Screening - Euro crates Manufacturer","og_description":"Durable ESD airport bins for passenger screening. Anti-static, easy-to-clean, and TSA-compliant\u2014available in bulk for airports and security hubs.","og_url":"https:\/\/www.plastic-crate.co.uk\/de\/produkt\/durable-esd-airport-bins-for-passenger-screening\/","og_site_name":"Euro crates Manufacturer","article_modified_time":"2025-09-19T00:10:40+00:00","og_image":[{"width":2000,"height":2000,"url":"https:\/\/www.plastic-crate.co.uk\/wp-content\/uploads\/2025\/09\/durable-esd-airport-bins-for-passenger-screening-1.jpg","type":"image\/jpeg"}],"twitter_card":"summary_large_image","twitter_misc":{"Est. reading time":"1\u00a0Minute"},"schema":{"@context":"https:\/\/schema.org","@graph":[{"@type":"WebPage","@id":"https:\/\/www.plastic-crate.co.uk\/product\/durable-esd-airport-bins-for-passenger-screening\/","url":"https:\/\/www.plastic-crate.co.uk\/product\/durable-esd-airport-bins-for-passenger-screening\/","name":"Langlebige ESD-Flughafenbeh\u00e4lter f\u00fcr die Passagierkontrolle - Hersteller von Eurokisten","isPartOf":{"@id":"https:\/\/www.plastic-crate.co.uk\/#website"},"primaryImageOfPage":{"@id":"https:\/\/www.plastic-crate.co.uk\/product\/durable-esd-airport-bins-for-passenger-screening\/#primaryimage"},"image":{"@id":"https:\/\/www.plastic-crate.co.uk\/product\/durable-esd-airport-bins-for-passenger-screening\/#primaryimage"},"thumbnailUrl":"https:\/\/www.plastic-crate.co.uk\/wp-content\/uploads\/2025\/09\/durable-esd-airport-bins-for-passenger-screening-1.jpg","datePublished":"2025-09-18T23:27:23+00:00","dateModified":"2025-09-19T00:10:40+00:00","breadcrumb":{"@id":"https:\/\/www.plastic-crate.co.uk\/product\/durable-esd-airport-bins-for-passenger-screening\/#breadcrumb"},"inLanguage":"de","potentialAction":[{"@type":"ReadAction","target":["https:\/\/www.plastic-crate.co.uk\/product\/durable-esd-airport-bins-for-passenger-screening\/"]}]},{"@type":"ImageObject","inLanguage":"de","@id":"https:\/\/www.plastic-crate.co.uk\/product\/durable-esd-airport-bins-for-passenger-screening\/#primaryimage","url":"https:\/\/www.plastic-crate.co.uk\/wp-content\/uploads\/2025\/09\/durable-esd-airport-bins-for-passenger-screening-1.jpg","contentUrl":"https:\/\/www.plastic-crate.co.uk\/wp-content\/uploads\/2025\/09\/durable-esd-airport-bins-for-passenger-screening-1.jpg","width":2000,"height":2000,"caption":"ESD Airport Bins"},{"@type":"BreadcrumbList","@id":"https:\/\/www.plastic-crate.co.uk\/product\/durable-esd-airport-bins-for-passenger-screening\/#breadcrumb","itemListElement":[{"@type":"ListItem","position":1,"name":"Shop","item":"https:\/\/www.plastic-crate.co.uk\/shop\/"},{"@type":"ListItem","position":2,"name":"Durable ESD Airport Bins for Passenger Screening"}]},{"@type":"WebSite","@id":"https:\/\/www.plastic-crate.co.uk\/#website","url":"https:\/\/www.plastic-crate.co.uk\/","name":"Eurokisten Hersteller","description":"Eurobeh\u00e4lter im Gro\u00dfhandel, Eurokisten aus Kunststoff mit Deckel, Curo-Boxen ohne Deckel","publisher":{"@id":"https:\/\/www.plastic-crate.co.uk\/#organization"},"potentialAction":[{"@type":"SearchAction","target":{"@type":"EntryPoint","urlTemplate":"https:\/\/www.plastic-crate.co.uk\/?s={search_term_string}"},"query-input":{"@type":"PropertyValueSpecification","valueRequired":true,"valueName":"search_term_string"}}],"inLanguage":"de"},{"@type":"Organization","@id":"https:\/\/www.plastic-crate.co.uk\/#organization","name":"Eurokisten Hersteller","url":"https:\/\/www.plastic-crate.co.uk\/","logo":{"@type":"ImageObject","inLanguage":"de","@id":"https:\/\/www.plastic-crate.co.uk\/#\/schema\/logo\/image\/","url":"https:\/\/www.plastic-crate.co.uk\/wp-content\/uploads\/2020\/10\/cropped-logo.png","contentUrl":"https:\/\/www.plastic-crate.co.uk\/wp-content\/uploads\/2020\/10\/cropped-logo.png","width":300,"height":66,"caption":"Euro crates Manufacturer"},"image":{"@id":"https:\/\/www.plastic-crate.co.uk\/#\/schema\/logo\/image\/"}}]}},"_links":{"self":[{"href":"https:\/\/www.plastic-crate.co.uk\/de\/wp-json\/wp\/v2\/product\/6433","targetHints":{"allow":["GET"]}}],"collection":[{"href":"https:\/\/www.plastic-crate.co.uk\/de\/wp-json\/wp\/v2\/product"}],"about":[{"href":"https:\/\/www.plastic-crate.co.uk\/de\/wp-json\/wp\/v2\/types\/product"}],"wp:featuredmedia":[{"embeddable":true,"href":"https:\/\/www.plastic-crate.co.uk\/de\/wp-json\/wp\/v2\/media\/6427"}],"wp:attachment":[{"href":"https:\/\/www.plastic-crate.co.uk\/de\/wp-json\/wp\/v2\/media?parent=6433"}],"wp:term":[{"taxonomy":"product_brand","embeddable":true,"href":"https:\/\/www.plastic-crate.co.uk\/de\/wp-json\/wp\/v2\/product_brand?post=6433"},{"taxonomy":"product_cat","embeddable":true,"href":"https:\/\/www.plastic-crate.co.uk\/de\/wp-json\/wp\/v2\/product_cat?post=6433"},{"taxonomy":"product_tag","embeddable":true,"href":"https:\/\/www.plastic-crate.co.uk\/de\/wp-json\/wp\/v2\/product_tag?post=6433"}],"curies":[{"name":"wp","href":"https:\/\/api.w.org\/{rel}","templated":true}]}}