{"id":6411,"date":"2025-09-15T13:56:21","date_gmt":"2025-09-15T13:56:21","guid":{"rendered":"https:\/\/www.plastic-crate.co.uk\/product\/plastic-insect-containers\/"},"modified":"2025-09-15T14:10:39","modified_gmt":"2025-09-15T14:10:39","slug":"plastic-insect-containers","status":"publish","type":"product","link":"https:\/\/www.plastic-crate.co.uk\/de\/produkt\/plastic-insect-containers\/","title":{"rendered":"Insektenbeh\u00e4lter aus Kunststoff"},"content":{"rendered":"<p>Steigern Sie Ihre Betriebseffizienz mit unseren hochwertigen Kunststoff-Insektenbeh\u00e4ltern, die speziell f\u00fcr die Anforderungen des B2B-Gro\u00dfhandels entwickelt wurden. Diese Beh\u00e4lter sind die perfekte L\u00f6sung f\u00fcr Unternehmen, die Insekten transportieren und lagern, und bieten Langlebigkeit und Komfort.<\/p>\n<div style=\"width: 1920px;\" class=\"wp-video\"><video class=\"wp-video-shortcode\" id=\"video-6411-1\" width=\"1920\" height=\"1080\" preload=\"metadata\" controls=\"controls\"><source type=\"video\/mp4\" src=\"https:\/\/www.plastic-crate.co.uk\/wp-content\/uploads\/2025\/09\/plastic-insect-containers-1100x1100x350mm.mp4?_=1\" \/><a href=\"https:\/\/www.plastic-crate.co.uk\/wp-content\/uploads\/2025\/09\/plastic-insect-containers-1100x1100x350mm.mp4\">https:\/\/www.plastic-crate.co.uk\/wp-content\/uploads\/2025\/09\/plastic-insect-containers-1100x1100x350mm.mp4<\/a><\/video><\/div>\n<p><strong>Anwendungen<\/strong>: Diese Beh\u00e4lter eignen sich ideal f\u00fcr Insektenzucht, Tierbedarf und Labore und erf\u00fcllen die hohen Anforderungen von Unternehmen aus den Bereichen Entomologie, Biotechnologie und Landwirtschaft. Sie k\u00f6nnen auch f\u00fcr andere Anwendungen eingesetzt werden, die sichere und atmungsaktive Lagerl\u00f6sungen erfordern.<\/p>\n<p><strong>Vorteile des Gro\u00dfeinkaufs<\/strong>: Wenn Sie sich f\u00fcr unsere Kunststoff-Insektenbeh\u00e4lter als Teil Ihrer Gro\u00dfhandelsversorgung entscheiden, profitieren Sie von:<\/p>\n<p><strong>Wettbewerbsf\u00e4hige Preise<\/strong>: Profitieren Sie von reduzierten Kosten f\u00fcr Gro\u00dfbestellungen und verbessern Sie so Ihre Gewinnspannen.<\/p>\n<p><strong>Zuverl\u00e4ssige Lieferkette<\/strong>: Unsere effizienten Fertigungsprozesse gew\u00e4hrleisten eine p\u00fcnktliche Lieferung und sorgen f\u00fcr einen reibungslosen Ablauf Ihres Betriebs.<\/p>\n<p><strong>Benutzerdefinierte Branding-Optionen<\/strong>: Verbessern Sie Ihre Gesch\u00e4ftsidentit\u00e4t mit ma\u00dfgeschneiderten Branding-L\u00f6sungen, die auf Anfrage erh\u00e4ltlich sind.<\/p>\n<p>Optimieren Sie Ihre Insektenlagerung und Ihren Insektentransport mit unseren <strong>Hochwertige Insektenbeh\u00e4lter aus Kunststoff<\/strong>Diese langlebigen und effizienten Beh\u00e4lter sind eine kluge Investition f\u00fcr jeden B2B-Gro\u00dfh\u00e4ndler, der seine Produkthandhabung verbessern m\u00f6chte. Kontaktieren Sie uns noch heute f\u00fcr Ihre Gro\u00dfbestellung und erleben Sie den Unterschied in Qualit\u00e4t und Leistung!<\/p>","protected":false},"excerpt":{"rendered":"<p>Steigern Sie Ihre Betriebseffizienz mit unseren hochwertigen Kunststoff-Insektenbeh\u00e4ltern, die speziell f\u00fcr den B2B-Gro\u00dfhandel entwickelt wurden. Diese Beh\u00e4lter sind die perfekte L\u00f6sung f\u00fcr Unternehmen, die Insekten transportieren und lagern, und bieten Langlebigkeit und Komfort. Anwendungen: Ideal f\u00fcr Insektenzucht, Tierbedarf und Labore. Diese Beh\u00e4lter erf\u00fcllen die hohen Anforderungen \u2026<\/p>\n<p class=\"read-more\"> <a class=\"\" href=\"https:\/\/www.plastic-crate.co.uk\/de\/produkt\/plastic-insect-containers\/\"> <span class=\"screen-reader-text\">Insektenbeh\u00e4lter aus Kunststoff<\/span> Mehr lesen &quot;<\/a><\/p>","protected":false},"featured_media":6405,"template":"","meta":{"_acf_changed":false,"site-sidebar-layout":"default","site-content-layout":"default","ast-main-header-display":"","ast-hfb-above-header-display":"","ast-hfb-below-header-display":"","ast-hfb-mobile-header-display":"","site-post-title":"","ast-breadcrumbs-content":"","ast-featured-img":"","footer-sml-layout":"","theme-transparent-header-meta":"","adv-header-id-meta":"","stick-header-meta":"","header-above-stick-meta":"","header-main-stick-meta":"","header-below-stick-meta":""},"product_brand":[],"product_cat":[84],"product_tag":[96],"class_list":{"0":"post-6411","1":"product","2":"type-product","3":"status-publish","4":"has-post-thumbnail","6":"product_cat-plastic-trays","7":"product_tag-insect-breeding-box","9":"first","10":"instock","11":"shipping-taxable","12":"product-type-simple"},"acf":[],"yoast_head":"<!-- This site is optimized with the Yoast SEO plugin v26.9 - https:\/\/yoast.com\/product\/yoast-seo-wordpress\/ -->\n<title>plastic insect containers - Euro crates Manufacturer<\/title>\n<meta name=\"robots\" content=\"index, follow, max-snippet:-1, max-image-preview:large, max-video-preview:-1\" \/>\n<link rel=\"canonical\" href=\"https:\/\/www.plastic-crate.co.uk\/de\/produkt\/plastic-insect-containers\/\" \/>\n<meta property=\"og:locale\" content=\"de_DE\" \/>\n<meta property=\"og:type\" content=\"article\" \/>\n<meta property=\"og:title\" content=\"plastic insect containers - Euro crates Manufacturer\" \/>\n<meta property=\"og:description\" content=\"Boost your operational efficiency with our high-quality Plastic Insect Containers, meticulously designed for the demands of the B2B wholesale market. These containers are the perfect solution for businesses involved in the transportation and storage of insects, providing durability and convenience. Applications: Ideal for insect farming, pet suppliers, and laboratories, these containers meet the rigorous needs &hellip; plastic insect containers Read More &raquo;\" \/>\n<meta property=\"og:url\" content=\"https:\/\/www.plastic-crate.co.uk\/de\/produkt\/plastic-insect-containers\/\" \/>\n<meta property=\"og:site_name\" content=\"Euro crates Manufacturer\" \/>\n<meta property=\"article:modified_time\" content=\"2025-09-15T14:10:39+00:00\" \/>\n<meta property=\"og:image\" content=\"https:\/\/www.plastic-crate.co.uk\/wp-content\/uploads\/2025\/09\/plastic-insect-containers-1.jpg\" \/>\n\t<meta property=\"og:image:width\" content=\"2000\" \/>\n\t<meta property=\"og:image:height\" content=\"2000\" \/>\n\t<meta property=\"og:image:type\" content=\"image\/jpeg\" \/>\n<meta name=\"twitter:card\" content=\"summary_large_image\" \/>\n<meta name=\"twitter:label1\" content=\"Est. reading time\" \/>\n\t<meta name=\"twitter:data1\" content=\"2\u00a0Minuten\" \/>\n<script type=\"application\/ld+json\" class=\"yoast-schema-graph\">{\"@context\":\"https:\/\/schema.org\",\"@graph\":[{\"@type\":\"WebPage\",\"@id\":\"https:\/\/www.plastic-crate.co.uk\/product\/plastic-insect-containers\/\",\"url\":\"https:\/\/www.plastic-crate.co.uk\/product\/plastic-insect-containers\/\",\"name\":\"plastic insect containers - Euro crates Manufacturer\",\"isPartOf\":{\"@id\":\"https:\/\/www.plastic-crate.co.uk\/#website\"},\"primaryImageOfPage\":{\"@id\":\"https:\/\/www.plastic-crate.co.uk\/product\/plastic-insect-containers\/#primaryimage\"},\"image\":{\"@id\":\"https:\/\/www.plastic-crate.co.uk\/product\/plastic-insect-containers\/#primaryimage\"},\"thumbnailUrl\":\"https:\/\/www.plastic-crate.co.uk\/wp-content\/uploads\/2025\/09\/plastic-insect-containers-1.jpg\",\"datePublished\":\"2025-09-15T13:56:21+00:00\",\"dateModified\":\"2025-09-15T14:10:39+00:00\",\"breadcrumb\":{\"@id\":\"https:\/\/www.plastic-crate.co.uk\/product\/plastic-insect-containers\/#breadcrumb\"},\"inLanguage\":\"de\",\"potentialAction\":[{\"@type\":\"ReadAction\",\"target\":[\"https:\/\/www.plastic-crate.co.uk\/product\/plastic-insect-containers\/\"]}]},{\"@type\":\"ImageObject\",\"inLanguage\":\"de\",\"@id\":\"https:\/\/www.plastic-crate.co.uk\/product\/plastic-insect-containers\/#primaryimage\",\"url\":\"https:\/\/www.plastic-crate.co.uk\/wp-content\/uploads\/2025\/09\/plastic-insect-containers-1.jpg\",\"contentUrl\":\"https:\/\/www.plastic-crate.co.uk\/wp-content\/uploads\/2025\/09\/plastic-insect-containers-1.jpg\",\"width\":2000,\"height\":2000,\"caption\":\"plastic insect containers\"},{\"@type\":\"BreadcrumbList\",\"@id\":\"https:\/\/www.plastic-crate.co.uk\/product\/plastic-insect-containers\/#breadcrumb\",\"itemListElement\":[{\"@type\":\"ListItem\",\"position\":1,\"name\":\"Shop\",\"item\":\"https:\/\/www.plastic-crate.co.uk\/shop\/\"},{\"@type\":\"ListItem\",\"position\":2,\"name\":\"plastic insect containers\"}]},{\"@type\":\"WebSite\",\"@id\":\"https:\/\/www.plastic-crate.co.uk\/#website\",\"url\":\"https:\/\/www.plastic-crate.co.uk\/\",\"name\":\"Euro crates Manufacturer\",\"description\":\"wholesale Euro containers, plastic euro crates with lids, curo boxes without lids\",\"publisher\":{\"@id\":\"https:\/\/www.plastic-crate.co.uk\/#organization\"},\"potentialAction\":[{\"@type\":\"SearchAction\",\"target\":{\"@type\":\"EntryPoint\",\"urlTemplate\":\"https:\/\/www.plastic-crate.co.uk\/?s={search_term_string}\"},\"query-input\":{\"@type\":\"PropertyValueSpecification\",\"valueRequired\":true,\"valueName\":\"search_term_string\"}}],\"inLanguage\":\"de\"},{\"@type\":\"Organization\",\"@id\":\"https:\/\/www.plastic-crate.co.uk\/#organization\",\"name\":\"Euro crates Manufacturer\",\"url\":\"https:\/\/www.plastic-crate.co.uk\/\",\"logo\":{\"@type\":\"ImageObject\",\"inLanguage\":\"de\",\"@id\":\"https:\/\/www.plastic-crate.co.uk\/#\/schema\/logo\/image\/\",\"url\":\"https:\/\/www.plastic-crate.co.uk\/wp-content\/uploads\/2020\/10\/cropped-logo.png\",\"contentUrl\":\"https:\/\/www.plastic-crate.co.uk\/wp-content\/uploads\/2020\/10\/cropped-logo.png\",\"width\":300,\"height\":66,\"caption\":\"Euro crates Manufacturer\"},\"image\":{\"@id\":\"https:\/\/www.plastic-crate.co.uk\/#\/schema\/logo\/image\/\"}}]}<\/script>\n<!-- \/ Yoast SEO plugin. -->","yoast_head_json":{"title":"Insektenbeh\u00e4lter aus Kunststoff - Hersteller von Eurokisten","robots":{"index":"index","follow":"follow","max-snippet":"max-snippet:-1","max-image-preview":"max-image-preview:large","max-video-preview":"max-video-preview:-1"},"canonical":"https:\/\/www.plastic-crate.co.uk\/de\/produkt\/plastic-insect-containers\/","og_locale":"de_DE","og_type":"article","og_title":"plastic insect containers - Euro crates Manufacturer","og_description":"Boost your operational efficiency with our high-quality Plastic Insect Containers, meticulously designed for the demands of the B2B wholesale market. These containers are the perfect solution for businesses involved in the transportation and storage of insects, providing durability and convenience. Applications: Ideal for insect farming, pet suppliers, and laboratories, these containers meet the rigorous needs &hellip; plastic insect containers Read More &raquo;","og_url":"https:\/\/www.plastic-crate.co.uk\/de\/produkt\/plastic-insect-containers\/","og_site_name":"Euro crates Manufacturer","article_modified_time":"2025-09-15T14:10:39+00:00","og_image":[{"width":2000,"height":2000,"url":"https:\/\/www.plastic-crate.co.uk\/wp-content\/uploads\/2025\/09\/plastic-insect-containers-1.jpg","type":"image\/jpeg"}],"twitter_card":"summary_large_image","twitter_misc":{"Est. reading time":"2\u00a0Minuten"},"schema":{"@context":"https:\/\/schema.org","@graph":[{"@type":"WebPage","@id":"https:\/\/www.plastic-crate.co.uk\/product\/plastic-insect-containers\/","url":"https:\/\/www.plastic-crate.co.uk\/product\/plastic-insect-containers\/","name":"Insektenbeh\u00e4lter aus Kunststoff - Hersteller von Eurokisten","isPartOf":{"@id":"https:\/\/www.plastic-crate.co.uk\/#website"},"primaryImageOfPage":{"@id":"https:\/\/www.plastic-crate.co.uk\/product\/plastic-insect-containers\/#primaryimage"},"image":{"@id":"https:\/\/www.plastic-crate.co.uk\/product\/plastic-insect-containers\/#primaryimage"},"thumbnailUrl":"https:\/\/www.plastic-crate.co.uk\/wp-content\/uploads\/2025\/09\/plastic-insect-containers-1.jpg","datePublished":"2025-09-15T13:56:21+00:00","dateModified":"2025-09-15T14:10:39+00:00","breadcrumb":{"@id":"https:\/\/www.plastic-crate.co.uk\/product\/plastic-insect-containers\/#breadcrumb"},"inLanguage":"de","potentialAction":[{"@type":"ReadAction","target":["https:\/\/www.plastic-crate.co.uk\/product\/plastic-insect-containers\/"]}]},{"@type":"ImageObject","inLanguage":"de","@id":"https:\/\/www.plastic-crate.co.uk\/product\/plastic-insect-containers\/#primaryimage","url":"https:\/\/www.plastic-crate.co.uk\/wp-content\/uploads\/2025\/09\/plastic-insect-containers-1.jpg","contentUrl":"https:\/\/www.plastic-crate.co.uk\/wp-content\/uploads\/2025\/09\/plastic-insect-containers-1.jpg","width":2000,"height":2000,"caption":"plastic insect containers"},{"@type":"BreadcrumbList","@id":"https:\/\/www.plastic-crate.co.uk\/product\/plastic-insect-containers\/#breadcrumb","itemListElement":[{"@type":"ListItem","position":1,"name":"Shop","item":"https:\/\/www.plastic-crate.co.uk\/shop\/"},{"@type":"ListItem","position":2,"name":"plastic insect containers"}]},{"@type":"WebSite","@id":"https:\/\/www.plastic-crate.co.uk\/#website","url":"https:\/\/www.plastic-crate.co.uk\/","name":"Eurokisten Hersteller","description":"Eurobeh\u00e4lter im Gro\u00dfhandel, Eurokisten aus Kunststoff mit Deckel, Curo-Boxen ohne Deckel","publisher":{"@id":"https:\/\/www.plastic-crate.co.uk\/#organization"},"potentialAction":[{"@type":"SearchAction","target":{"@type":"EntryPoint","urlTemplate":"https:\/\/www.plastic-crate.co.uk\/?s={search_term_string}"},"query-input":{"@type":"PropertyValueSpecification","valueRequired":true,"valueName":"search_term_string"}}],"inLanguage":"de"},{"@type":"Organization","@id":"https:\/\/www.plastic-crate.co.uk\/#organization","name":"Eurokisten Hersteller","url":"https:\/\/www.plastic-crate.co.uk\/","logo":{"@type":"ImageObject","inLanguage":"de","@id":"https:\/\/www.plastic-crate.co.uk\/#\/schema\/logo\/image\/","url":"https:\/\/www.plastic-crate.co.uk\/wp-content\/uploads\/2020\/10\/cropped-logo.png","contentUrl":"https:\/\/www.plastic-crate.co.uk\/wp-content\/uploads\/2020\/10\/cropped-logo.png","width":300,"height":66,"caption":"Euro crates Manufacturer"},"image":{"@id":"https:\/\/www.plastic-crate.co.uk\/#\/schema\/logo\/image\/"}}]}},"_links":{"self":[{"href":"https:\/\/www.plastic-crate.co.uk\/de\/wp-json\/wp\/v2\/product\/6411","targetHints":{"allow":["GET"]}}],"collection":[{"href":"https:\/\/www.plastic-crate.co.uk\/de\/wp-json\/wp\/v2\/product"}],"about":[{"href":"https:\/\/www.plastic-crate.co.uk\/de\/wp-json\/wp\/v2\/types\/product"}],"wp:featuredmedia":[{"embeddable":true,"href":"https:\/\/www.plastic-crate.co.uk\/de\/wp-json\/wp\/v2\/media\/6405"}],"wp:attachment":[{"href":"https:\/\/www.plastic-crate.co.uk\/de\/wp-json\/wp\/v2\/media?parent=6411"}],"wp:term":[{"taxonomy":"product_brand","embeddable":true,"href":"https:\/\/www.plastic-crate.co.uk\/de\/wp-json\/wp\/v2\/product_brand?post=6411"},{"taxonomy":"product_cat","embeddable":true,"href":"https:\/\/www.plastic-crate.co.uk\/de\/wp-json\/wp\/v2\/product_cat?post=6411"},{"taxonomy":"product_tag","embeddable":true,"href":"https:\/\/www.plastic-crate.co.uk\/de\/wp-json\/wp\/v2\/product_tag?post=6411"}],"curies":[{"name":"wp","href":"https:\/\/api.w.org\/{rel}","templated":true}]}}