{"id":6354,"date":"2025-09-10T19:31:00","date_gmt":"2025-09-10T19:31:00","guid":{"rendered":"https:\/\/www.plastic-crate.co.uk\/product\/pizza-proofing-containers-wholesale\/"},"modified":"2025-09-15T13:10:33","modified_gmt":"2025-09-15T13:10:33","slug":"pizza-proofing-containers-wholesale","status":"publish","type":"product","link":"https:\/\/www.plastic-crate.co.uk\/de\/produkt\/pizza-proofing-containers-wholesale\/","title":{"rendered":"Pizza-G\u00e4rbeh\u00e4lter Gro\u00dfhandel"},"content":{"rendered":"<p>Unser Gro\u00dfhandelssortiment an G\u00e4rbeh\u00e4ltern f\u00fcr Pizza richtet sich an Pizzerien, B\u00e4ckereien, Restaurants und Lebensmittellieferanten, die zuverl\u00e4ssige L\u00f6sungen zur Teigaufbewahrung in gro\u00dfen Mengen ben\u00f6tigen. Hergestellt aus robustem, lebensmittelechtem Kunststoff, erhalten diese Beh\u00e4lter die Frische des Teigs, unterst\u00fctzen die ordnungsgem\u00e4\u00dfe G\u00e4rung und verhindern Verunreinigungen w\u00e4hrend Lagerung und Transport.<\/p>\n<p>Das stapelbare Design spart wertvollen Platz in der K\u00fcche, w\u00e4hrend dicht schlie\u00dfende Deckel f\u00fcr eine gleichbleibende Teigqualit\u00e4t sorgen. Mit Gro\u00dfhandelsoptionen bieten wir kosteng\u00fcnstige L\u00f6sungen f\u00fcr H\u00e4ndler, Gro\u00dfk\u00fcchen und Catering-Unternehmen, die gro\u00dfe Teigmengen verarbeiten.<\/p>\n<p>Wir bieten auch OEM- und ODM-Anpassungen f\u00fcr Unternehmen an, die Marken-Pizza-G\u00e4rbeh\u00e4lter, bestimmte Gr\u00f6\u00dfen oder ma\u00dfgeschneiderte Designs ben\u00f6tigen. Mit wettbewerbsf\u00e4higen Mengenpreisen und zuverl\u00e4ssigem weltweiten Versand sind unsere Gro\u00dfhandels-Pizza-G\u00e4rbeh\u00e4lter die ideale Wahl f\u00fcr professionelles Teigmanagement im gro\u00dfen Ma\u00dfstab.<\/p>","protected":false},"excerpt":{"rendered":"<p>Our pizza proofing containers wholesale range is designed for pizzerias, bakeries, restaurants, and food service suppliers that need reliable dough storage solutions in bulk. Made from heavy-duty, food-grade plastic, these containers maintain dough freshness, support proper fermentation, and prevent contamination during storage and transport. The stackable design helps save valuable kitchen space, while tight-fitting lids &hellip;<\/p>\n<p class=\"read-more\"> <a class=\"\" href=\"https:\/\/www.plastic-crate.co.uk\/de\/produkt\/pizza-proofing-containers-wholesale\/\"> <span class=\"screen-reader-text\">Pizza-G\u00e4rbeh\u00e4lter Gro\u00dfhandel<\/span> Mehr lesen &quot;<\/a><\/p>","protected":false},"featured_media":6347,"template":"","meta":{"_acf_changed":false,"site-sidebar-layout":"default","site-content-layout":"default","ast-main-header-display":"","ast-hfb-above-header-display":"","ast-hfb-below-header-display":"","ast-hfb-mobile-header-display":"","site-post-title":"","ast-breadcrumbs-content":"","ast-featured-img":"","footer-sml-layout":"","theme-transparent-header-meta":"","adv-header-id-meta":"","stick-header-meta":"","header-above-stick-meta":"","header-main-stick-meta":"","header-below-stick-meta":""},"product_brand":[],"product_cat":[84],"product_tag":[98],"class_list":{"0":"post-6354","1":"product","2":"type-product","3":"status-publish","4":"has-post-thumbnail","6":"product_cat-plastic-trays","7":"product_tag-pizza-dough-trays","9":"first","10":"instock","11":"shipping-taxable","12":"product-type-simple"},"acf":[],"yoast_head":"<!-- This site is optimized with the Yoast SEO plugin v26.9 - https:\/\/yoast.com\/product\/yoast-seo-wordpress\/ -->\n<title>Pizza proofing containers wholesale - Euro crates Manufacturer<\/title>\n<meta name=\"robots\" content=\"index, follow, max-snippet:-1, max-image-preview:large, max-video-preview:-1\" \/>\n<link rel=\"canonical\" href=\"https:\/\/www.plastic-crate.co.uk\/de\/produkt\/pizza-proofing-containers-wholesale\/\" \/>\n<meta property=\"og:locale\" content=\"de_DE\" \/>\n<meta property=\"og:type\" content=\"article\" \/>\n<meta property=\"og:title\" content=\"Pizza proofing containers wholesale - Euro crates Manufacturer\" \/>\n<meta property=\"og:description\" content=\"Our pizza proofing containers wholesale range is designed for pizzerias, bakeries, restaurants, and food service suppliers that need reliable dough storage solutions in bulk. Made from heavy-duty, food-grade plastic, these containers maintain dough freshness, support proper fermentation, and prevent contamination during storage and transport. The stackable design helps save valuable kitchen space, while tight-fitting lids &hellip; Pizza proofing containers wholesale Read More &raquo;\" \/>\n<meta property=\"og:url\" content=\"https:\/\/www.plastic-crate.co.uk\/de\/produkt\/pizza-proofing-containers-wholesale\/\" \/>\n<meta property=\"og:site_name\" content=\"Euro crates Manufacturer\" \/>\n<meta property=\"article:modified_time\" content=\"2025-09-15T13:10:33+00:00\" \/>\n<meta property=\"og:image\" content=\"https:\/\/www.plastic-crate.co.uk\/wp-content\/uploads\/2025\/09\/pizza-proofing-containers-wholesale-1.jpg\" \/>\n\t<meta property=\"og:image:width\" content=\"2000\" \/>\n\t<meta property=\"og:image:height\" content=\"2000\" \/>\n\t<meta property=\"og:image:type\" content=\"image\/jpeg\" \/>\n<meta name=\"twitter:card\" content=\"summary_large_image\" \/>\n<meta name=\"twitter:label1\" content=\"Est. reading time\" \/>\n\t<meta name=\"twitter:data1\" content=\"1\u00a0Minute\" \/>\n<script type=\"application\/ld+json\" class=\"yoast-schema-graph\">{\"@context\":\"https:\/\/schema.org\",\"@graph\":[{\"@type\":\"WebPage\",\"@id\":\"https:\/\/www.plastic-crate.co.uk\/product\/pizza-proofing-containers-wholesale\/\",\"url\":\"https:\/\/www.plastic-crate.co.uk\/product\/pizza-proofing-containers-wholesale\/\",\"name\":\"Pizza proofing containers wholesale - Euro crates Manufacturer\",\"isPartOf\":{\"@id\":\"https:\/\/www.plastic-crate.co.uk\/#website\"},\"primaryImageOfPage\":{\"@id\":\"https:\/\/www.plastic-crate.co.uk\/product\/pizza-proofing-containers-wholesale\/#primaryimage\"},\"image\":{\"@id\":\"https:\/\/www.plastic-crate.co.uk\/product\/pizza-proofing-containers-wholesale\/#primaryimage\"},\"thumbnailUrl\":\"https:\/\/www.plastic-crate.co.uk\/wp-content\/uploads\/2025\/09\/pizza-proofing-containers-wholesale-1.jpg\",\"datePublished\":\"2025-09-10T19:31:00+00:00\",\"dateModified\":\"2025-09-15T13:10:33+00:00\",\"breadcrumb\":{\"@id\":\"https:\/\/www.plastic-crate.co.uk\/product\/pizza-proofing-containers-wholesale\/#breadcrumb\"},\"inLanguage\":\"de\",\"potentialAction\":[{\"@type\":\"ReadAction\",\"target\":[\"https:\/\/www.plastic-crate.co.uk\/product\/pizza-proofing-containers-wholesale\/\"]}]},{\"@type\":\"ImageObject\",\"inLanguage\":\"de\",\"@id\":\"https:\/\/www.plastic-crate.co.uk\/product\/pizza-proofing-containers-wholesale\/#primaryimage\",\"url\":\"https:\/\/www.plastic-crate.co.uk\/wp-content\/uploads\/2025\/09\/pizza-proofing-containers-wholesale-1.jpg\",\"contentUrl\":\"https:\/\/www.plastic-crate.co.uk\/wp-content\/uploads\/2025\/09\/pizza-proofing-containers-wholesale-1.jpg\",\"width\":2000,\"height\":2000,\"caption\":\"pizza proofing containers wholesale\"},{\"@type\":\"BreadcrumbList\",\"@id\":\"https:\/\/www.plastic-crate.co.uk\/product\/pizza-proofing-containers-wholesale\/#breadcrumb\",\"itemListElement\":[{\"@type\":\"ListItem\",\"position\":1,\"name\":\"Shop\",\"item\":\"https:\/\/www.plastic-crate.co.uk\/shop\/\"},{\"@type\":\"ListItem\",\"position\":2,\"name\":\"Pizza proofing containers wholesale\"}]},{\"@type\":\"WebSite\",\"@id\":\"https:\/\/www.plastic-crate.co.uk\/#website\",\"url\":\"https:\/\/www.plastic-crate.co.uk\/\",\"name\":\"Euro crates Manufacturer\",\"description\":\"wholesale Euro containers, plastic euro crates with lids, curo boxes without lids\",\"publisher\":{\"@id\":\"https:\/\/www.plastic-crate.co.uk\/#organization\"},\"potentialAction\":[{\"@type\":\"SearchAction\",\"target\":{\"@type\":\"EntryPoint\",\"urlTemplate\":\"https:\/\/www.plastic-crate.co.uk\/?s={search_term_string}\"},\"query-input\":{\"@type\":\"PropertyValueSpecification\",\"valueRequired\":true,\"valueName\":\"search_term_string\"}}],\"inLanguage\":\"de\"},{\"@type\":\"Organization\",\"@id\":\"https:\/\/www.plastic-crate.co.uk\/#organization\",\"name\":\"Euro crates Manufacturer\",\"url\":\"https:\/\/www.plastic-crate.co.uk\/\",\"logo\":{\"@type\":\"ImageObject\",\"inLanguage\":\"de\",\"@id\":\"https:\/\/www.plastic-crate.co.uk\/#\/schema\/logo\/image\/\",\"url\":\"https:\/\/www.plastic-crate.co.uk\/wp-content\/uploads\/2020\/10\/cropped-logo.png\",\"contentUrl\":\"https:\/\/www.plastic-crate.co.uk\/wp-content\/uploads\/2020\/10\/cropped-logo.png\",\"width\":300,\"height\":66,\"caption\":\"Euro crates Manufacturer\"},\"image\":{\"@id\":\"https:\/\/www.plastic-crate.co.uk\/#\/schema\/logo\/image\/\"}}]}<\/script>\n<!-- \/ Yoast SEO plugin. -->","yoast_head_json":{"title":"Pizza-G\u00e4rbeh\u00e4lter Gro\u00dfhandel - Eurokisten Hersteller","robots":{"index":"index","follow":"follow","max-snippet":"max-snippet:-1","max-image-preview":"max-image-preview:large","max-video-preview":"max-video-preview:-1"},"canonical":"https:\/\/www.plastic-crate.co.uk\/de\/produkt\/pizza-proofing-containers-wholesale\/","og_locale":"de_DE","og_type":"article","og_title":"Pizza proofing containers wholesale - Euro crates Manufacturer","og_description":"Our pizza proofing containers wholesale range is designed for pizzerias, bakeries, restaurants, and food service suppliers that need reliable dough storage solutions in bulk. Made from heavy-duty, food-grade plastic, these containers maintain dough freshness, support proper fermentation, and prevent contamination during storage and transport. The stackable design helps save valuable kitchen space, while tight-fitting lids &hellip; Pizza proofing containers wholesale Read More &raquo;","og_url":"https:\/\/www.plastic-crate.co.uk\/de\/produkt\/pizza-proofing-containers-wholesale\/","og_site_name":"Euro crates Manufacturer","article_modified_time":"2025-09-15T13:10:33+00:00","og_image":[{"width":2000,"height":2000,"url":"https:\/\/www.plastic-crate.co.uk\/wp-content\/uploads\/2025\/09\/pizza-proofing-containers-wholesale-1.jpg","type":"image\/jpeg"}],"twitter_card":"summary_large_image","twitter_misc":{"Est. reading time":"1\u00a0Minute"},"schema":{"@context":"https:\/\/schema.org","@graph":[{"@type":"WebPage","@id":"https:\/\/www.plastic-crate.co.uk\/product\/pizza-proofing-containers-wholesale\/","url":"https:\/\/www.plastic-crate.co.uk\/product\/pizza-proofing-containers-wholesale\/","name":"Pizza-G\u00e4rbeh\u00e4lter Gro\u00dfhandel - Eurokisten Hersteller","isPartOf":{"@id":"https:\/\/www.plastic-crate.co.uk\/#website"},"primaryImageOfPage":{"@id":"https:\/\/www.plastic-crate.co.uk\/product\/pizza-proofing-containers-wholesale\/#primaryimage"},"image":{"@id":"https:\/\/www.plastic-crate.co.uk\/product\/pizza-proofing-containers-wholesale\/#primaryimage"},"thumbnailUrl":"https:\/\/www.plastic-crate.co.uk\/wp-content\/uploads\/2025\/09\/pizza-proofing-containers-wholesale-1.jpg","datePublished":"2025-09-10T19:31:00+00:00","dateModified":"2025-09-15T13:10:33+00:00","breadcrumb":{"@id":"https:\/\/www.plastic-crate.co.uk\/product\/pizza-proofing-containers-wholesale\/#breadcrumb"},"inLanguage":"de","potentialAction":[{"@type":"ReadAction","target":["https:\/\/www.plastic-crate.co.uk\/product\/pizza-proofing-containers-wholesale\/"]}]},{"@type":"ImageObject","inLanguage":"de","@id":"https:\/\/www.plastic-crate.co.uk\/product\/pizza-proofing-containers-wholesale\/#primaryimage","url":"https:\/\/www.plastic-crate.co.uk\/wp-content\/uploads\/2025\/09\/pizza-proofing-containers-wholesale-1.jpg","contentUrl":"https:\/\/www.plastic-crate.co.uk\/wp-content\/uploads\/2025\/09\/pizza-proofing-containers-wholesale-1.jpg","width":2000,"height":2000,"caption":"pizza proofing containers wholesale"},{"@type":"BreadcrumbList","@id":"https:\/\/www.plastic-crate.co.uk\/product\/pizza-proofing-containers-wholesale\/#breadcrumb","itemListElement":[{"@type":"ListItem","position":1,"name":"Shop","item":"https:\/\/www.plastic-crate.co.uk\/shop\/"},{"@type":"ListItem","position":2,"name":"Pizza proofing containers wholesale"}]},{"@type":"WebSite","@id":"https:\/\/www.plastic-crate.co.uk\/#website","url":"https:\/\/www.plastic-crate.co.uk\/","name":"Eurokisten Hersteller","description":"Eurobeh\u00e4lter im Gro\u00dfhandel, Eurokisten aus Kunststoff mit Deckel, Curo-Boxen ohne Deckel","publisher":{"@id":"https:\/\/www.plastic-crate.co.uk\/#organization"},"potentialAction":[{"@type":"SearchAction","target":{"@type":"EntryPoint","urlTemplate":"https:\/\/www.plastic-crate.co.uk\/?s={search_term_string}"},"query-input":{"@type":"PropertyValueSpecification","valueRequired":true,"valueName":"search_term_string"}}],"inLanguage":"de"},{"@type":"Organization","@id":"https:\/\/www.plastic-crate.co.uk\/#organization","name":"Eurokisten Hersteller","url":"https:\/\/www.plastic-crate.co.uk\/","logo":{"@type":"ImageObject","inLanguage":"de","@id":"https:\/\/www.plastic-crate.co.uk\/#\/schema\/logo\/image\/","url":"https:\/\/www.plastic-crate.co.uk\/wp-content\/uploads\/2020\/10\/cropped-logo.png","contentUrl":"https:\/\/www.plastic-crate.co.uk\/wp-content\/uploads\/2020\/10\/cropped-logo.png","width":300,"height":66,"caption":"Euro crates Manufacturer"},"image":{"@id":"https:\/\/www.plastic-crate.co.uk\/#\/schema\/logo\/image\/"}}]}},"_links":{"self":[{"href":"https:\/\/www.plastic-crate.co.uk\/de\/wp-json\/wp\/v2\/product\/6354","targetHints":{"allow":["GET"]}}],"collection":[{"href":"https:\/\/www.plastic-crate.co.uk\/de\/wp-json\/wp\/v2\/product"}],"about":[{"href":"https:\/\/www.plastic-crate.co.uk\/de\/wp-json\/wp\/v2\/types\/product"}],"wp:featuredmedia":[{"embeddable":true,"href":"https:\/\/www.plastic-crate.co.uk\/de\/wp-json\/wp\/v2\/media\/6347"}],"wp:attachment":[{"href":"https:\/\/www.plastic-crate.co.uk\/de\/wp-json\/wp\/v2\/media?parent=6354"}],"wp:term":[{"taxonomy":"product_brand","embeddable":true,"href":"https:\/\/www.plastic-crate.co.uk\/de\/wp-json\/wp\/v2\/product_brand?post=6354"},{"taxonomy":"product_cat","embeddable":true,"href":"https:\/\/www.plastic-crate.co.uk\/de\/wp-json\/wp\/v2\/product_cat?post=6354"},{"taxonomy":"product_tag","embeddable":true,"href":"https:\/\/www.plastic-crate.co.uk\/de\/wp-json\/wp\/v2\/product_tag?post=6354"}],"curies":[{"name":"wp","href":"https:\/\/api.w.org\/{rel}","templated":true}]}}