{"id":6345,"date":"2025-09-10T19:01:56","date_gmt":"2025-09-10T19:01:56","guid":{"rendered":"https:\/\/www.plastic-crate.co.uk\/product\/pizza-proofing-box-wholesale\/"},"modified":"2025-09-15T13:10:40","modified_gmt":"2025-09-15T13:10:40","slug":"pizza-proofing-box-wholesale","status":"publish","type":"product","link":"https:\/\/www.plastic-crate.co.uk\/de\/produkt\/pizza-proofing-box-wholesale\/","title":{"rendered":"Pizza-G\u00e4rbox Gro\u00dfhandel"},"content":{"rendered":"<p>Unsere Pizza-G\u00e4rboxen sind f\u00fcr professionelle K\u00fcchen, B\u00e4ckereien und Pizzerien konzipiert, die Wert auf Effizienz, Langlebigkeit und gleichbleibende Teigqualit\u00e4t legen. Hergestellt aus lebensmittelechtem, strapazierf\u00e4higem Kunststoff, sch\u00fctzen diese Beh\u00e4lter den Teig w\u00e4hrend der G\u00e4rung, verhindern Verunreinigungen und sorgen f\u00fcr die richtige Fl\u00fcssigkeitszufuhr f\u00fcr ein perfektes Aufgehen.<\/p>\n<div style=\"width: 1920px;\" class=\"wp-video\"><video class=\"wp-video-shortcode\" id=\"video-6345-1\" width=\"1920\" height=\"1080\" preload=\"metadata\" controls=\"controls\"><source type=\"video\/mp4\" src=\"https:\/\/www.plastic-crate.co.uk\/wp-content\/uploads\/2025\/09\/pizza-proofing-box-wholesale-db6472.mp4?_=1\" \/><a href=\"https:\/\/www.plastic-crate.co.uk\/wp-content\/uploads\/2025\/09\/pizza-proofing-box-wholesale-db6472.mp4\">https:\/\/www.plastic-crate.co.uk\/wp-content\/uploads\/2025\/09\/pizza-proofing-box-wholesale-db6472.mp4<\/a><\/video><\/div>\n<p>Als Gro\u00dfhandelslieferant bieten wir Gro\u00dfbestellungen f\u00fcr Gro\u00dfh\u00e4ndler, Restaurantketten und Cateringunternehmen an. Das stapelbare Design unserer Pizza-G\u00e4rboxen maximiert den Lagerraum, optimiert die Arbeitsabl\u00e4ufe in der K\u00fcche und reduziert die Logistikkosten.<\/p>\n<p>Wir bieten auch OEM\/ODM-Anpassungen \u2013 einschlie\u00dflich Gr\u00f6\u00dfen, Farben und Branding \u2013 an, um Ihren spezifischen Gesch\u00e4ftsanforderungen gerecht zu werden. Mit wettbewerbsf\u00e4higen Gro\u00dfhandelspreisen und zuverl\u00e4ssigem weltweiten Versand sind unsere G\u00e4rbeh\u00e4lter f\u00fcr Pizza die bew\u00e4hrte Wahl f\u00fcr Unternehmen, die langfristige und kosteng\u00fcnstige L\u00f6sungen f\u00fcr das Teigmanagement suchen.<\/p>","protected":false},"excerpt":{"rendered":"<p>Our pizza proofing boxes are designed for professional kitchens, bakeries, and pizzerias that demand efficiency, durability, and consistent dough quality. Manufactured from food-grade, heavy-duty plastic, these containers protect dough during fermentation, prevent contamination, and ensure proper hydration for the perfect rise. As a wholesale supplier, we offer bulk purchasing options tailored for distributors, restaurant chains, &hellip;<\/p>\n<p class=\"read-more\"> <a class=\"\" href=\"https:\/\/www.plastic-crate.co.uk\/de\/produkt\/pizza-proofing-box-wholesale\/\"> <span class=\"screen-reader-text\">Pizza-G\u00e4rbox Gro\u00dfhandel<\/span> Mehr lesen &quot;<\/a><\/p>","protected":false},"featured_media":6338,"template":"","meta":{"_acf_changed":false,"site-sidebar-layout":"default","site-content-layout":"default","ast-main-header-display":"","ast-hfb-above-header-display":"","ast-hfb-below-header-display":"","ast-hfb-mobile-header-display":"","site-post-title":"","ast-breadcrumbs-content":"","ast-featured-img":"","footer-sml-layout":"","theme-transparent-header-meta":"","adv-header-id-meta":"","stick-header-meta":"","header-above-stick-meta":"","header-main-stick-meta":"","header-below-stick-meta":""},"product_brand":[],"product_cat":[84],"product_tag":[98],"class_list":{"0":"post-6345","1":"product","2":"type-product","3":"status-publish","4":"has-post-thumbnail","6":"product_cat-plastic-trays","7":"product_tag-pizza-dough-trays","9":"first","10":"instock","11":"shipping-taxable","12":"product-type-simple"},"acf":[],"yoast_head":"<!-- This site is optimized with the Yoast SEO plugin v26.9 - https:\/\/yoast.com\/product\/yoast-seo-wordpress\/ -->\n<title>Pizza proofing box wholesale - Euro crates Manufacturer<\/title>\n<meta name=\"robots\" content=\"index, follow, max-snippet:-1, max-image-preview:large, max-video-preview:-1\" \/>\n<link rel=\"canonical\" href=\"https:\/\/www.plastic-crate.co.uk\/de\/produkt\/pizza-proofing-box-wholesale\/\" \/>\n<meta property=\"og:locale\" content=\"de_DE\" \/>\n<meta property=\"og:type\" content=\"article\" \/>\n<meta property=\"og:title\" content=\"Pizza proofing box wholesale - Euro crates Manufacturer\" \/>\n<meta property=\"og:description\" content=\"Our pizza proofing boxes are designed for professional kitchens, bakeries, and pizzerias that demand efficiency, durability, and consistent dough quality. Manufactured from food-grade, heavy-duty plastic, these containers protect dough during fermentation, prevent contamination, and ensure proper hydration for the perfect rise. As a wholesale supplier, we offer bulk purchasing options tailored for distributors, restaurant chains, &hellip; Pizza proofing box wholesale Read More &raquo;\" \/>\n<meta property=\"og:url\" content=\"https:\/\/www.plastic-crate.co.uk\/de\/produkt\/pizza-proofing-box-wholesale\/\" \/>\n<meta property=\"og:site_name\" content=\"Euro crates Manufacturer\" \/>\n<meta property=\"article:modified_time\" content=\"2025-09-15T13:10:40+00:00\" \/>\n<meta property=\"og:image\" content=\"https:\/\/www.plastic-crate.co.uk\/wp-content\/uploads\/2025\/09\/pizza-proofing-box-wholesale-1.jpg\" \/>\n\t<meta property=\"og:image:width\" content=\"2000\" \/>\n\t<meta property=\"og:image:height\" content=\"2000\" \/>\n\t<meta property=\"og:image:type\" content=\"image\/jpeg\" \/>\n<meta name=\"twitter:card\" content=\"summary_large_image\" \/>\n<meta name=\"twitter:label1\" content=\"Est. reading time\" \/>\n\t<meta name=\"twitter:data1\" content=\"1\u00a0Minute\" \/>\n<script type=\"application\/ld+json\" class=\"yoast-schema-graph\">{\"@context\":\"https:\/\/schema.org\",\"@graph\":[{\"@type\":\"WebPage\",\"@id\":\"https:\/\/www.plastic-crate.co.uk\/product\/pizza-proofing-box-wholesale\/\",\"url\":\"https:\/\/www.plastic-crate.co.uk\/product\/pizza-proofing-box-wholesale\/\",\"name\":\"Pizza proofing box wholesale - Euro crates Manufacturer\",\"isPartOf\":{\"@id\":\"https:\/\/www.plastic-crate.co.uk\/#website\"},\"primaryImageOfPage\":{\"@id\":\"https:\/\/www.plastic-crate.co.uk\/product\/pizza-proofing-box-wholesale\/#primaryimage\"},\"image\":{\"@id\":\"https:\/\/www.plastic-crate.co.uk\/product\/pizza-proofing-box-wholesale\/#primaryimage\"},\"thumbnailUrl\":\"https:\/\/www.plastic-crate.co.uk\/wp-content\/uploads\/2025\/09\/pizza-proofing-box-wholesale-1.jpg\",\"datePublished\":\"2025-09-10T19:01:56+00:00\",\"dateModified\":\"2025-09-15T13:10:40+00:00\",\"breadcrumb\":{\"@id\":\"https:\/\/www.plastic-crate.co.uk\/product\/pizza-proofing-box-wholesale\/#breadcrumb\"},\"inLanguage\":\"de\",\"potentialAction\":[{\"@type\":\"ReadAction\",\"target\":[\"https:\/\/www.plastic-crate.co.uk\/product\/pizza-proofing-box-wholesale\/\"]}]},{\"@type\":\"ImageObject\",\"inLanguage\":\"de\",\"@id\":\"https:\/\/www.plastic-crate.co.uk\/product\/pizza-proofing-box-wholesale\/#primaryimage\",\"url\":\"https:\/\/www.plastic-crate.co.uk\/wp-content\/uploads\/2025\/09\/pizza-proofing-box-wholesale-1.jpg\",\"contentUrl\":\"https:\/\/www.plastic-crate.co.uk\/wp-content\/uploads\/2025\/09\/pizza-proofing-box-wholesale-1.jpg\",\"width\":2000,\"height\":2000,\"caption\":\"pizza proofing box wholesale\"},{\"@type\":\"BreadcrumbList\",\"@id\":\"https:\/\/www.plastic-crate.co.uk\/product\/pizza-proofing-box-wholesale\/#breadcrumb\",\"itemListElement\":[{\"@type\":\"ListItem\",\"position\":1,\"name\":\"Shop\",\"item\":\"https:\/\/www.plastic-crate.co.uk\/shop\/\"},{\"@type\":\"ListItem\",\"position\":2,\"name\":\"Pizza proofing box wholesale\"}]},{\"@type\":\"WebSite\",\"@id\":\"https:\/\/www.plastic-crate.co.uk\/#website\",\"url\":\"https:\/\/www.plastic-crate.co.uk\/\",\"name\":\"Euro crates Manufacturer\",\"description\":\"wholesale Euro containers, plastic euro crates with lids, curo boxes without lids\",\"publisher\":{\"@id\":\"https:\/\/www.plastic-crate.co.uk\/#organization\"},\"potentialAction\":[{\"@type\":\"SearchAction\",\"target\":{\"@type\":\"EntryPoint\",\"urlTemplate\":\"https:\/\/www.plastic-crate.co.uk\/?s={search_term_string}\"},\"query-input\":{\"@type\":\"PropertyValueSpecification\",\"valueRequired\":true,\"valueName\":\"search_term_string\"}}],\"inLanguage\":\"de\"},{\"@type\":\"Organization\",\"@id\":\"https:\/\/www.plastic-crate.co.uk\/#organization\",\"name\":\"Euro crates Manufacturer\",\"url\":\"https:\/\/www.plastic-crate.co.uk\/\",\"logo\":{\"@type\":\"ImageObject\",\"inLanguage\":\"de\",\"@id\":\"https:\/\/www.plastic-crate.co.uk\/#\/schema\/logo\/image\/\",\"url\":\"https:\/\/www.plastic-crate.co.uk\/wp-content\/uploads\/2020\/10\/cropped-logo.png\",\"contentUrl\":\"https:\/\/www.plastic-crate.co.uk\/wp-content\/uploads\/2020\/10\/cropped-logo.png\",\"width\":300,\"height\":66,\"caption\":\"Euro crates Manufacturer\"},\"image\":{\"@id\":\"https:\/\/www.plastic-crate.co.uk\/#\/schema\/logo\/image\/\"}}]}<\/script>\n<!-- \/ Yoast SEO plugin. -->","yoast_head_json":{"title":"Pizza-G\u00e4rbox Gro\u00dfhandel - Eurokisten Hersteller","robots":{"index":"index","follow":"follow","max-snippet":"max-snippet:-1","max-image-preview":"max-image-preview:large","max-video-preview":"max-video-preview:-1"},"canonical":"https:\/\/www.plastic-crate.co.uk\/de\/produkt\/pizza-proofing-box-wholesale\/","og_locale":"de_DE","og_type":"article","og_title":"Pizza proofing box wholesale - Euro crates Manufacturer","og_description":"Our pizza proofing boxes are designed for professional kitchens, bakeries, and pizzerias that demand efficiency, durability, and consistent dough quality. Manufactured from food-grade, heavy-duty plastic, these containers protect dough during fermentation, prevent contamination, and ensure proper hydration for the perfect rise. As a wholesale supplier, we offer bulk purchasing options tailored for distributors, restaurant chains, &hellip; Pizza proofing box wholesale Read More &raquo;","og_url":"https:\/\/www.plastic-crate.co.uk\/de\/produkt\/pizza-proofing-box-wholesale\/","og_site_name":"Euro crates Manufacturer","article_modified_time":"2025-09-15T13:10:40+00:00","og_image":[{"width":2000,"height":2000,"url":"https:\/\/www.plastic-crate.co.uk\/wp-content\/uploads\/2025\/09\/pizza-proofing-box-wholesale-1.jpg","type":"image\/jpeg"}],"twitter_card":"summary_large_image","twitter_misc":{"Est. reading time":"1\u00a0Minute"},"schema":{"@context":"https:\/\/schema.org","@graph":[{"@type":"WebPage","@id":"https:\/\/www.plastic-crate.co.uk\/product\/pizza-proofing-box-wholesale\/","url":"https:\/\/www.plastic-crate.co.uk\/product\/pizza-proofing-box-wholesale\/","name":"Pizza-G\u00e4rbox Gro\u00dfhandel - Eurokisten Hersteller","isPartOf":{"@id":"https:\/\/www.plastic-crate.co.uk\/#website"},"primaryImageOfPage":{"@id":"https:\/\/www.plastic-crate.co.uk\/product\/pizza-proofing-box-wholesale\/#primaryimage"},"image":{"@id":"https:\/\/www.plastic-crate.co.uk\/product\/pizza-proofing-box-wholesale\/#primaryimage"},"thumbnailUrl":"https:\/\/www.plastic-crate.co.uk\/wp-content\/uploads\/2025\/09\/pizza-proofing-box-wholesale-1.jpg","datePublished":"2025-09-10T19:01:56+00:00","dateModified":"2025-09-15T13:10:40+00:00","breadcrumb":{"@id":"https:\/\/www.plastic-crate.co.uk\/product\/pizza-proofing-box-wholesale\/#breadcrumb"},"inLanguage":"de","potentialAction":[{"@type":"ReadAction","target":["https:\/\/www.plastic-crate.co.uk\/product\/pizza-proofing-box-wholesale\/"]}]},{"@type":"ImageObject","inLanguage":"de","@id":"https:\/\/www.plastic-crate.co.uk\/product\/pizza-proofing-box-wholesale\/#primaryimage","url":"https:\/\/www.plastic-crate.co.uk\/wp-content\/uploads\/2025\/09\/pizza-proofing-box-wholesale-1.jpg","contentUrl":"https:\/\/www.plastic-crate.co.uk\/wp-content\/uploads\/2025\/09\/pizza-proofing-box-wholesale-1.jpg","width":2000,"height":2000,"caption":"pizza proofing box wholesale"},{"@type":"BreadcrumbList","@id":"https:\/\/www.plastic-crate.co.uk\/product\/pizza-proofing-box-wholesale\/#breadcrumb","itemListElement":[{"@type":"ListItem","position":1,"name":"Shop","item":"https:\/\/www.plastic-crate.co.uk\/shop\/"},{"@type":"ListItem","position":2,"name":"Pizza proofing box wholesale"}]},{"@type":"WebSite","@id":"https:\/\/www.plastic-crate.co.uk\/#website","url":"https:\/\/www.plastic-crate.co.uk\/","name":"Eurokisten Hersteller","description":"Eurobeh\u00e4lter im Gro\u00dfhandel, Eurokisten aus Kunststoff mit Deckel, Curo-Boxen ohne Deckel","publisher":{"@id":"https:\/\/www.plastic-crate.co.uk\/#organization"},"potentialAction":[{"@type":"SearchAction","target":{"@type":"EntryPoint","urlTemplate":"https:\/\/www.plastic-crate.co.uk\/?s={search_term_string}"},"query-input":{"@type":"PropertyValueSpecification","valueRequired":true,"valueName":"search_term_string"}}],"inLanguage":"de"},{"@type":"Organization","@id":"https:\/\/www.plastic-crate.co.uk\/#organization","name":"Eurokisten Hersteller","url":"https:\/\/www.plastic-crate.co.uk\/","logo":{"@type":"ImageObject","inLanguage":"de","@id":"https:\/\/www.plastic-crate.co.uk\/#\/schema\/logo\/image\/","url":"https:\/\/www.plastic-crate.co.uk\/wp-content\/uploads\/2020\/10\/cropped-logo.png","contentUrl":"https:\/\/www.plastic-crate.co.uk\/wp-content\/uploads\/2020\/10\/cropped-logo.png","width":300,"height":66,"caption":"Euro crates Manufacturer"},"image":{"@id":"https:\/\/www.plastic-crate.co.uk\/#\/schema\/logo\/image\/"}}]}},"_links":{"self":[{"href":"https:\/\/www.plastic-crate.co.uk\/de\/wp-json\/wp\/v2\/product\/6345","targetHints":{"allow":["GET"]}}],"collection":[{"href":"https:\/\/www.plastic-crate.co.uk\/de\/wp-json\/wp\/v2\/product"}],"about":[{"href":"https:\/\/www.plastic-crate.co.uk\/de\/wp-json\/wp\/v2\/types\/product"}],"wp:featuredmedia":[{"embeddable":true,"href":"https:\/\/www.plastic-crate.co.uk\/de\/wp-json\/wp\/v2\/media\/6338"}],"wp:attachment":[{"href":"https:\/\/www.plastic-crate.co.uk\/de\/wp-json\/wp\/v2\/media?parent=6345"}],"wp:term":[{"taxonomy":"product_brand","embeddable":true,"href":"https:\/\/www.plastic-crate.co.uk\/de\/wp-json\/wp\/v2\/product_brand?post=6345"},{"taxonomy":"product_cat","embeddable":true,"href":"https:\/\/www.plastic-crate.co.uk\/de\/wp-json\/wp\/v2\/product_cat?post=6345"},{"taxonomy":"product_tag","embeddable":true,"href":"https:\/\/www.plastic-crate.co.uk\/de\/wp-json\/wp\/v2\/product_tag?post=6345"}],"curies":[{"name":"wp","href":"https:\/\/api.w.org\/{rel}","templated":true}]}}