{"id":6309,"date":"2025-09-07T12:20:40","date_gmt":"2025-09-07T12:20:40","guid":{"rendered":"https:\/\/www.plastic-crate.co.uk\/product\/commercial-pizza-dough-proofing-boxes-db4375\/"},"modified":"2025-09-15T13:11:10","modified_gmt":"2025-09-15T13:11:10","slug":"commercial-pizza-dough-proofing-boxes-db4375","status":"publish","type":"product","link":"https:\/\/www.plastic-crate.co.uk\/de\/produkt\/commercial-pizza-dough-proofing-boxes-db4375\/","title":{"rendered":"Kommerzielle G\u00e4rboxen f\u00fcr Pizzateig DB4375"},"content":{"rendered":"<p>Machen Sie Ihre Pizza mit unseren G\u00e4rboxen f\u00fcr den gewerblichen Pizzateig noch besser. Diese G\u00e4rboxen eignen sich sowohl f\u00fcr Hobbypizzaliebhaber als auch f\u00fcr Profik\u00f6che und sind unverzichtbar f\u00fcr die perfekte Teigkonsistenz.<\/p>\n<p>Hauptmerkmale:<\/p>\n<p>Robuste Konstruktion: Unsere G\u00e4rboxen bestehen aus hochwertigem, lebensmittelechtem Kunststoff und sind so konstruiert, dass sie starker Beanspruchung in gesch\u00e4ftigen K\u00fcchen standhalten und so f\u00fcr Langlebigkeit und Zuverl\u00e4ssigkeit sorgen.<\/p>\n<p>Optimale Gr\u00f6\u00dfe: Jede Box ist f\u00fcr mehrere Teigportionen ausgelegt, wodurch das Aufgehen gro\u00dfer Mengen erleichtert und eine einheitliche Gr\u00f6\u00dfe und Textur gew\u00e4hrleistet wird.<\/p>\n<p>Bel\u00fcftetes Design: Die Boxen bieten ausreichend Bel\u00fcftung, um eine gleichm\u00e4\u00dfige G\u00e4rung zu f\u00f6rdern, sodass Ihr Teig perfekt aufgehen kann, ohne dass sich \u00fcberm\u00e4\u00dfige Feuchtigkeit ansammelt.<\/p>\n<p>Stapelbar und platzsparend: Unser stapelbares Design erm\u00f6glicht eine effiziente Nutzung des K\u00fcchenraums. Lagern Sie mehrere Boxen, ohne wertvolle Arbeitsfl\u00e4che zu beanspruchen.<\/p>\n<p>Leicht zu reinigen: Die glatte Oberfl\u00e4che sorgt daf\u00fcr, dass die Reinigung ein Kinderspiel ist, egal ob von Hand oder in einer gewerblichen Sp\u00fclmaschine, und die Hygienestandards werden m\u00fchelos eingehalten.<\/p>\n<p>Vielseitig einsetzbar: Diese G\u00e4rboxen eignen sich nicht nur perfekt f\u00fcr Pizzateig, sondern auch ideal f\u00fcr andere Teigarten und sind somit ein unverzichtbares Werkzeug f\u00fcr jede Backanwendung.<\/p>\n<p>Verwandeln Sie Ihren Pizzazubereitungsprozess mit den kommerziellen G\u00e4rboxen f\u00fcr Pizzateig, bei denen Qualit\u00e4t auf Funktionalit\u00e4t trifft und sichergestellt wird, dass jede Pizza von Anfang bis Ende mit Pr\u00e4zision hergestellt wird!<\/p>","protected":false},"excerpt":{"rendered":"<p>Elevate your pizza-making experience with our Commercial Pizza Dough Proofing Boxes. Designed for both amateur pizza enthusiasts and professional chefs, these proofing boxes are essential for achieving the perfect dough consistency. Key Features: Durable Construction: Made from high-quality, food-safe plastic, our proofing boxes are built to withstand heavy use in busy kitchens, ensuring longevity and &hellip;<\/p>\n<p class=\"read-more\"> <a class=\"\" href=\"https:\/\/www.plastic-crate.co.uk\/de\/produkt\/commercial-pizza-dough-proofing-boxes-db4375\/\"> <span class=\"screen-reader-text\">Kommerzielle G\u00e4rboxen f\u00fcr Pizzateig DB4375<\/span> Mehr lesen &quot;<\/a><\/p>","protected":false},"featured_media":6302,"template":"","meta":{"_acf_changed":false,"site-sidebar-layout":"default","site-content-layout":"default","ast-main-header-display":"","ast-hfb-above-header-display":"","ast-hfb-below-header-display":"","ast-hfb-mobile-header-display":"","site-post-title":"","ast-breadcrumbs-content":"","ast-featured-img":"","footer-sml-layout":"","theme-transparent-header-meta":"","adv-header-id-meta":"","stick-header-meta":"","header-above-stick-meta":"","header-main-stick-meta":"","header-below-stick-meta":""},"product_brand":[],"product_cat":[84],"product_tag":[98],"class_list":{"0":"post-6309","1":"product","2":"type-product","3":"status-publish","4":"has-post-thumbnail","6":"product_cat-plastic-trays","7":"product_tag-pizza-dough-trays","9":"first","10":"instock","11":"shipping-taxable","12":"product-type-simple"},"acf":[],"yoast_head":"<!-- This site is optimized with the Yoast SEO plugin v26.9 - https:\/\/yoast.com\/product\/yoast-seo-wordpress\/ -->\n<title>Commercial Pizza Dough Proofing Boxes DB4375 - Euro crates Manufacturer<\/title>\n<meta name=\"robots\" content=\"index, follow, max-snippet:-1, max-image-preview:large, max-video-preview:-1\" \/>\n<link rel=\"canonical\" href=\"https:\/\/www.plastic-crate.co.uk\/de\/produkt\/commercial-pizza-dough-proofing-boxes-db4375\/\" \/>\n<meta property=\"og:locale\" content=\"de_DE\" \/>\n<meta property=\"og:type\" content=\"article\" \/>\n<meta property=\"og:title\" content=\"Commercial Pizza Dough Proofing Boxes DB4375 - Euro crates Manufacturer\" \/>\n<meta property=\"og:description\" content=\"Elevate your pizza-making experience with our Commercial Pizza Dough Proofing Boxes. Designed for both amateur pizza enthusiasts and professional chefs, these proofing boxes are essential for achieving the perfect dough consistency. Key Features: Durable Construction: Made from high-quality, food-safe plastic, our proofing boxes are built to withstand heavy use in busy kitchens, ensuring longevity and &hellip; Commercial Pizza Dough Proofing Boxes DB4375 Read More &raquo;\" \/>\n<meta property=\"og:url\" content=\"https:\/\/www.plastic-crate.co.uk\/de\/produkt\/commercial-pizza-dough-proofing-boxes-db4375\/\" \/>\n<meta property=\"og:site_name\" content=\"Euro crates Manufacturer\" \/>\n<meta property=\"article:modified_time\" content=\"2025-09-15T13:11:10+00:00\" \/>\n<meta property=\"og:image\" content=\"https:\/\/www.plastic-crate.co.uk\/wp-content\/uploads\/2025\/09\/commercial-pizza-dough-proofing-boxes-1.jpg\" \/>\n\t<meta property=\"og:image:width\" content=\"2000\" \/>\n\t<meta property=\"og:image:height\" content=\"2000\" \/>\n\t<meta property=\"og:image:type\" content=\"image\/jpeg\" \/>\n<meta name=\"twitter:card\" content=\"summary_large_image\" \/>\n<meta name=\"twitter:label1\" content=\"Est. reading time\" \/>\n\t<meta name=\"twitter:data1\" content=\"1\u00a0Minute\" \/>\n<script type=\"application\/ld+json\" class=\"yoast-schema-graph\">{\"@context\":\"https:\/\/schema.org\",\"@graph\":[{\"@type\":\"WebPage\",\"@id\":\"https:\/\/www.plastic-crate.co.uk\/product\/commercial-pizza-dough-proofing-boxes-db4375\/\",\"url\":\"https:\/\/www.plastic-crate.co.uk\/product\/commercial-pizza-dough-proofing-boxes-db4375\/\",\"name\":\"Commercial Pizza Dough Proofing Boxes DB4375 - Euro crates Manufacturer\",\"isPartOf\":{\"@id\":\"https:\/\/www.plastic-crate.co.uk\/#website\"},\"primaryImageOfPage\":{\"@id\":\"https:\/\/www.plastic-crate.co.uk\/product\/commercial-pizza-dough-proofing-boxes-db4375\/#primaryimage\"},\"image\":{\"@id\":\"https:\/\/www.plastic-crate.co.uk\/product\/commercial-pizza-dough-proofing-boxes-db4375\/#primaryimage\"},\"thumbnailUrl\":\"https:\/\/www.plastic-crate.co.uk\/wp-content\/uploads\/2025\/09\/commercial-pizza-dough-proofing-boxes-1.jpg\",\"datePublished\":\"2025-09-07T12:20:40+00:00\",\"dateModified\":\"2025-09-15T13:11:10+00:00\",\"breadcrumb\":{\"@id\":\"https:\/\/www.plastic-crate.co.uk\/product\/commercial-pizza-dough-proofing-boxes-db4375\/#breadcrumb\"},\"inLanguage\":\"de\",\"potentialAction\":[{\"@type\":\"ReadAction\",\"target\":[\"https:\/\/www.plastic-crate.co.uk\/product\/commercial-pizza-dough-proofing-boxes-db4375\/\"]}]},{\"@type\":\"ImageObject\",\"inLanguage\":\"de\",\"@id\":\"https:\/\/www.plastic-crate.co.uk\/product\/commercial-pizza-dough-proofing-boxes-db4375\/#primaryimage\",\"url\":\"https:\/\/www.plastic-crate.co.uk\/wp-content\/uploads\/2025\/09\/commercial-pizza-dough-proofing-boxes-1.jpg\",\"contentUrl\":\"https:\/\/www.plastic-crate.co.uk\/wp-content\/uploads\/2025\/09\/commercial-pizza-dough-proofing-boxes-1.jpg\",\"width\":2000,\"height\":2000,\"caption\":\"Commercial Pizza Dough Proofing Boxes\"},{\"@type\":\"BreadcrumbList\",\"@id\":\"https:\/\/www.plastic-crate.co.uk\/product\/commercial-pizza-dough-proofing-boxes-db4375\/#breadcrumb\",\"itemListElement\":[{\"@type\":\"ListItem\",\"position\":1,\"name\":\"Shop\",\"item\":\"https:\/\/www.plastic-crate.co.uk\/shop\/\"},{\"@type\":\"ListItem\",\"position\":2,\"name\":\"Commercial Pizza Dough Proofing Boxes DB4375\"}]},{\"@type\":\"WebSite\",\"@id\":\"https:\/\/www.plastic-crate.co.uk\/#website\",\"url\":\"https:\/\/www.plastic-crate.co.uk\/\",\"name\":\"Euro crates Manufacturer\",\"description\":\"wholesale Euro containers, plastic euro crates with lids, curo boxes without lids\",\"publisher\":{\"@id\":\"https:\/\/www.plastic-crate.co.uk\/#organization\"},\"potentialAction\":[{\"@type\":\"SearchAction\",\"target\":{\"@type\":\"EntryPoint\",\"urlTemplate\":\"https:\/\/www.plastic-crate.co.uk\/?s={search_term_string}\"},\"query-input\":{\"@type\":\"PropertyValueSpecification\",\"valueRequired\":true,\"valueName\":\"search_term_string\"}}],\"inLanguage\":\"de\"},{\"@type\":\"Organization\",\"@id\":\"https:\/\/www.plastic-crate.co.uk\/#organization\",\"name\":\"Euro crates Manufacturer\",\"url\":\"https:\/\/www.plastic-crate.co.uk\/\",\"logo\":{\"@type\":\"ImageObject\",\"inLanguage\":\"de\",\"@id\":\"https:\/\/www.plastic-crate.co.uk\/#\/schema\/logo\/image\/\",\"url\":\"https:\/\/www.plastic-crate.co.uk\/wp-content\/uploads\/2020\/10\/cropped-logo.png\",\"contentUrl\":\"https:\/\/www.plastic-crate.co.uk\/wp-content\/uploads\/2020\/10\/cropped-logo.png\",\"width\":300,\"height\":66,\"caption\":\"Euro crates Manufacturer\"},\"image\":{\"@id\":\"https:\/\/www.plastic-crate.co.uk\/#\/schema\/logo\/image\/\"}}]}<\/script>\n<!-- \/ Yoast SEO plugin. -->","yoast_head_json":{"title":"Kommerzielle G\u00e4rboxen f\u00fcr Pizzateig DB4375 - Hersteller von Eurokisten","robots":{"index":"index","follow":"follow","max-snippet":"max-snippet:-1","max-image-preview":"max-image-preview:large","max-video-preview":"max-video-preview:-1"},"canonical":"https:\/\/www.plastic-crate.co.uk\/de\/produkt\/commercial-pizza-dough-proofing-boxes-db4375\/","og_locale":"de_DE","og_type":"article","og_title":"Commercial Pizza Dough Proofing Boxes DB4375 - Euro crates Manufacturer","og_description":"Elevate your pizza-making experience with our Commercial Pizza Dough Proofing Boxes. Designed for both amateur pizza enthusiasts and professional chefs, these proofing boxes are essential for achieving the perfect dough consistency. Key Features: Durable Construction: Made from high-quality, food-safe plastic, our proofing boxes are built to withstand heavy use in busy kitchens, ensuring longevity and &hellip; Commercial Pizza Dough Proofing Boxes DB4375 Read More &raquo;","og_url":"https:\/\/www.plastic-crate.co.uk\/de\/produkt\/commercial-pizza-dough-proofing-boxes-db4375\/","og_site_name":"Euro crates Manufacturer","article_modified_time":"2025-09-15T13:11:10+00:00","og_image":[{"width":2000,"height":2000,"url":"https:\/\/www.plastic-crate.co.uk\/wp-content\/uploads\/2025\/09\/commercial-pizza-dough-proofing-boxes-1.jpg","type":"image\/jpeg"}],"twitter_card":"summary_large_image","twitter_misc":{"Est. reading time":"1\u00a0Minute"},"schema":{"@context":"https:\/\/schema.org","@graph":[{"@type":"WebPage","@id":"https:\/\/www.plastic-crate.co.uk\/product\/commercial-pizza-dough-proofing-boxes-db4375\/","url":"https:\/\/www.plastic-crate.co.uk\/product\/commercial-pizza-dough-proofing-boxes-db4375\/","name":"Kommerzielle G\u00e4rboxen f\u00fcr Pizzateig DB4375 - Hersteller von Eurokisten","isPartOf":{"@id":"https:\/\/www.plastic-crate.co.uk\/#website"},"primaryImageOfPage":{"@id":"https:\/\/www.plastic-crate.co.uk\/product\/commercial-pizza-dough-proofing-boxes-db4375\/#primaryimage"},"image":{"@id":"https:\/\/www.plastic-crate.co.uk\/product\/commercial-pizza-dough-proofing-boxes-db4375\/#primaryimage"},"thumbnailUrl":"https:\/\/www.plastic-crate.co.uk\/wp-content\/uploads\/2025\/09\/commercial-pizza-dough-proofing-boxes-1.jpg","datePublished":"2025-09-07T12:20:40+00:00","dateModified":"2025-09-15T13:11:10+00:00","breadcrumb":{"@id":"https:\/\/www.plastic-crate.co.uk\/product\/commercial-pizza-dough-proofing-boxes-db4375\/#breadcrumb"},"inLanguage":"de","potentialAction":[{"@type":"ReadAction","target":["https:\/\/www.plastic-crate.co.uk\/product\/commercial-pizza-dough-proofing-boxes-db4375\/"]}]},{"@type":"ImageObject","inLanguage":"de","@id":"https:\/\/www.plastic-crate.co.uk\/product\/commercial-pizza-dough-proofing-boxes-db4375\/#primaryimage","url":"https:\/\/www.plastic-crate.co.uk\/wp-content\/uploads\/2025\/09\/commercial-pizza-dough-proofing-boxes-1.jpg","contentUrl":"https:\/\/www.plastic-crate.co.uk\/wp-content\/uploads\/2025\/09\/commercial-pizza-dough-proofing-boxes-1.jpg","width":2000,"height":2000,"caption":"Commercial Pizza Dough Proofing Boxes"},{"@type":"BreadcrumbList","@id":"https:\/\/www.plastic-crate.co.uk\/product\/commercial-pizza-dough-proofing-boxes-db4375\/#breadcrumb","itemListElement":[{"@type":"ListItem","position":1,"name":"Shop","item":"https:\/\/www.plastic-crate.co.uk\/shop\/"},{"@type":"ListItem","position":2,"name":"Commercial Pizza Dough Proofing Boxes DB4375"}]},{"@type":"WebSite","@id":"https:\/\/www.plastic-crate.co.uk\/#website","url":"https:\/\/www.plastic-crate.co.uk\/","name":"Eurokisten Hersteller","description":"Eurobeh\u00e4lter im Gro\u00dfhandel, Eurokisten aus Kunststoff mit Deckel, Curo-Boxen ohne Deckel","publisher":{"@id":"https:\/\/www.plastic-crate.co.uk\/#organization"},"potentialAction":[{"@type":"SearchAction","target":{"@type":"EntryPoint","urlTemplate":"https:\/\/www.plastic-crate.co.uk\/?s={search_term_string}"},"query-input":{"@type":"PropertyValueSpecification","valueRequired":true,"valueName":"search_term_string"}}],"inLanguage":"de"},{"@type":"Organization","@id":"https:\/\/www.plastic-crate.co.uk\/#organization","name":"Eurokisten Hersteller","url":"https:\/\/www.plastic-crate.co.uk\/","logo":{"@type":"ImageObject","inLanguage":"de","@id":"https:\/\/www.plastic-crate.co.uk\/#\/schema\/logo\/image\/","url":"https:\/\/www.plastic-crate.co.uk\/wp-content\/uploads\/2020\/10\/cropped-logo.png","contentUrl":"https:\/\/www.plastic-crate.co.uk\/wp-content\/uploads\/2020\/10\/cropped-logo.png","width":300,"height":66,"caption":"Euro crates Manufacturer"},"image":{"@id":"https:\/\/www.plastic-crate.co.uk\/#\/schema\/logo\/image\/"}}]}},"_links":{"self":[{"href":"https:\/\/www.plastic-crate.co.uk\/de\/wp-json\/wp\/v2\/product\/6309","targetHints":{"allow":["GET"]}}],"collection":[{"href":"https:\/\/www.plastic-crate.co.uk\/de\/wp-json\/wp\/v2\/product"}],"about":[{"href":"https:\/\/www.plastic-crate.co.uk\/de\/wp-json\/wp\/v2\/types\/product"}],"wp:featuredmedia":[{"embeddable":true,"href":"https:\/\/www.plastic-crate.co.uk\/de\/wp-json\/wp\/v2\/media\/6302"}],"wp:attachment":[{"href":"https:\/\/www.plastic-crate.co.uk\/de\/wp-json\/wp\/v2\/media?parent=6309"}],"wp:term":[{"taxonomy":"product_brand","embeddable":true,"href":"https:\/\/www.plastic-crate.co.uk\/de\/wp-json\/wp\/v2\/product_brand?post=6309"},{"taxonomy":"product_cat","embeddable":true,"href":"https:\/\/www.plastic-crate.co.uk\/de\/wp-json\/wp\/v2\/product_cat?post=6309"},{"taxonomy":"product_tag","embeddable":true,"href":"https:\/\/www.plastic-crate.co.uk\/de\/wp-json\/wp\/v2\/product_tag?post=6309"}],"curies":[{"name":"wp","href":"https:\/\/api.w.org\/{rel}","templated":true}]}}