{"id":6269,"date":"2025-02-17T03:23:38","date_gmt":"2025-02-17T03:23:38","guid":{"rendered":"https:\/\/www.plastic-crate.co.uk\/?post_type=product&#038;p=6269"},"modified":"2026-03-16T00:28:55","modified_gmt":"2026-03-16T00:28:55","slug":"black-soldier-fly-breeding-box","status":"publish","type":"product","link":"https:\/\/www.plastic-crate.co.uk\/de\/produkt\/black-soldier-fly-breeding-box\/","title":{"rendered":"Brutkasten f\u00fcr Schwarze Soldatenfliegen"},"content":{"rendered":"<p>Die Brutbox f\u00fcr Schwarze Soldatenfliegen ist eine hochwirksame, umweltfreundliche L\u00f6sung zur Umwandlung von organischen Abf\u00e4llen in n\u00e4hrstoffreichen Kompost. Diese hochmoderne Brutbox ist ideal f\u00fcr Hobbyg\u00e4rtner und Landwirte und optimiert den Lebenszyklus der Schwarzen Soldatenfliege und f\u00f6rdert die effiziente Zersetzung der Abf\u00e4lle. Die Box ist einfach zu bedienen, wartungsarm und f\u00f6rdert einen nachhaltigen Ansatz f\u00fcr Abfallmanagement und organische D\u00fcngung.<\/p>\n<div style=\"width: 1280px;\" class=\"wp-video\"><video class=\"wp-video-shortcode\" id=\"video-6269-1\" width=\"1280\" height=\"720\" preload=\"metadata\" controls=\"controls\"><source type=\"video\/mp4\" src=\"https:\/\/www.plastic-crate.co.uk\/wp-content\/uploads\/2025\/02\/black-soldier-fly-breeding-box.mp4?_=1\" \/><a href=\"https:\/\/www.plastic-crate.co.uk\/wp-content\/uploads\/2025\/02\/black-soldier-fly-breeding-box.mp4\">https:\/\/www.plastic-crate.co.uk\/wp-content\/uploads\/2025\/02\/black-soldier-fly-breeding-box.mp4<\/a><\/video><\/div>\n<p>&nbsp;<\/p>\n<p><a href=\"https:\/\/www.plastic-crate.co.uk\/de\/produktkategorie\/plastic-milk-crates\/\">Milchkisten Verkauf<\/a>, <a href=\"https:\/\/www.plastic-crate.co.uk\/de\/produktkategorie\/supermarket-crates-bale-arm-crates\/\">Ballenarmkisten<\/a>,<\/p>\n<p><a href=\"https:\/\/www.ahotech.com\/product-category\/hybrid-pulse-capacitor\/\" target=\"_blank\" rel=\"noopener\">Batteriekondensator<\/a>, <a href=\"https:\/\/www.ph-teststrips.com\/product-category\/salt-water-test-strips\/\" target=\"_blank\" rel=\"noopener\">S\u00fc\u00dfwasser-Teststreifen<\/a><\/p>","protected":false},"excerpt":{"rendered":"<p>F\u00fcr die Brutbox der Schwarzen Soldatenfliege sind weitere Gr\u00f6\u00dfen erh\u00e4ltlich,<\/p>\n<p>kann an Ihre Anforderungen angepasst werden<\/p>\n<p>Bitte kontaktieren Sie uns f\u00fcr weitere Informationen!<\/p>","protected":false},"featured_media":6271,"template":"","meta":{"_acf_changed":false,"site-sidebar-layout":"default","site-content-layout":"default","ast-main-header-display":"","ast-hfb-above-header-display":"","ast-hfb-below-header-display":"","ast-hfb-mobile-header-display":"","site-post-title":"","ast-breadcrumbs-content":"","ast-featured-img":"","footer-sml-layout":"","theme-transparent-header-meta":"","adv-header-id-meta":"","stick-header-meta":"","header-above-stick-meta":"","header-main-stick-meta":"","header-below-stick-meta":""},"product_brand":[],"product_cat":[84],"product_tag":[96],"class_list":{"0":"post-6269","1":"product","2":"type-product","3":"status-publish","4":"has-post-thumbnail","6":"product_cat-plastic-trays","7":"product_tag-insect-breeding-box","9":"first","10":"instock","11":"product-type-simple"},"acf":[],"yoast_head":"<!-- This site is optimized with the Yoast SEO plugin v26.9 - https:\/\/yoast.com\/product\/yoast-seo-wordpress\/ -->\n<title>Black soldier fly breeding box for sale<\/title>\n<meta name=\"description\" content=\"Black soldier fly breeding box, Insect Rearing Trays, OEM &amp; ODM service available, insect breeding boxes wholesale price!\" \/>\n<meta name=\"robots\" content=\"index, follow, max-snippet:-1, max-image-preview:large, max-video-preview:-1\" \/>\n<link rel=\"canonical\" href=\"https:\/\/www.plastic-crate.co.uk\/de\/produkt\/black-soldier-fly-breeding-box\/\" \/>\n<meta property=\"og:locale\" content=\"de_DE\" \/>\n<meta property=\"og:type\" content=\"article\" \/>\n<meta property=\"og:title\" content=\"stackable folding crate, High Quality stackable folding crate Wholesale\" \/>\n<meta property=\"og:description\" content=\"Black soldier fly breeding box, Insect Rearing Trays, OEM &amp; ODM service available, insect breeding boxes wholesale price!\" \/>\n<meta property=\"og:url\" content=\"https:\/\/www.plastic-crate.co.uk\/de\/produkt\/black-soldier-fly-breeding-box\/\" \/>\n<meta property=\"og:site_name\" content=\"Euro crates Manufacturer\" \/>\n<meta property=\"article:modified_time\" content=\"2026-03-16T00:28:55+00:00\" \/>\n<meta property=\"og:image\" content=\"https:\/\/www.plastic-crate.co.uk\/wp-content\/uploads\/2025\/02\/black-soldier-fly-breeding-box-2.png\" \/>\n\t<meta property=\"og:image:width\" content=\"720\" \/>\n\t<meta property=\"og:image:height\" content=\"720\" \/>\n\t<meta property=\"og:image:type\" content=\"image\/png\" \/>\n<meta name=\"twitter:card\" content=\"summary_large_image\" \/>\n<meta name=\"twitter:title\" content=\"stackable folding crate, High Quality stackable folding crate Wholesale\" \/>\n<meta name=\"twitter:label1\" content=\"Est. reading time\" \/>\n\t<meta name=\"twitter:data1\" content=\"1\u00a0Minute\" \/>\n<script type=\"application\/ld+json\" class=\"yoast-schema-graph\">{\"@context\":\"https:\/\/schema.org\",\"@graph\":[{\"@type\":\"WebPage\",\"@id\":\"https:\/\/www.plastic-crate.co.uk\/product\/black-soldier-fly-breeding-box\/\",\"url\":\"https:\/\/www.plastic-crate.co.uk\/product\/black-soldier-fly-breeding-box\/\",\"name\":\"Black soldier fly breeding box for sale\",\"isPartOf\":{\"@id\":\"https:\/\/www.plastic-crate.co.uk\/#website\"},\"primaryImageOfPage\":{\"@id\":\"https:\/\/www.plastic-crate.co.uk\/product\/black-soldier-fly-breeding-box\/#primaryimage\"},\"image\":{\"@id\":\"https:\/\/www.plastic-crate.co.uk\/product\/black-soldier-fly-breeding-box\/#primaryimage\"},\"thumbnailUrl\":\"https:\/\/www.plastic-crate.co.uk\/wp-content\/uploads\/2025\/02\/black-soldier-fly-breeding-box-2.png\",\"datePublished\":\"2025-02-17T03:23:38+00:00\",\"dateModified\":\"2026-03-16T00:28:55+00:00\",\"description\":\"Black soldier fly breeding box, Insect Rearing Trays, OEM & ODM service available, insect breeding boxes wholesale price!\",\"breadcrumb\":{\"@id\":\"https:\/\/www.plastic-crate.co.uk\/product\/black-soldier-fly-breeding-box\/#breadcrumb\"},\"inLanguage\":\"de\",\"potentialAction\":[{\"@type\":\"ReadAction\",\"target\":[\"https:\/\/www.plastic-crate.co.uk\/product\/black-soldier-fly-breeding-box\/\"]}]},{\"@type\":\"ImageObject\",\"inLanguage\":\"de\",\"@id\":\"https:\/\/www.plastic-crate.co.uk\/product\/black-soldier-fly-breeding-box\/#primaryimage\",\"url\":\"https:\/\/www.plastic-crate.co.uk\/wp-content\/uploads\/2025\/02\/black-soldier-fly-breeding-box-2.png\",\"contentUrl\":\"https:\/\/www.plastic-crate.co.uk\/wp-content\/uploads\/2025\/02\/black-soldier-fly-breeding-box-2.png\",\"width\":720,\"height\":720,\"caption\":\"black soldier fly breeding box\"},{\"@type\":\"BreadcrumbList\",\"@id\":\"https:\/\/www.plastic-crate.co.uk\/product\/black-soldier-fly-breeding-box\/#breadcrumb\",\"itemListElement\":[{\"@type\":\"ListItem\",\"position\":1,\"name\":\"Shop\",\"item\":\"https:\/\/www.plastic-crate.co.uk\/shop\/\"},{\"@type\":\"ListItem\",\"position\":2,\"name\":\"Black soldier fly breeding box\"}]},{\"@type\":\"WebSite\",\"@id\":\"https:\/\/www.plastic-crate.co.uk\/#website\",\"url\":\"https:\/\/www.plastic-crate.co.uk\/\",\"name\":\"Euro crates Manufacturer\",\"description\":\"wholesale Euro containers, plastic euro crates with lids, curo boxes without lids\",\"publisher\":{\"@id\":\"https:\/\/www.plastic-crate.co.uk\/#organization\"},\"potentialAction\":[{\"@type\":\"SearchAction\",\"target\":{\"@type\":\"EntryPoint\",\"urlTemplate\":\"https:\/\/www.plastic-crate.co.uk\/?s={search_term_string}\"},\"query-input\":{\"@type\":\"PropertyValueSpecification\",\"valueRequired\":true,\"valueName\":\"search_term_string\"}}],\"inLanguage\":\"de\"},{\"@type\":\"Organization\",\"@id\":\"https:\/\/www.plastic-crate.co.uk\/#organization\",\"name\":\"Euro crates Manufacturer\",\"url\":\"https:\/\/www.plastic-crate.co.uk\/\",\"logo\":{\"@type\":\"ImageObject\",\"inLanguage\":\"de\",\"@id\":\"https:\/\/www.plastic-crate.co.uk\/#\/schema\/logo\/image\/\",\"url\":\"https:\/\/www.plastic-crate.co.uk\/wp-content\/uploads\/2020\/10\/cropped-logo.png\",\"contentUrl\":\"https:\/\/www.plastic-crate.co.uk\/wp-content\/uploads\/2020\/10\/cropped-logo.png\",\"width\":300,\"height\":66,\"caption\":\"Euro crates Manufacturer\"},\"image\":{\"@id\":\"https:\/\/www.plastic-crate.co.uk\/#\/schema\/logo\/image\/\"}}]}<\/script>\n<!-- \/ Yoast SEO plugin. -->","yoast_head_json":{"title":"Zuchtbox f\u00fcr Schwarze Soldatenfliegen zu verkaufen","description":"Brutkasten f\u00fcr Schwarze Soldatenfliegen, Insektenaufzuchtschalen, OEM- und ODM-Service verf\u00fcgbar, Insektenzuchtk\u00e4sten zum Gro\u00dfhandelspreis!","robots":{"index":"index","follow":"follow","max-snippet":"max-snippet:-1","max-image-preview":"max-image-preview:large","max-video-preview":"max-video-preview:-1"},"canonical":"https:\/\/www.plastic-crate.co.uk\/de\/produkt\/black-soldier-fly-breeding-box\/","og_locale":"de_DE","og_type":"article","og_title":"stackable folding crate, High Quality stackable folding crate Wholesale","og_description":"Black soldier fly breeding box, Insect Rearing Trays, OEM & ODM service available, insect breeding boxes wholesale price!","og_url":"https:\/\/www.plastic-crate.co.uk\/de\/produkt\/black-soldier-fly-breeding-box\/","og_site_name":"Euro crates Manufacturer","article_modified_time":"2026-03-16T00:28:55+00:00","og_image":[{"width":720,"height":720,"url":"https:\/\/www.plastic-crate.co.uk\/wp-content\/uploads\/2025\/02\/black-soldier-fly-breeding-box-2.png","type":"image\/png"}],"twitter_card":"summary_large_image","twitter_title":"stackable folding crate, High Quality stackable folding crate Wholesale","twitter_misc":{"Est. reading time":"1\u00a0Minute"},"schema":{"@context":"https:\/\/schema.org","@graph":[{"@type":"WebPage","@id":"https:\/\/www.plastic-crate.co.uk\/product\/black-soldier-fly-breeding-box\/","url":"https:\/\/www.plastic-crate.co.uk\/product\/black-soldier-fly-breeding-box\/","name":"Zuchtbox f\u00fcr Schwarze Soldatenfliegen zu verkaufen","isPartOf":{"@id":"https:\/\/www.plastic-crate.co.uk\/#website"},"primaryImageOfPage":{"@id":"https:\/\/www.plastic-crate.co.uk\/product\/black-soldier-fly-breeding-box\/#primaryimage"},"image":{"@id":"https:\/\/www.plastic-crate.co.uk\/product\/black-soldier-fly-breeding-box\/#primaryimage"},"thumbnailUrl":"https:\/\/www.plastic-crate.co.uk\/wp-content\/uploads\/2025\/02\/black-soldier-fly-breeding-box-2.png","datePublished":"2025-02-17T03:23:38+00:00","dateModified":"2026-03-16T00:28:55+00:00","description":"Brutkasten f\u00fcr Schwarze Soldatenfliegen, Insektenaufzuchtschalen, OEM- und ODM-Service verf\u00fcgbar, Insektenzuchtk\u00e4sten zum Gro\u00dfhandelspreis!","breadcrumb":{"@id":"https:\/\/www.plastic-crate.co.uk\/product\/black-soldier-fly-breeding-box\/#breadcrumb"},"inLanguage":"de","potentialAction":[{"@type":"ReadAction","target":["https:\/\/www.plastic-crate.co.uk\/product\/black-soldier-fly-breeding-box\/"]}]},{"@type":"ImageObject","inLanguage":"de","@id":"https:\/\/www.plastic-crate.co.uk\/product\/black-soldier-fly-breeding-box\/#primaryimage","url":"https:\/\/www.plastic-crate.co.uk\/wp-content\/uploads\/2025\/02\/black-soldier-fly-breeding-box-2.png","contentUrl":"https:\/\/www.plastic-crate.co.uk\/wp-content\/uploads\/2025\/02\/black-soldier-fly-breeding-box-2.png","width":720,"height":720,"caption":"black soldier fly breeding box"},{"@type":"BreadcrumbList","@id":"https:\/\/www.plastic-crate.co.uk\/product\/black-soldier-fly-breeding-box\/#breadcrumb","itemListElement":[{"@type":"ListItem","position":1,"name":"Shop","item":"https:\/\/www.plastic-crate.co.uk\/shop\/"},{"@type":"ListItem","position":2,"name":"Black soldier fly breeding box"}]},{"@type":"WebSite","@id":"https:\/\/www.plastic-crate.co.uk\/#website","url":"https:\/\/www.plastic-crate.co.uk\/","name":"Eurokisten Hersteller","description":"Eurobeh\u00e4lter im Gro\u00dfhandel, Eurokisten aus Kunststoff mit Deckel, Curo-Boxen ohne Deckel","publisher":{"@id":"https:\/\/www.plastic-crate.co.uk\/#organization"},"potentialAction":[{"@type":"SearchAction","target":{"@type":"EntryPoint","urlTemplate":"https:\/\/www.plastic-crate.co.uk\/?s={search_term_string}"},"query-input":{"@type":"PropertyValueSpecification","valueRequired":true,"valueName":"search_term_string"}}],"inLanguage":"de"},{"@type":"Organization","@id":"https:\/\/www.plastic-crate.co.uk\/#organization","name":"Eurokisten Hersteller","url":"https:\/\/www.plastic-crate.co.uk\/","logo":{"@type":"ImageObject","inLanguage":"de","@id":"https:\/\/www.plastic-crate.co.uk\/#\/schema\/logo\/image\/","url":"https:\/\/www.plastic-crate.co.uk\/wp-content\/uploads\/2020\/10\/cropped-logo.png","contentUrl":"https:\/\/www.plastic-crate.co.uk\/wp-content\/uploads\/2020\/10\/cropped-logo.png","width":300,"height":66,"caption":"Euro crates Manufacturer"},"image":{"@id":"https:\/\/www.plastic-crate.co.uk\/#\/schema\/logo\/image\/"}}]}},"_links":{"self":[{"href":"https:\/\/www.plastic-crate.co.uk\/de\/wp-json\/wp\/v2\/product\/6269","targetHints":{"allow":["GET"]}}],"collection":[{"href":"https:\/\/www.plastic-crate.co.uk\/de\/wp-json\/wp\/v2\/product"}],"about":[{"href":"https:\/\/www.plastic-crate.co.uk\/de\/wp-json\/wp\/v2\/types\/product"}],"wp:featuredmedia":[{"embeddable":true,"href":"https:\/\/www.plastic-crate.co.uk\/de\/wp-json\/wp\/v2\/media\/6271"}],"wp:attachment":[{"href":"https:\/\/www.plastic-crate.co.uk\/de\/wp-json\/wp\/v2\/media?parent=6269"}],"wp:term":[{"taxonomy":"product_brand","embeddable":true,"href":"https:\/\/www.plastic-crate.co.uk\/de\/wp-json\/wp\/v2\/product_brand?post=6269"},{"taxonomy":"product_cat","embeddable":true,"href":"https:\/\/www.plastic-crate.co.uk\/de\/wp-json\/wp\/v2\/product_cat?post=6269"},{"taxonomy":"product_tag","embeddable":true,"href":"https:\/\/www.plastic-crate.co.uk\/de\/wp-json\/wp\/v2\/product_tag?post=6269"}],"curies":[{"name":"wp","href":"https:\/\/api.w.org\/{rel}","templated":true}]}}