{"id":6214,"date":"2023-11-25T16:40:05","date_gmt":"2023-11-25T16:40:05","guid":{"rendered":"https:\/\/www.plastic-crate.co.uk\/?post_type=product&#038;p=6214"},"modified":"2026-02-17T13:35:16","modified_gmt":"2026-02-17T13:35:16","slug":"mealworm-breeding-trays-insect-rearing-trays","status":"publish","type":"product","link":"https:\/\/www.plastic-crate.co.uk\/de\/produkt\/mealworm-breeding-trays-insect-rearing-trays\/","title":{"rendered":"Mehlwurm-Zuchtschalen, Insekten-Aufzuchtschalen"},"content":{"rendered":"<p>Wir stellen unsere Mehlwurm-Zuchtschalen vor \u2013 eine spezielle und effiziente L\u00f6sung f\u00fcr die Zucht von Mehlw\u00fcrmern, sei es f\u00fcr die Tierern\u00e4hrung, den Gartenbau oder zu Bildungszwecken. Diese Schalen wurden speziell f\u00fcr Z\u00fcchter entwickelt und schaffen optimale Bedingungen f\u00fcr die erfolgreiche Zucht und das Wachstum von Mehlw\u00fcrmern.<br \/>\nDurch die Verwendung des Materials PP sind die Boxen sehr formstabil und k\u00f6nnen bei hohen Temperaturen gereinigt werden.<\/p>\n<div style=\"width: 540px;\" class=\"wp-video\"><video class=\"wp-video-shortcode\" id=\"video-6214-1\" width=\"540\" height=\"954\" preload=\"metadata\" controls=\"controls\"><source type=\"video\/mp4\" src=\"https:\/\/www.plastic-crate.co.uk\/wp-content\/uploads\/2023\/11\/mealworm-breeding-trays.mp4?_=1\" \/><a href=\"https:\/\/www.plastic-crate.co.uk\/wp-content\/uploads\/2023\/11\/mealworm-breeding-trays.mp4\">https:\/\/www.plastic-crate.co.uk\/wp-content\/uploads\/2023\/11\/mealworm-breeding-trays.mp4<\/a><\/video><\/div>\n<p><a href=\"https:\/\/www.plastic-crate.co.uk\/de\/produktkategorie\/plastic-milk-crates\/\">Milchkisten zu verkaufen<\/a>, <a href=\"https:\/\/www.plastic-crate.co.uk\/de\/produktkategorie\/supermarket-crates-bale-arm-crates\/\">Ballenarmkiste<\/a>,<\/p>\n<p><a href=\"https:\/\/www.ahotech.com\/product-category\/hybrid-pulse-capacitor\/\" target=\"_blank\" rel=\"noopener\">Batteriekondensator Hybrid<\/a>, <a href=\"https:\/\/www.ph-teststrips.com\/product-category\/salt-water-test-strips\/\" target=\"_blank\" rel=\"noopener\">S\u00fc\u00dfwasser-Salz-Teststreifen<\/a><\/p>","protected":false},"excerpt":{"rendered":"<p>Introducing our Mealworm Breeding Trays \u2013 a specialized and efficient solution for cultivating mealworms, whether for pet nutrition, gardening, or educational purposes. Crafted with the needs of breeders in mind, these trays are designed to create an optimal environment for the successful breeding and growth of mealworms. The use of PP material ensures that the &hellip;<\/p>\n<p class=\"read-more\"> <a class=\"\" href=\"https:\/\/www.plastic-crate.co.uk\/de\/produkt\/mealworm-breeding-trays-insect-rearing-trays\/\"> <span class=\"screen-reader-text\">Mehlwurm-Zuchtschalen, Insekten-Aufzuchtschalen<\/span> Mehr lesen &quot;<\/a><\/p>","protected":false},"featured_media":6215,"template":"","meta":{"_acf_changed":false,"site-sidebar-layout":"default","site-content-layout":"default","ast-main-header-display":"","ast-hfb-above-header-display":"","ast-hfb-below-header-display":"","ast-hfb-mobile-header-display":"","site-post-title":"","ast-breadcrumbs-content":"","ast-featured-img":"","footer-sml-layout":"","theme-transparent-header-meta":"","adv-header-id-meta":"","stick-header-meta":"","header-above-stick-meta":"","header-main-stick-meta":"","header-below-stick-meta":""},"product_brand":[],"product_cat":[84],"product_tag":[96],"class_list":{"0":"post-6214","1":"product","2":"type-product","3":"status-publish","4":"has-post-thumbnail","6":"product_cat-plastic-trays","7":"product_tag-insect-breeding-box","9":"first","10":"instock","11":"purchasable","12":"product-type-simple"},"acf":[],"yoast_head":"<!-- This site is optimized with the Yoast SEO plugin v26.9 - https:\/\/yoast.com\/product\/yoast-seo-wordpress\/ -->\n<title>Mealworm breeding trays, Insect Rearing Trays for sale<\/title>\n<meta name=\"description\" content=\"mealworm breeding trays, Insect Rearing Trays, OEM &amp; ODM service available,high-quality insect breeding boxes Wholesale price!\" \/>\n<meta name=\"robots\" content=\"index, follow, max-snippet:-1, max-image-preview:large, max-video-preview:-1\" \/>\n<link rel=\"canonical\" href=\"https:\/\/www.plastic-crate.co.uk\/de\/produkt\/mealworm-breeding-trays-insect-rearing-trays\/\" \/>\n<meta property=\"og:locale\" content=\"de_DE\" \/>\n<meta property=\"og:type\" content=\"article\" \/>\n<meta property=\"og:title\" content=\"stackable folding crate, High Quality stackable folding crate Wholesale\" \/>\n<meta property=\"og:description\" content=\"mealworm breeding trays, Insect Rearing Trays, OEM &amp; ODM service available,high-quality insect breeding boxes Wholesale price!\" \/>\n<meta property=\"og:url\" content=\"https:\/\/www.plastic-crate.co.uk\/de\/produkt\/mealworm-breeding-trays-insect-rearing-trays\/\" \/>\n<meta property=\"og:site_name\" content=\"Euro crates Manufacturer\" \/>\n<meta property=\"article:modified_time\" content=\"2026-02-17T13:35:16+00:00\" \/>\n<meta property=\"og:image\" content=\"https:\/\/www.plastic-crate.co.uk\/wp-content\/uploads\/2023\/11\/mealworm-breeding-trays-1.png\" \/>\n\t<meta property=\"og:image:width\" content=\"2000\" \/>\n\t<meta property=\"og:image:height\" content=\"2000\" \/>\n\t<meta property=\"og:image:type\" content=\"image\/png\" \/>\n<meta name=\"twitter:card\" content=\"summary_large_image\" \/>\n<meta name=\"twitter:title\" content=\"stackable folding crate, High Quality stackable folding crate Wholesale\" \/>\n<meta name=\"twitter:label1\" content=\"Est. reading time\" \/>\n\t<meta name=\"twitter:data1\" content=\"1\u00a0Minute\" \/>\n<script type=\"application\/ld+json\" class=\"yoast-schema-graph\">{\"@context\":\"https:\/\/schema.org\",\"@graph\":[{\"@type\":\"WebPage\",\"@id\":\"https:\/\/www.plastic-crate.co.uk\/product\/mealworm-breeding-trays-insect-rearing-trays\/\",\"url\":\"https:\/\/www.plastic-crate.co.uk\/product\/mealworm-breeding-trays-insect-rearing-trays\/\",\"name\":\"Mealworm breeding trays, Insect Rearing Trays for sale\",\"isPartOf\":{\"@id\":\"https:\/\/www.plastic-crate.co.uk\/#website\"},\"primaryImageOfPage\":{\"@id\":\"https:\/\/www.plastic-crate.co.uk\/product\/mealworm-breeding-trays-insect-rearing-trays\/#primaryimage\"},\"image\":{\"@id\":\"https:\/\/www.plastic-crate.co.uk\/product\/mealworm-breeding-trays-insect-rearing-trays\/#primaryimage\"},\"thumbnailUrl\":\"https:\/\/www.plastic-crate.co.uk\/wp-content\/uploads\/2023\/11\/mealworm-breeding-trays-1.png\",\"datePublished\":\"2023-11-25T16:40:05+00:00\",\"dateModified\":\"2026-02-17T13:35:16+00:00\",\"description\":\"mealworm breeding trays, Insect Rearing Trays, OEM & ODM service available,high-quality insect breeding boxes Wholesale price!\",\"breadcrumb\":{\"@id\":\"https:\/\/www.plastic-crate.co.uk\/product\/mealworm-breeding-trays-insect-rearing-trays\/#breadcrumb\"},\"inLanguage\":\"de\",\"potentialAction\":[{\"@type\":\"ReadAction\",\"target\":[\"https:\/\/www.plastic-crate.co.uk\/product\/mealworm-breeding-trays-insect-rearing-trays\/\"]}]},{\"@type\":\"ImageObject\",\"inLanguage\":\"de\",\"@id\":\"https:\/\/www.plastic-crate.co.uk\/product\/mealworm-breeding-trays-insect-rearing-trays\/#primaryimage\",\"url\":\"https:\/\/www.plastic-crate.co.uk\/wp-content\/uploads\/2023\/11\/mealworm-breeding-trays-1.png\",\"contentUrl\":\"https:\/\/www.plastic-crate.co.uk\/wp-content\/uploads\/2023\/11\/mealworm-breeding-trays-1.png\",\"width\":2000,\"height\":2000,\"caption\":\"mealworm breeding trays\"},{\"@type\":\"BreadcrumbList\",\"@id\":\"https:\/\/www.plastic-crate.co.uk\/product\/mealworm-breeding-trays-insect-rearing-trays\/#breadcrumb\",\"itemListElement\":[{\"@type\":\"ListItem\",\"position\":1,\"name\":\"Shop\",\"item\":\"https:\/\/www.plastic-crate.co.uk\/shop\/\"},{\"@type\":\"ListItem\",\"position\":2,\"name\":\"Mealworm breeding trays, Insect Rearing Trays\"}]},{\"@type\":\"WebSite\",\"@id\":\"https:\/\/www.plastic-crate.co.uk\/#website\",\"url\":\"https:\/\/www.plastic-crate.co.uk\/\",\"name\":\"Euro crates Manufacturer\",\"description\":\"wholesale Euro containers, plastic euro crates with lids, curo boxes without lids\",\"publisher\":{\"@id\":\"https:\/\/www.plastic-crate.co.uk\/#organization\"},\"potentialAction\":[{\"@type\":\"SearchAction\",\"target\":{\"@type\":\"EntryPoint\",\"urlTemplate\":\"https:\/\/www.plastic-crate.co.uk\/?s={search_term_string}\"},\"query-input\":{\"@type\":\"PropertyValueSpecification\",\"valueRequired\":true,\"valueName\":\"search_term_string\"}}],\"inLanguage\":\"de\"},{\"@type\":\"Organization\",\"@id\":\"https:\/\/www.plastic-crate.co.uk\/#organization\",\"name\":\"Euro crates Manufacturer\",\"url\":\"https:\/\/www.plastic-crate.co.uk\/\",\"logo\":{\"@type\":\"ImageObject\",\"inLanguage\":\"de\",\"@id\":\"https:\/\/www.plastic-crate.co.uk\/#\/schema\/logo\/image\/\",\"url\":\"https:\/\/www.plastic-crate.co.uk\/wp-content\/uploads\/2020\/10\/cropped-logo.png\",\"contentUrl\":\"https:\/\/www.plastic-crate.co.uk\/wp-content\/uploads\/2020\/10\/cropped-logo.png\",\"width\":300,\"height\":66,\"caption\":\"Euro crates Manufacturer\"},\"image\":{\"@id\":\"https:\/\/www.plastic-crate.co.uk\/#\/schema\/logo\/image\/\"}}]}<\/script>\n<!-- \/ Yoast SEO plugin. -->","yoast_head_json":{"title":"Mehlwurm-Zuchtschalen, Insekten-Aufzuchtschalen zu verkaufen","description":"Mehlwurm-Zuchtschalen, Insektenaufzuchtschalen, OEM- und ODM-Service verf\u00fcgbar, hochwertige Insektenzuchtk\u00e4sten zum Gro\u00dfhandelspreis!","robots":{"index":"index","follow":"follow","max-snippet":"max-snippet:-1","max-image-preview":"max-image-preview:large","max-video-preview":"max-video-preview:-1"},"canonical":"https:\/\/www.plastic-crate.co.uk\/de\/produkt\/mealworm-breeding-trays-insect-rearing-trays\/","og_locale":"de_DE","og_type":"article","og_title":"stackable folding crate, High Quality stackable folding crate Wholesale","og_description":"mealworm breeding trays, Insect Rearing Trays, OEM & ODM service available,high-quality insect breeding boxes Wholesale price!","og_url":"https:\/\/www.plastic-crate.co.uk\/de\/produkt\/mealworm-breeding-trays-insect-rearing-trays\/","og_site_name":"Euro crates Manufacturer","article_modified_time":"2026-02-17T13:35:16+00:00","og_image":[{"width":2000,"height":2000,"url":"https:\/\/www.plastic-crate.co.uk\/wp-content\/uploads\/2023\/11\/mealworm-breeding-trays-1.png","type":"image\/png"}],"twitter_card":"summary_large_image","twitter_title":"stackable folding crate, High Quality stackable folding crate Wholesale","twitter_misc":{"Est. reading time":"1\u00a0Minute"},"schema":{"@context":"https:\/\/schema.org","@graph":[{"@type":"WebPage","@id":"https:\/\/www.plastic-crate.co.uk\/product\/mealworm-breeding-trays-insect-rearing-trays\/","url":"https:\/\/www.plastic-crate.co.uk\/product\/mealworm-breeding-trays-insect-rearing-trays\/","name":"Mehlwurm-Zuchtschalen, Insekten-Aufzuchtschalen zu verkaufen","isPartOf":{"@id":"https:\/\/www.plastic-crate.co.uk\/#website"},"primaryImageOfPage":{"@id":"https:\/\/www.plastic-crate.co.uk\/product\/mealworm-breeding-trays-insect-rearing-trays\/#primaryimage"},"image":{"@id":"https:\/\/www.plastic-crate.co.uk\/product\/mealworm-breeding-trays-insect-rearing-trays\/#primaryimage"},"thumbnailUrl":"https:\/\/www.plastic-crate.co.uk\/wp-content\/uploads\/2023\/11\/mealworm-breeding-trays-1.png","datePublished":"2023-11-25T16:40:05+00:00","dateModified":"2026-02-17T13:35:16+00:00","description":"Mehlwurm-Zuchtschalen, Insektenaufzuchtschalen, OEM- und ODM-Service verf\u00fcgbar, hochwertige Insektenzuchtk\u00e4sten zum Gro\u00dfhandelspreis!","breadcrumb":{"@id":"https:\/\/www.plastic-crate.co.uk\/product\/mealworm-breeding-trays-insect-rearing-trays\/#breadcrumb"},"inLanguage":"de","potentialAction":[{"@type":"ReadAction","target":["https:\/\/www.plastic-crate.co.uk\/product\/mealworm-breeding-trays-insect-rearing-trays\/"]}]},{"@type":"ImageObject","inLanguage":"de","@id":"https:\/\/www.plastic-crate.co.uk\/product\/mealworm-breeding-trays-insect-rearing-trays\/#primaryimage","url":"https:\/\/www.plastic-crate.co.uk\/wp-content\/uploads\/2023\/11\/mealworm-breeding-trays-1.png","contentUrl":"https:\/\/www.plastic-crate.co.uk\/wp-content\/uploads\/2023\/11\/mealworm-breeding-trays-1.png","width":2000,"height":2000,"caption":"mealworm breeding trays"},{"@type":"BreadcrumbList","@id":"https:\/\/www.plastic-crate.co.uk\/product\/mealworm-breeding-trays-insect-rearing-trays\/#breadcrumb","itemListElement":[{"@type":"ListItem","position":1,"name":"Shop","item":"https:\/\/www.plastic-crate.co.uk\/shop\/"},{"@type":"ListItem","position":2,"name":"Mealworm breeding trays, Insect Rearing Trays"}]},{"@type":"WebSite","@id":"https:\/\/www.plastic-crate.co.uk\/#website","url":"https:\/\/www.plastic-crate.co.uk\/","name":"Eurokisten Hersteller","description":"Eurobeh\u00e4lter im Gro\u00dfhandel, Eurokisten aus Kunststoff mit Deckel, Curo-Boxen ohne Deckel","publisher":{"@id":"https:\/\/www.plastic-crate.co.uk\/#organization"},"potentialAction":[{"@type":"SearchAction","target":{"@type":"EntryPoint","urlTemplate":"https:\/\/www.plastic-crate.co.uk\/?s={search_term_string}"},"query-input":{"@type":"PropertyValueSpecification","valueRequired":true,"valueName":"search_term_string"}}],"inLanguage":"de"},{"@type":"Organization","@id":"https:\/\/www.plastic-crate.co.uk\/#organization","name":"Eurokisten Hersteller","url":"https:\/\/www.plastic-crate.co.uk\/","logo":{"@type":"ImageObject","inLanguage":"de","@id":"https:\/\/www.plastic-crate.co.uk\/#\/schema\/logo\/image\/","url":"https:\/\/www.plastic-crate.co.uk\/wp-content\/uploads\/2020\/10\/cropped-logo.png","contentUrl":"https:\/\/www.plastic-crate.co.uk\/wp-content\/uploads\/2020\/10\/cropped-logo.png","width":300,"height":66,"caption":"Euro crates Manufacturer"},"image":{"@id":"https:\/\/www.plastic-crate.co.uk\/#\/schema\/logo\/image\/"}}]}},"_links":{"self":[{"href":"https:\/\/www.plastic-crate.co.uk\/de\/wp-json\/wp\/v2\/product\/6214","targetHints":{"allow":["GET"]}}],"collection":[{"href":"https:\/\/www.plastic-crate.co.uk\/de\/wp-json\/wp\/v2\/product"}],"about":[{"href":"https:\/\/www.plastic-crate.co.uk\/de\/wp-json\/wp\/v2\/types\/product"}],"wp:featuredmedia":[{"embeddable":true,"href":"https:\/\/www.plastic-crate.co.uk\/de\/wp-json\/wp\/v2\/media\/6215"}],"wp:attachment":[{"href":"https:\/\/www.plastic-crate.co.uk\/de\/wp-json\/wp\/v2\/media?parent=6214"}],"wp:term":[{"taxonomy":"product_brand","embeddable":true,"href":"https:\/\/www.plastic-crate.co.uk\/de\/wp-json\/wp\/v2\/product_brand?post=6214"},{"taxonomy":"product_cat","embeddable":true,"href":"https:\/\/www.plastic-crate.co.uk\/de\/wp-json\/wp\/v2\/product_cat?post=6214"},{"taxonomy":"product_tag","embeddable":true,"href":"https:\/\/www.plastic-crate.co.uk\/de\/wp-json\/wp\/v2\/product_tag?post=6214"}],"curies":[{"name":"wp","href":"https:\/\/api.w.org\/{rel}","templated":true}]}}