{"id":6196,"date":"2023-11-24T07:06:38","date_gmt":"2023-11-24T07:06:38","guid":{"rendered":"https:\/\/www.plastic-crate.co.uk\/?post_type=product&#038;p=6196"},"modified":"2026-03-16T00:24:41","modified_gmt":"2026-03-16T00:24:41","slug":"plastic-trays-for-food-plastic-food-trays-dinner-trays","status":"publish","type":"product","link":"https:\/\/www.plastic-crate.co.uk\/de\/produkt\/plastic-trays-for-food-plastic-food-trays-dinner-trays\/","title":{"rendered":"Kunststoffschalen f\u00fcr Lebensmittel, Kunststoffschalen f\u00fcr Lebensmittel, Essschalen"},"content":{"rendered":"<p>Wir stellen Ihnen unsere vielseitigen und zuverl\u00e4ssigen <strong>Lebensmittelschalen aus Kunststoff<\/strong> \u2013 die perfekte L\u00f6sung f\u00fcr ein besseres Gastronomieerlebnis. Wir wissen, wie wichtig Pr\u00e4sentation, Komfort und Lebensmittelsicherheit in der kulinarischen Welt sind. Unsere Kunststoffschalen f\u00fcr Lebensmittel sind sorgf\u00e4ltig konzipiert, um diese grundlegenden Anforderungen zu erf\u00fcllen und bieten sowohl f\u00fcr gewerbliche Einrichtungen als auch f\u00fcr den Heimgebrauch zahlreiche Vorteile.<\/p>\n<p><a href=\"https:\/\/www.plastic-crate.co.uk\/de\/produktkategorie\/supermarket-crates-bale-arm-crates\/\" target=\"_blank\" rel=\"noopener\">Supermarkt stapelt Kisten<\/a>, <a href=\"https:\/\/www.ph-teststrips.com\/product-category\/salt-water-test-strips\/\" target=\"_blank\" rel=\"noopener\">Teststreifen f\u00fcr Salzwasserpool<\/a>, <a href=\"https:\/\/www.ahotech.com\/custom-battery-packs\/\" target=\"_blank\" rel=\"noopener\">speziell angefertigter Lithium-Akkupack<\/a><\/p>","protected":false},"excerpt":{"rendered":"<p>OEM- und ODM-Service verf\u00fcgbar<\/p>\n<p>Verf\u00fcgbare Farben dieses Essenstabletts<\/p>\n<p>Schwarz, Rosa, Wei\u00df, Gr\u00fcn<\/p>","protected":false},"featured_media":6197,"template":"","meta":{"_acf_changed":false,"site-sidebar-layout":"default","site-content-layout":"default","ast-main-header-display":"","ast-hfb-above-header-display":"","ast-hfb-below-header-display":"","ast-hfb-mobile-header-display":"","site-post-title":"","ast-breadcrumbs-content":"","ast-featured-img":"","footer-sml-layout":"","theme-transparent-header-meta":"","adv-header-id-meta":"","stick-header-meta":"","header-above-stick-meta":"","header-main-stick-meta":"","header-below-stick-meta":""},"product_brand":[],"product_cat":[84],"product_tag":[],"class_list":{"0":"post-6196","1":"product","2":"type-product","3":"status-publish","4":"has-post-thumbnail","6":"product_cat-plastic-trays","8":"first","9":"instock","10":"product-type-simple"},"acf":[],"yoast_head":"<!-- This site is optimized with the Yoast SEO plugin v26.9 - https:\/\/yoast.com\/product\/yoast-seo-wordpress\/ -->\n<title>Plastic trays for food, plastic food trays, dinner trays wholesale<\/title>\n<meta name=\"description\" content=\"Plastic trays for food, plastic food trays at wholesale prices, OEM &amp; ODM service available, dinner trays wholesale\" \/>\n<meta name=\"robots\" content=\"index, follow, max-snippet:-1, max-image-preview:large, max-video-preview:-1\" \/>\n<link rel=\"canonical\" href=\"https:\/\/www.plastic-crate.co.uk\/de\/produkt\/plastic-trays-for-food-plastic-food-trays-dinner-trays\/\" \/>\n<meta property=\"og:locale\" content=\"de_DE\" \/>\n<meta property=\"og:type\" content=\"article\" \/>\n<meta property=\"og:title\" content=\"stackable folding crate, High Quality stackable folding crate Wholesale\" \/>\n<meta property=\"og:description\" content=\"Plastic trays for food, plastic food trays at wholesale prices, OEM &amp; ODM service available, dinner trays wholesale\" \/>\n<meta property=\"og:url\" content=\"https:\/\/www.plastic-crate.co.uk\/de\/produkt\/plastic-trays-for-food-plastic-food-trays-dinner-trays\/\" \/>\n<meta property=\"og:site_name\" content=\"Euro crates Manufacturer\" \/>\n<meta property=\"article:modified_time\" content=\"2026-03-16T00:24:41+00:00\" \/>\n<meta property=\"og:image\" content=\"https:\/\/www.plastic-crate.co.uk\/wp-content\/uploads\/2023\/11\/plastic-food-tray-1.jpg\" \/>\n\t<meta property=\"og:image:width\" content=\"800\" \/>\n\t<meta property=\"og:image:height\" content=\"800\" \/>\n\t<meta property=\"og:image:type\" content=\"image\/jpeg\" \/>\n<meta name=\"twitter:card\" content=\"summary_large_image\" \/>\n<meta name=\"twitter:title\" content=\"stackable folding crate, High Quality stackable folding crate Wholesale\" \/>\n<meta name=\"twitter:label1\" content=\"Est. reading time\" \/>\n\t<meta name=\"twitter:data1\" content=\"1\u00a0Minute\" \/>\n<script type=\"application\/ld+json\" class=\"yoast-schema-graph\">{\"@context\":\"https:\/\/schema.org\",\"@graph\":[{\"@type\":\"WebPage\",\"@id\":\"https:\/\/www.plastic-crate.co.uk\/product\/plastic-trays-for-food-plastic-food-trays-dinner-trays\/\",\"url\":\"https:\/\/www.plastic-crate.co.uk\/product\/plastic-trays-for-food-plastic-food-trays-dinner-trays\/\",\"name\":\"Plastic trays for food, plastic food trays, dinner trays wholesale\",\"isPartOf\":{\"@id\":\"https:\/\/www.plastic-crate.co.uk\/#website\"},\"primaryImageOfPage\":{\"@id\":\"https:\/\/www.plastic-crate.co.uk\/product\/plastic-trays-for-food-plastic-food-trays-dinner-trays\/#primaryimage\"},\"image\":{\"@id\":\"https:\/\/www.plastic-crate.co.uk\/product\/plastic-trays-for-food-plastic-food-trays-dinner-trays\/#primaryimage\"},\"thumbnailUrl\":\"https:\/\/www.plastic-crate.co.uk\/wp-content\/uploads\/2023\/11\/plastic-food-tray-1.jpg\",\"datePublished\":\"2023-11-24T07:06:38+00:00\",\"dateModified\":\"2026-03-16T00:24:41+00:00\",\"description\":\"Plastic trays for food, plastic food trays at wholesale prices, OEM & ODM service available, dinner trays wholesale\",\"breadcrumb\":{\"@id\":\"https:\/\/www.plastic-crate.co.uk\/product\/plastic-trays-for-food-plastic-food-trays-dinner-trays\/#breadcrumb\"},\"inLanguage\":\"de\",\"potentialAction\":[{\"@type\":\"ReadAction\",\"target\":[\"https:\/\/www.plastic-crate.co.uk\/product\/plastic-trays-for-food-plastic-food-trays-dinner-trays\/\"]}]},{\"@type\":\"ImageObject\",\"inLanguage\":\"de\",\"@id\":\"https:\/\/www.plastic-crate.co.uk\/product\/plastic-trays-for-food-plastic-food-trays-dinner-trays\/#primaryimage\",\"url\":\"https:\/\/www.plastic-crate.co.uk\/wp-content\/uploads\/2023\/11\/plastic-food-tray-1.jpg\",\"contentUrl\":\"https:\/\/www.plastic-crate.co.uk\/wp-content\/uploads\/2023\/11\/plastic-food-tray-1.jpg\",\"width\":800,\"height\":800},{\"@type\":\"BreadcrumbList\",\"@id\":\"https:\/\/www.plastic-crate.co.uk\/product\/plastic-trays-for-food-plastic-food-trays-dinner-trays\/#breadcrumb\",\"itemListElement\":[{\"@type\":\"ListItem\",\"position\":1,\"name\":\"Shop\",\"item\":\"https:\/\/www.plastic-crate.co.uk\/shop\/\"},{\"@type\":\"ListItem\",\"position\":2,\"name\":\"Plastic trays for food, plastic food trays, dinner trays\"}]},{\"@type\":\"WebSite\",\"@id\":\"https:\/\/www.plastic-crate.co.uk\/#website\",\"url\":\"https:\/\/www.plastic-crate.co.uk\/\",\"name\":\"Euro crates Manufacturer\",\"description\":\"wholesale Euro containers, plastic euro crates with lids, curo boxes without lids\",\"publisher\":{\"@id\":\"https:\/\/www.plastic-crate.co.uk\/#organization\"},\"potentialAction\":[{\"@type\":\"SearchAction\",\"target\":{\"@type\":\"EntryPoint\",\"urlTemplate\":\"https:\/\/www.plastic-crate.co.uk\/?s={search_term_string}\"},\"query-input\":{\"@type\":\"PropertyValueSpecification\",\"valueRequired\":true,\"valueName\":\"search_term_string\"}}],\"inLanguage\":\"de\"},{\"@type\":\"Organization\",\"@id\":\"https:\/\/www.plastic-crate.co.uk\/#organization\",\"name\":\"Euro crates Manufacturer\",\"url\":\"https:\/\/www.plastic-crate.co.uk\/\",\"logo\":{\"@type\":\"ImageObject\",\"inLanguage\":\"de\",\"@id\":\"https:\/\/www.plastic-crate.co.uk\/#\/schema\/logo\/image\/\",\"url\":\"https:\/\/www.plastic-crate.co.uk\/wp-content\/uploads\/2020\/10\/cropped-logo.png\",\"contentUrl\":\"https:\/\/www.plastic-crate.co.uk\/wp-content\/uploads\/2020\/10\/cropped-logo.png\",\"width\":300,\"height\":66,\"caption\":\"Euro crates Manufacturer\"},\"image\":{\"@id\":\"https:\/\/www.plastic-crate.co.uk\/#\/schema\/logo\/image\/\"}}]}<\/script>\n<!-- \/ Yoast SEO plugin. -->","yoast_head_json":{"title":"Kunststoffschalen f\u00fcr Lebensmittel, Kunststoffschalen f\u00fcr Lebensmittel, Essschalen Gro\u00dfhandel","description":"Kunststoffschalen f\u00fcr Lebensmittel, Kunststoffschalen f\u00fcr Lebensmittel zu Gro\u00dfhandelspreisen, OEM- und ODM-Service verf\u00fcgbar, Gro\u00dfhandel f\u00fcr Essschalen","robots":{"index":"index","follow":"follow","max-snippet":"max-snippet:-1","max-image-preview":"max-image-preview:large","max-video-preview":"max-video-preview:-1"},"canonical":"https:\/\/www.plastic-crate.co.uk\/de\/produkt\/plastic-trays-for-food-plastic-food-trays-dinner-trays\/","og_locale":"de_DE","og_type":"article","og_title":"stackable folding crate, High Quality stackable folding crate Wholesale","og_description":"Plastic trays for food, plastic food trays at wholesale prices, OEM & ODM service available, dinner trays wholesale","og_url":"https:\/\/www.plastic-crate.co.uk\/de\/produkt\/plastic-trays-for-food-plastic-food-trays-dinner-trays\/","og_site_name":"Euro crates Manufacturer","article_modified_time":"2026-03-16T00:24:41+00:00","og_image":[{"width":800,"height":800,"url":"https:\/\/www.plastic-crate.co.uk\/wp-content\/uploads\/2023\/11\/plastic-food-tray-1.jpg","type":"image\/jpeg"}],"twitter_card":"summary_large_image","twitter_title":"stackable folding crate, High Quality stackable folding crate Wholesale","twitter_misc":{"Est. reading time":"1\u00a0Minute"},"schema":{"@context":"https:\/\/schema.org","@graph":[{"@type":"WebPage","@id":"https:\/\/www.plastic-crate.co.uk\/product\/plastic-trays-for-food-plastic-food-trays-dinner-trays\/","url":"https:\/\/www.plastic-crate.co.uk\/product\/plastic-trays-for-food-plastic-food-trays-dinner-trays\/","name":"Kunststoffschalen f\u00fcr Lebensmittel, Kunststoffschalen f\u00fcr Lebensmittel, Essschalen Gro\u00dfhandel","isPartOf":{"@id":"https:\/\/www.plastic-crate.co.uk\/#website"},"primaryImageOfPage":{"@id":"https:\/\/www.plastic-crate.co.uk\/product\/plastic-trays-for-food-plastic-food-trays-dinner-trays\/#primaryimage"},"image":{"@id":"https:\/\/www.plastic-crate.co.uk\/product\/plastic-trays-for-food-plastic-food-trays-dinner-trays\/#primaryimage"},"thumbnailUrl":"https:\/\/www.plastic-crate.co.uk\/wp-content\/uploads\/2023\/11\/plastic-food-tray-1.jpg","datePublished":"2023-11-24T07:06:38+00:00","dateModified":"2026-03-16T00:24:41+00:00","description":"Kunststoffschalen f\u00fcr Lebensmittel, Kunststoffschalen f\u00fcr Lebensmittel zu Gro\u00dfhandelspreisen, OEM- und ODM-Service verf\u00fcgbar, Gro\u00dfhandel f\u00fcr Essschalen","breadcrumb":{"@id":"https:\/\/www.plastic-crate.co.uk\/product\/plastic-trays-for-food-plastic-food-trays-dinner-trays\/#breadcrumb"},"inLanguage":"de","potentialAction":[{"@type":"ReadAction","target":["https:\/\/www.plastic-crate.co.uk\/product\/plastic-trays-for-food-plastic-food-trays-dinner-trays\/"]}]},{"@type":"ImageObject","inLanguage":"de","@id":"https:\/\/www.plastic-crate.co.uk\/product\/plastic-trays-for-food-plastic-food-trays-dinner-trays\/#primaryimage","url":"https:\/\/www.plastic-crate.co.uk\/wp-content\/uploads\/2023\/11\/plastic-food-tray-1.jpg","contentUrl":"https:\/\/www.plastic-crate.co.uk\/wp-content\/uploads\/2023\/11\/plastic-food-tray-1.jpg","width":800,"height":800},{"@type":"BreadcrumbList","@id":"https:\/\/www.plastic-crate.co.uk\/product\/plastic-trays-for-food-plastic-food-trays-dinner-trays\/#breadcrumb","itemListElement":[{"@type":"ListItem","position":1,"name":"Shop","item":"https:\/\/www.plastic-crate.co.uk\/shop\/"},{"@type":"ListItem","position":2,"name":"Plastic trays for food, plastic food trays, dinner trays"}]},{"@type":"WebSite","@id":"https:\/\/www.plastic-crate.co.uk\/#website","url":"https:\/\/www.plastic-crate.co.uk\/","name":"Eurokisten Hersteller","description":"Eurobeh\u00e4lter im Gro\u00dfhandel, Eurokisten aus Kunststoff mit Deckel, Curo-Boxen ohne Deckel","publisher":{"@id":"https:\/\/www.plastic-crate.co.uk\/#organization"},"potentialAction":[{"@type":"SearchAction","target":{"@type":"EntryPoint","urlTemplate":"https:\/\/www.plastic-crate.co.uk\/?s={search_term_string}"},"query-input":{"@type":"PropertyValueSpecification","valueRequired":true,"valueName":"search_term_string"}}],"inLanguage":"de"},{"@type":"Organization","@id":"https:\/\/www.plastic-crate.co.uk\/#organization","name":"Eurokisten Hersteller","url":"https:\/\/www.plastic-crate.co.uk\/","logo":{"@type":"ImageObject","inLanguage":"de","@id":"https:\/\/www.plastic-crate.co.uk\/#\/schema\/logo\/image\/","url":"https:\/\/www.plastic-crate.co.uk\/wp-content\/uploads\/2020\/10\/cropped-logo.png","contentUrl":"https:\/\/www.plastic-crate.co.uk\/wp-content\/uploads\/2020\/10\/cropped-logo.png","width":300,"height":66,"caption":"Euro crates Manufacturer"},"image":{"@id":"https:\/\/www.plastic-crate.co.uk\/#\/schema\/logo\/image\/"}}]}},"_links":{"self":[{"href":"https:\/\/www.plastic-crate.co.uk\/de\/wp-json\/wp\/v2\/product\/6196","targetHints":{"allow":["GET"]}}],"collection":[{"href":"https:\/\/www.plastic-crate.co.uk\/de\/wp-json\/wp\/v2\/product"}],"about":[{"href":"https:\/\/www.plastic-crate.co.uk\/de\/wp-json\/wp\/v2\/types\/product"}],"wp:featuredmedia":[{"embeddable":true,"href":"https:\/\/www.plastic-crate.co.uk\/de\/wp-json\/wp\/v2\/media\/6197"}],"wp:attachment":[{"href":"https:\/\/www.plastic-crate.co.uk\/de\/wp-json\/wp\/v2\/media?parent=6196"}],"wp:term":[{"taxonomy":"product_brand","embeddable":true,"href":"https:\/\/www.plastic-crate.co.uk\/de\/wp-json\/wp\/v2\/product_brand?post=6196"},{"taxonomy":"product_cat","embeddable":true,"href":"https:\/\/www.plastic-crate.co.uk\/de\/wp-json\/wp\/v2\/product_cat?post=6196"},{"taxonomy":"product_tag","embeddable":true,"href":"https:\/\/www.plastic-crate.co.uk\/de\/wp-json\/wp\/v2\/product_tag?post=6196"}],"curies":[{"name":"wp","href":"https:\/\/api.w.org\/{rel}","templated":true}]}}