{"id":6185,"date":"2023-07-24T02:44:04","date_gmt":"2023-07-24T02:44:04","guid":{"rendered":"https:\/\/www.plastic-crate.co.uk\/?post_type=product&#038;p=6185"},"modified":"2025-09-12T21:40:44","modified_gmt":"2025-09-12T21:40:44","slug":"cylinder-storage-box-multifunctional-bottle-crates","status":"publish","type":"product","link":"https:\/\/www.plastic-crate.co.uk\/de\/produkt\/cylinder-storage-box-multifunctional-bottle-crates\/","title":{"rendered":"Flaschenlagerbox, multifunktionale Flaschenk\u00e4sten"},"content":{"rendered":"<p>Die Flaschenaufbewahrungsbox ist die perfekte L\u00f6sung zur Sicherung kleiner Gasflaschen am Lagerort oder am Einsatzort.<\/p>\n<p>wir verkaufen auch <a href=\"https:\/\/www.plastic-crate.co.uk\/de\/produktkategorie\/supermarket-crates-bale-arm-crates\/\" target=\"_blank\" rel=\"noopener\">Kisten f\u00fcr Lebensmittelgesch\u00e4fte<\/a>, <a href=\"https:\/\/www.plastic-crate.co.uk\/de\/produkt-tag\/ifco-crates-for-sale\/\">ifco-Beh\u00e4lter<\/a>, <a href=\"https:\/\/www.plastic-crate.co.uk\/de\/produkt\/trays-for-security-airport-security-trays-for-sale\/\" rel=\"noopener\">Flughafen-Sicherheitstabletts zu verkaufen<\/a><\/p>","protected":false},"excerpt":{"rendered":"<p>Die Aufbewahrungsbox f\u00fcr Gasflaschen ist die ideale L\u00f6sung zur sicheren Lagerung kleiner Gasflaschen, egal ob am Lagerort oder am Einsatzort. Wir verkaufen au\u00dferdem Kisten f\u00fcr Superm\u00e4rkte, IFCO-Container und Sicherheitsbeh\u00e4lter f\u00fcr Flugh\u00e4fen.<\/p>","protected":false},"featured_media":6186,"template":"","meta":{"_acf_changed":false,"site-sidebar-layout":"default","site-content-layout":"default","ast-main-header-display":"","ast-hfb-above-header-display":"","ast-hfb-below-header-display":"","ast-hfb-mobile-header-display":"","site-post-title":"","ast-breadcrumbs-content":"","ast-featured-img":"","footer-sml-layout":"","theme-transparent-header-meta":"","adv-header-id-meta":"","stick-header-meta":"","header-above-stick-meta":"","header-main-stick-meta":"","header-below-stick-meta":""},"product_brand":[],"product_cat":[83],"product_tag":[97],"class_list":{"0":"post-6185","1":"product","2":"type-product","3":"status-publish","4":"has-post-thumbnail","6":"product_cat-plastic-milk-crates","7":"product_tag-water-bottle-crate","9":"first","10":"instock","11":"product-type-simple"},"acf":[],"yoast_head":"<!-- This site is optimized with the Yoast SEO plugin v26.9 - https:\/\/yoast.com\/product\/yoast-seo-wordpress\/ -->\n<title>Cylinder storage box, multifunctional bottle crates Wholesale<\/title>\n<meta name=\"description\" content=\"Cylinder storage box, multifunctional bottle crates wholesale prices, OEM &amp; ODM service available, wholesale multifunctional bottle crates\" \/>\n<meta name=\"robots\" content=\"index, follow, max-snippet:-1, max-image-preview:large, max-video-preview:-1\" \/>\n<link rel=\"canonical\" href=\"https:\/\/www.plastic-crate.co.uk\/de\/produkt\/cylinder-storage-box-multifunctional-bottle-crates\/\" \/>\n<meta property=\"og:locale\" content=\"de_DE\" \/>\n<meta property=\"og:type\" content=\"article\" \/>\n<meta property=\"og:title\" content=\"stackable folding crate, High Quality stackable folding crate Wholesale\" \/>\n<meta property=\"og:description\" content=\"Cylinder storage box, multifunctional bottle crates wholesale prices, OEM &amp; ODM service available, wholesale multifunctional bottle crates\" \/>\n<meta property=\"og:url\" content=\"https:\/\/www.plastic-crate.co.uk\/de\/produkt\/cylinder-storage-box-multifunctional-bottle-crates\/\" \/>\n<meta property=\"og:site_name\" content=\"Euro crates Manufacturer\" \/>\n<meta property=\"article:modified_time\" content=\"2025-09-12T21:40:44+00:00\" \/>\n<meta property=\"og:image\" content=\"https:\/\/www.plastic-crate.co.uk\/wp-content\/uploads\/2023\/07\/Cylinder-storage-box-1.jpeg\" \/>\n\t<meta property=\"og:image:width\" content=\"2000\" \/>\n\t<meta property=\"og:image:height\" content=\"2000\" \/>\n\t<meta property=\"og:image:type\" content=\"image\/jpeg\" \/>\n<meta name=\"twitter:card\" content=\"summary_large_image\" \/>\n<meta name=\"twitter:title\" content=\"stackable folding crate, High Quality stackable folding crate Wholesale\" \/>\n<meta name=\"twitter:label1\" content=\"Est. reading time\" \/>\n\t<meta name=\"twitter:data1\" content=\"1\u00a0Minute\" \/>\n<script type=\"application\/ld+json\" class=\"yoast-schema-graph\">{\"@context\":\"https:\/\/schema.org\",\"@graph\":[{\"@type\":\"WebPage\",\"@id\":\"https:\/\/www.plastic-crate.co.uk\/product\/cylinder-storage-box-multifunctional-bottle-crates\/\",\"url\":\"https:\/\/www.plastic-crate.co.uk\/product\/cylinder-storage-box-multifunctional-bottle-crates\/\",\"name\":\"Cylinder storage box, multifunctional bottle crates Wholesale\",\"isPartOf\":{\"@id\":\"https:\/\/www.plastic-crate.co.uk\/#website\"},\"primaryImageOfPage\":{\"@id\":\"https:\/\/www.plastic-crate.co.uk\/product\/cylinder-storage-box-multifunctional-bottle-crates\/#primaryimage\"},\"image\":{\"@id\":\"https:\/\/www.plastic-crate.co.uk\/product\/cylinder-storage-box-multifunctional-bottle-crates\/#primaryimage\"},\"thumbnailUrl\":\"https:\/\/www.plastic-crate.co.uk\/wp-content\/uploads\/2023\/07\/Cylinder-storage-box-1.jpeg\",\"datePublished\":\"2023-07-24T02:44:04+00:00\",\"dateModified\":\"2025-09-12T21:40:44+00:00\",\"description\":\"Cylinder storage box, multifunctional bottle crates wholesale prices, OEM & ODM service available, wholesale multifunctional bottle crates\",\"breadcrumb\":{\"@id\":\"https:\/\/www.plastic-crate.co.uk\/product\/cylinder-storage-box-multifunctional-bottle-crates\/#breadcrumb\"},\"inLanguage\":\"de\",\"potentialAction\":[{\"@type\":\"ReadAction\",\"target\":[\"https:\/\/www.plastic-crate.co.uk\/product\/cylinder-storage-box-multifunctional-bottle-crates\/\"]}]},{\"@type\":\"ImageObject\",\"inLanguage\":\"de\",\"@id\":\"https:\/\/www.plastic-crate.co.uk\/product\/cylinder-storage-box-multifunctional-bottle-crates\/#primaryimage\",\"url\":\"https:\/\/www.plastic-crate.co.uk\/wp-content\/uploads\/2023\/07\/Cylinder-storage-box-1.jpeg\",\"contentUrl\":\"https:\/\/www.plastic-crate.co.uk\/wp-content\/uploads\/2023\/07\/Cylinder-storage-box-1.jpeg\",\"width\":2000,\"height\":2000,\"caption\":\"multifunctional bottle crates\"},{\"@type\":\"BreadcrumbList\",\"@id\":\"https:\/\/www.plastic-crate.co.uk\/product\/cylinder-storage-box-multifunctional-bottle-crates\/#breadcrumb\",\"itemListElement\":[{\"@type\":\"ListItem\",\"position\":1,\"name\":\"Shop\",\"item\":\"https:\/\/www.plastic-crate.co.uk\/shop\/\"},{\"@type\":\"ListItem\",\"position\":2,\"name\":\"Cylinder storage box, multifunctional bottle crates\"}]},{\"@type\":\"WebSite\",\"@id\":\"https:\/\/www.plastic-crate.co.uk\/#website\",\"url\":\"https:\/\/www.plastic-crate.co.uk\/\",\"name\":\"Euro crates Manufacturer\",\"description\":\"wholesale Euro containers, plastic euro crates with lids, curo boxes without lids\",\"publisher\":{\"@id\":\"https:\/\/www.plastic-crate.co.uk\/#organization\"},\"potentialAction\":[{\"@type\":\"SearchAction\",\"target\":{\"@type\":\"EntryPoint\",\"urlTemplate\":\"https:\/\/www.plastic-crate.co.uk\/?s={search_term_string}\"},\"query-input\":{\"@type\":\"PropertyValueSpecification\",\"valueRequired\":true,\"valueName\":\"search_term_string\"}}],\"inLanguage\":\"de\"},{\"@type\":\"Organization\",\"@id\":\"https:\/\/www.plastic-crate.co.uk\/#organization\",\"name\":\"Euro crates Manufacturer\",\"url\":\"https:\/\/www.plastic-crate.co.uk\/\",\"logo\":{\"@type\":\"ImageObject\",\"inLanguage\":\"de\",\"@id\":\"https:\/\/www.plastic-crate.co.uk\/#\/schema\/logo\/image\/\",\"url\":\"https:\/\/www.plastic-crate.co.uk\/wp-content\/uploads\/2020\/10\/cropped-logo.png\",\"contentUrl\":\"https:\/\/www.plastic-crate.co.uk\/wp-content\/uploads\/2020\/10\/cropped-logo.png\",\"width\":300,\"height\":66,\"caption\":\"Euro crates Manufacturer\"},\"image\":{\"@id\":\"https:\/\/www.plastic-crate.co.uk\/#\/schema\/logo\/image\/\"}}]}<\/script>\n<!-- \/ Yoast SEO plugin. -->","yoast_head_json":{"title":"Flaschenaufbewahrungsbox, multifunktionale Flaschenkisten Gro\u00dfhandel","description":"Flaschenaufbewahrungsbox, multifunktionale Flaschenkisten Gro\u00dfhandelspreise, OEM- und ODM-Service verf\u00fcgbar, multifunktionale Flaschenkisten im Gro\u00dfhandel","robots":{"index":"index","follow":"follow","max-snippet":"max-snippet:-1","max-image-preview":"max-image-preview:large","max-video-preview":"max-video-preview:-1"},"canonical":"https:\/\/www.plastic-crate.co.uk\/de\/produkt\/cylinder-storage-box-multifunctional-bottle-crates\/","og_locale":"de_DE","og_type":"article","og_title":"stackable folding crate, High Quality stackable folding crate Wholesale","og_description":"Cylinder storage box, multifunctional bottle crates wholesale prices, OEM & ODM service available, wholesale multifunctional bottle crates","og_url":"https:\/\/www.plastic-crate.co.uk\/de\/produkt\/cylinder-storage-box-multifunctional-bottle-crates\/","og_site_name":"Euro crates Manufacturer","article_modified_time":"2025-09-12T21:40:44+00:00","og_image":[{"width":2000,"height":2000,"url":"https:\/\/www.plastic-crate.co.uk\/wp-content\/uploads\/2023\/07\/Cylinder-storage-box-1.jpeg","type":"image\/jpeg"}],"twitter_card":"summary_large_image","twitter_title":"stackable folding crate, High Quality stackable folding crate Wholesale","twitter_misc":{"Est. reading time":"1\u00a0Minute"},"schema":{"@context":"https:\/\/schema.org","@graph":[{"@type":"WebPage","@id":"https:\/\/www.plastic-crate.co.uk\/product\/cylinder-storage-box-multifunctional-bottle-crates\/","url":"https:\/\/www.plastic-crate.co.uk\/product\/cylinder-storage-box-multifunctional-bottle-crates\/","name":"Flaschenaufbewahrungsbox, multifunktionale Flaschenkisten Gro\u00dfhandel","isPartOf":{"@id":"https:\/\/www.plastic-crate.co.uk\/#website"},"primaryImageOfPage":{"@id":"https:\/\/www.plastic-crate.co.uk\/product\/cylinder-storage-box-multifunctional-bottle-crates\/#primaryimage"},"image":{"@id":"https:\/\/www.plastic-crate.co.uk\/product\/cylinder-storage-box-multifunctional-bottle-crates\/#primaryimage"},"thumbnailUrl":"https:\/\/www.plastic-crate.co.uk\/wp-content\/uploads\/2023\/07\/Cylinder-storage-box-1.jpeg","datePublished":"2023-07-24T02:44:04+00:00","dateModified":"2025-09-12T21:40:44+00:00","description":"Flaschenaufbewahrungsbox, multifunktionale Flaschenkisten Gro\u00dfhandelspreise, OEM- und ODM-Service verf\u00fcgbar, multifunktionale Flaschenkisten im Gro\u00dfhandel","breadcrumb":{"@id":"https:\/\/www.plastic-crate.co.uk\/product\/cylinder-storage-box-multifunctional-bottle-crates\/#breadcrumb"},"inLanguage":"de","potentialAction":[{"@type":"ReadAction","target":["https:\/\/www.plastic-crate.co.uk\/product\/cylinder-storage-box-multifunctional-bottle-crates\/"]}]},{"@type":"ImageObject","inLanguage":"de","@id":"https:\/\/www.plastic-crate.co.uk\/product\/cylinder-storage-box-multifunctional-bottle-crates\/#primaryimage","url":"https:\/\/www.plastic-crate.co.uk\/wp-content\/uploads\/2023\/07\/Cylinder-storage-box-1.jpeg","contentUrl":"https:\/\/www.plastic-crate.co.uk\/wp-content\/uploads\/2023\/07\/Cylinder-storage-box-1.jpeg","width":2000,"height":2000,"caption":"multifunctional bottle crates"},{"@type":"BreadcrumbList","@id":"https:\/\/www.plastic-crate.co.uk\/product\/cylinder-storage-box-multifunctional-bottle-crates\/#breadcrumb","itemListElement":[{"@type":"ListItem","position":1,"name":"Shop","item":"https:\/\/www.plastic-crate.co.uk\/shop\/"},{"@type":"ListItem","position":2,"name":"Cylinder storage box, multifunctional bottle crates"}]},{"@type":"WebSite","@id":"https:\/\/www.plastic-crate.co.uk\/#website","url":"https:\/\/www.plastic-crate.co.uk\/","name":"Eurokisten Hersteller","description":"Eurobeh\u00e4lter im Gro\u00dfhandel, Eurokisten aus Kunststoff mit Deckel, Curo-Boxen ohne Deckel","publisher":{"@id":"https:\/\/www.plastic-crate.co.uk\/#organization"},"potentialAction":[{"@type":"SearchAction","target":{"@type":"EntryPoint","urlTemplate":"https:\/\/www.plastic-crate.co.uk\/?s={search_term_string}"},"query-input":{"@type":"PropertyValueSpecification","valueRequired":true,"valueName":"search_term_string"}}],"inLanguage":"de"},{"@type":"Organization","@id":"https:\/\/www.plastic-crate.co.uk\/#organization","name":"Eurokisten Hersteller","url":"https:\/\/www.plastic-crate.co.uk\/","logo":{"@type":"ImageObject","inLanguage":"de","@id":"https:\/\/www.plastic-crate.co.uk\/#\/schema\/logo\/image\/","url":"https:\/\/www.plastic-crate.co.uk\/wp-content\/uploads\/2020\/10\/cropped-logo.png","contentUrl":"https:\/\/www.plastic-crate.co.uk\/wp-content\/uploads\/2020\/10\/cropped-logo.png","width":300,"height":66,"caption":"Euro crates Manufacturer"},"image":{"@id":"https:\/\/www.plastic-crate.co.uk\/#\/schema\/logo\/image\/"}}]}},"_links":{"self":[{"href":"https:\/\/www.plastic-crate.co.uk\/de\/wp-json\/wp\/v2\/product\/6185","targetHints":{"allow":["GET"]}}],"collection":[{"href":"https:\/\/www.plastic-crate.co.uk\/de\/wp-json\/wp\/v2\/product"}],"about":[{"href":"https:\/\/www.plastic-crate.co.uk\/de\/wp-json\/wp\/v2\/types\/product"}],"wp:featuredmedia":[{"embeddable":true,"href":"https:\/\/www.plastic-crate.co.uk\/de\/wp-json\/wp\/v2\/media\/6186"}],"wp:attachment":[{"href":"https:\/\/www.plastic-crate.co.uk\/de\/wp-json\/wp\/v2\/media?parent=6185"}],"wp:term":[{"taxonomy":"product_brand","embeddable":true,"href":"https:\/\/www.plastic-crate.co.uk\/de\/wp-json\/wp\/v2\/product_brand?post=6185"},{"taxonomy":"product_cat","embeddable":true,"href":"https:\/\/www.plastic-crate.co.uk\/de\/wp-json\/wp\/v2\/product_cat?post=6185"},{"taxonomy":"product_tag","embeddable":true,"href":"https:\/\/www.plastic-crate.co.uk\/de\/wp-json\/wp\/v2\/product_tag?post=6185"}],"curies":[{"name":"wp","href":"https:\/\/api.w.org\/{rel}","templated":true}]}}