{"id":6176,"date":"2023-07-24T02:08:09","date_gmt":"2023-07-24T02:08:09","guid":{"rendered":"https:\/\/www.plastic-crate.co.uk\/?post_type=product&#038;p=6176"},"modified":"2025-01-15T04:23:17","modified_gmt":"2025-01-15T04:23:17","slug":"foldable-mesh-milk-crates-for-sale","status":"publish","type":"product","link":"https:\/\/www.plastic-crate.co.uk\/de\/produkt\/foldable-mesh-milk-crates-for-sale\/","title":{"rendered":"Faltbare Netzmilchkisten zu verkaufen"},"content":{"rendered":"<p>Die faltbaren Milchkisten aus Netzgewebe sind stapelbare Aufbewahrungskisten, die all Ihre Aktivit\u00e4ten, Ausfl\u00fcge und allt\u00e4glichen Aufgaben vereinfachen. Einfach zu verwenden: \u00d6ffnen Sie sie, wenn Sie sie brauchen, und falten Sie sie flach zusammen, wenn Sie sie nicht brauchen.<\/p>\n<div style=\"width: 1280px;\" class=\"wp-video\"><video class=\"wp-video-shortcode\" id=\"video-6176-1\" width=\"1280\" height=\"720\" preload=\"metadata\" controls=\"controls\"><source type=\"video\/mp4\" src=\"https:\/\/www.plastic-crate.co.uk\/wp-content\/uploads\/2023\/07\/foldable-mesh-milk-crates.mp4?_=1\" \/><a href=\"https:\/\/www.plastic-crate.co.uk\/wp-content\/uploads\/2023\/07\/foldable-mesh-milk-crates.mp4\">https:\/\/www.plastic-crate.co.uk\/wp-content\/uploads\/2023\/07\/foldable-mesh-milk-crates.mp4<\/a><\/video><\/div>\n<p>Zusammenklappbares\/faltbares Design hilft beim Sparen <b>80%-Raum,<\/b> und spart somit Versand- und Lagerkosten. Es hilft auch bei <b>einfacheres Packen<\/b>, Transport und Lagerung. <b>Bequeme, seitliche Griffe <\/b>macht das Heben schwerer Lasten zum Kinderspiel. Die flache Oberfl\u00e4che erleichtert die Reinigung. <b>Ineinandergreifendes Verschachtelungssystem<\/b> bietet Stabilit\u00e4t f\u00fcr vertikales Verschachteln. Flexibel <b>ineinandergreifende Stapelung<\/b> System verhindert ein Verrutschen.<\/p>\n<p>Wir kombinieren Verpackung, Transport und Lagerung in einer wiederverwendbaren, faltbaren Milchkiste.<\/p>\n<p>wir verkaufen auch <a href=\"https:\/\/www.plastic-crate.co.uk\/de\/produkt-tag\/ifco-crates-for-sale\/\">ifco-Beh\u00e4lter<\/a>, <a href=\"https:\/\/www.storage-totes.com\/product-category\/nesting-totes\/\" target=\"_blank\" rel=\"noopener\">Stapel- und Nestbeh\u00e4lter<\/a><\/p>","protected":false},"excerpt":{"rendered":"<p>The foldable mesh milk crates are stackable storage crates to simplify all of your activities, trips and day-to-day tasks. Easy to use, pop &#8217;em open when you need them, fold &#8217;em flat when you don&#8217;t. Collapsible\/folding design helps saving around 80% space, and therefore saving shipping and storage costs. It also helps with easier packing, &hellip;<\/p>\n<p class=\"read-more\"> <a class=\"\" href=\"https:\/\/www.plastic-crate.co.uk\/de\/produkt\/foldable-mesh-milk-crates-for-sale\/\"> <span class=\"screen-reader-text\">Faltbare Netzmilchkisten zu verkaufen<\/span> Mehr lesen &quot;<\/a><\/p>","protected":false},"featured_media":6178,"template":"","meta":{"_acf_changed":false,"site-sidebar-layout":"default","site-content-layout":"default","ast-main-header-display":"","ast-hfb-above-header-display":"","ast-hfb-below-header-display":"","ast-hfb-mobile-header-display":"","site-post-title":"","ast-breadcrumbs-content":"","ast-featured-img":"","footer-sml-layout":"","theme-transparent-header-meta":"","adv-header-id-meta":"","stick-header-meta":"","header-above-stick-meta":"","header-main-stick-meta":"","header-below-stick-meta":""},"product_brand":[],"product_cat":[83],"product_tag":[],"class_list":{"0":"post-6176","1":"product","2":"type-product","3":"status-publish","4":"has-post-thumbnail","6":"product_cat-plastic-milk-crates","8":"first","9":"instock","10":"product-type-simple"},"acf":[],"yoast_head":"<!-- This site is optimized with the Yoast SEO plugin v26.9 - https:\/\/yoast.com\/product\/yoast-seo-wordpress\/ -->\n<title>Foldable mesh milk crates Wholesale<\/title>\n<meta name=\"description\" content=\"foldable mesh milk crates wholesale prices, OEM &amp; ODM service available, wholesale collapsible milk crates\" \/>\n<meta name=\"robots\" content=\"index, follow, max-snippet:-1, max-image-preview:large, max-video-preview:-1\" \/>\n<link rel=\"canonical\" href=\"https:\/\/www.plastic-crate.co.uk\/de\/produkt\/foldable-mesh-milk-crates-for-sale\/\" \/>\n<meta property=\"og:locale\" content=\"de_DE\" \/>\n<meta property=\"og:type\" content=\"article\" \/>\n<meta property=\"og:title\" content=\"stackable folding crate, High Quality stackable folding crate Wholesale\" \/>\n<meta property=\"og:description\" content=\"foldable mesh milk crates wholesale prices, OEM &amp; ODM service available, wholesale collapsible milk crates\" \/>\n<meta property=\"og:url\" content=\"https:\/\/www.plastic-crate.co.uk\/de\/produkt\/foldable-mesh-milk-crates-for-sale\/\" \/>\n<meta property=\"og:site_name\" content=\"Euro crates Manufacturer\" \/>\n<meta property=\"article:modified_time\" content=\"2025-01-15T04:23:17+00:00\" \/>\n<meta property=\"og:image\" content=\"https:\/\/www.plastic-crate.co.uk\/wp-content\/uploads\/2023\/07\/foldable-mesh-milk-crates-2.jpeg\" \/>\n\t<meta property=\"og:image:width\" content=\"960\" \/>\n\t<meta property=\"og:image:height\" content=\"960\" \/>\n\t<meta property=\"og:image:type\" content=\"image\/jpeg\" \/>\n<meta name=\"twitter:card\" content=\"summary_large_image\" \/>\n<meta name=\"twitter:title\" content=\"stackable folding crate, High Quality stackable folding crate Wholesale\" \/>\n<meta name=\"twitter:label1\" content=\"Est. reading time\" \/>\n\t<meta name=\"twitter:data1\" content=\"1\u00a0Minute\" \/>\n<script type=\"application\/ld+json\" class=\"yoast-schema-graph\">{\"@context\":\"https:\/\/schema.org\",\"@graph\":[{\"@type\":\"WebPage\",\"@id\":\"https:\/\/www.plastic-crate.co.uk\/product\/foldable-mesh-milk-crates-for-sale\/\",\"url\":\"https:\/\/www.plastic-crate.co.uk\/product\/foldable-mesh-milk-crates-for-sale\/\",\"name\":\"Foldable mesh milk crates Wholesale\",\"isPartOf\":{\"@id\":\"https:\/\/www.plastic-crate.co.uk\/#website\"},\"primaryImageOfPage\":{\"@id\":\"https:\/\/www.plastic-crate.co.uk\/product\/foldable-mesh-milk-crates-for-sale\/#primaryimage\"},\"image\":{\"@id\":\"https:\/\/www.plastic-crate.co.uk\/product\/foldable-mesh-milk-crates-for-sale\/#primaryimage\"},\"thumbnailUrl\":\"https:\/\/www.plastic-crate.co.uk\/wp-content\/uploads\/2023\/07\/foldable-mesh-milk-crates-2.jpeg\",\"datePublished\":\"2023-07-24T02:08:09+00:00\",\"dateModified\":\"2025-01-15T04:23:17+00:00\",\"description\":\"foldable mesh milk crates wholesale prices, OEM & ODM service available, wholesale collapsible milk crates\",\"breadcrumb\":{\"@id\":\"https:\/\/www.plastic-crate.co.uk\/product\/foldable-mesh-milk-crates-for-sale\/#breadcrumb\"},\"inLanguage\":\"de\",\"potentialAction\":[{\"@type\":\"ReadAction\",\"target\":[\"https:\/\/www.plastic-crate.co.uk\/product\/foldable-mesh-milk-crates-for-sale\/\"]}]},{\"@type\":\"ImageObject\",\"inLanguage\":\"de\",\"@id\":\"https:\/\/www.plastic-crate.co.uk\/product\/foldable-mesh-milk-crates-for-sale\/#primaryimage\",\"url\":\"https:\/\/www.plastic-crate.co.uk\/wp-content\/uploads\/2023\/07\/foldable-mesh-milk-crates-2.jpeg\",\"contentUrl\":\"https:\/\/www.plastic-crate.co.uk\/wp-content\/uploads\/2023\/07\/foldable-mesh-milk-crates-2.jpeg\",\"width\":960,\"height\":960,\"caption\":\"foldable mesh milk crates\"},{\"@type\":\"BreadcrumbList\",\"@id\":\"https:\/\/www.plastic-crate.co.uk\/product\/foldable-mesh-milk-crates-for-sale\/#breadcrumb\",\"itemListElement\":[{\"@type\":\"ListItem\",\"position\":1,\"name\":\"Shop\",\"item\":\"https:\/\/www.plastic-crate.co.uk\/shop\/\"},{\"@type\":\"ListItem\",\"position\":2,\"name\":\"Foldable mesh milk crates for sale\"}]},{\"@type\":\"WebSite\",\"@id\":\"https:\/\/www.plastic-crate.co.uk\/#website\",\"url\":\"https:\/\/www.plastic-crate.co.uk\/\",\"name\":\"Euro crates Manufacturer\",\"description\":\"wholesale Euro containers, plastic euro crates with lids, curo boxes without lids\",\"publisher\":{\"@id\":\"https:\/\/www.plastic-crate.co.uk\/#organization\"},\"potentialAction\":[{\"@type\":\"SearchAction\",\"target\":{\"@type\":\"EntryPoint\",\"urlTemplate\":\"https:\/\/www.plastic-crate.co.uk\/?s={search_term_string}\"},\"query-input\":{\"@type\":\"PropertyValueSpecification\",\"valueRequired\":true,\"valueName\":\"search_term_string\"}}],\"inLanguage\":\"de\"},{\"@type\":\"Organization\",\"@id\":\"https:\/\/www.plastic-crate.co.uk\/#organization\",\"name\":\"Euro crates Manufacturer\",\"url\":\"https:\/\/www.plastic-crate.co.uk\/\",\"logo\":{\"@type\":\"ImageObject\",\"inLanguage\":\"de\",\"@id\":\"https:\/\/www.plastic-crate.co.uk\/#\/schema\/logo\/image\/\",\"url\":\"https:\/\/www.plastic-crate.co.uk\/wp-content\/uploads\/2020\/10\/cropped-logo.png\",\"contentUrl\":\"https:\/\/www.plastic-crate.co.uk\/wp-content\/uploads\/2020\/10\/cropped-logo.png\",\"width\":300,\"height\":66,\"caption\":\"Euro crates Manufacturer\"},\"image\":{\"@id\":\"https:\/\/www.plastic-crate.co.uk\/#\/schema\/logo\/image\/\"}}]}<\/script>\n<!-- \/ Yoast SEO plugin. -->","yoast_head_json":{"title":"Faltbare Netzmilchkisten Gro\u00dfhandel","description":"Gro\u00dfhandelspreise f\u00fcr faltbare Milchkisten aus Netzgewebe, OEM- und ODM-Service verf\u00fcgbar, Gro\u00dfhandel f\u00fcr zusammenklappbare Milchkisten","robots":{"index":"index","follow":"follow","max-snippet":"max-snippet:-1","max-image-preview":"max-image-preview:large","max-video-preview":"max-video-preview:-1"},"canonical":"https:\/\/www.plastic-crate.co.uk\/de\/produkt\/foldable-mesh-milk-crates-for-sale\/","og_locale":"de_DE","og_type":"article","og_title":"stackable folding crate, High Quality stackable folding crate Wholesale","og_description":"foldable mesh milk crates wholesale prices, OEM & ODM service available, wholesale collapsible milk crates","og_url":"https:\/\/www.plastic-crate.co.uk\/de\/produkt\/foldable-mesh-milk-crates-for-sale\/","og_site_name":"Euro crates Manufacturer","article_modified_time":"2025-01-15T04:23:17+00:00","og_image":[{"width":960,"height":960,"url":"https:\/\/www.plastic-crate.co.uk\/wp-content\/uploads\/2023\/07\/foldable-mesh-milk-crates-2.jpeg","type":"image\/jpeg"}],"twitter_card":"summary_large_image","twitter_title":"stackable folding crate, High Quality stackable folding crate Wholesale","twitter_misc":{"Est. reading time":"1\u00a0Minute"},"schema":{"@context":"https:\/\/schema.org","@graph":[{"@type":"WebPage","@id":"https:\/\/www.plastic-crate.co.uk\/product\/foldable-mesh-milk-crates-for-sale\/","url":"https:\/\/www.plastic-crate.co.uk\/product\/foldable-mesh-milk-crates-for-sale\/","name":"Faltbare Netzmilchkisten Gro\u00dfhandel","isPartOf":{"@id":"https:\/\/www.plastic-crate.co.uk\/#website"},"primaryImageOfPage":{"@id":"https:\/\/www.plastic-crate.co.uk\/product\/foldable-mesh-milk-crates-for-sale\/#primaryimage"},"image":{"@id":"https:\/\/www.plastic-crate.co.uk\/product\/foldable-mesh-milk-crates-for-sale\/#primaryimage"},"thumbnailUrl":"https:\/\/www.plastic-crate.co.uk\/wp-content\/uploads\/2023\/07\/foldable-mesh-milk-crates-2.jpeg","datePublished":"2023-07-24T02:08:09+00:00","dateModified":"2025-01-15T04:23:17+00:00","description":"Gro\u00dfhandelspreise f\u00fcr faltbare Milchkisten aus Netzgewebe, OEM- und ODM-Service verf\u00fcgbar, Gro\u00dfhandel f\u00fcr zusammenklappbare Milchkisten","breadcrumb":{"@id":"https:\/\/www.plastic-crate.co.uk\/product\/foldable-mesh-milk-crates-for-sale\/#breadcrumb"},"inLanguage":"de","potentialAction":[{"@type":"ReadAction","target":["https:\/\/www.plastic-crate.co.uk\/product\/foldable-mesh-milk-crates-for-sale\/"]}]},{"@type":"ImageObject","inLanguage":"de","@id":"https:\/\/www.plastic-crate.co.uk\/product\/foldable-mesh-milk-crates-for-sale\/#primaryimage","url":"https:\/\/www.plastic-crate.co.uk\/wp-content\/uploads\/2023\/07\/foldable-mesh-milk-crates-2.jpeg","contentUrl":"https:\/\/www.plastic-crate.co.uk\/wp-content\/uploads\/2023\/07\/foldable-mesh-milk-crates-2.jpeg","width":960,"height":960,"caption":"foldable mesh milk crates"},{"@type":"BreadcrumbList","@id":"https:\/\/www.plastic-crate.co.uk\/product\/foldable-mesh-milk-crates-for-sale\/#breadcrumb","itemListElement":[{"@type":"ListItem","position":1,"name":"Shop","item":"https:\/\/www.plastic-crate.co.uk\/shop\/"},{"@type":"ListItem","position":2,"name":"Foldable mesh milk crates for sale"}]},{"@type":"WebSite","@id":"https:\/\/www.plastic-crate.co.uk\/#website","url":"https:\/\/www.plastic-crate.co.uk\/","name":"Eurokisten Hersteller","description":"Eurobeh\u00e4lter im Gro\u00dfhandel, Eurokisten aus Kunststoff mit Deckel, Curo-Boxen ohne Deckel","publisher":{"@id":"https:\/\/www.plastic-crate.co.uk\/#organization"},"potentialAction":[{"@type":"SearchAction","target":{"@type":"EntryPoint","urlTemplate":"https:\/\/www.plastic-crate.co.uk\/?s={search_term_string}"},"query-input":{"@type":"PropertyValueSpecification","valueRequired":true,"valueName":"search_term_string"}}],"inLanguage":"de"},{"@type":"Organization","@id":"https:\/\/www.plastic-crate.co.uk\/#organization","name":"Eurokisten Hersteller","url":"https:\/\/www.plastic-crate.co.uk\/","logo":{"@type":"ImageObject","inLanguage":"de","@id":"https:\/\/www.plastic-crate.co.uk\/#\/schema\/logo\/image\/","url":"https:\/\/www.plastic-crate.co.uk\/wp-content\/uploads\/2020\/10\/cropped-logo.png","contentUrl":"https:\/\/www.plastic-crate.co.uk\/wp-content\/uploads\/2020\/10\/cropped-logo.png","width":300,"height":66,"caption":"Euro crates Manufacturer"},"image":{"@id":"https:\/\/www.plastic-crate.co.uk\/#\/schema\/logo\/image\/"}}]}},"_links":{"self":[{"href":"https:\/\/www.plastic-crate.co.uk\/de\/wp-json\/wp\/v2\/product\/6176","targetHints":{"allow":["GET"]}}],"collection":[{"href":"https:\/\/www.plastic-crate.co.uk\/de\/wp-json\/wp\/v2\/product"}],"about":[{"href":"https:\/\/www.plastic-crate.co.uk\/de\/wp-json\/wp\/v2\/types\/product"}],"wp:featuredmedia":[{"embeddable":true,"href":"https:\/\/www.plastic-crate.co.uk\/de\/wp-json\/wp\/v2\/media\/6178"}],"wp:attachment":[{"href":"https:\/\/www.plastic-crate.co.uk\/de\/wp-json\/wp\/v2\/media?parent=6176"}],"wp:term":[{"taxonomy":"product_brand","embeddable":true,"href":"https:\/\/www.plastic-crate.co.uk\/de\/wp-json\/wp\/v2\/product_brand?post=6176"},{"taxonomy":"product_cat","embeddable":true,"href":"https:\/\/www.plastic-crate.co.uk\/de\/wp-json\/wp\/v2\/product_cat?post=6176"},{"taxonomy":"product_tag","embeddable":true,"href":"https:\/\/www.plastic-crate.co.uk\/de\/wp-json\/wp\/v2\/product_tag?post=6176"}],"curies":[{"name":"wp","href":"https:\/\/api.w.org\/{rel}","templated":true}]}}