{"id":6160,"date":"2023-07-24T01:26:03","date_gmt":"2023-07-24T01:26:03","guid":{"rendered":"https:\/\/www.plastic-crate.co.uk\/?post_type=product&#038;p=6160"},"modified":"2025-01-15T04:23:51","modified_gmt":"2025-01-15T04:23:51","slug":"heavy-duty-plastic-milk-crates-15-bottle-beverage-crates-15b","status":"publish","type":"product","link":"https:\/\/www.plastic-crate.co.uk\/de\/produkt\/heavy-duty-plastic-milk-crates-15-bottle-beverage-crates-15b\/","title":{"rendered":"Hochleistungs-Milchkisten aus Kunststoff, Getr\u00e4nkekisten f\u00fcr 15 Flaschen - 15B"},"content":{"rendered":"<p>15 Flaschenkisten, Schwere Milchkisten aus Kunststoff Gro\u00dfhandel<\/p>\n<div style=\"width: 1280px;\" class=\"wp-video\"><video class=\"wp-video-shortcode\" id=\"video-6160-1\" width=\"1280\" height=\"720\" preload=\"metadata\" controls=\"controls\"><source type=\"video\/mp4\" src=\"https:\/\/www.plastic-crate.co.uk\/wp-content\/uploads\/2023\/07\/heavy-duty-plastic-milk-crates.mp4?_=1\" \/><a href=\"https:\/\/www.plastic-crate.co.uk\/wp-content\/uploads\/2023\/07\/heavy-duty-plastic-milk-crates.mp4\">https:\/\/www.plastic-crate.co.uk\/wp-content\/uploads\/2023\/07\/heavy-duty-plastic-milk-crates.mp4<\/a><\/video><\/div>\n<p><i data-spm-anchor-id=\"a2700.details.0.i34.696f4daeF0DBXJ\">OEM und ODM <\/i>Verf\u00fcgbar f\u00fcr Getr\u00e4nkekisten aus Kunststoff. Sie k\u00f6nnen Ihr LOGO auf die Kisten drucken.<\/p>\n<p>wir verkaufen auch <a href=\"https:\/\/www.plastic-crates.com\/product-tag\/plastic-gaylord-box-reusable-plastic-gaylord-pallet-container\/\" target=\"_blank\" rel=\"noopener\">Gaylord-Box aus Kunststoff<\/a>, <a href=\"https:\/\/www.plastic-crate.co.uk\/de\/produkt-tag\/ifco-crates-for-sale\/\">ifco Lagerkisten<\/a>, <a href=\"https:\/\/www.storage-totes.com\/product-category\/nesting-totes\/\" target=\"_blank\" rel=\"noopener\">Stapel- und Nestwannen<\/a><\/p>","protected":false},"excerpt":{"rendered":"<p><strong><span class=\"attr-name J-attr-name\" title=\"Lochgr\u00f6\u00dfe\" data-spm-anchor-id=\"a2700.details.0.i49.3a001d7arrxhPk\">Lochgr\u00f6\u00dfe: <\/span>74*114 mm<\/strong><\/p>","protected":false},"featured_media":6174,"template":"","meta":{"_acf_changed":false,"site-sidebar-layout":"default","site-content-layout":"default","ast-main-header-display":"","ast-hfb-above-header-display":"","ast-hfb-below-header-display":"","ast-hfb-mobile-header-display":"","site-post-title":"","ast-breadcrumbs-content":"","ast-featured-img":"","footer-sml-layout":"","theme-transparent-header-meta":"","adv-header-id-meta":"","stick-header-meta":"","header-above-stick-meta":"","header-main-stick-meta":"","header-below-stick-meta":""},"product_brand":[],"product_cat":[83],"product_tag":[],"class_list":{"0":"post-6160","1":"product","2":"type-product","3":"status-publish","4":"has-post-thumbnail","6":"product_cat-plastic-milk-crates","8":"first","9":"instock","10":"product-type-simple"},"acf":[],"yoast_head":"<!-- This site is optimized with the Yoast SEO plugin v26.9 - https:\/\/yoast.com\/product\/yoast-seo-wordpress\/ -->\n<title>Heavy duty plastic milk crates, 15 bottle beverage crates Wholesale price<\/title>\n<meta name=\"description\" content=\"Heavy duty plastic milk crates, 15 bottle beverage crates wholesale prices, OEM &amp; ODM service available, wholesale beer crates\" \/>\n<meta name=\"robots\" content=\"index, follow, max-snippet:-1, max-image-preview:large, max-video-preview:-1\" \/>\n<link rel=\"canonical\" href=\"https:\/\/www.plastic-crate.co.uk\/de\/produkt\/heavy-duty-plastic-milk-crates-15-bottle-beverage-crates-15b\/\" \/>\n<meta property=\"og:locale\" content=\"de_DE\" \/>\n<meta property=\"og:type\" content=\"article\" \/>\n<meta property=\"og:title\" content=\"stackable folding crate, High Quality stackable folding crate Wholesale\" \/>\n<meta property=\"og:description\" content=\"Heavy duty plastic milk crates, 15 bottle beverage crates wholesale prices, OEM &amp; ODM service available, wholesale beer crates\" \/>\n<meta property=\"og:url\" content=\"https:\/\/www.plastic-crate.co.uk\/de\/produkt\/heavy-duty-plastic-milk-crates-15-bottle-beverage-crates-15b\/\" \/>\n<meta property=\"og:site_name\" content=\"Euro crates Manufacturer\" \/>\n<meta property=\"article:modified_time\" content=\"2025-01-15T04:23:51+00:00\" \/>\n<meta property=\"og:image\" content=\"https:\/\/www.plastic-crate.co.uk\/wp-content\/uploads\/2023\/07\/heavy-duty-plastic-milk-crates-6.jpeg\" \/>\n\t<meta property=\"og:image:width\" content=\"1000\" \/>\n\t<meta property=\"og:image:height\" content=\"1000\" \/>\n\t<meta property=\"og:image:type\" content=\"image\/jpeg\" \/>\n<meta name=\"twitter:card\" content=\"summary_large_image\" \/>\n<meta name=\"twitter:title\" content=\"stackable folding crate, High Quality stackable folding crate Wholesale\" \/>\n<meta name=\"twitter:label1\" content=\"Est. reading time\" \/>\n\t<meta name=\"twitter:data1\" content=\"1\u00a0Minute\" \/>\n<script type=\"application\/ld+json\" class=\"yoast-schema-graph\">{\"@context\":\"https:\/\/schema.org\",\"@graph\":[{\"@type\":\"WebPage\",\"@id\":\"https:\/\/www.plastic-crate.co.uk\/product\/heavy-duty-plastic-milk-crates-15-bottle-beverage-crates-15b\/\",\"url\":\"https:\/\/www.plastic-crate.co.uk\/product\/heavy-duty-plastic-milk-crates-15-bottle-beverage-crates-15b\/\",\"name\":\"Heavy duty plastic milk crates, 15 bottle beverage crates Wholesale price\",\"isPartOf\":{\"@id\":\"https:\/\/www.plastic-crate.co.uk\/#website\"},\"primaryImageOfPage\":{\"@id\":\"https:\/\/www.plastic-crate.co.uk\/product\/heavy-duty-plastic-milk-crates-15-bottle-beverage-crates-15b\/#primaryimage\"},\"image\":{\"@id\":\"https:\/\/www.plastic-crate.co.uk\/product\/heavy-duty-plastic-milk-crates-15-bottle-beverage-crates-15b\/#primaryimage\"},\"thumbnailUrl\":\"https:\/\/www.plastic-crate.co.uk\/wp-content\/uploads\/2023\/07\/heavy-duty-plastic-milk-crates-6.jpeg\",\"datePublished\":\"2023-07-24T01:26:03+00:00\",\"dateModified\":\"2025-01-15T04:23:51+00:00\",\"description\":\"Heavy duty plastic milk crates, 15 bottle beverage crates wholesale prices, OEM & ODM service available, wholesale beer crates\",\"breadcrumb\":{\"@id\":\"https:\/\/www.plastic-crate.co.uk\/product\/heavy-duty-plastic-milk-crates-15-bottle-beverage-crates-15b\/#breadcrumb\"},\"inLanguage\":\"de\",\"potentialAction\":[{\"@type\":\"ReadAction\",\"target\":[\"https:\/\/www.plastic-crate.co.uk\/product\/heavy-duty-plastic-milk-crates-15-bottle-beverage-crates-15b\/\"]}]},{\"@type\":\"ImageObject\",\"inLanguage\":\"de\",\"@id\":\"https:\/\/www.plastic-crate.co.uk\/product\/heavy-duty-plastic-milk-crates-15-bottle-beverage-crates-15b\/#primaryimage\",\"url\":\"https:\/\/www.plastic-crate.co.uk\/wp-content\/uploads\/2023\/07\/heavy-duty-plastic-milk-crates-6.jpeg\",\"contentUrl\":\"https:\/\/www.plastic-crate.co.uk\/wp-content\/uploads\/2023\/07\/heavy-duty-plastic-milk-crates-6.jpeg\",\"width\":1000,\"height\":1000},{\"@type\":\"BreadcrumbList\",\"@id\":\"https:\/\/www.plastic-crate.co.uk\/product\/heavy-duty-plastic-milk-crates-15-bottle-beverage-crates-15b\/#breadcrumb\",\"itemListElement\":[{\"@type\":\"ListItem\",\"position\":1,\"name\":\"Shop\",\"item\":\"https:\/\/www.plastic-crate.co.uk\/shop\/\"},{\"@type\":\"ListItem\",\"position\":2,\"name\":\"Heavy duty plastic milk crates, 15 bottle beverage crates-15B\"}]},{\"@type\":\"WebSite\",\"@id\":\"https:\/\/www.plastic-crate.co.uk\/#website\",\"url\":\"https:\/\/www.plastic-crate.co.uk\/\",\"name\":\"Euro crates Manufacturer\",\"description\":\"wholesale Euro containers, plastic euro crates with lids, curo boxes without lids\",\"publisher\":{\"@id\":\"https:\/\/www.plastic-crate.co.uk\/#organization\"},\"potentialAction\":[{\"@type\":\"SearchAction\",\"target\":{\"@type\":\"EntryPoint\",\"urlTemplate\":\"https:\/\/www.plastic-crate.co.uk\/?s={search_term_string}\"},\"query-input\":{\"@type\":\"PropertyValueSpecification\",\"valueRequired\":true,\"valueName\":\"search_term_string\"}}],\"inLanguage\":\"de\"},{\"@type\":\"Organization\",\"@id\":\"https:\/\/www.plastic-crate.co.uk\/#organization\",\"name\":\"Euro crates Manufacturer\",\"url\":\"https:\/\/www.plastic-crate.co.uk\/\",\"logo\":{\"@type\":\"ImageObject\",\"inLanguage\":\"de\",\"@id\":\"https:\/\/www.plastic-crate.co.uk\/#\/schema\/logo\/image\/\",\"url\":\"https:\/\/www.plastic-crate.co.uk\/wp-content\/uploads\/2020\/10\/cropped-logo.png\",\"contentUrl\":\"https:\/\/www.plastic-crate.co.uk\/wp-content\/uploads\/2020\/10\/cropped-logo.png\",\"width\":300,\"height\":66,\"caption\":\"Euro crates Manufacturer\"},\"image\":{\"@id\":\"https:\/\/www.plastic-crate.co.uk\/#\/schema\/logo\/image\/\"}}]}<\/script>\n<!-- \/ Yoast SEO plugin. -->","yoast_head_json":{"title":"Hochleistungs-Milchkisten aus Kunststoff, Getr\u00e4nkekisten f\u00fcr 15 Flaschen zum Gro\u00dfhandelspreis","description":"Hochleistungs-Milchk\u00e4sten aus Kunststoff, Getr\u00e4nkekisten f\u00fcr 15 Flaschen zu Gro\u00dfhandelspreisen, OEM- und ODM-Service verf\u00fcgbar, Bierkisten im Gro\u00dfhandel","robots":{"index":"index","follow":"follow","max-snippet":"max-snippet:-1","max-image-preview":"max-image-preview:large","max-video-preview":"max-video-preview:-1"},"canonical":"https:\/\/www.plastic-crate.co.uk\/de\/produkt\/heavy-duty-plastic-milk-crates-15-bottle-beverage-crates-15b\/","og_locale":"de_DE","og_type":"article","og_title":"stackable folding crate, High Quality stackable folding crate Wholesale","og_description":"Heavy duty plastic milk crates, 15 bottle beverage crates wholesale prices, OEM & ODM service available, wholesale beer crates","og_url":"https:\/\/www.plastic-crate.co.uk\/de\/produkt\/heavy-duty-plastic-milk-crates-15-bottle-beverage-crates-15b\/","og_site_name":"Euro crates Manufacturer","article_modified_time":"2025-01-15T04:23:51+00:00","og_image":[{"width":1000,"height":1000,"url":"https:\/\/www.plastic-crate.co.uk\/wp-content\/uploads\/2023\/07\/heavy-duty-plastic-milk-crates-6.jpeg","type":"image\/jpeg"}],"twitter_card":"summary_large_image","twitter_title":"stackable folding crate, High Quality stackable folding crate Wholesale","twitter_misc":{"Est. reading time":"1\u00a0Minute"},"schema":{"@context":"https:\/\/schema.org","@graph":[{"@type":"WebPage","@id":"https:\/\/www.plastic-crate.co.uk\/product\/heavy-duty-plastic-milk-crates-15-bottle-beverage-crates-15b\/","url":"https:\/\/www.plastic-crate.co.uk\/product\/heavy-duty-plastic-milk-crates-15-bottle-beverage-crates-15b\/","name":"Hochleistungs-Milchkisten aus Kunststoff, Getr\u00e4nkekisten f\u00fcr 15 Flaschen zum Gro\u00dfhandelspreis","isPartOf":{"@id":"https:\/\/www.plastic-crate.co.uk\/#website"},"primaryImageOfPage":{"@id":"https:\/\/www.plastic-crate.co.uk\/product\/heavy-duty-plastic-milk-crates-15-bottle-beverage-crates-15b\/#primaryimage"},"image":{"@id":"https:\/\/www.plastic-crate.co.uk\/product\/heavy-duty-plastic-milk-crates-15-bottle-beverage-crates-15b\/#primaryimage"},"thumbnailUrl":"https:\/\/www.plastic-crate.co.uk\/wp-content\/uploads\/2023\/07\/heavy-duty-plastic-milk-crates-6.jpeg","datePublished":"2023-07-24T01:26:03+00:00","dateModified":"2025-01-15T04:23:51+00:00","description":"Hochleistungs-Milchk\u00e4sten aus Kunststoff, Getr\u00e4nkekisten f\u00fcr 15 Flaschen zu Gro\u00dfhandelspreisen, OEM- und ODM-Service verf\u00fcgbar, Bierkisten im Gro\u00dfhandel","breadcrumb":{"@id":"https:\/\/www.plastic-crate.co.uk\/product\/heavy-duty-plastic-milk-crates-15-bottle-beverage-crates-15b\/#breadcrumb"},"inLanguage":"de","potentialAction":[{"@type":"ReadAction","target":["https:\/\/www.plastic-crate.co.uk\/product\/heavy-duty-plastic-milk-crates-15-bottle-beverage-crates-15b\/"]}]},{"@type":"ImageObject","inLanguage":"de","@id":"https:\/\/www.plastic-crate.co.uk\/product\/heavy-duty-plastic-milk-crates-15-bottle-beverage-crates-15b\/#primaryimage","url":"https:\/\/www.plastic-crate.co.uk\/wp-content\/uploads\/2023\/07\/heavy-duty-plastic-milk-crates-6.jpeg","contentUrl":"https:\/\/www.plastic-crate.co.uk\/wp-content\/uploads\/2023\/07\/heavy-duty-plastic-milk-crates-6.jpeg","width":1000,"height":1000},{"@type":"BreadcrumbList","@id":"https:\/\/www.plastic-crate.co.uk\/product\/heavy-duty-plastic-milk-crates-15-bottle-beverage-crates-15b\/#breadcrumb","itemListElement":[{"@type":"ListItem","position":1,"name":"Shop","item":"https:\/\/www.plastic-crate.co.uk\/shop\/"},{"@type":"ListItem","position":2,"name":"Heavy duty plastic milk crates, 15 bottle beverage crates-15B"}]},{"@type":"WebSite","@id":"https:\/\/www.plastic-crate.co.uk\/#website","url":"https:\/\/www.plastic-crate.co.uk\/","name":"Eurokisten Hersteller","description":"Eurobeh\u00e4lter im Gro\u00dfhandel, Eurokisten aus Kunststoff mit Deckel, Curo-Boxen ohne Deckel","publisher":{"@id":"https:\/\/www.plastic-crate.co.uk\/#organization"},"potentialAction":[{"@type":"SearchAction","target":{"@type":"EntryPoint","urlTemplate":"https:\/\/www.plastic-crate.co.uk\/?s={search_term_string}"},"query-input":{"@type":"PropertyValueSpecification","valueRequired":true,"valueName":"search_term_string"}}],"inLanguage":"de"},{"@type":"Organization","@id":"https:\/\/www.plastic-crate.co.uk\/#organization","name":"Eurokisten Hersteller","url":"https:\/\/www.plastic-crate.co.uk\/","logo":{"@type":"ImageObject","inLanguage":"de","@id":"https:\/\/www.plastic-crate.co.uk\/#\/schema\/logo\/image\/","url":"https:\/\/www.plastic-crate.co.uk\/wp-content\/uploads\/2020\/10\/cropped-logo.png","contentUrl":"https:\/\/www.plastic-crate.co.uk\/wp-content\/uploads\/2020\/10\/cropped-logo.png","width":300,"height":66,"caption":"Euro crates Manufacturer"},"image":{"@id":"https:\/\/www.plastic-crate.co.uk\/#\/schema\/logo\/image\/"}}]}},"_links":{"self":[{"href":"https:\/\/www.plastic-crate.co.uk\/de\/wp-json\/wp\/v2\/product\/6160","targetHints":{"allow":["GET"]}}],"collection":[{"href":"https:\/\/www.plastic-crate.co.uk\/de\/wp-json\/wp\/v2\/product"}],"about":[{"href":"https:\/\/www.plastic-crate.co.uk\/de\/wp-json\/wp\/v2\/types\/product"}],"wp:featuredmedia":[{"embeddable":true,"href":"https:\/\/www.plastic-crate.co.uk\/de\/wp-json\/wp\/v2\/media\/6174"}],"wp:attachment":[{"href":"https:\/\/www.plastic-crate.co.uk\/de\/wp-json\/wp\/v2\/media?parent=6160"}],"wp:term":[{"taxonomy":"product_brand","embeddable":true,"href":"https:\/\/www.plastic-crate.co.uk\/de\/wp-json\/wp\/v2\/product_brand?post=6160"},{"taxonomy":"product_cat","embeddable":true,"href":"https:\/\/www.plastic-crate.co.uk\/de\/wp-json\/wp\/v2\/product_cat?post=6160"},{"taxonomy":"product_tag","embeddable":true,"href":"https:\/\/www.plastic-crate.co.uk\/de\/wp-json\/wp\/v2\/product_tag?post=6160"}],"curies":[{"name":"wp","href":"https:\/\/api.w.org\/{rel}","templated":true}]}}