{"id":6153,"date":"2023-07-19T12:02:49","date_gmt":"2023-07-19T12:02:49","guid":{"rendered":"https:\/\/www.plastic-crate.co.uk\/?post_type=product&#038;p=6153"},"modified":"2025-09-19T00:12:14","modified_gmt":"2025-09-19T00:12:14","slug":"trays-for-security-airport-security-trays-for-sale","status":"publish","type":"product","link":"https:\/\/www.plastic-crate.co.uk\/de\/produkt\/trays-for-security-airport-security-trays-for-sale\/","title":{"rendered":"Tabletts f\u00fcr die Sicherheit, Flughafen-Sicherheitstabletts zu verkaufen"},"content":{"rendered":"<p>Sicherheitsschalen werden zum Aufbewahren von Gegenst\u00e4nden beim Check-in im Flugzeug verwendet. Sie sind langlebig und f\u00fcr den Dauereinsatz konzipiert. <strong>Flughafen-Sicherheitstabletts<\/strong> sind mit antimikrobieller Technologie behandelt, um das Bakterienwachstum auf den Sicherheitsbeh\u00e4ltern an Flugh\u00e4fen zu verhindern. Unsere Sicherheitsbeh\u00e4lter sorgen f\u00fcr ein saubereres Sicherheitserlebnis am Flughafen.<\/p>\n<p><a href=\"https:\/\/www.plastic-crate.co.uk\/de\/produktkategorie\/plastic-milk-crates\/\">Milchkisten zu verkaufen<\/a>, <a href=\"https:\/\/www.plastic-crate.co.uk\/de\/produktkategorie\/supermarket-crates-bale-arm-crates\/\">Ballenarmkiste<\/a>, <a href=\"https:\/\/www.plastic-crates.com\/product-category\/totes-with-lids\/\" target=\"_blank\" rel=\"noopener\">Plastikbeh\u00e4lter mit Deckel<\/a><\/p>","protected":false},"excerpt":{"rendered":"<p>Security trays are used to hold items during flight check-ins, Durable long lasting and designed for continuous use, the airport security trays are treated with antimicrobial technology to help prevent the growth of bacteria on airport screening bins. Our trays for security provide a cleaner airport screening experience. milk crates for sale, bale arm crate, &hellip;<\/p>\n<p class=\"read-more\"> <a class=\"\" href=\"https:\/\/www.plastic-crate.co.uk\/de\/produkt\/trays-for-security-airport-security-trays-for-sale\/\"> <span class=\"screen-reader-text\">Tabletts f\u00fcr die Sicherheit, Flughafen-Sicherheitstabletts zu verkaufen<\/span> Mehr lesen &quot;<\/a><\/p>","protected":false},"featured_media":6154,"template":"","meta":{"_acf_changed":false,"site-sidebar-layout":"default","site-content-layout":"default","ast-main-header-display":"","ast-hfb-above-header-display":"","ast-hfb-below-header-display":"","ast-hfb-mobile-header-display":"","site-post-title":"","ast-breadcrumbs-content":"","ast-featured-img":"","footer-sml-layout":"","theme-transparent-header-meta":"","adv-header-id-meta":"","stick-header-meta":"","header-above-stick-meta":"","header-main-stick-meta":"","header-below-stick-meta":""},"product_brand":[],"product_cat":[84],"product_tag":[99],"class_list":{"0":"post-6153","1":"product","2":"type-product","3":"status-publish","4":"has-post-thumbnail","6":"product_cat-plastic-trays","7":"product_tag-airport-bins","9":"first","10":"instock","11":"product-type-simple"},"acf":[],"yoast_head":"<!-- This site is optimized with the Yoast SEO plugin v26.9 - https:\/\/yoast.com\/product\/yoast-seo-wordpress\/ -->\n<title>Trays for security, airport security trays for sale<\/title>\n<meta name=\"description\" content=\"Trays for security, airport security trays for sale, OEM &amp; ODM service available, Trays for security wholesale price\" \/>\n<meta name=\"robots\" content=\"index, follow, max-snippet:-1, max-image-preview:large, max-video-preview:-1\" \/>\n<link rel=\"canonical\" href=\"https:\/\/www.plastic-crate.co.uk\/de\/produkt\/trays-for-security-airport-security-trays-for-sale\/\" \/>\n<meta property=\"og:locale\" content=\"de_DE\" \/>\n<meta property=\"og:type\" content=\"article\" \/>\n<meta property=\"og:title\" content=\"stackable folding crate, High Quality stackable folding crate Wholesale\" \/>\n<meta property=\"og:description\" content=\"Trays for security, airport security trays for sale, OEM &amp; ODM service available, Trays for security wholesale price\" \/>\n<meta property=\"og:url\" content=\"https:\/\/www.plastic-crate.co.uk\/de\/produkt\/trays-for-security-airport-security-trays-for-sale\/\" \/>\n<meta property=\"og:site_name\" content=\"Euro crates Manufacturer\" \/>\n<meta property=\"article:modified_time\" content=\"2025-09-19T00:12:14+00:00\" \/>\n<meta property=\"og:image\" content=\"https:\/\/www.plastic-crate.co.uk\/wp-content\/uploads\/2023\/07\/trays-for-security-1.png\" \/>\n\t<meta property=\"og:image:width\" content=\"667\" \/>\n\t<meta property=\"og:image:height\" content=\"667\" \/>\n\t<meta property=\"og:image:type\" content=\"image\/png\" \/>\n<meta name=\"twitter:card\" content=\"summary_large_image\" \/>\n<meta name=\"twitter:title\" content=\"stackable folding crate, High Quality stackable folding crate Wholesale\" \/>\n<meta name=\"twitter:label1\" content=\"Est. reading time\" \/>\n\t<meta name=\"twitter:data1\" content=\"1\u00a0Minute\" \/>\n<script type=\"application\/ld+json\" class=\"yoast-schema-graph\">{\"@context\":\"https:\/\/schema.org\",\"@graph\":[{\"@type\":\"WebPage\",\"@id\":\"https:\/\/www.plastic-crate.co.uk\/product\/trays-for-security-airport-security-trays-for-sale\/\",\"url\":\"https:\/\/www.plastic-crate.co.uk\/product\/trays-for-security-airport-security-trays-for-sale\/\",\"name\":\"Trays for security, airport security trays for sale\",\"isPartOf\":{\"@id\":\"https:\/\/www.plastic-crate.co.uk\/#website\"},\"primaryImageOfPage\":{\"@id\":\"https:\/\/www.plastic-crate.co.uk\/product\/trays-for-security-airport-security-trays-for-sale\/#primaryimage\"},\"image\":{\"@id\":\"https:\/\/www.plastic-crate.co.uk\/product\/trays-for-security-airport-security-trays-for-sale\/#primaryimage\"},\"thumbnailUrl\":\"https:\/\/www.plastic-crate.co.uk\/wp-content\/uploads\/2023\/07\/trays-for-security-1.png\",\"datePublished\":\"2023-07-19T12:02:49+00:00\",\"dateModified\":\"2025-09-19T00:12:14+00:00\",\"description\":\"Trays for security, airport security trays for sale, OEM & ODM service available, Trays for security wholesale price\",\"breadcrumb\":{\"@id\":\"https:\/\/www.plastic-crate.co.uk\/product\/trays-for-security-airport-security-trays-for-sale\/#breadcrumb\"},\"inLanguage\":\"de\",\"potentialAction\":[{\"@type\":\"ReadAction\",\"target\":[\"https:\/\/www.plastic-crate.co.uk\/product\/trays-for-security-airport-security-trays-for-sale\/\"]}]},{\"@type\":\"ImageObject\",\"inLanguage\":\"de\",\"@id\":\"https:\/\/www.plastic-crate.co.uk\/product\/trays-for-security-airport-security-trays-for-sale\/#primaryimage\",\"url\":\"https:\/\/www.plastic-crate.co.uk\/wp-content\/uploads\/2023\/07\/trays-for-security-1.png\",\"contentUrl\":\"https:\/\/www.plastic-crate.co.uk\/wp-content\/uploads\/2023\/07\/trays-for-security-1.png\",\"width\":667,\"height\":667,\"caption\":\"trays for security\"},{\"@type\":\"BreadcrumbList\",\"@id\":\"https:\/\/www.plastic-crate.co.uk\/product\/trays-for-security-airport-security-trays-for-sale\/#breadcrumb\",\"itemListElement\":[{\"@type\":\"ListItem\",\"position\":1,\"name\":\"Shop\",\"item\":\"https:\/\/www.plastic-crate.co.uk\/shop\/\"},{\"@type\":\"ListItem\",\"position\":2,\"name\":\"Trays for security, airport security trays for sale\"}]},{\"@type\":\"WebSite\",\"@id\":\"https:\/\/www.plastic-crate.co.uk\/#website\",\"url\":\"https:\/\/www.plastic-crate.co.uk\/\",\"name\":\"Euro crates Manufacturer\",\"description\":\"wholesale Euro containers, plastic euro crates with lids, curo boxes without lids\",\"publisher\":{\"@id\":\"https:\/\/www.plastic-crate.co.uk\/#organization\"},\"potentialAction\":[{\"@type\":\"SearchAction\",\"target\":{\"@type\":\"EntryPoint\",\"urlTemplate\":\"https:\/\/www.plastic-crate.co.uk\/?s={search_term_string}\"},\"query-input\":{\"@type\":\"PropertyValueSpecification\",\"valueRequired\":true,\"valueName\":\"search_term_string\"}}],\"inLanguage\":\"de\"},{\"@type\":\"Organization\",\"@id\":\"https:\/\/www.plastic-crate.co.uk\/#organization\",\"name\":\"Euro crates Manufacturer\",\"url\":\"https:\/\/www.plastic-crate.co.uk\/\",\"logo\":{\"@type\":\"ImageObject\",\"inLanguage\":\"de\",\"@id\":\"https:\/\/www.plastic-crate.co.uk\/#\/schema\/logo\/image\/\",\"url\":\"https:\/\/www.plastic-crate.co.uk\/wp-content\/uploads\/2020\/10\/cropped-logo.png\",\"contentUrl\":\"https:\/\/www.plastic-crate.co.uk\/wp-content\/uploads\/2020\/10\/cropped-logo.png\",\"width\":300,\"height\":66,\"caption\":\"Euro crates Manufacturer\"},\"image\":{\"@id\":\"https:\/\/www.plastic-crate.co.uk\/#\/schema\/logo\/image\/\"}}]}<\/script>\n<!-- \/ Yoast SEO plugin. -->","yoast_head_json":{"title":"Tabletts f\u00fcr die Sicherheit, Flughafen-Sicherheitstabletts zu verkaufen","description":"Tabletts f\u00fcr die Sicherheit, Flughafen-Sicherheitstabletts zu verkaufen, OEM- und ODM-Service verf\u00fcgbar, Tabletts f\u00fcr die Sicherheit zum Gro\u00dfhandelspreis","robots":{"index":"index","follow":"follow","max-snippet":"max-snippet:-1","max-image-preview":"max-image-preview:large","max-video-preview":"max-video-preview:-1"},"canonical":"https:\/\/www.plastic-crate.co.uk\/de\/produkt\/trays-for-security-airport-security-trays-for-sale\/","og_locale":"de_DE","og_type":"article","og_title":"stackable folding crate, High Quality stackable folding crate Wholesale","og_description":"Trays for security, airport security trays for sale, OEM & ODM service available, Trays for security wholesale price","og_url":"https:\/\/www.plastic-crate.co.uk\/de\/produkt\/trays-for-security-airport-security-trays-for-sale\/","og_site_name":"Euro crates Manufacturer","article_modified_time":"2025-09-19T00:12:14+00:00","og_image":[{"width":667,"height":667,"url":"https:\/\/www.plastic-crate.co.uk\/wp-content\/uploads\/2023\/07\/trays-for-security-1.png","type":"image\/png"}],"twitter_card":"summary_large_image","twitter_title":"stackable folding crate, High Quality stackable folding crate Wholesale","twitter_misc":{"Est. reading time":"1\u00a0Minute"},"schema":{"@context":"https:\/\/schema.org","@graph":[{"@type":"WebPage","@id":"https:\/\/www.plastic-crate.co.uk\/product\/trays-for-security-airport-security-trays-for-sale\/","url":"https:\/\/www.plastic-crate.co.uk\/product\/trays-for-security-airport-security-trays-for-sale\/","name":"Tabletts f\u00fcr die Sicherheit, Flughafen-Sicherheitstabletts zu verkaufen","isPartOf":{"@id":"https:\/\/www.plastic-crate.co.uk\/#website"},"primaryImageOfPage":{"@id":"https:\/\/www.plastic-crate.co.uk\/product\/trays-for-security-airport-security-trays-for-sale\/#primaryimage"},"image":{"@id":"https:\/\/www.plastic-crate.co.uk\/product\/trays-for-security-airport-security-trays-for-sale\/#primaryimage"},"thumbnailUrl":"https:\/\/www.plastic-crate.co.uk\/wp-content\/uploads\/2023\/07\/trays-for-security-1.png","datePublished":"2023-07-19T12:02:49+00:00","dateModified":"2025-09-19T00:12:14+00:00","description":"Tabletts f\u00fcr die Sicherheit, Flughafen-Sicherheitstabletts zu verkaufen, OEM- und ODM-Service verf\u00fcgbar, Tabletts f\u00fcr die Sicherheit zum Gro\u00dfhandelspreis","breadcrumb":{"@id":"https:\/\/www.plastic-crate.co.uk\/product\/trays-for-security-airport-security-trays-for-sale\/#breadcrumb"},"inLanguage":"de","potentialAction":[{"@type":"ReadAction","target":["https:\/\/www.plastic-crate.co.uk\/product\/trays-for-security-airport-security-trays-for-sale\/"]}]},{"@type":"ImageObject","inLanguage":"de","@id":"https:\/\/www.plastic-crate.co.uk\/product\/trays-for-security-airport-security-trays-for-sale\/#primaryimage","url":"https:\/\/www.plastic-crate.co.uk\/wp-content\/uploads\/2023\/07\/trays-for-security-1.png","contentUrl":"https:\/\/www.plastic-crate.co.uk\/wp-content\/uploads\/2023\/07\/trays-for-security-1.png","width":667,"height":667,"caption":"trays for security"},{"@type":"BreadcrumbList","@id":"https:\/\/www.plastic-crate.co.uk\/product\/trays-for-security-airport-security-trays-for-sale\/#breadcrumb","itemListElement":[{"@type":"ListItem","position":1,"name":"Shop","item":"https:\/\/www.plastic-crate.co.uk\/shop\/"},{"@type":"ListItem","position":2,"name":"Trays for security, airport security trays for sale"}]},{"@type":"WebSite","@id":"https:\/\/www.plastic-crate.co.uk\/#website","url":"https:\/\/www.plastic-crate.co.uk\/","name":"Eurokisten Hersteller","description":"Eurobeh\u00e4lter im Gro\u00dfhandel, Eurokisten aus Kunststoff mit Deckel, Curo-Boxen ohne Deckel","publisher":{"@id":"https:\/\/www.plastic-crate.co.uk\/#organization"},"potentialAction":[{"@type":"SearchAction","target":{"@type":"EntryPoint","urlTemplate":"https:\/\/www.plastic-crate.co.uk\/?s={search_term_string}"},"query-input":{"@type":"PropertyValueSpecification","valueRequired":true,"valueName":"search_term_string"}}],"inLanguage":"de"},{"@type":"Organization","@id":"https:\/\/www.plastic-crate.co.uk\/#organization","name":"Eurokisten Hersteller","url":"https:\/\/www.plastic-crate.co.uk\/","logo":{"@type":"ImageObject","inLanguage":"de","@id":"https:\/\/www.plastic-crate.co.uk\/#\/schema\/logo\/image\/","url":"https:\/\/www.plastic-crate.co.uk\/wp-content\/uploads\/2020\/10\/cropped-logo.png","contentUrl":"https:\/\/www.plastic-crate.co.uk\/wp-content\/uploads\/2020\/10\/cropped-logo.png","width":300,"height":66,"caption":"Euro crates Manufacturer"},"image":{"@id":"https:\/\/www.plastic-crate.co.uk\/#\/schema\/logo\/image\/"}}]}},"_links":{"self":[{"href":"https:\/\/www.plastic-crate.co.uk\/de\/wp-json\/wp\/v2\/product\/6153","targetHints":{"allow":["GET"]}}],"collection":[{"href":"https:\/\/www.plastic-crate.co.uk\/de\/wp-json\/wp\/v2\/product"}],"about":[{"href":"https:\/\/www.plastic-crate.co.uk\/de\/wp-json\/wp\/v2\/types\/product"}],"wp:featuredmedia":[{"embeddable":true,"href":"https:\/\/www.plastic-crate.co.uk\/de\/wp-json\/wp\/v2\/media\/6154"}],"wp:attachment":[{"href":"https:\/\/www.plastic-crate.co.uk\/de\/wp-json\/wp\/v2\/media?parent=6153"}],"wp:term":[{"taxonomy":"product_brand","embeddable":true,"href":"https:\/\/www.plastic-crate.co.uk\/de\/wp-json\/wp\/v2\/product_brand?post=6153"},{"taxonomy":"product_cat","embeddable":true,"href":"https:\/\/www.plastic-crate.co.uk\/de\/wp-json\/wp\/v2\/product_cat?post=6153"},{"taxonomy":"product_tag","embeddable":true,"href":"https:\/\/www.plastic-crate.co.uk\/de\/wp-json\/wp\/v2\/product_tag?post=6153"}],"curies":[{"name":"wp","href":"https:\/\/api.w.org\/{rel}","templated":true}]}}