{"id":6133,"date":"2023-05-18T20:14:38","date_gmt":"2023-05-18T20:14:38","guid":{"rendered":"https:\/\/www.plastic-crate.co.uk\/?post_type=product&#038;p=6133"},"modified":"2025-03-01T11:40:00","modified_gmt":"2025-03-01T11:40:00","slug":"ventilated-bale-arm-crates-6431","status":"publish","type":"product","link":"https:\/\/www.plastic-crate.co.uk\/de\/produkt\/ventilated-bale-arm-crates-6431\/","title":{"rendered":"Bel\u00fcftete Bale Arm-Kisten 6431"},"content":{"rendered":"<div style=\"width: 960px;\" class=\"wp-video\"><video class=\"wp-video-shortcode\" id=\"video-6133-1\" width=\"960\" height=\"540\" preload=\"metadata\" controls=\"controls\"><source type=\"video\/mp4\" src=\"https:\/\/www.plastic-crate.co.uk\/wp-content\/uploads\/2022\/03\/Supermarket-Bale-Arm-Crates.mp4?_=1\" \/><a href=\"https:\/\/www.plastic-crate.co.uk\/wp-content\/uploads\/2022\/03\/Supermarket-Bale-Arm-Crates.mp4\">https:\/\/www.plastic-crate.co.uk\/wp-content\/uploads\/2022\/03\/Supermarket-Bale-Arm-Crates.mp4<\/a><\/video><\/div>\n<p>Die Supermarkt-Bale-Arm-Kisten haben eine Standardgrundfl\u00e4che von 600 x 400 mm. Sie sind mit zwei stabilen Bale-Armen ausgestattet, die das Stapeln und Ineinanderstecken erm\u00f6glichen. Die stapelbaren K\u00f6rbe sind bei gro\u00dfen Supermarktketten beliebt und werden in zahlreichen Branchen eingesetzt, darunter in der Lebensmittelherstellung und -verarbeitung, im Gastgewerbe, in der Pharma- und Gesundheitsbranche, im Maschinenbau und in der allgemeinen Fertigung, im Einzelhandel und Recycling usw.<\/p>\n<p>Robuste B\u00fcgelarme erm\u00f6glichen das Stapeln im Einsatz. Der B\u00fcgelarm ist zudem beweglich, sodass die Beh\u00e4lter sowohl gestapelt als auch ineinandergeschoben werden k\u00f6nnen. Bei ge\u00f6ffnetem B\u00fcgelarm lassen sich die Beh\u00e4lter bis zu 76% ihrer urspr\u00fcnglichen H\u00f6he ineinanderschieben. Die alternative Stapelh\u00f6he erm\u00f6glicht eine effiziente Verteilung und erm\u00f6glicht die Verwendung desselben Tabletts f\u00fcr verschiedene Anwendungen.<\/p>\n<p>wir verkaufen auch <a href=\"https:\/\/www.panosupplier.com\/suppliers\/corrugated-plastic-totes\" target=\"_blank\" rel=\"noopener\">Wellpappbox<\/a>, <a href=\"https:\/\/www.plastic-crate.co.uk\/de\/produkt-tag\/ifco-crates-for-sale\/\">IFCO Faltkisten<\/a><\/p>","protected":false},"excerpt":{"rendered":"<div class=\"woocommerce-product-details__short-description\">\n<p>Wir bieten auch <a href=\"https:\/\/www.plastic-crate.co.uk\/de\/produktkategorie\/plastic-trays\/\" rel=\"noopener\">Nudel-Trockentablett<\/a>, <a href=\"https:\/\/www.plastic-crate.co.uk\/de\/produktkategorie\/plastic-milk-crates\/\" target=\"_blank\" rel=\"noopener\">Plastikmilchkisten zu verkaufen<\/a>, <a href=\"https:\/\/www.plastic-crate.co.uk\/de\/produktkategorie\/folding-crate\/\">Klappkisten<\/a><\/p>\n<\/div>\n<div class=\"product_meta\"><\/div>","protected":false},"featured_media":6139,"template":"","meta":{"_acf_changed":false,"site-sidebar-layout":"default","site-content-layout":"default","ast-main-header-display":"","ast-hfb-above-header-display":"","ast-hfb-below-header-display":"","ast-hfb-mobile-header-display":"","site-post-title":"","ast-breadcrumbs-content":"","ast-featured-img":"","footer-sml-layout":"","theme-transparent-header-meta":"","adv-header-id-meta":"","stick-header-meta":"","header-above-stick-meta":"","header-main-stick-meta":"","header-below-stick-meta":""},"product_brand":[],"product_cat":[82],"product_tag":[],"class_list":{"0":"post-6133","1":"product","2":"type-product","3":"status-publish","4":"has-post-thumbnail","6":"product_cat-supermarket-crates-bale-arm-crates","8":"first","9":"instock","10":"product-type-simple"},"acf":[],"yoast_head":"<!-- This site is optimized with the Yoast SEO plugin v26.9 - https:\/\/yoast.com\/product\/yoast-seo-wordpress\/ -->\n<title>Ventilated Bale Arm Crates, bale arm crates for sale Wholesale<\/title>\n<meta name=\"description\" content=\"Ventilated Bale Arm Crates, bale arm crates for sale at wholesale prices, OEM &amp; ODM service available, perfect for handling food products\" \/>\n<meta name=\"robots\" content=\"index, follow, max-snippet:-1, max-image-preview:large, max-video-preview:-1\" \/>\n<link rel=\"canonical\" href=\"https:\/\/www.plastic-crate.co.uk\/de\/produkt\/ventilated-bale-arm-crates-6431\/\" \/>\n<meta property=\"og:locale\" content=\"de_DE\" \/>\n<meta property=\"og:type\" content=\"article\" \/>\n<meta property=\"og:title\" content=\"stackable folding crate, High Quality stackable folding crate Wholesale\" \/>\n<meta property=\"og:description\" content=\"Ventilated Bale Arm Crates, bale arm crates for sale at wholesale prices, OEM &amp; ODM service available, perfect for handling food products\" \/>\n<meta property=\"og:url\" content=\"https:\/\/www.plastic-crate.co.uk\/de\/produkt\/ventilated-bale-arm-crates-6431\/\" \/>\n<meta property=\"og:site_name\" content=\"Euro crates Manufacturer\" \/>\n<meta property=\"article:modified_time\" content=\"2025-03-01T11:40:00+00:00\" \/>\n<meta property=\"og:image\" content=\"https:\/\/www.plastic-crate.co.uk\/wp-content\/uploads\/2023\/05\/ventilated-bale-arm-crates-6.png\" \/>\n\t<meta property=\"og:image:width\" content=\"800\" \/>\n\t<meta property=\"og:image:height\" content=\"800\" \/>\n\t<meta property=\"og:image:type\" content=\"image\/png\" \/>\n<meta name=\"twitter:card\" content=\"summary_large_image\" \/>\n<meta name=\"twitter:title\" content=\"stackable folding crate, High Quality stackable folding crate Wholesale\" \/>\n<meta name=\"twitter:label1\" content=\"Est. reading time\" \/>\n\t<meta name=\"twitter:data1\" content=\"1\u00a0Minute\" \/>\n<script type=\"application\/ld+json\" class=\"yoast-schema-graph\">{\"@context\":\"https:\/\/schema.org\",\"@graph\":[{\"@type\":\"WebPage\",\"@id\":\"https:\/\/www.plastic-crate.co.uk\/product\/ventilated-bale-arm-crates-6431\/\",\"url\":\"https:\/\/www.plastic-crate.co.uk\/product\/ventilated-bale-arm-crates-6431\/\",\"name\":\"Ventilated Bale Arm Crates, bale arm crates for sale Wholesale\",\"isPartOf\":{\"@id\":\"https:\/\/www.plastic-crate.co.uk\/#website\"},\"primaryImageOfPage\":{\"@id\":\"https:\/\/www.plastic-crate.co.uk\/product\/ventilated-bale-arm-crates-6431\/#primaryimage\"},\"image\":{\"@id\":\"https:\/\/www.plastic-crate.co.uk\/product\/ventilated-bale-arm-crates-6431\/#primaryimage\"},\"thumbnailUrl\":\"https:\/\/www.plastic-crate.co.uk\/wp-content\/uploads\/2023\/05\/ventilated-bale-arm-crates-6.png\",\"datePublished\":\"2023-05-18T20:14:38+00:00\",\"dateModified\":\"2025-03-01T11:40:00+00:00\",\"description\":\"Ventilated Bale Arm Crates, bale arm crates for sale at wholesale prices, OEM & ODM service available, perfect for handling food products\",\"breadcrumb\":{\"@id\":\"https:\/\/www.plastic-crate.co.uk\/product\/ventilated-bale-arm-crates-6431\/#breadcrumb\"},\"inLanguage\":\"de\",\"potentialAction\":[{\"@type\":\"ReadAction\",\"target\":[\"https:\/\/www.plastic-crate.co.uk\/product\/ventilated-bale-arm-crates-6431\/\"]}]},{\"@type\":\"ImageObject\",\"inLanguage\":\"de\",\"@id\":\"https:\/\/www.plastic-crate.co.uk\/product\/ventilated-bale-arm-crates-6431\/#primaryimage\",\"url\":\"https:\/\/www.plastic-crate.co.uk\/wp-content\/uploads\/2023\/05\/ventilated-bale-arm-crates-6.png\",\"contentUrl\":\"https:\/\/www.plastic-crate.co.uk\/wp-content\/uploads\/2023\/05\/ventilated-bale-arm-crates-6.png\",\"width\":800,\"height\":800,\"caption\":\"ventilated bale arm crates\"},{\"@type\":\"BreadcrumbList\",\"@id\":\"https:\/\/www.plastic-crate.co.uk\/product\/ventilated-bale-arm-crates-6431\/#breadcrumb\",\"itemListElement\":[{\"@type\":\"ListItem\",\"position\":1,\"name\":\"Shop\",\"item\":\"https:\/\/www.plastic-crate.co.uk\/shop\/\"},{\"@type\":\"ListItem\",\"position\":2,\"name\":\"Ventilated Bale Arm Crates 6431\"}]},{\"@type\":\"WebSite\",\"@id\":\"https:\/\/www.plastic-crate.co.uk\/#website\",\"url\":\"https:\/\/www.plastic-crate.co.uk\/\",\"name\":\"Euro crates Manufacturer\",\"description\":\"wholesale Euro containers, plastic euro crates with lids, curo boxes without lids\",\"publisher\":{\"@id\":\"https:\/\/www.plastic-crate.co.uk\/#organization\"},\"potentialAction\":[{\"@type\":\"SearchAction\",\"target\":{\"@type\":\"EntryPoint\",\"urlTemplate\":\"https:\/\/www.plastic-crate.co.uk\/?s={search_term_string}\"},\"query-input\":{\"@type\":\"PropertyValueSpecification\",\"valueRequired\":true,\"valueName\":\"search_term_string\"}}],\"inLanguage\":\"de\"},{\"@type\":\"Organization\",\"@id\":\"https:\/\/www.plastic-crate.co.uk\/#organization\",\"name\":\"Euro crates Manufacturer\",\"url\":\"https:\/\/www.plastic-crate.co.uk\/\",\"logo\":{\"@type\":\"ImageObject\",\"inLanguage\":\"de\",\"@id\":\"https:\/\/www.plastic-crate.co.uk\/#\/schema\/logo\/image\/\",\"url\":\"https:\/\/www.plastic-crate.co.uk\/wp-content\/uploads\/2020\/10\/cropped-logo.png\",\"contentUrl\":\"https:\/\/www.plastic-crate.co.uk\/wp-content\/uploads\/2020\/10\/cropped-logo.png\",\"width\":300,\"height\":66,\"caption\":\"Euro crates Manufacturer\"},\"image\":{\"@id\":\"https:\/\/www.plastic-crate.co.uk\/#\/schema\/logo\/image\/\"}}]}<\/script>\n<!-- \/ Yoast SEO plugin. -->","yoast_head_json":{"title":"Bel\u00fcftete Bale Arm Kisten, Bale Arm Kisten zum Verkauf Gro\u00dfhandel","description":"Bel\u00fcftete Bale Arm-Kisten, Bale Arm-Kisten zum Verkauf zu Gro\u00dfhandelspreisen, OEM- und ODM-Service verf\u00fcgbar, perfekt f\u00fcr die Handhabung von Lebensmitteln","robots":{"index":"index","follow":"follow","max-snippet":"max-snippet:-1","max-image-preview":"max-image-preview:large","max-video-preview":"max-video-preview:-1"},"canonical":"https:\/\/www.plastic-crate.co.uk\/de\/produkt\/ventilated-bale-arm-crates-6431\/","og_locale":"de_DE","og_type":"article","og_title":"stackable folding crate, High Quality stackable folding crate Wholesale","og_description":"Ventilated Bale Arm Crates, bale arm crates for sale at wholesale prices, OEM & ODM service available, perfect for handling food products","og_url":"https:\/\/www.plastic-crate.co.uk\/de\/produkt\/ventilated-bale-arm-crates-6431\/","og_site_name":"Euro crates Manufacturer","article_modified_time":"2025-03-01T11:40:00+00:00","og_image":[{"width":800,"height":800,"url":"https:\/\/www.plastic-crate.co.uk\/wp-content\/uploads\/2023\/05\/ventilated-bale-arm-crates-6.png","type":"image\/png"}],"twitter_card":"summary_large_image","twitter_title":"stackable folding crate, High Quality stackable folding crate Wholesale","twitter_misc":{"Est. reading time":"1\u00a0Minute"},"schema":{"@context":"https:\/\/schema.org","@graph":[{"@type":"WebPage","@id":"https:\/\/www.plastic-crate.co.uk\/product\/ventilated-bale-arm-crates-6431\/","url":"https:\/\/www.plastic-crate.co.uk\/product\/ventilated-bale-arm-crates-6431\/","name":"Bel\u00fcftete Bale Arm Kisten, Bale Arm Kisten zum Verkauf Gro\u00dfhandel","isPartOf":{"@id":"https:\/\/www.plastic-crate.co.uk\/#website"},"primaryImageOfPage":{"@id":"https:\/\/www.plastic-crate.co.uk\/product\/ventilated-bale-arm-crates-6431\/#primaryimage"},"image":{"@id":"https:\/\/www.plastic-crate.co.uk\/product\/ventilated-bale-arm-crates-6431\/#primaryimage"},"thumbnailUrl":"https:\/\/www.plastic-crate.co.uk\/wp-content\/uploads\/2023\/05\/ventilated-bale-arm-crates-6.png","datePublished":"2023-05-18T20:14:38+00:00","dateModified":"2025-03-01T11:40:00+00:00","description":"Bel\u00fcftete Bale Arm-Kisten, Bale Arm-Kisten zum Verkauf zu Gro\u00dfhandelspreisen, OEM- und ODM-Service verf\u00fcgbar, perfekt f\u00fcr die Handhabung von Lebensmitteln","breadcrumb":{"@id":"https:\/\/www.plastic-crate.co.uk\/product\/ventilated-bale-arm-crates-6431\/#breadcrumb"},"inLanguage":"de","potentialAction":[{"@type":"ReadAction","target":["https:\/\/www.plastic-crate.co.uk\/product\/ventilated-bale-arm-crates-6431\/"]}]},{"@type":"ImageObject","inLanguage":"de","@id":"https:\/\/www.plastic-crate.co.uk\/product\/ventilated-bale-arm-crates-6431\/#primaryimage","url":"https:\/\/www.plastic-crate.co.uk\/wp-content\/uploads\/2023\/05\/ventilated-bale-arm-crates-6.png","contentUrl":"https:\/\/www.plastic-crate.co.uk\/wp-content\/uploads\/2023\/05\/ventilated-bale-arm-crates-6.png","width":800,"height":800,"caption":"ventilated bale arm crates"},{"@type":"BreadcrumbList","@id":"https:\/\/www.plastic-crate.co.uk\/product\/ventilated-bale-arm-crates-6431\/#breadcrumb","itemListElement":[{"@type":"ListItem","position":1,"name":"Shop","item":"https:\/\/www.plastic-crate.co.uk\/shop\/"},{"@type":"ListItem","position":2,"name":"Ventilated Bale Arm Crates 6431"}]},{"@type":"WebSite","@id":"https:\/\/www.plastic-crate.co.uk\/#website","url":"https:\/\/www.plastic-crate.co.uk\/","name":"Eurokisten Hersteller","description":"Eurobeh\u00e4lter im Gro\u00dfhandel, Eurokisten aus Kunststoff mit Deckel, Curo-Boxen ohne Deckel","publisher":{"@id":"https:\/\/www.plastic-crate.co.uk\/#organization"},"potentialAction":[{"@type":"SearchAction","target":{"@type":"EntryPoint","urlTemplate":"https:\/\/www.plastic-crate.co.uk\/?s={search_term_string}"},"query-input":{"@type":"PropertyValueSpecification","valueRequired":true,"valueName":"search_term_string"}}],"inLanguage":"de"},{"@type":"Organization","@id":"https:\/\/www.plastic-crate.co.uk\/#organization","name":"Eurokisten Hersteller","url":"https:\/\/www.plastic-crate.co.uk\/","logo":{"@type":"ImageObject","inLanguage":"de","@id":"https:\/\/www.plastic-crate.co.uk\/#\/schema\/logo\/image\/","url":"https:\/\/www.plastic-crate.co.uk\/wp-content\/uploads\/2020\/10\/cropped-logo.png","contentUrl":"https:\/\/www.plastic-crate.co.uk\/wp-content\/uploads\/2020\/10\/cropped-logo.png","width":300,"height":66,"caption":"Euro crates Manufacturer"},"image":{"@id":"https:\/\/www.plastic-crate.co.uk\/#\/schema\/logo\/image\/"}}]}},"_links":{"self":[{"href":"https:\/\/www.plastic-crate.co.uk\/de\/wp-json\/wp\/v2\/product\/6133","targetHints":{"allow":["GET"]}}],"collection":[{"href":"https:\/\/www.plastic-crate.co.uk\/de\/wp-json\/wp\/v2\/product"}],"about":[{"href":"https:\/\/www.plastic-crate.co.uk\/de\/wp-json\/wp\/v2\/types\/product"}],"wp:featuredmedia":[{"embeddable":true,"href":"https:\/\/www.plastic-crate.co.uk\/de\/wp-json\/wp\/v2\/media\/6139"}],"wp:attachment":[{"href":"https:\/\/www.plastic-crate.co.uk\/de\/wp-json\/wp\/v2\/media?parent=6133"}],"wp:term":[{"taxonomy":"product_brand","embeddable":true,"href":"https:\/\/www.plastic-crate.co.uk\/de\/wp-json\/wp\/v2\/product_brand?post=6133"},{"taxonomy":"product_cat","embeddable":true,"href":"https:\/\/www.plastic-crate.co.uk\/de\/wp-json\/wp\/v2\/product_cat?post=6133"},{"taxonomy":"product_tag","embeddable":true,"href":"https:\/\/www.plastic-crate.co.uk\/de\/wp-json\/wp\/v2\/product_tag?post=6133"}],"curies":[{"name":"wp","href":"https:\/\/api.w.org\/{rel}","templated":true}]}}