{"id":6058,"date":"2022-04-13T01:50:57","date_gmt":"2022-04-13T01:50:57","guid":{"rendered":"https:\/\/www.plastic-crate.co.uk\/?post_type=product&#038;p=6058"},"modified":"2022-04-13T02:55:24","modified_gmt":"2022-04-13T02:55:24","slug":"pasta-drying-tray-plastic-commercial-pasta-drying-trays-002","status":"publish","type":"product","link":"https:\/\/www.plastic-crate.co.uk\/de\/produkt\/pasta-drying-tray-plastic-commercial-pasta-drying-trays-002\/","title":{"rendered":"Nudeltrockner, kommerzielle Nudeltrockner aus Kunststoff 002"},"content":{"rendered":"<p>Diese professionellen Nudeltrockner sind \u00e4u\u00dferst vielseitig einsetzbar. Sie sind lebensmittelecht, stapelbar und leicht abwaschbar und somit die perfekte Erg\u00e4nzung f\u00fcr Ihre K\u00fcche. Ob Sie Nudeln, Ravioli, Gem\u00fcse oder andere Lebensmittel trocknen, diese Trockner sind f\u00fcr Ihren t\u00e4glichen Bedarf geeignet.<\/p>\n<ul>\n<li>Strapazierf\u00e4hig und langlebig<\/li>\n<li>Lebensmittelecht getestet von -25<strong>\u00b0<\/strong>\u00a0C \u2013 115<strong>\u00b0<\/strong>\u00a0C (-13\u00b0 F \u2013 239\u00b0F)<\/li>\n<li>Hergestellt in Italien<\/li>\n<li>Stapelbar<\/li>\n<li>Leicht zu reinigen<\/li>\n<\/ul>\n<p><img decoding=\"async\" class=\"alignnone wp-image-6065 size-full\" src=\"https:\/\/www.plastic-crate.co.uk\/wp-content\/uploads\/2022\/04\/pasta-drying-tray-detail.jpg\" alt=\"Detail des kommerziellen Nudel-Trockentabletts\" width=\"790\" height=\"876\" srcset=\"https:\/\/www.plastic-crate.co.uk\/wp-content\/uploads\/2022\/04\/pasta-drying-tray-detail.jpg 790w, https:\/\/www.plastic-crate.co.uk\/wp-content\/uploads\/2022\/04\/pasta-drying-tray-detail-271x300.jpg 271w, https:\/\/www.plastic-crate.co.uk\/wp-content\/uploads\/2022\/04\/pasta-drying-tray-detail-768x852.jpg 768w, https:\/\/www.plastic-crate.co.uk\/wp-content\/uploads\/2022\/04\/pasta-drying-tray-detail-600x665.jpg 600w\" sizes=\"(max-width: 790px) 100vw, 790px\" \/><\/p>\n<p><img decoding=\"async\" class=\"alignnone wp-image-6066 size-full\" src=\"https:\/\/www.plastic-crate.co.uk\/wp-content\/uploads\/2022\/04\/stackable-pasta-drying-tray.jpg\" alt=\"stapelbare Trockenschalen aus wei\u00dfem Kunststoff\" width=\"790\" height=\"651\" srcset=\"https:\/\/www.plastic-crate.co.uk\/wp-content\/uploads\/2022\/04\/stackable-pasta-drying-tray.jpg 790w, https:\/\/www.plastic-crate.co.uk\/wp-content\/uploads\/2022\/04\/stackable-pasta-drying-tray-300x247.jpg 300w, https:\/\/www.plastic-crate.co.uk\/wp-content\/uploads\/2022\/04\/stackable-pasta-drying-tray-768x633.jpg 768w, https:\/\/www.plastic-crate.co.uk\/wp-content\/uploads\/2022\/04\/stackable-pasta-drying-tray-600x494.jpg 600w\" sizes=\"(max-width: 790px) 100vw, 790px\" \/><\/p>\n<p><img decoding=\"async\" class=\"alignnone wp-image-6067 size-full\" src=\"https:\/\/www.plastic-crate.co.uk\/wp-content\/uploads\/2022\/04\/pasta-drying-tray-usecase.jpg\" alt=\"Anwendungsbeispiel f\u00fcr ein Nudel-Trockentablett\" width=\"790\" height=\"1500\" srcset=\"https:\/\/www.plastic-crate.co.uk\/wp-content\/uploads\/2022\/04\/pasta-drying-tray-usecase.jpg 790w, https:\/\/www.plastic-crate.co.uk\/wp-content\/uploads\/2022\/04\/pasta-drying-tray-usecase-158x300.jpg 158w, https:\/\/www.plastic-crate.co.uk\/wp-content\/uploads\/2022\/04\/pasta-drying-tray-usecase-539x1024.jpg 539w, https:\/\/www.plastic-crate.co.uk\/wp-content\/uploads\/2022\/04\/pasta-drying-tray-usecase-768x1458.jpg 768w, https:\/\/www.plastic-crate.co.uk\/wp-content\/uploads\/2022\/04\/pasta-drying-tray-usecase-600x1139.jpg 600w\" sizes=\"(max-width: 790px) 100vw, 790px\" \/><\/p>\n<p>Nudeltrockner-Tablett Ausgestattet mit Rollwagen<\/p>\n<p><img decoding=\"async\" class=\"alignnone wp-image-6068 size-large\" src=\"https:\/\/www.plastic-crate.co.uk\/wp-content\/uploads\/2022\/04\/pasta-drying-tray-with-dolly-680x1024.jpg\" alt=\"Nudeltrocknertablett mit Rollwagen\" width=\"680\" height=\"1024\" srcset=\"https:\/\/www.plastic-crate.co.uk\/wp-content\/uploads\/2022\/04\/pasta-drying-tray-with-dolly-680x1024.jpg 680w, https:\/\/www.plastic-crate.co.uk\/wp-content\/uploads\/2022\/04\/pasta-drying-tray-with-dolly-199x300.jpg 199w, https:\/\/www.plastic-crate.co.uk\/wp-content\/uploads\/2022\/04\/pasta-drying-tray-with-dolly-768x1156.jpg 768w, https:\/\/www.plastic-crate.co.uk\/wp-content\/uploads\/2022\/04\/pasta-drying-tray-with-dolly-600x903.jpg 600w, https:\/\/www.plastic-crate.co.uk\/wp-content\/uploads\/2022\/04\/pasta-drying-tray-with-dolly.jpg 790w\" sizes=\"(max-width: 680px) 100vw, 680px\" \/><\/p>\n<p><img decoding=\"async\" class=\"alignnone wp-image-6069 size-large\" src=\"https:\/\/www.plastic-crate.co.uk\/wp-content\/uploads\/2022\/04\/commercial-pasta-drying-tray-721x1024.jpg\" alt=\"kommerzielles Nudel-Trockentablett\" width=\"721\" height=\"1024\" srcset=\"https:\/\/www.plastic-crate.co.uk\/wp-content\/uploads\/2022\/04\/commercial-pasta-drying-tray-721x1024.jpg 721w, https:\/\/www.plastic-crate.co.uk\/wp-content\/uploads\/2022\/04\/commercial-pasta-drying-tray-211x300.jpg 211w, https:\/\/www.plastic-crate.co.uk\/wp-content\/uploads\/2022\/04\/commercial-pasta-drying-tray-768x1091.jpg 768w, https:\/\/www.plastic-crate.co.uk\/wp-content\/uploads\/2022\/04\/commercial-pasta-drying-tray-600x852.jpg 600w, https:\/\/www.plastic-crate.co.uk\/wp-content\/uploads\/2022\/04\/commercial-pasta-drying-tray.jpg 790w\" sizes=\"(max-width: 721px) 100vw, 721px\" \/><\/p>\n<p><img decoding=\"async\" class=\"alignnone wp-image-6070 size-large\" src=\"https:\/\/www.plastic-crate.co.uk\/wp-content\/uploads\/2022\/04\/commercial-pasta-drying-tray-detail-695x1024.jpg\" alt=\"Detail des kommerziellen Nudel-Trockentabletts\" width=\"695\" height=\"1024\" srcset=\"https:\/\/www.plastic-crate.co.uk\/wp-content\/uploads\/2022\/04\/commercial-pasta-drying-tray-detail-695x1024.jpg 695w, https:\/\/www.plastic-crate.co.uk\/wp-content\/uploads\/2022\/04\/commercial-pasta-drying-tray-detail-204x300.jpg 204w, https:\/\/www.plastic-crate.co.uk\/wp-content\/uploads\/2022\/04\/commercial-pasta-drying-tray-detail-768x1132.jpg 768w, https:\/\/www.plastic-crate.co.uk\/wp-content\/uploads\/2022\/04\/commercial-pasta-drying-tray-detail-600x884.jpg 600w, https:\/\/www.plastic-crate.co.uk\/wp-content\/uploads\/2022\/04\/commercial-pasta-drying-tray-detail.jpg 790w\" sizes=\"(max-width: 695px) 100vw, 695px\" \/><\/p>\n<p><img decoding=\"async\" class=\"alignnone wp-image-6071 size-full\" src=\"https:\/\/www.plastic-crate.co.uk\/wp-content\/uploads\/2022\/04\/commercial-pasta-drying-tray-use-case.jpg\" alt=\"Anwendungsfall f\u00fcr kommerzielle Nudel-Trockentabletts\" width=\"790\" height=\"902\" srcset=\"https:\/\/www.plastic-crate.co.uk\/wp-content\/uploads\/2022\/04\/commercial-pasta-drying-tray-use-case.jpg 790w, https:\/\/www.plastic-crate.co.uk\/wp-content\/uploads\/2022\/04\/commercial-pasta-drying-tray-use-case-263x300.jpg 263w, https:\/\/www.plastic-crate.co.uk\/wp-content\/uploads\/2022\/04\/commercial-pasta-drying-tray-use-case-768x877.jpg 768w, https:\/\/www.plastic-crate.co.uk\/wp-content\/uploads\/2022\/04\/commercial-pasta-drying-tray-use-case-600x685.jpg 600w\" sizes=\"(max-width: 790px) 100vw, 790px\" \/><\/p>\n<h5>Kommerzielles Nudel-Trockentablett, verf\u00fcgbare Gr\u00f6\u00dfe<\/h5>\n<p><img decoding=\"async\" class=\"alignnone wp-image-6072 size-full\" src=\"https:\/\/www.plastic-crate.co.uk\/wp-content\/uploads\/2022\/04\/pasta-drying-tray-available-size-a.jpg\" alt=\"kommerzielles Nudel-Trockentablett verf\u00fcgbare Gr\u00f6\u00dfe\" width=\"790\" height=\"750\" srcset=\"https:\/\/www.plastic-crate.co.uk\/wp-content\/uploads\/2022\/04\/pasta-drying-tray-available-size-a.jpg 790w, https:\/\/www.plastic-crate.co.uk\/wp-content\/uploads\/2022\/04\/pasta-drying-tray-available-size-a-300x285.jpg 300w, https:\/\/www.plastic-crate.co.uk\/wp-content\/uploads\/2022\/04\/pasta-drying-tray-available-size-a-768x729.jpg 768w, https:\/\/www.plastic-crate.co.uk\/wp-content\/uploads\/2022\/04\/pasta-drying-tray-available-size-a-600x570.jpg 600w\" sizes=\"(max-width: 790px) 100vw, 790px\" \/><img decoding=\"async\" class=\"alignnone wp-image-6073 size-full\" src=\"https:\/\/www.plastic-crate.co.uk\/wp-content\/uploads\/2022\/04\/pasta-drying-tray-available-size-b.jpg\" alt=\"kommerzielles Nudel-Trockentablett verf\u00fcgbare Gr\u00f6\u00dfe\" width=\"790\" height=\"904\" srcset=\"https:\/\/www.plastic-crate.co.uk\/wp-content\/uploads\/2022\/04\/pasta-drying-tray-available-size-b.jpg 790w, https:\/\/www.plastic-crate.co.uk\/wp-content\/uploads\/2022\/04\/pasta-drying-tray-available-size-b-262x300.jpg 262w, https:\/\/www.plastic-crate.co.uk\/wp-content\/uploads\/2022\/04\/pasta-drying-tray-available-size-b-768x879.jpg 768w, https:\/\/www.plastic-crate.co.uk\/wp-content\/uploads\/2022\/04\/pasta-drying-tray-available-size-b-600x687.jpg 600w\" sizes=\"(max-width: 790px) 100vw, 790px\" \/><img decoding=\"async\" class=\"alignnone wp-image-6074 size-full\" src=\"https:\/\/www.plastic-crate.co.uk\/wp-content\/uploads\/2022\/04\/pasta-drying-tray-available-size-c.jpg\" alt=\"kommerzielles Nudel-Trockentablett verf\u00fcgbare Gr\u00f6\u00dfe\" width=\"790\" height=\"703\" srcset=\"https:\/\/www.plastic-crate.co.uk\/wp-content\/uploads\/2022\/04\/pasta-drying-tray-available-size-c.jpg 790w, https:\/\/www.plastic-crate.co.uk\/wp-content\/uploads\/2022\/04\/pasta-drying-tray-available-size-c-300x267.jpg 300w, https:\/\/www.plastic-crate.co.uk\/wp-content\/uploads\/2022\/04\/pasta-drying-tray-available-size-c-768x683.jpg 768w, https:\/\/www.plastic-crate.co.uk\/wp-content\/uploads\/2022\/04\/pasta-drying-tray-available-size-c-600x534.jpg 600w\" sizes=\"(max-width: 790px) 100vw, 790px\" \/><\/p>\n<p><a href=\"https:\/\/www.plastic-crate.co.uk\/de\/produktkategorie\/plastic-milk-crates\/\">Plastikmilchkisten zu verkaufen<\/a>, <a href=\"https:\/\/www.plastic-crate.co.uk\/de\/produktkategorie\/supermarket-crates-bale-arm-crates\/\">B\u00fcgelarmkisten<\/a>, <a href=\"https:\/\/www.plastic-crates.com\/product-category\/totes-with-lids\/\" target=\"_blank\" rel=\"noopener\">Aufbewahrungsbeh\u00e4lter mit Deckel<\/a><\/p>","protected":false},"excerpt":{"rendered":"<p>These commercial pasta drying trays are extremely versatile, and the pasta drying trays are food safe, stackable and easily washable making them the perfect addition to your kitchen. Whether you&#8217;re drying pasta, ravioli, vegetables, or anything else, these trays will suite your everyday needs. Durable and long lasting Food Safe tested from -25\u00b0\u00a0C &#8211; 115\u00b0\u00a0C &hellip;<\/p>\n<p class=\"read-more\"> <a class=\"\" href=\"https:\/\/www.plastic-crate.co.uk\/de\/produkt\/pasta-drying-tray-plastic-commercial-pasta-drying-trays-002\/\"> <span class=\"screen-reader-text\">Nudeltrockner, kommerzielle Nudeltrockner aus Kunststoff 002<\/span> Mehr lesen &quot;<\/a><\/p>","protected":false},"featured_media":6063,"template":"","meta":{"_acf_changed":false,"site-sidebar-layout":"default","site-content-layout":"default","ast-main-header-display":"","ast-hfb-above-header-display":"","ast-hfb-below-header-display":"","ast-hfb-mobile-header-display":"","site-post-title":"","ast-breadcrumbs-content":"","ast-featured-img":"","footer-sml-layout":"","theme-transparent-header-meta":"","adv-header-id-meta":"","stick-header-meta":"","header-above-stick-meta":"","header-main-stick-meta":"","header-below-stick-meta":""},"product_brand":[],"product_cat":[84],"product_tag":[],"class_list":{"0":"post-6058","1":"product","2":"type-product","3":"status-publish","4":"has-post-thumbnail","6":"product_cat-plastic-trays","8":"first","9":"instock","10":"product-type-simple"},"acf":[],"yoast_head":"<!-- This site is optimized with the Yoast SEO plugin v26.9 - https:\/\/yoast.com\/product\/yoast-seo-wordpress\/ -->\n<title>Pasta drying tray, plastic commercial pasta drying trays Wholesale<\/title>\n<meta name=\"description\" content=\"Pasta drying tray, plastic commercial pasta drying trays at wholesale prices, Perforated white plastic stackable drying trays\" \/>\n<meta name=\"robots\" content=\"index, follow, max-snippet:-1, max-image-preview:large, max-video-preview:-1\" \/>\n<link rel=\"canonical\" href=\"https:\/\/www.plastic-crate.co.uk\/de\/produkt\/pasta-drying-tray-plastic-commercial-pasta-drying-trays-002\/\" \/>\n<meta property=\"og:locale\" content=\"de_DE\" \/>\n<meta property=\"og:type\" content=\"article\" \/>\n<meta property=\"og:title\" content=\"stackable folding crate, High Quality stackable folding crate Wholesale\" \/>\n<meta property=\"og:description\" content=\"Pasta drying tray, plastic commercial pasta drying trays at wholesale prices, Perforated white plastic stackable drying trays\" \/>\n<meta property=\"og:url\" content=\"https:\/\/www.plastic-crate.co.uk\/de\/produkt\/pasta-drying-tray-plastic-commercial-pasta-drying-trays-002\/\" \/>\n<meta property=\"og:site_name\" content=\"Euro crates Manufacturer\" \/>\n<meta property=\"article:modified_time\" content=\"2022-04-13T02:55:24+00:00\" \/>\n<meta property=\"og:image\" content=\"https:\/\/www.plastic-crate.co.uk\/wp-content\/uploads\/2022\/04\/plastic-pasta-drying-tray-3.jpg\" \/>\n\t<meta property=\"og:image:width\" content=\"1000\" \/>\n\t<meta property=\"og:image:height\" content=\"1000\" \/>\n\t<meta property=\"og:image:type\" content=\"image\/jpeg\" \/>\n<meta name=\"twitter:card\" content=\"summary_large_image\" \/>\n<meta name=\"twitter:title\" content=\"stackable folding crate, High Quality stackable folding crate Wholesale\" \/>\n<meta name=\"twitter:label1\" content=\"Est. reading time\" \/>\n\t<meta name=\"twitter:data1\" content=\"3\u00a0Minuten\" \/>\n<script type=\"application\/ld+json\" class=\"yoast-schema-graph\">{\"@context\":\"https:\/\/schema.org\",\"@graph\":[{\"@type\":\"WebPage\",\"@id\":\"https:\/\/www.plastic-crate.co.uk\/product\/pasta-drying-tray-plastic-commercial-pasta-drying-trays-002\/\",\"url\":\"https:\/\/www.plastic-crate.co.uk\/product\/pasta-drying-tray-plastic-commercial-pasta-drying-trays-002\/\",\"name\":\"Pasta drying tray, plastic commercial pasta drying trays Wholesale\",\"isPartOf\":{\"@id\":\"https:\/\/www.plastic-crate.co.uk\/#website\"},\"primaryImageOfPage\":{\"@id\":\"https:\/\/www.plastic-crate.co.uk\/product\/pasta-drying-tray-plastic-commercial-pasta-drying-trays-002\/#primaryimage\"},\"image\":{\"@id\":\"https:\/\/www.plastic-crate.co.uk\/product\/pasta-drying-tray-plastic-commercial-pasta-drying-trays-002\/#primaryimage\"},\"thumbnailUrl\":\"https:\/\/www.plastic-crate.co.uk\/wp-content\/uploads\/2022\/04\/plastic-pasta-drying-tray-3.jpg\",\"datePublished\":\"2022-04-13T01:50:57+00:00\",\"dateModified\":\"2022-04-13T02:55:24+00:00\",\"description\":\"Pasta drying tray, plastic commercial pasta drying trays at wholesale prices, Perforated white plastic stackable drying trays\",\"breadcrumb\":{\"@id\":\"https:\/\/www.plastic-crate.co.uk\/product\/pasta-drying-tray-plastic-commercial-pasta-drying-trays-002\/#breadcrumb\"},\"inLanguage\":\"de\",\"potentialAction\":[{\"@type\":\"ReadAction\",\"target\":[\"https:\/\/www.plastic-crate.co.uk\/product\/pasta-drying-tray-plastic-commercial-pasta-drying-trays-002\/\"]}]},{\"@type\":\"ImageObject\",\"inLanguage\":\"de\",\"@id\":\"https:\/\/www.plastic-crate.co.uk\/product\/pasta-drying-tray-plastic-commercial-pasta-drying-trays-002\/#primaryimage\",\"url\":\"https:\/\/www.plastic-crate.co.uk\/wp-content\/uploads\/2022\/04\/plastic-pasta-drying-tray-3.jpg\",\"contentUrl\":\"https:\/\/www.plastic-crate.co.uk\/wp-content\/uploads\/2022\/04\/plastic-pasta-drying-tray-3.jpg\",\"width\":1000,\"height\":1000,\"caption\":\"plastic pasta drying trays\"},{\"@type\":\"BreadcrumbList\",\"@id\":\"https:\/\/www.plastic-crate.co.uk\/product\/pasta-drying-tray-plastic-commercial-pasta-drying-trays-002\/#breadcrumb\",\"itemListElement\":[{\"@type\":\"ListItem\",\"position\":1,\"name\":\"Shop\",\"item\":\"https:\/\/www.plastic-crate.co.uk\/shop\/\"},{\"@type\":\"ListItem\",\"position\":2,\"name\":\"Pasta drying tray, plastic commercial pasta drying trays 002\"}]},{\"@type\":\"WebSite\",\"@id\":\"https:\/\/www.plastic-crate.co.uk\/#website\",\"url\":\"https:\/\/www.plastic-crate.co.uk\/\",\"name\":\"Euro crates Manufacturer\",\"description\":\"wholesale Euro containers, plastic euro crates with lids, curo boxes without lids\",\"publisher\":{\"@id\":\"https:\/\/www.plastic-crate.co.uk\/#organization\"},\"potentialAction\":[{\"@type\":\"SearchAction\",\"target\":{\"@type\":\"EntryPoint\",\"urlTemplate\":\"https:\/\/www.plastic-crate.co.uk\/?s={search_term_string}\"},\"query-input\":{\"@type\":\"PropertyValueSpecification\",\"valueRequired\":true,\"valueName\":\"search_term_string\"}}],\"inLanguage\":\"de\"},{\"@type\":\"Organization\",\"@id\":\"https:\/\/www.plastic-crate.co.uk\/#organization\",\"name\":\"Euro crates Manufacturer\",\"url\":\"https:\/\/www.plastic-crate.co.uk\/\",\"logo\":{\"@type\":\"ImageObject\",\"inLanguage\":\"de\",\"@id\":\"https:\/\/www.plastic-crate.co.uk\/#\/schema\/logo\/image\/\",\"url\":\"https:\/\/www.plastic-crate.co.uk\/wp-content\/uploads\/2020\/10\/cropped-logo.png\",\"contentUrl\":\"https:\/\/www.plastic-crate.co.uk\/wp-content\/uploads\/2020\/10\/cropped-logo.png\",\"width\":300,\"height\":66,\"caption\":\"Euro crates Manufacturer\"},\"image\":{\"@id\":\"https:\/\/www.plastic-crate.co.uk\/#\/schema\/logo\/image\/\"}}]}<\/script>\n<!-- \/ Yoast SEO plugin. -->","yoast_head_json":{"title":"Nudeltrockner, kommerzielle Nudeltrockner aus Kunststoff Gro\u00dfhandel","description":"Nudel-Trockentablett, kommerzielle Nudel-Trockentabletts aus Kunststoff zu Gro\u00dfhandelspreisen, perforierte, stapelbare Trockentabletts aus wei\u00dfem Kunststoff","robots":{"index":"index","follow":"follow","max-snippet":"max-snippet:-1","max-image-preview":"max-image-preview:large","max-video-preview":"max-video-preview:-1"},"canonical":"https:\/\/www.plastic-crate.co.uk\/de\/produkt\/pasta-drying-tray-plastic-commercial-pasta-drying-trays-002\/","og_locale":"de_DE","og_type":"article","og_title":"stackable folding crate, High Quality stackable folding crate Wholesale","og_description":"Pasta drying tray, plastic commercial pasta drying trays at wholesale prices, Perforated white plastic stackable drying trays","og_url":"https:\/\/www.plastic-crate.co.uk\/de\/produkt\/pasta-drying-tray-plastic-commercial-pasta-drying-trays-002\/","og_site_name":"Euro crates Manufacturer","article_modified_time":"2022-04-13T02:55:24+00:00","og_image":[{"width":1000,"height":1000,"url":"https:\/\/www.plastic-crate.co.uk\/wp-content\/uploads\/2022\/04\/plastic-pasta-drying-tray-3.jpg","type":"image\/jpeg"}],"twitter_card":"summary_large_image","twitter_title":"stackable folding crate, High Quality stackable folding crate Wholesale","twitter_misc":{"Est. reading time":"3\u00a0Minuten"},"schema":{"@context":"https:\/\/schema.org","@graph":[{"@type":"WebPage","@id":"https:\/\/www.plastic-crate.co.uk\/product\/pasta-drying-tray-plastic-commercial-pasta-drying-trays-002\/","url":"https:\/\/www.plastic-crate.co.uk\/product\/pasta-drying-tray-plastic-commercial-pasta-drying-trays-002\/","name":"Nudeltrockner, kommerzielle Nudeltrockner aus Kunststoff Gro\u00dfhandel","isPartOf":{"@id":"https:\/\/www.plastic-crate.co.uk\/#website"},"primaryImageOfPage":{"@id":"https:\/\/www.plastic-crate.co.uk\/product\/pasta-drying-tray-plastic-commercial-pasta-drying-trays-002\/#primaryimage"},"image":{"@id":"https:\/\/www.plastic-crate.co.uk\/product\/pasta-drying-tray-plastic-commercial-pasta-drying-trays-002\/#primaryimage"},"thumbnailUrl":"https:\/\/www.plastic-crate.co.uk\/wp-content\/uploads\/2022\/04\/plastic-pasta-drying-tray-3.jpg","datePublished":"2022-04-13T01:50:57+00:00","dateModified":"2022-04-13T02:55:24+00:00","description":"Nudel-Trockentablett, kommerzielle Nudel-Trockentabletts aus Kunststoff zu Gro\u00dfhandelspreisen, perforierte, stapelbare Trockentabletts aus wei\u00dfem Kunststoff","breadcrumb":{"@id":"https:\/\/www.plastic-crate.co.uk\/product\/pasta-drying-tray-plastic-commercial-pasta-drying-trays-002\/#breadcrumb"},"inLanguage":"de","potentialAction":[{"@type":"ReadAction","target":["https:\/\/www.plastic-crate.co.uk\/product\/pasta-drying-tray-plastic-commercial-pasta-drying-trays-002\/"]}]},{"@type":"ImageObject","inLanguage":"de","@id":"https:\/\/www.plastic-crate.co.uk\/product\/pasta-drying-tray-plastic-commercial-pasta-drying-trays-002\/#primaryimage","url":"https:\/\/www.plastic-crate.co.uk\/wp-content\/uploads\/2022\/04\/plastic-pasta-drying-tray-3.jpg","contentUrl":"https:\/\/www.plastic-crate.co.uk\/wp-content\/uploads\/2022\/04\/plastic-pasta-drying-tray-3.jpg","width":1000,"height":1000,"caption":"plastic pasta drying trays"},{"@type":"BreadcrumbList","@id":"https:\/\/www.plastic-crate.co.uk\/product\/pasta-drying-tray-plastic-commercial-pasta-drying-trays-002\/#breadcrumb","itemListElement":[{"@type":"ListItem","position":1,"name":"Shop","item":"https:\/\/www.plastic-crate.co.uk\/shop\/"},{"@type":"ListItem","position":2,"name":"Pasta drying tray, plastic commercial pasta drying trays 002"}]},{"@type":"WebSite","@id":"https:\/\/www.plastic-crate.co.uk\/#website","url":"https:\/\/www.plastic-crate.co.uk\/","name":"Eurokisten Hersteller","description":"Eurobeh\u00e4lter im Gro\u00dfhandel, Eurokisten aus Kunststoff mit Deckel, Curo-Boxen ohne Deckel","publisher":{"@id":"https:\/\/www.plastic-crate.co.uk\/#organization"},"potentialAction":[{"@type":"SearchAction","target":{"@type":"EntryPoint","urlTemplate":"https:\/\/www.plastic-crate.co.uk\/?s={search_term_string}"},"query-input":{"@type":"PropertyValueSpecification","valueRequired":true,"valueName":"search_term_string"}}],"inLanguage":"de"},{"@type":"Organization","@id":"https:\/\/www.plastic-crate.co.uk\/#organization","name":"Eurokisten Hersteller","url":"https:\/\/www.plastic-crate.co.uk\/","logo":{"@type":"ImageObject","inLanguage":"de","@id":"https:\/\/www.plastic-crate.co.uk\/#\/schema\/logo\/image\/","url":"https:\/\/www.plastic-crate.co.uk\/wp-content\/uploads\/2020\/10\/cropped-logo.png","contentUrl":"https:\/\/www.plastic-crate.co.uk\/wp-content\/uploads\/2020\/10\/cropped-logo.png","width":300,"height":66,"caption":"Euro crates Manufacturer"},"image":{"@id":"https:\/\/www.plastic-crate.co.uk\/#\/schema\/logo\/image\/"}}]}},"_links":{"self":[{"href":"https:\/\/www.plastic-crate.co.uk\/de\/wp-json\/wp\/v2\/product\/6058","targetHints":{"allow":["GET"]}}],"collection":[{"href":"https:\/\/www.plastic-crate.co.uk\/de\/wp-json\/wp\/v2\/product"}],"about":[{"href":"https:\/\/www.plastic-crate.co.uk\/de\/wp-json\/wp\/v2\/types\/product"}],"wp:featuredmedia":[{"embeddable":true,"href":"https:\/\/www.plastic-crate.co.uk\/de\/wp-json\/wp\/v2\/media\/6063"}],"wp:attachment":[{"href":"https:\/\/www.plastic-crate.co.uk\/de\/wp-json\/wp\/v2\/media?parent=6058"}],"wp:term":[{"taxonomy":"product_brand","embeddable":true,"href":"https:\/\/www.plastic-crate.co.uk\/de\/wp-json\/wp\/v2\/product_brand?post=6058"},{"taxonomy":"product_cat","embeddable":true,"href":"https:\/\/www.plastic-crate.co.uk\/de\/wp-json\/wp\/v2\/product_cat?post=6058"},{"taxonomy":"product_tag","embeddable":true,"href":"https:\/\/www.plastic-crate.co.uk\/de\/wp-json\/wp\/v2\/product_tag?post=6058"}],"curies":[{"name":"wp","href":"https:\/\/api.w.org\/{rel}","templated":true}]}}