{"id":5974,"date":"2022-03-29T07:11:16","date_gmt":"2022-03-29T07:11:16","guid":{"rendered":"https:\/\/www.plastic-crate.co.uk\/?post_type=product&#038;p=5974"},"modified":"2025-09-12T21:40:36","modified_gmt":"2025-09-12T21:40:36","slug":"bottle-crates-with-dividers-15-bottle-beer-storage-crate-s15","status":"publish","type":"product","link":"https:\/\/www.plastic-crate.co.uk\/de\/produkt\/bottle-crates-with-dividers-15-bottle-beer-storage-crate-s15\/","title":{"rendered":"Flaschenk\u00e4sten mit Trennw\u00e4nden, 15er Bierlagerkasten-S15"},"content":{"rendered":"<p>15 Flaschenk\u00e4sten mit Trennw\u00e4nden Gro\u00dfhandel<\/p>\n<p><img decoding=\"async\" class=\"alignnone wp-image-5981 size-medium\" src=\"https:\/\/www.plastic-crate.co.uk\/wp-content\/uploads\/2022\/03\/beer-botter-crate-transport-300x225.jpg\" alt=\"Bierkistentransport\" width=\"300\" height=\"225\" srcset=\"https:\/\/www.plastic-crate.co.uk\/wp-content\/uploads\/2022\/03\/beer-botter-crate-transport-300x225.jpg 300w, https:\/\/www.plastic-crate.co.uk\/wp-content\/uploads\/2022\/03\/beer-botter-crate-transport-1024x768.jpg 1024w, https:\/\/www.plastic-crate.co.uk\/wp-content\/uploads\/2022\/03\/beer-botter-crate-transport-768x576.jpg 768w, https:\/\/www.plastic-crate.co.uk\/wp-content\/uploads\/2022\/03\/beer-botter-crate-transport-600x450.jpg 600w, https:\/\/www.plastic-crate.co.uk\/wp-content\/uploads\/2022\/03\/beer-botter-crate-transport.jpg 1440w\" sizes=\"(max-width: 300px) 100vw, 300px\" \/><\/p>\n<p><i data-spm-anchor-id=\"a2700.details.0.i34.696f4daeF0DBXJ\">OEM und ODM <\/i>Verf\u00fcgbar f\u00fcr die Bierflaschenkisten aus Kunststoff. Sie k\u00f6nnen Ihr LOGO auf die Kisten drucken.<\/p>\n<p>wir verkaufen auch <a href=\"https:\/\/www.plastic-crates.com\/product-tag\/plastic-gaylord-box-reusable-plastic-gaylord-pallet-container\/\" target=\"_blank\" rel=\"noopener\">Gaylord-Box aus Kunststoff<\/a>, <a href=\"https:\/\/www.plastic-crate.co.uk\/de\/produkt-tag\/ifco-crates-for-sale\/\">ifco Lagerkisten<\/a>, <a href=\"https:\/\/www.storage-totes.com\/product-category\/nesting-totes\/\" target=\"_blank\" rel=\"noopener\">Stapel- und Nestwannen<\/a><\/p>","protected":false},"excerpt":{"rendered":"<p>15 Bottle crates with dividers wholesale OEM \uff06 ODM available for the plastic beer bottle crates, Can print your LOGO on crates. we also sell Plastic gaylord box, ifco storage crates, stack n nest tubs<\/p>","protected":false},"featured_media":5979,"template":"","meta":{"_acf_changed":false,"site-sidebar-layout":"default","site-content-layout":"default","ast-main-header-display":"","ast-hfb-above-header-display":"","ast-hfb-below-header-display":"","ast-hfb-mobile-header-display":"","site-post-title":"","ast-breadcrumbs-content":"","ast-featured-img":"","footer-sml-layout":"","theme-transparent-header-meta":"","adv-header-id-meta":"","stick-header-meta":"","header-above-stick-meta":"","header-main-stick-meta":"","header-below-stick-meta":""},"product_brand":[],"product_cat":[83],"product_tag":[97],"class_list":{"0":"post-5974","1":"product","2":"type-product","3":"status-publish","4":"has-post-thumbnail","6":"product_cat-plastic-milk-crates","7":"product_tag-water-bottle-crate","9":"first","10":"instock","11":"product-type-simple"},"acf":[],"yoast_head":"<!-- This site is optimized with the Yoast SEO plugin v26.9 - https:\/\/yoast.com\/product\/yoast-seo-wordpress\/ -->\n<title>Bottle crates with dividers, 15 bottle beer storage crate Wholesale price<\/title>\n<meta name=\"description\" content=\"Bottle crates with dividers, 15 bottle beer storage crate wholesale prices, OEM &amp; ODM service available, wholesale plastic beer crate\" \/>\n<meta name=\"robots\" content=\"index, follow, max-snippet:-1, max-image-preview:large, max-video-preview:-1\" \/>\n<link rel=\"canonical\" href=\"https:\/\/www.plastic-crate.co.uk\/de\/produkt\/bottle-crates-with-dividers-15-bottle-beer-storage-crate-s15\/\" \/>\n<meta property=\"og:locale\" content=\"de_DE\" \/>\n<meta property=\"og:type\" content=\"article\" \/>\n<meta property=\"og:title\" content=\"stackable folding crate, High Quality stackable folding crate Wholesale\" \/>\n<meta property=\"og:description\" content=\"Bottle crates with dividers, 15 bottle beer storage crate wholesale prices, OEM &amp; ODM service available, wholesale plastic beer crate\" \/>\n<meta property=\"og:url\" content=\"https:\/\/www.plastic-crate.co.uk\/de\/produkt\/bottle-crates-with-dividers-15-bottle-beer-storage-crate-s15\/\" \/>\n<meta property=\"og:site_name\" content=\"Euro crates Manufacturer\" \/>\n<meta property=\"article:modified_time\" content=\"2025-09-12T21:40:36+00:00\" \/>\n<meta property=\"og:image\" content=\"https:\/\/www.plastic-crate.co.uk\/wp-content\/uploads\/2022\/03\/Bottle-crates-with-dividers-1.png\" \/>\n\t<meta property=\"og:image:width\" content=\"1000\" \/>\n\t<meta property=\"og:image:height\" content=\"1000\" \/>\n\t<meta property=\"og:image:type\" content=\"image\/png\" \/>\n<meta name=\"twitter:card\" content=\"summary_large_image\" \/>\n<meta name=\"twitter:title\" content=\"stackable folding crate, High Quality stackable folding crate Wholesale\" \/>\n<meta name=\"twitter:label1\" content=\"Est. reading time\" \/>\n\t<meta name=\"twitter:data1\" content=\"1\u00a0Minute\" \/>\n<script type=\"application\/ld+json\" class=\"yoast-schema-graph\">{\"@context\":\"https:\/\/schema.org\",\"@graph\":[{\"@type\":\"WebPage\",\"@id\":\"https:\/\/www.plastic-crate.co.uk\/product\/bottle-crates-with-dividers-15-bottle-beer-storage-crate-s15\/\",\"url\":\"https:\/\/www.plastic-crate.co.uk\/product\/bottle-crates-with-dividers-15-bottle-beer-storage-crate-s15\/\",\"name\":\"Bottle crates with dividers, 15 bottle beer storage crate Wholesale price\",\"isPartOf\":{\"@id\":\"https:\/\/www.plastic-crate.co.uk\/#website\"},\"primaryImageOfPage\":{\"@id\":\"https:\/\/www.plastic-crate.co.uk\/product\/bottle-crates-with-dividers-15-bottle-beer-storage-crate-s15\/#primaryimage\"},\"image\":{\"@id\":\"https:\/\/www.plastic-crate.co.uk\/product\/bottle-crates-with-dividers-15-bottle-beer-storage-crate-s15\/#primaryimage\"},\"thumbnailUrl\":\"https:\/\/www.plastic-crate.co.uk\/wp-content\/uploads\/2022\/03\/Bottle-crates-with-dividers-1.png\",\"datePublished\":\"2022-03-29T07:11:16+00:00\",\"dateModified\":\"2025-09-12T21:40:36+00:00\",\"description\":\"Bottle crates with dividers, 15 bottle beer storage crate wholesale prices, OEM & ODM service available, wholesale plastic beer crate\",\"breadcrumb\":{\"@id\":\"https:\/\/www.plastic-crate.co.uk\/product\/bottle-crates-with-dividers-15-bottle-beer-storage-crate-s15\/#breadcrumb\"},\"inLanguage\":\"de\",\"potentialAction\":[{\"@type\":\"ReadAction\",\"target\":[\"https:\/\/www.plastic-crate.co.uk\/product\/bottle-crates-with-dividers-15-bottle-beer-storage-crate-s15\/\"]}]},{\"@type\":\"ImageObject\",\"inLanguage\":\"de\",\"@id\":\"https:\/\/www.plastic-crate.co.uk\/product\/bottle-crates-with-dividers-15-bottle-beer-storage-crate-s15\/#primaryimage\",\"url\":\"https:\/\/www.plastic-crate.co.uk\/wp-content\/uploads\/2022\/03\/Bottle-crates-with-dividers-1.png\",\"contentUrl\":\"https:\/\/www.plastic-crate.co.uk\/wp-content\/uploads\/2022\/03\/Bottle-crates-with-dividers-1.png\",\"width\":1000,\"height\":1000,\"caption\":\"Bottle crates with dividers\"},{\"@type\":\"BreadcrumbList\",\"@id\":\"https:\/\/www.plastic-crate.co.uk\/product\/bottle-crates-with-dividers-15-bottle-beer-storage-crate-s15\/#breadcrumb\",\"itemListElement\":[{\"@type\":\"ListItem\",\"position\":1,\"name\":\"Shop\",\"item\":\"https:\/\/www.plastic-crate.co.uk\/shop\/\"},{\"@type\":\"ListItem\",\"position\":2,\"name\":\"Bottle crates with dividers, 15 bottle beer storage crate-S15\"}]},{\"@type\":\"WebSite\",\"@id\":\"https:\/\/www.plastic-crate.co.uk\/#website\",\"url\":\"https:\/\/www.plastic-crate.co.uk\/\",\"name\":\"Euro crates Manufacturer\",\"description\":\"wholesale Euro containers, plastic euro crates with lids, curo boxes without lids\",\"publisher\":{\"@id\":\"https:\/\/www.plastic-crate.co.uk\/#organization\"},\"potentialAction\":[{\"@type\":\"SearchAction\",\"target\":{\"@type\":\"EntryPoint\",\"urlTemplate\":\"https:\/\/www.plastic-crate.co.uk\/?s={search_term_string}\"},\"query-input\":{\"@type\":\"PropertyValueSpecification\",\"valueRequired\":true,\"valueName\":\"search_term_string\"}}],\"inLanguage\":\"de\"},{\"@type\":\"Organization\",\"@id\":\"https:\/\/www.plastic-crate.co.uk\/#organization\",\"name\":\"Euro crates Manufacturer\",\"url\":\"https:\/\/www.plastic-crate.co.uk\/\",\"logo\":{\"@type\":\"ImageObject\",\"inLanguage\":\"de\",\"@id\":\"https:\/\/www.plastic-crate.co.uk\/#\/schema\/logo\/image\/\",\"url\":\"https:\/\/www.plastic-crate.co.uk\/wp-content\/uploads\/2020\/10\/cropped-logo.png\",\"contentUrl\":\"https:\/\/www.plastic-crate.co.uk\/wp-content\/uploads\/2020\/10\/cropped-logo.png\",\"width\":300,\"height\":66,\"caption\":\"Euro crates Manufacturer\"},\"image\":{\"@id\":\"https:\/\/www.plastic-crate.co.uk\/#\/schema\/logo\/image\/\"}}]}<\/script>\n<!-- \/ Yoast SEO plugin. -->","yoast_head_json":{"title":"Flaschenk\u00e4sten mit Trennw\u00e4nden, 15 Flaschen Bierlagerkasten Gro\u00dfhandelspreis","description":"Flaschenk\u00e4sten mit Trennw\u00e4nden, Gro\u00dfhandelspreise f\u00fcr 15 Flaschen Bierkisten, OEM- und ODM-Service verf\u00fcgbar, Gro\u00dfhandelsbierkisten aus Kunststoff","robots":{"index":"index","follow":"follow","max-snippet":"max-snippet:-1","max-image-preview":"max-image-preview:large","max-video-preview":"max-video-preview:-1"},"canonical":"https:\/\/www.plastic-crate.co.uk\/de\/produkt\/bottle-crates-with-dividers-15-bottle-beer-storage-crate-s15\/","og_locale":"de_DE","og_type":"article","og_title":"stackable folding crate, High Quality stackable folding crate Wholesale","og_description":"Bottle crates with dividers, 15 bottle beer storage crate wholesale prices, OEM & ODM service available, wholesale plastic beer crate","og_url":"https:\/\/www.plastic-crate.co.uk\/de\/produkt\/bottle-crates-with-dividers-15-bottle-beer-storage-crate-s15\/","og_site_name":"Euro crates Manufacturer","article_modified_time":"2025-09-12T21:40:36+00:00","og_image":[{"width":1000,"height":1000,"url":"https:\/\/www.plastic-crate.co.uk\/wp-content\/uploads\/2022\/03\/Bottle-crates-with-dividers-1.png","type":"image\/png"}],"twitter_card":"summary_large_image","twitter_title":"stackable folding crate, High Quality stackable folding crate Wholesale","twitter_misc":{"Est. reading time":"1\u00a0Minute"},"schema":{"@context":"https:\/\/schema.org","@graph":[{"@type":"WebPage","@id":"https:\/\/www.plastic-crate.co.uk\/product\/bottle-crates-with-dividers-15-bottle-beer-storage-crate-s15\/","url":"https:\/\/www.plastic-crate.co.uk\/product\/bottle-crates-with-dividers-15-bottle-beer-storage-crate-s15\/","name":"Flaschenk\u00e4sten mit Trennw\u00e4nden, 15 Flaschen Bierlagerkasten Gro\u00dfhandelspreis","isPartOf":{"@id":"https:\/\/www.plastic-crate.co.uk\/#website"},"primaryImageOfPage":{"@id":"https:\/\/www.plastic-crate.co.uk\/product\/bottle-crates-with-dividers-15-bottle-beer-storage-crate-s15\/#primaryimage"},"image":{"@id":"https:\/\/www.plastic-crate.co.uk\/product\/bottle-crates-with-dividers-15-bottle-beer-storage-crate-s15\/#primaryimage"},"thumbnailUrl":"https:\/\/www.plastic-crate.co.uk\/wp-content\/uploads\/2022\/03\/Bottle-crates-with-dividers-1.png","datePublished":"2022-03-29T07:11:16+00:00","dateModified":"2025-09-12T21:40:36+00:00","description":"Flaschenk\u00e4sten mit Trennw\u00e4nden, Gro\u00dfhandelspreise f\u00fcr 15 Flaschen Bierkisten, OEM- und ODM-Service verf\u00fcgbar, Gro\u00dfhandelsbierkisten aus Kunststoff","breadcrumb":{"@id":"https:\/\/www.plastic-crate.co.uk\/product\/bottle-crates-with-dividers-15-bottle-beer-storage-crate-s15\/#breadcrumb"},"inLanguage":"de","potentialAction":[{"@type":"ReadAction","target":["https:\/\/www.plastic-crate.co.uk\/product\/bottle-crates-with-dividers-15-bottle-beer-storage-crate-s15\/"]}]},{"@type":"ImageObject","inLanguage":"de","@id":"https:\/\/www.plastic-crate.co.uk\/product\/bottle-crates-with-dividers-15-bottle-beer-storage-crate-s15\/#primaryimage","url":"https:\/\/www.plastic-crate.co.uk\/wp-content\/uploads\/2022\/03\/Bottle-crates-with-dividers-1.png","contentUrl":"https:\/\/www.plastic-crate.co.uk\/wp-content\/uploads\/2022\/03\/Bottle-crates-with-dividers-1.png","width":1000,"height":1000,"caption":"Bottle crates with dividers"},{"@type":"BreadcrumbList","@id":"https:\/\/www.plastic-crate.co.uk\/product\/bottle-crates-with-dividers-15-bottle-beer-storage-crate-s15\/#breadcrumb","itemListElement":[{"@type":"ListItem","position":1,"name":"Shop","item":"https:\/\/www.plastic-crate.co.uk\/shop\/"},{"@type":"ListItem","position":2,"name":"Bottle crates with dividers, 15 bottle beer storage crate-S15"}]},{"@type":"WebSite","@id":"https:\/\/www.plastic-crate.co.uk\/#website","url":"https:\/\/www.plastic-crate.co.uk\/","name":"Eurokisten Hersteller","description":"Eurobeh\u00e4lter im Gro\u00dfhandel, Eurokisten aus Kunststoff mit Deckel, Curo-Boxen ohne Deckel","publisher":{"@id":"https:\/\/www.plastic-crate.co.uk\/#organization"},"potentialAction":[{"@type":"SearchAction","target":{"@type":"EntryPoint","urlTemplate":"https:\/\/www.plastic-crate.co.uk\/?s={search_term_string}"},"query-input":{"@type":"PropertyValueSpecification","valueRequired":true,"valueName":"search_term_string"}}],"inLanguage":"de"},{"@type":"Organization","@id":"https:\/\/www.plastic-crate.co.uk\/#organization","name":"Eurokisten Hersteller","url":"https:\/\/www.plastic-crate.co.uk\/","logo":{"@type":"ImageObject","inLanguage":"de","@id":"https:\/\/www.plastic-crate.co.uk\/#\/schema\/logo\/image\/","url":"https:\/\/www.plastic-crate.co.uk\/wp-content\/uploads\/2020\/10\/cropped-logo.png","contentUrl":"https:\/\/www.plastic-crate.co.uk\/wp-content\/uploads\/2020\/10\/cropped-logo.png","width":300,"height":66,"caption":"Euro crates Manufacturer"},"image":{"@id":"https:\/\/www.plastic-crate.co.uk\/#\/schema\/logo\/image\/"}}]}},"_links":{"self":[{"href":"https:\/\/www.plastic-crate.co.uk\/de\/wp-json\/wp\/v2\/product\/5974","targetHints":{"allow":["GET"]}}],"collection":[{"href":"https:\/\/www.plastic-crate.co.uk\/de\/wp-json\/wp\/v2\/product"}],"about":[{"href":"https:\/\/www.plastic-crate.co.uk\/de\/wp-json\/wp\/v2\/types\/product"}],"wp:featuredmedia":[{"embeddable":true,"href":"https:\/\/www.plastic-crate.co.uk\/de\/wp-json\/wp\/v2\/media\/5979"}],"wp:attachment":[{"href":"https:\/\/www.plastic-crate.co.uk\/de\/wp-json\/wp\/v2\/media?parent=5974"}],"wp:term":[{"taxonomy":"product_brand","embeddable":true,"href":"https:\/\/www.plastic-crate.co.uk\/de\/wp-json\/wp\/v2\/product_brand?post=5974"},{"taxonomy":"product_cat","embeddable":true,"href":"https:\/\/www.plastic-crate.co.uk\/de\/wp-json\/wp\/v2\/product_cat?post=5974"},{"taxonomy":"product_tag","embeddable":true,"href":"https:\/\/www.plastic-crate.co.uk\/de\/wp-json\/wp\/v2\/product_tag?post=5974"}],"curies":[{"name":"wp","href":"https:\/\/api.w.org\/{rel}","templated":true}]}}