{"id":5913,"date":"2022-03-27T07:21:42","date_gmt":"2022-03-27T07:21:42","guid":{"rendered":"https:\/\/www.plastic-crate.co.uk\/?post_type=product&#038;p=5913"},"modified":"2023-11-06T06:12:54","modified_gmt":"2023-11-06T06:12:54","slug":"supermarket-crates-supermarket-stacking-crates-6410","status":"publish","type":"product","link":"https:\/\/www.plastic-crate.co.uk\/de\/produkt\/supermarket-crates-supermarket-stacking-crates-6410\/","title":{"rendered":"Supermarktkisten, Supermarkt-Stapelkisten-6410"},"content":{"rendered":"<div style=\"width: 960px;\" class=\"wp-video\"><video class=\"wp-video-shortcode\" id=\"video-5913-1\" width=\"960\" height=\"540\" preload=\"metadata\" controls=\"controls\"><source type=\"video\/mp4\" src=\"https:\/\/www.plastic-crate.co.uk\/wp-content\/uploads\/2022\/03\/supermarket-stacking-crates.mp4?_=1\" \/><a href=\"https:\/\/www.plastic-crate.co.uk\/wp-content\/uploads\/2022\/03\/supermarket-stacking-crates.mp4\">https:\/\/www.plastic-crate.co.uk\/wp-content\/uploads\/2022\/03\/supermarket-stacking-crates.mp4<\/a><\/video><\/div>\n<p>Die Supermarkt-Stapelkisten haben eine Standardgrundfl\u00e4che von 600 x 400 mm. Sie sind mit zwei stabilen B\u00fcgeln ausgestattet, die das Stapeln und Ineinanderstecken erm\u00f6glichen. Die in gro\u00dfen Supermarktketten beliebten Stapelk\u00f6rbe werden in zahlreichen Branchen eingesetzt, darunter in der Lebensmittelherstellung und -verarbeitung, im Gastgewerbe, in der Pharma- und Gesundheitsbranche, im Maschinenbau und in der allgemeinen Fertigung, im Einzelhandel und Recycling usw.<\/p>\n<p>Supermarktkisten sind ein \u00e4u\u00dferst effizientes Lagermedium. Sie erfreuen sich gro\u00dfer Beliebtheit und eignen sich ideal f\u00fcr frische und gefrorene Lebensmittel sowie viele andere Lebensmittel. Unsere Supermarkt-Stapelkisten bestehen aus robustem, lebensmittelechtem Kunststoff oder recyceltem Kunststoff. Jede ist flexibel und robust und bietet eine sichere M\u00f6glichkeit zur Lagerung und zum Transport von Waren.<\/p>\n<p>Die bel\u00fcftete Konstruktion der Kunststoff-Supermarktkisten erm\u00f6glicht eine hervorragende Luftzirkulation und Entw\u00e4sserung. Dank der Standard-Euro-Gr\u00f6\u00dfe ist die Kunststoff-Stapelkiste mit vielen Verkaufsvitrinen, Standard-Euro-Paletten und Kunststoff-Rollwagen kompatibel.<\/p>\n<p>Die Supermarktkisten sind verschiebbar, sodass die Beh\u00e4lter sowohl gestapelt als auch ineinandergeschoben werden k\u00f6nnen. Durch \u00d6ffnen des B\u00fcgelarms werden die Beh\u00e4lter ineinandergeschoben und sparen so bis zu 76% ihrer urspr\u00fcnglichen H\u00f6he ein. Die alternative Stapelh\u00f6he erm\u00f6glicht eine effiziente Verteilung und erm\u00f6glicht die Verwendung desselben Trays f\u00fcr verschiedene Anwendungen.<\/p>\n<p>wir verkaufen auch <a href=\"https:\/\/www.panosupplier.com\/suppliers\/corrugated-plastic-totes\" target=\"_blank\" rel=\"noopener\">gew\u00f6lbte Plastikbeh\u00e4lterk\u00e4sten<\/a>, <a href=\"https:\/\/www.plastic-crate.co.uk\/de\/produkt-tag\/ifco-crates-for-sale\/\">IFCO Kunststoffbeh\u00e4lter<\/a>, <a href=\"https:\/\/www.best-boxes.com\/product-category\/straight-wall-containers\/\" target=\"_blank\" rel=\"noopener\">Stapelbeh\u00e4lter mit geraden W\u00e4nden<\/a><\/p>","protected":false},"excerpt":{"rendered":"<p>The Supermarket stacking crates has a standard 600x400mm footprint. They are equipped with 2 strong bale arms enabling them to be able to be stacked and nested. Popular within major supermarket chains, the stack nest baskets are used throughout a number of industries including food manufacturing and food processing, catering and hospitality, pharmaceuticals and healthcare, &hellip;<\/p>\n<p class=\"read-more\"> <a class=\"\" href=\"https:\/\/www.plastic-crate.co.uk\/de\/produkt\/supermarket-crates-supermarket-stacking-crates-6410\/\"> <span class=\"screen-reader-text\">Supermarktkisten, Supermarkt-Stapelkisten-6410<\/span> Mehr lesen &quot;<\/a><\/p>","protected":false},"featured_media":5920,"template":"","meta":{"_acf_changed":false,"site-sidebar-layout":"default","site-content-layout":"default","ast-main-header-display":"","ast-hfb-above-header-display":"","ast-hfb-below-header-display":"","ast-hfb-mobile-header-display":"","site-post-title":"","ast-breadcrumbs-content":"","ast-featured-img":"","footer-sml-layout":"","theme-transparent-header-meta":"","adv-header-id-meta":"","stick-header-meta":"","header-above-stick-meta":"","header-main-stick-meta":"","header-below-stick-meta":""},"product_brand":[],"product_cat":[82],"product_tag":[],"class_list":{"0":"post-5913","1":"product","2":"type-product","3":"status-publish","4":"has-post-thumbnail","6":"product_cat-supermarket-crates-bale-arm-crates","8":"first","9":"instock","10":"product-type-simple"},"acf":[],"yoast_head":"<!-- This site is optimized with the Yoast SEO plugin v26.9 - https:\/\/yoast.com\/product\/yoast-seo-wordpress\/ -->\n<title>Supermarket stacking crates, supermarket crates for sale Wholesale<\/title>\n<meta name=\"description\" content=\"Supermarket stacking crates, supermarket crates for sale at wholesale prices, OEM &amp; ODM service available, perfect for handling food products\" \/>\n<meta name=\"robots\" content=\"index, follow, max-snippet:-1, max-image-preview:large, max-video-preview:-1\" \/>\n<link rel=\"canonical\" href=\"https:\/\/www.plastic-crate.co.uk\/de\/produkt\/supermarket-crates-supermarket-stacking-crates-6410\/\" \/>\n<meta property=\"og:locale\" content=\"de_DE\" \/>\n<meta property=\"og:type\" content=\"article\" \/>\n<meta property=\"og:title\" content=\"stackable folding crate, High Quality stackable folding crate Wholesale\" \/>\n<meta property=\"og:description\" content=\"Supermarket stacking crates, supermarket crates for sale at wholesale prices, OEM &amp; ODM service available, perfect for handling food products\" \/>\n<meta property=\"og:url\" content=\"https:\/\/www.plastic-crate.co.uk\/de\/produkt\/supermarket-crates-supermarket-stacking-crates-6410\/\" \/>\n<meta property=\"og:site_name\" content=\"Euro crates Manufacturer\" \/>\n<meta property=\"article:modified_time\" content=\"2023-11-06T06:12:54+00:00\" \/>\n<meta property=\"og:image\" content=\"https:\/\/www.plastic-crate.co.uk\/wp-content\/uploads\/2022\/03\/supermarket-stacking-crates-1.jpg\" \/>\n\t<meta property=\"og:image:width\" content=\"700\" \/>\n\t<meta property=\"og:image:height\" content=\"700\" \/>\n\t<meta property=\"og:image:type\" content=\"image\/jpeg\" \/>\n<meta name=\"twitter:card\" content=\"summary_large_image\" \/>\n<meta name=\"twitter:title\" content=\"stackable folding crate, High Quality stackable folding crate Wholesale\" \/>\n<meta name=\"twitter:label1\" content=\"Est. reading time\" \/>\n\t<meta name=\"twitter:data1\" content=\"1\u00a0Minute\" \/>\n<script type=\"application\/ld+json\" class=\"yoast-schema-graph\">{\"@context\":\"https:\/\/schema.org\",\"@graph\":[{\"@type\":\"WebPage\",\"@id\":\"https:\/\/www.plastic-crate.co.uk\/product\/supermarket-crates-supermarket-stacking-crates-6410\/\",\"url\":\"https:\/\/www.plastic-crate.co.uk\/product\/supermarket-crates-supermarket-stacking-crates-6410\/\",\"name\":\"Supermarket stacking crates, supermarket crates for sale Wholesale\",\"isPartOf\":{\"@id\":\"https:\/\/www.plastic-crate.co.uk\/#website\"},\"primaryImageOfPage\":{\"@id\":\"https:\/\/www.plastic-crate.co.uk\/product\/supermarket-crates-supermarket-stacking-crates-6410\/#primaryimage\"},\"image\":{\"@id\":\"https:\/\/www.plastic-crate.co.uk\/product\/supermarket-crates-supermarket-stacking-crates-6410\/#primaryimage\"},\"thumbnailUrl\":\"https:\/\/www.plastic-crate.co.uk\/wp-content\/uploads\/2022\/03\/supermarket-stacking-crates-1.jpg\",\"datePublished\":\"2022-03-27T07:21:42+00:00\",\"dateModified\":\"2023-11-06T06:12:54+00:00\",\"description\":\"Supermarket stacking crates, supermarket crates for sale at wholesale prices, OEM & ODM service available, perfect for handling food products\",\"breadcrumb\":{\"@id\":\"https:\/\/www.plastic-crate.co.uk\/product\/supermarket-crates-supermarket-stacking-crates-6410\/#breadcrumb\"},\"inLanguage\":\"de\",\"potentialAction\":[{\"@type\":\"ReadAction\",\"target\":[\"https:\/\/www.plastic-crate.co.uk\/product\/supermarket-crates-supermarket-stacking-crates-6410\/\"]}]},{\"@type\":\"ImageObject\",\"inLanguage\":\"de\",\"@id\":\"https:\/\/www.plastic-crate.co.uk\/product\/supermarket-crates-supermarket-stacking-crates-6410\/#primaryimage\",\"url\":\"https:\/\/www.plastic-crate.co.uk\/wp-content\/uploads\/2022\/03\/supermarket-stacking-crates-1.jpg\",\"contentUrl\":\"https:\/\/www.plastic-crate.co.uk\/wp-content\/uploads\/2022\/03\/supermarket-stacking-crates-1.jpg\",\"width\":700,\"height\":700,\"caption\":\"supermarket stacking crates\"},{\"@type\":\"BreadcrumbList\",\"@id\":\"https:\/\/www.plastic-crate.co.uk\/product\/supermarket-crates-supermarket-stacking-crates-6410\/#breadcrumb\",\"itemListElement\":[{\"@type\":\"ListItem\",\"position\":1,\"name\":\"Shop\",\"item\":\"https:\/\/www.plastic-crate.co.uk\/shop\/\"},{\"@type\":\"ListItem\",\"position\":2,\"name\":\"Supermarket crates, supermarket stacking crates-6410\"}]},{\"@type\":\"WebSite\",\"@id\":\"https:\/\/www.plastic-crate.co.uk\/#website\",\"url\":\"https:\/\/www.plastic-crate.co.uk\/\",\"name\":\"Euro crates Manufacturer\",\"description\":\"wholesale Euro containers, plastic euro crates with lids, curo boxes without lids\",\"publisher\":{\"@id\":\"https:\/\/www.plastic-crate.co.uk\/#organization\"},\"potentialAction\":[{\"@type\":\"SearchAction\",\"target\":{\"@type\":\"EntryPoint\",\"urlTemplate\":\"https:\/\/www.plastic-crate.co.uk\/?s={search_term_string}\"},\"query-input\":{\"@type\":\"PropertyValueSpecification\",\"valueRequired\":true,\"valueName\":\"search_term_string\"}}],\"inLanguage\":\"de\"},{\"@type\":\"Organization\",\"@id\":\"https:\/\/www.plastic-crate.co.uk\/#organization\",\"name\":\"Euro crates Manufacturer\",\"url\":\"https:\/\/www.plastic-crate.co.uk\/\",\"logo\":{\"@type\":\"ImageObject\",\"inLanguage\":\"de\",\"@id\":\"https:\/\/www.plastic-crate.co.uk\/#\/schema\/logo\/image\/\",\"url\":\"https:\/\/www.plastic-crate.co.uk\/wp-content\/uploads\/2020\/10\/cropped-logo.png\",\"contentUrl\":\"https:\/\/www.plastic-crate.co.uk\/wp-content\/uploads\/2020\/10\/cropped-logo.png\",\"width\":300,\"height\":66,\"caption\":\"Euro crates Manufacturer\"},\"image\":{\"@id\":\"https:\/\/www.plastic-crate.co.uk\/#\/schema\/logo\/image\/\"}}]}<\/script>\n<!-- \/ Yoast SEO plugin. -->","yoast_head_json":{"title":"Supermarkt-Stapelkisten, Supermarktkisten zum Verkauf Gro\u00dfhandel","description":"Stapelkisten f\u00fcr Superm\u00e4rkte, Supermarktkisten zum Verkauf zu Gro\u00dfhandelspreisen, OEM- und ODM-Service verf\u00fcgbar, perfekt f\u00fcr den Umgang mit Lebensmitteln","robots":{"index":"index","follow":"follow","max-snippet":"max-snippet:-1","max-image-preview":"max-image-preview:large","max-video-preview":"max-video-preview:-1"},"canonical":"https:\/\/www.plastic-crate.co.uk\/de\/produkt\/supermarket-crates-supermarket-stacking-crates-6410\/","og_locale":"de_DE","og_type":"article","og_title":"stackable folding crate, High Quality stackable folding crate Wholesale","og_description":"Supermarket stacking crates, supermarket crates for sale at wholesale prices, OEM & ODM service available, perfect for handling food products","og_url":"https:\/\/www.plastic-crate.co.uk\/de\/produkt\/supermarket-crates-supermarket-stacking-crates-6410\/","og_site_name":"Euro crates Manufacturer","article_modified_time":"2023-11-06T06:12:54+00:00","og_image":[{"width":700,"height":700,"url":"https:\/\/www.plastic-crate.co.uk\/wp-content\/uploads\/2022\/03\/supermarket-stacking-crates-1.jpg","type":"image\/jpeg"}],"twitter_card":"summary_large_image","twitter_title":"stackable folding crate, High Quality stackable folding crate Wholesale","twitter_misc":{"Est. reading time":"1\u00a0Minute"},"schema":{"@context":"https:\/\/schema.org","@graph":[{"@type":"WebPage","@id":"https:\/\/www.plastic-crate.co.uk\/product\/supermarket-crates-supermarket-stacking-crates-6410\/","url":"https:\/\/www.plastic-crate.co.uk\/product\/supermarket-crates-supermarket-stacking-crates-6410\/","name":"Supermarkt-Stapelkisten, Supermarktkisten zum Verkauf Gro\u00dfhandel","isPartOf":{"@id":"https:\/\/www.plastic-crate.co.uk\/#website"},"primaryImageOfPage":{"@id":"https:\/\/www.plastic-crate.co.uk\/product\/supermarket-crates-supermarket-stacking-crates-6410\/#primaryimage"},"image":{"@id":"https:\/\/www.plastic-crate.co.uk\/product\/supermarket-crates-supermarket-stacking-crates-6410\/#primaryimage"},"thumbnailUrl":"https:\/\/www.plastic-crate.co.uk\/wp-content\/uploads\/2022\/03\/supermarket-stacking-crates-1.jpg","datePublished":"2022-03-27T07:21:42+00:00","dateModified":"2023-11-06T06:12:54+00:00","description":"Stapelkisten f\u00fcr Superm\u00e4rkte, Supermarktkisten zum Verkauf zu Gro\u00dfhandelspreisen, OEM- und ODM-Service verf\u00fcgbar, perfekt f\u00fcr den Umgang mit Lebensmitteln","breadcrumb":{"@id":"https:\/\/www.plastic-crate.co.uk\/product\/supermarket-crates-supermarket-stacking-crates-6410\/#breadcrumb"},"inLanguage":"de","potentialAction":[{"@type":"ReadAction","target":["https:\/\/www.plastic-crate.co.uk\/product\/supermarket-crates-supermarket-stacking-crates-6410\/"]}]},{"@type":"ImageObject","inLanguage":"de","@id":"https:\/\/www.plastic-crate.co.uk\/product\/supermarket-crates-supermarket-stacking-crates-6410\/#primaryimage","url":"https:\/\/www.plastic-crate.co.uk\/wp-content\/uploads\/2022\/03\/supermarket-stacking-crates-1.jpg","contentUrl":"https:\/\/www.plastic-crate.co.uk\/wp-content\/uploads\/2022\/03\/supermarket-stacking-crates-1.jpg","width":700,"height":700,"caption":"supermarket stacking crates"},{"@type":"BreadcrumbList","@id":"https:\/\/www.plastic-crate.co.uk\/product\/supermarket-crates-supermarket-stacking-crates-6410\/#breadcrumb","itemListElement":[{"@type":"ListItem","position":1,"name":"Shop","item":"https:\/\/www.plastic-crate.co.uk\/shop\/"},{"@type":"ListItem","position":2,"name":"Supermarket crates, supermarket stacking crates-6410"}]},{"@type":"WebSite","@id":"https:\/\/www.plastic-crate.co.uk\/#website","url":"https:\/\/www.plastic-crate.co.uk\/","name":"Eurokisten Hersteller","description":"Eurobeh\u00e4lter im Gro\u00dfhandel, Eurokisten aus Kunststoff mit Deckel, Curo-Boxen ohne Deckel","publisher":{"@id":"https:\/\/www.plastic-crate.co.uk\/#organization"},"potentialAction":[{"@type":"SearchAction","target":{"@type":"EntryPoint","urlTemplate":"https:\/\/www.plastic-crate.co.uk\/?s={search_term_string}"},"query-input":{"@type":"PropertyValueSpecification","valueRequired":true,"valueName":"search_term_string"}}],"inLanguage":"de"},{"@type":"Organization","@id":"https:\/\/www.plastic-crate.co.uk\/#organization","name":"Eurokisten Hersteller","url":"https:\/\/www.plastic-crate.co.uk\/","logo":{"@type":"ImageObject","inLanguage":"de","@id":"https:\/\/www.plastic-crate.co.uk\/#\/schema\/logo\/image\/","url":"https:\/\/www.plastic-crate.co.uk\/wp-content\/uploads\/2020\/10\/cropped-logo.png","contentUrl":"https:\/\/www.plastic-crate.co.uk\/wp-content\/uploads\/2020\/10\/cropped-logo.png","width":300,"height":66,"caption":"Euro crates Manufacturer"},"image":{"@id":"https:\/\/www.plastic-crate.co.uk\/#\/schema\/logo\/image\/"}}]}},"_links":{"self":[{"href":"https:\/\/www.plastic-crate.co.uk\/de\/wp-json\/wp\/v2\/product\/5913","targetHints":{"allow":["GET"]}}],"collection":[{"href":"https:\/\/www.plastic-crate.co.uk\/de\/wp-json\/wp\/v2\/product"}],"about":[{"href":"https:\/\/www.plastic-crate.co.uk\/de\/wp-json\/wp\/v2\/types\/product"}],"wp:featuredmedia":[{"embeddable":true,"href":"https:\/\/www.plastic-crate.co.uk\/de\/wp-json\/wp\/v2\/media\/5920"}],"wp:attachment":[{"href":"https:\/\/www.plastic-crate.co.uk\/de\/wp-json\/wp\/v2\/media?parent=5913"}],"wp:term":[{"taxonomy":"product_brand","embeddable":true,"href":"https:\/\/www.plastic-crate.co.uk\/de\/wp-json\/wp\/v2\/product_brand?post=5913"},{"taxonomy":"product_cat","embeddable":true,"href":"https:\/\/www.plastic-crate.co.uk\/de\/wp-json\/wp\/v2\/product_cat?post=5913"},{"taxonomy":"product_tag","embeddable":true,"href":"https:\/\/www.plastic-crate.co.uk\/de\/wp-json\/wp\/v2\/product_tag?post=5913"}],"curies":[{"name":"wp","href":"https:\/\/api.w.org\/{rel}","templated":true}]}}