{"id":5389,"date":"2019-10-17T04:52:09","date_gmt":"2019-10-17T04:52:09","guid":{"rendered":"https:\/\/www.plastic-crate.co.uk\/product\/plastic-folding-storage-boxes-join-kn604014w-h\/"},"modified":"2022-01-27T22:48:34","modified_gmt":"2022-01-27T22:48:34","slug":"plastic-folding-storage-boxes-join-kn604014w-h","status":"publish","type":"product","link":"https:\/\/www.plastic-crate.co.uk\/de\/produkt\/plastic-folding-storage-boxes-join-kn604014w-h\/","title":{"rendered":"Faltbare Aufbewahrungsboxen aus Kunststoff-JOIN-KN604014W-H"},"content":{"rendered":"<section class=\"folding-crate-detail-section\">\n<h2 class=\"text-center section-title\">Faltkistenanwendung<\/h2>\n<p><img decoding=\"async\" class=\"alignnone size-full wp-image-449\" src=\"https:\/\/www.plastic-crate.co.uk\/wp-content\/uploads\/2017\/03\/collapsible-crates-application.jpg\" alt=\"zusammenklappbare Kisten\" width=\"1382\" height=\"297\" \/><\/p>\n<\/section>\n<section class=\"folding-crate-detail-section\">\n<h2 class=\"text-center section-title\"> Produktvorteile<\/h2>\n<div class=\"row\">\n<div class=\"col-sm-6 text-center\">\n<div><img decoding=\"async\" class=\"alignnone size-full wp-image-451\" src=\"https:\/\/www.plastic-crate.co.uk\/wp-content\/uploads\/2017\/03\/folding-storage-crate-durable.jpg\" alt=\"zusammenklappbare Aufbewahrungskiste\" width=\"416\" height=\"314\" \/><\/div>\n<h4>Hohe Haltbarkeit<\/h4>\n<p>Das Strukturdesign ist vern\u00fcnftig, fest und langlebig, kann recycelt werden und hat eine lange Lebensdauer.<\/p>\n<\/div>\n<div class=\"col-sm-6 text-center\">\n<div><img decoding=\"async\" class=\"alignnone size-full wp-image-450\" src=\"https:\/\/www.plastic-crate.co.uk\/wp-content\/uploads\/2017\/03\/stackable-folding-crate-bearing.jpg\" alt=\"stapelbare Klappkiste\" width=\"416\" height=\"314\" \/><\/div>\n<h4>Hohe Tragf\u00e4higkeit<\/h4>\n<p>Die Konstruktion ist mit einem Stiftschaft ausgestattet, eine einzelne zusammenklappbare Kiste kann 15\u201320 kg tragen und bis zu 5 Kisten k\u00f6nnen gestapelt werden.<\/p>\n<\/div>\n<div class=\"col-sm-6 text-center\">\n<div><img decoding=\"async\" class=\"alignnone wp-image-453 size-medium\" src=\"https:\/\/www.plastic-crate.co.uk\/wp-content\/uploads\/2017\/03\/food-grade-cert-300x226.jpg\" alt=\"Lebensmittelqualit\u00e4t\" width=\"300\" height=\"226\" \/><\/div>\n<h4>Lebensmittelechtes Material<\/h4>\n<p>Die zusammenklappbare Aufbewahrungskiste besteht aus neuem PP-Material und kann sicher f\u00fcr lebensmittelechte Verpackungen verwendet werden.<\/p>\n<\/div>\n<div class=\"col-sm-6 text-center\">\n<div style=\"padding-top: 50px;\"><img decoding=\"async\" class=\"alignnone wp-image-452 size-medium\" src=\"https:\/\/www.plastic-crate.co.uk\/wp-content\/uploads\/2017\/03\/plastic-folding-crate-high-temperature-300x146.jpg\" alt=\"Klappkiste aus Kunststoff\" width=\"300\" height=\"146\" \/><\/div>\n<h4>Anti-hohe und niedrige Temperatur<\/h4>\n<p>Hohe Temperaturbest\u00e4ndigkeit bis 70 \u00b0C (8 Stunden Experiment), keine Verformung und kein Schmelzen. Best\u00e4ndigkeit gegen niedrige Temperaturen bis -18 \u00b0C, keine Verformung und nicht zerbrechlich<\/p>\n<\/div>\n<\/div>\n<\/section>\n<section class=\"folding-crate-detail-section\">\n<h2 class=\"text-center section-title\">Klappkisten mit Schnappverbindungen, rutschfest<\/h2>\n<p class=\"text-center\">Der Boden der Lagerkisten ist quer stapelbar, das verhindert ein Verrutschen der faltbaren Kunststoffbeh\u00e4lter.<\/p>\n<p><img decoding=\"async\" class=\"alignnone size-full wp-image-454\" src=\"https:\/\/www.plastic-crate.co.uk\/wp-content\/uploads\/2017\/03\/collapsible-plastic-containers-skid-resistance.jpg\" alt=\"zusammenklappbare Kunststoffbeh\u00e4lter\" width=\"740\" height=\"360\" \/><\/p>\n<\/section>\n<section class=\"folding-crate-detail-section\">\n<h2 class=\"text-center section-title\"> \u00d6ffnen und Zusammenklappen der Show<\/h2>\n<div class=\"row\">\n<div class=\"col-sm-6\"><img decoding=\"async\" class=\"alignnone size-full wp-image-455\" src=\"https:\/\/www.plastic-crate.co.uk\/wp-content\/uploads\/2017\/03\/collapsible-storage-containers-fold.gif\" alt=\"zusammenklappbare Lagerbeh\u00e4lter\" width=\"450\" height=\"280\" \/><\/div>\n<div class=\"col-sm-6\"><img decoding=\"async\" class=\"alignnone size-full wp-image-456\" src=\"https:\/\/www.plastic-crate.co.uk\/wp-content\/uploads\/2017\/03\/collapsible-storage-containers-fold-b.gif\" alt=\"zusammenklappbare Lagerbeh\u00e4lter\" width=\"450\" height=\"280\" \/><\/div>\n<\/div>\n<\/section>\n<section class=\"folding-crate-detail-section\">\n<h2 class=\"text-center section-title\">Verpackung und Versand von Faltkisten<\/h2>\n<div class=\"row\">\n<div class=\"col-sm-6\">\n<div><img decoding=\"async\" class=\"alignnone size-full wp-image-457\" src=\"https:\/\/www.plastic-crate.co.uk\/wp-content\/uploads\/2017\/03\/collapsible-storage-bins-inspection.jpg\" alt=\"zusammenklappbare Lagerbeh\u00e4lter\" width=\"450\" height=\"229\" \/><\/div>\n<h4 class=\"text-center\">Qualit\u00e4tspr\u00fcfung vor dem Verpacken<\/h4>\n<\/div>\n<div class=\"col-sm-6\">\n<div><img decoding=\"async\" class=\"alignnone size-full wp-image-458\" src=\"https:\/\/www.plastic-crate.co.uk\/wp-content\/uploads\/2017\/03\/plastic-collapsible-crate-block.jpg\" alt=\"zusammenklappbare Kiste aus Kunststoff\" width=\"450\" height=\"229\" \/><\/div>\n<h4 class=\"text-center\">In Bl\u00f6cke verpacken<\/h4>\n<\/div>\n<div class=\"col-sm-6\">\n<div><img decoding=\"async\" class=\"alignnone size-full wp-image-459\" src=\"https:\/\/www.plastic-crate.co.uk\/wp-content\/uploads\/2017\/03\/collapsible-crates-storage-pallet.jpg\" alt=\"zusammenklappbare Kistenlagerung\" width=\"450\" height=\"229\" \/><\/div>\n<h4 class=\"text-center\">Verst\u00e4rkte Verpackung auf Palette<\/h4>\n<\/div>\n<div class=\"col-sm-6\">\n<div><img decoding=\"async\" class=\"alignnone size-full wp-image-460\" src=\"https:\/\/www.plastic-crate.co.uk\/wp-content\/uploads\/2017\/03\/heavy-duty-collapsible-crates-shipment.jpg\" alt=\"zusammenklappbare Hochleistungskisten\" width=\"450\" height=\"229\" \/><\/div>\n<h4 class=\"text-center\">Versand per Karton<\/h4>\n<\/div>\n<\/div>\n<\/section>","protected":false},"excerpt":{"rendered":"<p>Anwendungsvorteile der Faltkiste: Hohe Langlebigkeit: Die Konstruktion ist durchdacht, stabil und langlebig, wiederverwendbar und hat eine lange Lebensdauer. Hohe Belastbarkeit: Dank des Bolzenmechanismus kann eine einzelne Faltkiste 15\u201320 kg tragen, und bis zu 5 Kisten lassen sich stapeln. Lebensmittelechtes Material: Die Faltkiste ist aus \u2026 gefertigt.<\/p>\n<p class=\"read-more\"> <a class=\"\" href=\"https:\/\/www.plastic-crate.co.uk\/de\/produkt\/plastic-folding-storage-boxes-join-kn604014w-h\/\"> <span class=\"screen-reader-text\">Faltbare Aufbewahrungsboxen aus Kunststoff-JOIN-KN604014W-H<\/span> Mehr lesen &quot;<\/a><\/p>","protected":false},"featured_media":5390,"template":"","meta":{"_acf_changed":false,"site-sidebar-layout":"default","site-content-layout":"default","ast-main-header-display":"","ast-hfb-above-header-display":"","ast-hfb-below-header-display":"","ast-hfb-mobile-header-display":"","site-post-title":"","ast-breadcrumbs-content":"","ast-featured-img":"","footer-sml-layout":"","theme-transparent-header-meta":"","adv-header-id-meta":"","stick-header-meta":"","header-above-stick-meta":"","header-main-stick-meta":"","header-below-stick-meta":""},"product_brand":[],"product_cat":[38],"product_tag":[],"class_list":{"0":"post-5389","1":"product","2":"type-product","3":"status-publish","4":"has-post-thumbnail","6":"product_cat-folding-crate","8":"first","9":"instock","10":"product-type-simple"},"acf":[],"yoast_head":"<!-- This site is optimized with the Yoast SEO plugin v26.9 - https:\/\/yoast.com\/product\/yoast-seo-wordpress\/ -->\n<title>plastic folding storage boxes, High Quality plastic folding storage boxes Wholesale<\/title>\n<meta name=\"description\" content=\"plastic folding storage boxes, high quality affordable plastic folding storage boxes at wholesale prices, OEM &amp; ODM service available\" \/>\n<meta name=\"robots\" content=\"index, follow, max-snippet:-1, max-image-preview:large, max-video-preview:-1\" \/>\n<link rel=\"canonical\" href=\"https:\/\/www.plastic-crate.co.uk\/de\/produkt\/plastic-folding-storage-boxes-join-kn604014w-h\/\" \/>\n<meta property=\"og:locale\" content=\"de_DE\" \/>\n<meta property=\"og:type\" content=\"article\" \/>\n<meta property=\"og:title\" content=\"plastic folding storage boxes, High Quality plastic folding storage boxes Wholesale\" \/>\n<meta property=\"og:description\" content=\"plastic folding storage boxes, high quality affordable plastic folding storage boxes at wholesale prices, OEM &amp; ODM service available\" \/>\n<meta property=\"og:url\" content=\"https:\/\/www.plastic-crate.co.uk\/de\/produkt\/plastic-folding-storage-boxes-join-kn604014w-h\/\" \/>\n<meta property=\"og:site_name\" content=\"Euro crates Manufacturer\" \/>\n<meta property=\"article:modified_time\" content=\"2022-01-27T22:48:34+00:00\" \/>\n<meta property=\"og:image\" content=\"https:\/\/www.plastic-crate.co.uk\/wp-content\/uploads\/2022\/01\/plastic-folding-storage-boxes.jpeg\" \/>\n\t<meta property=\"og:image:width\" content=\"1000\" \/>\n\t<meta property=\"og:image:height\" content=\"910\" \/>\n\t<meta property=\"og:image:type\" content=\"image\/jpeg\" \/>\n<meta name=\"twitter:card\" content=\"summary_large_image\" \/>\n<meta name=\"twitter:title\" content=\"plastic folding storage boxes, High Quality plastic folding storage boxes Wholesale\" \/>\n<meta name=\"twitter:label1\" content=\"Est. reading time\" \/>\n\t<meta name=\"twitter:data1\" content=\"1\u00a0Minute\" \/>\n<script type=\"application\/ld+json\" class=\"yoast-schema-graph\">{\"@context\":\"https:\/\/schema.org\",\"@graph\":[{\"@type\":\"WebPage\",\"@id\":\"https:\/\/www.plastic-crate.co.uk\/product\/plastic-folding-storage-boxes-join-kn604014w-h\/\",\"url\":\"https:\/\/www.plastic-crate.co.uk\/product\/plastic-folding-storage-boxes-join-kn604014w-h\/\",\"name\":\"plastic folding storage boxes, High Quality plastic folding storage boxes Wholesale\",\"isPartOf\":{\"@id\":\"https:\/\/www.plastic-crate.co.uk\/#website\"},\"primaryImageOfPage\":{\"@id\":\"https:\/\/www.plastic-crate.co.uk\/product\/plastic-folding-storage-boxes-join-kn604014w-h\/#primaryimage\"},\"image\":{\"@id\":\"https:\/\/www.plastic-crate.co.uk\/product\/plastic-folding-storage-boxes-join-kn604014w-h\/#primaryimage\"},\"thumbnailUrl\":\"https:\/\/www.plastic-crate.co.uk\/wp-content\/uploads\/2022\/01\/plastic-folding-storage-boxes.jpeg\",\"datePublished\":\"2019-10-17T04:52:09+00:00\",\"dateModified\":\"2022-01-27T22:48:34+00:00\",\"description\":\"plastic folding storage boxes, high quality affordable plastic folding storage boxes at wholesale prices, OEM & ODM service available\",\"breadcrumb\":{\"@id\":\"https:\/\/www.plastic-crate.co.uk\/product\/plastic-folding-storage-boxes-join-kn604014w-h\/#breadcrumb\"},\"inLanguage\":\"de\",\"potentialAction\":[{\"@type\":\"ReadAction\",\"target\":[\"https:\/\/www.plastic-crate.co.uk\/product\/plastic-folding-storage-boxes-join-kn604014w-h\/\"]}]},{\"@type\":\"ImageObject\",\"inLanguage\":\"de\",\"@id\":\"https:\/\/www.plastic-crate.co.uk\/product\/plastic-folding-storage-boxes-join-kn604014w-h\/#primaryimage\",\"url\":\"https:\/\/www.plastic-crate.co.uk\/wp-content\/uploads\/2022\/01\/plastic-folding-storage-boxes.jpeg\",\"contentUrl\":\"https:\/\/www.plastic-crate.co.uk\/wp-content\/uploads\/2022\/01\/plastic-folding-storage-boxes.jpeg\",\"width\":1000,\"height\":910,\"caption\":\"plastic folding storage boxes\"},{\"@type\":\"BreadcrumbList\",\"@id\":\"https:\/\/www.plastic-crate.co.uk\/product\/plastic-folding-storage-boxes-join-kn604014w-h\/#breadcrumb\",\"itemListElement\":[{\"@type\":\"ListItem\",\"position\":1,\"name\":\"Shop\",\"item\":\"https:\/\/www.plastic-crate.co.uk\/shop\/\"},{\"@type\":\"ListItem\",\"position\":2,\"name\":\"plastic folding storage boxes-JOIN-KN604014W-H\"}]},{\"@type\":\"WebSite\",\"@id\":\"https:\/\/www.plastic-crate.co.uk\/#website\",\"url\":\"https:\/\/www.plastic-crate.co.uk\/\",\"name\":\"Euro crates Manufacturer\",\"description\":\"wholesale Euro containers, plastic euro crates with lids, curo boxes without lids\",\"publisher\":{\"@id\":\"https:\/\/www.plastic-crate.co.uk\/#organization\"},\"potentialAction\":[{\"@type\":\"SearchAction\",\"target\":{\"@type\":\"EntryPoint\",\"urlTemplate\":\"https:\/\/www.plastic-crate.co.uk\/?s={search_term_string}\"},\"query-input\":{\"@type\":\"PropertyValueSpecification\",\"valueRequired\":true,\"valueName\":\"search_term_string\"}}],\"inLanguage\":\"de\"},{\"@type\":\"Organization\",\"@id\":\"https:\/\/www.plastic-crate.co.uk\/#organization\",\"name\":\"Euro crates Manufacturer\",\"url\":\"https:\/\/www.plastic-crate.co.uk\/\",\"logo\":{\"@type\":\"ImageObject\",\"inLanguage\":\"de\",\"@id\":\"https:\/\/www.plastic-crate.co.uk\/#\/schema\/logo\/image\/\",\"url\":\"https:\/\/www.plastic-crate.co.uk\/wp-content\/uploads\/2020\/10\/cropped-logo.png\",\"contentUrl\":\"https:\/\/www.plastic-crate.co.uk\/wp-content\/uploads\/2020\/10\/cropped-logo.png\",\"width\":300,\"height\":66,\"caption\":\"Euro crates Manufacturer\"},\"image\":{\"@id\":\"https:\/\/www.plastic-crate.co.uk\/#\/schema\/logo\/image\/\"}}]}<\/script>\n<!-- \/ Yoast SEO plugin. -->","yoast_head_json":{"title":"Faltbare Aufbewahrungsboxen aus Kunststoff, Hochwertige faltbare Aufbewahrungsboxen aus Kunststoff im Gro\u00dfhandel","description":"Hochwertige, preisg\u00fcnstige Faltboxen aus Kunststoff zu Gro\u00dfhandelspreisen, OEM- und ODM-Service verf\u00fcgbar","robots":{"index":"index","follow":"follow","max-snippet":"max-snippet:-1","max-image-preview":"max-image-preview:large","max-video-preview":"max-video-preview:-1"},"canonical":"https:\/\/www.plastic-crate.co.uk\/de\/produkt\/plastic-folding-storage-boxes-join-kn604014w-h\/","og_locale":"de_DE","og_type":"article","og_title":"plastic folding storage boxes, High Quality plastic folding storage boxes Wholesale","og_description":"plastic folding storage boxes, high quality affordable plastic folding storage boxes at wholesale prices, OEM & ODM service available","og_url":"https:\/\/www.plastic-crate.co.uk\/de\/produkt\/plastic-folding-storage-boxes-join-kn604014w-h\/","og_site_name":"Euro crates Manufacturer","article_modified_time":"2022-01-27T22:48:34+00:00","og_image":[{"width":1000,"height":910,"url":"https:\/\/www.plastic-crate.co.uk\/wp-content\/uploads\/2022\/01\/plastic-folding-storage-boxes.jpeg","type":"image\/jpeg"}],"twitter_card":"summary_large_image","twitter_title":"plastic folding storage boxes, High Quality plastic folding storage boxes Wholesale","twitter_misc":{"Est. reading time":"1\u00a0Minute"},"schema":{"@context":"https:\/\/schema.org","@graph":[{"@type":"WebPage","@id":"https:\/\/www.plastic-crate.co.uk\/product\/plastic-folding-storage-boxes-join-kn604014w-h\/","url":"https:\/\/www.plastic-crate.co.uk\/product\/plastic-folding-storage-boxes-join-kn604014w-h\/","name":"Faltbare Aufbewahrungsboxen aus Kunststoff, Hochwertige faltbare Aufbewahrungsboxen aus Kunststoff im Gro\u00dfhandel","isPartOf":{"@id":"https:\/\/www.plastic-crate.co.uk\/#website"},"primaryImageOfPage":{"@id":"https:\/\/www.plastic-crate.co.uk\/product\/plastic-folding-storage-boxes-join-kn604014w-h\/#primaryimage"},"image":{"@id":"https:\/\/www.plastic-crate.co.uk\/product\/plastic-folding-storage-boxes-join-kn604014w-h\/#primaryimage"},"thumbnailUrl":"https:\/\/www.plastic-crate.co.uk\/wp-content\/uploads\/2022\/01\/plastic-folding-storage-boxes.jpeg","datePublished":"2019-10-17T04:52:09+00:00","dateModified":"2022-01-27T22:48:34+00:00","description":"Hochwertige, preisg\u00fcnstige Faltboxen aus Kunststoff zu Gro\u00dfhandelspreisen, OEM- und ODM-Service verf\u00fcgbar","breadcrumb":{"@id":"https:\/\/www.plastic-crate.co.uk\/product\/plastic-folding-storage-boxes-join-kn604014w-h\/#breadcrumb"},"inLanguage":"de","potentialAction":[{"@type":"ReadAction","target":["https:\/\/www.plastic-crate.co.uk\/product\/plastic-folding-storage-boxes-join-kn604014w-h\/"]}]},{"@type":"ImageObject","inLanguage":"de","@id":"https:\/\/www.plastic-crate.co.uk\/product\/plastic-folding-storage-boxes-join-kn604014w-h\/#primaryimage","url":"https:\/\/www.plastic-crate.co.uk\/wp-content\/uploads\/2022\/01\/plastic-folding-storage-boxes.jpeg","contentUrl":"https:\/\/www.plastic-crate.co.uk\/wp-content\/uploads\/2022\/01\/plastic-folding-storage-boxes.jpeg","width":1000,"height":910,"caption":"plastic folding storage boxes"},{"@type":"BreadcrumbList","@id":"https:\/\/www.plastic-crate.co.uk\/product\/plastic-folding-storage-boxes-join-kn604014w-h\/#breadcrumb","itemListElement":[{"@type":"ListItem","position":1,"name":"Shop","item":"https:\/\/www.plastic-crate.co.uk\/shop\/"},{"@type":"ListItem","position":2,"name":"plastic folding storage boxes-JOIN-KN604014W-H"}]},{"@type":"WebSite","@id":"https:\/\/www.plastic-crate.co.uk\/#website","url":"https:\/\/www.plastic-crate.co.uk\/","name":"Eurokisten Hersteller","description":"Eurobeh\u00e4lter im Gro\u00dfhandel, Eurokisten aus Kunststoff mit Deckel, Curo-Boxen ohne Deckel","publisher":{"@id":"https:\/\/www.plastic-crate.co.uk\/#organization"},"potentialAction":[{"@type":"SearchAction","target":{"@type":"EntryPoint","urlTemplate":"https:\/\/www.plastic-crate.co.uk\/?s={search_term_string}"},"query-input":{"@type":"PropertyValueSpecification","valueRequired":true,"valueName":"search_term_string"}}],"inLanguage":"de"},{"@type":"Organization","@id":"https:\/\/www.plastic-crate.co.uk\/#organization","name":"Eurokisten Hersteller","url":"https:\/\/www.plastic-crate.co.uk\/","logo":{"@type":"ImageObject","inLanguage":"de","@id":"https:\/\/www.plastic-crate.co.uk\/#\/schema\/logo\/image\/","url":"https:\/\/www.plastic-crate.co.uk\/wp-content\/uploads\/2020\/10\/cropped-logo.png","contentUrl":"https:\/\/www.plastic-crate.co.uk\/wp-content\/uploads\/2020\/10\/cropped-logo.png","width":300,"height":66,"caption":"Euro crates Manufacturer"},"image":{"@id":"https:\/\/www.plastic-crate.co.uk\/#\/schema\/logo\/image\/"}}]}},"_links":{"self":[{"href":"https:\/\/www.plastic-crate.co.uk\/de\/wp-json\/wp\/v2\/product\/5389","targetHints":{"allow":["GET"]}}],"collection":[{"href":"https:\/\/www.plastic-crate.co.uk\/de\/wp-json\/wp\/v2\/product"}],"about":[{"href":"https:\/\/www.plastic-crate.co.uk\/de\/wp-json\/wp\/v2\/types\/product"}],"wp:featuredmedia":[{"embeddable":true,"href":"https:\/\/www.plastic-crate.co.uk\/de\/wp-json\/wp\/v2\/media\/5390"}],"wp:attachment":[{"href":"https:\/\/www.plastic-crate.co.uk\/de\/wp-json\/wp\/v2\/media?parent=5389"}],"wp:term":[{"taxonomy":"product_brand","embeddable":true,"href":"https:\/\/www.plastic-crate.co.uk\/de\/wp-json\/wp\/v2\/product_brand?post=5389"},{"taxonomy":"product_cat","embeddable":true,"href":"https:\/\/www.plastic-crate.co.uk\/de\/wp-json\/wp\/v2\/product_cat?post=5389"},{"taxonomy":"product_tag","embeddable":true,"href":"https:\/\/www.plastic-crate.co.uk\/de\/wp-json\/wp\/v2\/product_tag?post=5389"}],"curies":[{"name":"wp","href":"https:\/\/api.w.org\/{rel}","templated":true}]}}