{"id":4738,"date":"2020-03-20T04:55:50","date_gmt":"2020-03-20T04:55:50","guid":{"rendered":"https:\/\/www.plastic-crate.co.uk\/product\/eurocrates-st-a\/"},"modified":"2021-04-04T17:21:50","modified_gmt":"2021-04-04T17:21:50","slug":"eurocrates-st-a","status":"publish","type":"product","link":"https:\/\/www.plastic-crate.co.uk\/de\/produkt\/eurocrates-st-a\/","title":{"rendered":"eurocrates-ST-A"},"content":{"rendered":"","protected":false},"excerpt":{"rendered":"<div><a href=\"https:\/\/www.plastic-crate.co.uk\/de\/produktkategorie\/folding-crate\/\" target=\"_blank\" rel=\"noopener\">faltbare Aufbewahrungsboxen<\/a>,<a href=\"https:\/\/www.plastic-crate.co.uk\/de\/produktkategorie\/plastic-pallet-boxes\/\" target=\"_blank\" rel=\"noopener\">Hersteller von zusammenklappbaren Sch\u00fcttgutbeh\u00e4ltern<\/a>,<a href=\"https:\/\/www.plastic-crate.co.uk\/de\/produktkategorie\/euro-crates-boxes-for-sale\/\" target=\"_blank\" rel=\"noopener\">industrielle Plastikvorratsbeh\u00e4lter<\/a>,<a href=\"https:\/\/www.plastic-crate.co.uk\/de\/\" target=\"_blank\" rel=\"noopener\">rechteckiges Kunststoffgeh\u00e4use<\/a><\/div>","protected":false},"featured_media":4145,"template":"","meta":{"_acf_changed":false,"site-sidebar-layout":"default","site-content-layout":"default","ast-main-header-display":"","ast-hfb-above-header-display":"","ast-hfb-below-header-display":"","ast-hfb-mobile-header-display":"","site-post-title":"","ast-breadcrumbs-content":"","ast-featured-img":"","footer-sml-layout":"","theme-transparent-header-meta":"","adv-header-id-meta":"","stick-header-meta":"","header-above-stick-meta":"","header-main-stick-meta":"","header-below-stick-meta":""},"product_brand":[],"product_cat":[76],"product_tag":[22],"class_list":{"0":"post-4738","1":"product","2":"type-product","3":"status-publish","4":"has-post-thumbnail","6":"product_cat-euro-crates-boxes-for-sale","7":"product_tag-stacking-crate","9":"first","10":"instock","11":"product-type-simple"},"acf":[],"yoast_head":"<!-- This site is optimized with the Yoast SEO plugin v26.9 - https:\/\/yoast.com\/product\/yoast-seo-wordpress\/ -->\n<title>eurocrates, straight wall container Wholesale, eurocrates supplier<\/title>\n<meta name=\"description\" content=\"eurocrates, straight wall container Wholesale, eurocrates supplier, high quality stackable turnover box at wholesale prices, OEM &amp; ODM service\" \/>\n<meta name=\"robots\" content=\"index, follow, max-snippet:-1, max-image-preview:large, max-video-preview:-1\" \/>\n<link rel=\"canonical\" href=\"https:\/\/www.plastic-crate.co.uk\/de\/produkt\/eurocrates-st-a\/\" \/>\n<meta property=\"og:locale\" content=\"de_DE\" \/>\n<meta property=\"og:type\" content=\"article\" \/>\n<meta property=\"og:title\" content=\"eurocrates, straight wall container Wholesale, eurocrates supplier\" \/>\n<meta property=\"og:description\" content=\"eurocrates, straight wall container Wholesale, eurocrates supplier, high quality stackable turnover box at wholesale prices, OEM &amp; ODM service\" \/>\n<meta property=\"og:url\" content=\"https:\/\/www.plastic-crate.co.uk\/de\/produkt\/eurocrates-st-a\/\" \/>\n<meta property=\"og:site_name\" content=\"Euro crates Manufacturer\" \/>\n<meta property=\"article:modified_time\" content=\"2021-04-04T17:21:50+00:00\" \/>\n<meta property=\"og:image\" content=\"https:\/\/www.plastic-crate.co.uk\/wp-content\/uploads\/2020\/10\/straight-wall-storage-totes.jpg\" \/>\n\t<meta property=\"og:image:width\" content=\"600\" \/>\n\t<meta property=\"og:image:height\" content=\"600\" \/>\n\t<meta property=\"og:image:type\" content=\"image\/jpeg\" \/>\n<meta name=\"twitter:card\" content=\"summary_large_image\" \/>\n<meta name=\"twitter:title\" content=\"eurocrates, straight wall container Wholesale, eurocrates supplier\" \/>\n<script type=\"application\/ld+json\" class=\"yoast-schema-graph\">{\"@context\":\"https:\/\/schema.org\",\"@graph\":[{\"@type\":\"WebPage\",\"@id\":\"https:\/\/www.plastic-crate.co.uk\/product\/eurocrates-st-a\/\",\"url\":\"https:\/\/www.plastic-crate.co.uk\/product\/eurocrates-st-a\/\",\"name\":\"eurocrates, straight wall container Wholesale, eurocrates supplier\",\"isPartOf\":{\"@id\":\"https:\/\/www.plastic-crate.co.uk\/#website\"},\"primaryImageOfPage\":{\"@id\":\"https:\/\/www.plastic-crate.co.uk\/product\/eurocrates-st-a\/#primaryimage\"},\"image\":{\"@id\":\"https:\/\/www.plastic-crate.co.uk\/product\/eurocrates-st-a\/#primaryimage\"},\"thumbnailUrl\":\"https:\/\/www.plastic-crate.co.uk\/wp-content\/uploads\/2020\/10\/straight-wall-storage-totes.jpg\",\"datePublished\":\"2020-03-20T04:55:50+00:00\",\"dateModified\":\"2021-04-04T17:21:50+00:00\",\"description\":\"eurocrates, straight wall container Wholesale, eurocrates supplier, high quality stackable turnover box at wholesale prices, OEM & ODM service\",\"breadcrumb\":{\"@id\":\"https:\/\/www.plastic-crate.co.uk\/product\/eurocrates-st-a\/#breadcrumb\"},\"inLanguage\":\"de\",\"potentialAction\":[{\"@type\":\"ReadAction\",\"target\":[\"https:\/\/www.plastic-crate.co.uk\/product\/eurocrates-st-a\/\"]}]},{\"@type\":\"ImageObject\",\"inLanguage\":\"de\",\"@id\":\"https:\/\/www.plastic-crate.co.uk\/product\/eurocrates-st-a\/#primaryimage\",\"url\":\"https:\/\/www.plastic-crate.co.uk\/wp-content\/uploads\/2020\/10\/straight-wall-storage-totes.jpg\",\"contentUrl\":\"https:\/\/www.plastic-crate.co.uk\/wp-content\/uploads\/2020\/10\/straight-wall-storage-totes.jpg\",\"width\":600,\"height\":600,\"caption\":\"eurocrates\"},{\"@type\":\"BreadcrumbList\",\"@id\":\"https:\/\/www.plastic-crate.co.uk\/product\/eurocrates-st-a\/#breadcrumb\",\"itemListElement\":[{\"@type\":\"ListItem\",\"position\":1,\"name\":\"Shop\",\"item\":\"https:\/\/www.plastic-crate.co.uk\/shop\/\"},{\"@type\":\"ListItem\",\"position\":2,\"name\":\"eurocrates-ST-A\"}]},{\"@type\":\"WebSite\",\"@id\":\"https:\/\/www.plastic-crate.co.uk\/#website\",\"url\":\"https:\/\/www.plastic-crate.co.uk\/\",\"name\":\"Euro crates Manufacturer\",\"description\":\"wholesale Euro containers, plastic euro crates with lids, curo boxes without lids\",\"publisher\":{\"@id\":\"https:\/\/www.plastic-crate.co.uk\/#organization\"},\"potentialAction\":[{\"@type\":\"SearchAction\",\"target\":{\"@type\":\"EntryPoint\",\"urlTemplate\":\"https:\/\/www.plastic-crate.co.uk\/?s={search_term_string}\"},\"query-input\":{\"@type\":\"PropertyValueSpecification\",\"valueRequired\":true,\"valueName\":\"search_term_string\"}}],\"inLanguage\":\"de\"},{\"@type\":\"Organization\",\"@id\":\"https:\/\/www.plastic-crate.co.uk\/#organization\",\"name\":\"Euro crates Manufacturer\",\"url\":\"https:\/\/www.plastic-crate.co.uk\/\",\"logo\":{\"@type\":\"ImageObject\",\"inLanguage\":\"de\",\"@id\":\"https:\/\/www.plastic-crate.co.uk\/#\/schema\/logo\/image\/\",\"url\":\"https:\/\/www.plastic-crate.co.uk\/wp-content\/uploads\/2020\/10\/cropped-logo.png\",\"contentUrl\":\"https:\/\/www.plastic-crate.co.uk\/wp-content\/uploads\/2020\/10\/cropped-logo.png\",\"width\":300,\"height\":66,\"caption\":\"Euro crates Manufacturer\"},\"image\":{\"@id\":\"https:\/\/www.plastic-crate.co.uk\/#\/schema\/logo\/image\/\"}}]}<\/script>\n<!-- \/ Yoast SEO plugin. -->","yoast_head_json":{"title":"Eurocrates, Container mit geraden W\u00e4nden Gro\u00dfhandel, Eurocrates Lieferant","description":"Eurocrates, Gro\u00dfhandel f\u00fcr gerade Wandbeh\u00e4lter, Eurocrates-Lieferant, hochwertige stapelbare Wendeboxen zu Gro\u00dfhandelspreisen, OEM- und ODM-Service","robots":{"index":"index","follow":"follow","max-snippet":"max-snippet:-1","max-image-preview":"max-image-preview:large","max-video-preview":"max-video-preview:-1"},"canonical":"https:\/\/www.plastic-crate.co.uk\/de\/produkt\/eurocrates-st-a\/","og_locale":"de_DE","og_type":"article","og_title":"eurocrates, straight wall container Wholesale, eurocrates supplier","og_description":"eurocrates, straight wall container Wholesale, eurocrates supplier, high quality stackable turnover box at wholesale prices, OEM & ODM service","og_url":"https:\/\/www.plastic-crate.co.uk\/de\/produkt\/eurocrates-st-a\/","og_site_name":"Euro crates Manufacturer","article_modified_time":"2021-04-04T17:21:50+00:00","og_image":[{"width":600,"height":600,"url":"https:\/\/www.plastic-crate.co.uk\/wp-content\/uploads\/2020\/10\/straight-wall-storage-totes.jpg","type":"image\/jpeg"}],"twitter_card":"summary_large_image","twitter_title":"eurocrates, straight wall container Wholesale, eurocrates supplier","schema":{"@context":"https:\/\/schema.org","@graph":[{"@type":"WebPage","@id":"https:\/\/www.plastic-crate.co.uk\/product\/eurocrates-st-a\/","url":"https:\/\/www.plastic-crate.co.uk\/product\/eurocrates-st-a\/","name":"Eurocrates, Container mit geraden W\u00e4nden Gro\u00dfhandel, Eurocrates Lieferant","isPartOf":{"@id":"https:\/\/www.plastic-crate.co.uk\/#website"},"primaryImageOfPage":{"@id":"https:\/\/www.plastic-crate.co.uk\/product\/eurocrates-st-a\/#primaryimage"},"image":{"@id":"https:\/\/www.plastic-crate.co.uk\/product\/eurocrates-st-a\/#primaryimage"},"thumbnailUrl":"https:\/\/www.plastic-crate.co.uk\/wp-content\/uploads\/2020\/10\/straight-wall-storage-totes.jpg","datePublished":"2020-03-20T04:55:50+00:00","dateModified":"2021-04-04T17:21:50+00:00","description":"Eurocrates, Gro\u00dfhandel f\u00fcr gerade Wandbeh\u00e4lter, Eurocrates-Lieferant, hochwertige stapelbare Wendeboxen zu Gro\u00dfhandelspreisen, OEM- und ODM-Service","breadcrumb":{"@id":"https:\/\/www.plastic-crate.co.uk\/product\/eurocrates-st-a\/#breadcrumb"},"inLanguage":"de","potentialAction":[{"@type":"ReadAction","target":["https:\/\/www.plastic-crate.co.uk\/product\/eurocrates-st-a\/"]}]},{"@type":"ImageObject","inLanguage":"de","@id":"https:\/\/www.plastic-crate.co.uk\/product\/eurocrates-st-a\/#primaryimage","url":"https:\/\/www.plastic-crate.co.uk\/wp-content\/uploads\/2020\/10\/straight-wall-storage-totes.jpg","contentUrl":"https:\/\/www.plastic-crate.co.uk\/wp-content\/uploads\/2020\/10\/straight-wall-storage-totes.jpg","width":600,"height":600,"caption":"eurocrates"},{"@type":"BreadcrumbList","@id":"https:\/\/www.plastic-crate.co.uk\/product\/eurocrates-st-a\/#breadcrumb","itemListElement":[{"@type":"ListItem","position":1,"name":"Shop","item":"https:\/\/www.plastic-crate.co.uk\/shop\/"},{"@type":"ListItem","position":2,"name":"eurocrates-ST-A"}]},{"@type":"WebSite","@id":"https:\/\/www.plastic-crate.co.uk\/#website","url":"https:\/\/www.plastic-crate.co.uk\/","name":"Eurokisten Hersteller","description":"Eurobeh\u00e4lter im Gro\u00dfhandel, Eurokisten aus Kunststoff mit Deckel, Curo-Boxen ohne Deckel","publisher":{"@id":"https:\/\/www.plastic-crate.co.uk\/#organization"},"potentialAction":[{"@type":"SearchAction","target":{"@type":"EntryPoint","urlTemplate":"https:\/\/www.plastic-crate.co.uk\/?s={search_term_string}"},"query-input":{"@type":"PropertyValueSpecification","valueRequired":true,"valueName":"search_term_string"}}],"inLanguage":"de"},{"@type":"Organization","@id":"https:\/\/www.plastic-crate.co.uk\/#organization","name":"Eurokisten Hersteller","url":"https:\/\/www.plastic-crate.co.uk\/","logo":{"@type":"ImageObject","inLanguage":"de","@id":"https:\/\/www.plastic-crate.co.uk\/#\/schema\/logo\/image\/","url":"https:\/\/www.plastic-crate.co.uk\/wp-content\/uploads\/2020\/10\/cropped-logo.png","contentUrl":"https:\/\/www.plastic-crate.co.uk\/wp-content\/uploads\/2020\/10\/cropped-logo.png","width":300,"height":66,"caption":"Euro crates Manufacturer"},"image":{"@id":"https:\/\/www.plastic-crate.co.uk\/#\/schema\/logo\/image\/"}}]}},"_links":{"self":[{"href":"https:\/\/www.plastic-crate.co.uk\/de\/wp-json\/wp\/v2\/product\/4738","targetHints":{"allow":["GET"]}}],"collection":[{"href":"https:\/\/www.plastic-crate.co.uk\/de\/wp-json\/wp\/v2\/product"}],"about":[{"href":"https:\/\/www.plastic-crate.co.uk\/de\/wp-json\/wp\/v2\/types\/product"}],"wp:featuredmedia":[{"embeddable":true,"href":"https:\/\/www.plastic-crate.co.uk\/de\/wp-json\/wp\/v2\/media\/4145"}],"wp:attachment":[{"href":"https:\/\/www.plastic-crate.co.uk\/de\/wp-json\/wp\/v2\/media?parent=4738"}],"wp:term":[{"taxonomy":"product_brand","embeddable":true,"href":"https:\/\/www.plastic-crate.co.uk\/de\/wp-json\/wp\/v2\/product_brand?post=4738"},{"taxonomy":"product_cat","embeddable":true,"href":"https:\/\/www.plastic-crate.co.uk\/de\/wp-json\/wp\/v2\/product_cat?post=4738"},{"taxonomy":"product_tag","embeddable":true,"href":"https:\/\/www.plastic-crate.co.uk\/de\/wp-json\/wp\/v2\/product_tag?post=4738"}],"curies":[{"name":"wp","href":"https:\/\/api.w.org\/{rel}","templated":true}]}}