{"id":4736,"date":"2020-09-18T23:44:01","date_gmt":"2020-09-18T23:44:01","guid":{"rendered":"https:\/\/www.plastic-crate.co.uk\/product\/euro-stacking-containers-4314\/"},"modified":"2021-04-04T17:22:06","modified_gmt":"2021-04-04T17:22:06","slug":"euro-stacking-containers-4314","status":"publish","type":"product","link":"https:\/\/www.plastic-crate.co.uk\/de\/produkt\/euro-stacking-containers-4314\/","title":{"rendered":"Euro-Stapelbeh\u00e4lter-4314"},"content":{"rendered":"","protected":false},"excerpt":{"rendered":"<div><a href=\"https:\/\/www.plastic-crate.co.uk\/de\/produktkategorie\/euro-crates-boxes-for-sale\/\" target=\"_blank\" rel=\"noopener\">Stapelkisten<\/a>,<a href=\"https:\/\/www.plastic-crate.co.uk\/de\/produktkategorie\/folding-crate\/\" target=\"_blank\" rel=\"noopener\">zusammenklappbare Kunststoffkiste<\/a>,<a href=\"https:\/\/www.plastic-crate.co.uk\/de\/\" target=\"_blank\" rel=\"noopener\">Beh\u00e4lter mit aufgesetztem Kunststoffdeckel<\/a>,<a href=\"https:\/\/www.plastic-crate.co.uk\/de\/produktkategorie\/plastic-pallet-boxes\/\" target=\"_blank\" rel=\"noopener\">Kunststoff-Lagerpalettenbox<\/a><\/div>","protected":false},"featured_media":4223,"template":"","meta":{"_acf_changed":false,"site-sidebar-layout":"default","site-content-layout":"default","ast-main-header-display":"","ast-hfb-above-header-display":"","ast-hfb-below-header-display":"","ast-hfb-mobile-header-display":"","site-post-title":"","ast-breadcrumbs-content":"","ast-featured-img":"","footer-sml-layout":"","theme-transparent-header-meta":"","adv-header-id-meta":"","stick-header-meta":"","header-above-stick-meta":"","header-main-stick-meta":"","header-below-stick-meta":""},"product_brand":[],"product_cat":[76],"product_tag":[31,22],"class_list":{"0":"post-4736","1":"product","2":"type-product","3":"status-publish","4":"has-post-thumbnail","6":"product_cat-euro-crates-boxes-for-sale","7":"product_tag-stackable-crates","8":"product_tag-stacking-crate","10":"first","11":"instock","12":"product-type-simple"},"acf":[],"yoast_head":"<!-- This site is optimized with the Yoast SEO plugin v26.9 - https:\/\/yoast.com\/product\/yoast-seo-wordpress\/ -->\n<title>euro stacking containers, heavy duty storage bins Wholesale<\/title>\n<meta name=\"description\" content=\"euro stacking containers, heavy duty storage bins Wholesale, high quality sale on storage totes at wholesale prices, OEM &amp; ODM service\" \/>\n<meta name=\"robots\" content=\"index, follow, max-snippet:-1, max-image-preview:large, max-video-preview:-1\" \/>\n<link rel=\"canonical\" href=\"https:\/\/www.plastic-crate.co.uk\/de\/produkt\/euro-stacking-containers-4314\/\" \/>\n<meta property=\"og:locale\" content=\"de_DE\" \/>\n<meta property=\"og:type\" content=\"article\" \/>\n<meta property=\"og:title\" content=\"euro stacking containers, heavy duty storage bins Wholesale\" \/>\n<meta property=\"og:description\" content=\"euro stacking containers, heavy duty storage bins Wholesale, high quality sale on storage totes at wholesale prices, OEM &amp; ODM service\" \/>\n<meta property=\"og:url\" content=\"https:\/\/www.plastic-crate.co.uk\/de\/produkt\/euro-stacking-containers-4314\/\" \/>\n<meta property=\"og:site_name\" content=\"Euro crates Manufacturer\" \/>\n<meta property=\"article:modified_time\" content=\"2021-04-04T17:22:06+00:00\" \/>\n<meta property=\"og:image\" content=\"https:\/\/www.plastic-crate.co.uk\/wp-content\/uploads\/2020\/10\/heavy-duty-stackable-storage-bins-scaled.jpg\" \/>\n\t<meta property=\"og:image:width\" content=\"2560\" \/>\n\t<meta property=\"og:image:height\" content=\"1920\" \/>\n\t<meta property=\"og:image:type\" content=\"image\/jpeg\" \/>\n<meta name=\"twitter:card\" content=\"summary_large_image\" \/>\n<meta name=\"twitter:title\" content=\"euro stacking containers, heavy duty storage bins Wholesale\" \/>\n<script type=\"application\/ld+json\" class=\"yoast-schema-graph\">{\"@context\":\"https:\/\/schema.org\",\"@graph\":[{\"@type\":\"WebPage\",\"@id\":\"https:\/\/www.plastic-crate.co.uk\/product\/euro-stacking-containers-4314\/\",\"url\":\"https:\/\/www.plastic-crate.co.uk\/product\/euro-stacking-containers-4314\/\",\"name\":\"euro stacking containers, heavy duty storage bins Wholesale\",\"isPartOf\":{\"@id\":\"https:\/\/www.plastic-crate.co.uk\/#website\"},\"primaryImageOfPage\":{\"@id\":\"https:\/\/www.plastic-crate.co.uk\/product\/euro-stacking-containers-4314\/#primaryimage\"},\"image\":{\"@id\":\"https:\/\/www.plastic-crate.co.uk\/product\/euro-stacking-containers-4314\/#primaryimage\"},\"thumbnailUrl\":\"https:\/\/www.plastic-crate.co.uk\/wp-content\/uploads\/2020\/10\/heavy-duty-stackable-storage-bins-scaled.jpg\",\"datePublished\":\"2020-09-18T23:44:01+00:00\",\"dateModified\":\"2021-04-04T17:22:06+00:00\",\"description\":\"euro stacking containers, heavy duty storage bins Wholesale, high quality sale on storage totes at wholesale prices, OEM & ODM service\",\"breadcrumb\":{\"@id\":\"https:\/\/www.plastic-crate.co.uk\/product\/euro-stacking-containers-4314\/#breadcrumb\"},\"inLanguage\":\"de\",\"potentialAction\":[{\"@type\":\"ReadAction\",\"target\":[\"https:\/\/www.plastic-crate.co.uk\/product\/euro-stacking-containers-4314\/\"]}]},{\"@type\":\"ImageObject\",\"inLanguage\":\"de\",\"@id\":\"https:\/\/www.plastic-crate.co.uk\/product\/euro-stacking-containers-4314\/#primaryimage\",\"url\":\"https:\/\/www.plastic-crate.co.uk\/wp-content\/uploads\/2020\/10\/heavy-duty-stackable-storage-bins-scaled.jpg\",\"contentUrl\":\"https:\/\/www.plastic-crate.co.uk\/wp-content\/uploads\/2020\/10\/heavy-duty-stackable-storage-bins-scaled.jpg\",\"width\":2560,\"height\":1920,\"caption\":\"euro stacking containers\"},{\"@type\":\"BreadcrumbList\",\"@id\":\"https:\/\/www.plastic-crate.co.uk\/product\/euro-stacking-containers-4314\/#breadcrumb\",\"itemListElement\":[{\"@type\":\"ListItem\",\"position\":1,\"name\":\"Shop\",\"item\":\"https:\/\/www.plastic-crate.co.uk\/shop\/\"},{\"@type\":\"ListItem\",\"position\":2,\"name\":\"euro stacking containers-4314\"}]},{\"@type\":\"WebSite\",\"@id\":\"https:\/\/www.plastic-crate.co.uk\/#website\",\"url\":\"https:\/\/www.plastic-crate.co.uk\/\",\"name\":\"Euro crates Manufacturer\",\"description\":\"wholesale Euro containers, plastic euro crates with lids, curo boxes without lids\",\"publisher\":{\"@id\":\"https:\/\/www.plastic-crate.co.uk\/#organization\"},\"potentialAction\":[{\"@type\":\"SearchAction\",\"target\":{\"@type\":\"EntryPoint\",\"urlTemplate\":\"https:\/\/www.plastic-crate.co.uk\/?s={search_term_string}\"},\"query-input\":{\"@type\":\"PropertyValueSpecification\",\"valueRequired\":true,\"valueName\":\"search_term_string\"}}],\"inLanguage\":\"de\"},{\"@type\":\"Organization\",\"@id\":\"https:\/\/www.plastic-crate.co.uk\/#organization\",\"name\":\"Euro crates Manufacturer\",\"url\":\"https:\/\/www.plastic-crate.co.uk\/\",\"logo\":{\"@type\":\"ImageObject\",\"inLanguage\":\"de\",\"@id\":\"https:\/\/www.plastic-crate.co.uk\/#\/schema\/logo\/image\/\",\"url\":\"https:\/\/www.plastic-crate.co.uk\/wp-content\/uploads\/2020\/10\/cropped-logo.png\",\"contentUrl\":\"https:\/\/www.plastic-crate.co.uk\/wp-content\/uploads\/2020\/10\/cropped-logo.png\",\"width\":300,\"height\":66,\"caption\":\"Euro crates Manufacturer\"},\"image\":{\"@id\":\"https:\/\/www.plastic-crate.co.uk\/#\/schema\/logo\/image\/\"}}]}<\/script>\n<!-- \/ Yoast SEO plugin. -->","yoast_head_json":{"title":"Euro-Stapelbeh\u00e4lter, Schwerlast-Lagerbeh\u00e4lter Gro\u00dfhandel","description":"Euro-Stapelbeh\u00e4lter, Schwerlast-Lagerbeh\u00e4lter Gro\u00dfhandel, hochwertiger Verkauf von Lagerbeh\u00e4ltern zu Gro\u00dfhandelspreisen, OEM- und ODM-Service","robots":{"index":"index","follow":"follow","max-snippet":"max-snippet:-1","max-image-preview":"max-image-preview:large","max-video-preview":"max-video-preview:-1"},"canonical":"https:\/\/www.plastic-crate.co.uk\/de\/produkt\/euro-stacking-containers-4314\/","og_locale":"de_DE","og_type":"article","og_title":"euro stacking containers, heavy duty storage bins Wholesale","og_description":"euro stacking containers, heavy duty storage bins Wholesale, high quality sale on storage totes at wholesale prices, OEM & ODM service","og_url":"https:\/\/www.plastic-crate.co.uk\/de\/produkt\/euro-stacking-containers-4314\/","og_site_name":"Euro crates Manufacturer","article_modified_time":"2021-04-04T17:22:06+00:00","og_image":[{"width":2560,"height":1920,"url":"https:\/\/www.plastic-crate.co.uk\/wp-content\/uploads\/2020\/10\/heavy-duty-stackable-storage-bins-scaled.jpg","type":"image\/jpeg"}],"twitter_card":"summary_large_image","twitter_title":"euro stacking containers, heavy duty storage bins Wholesale","schema":{"@context":"https:\/\/schema.org","@graph":[{"@type":"WebPage","@id":"https:\/\/www.plastic-crate.co.uk\/product\/euro-stacking-containers-4314\/","url":"https:\/\/www.plastic-crate.co.uk\/product\/euro-stacking-containers-4314\/","name":"Euro-Stapelbeh\u00e4lter, Schwerlast-Lagerbeh\u00e4lter Gro\u00dfhandel","isPartOf":{"@id":"https:\/\/www.plastic-crate.co.uk\/#website"},"primaryImageOfPage":{"@id":"https:\/\/www.plastic-crate.co.uk\/product\/euro-stacking-containers-4314\/#primaryimage"},"image":{"@id":"https:\/\/www.plastic-crate.co.uk\/product\/euro-stacking-containers-4314\/#primaryimage"},"thumbnailUrl":"https:\/\/www.plastic-crate.co.uk\/wp-content\/uploads\/2020\/10\/heavy-duty-stackable-storage-bins-scaled.jpg","datePublished":"2020-09-18T23:44:01+00:00","dateModified":"2021-04-04T17:22:06+00:00","description":"Euro-Stapelbeh\u00e4lter, Schwerlast-Lagerbeh\u00e4lter Gro\u00dfhandel, hochwertiger Verkauf von Lagerbeh\u00e4ltern zu Gro\u00dfhandelspreisen, OEM- und ODM-Service","breadcrumb":{"@id":"https:\/\/www.plastic-crate.co.uk\/product\/euro-stacking-containers-4314\/#breadcrumb"},"inLanguage":"de","potentialAction":[{"@type":"ReadAction","target":["https:\/\/www.plastic-crate.co.uk\/product\/euro-stacking-containers-4314\/"]}]},{"@type":"ImageObject","inLanguage":"de","@id":"https:\/\/www.plastic-crate.co.uk\/product\/euro-stacking-containers-4314\/#primaryimage","url":"https:\/\/www.plastic-crate.co.uk\/wp-content\/uploads\/2020\/10\/heavy-duty-stackable-storage-bins-scaled.jpg","contentUrl":"https:\/\/www.plastic-crate.co.uk\/wp-content\/uploads\/2020\/10\/heavy-duty-stackable-storage-bins-scaled.jpg","width":2560,"height":1920,"caption":"euro stacking containers"},{"@type":"BreadcrumbList","@id":"https:\/\/www.plastic-crate.co.uk\/product\/euro-stacking-containers-4314\/#breadcrumb","itemListElement":[{"@type":"ListItem","position":1,"name":"Shop","item":"https:\/\/www.plastic-crate.co.uk\/shop\/"},{"@type":"ListItem","position":2,"name":"euro stacking containers-4314"}]},{"@type":"WebSite","@id":"https:\/\/www.plastic-crate.co.uk\/#website","url":"https:\/\/www.plastic-crate.co.uk\/","name":"Eurokisten Hersteller","description":"Eurobeh\u00e4lter im Gro\u00dfhandel, Eurokisten aus Kunststoff mit Deckel, Curo-Boxen ohne Deckel","publisher":{"@id":"https:\/\/www.plastic-crate.co.uk\/#organization"},"potentialAction":[{"@type":"SearchAction","target":{"@type":"EntryPoint","urlTemplate":"https:\/\/www.plastic-crate.co.uk\/?s={search_term_string}"},"query-input":{"@type":"PropertyValueSpecification","valueRequired":true,"valueName":"search_term_string"}}],"inLanguage":"de"},{"@type":"Organization","@id":"https:\/\/www.plastic-crate.co.uk\/#organization","name":"Eurokisten Hersteller","url":"https:\/\/www.plastic-crate.co.uk\/","logo":{"@type":"ImageObject","inLanguage":"de","@id":"https:\/\/www.plastic-crate.co.uk\/#\/schema\/logo\/image\/","url":"https:\/\/www.plastic-crate.co.uk\/wp-content\/uploads\/2020\/10\/cropped-logo.png","contentUrl":"https:\/\/www.plastic-crate.co.uk\/wp-content\/uploads\/2020\/10\/cropped-logo.png","width":300,"height":66,"caption":"Euro crates Manufacturer"},"image":{"@id":"https:\/\/www.plastic-crate.co.uk\/#\/schema\/logo\/image\/"}}]}},"_links":{"self":[{"href":"https:\/\/www.plastic-crate.co.uk\/de\/wp-json\/wp\/v2\/product\/4736","targetHints":{"allow":["GET"]}}],"collection":[{"href":"https:\/\/www.plastic-crate.co.uk\/de\/wp-json\/wp\/v2\/product"}],"about":[{"href":"https:\/\/www.plastic-crate.co.uk\/de\/wp-json\/wp\/v2\/types\/product"}],"wp:featuredmedia":[{"embeddable":true,"href":"https:\/\/www.plastic-crate.co.uk\/de\/wp-json\/wp\/v2\/media\/4223"}],"wp:attachment":[{"href":"https:\/\/www.plastic-crate.co.uk\/de\/wp-json\/wp\/v2\/media?parent=4736"}],"wp:term":[{"taxonomy":"product_brand","embeddable":true,"href":"https:\/\/www.plastic-crate.co.uk\/de\/wp-json\/wp\/v2\/product_brand?post=4736"},{"taxonomy":"product_cat","embeddable":true,"href":"https:\/\/www.plastic-crate.co.uk\/de\/wp-json\/wp\/v2\/product_cat?post=4736"},{"taxonomy":"product_tag","embeddable":true,"href":"https:\/\/www.plastic-crate.co.uk\/de\/wp-json\/wp\/v2\/product_tag?post=4736"}],"curies":[{"name":"wp","href":"https:\/\/api.w.org\/{rel}","templated":true}]}}