{"id":4731,"date":"2020-10-12T10:49:31","date_gmt":"2020-10-12T10:49:31","guid":{"rendered":"https:\/\/www.plastic-crate.co.uk\/product\/stacking-containers-with-lids-pannel-bin\/"},"modified":"2021-04-04T17:22:03","modified_gmt":"2021-04-04T17:22:03","slug":"stacking-containers-with-lids-pannel-bin","status":"publish","type":"product","link":"https:\/\/www.plastic-crate.co.uk\/de\/produkt\/stacking-containers-with-lids-pannel-bin\/","title":{"rendered":"Stapelbeh\u00e4lter mit Deckel - Paneelbeh\u00e4lter"},"content":{"rendered":"","protected":false},"excerpt":{"rendered":"<div><a href=\"https:\/\/www.plastic-crate.co.uk\/de\/produktkategorie\/folding-crate\/\" target=\"_blank\" rel=\"noopener\">zusammenklappbare Kistenlagerung<\/a>,<a href=\"https:\/\/www.plastic-crate.co.uk\/de\/produktkategorie\/plastic-pallet-boxes\/\" target=\"_blank\" rel=\"noopener\">faltbare Palettenboxen<\/a>,<a href=\"https:\/\/www.plastic-crate.co.uk\/de\/\" target=\"_blank\" rel=\"noopener\">Wendekiste aus Kunststoff<\/a>,<a href=\"https:\/\/www.plastic-crate.co.uk\/de\/produktkategorie\/euro-crates-boxes-for-sale\/\" target=\"_blank\" rel=\"noopener\">Kunststoffbeh\u00e4lter<\/a><\/div>","protected":false},"featured_media":4239,"template":"","meta":{"_acf_changed":false,"site-sidebar-layout":"default","site-content-layout":"default","ast-main-header-display":"","ast-hfb-above-header-display":"","ast-hfb-below-header-display":"","ast-hfb-mobile-header-display":"","site-post-title":"","ast-breadcrumbs-content":"","ast-featured-img":"","footer-sml-layout":"","theme-transparent-header-meta":"","adv-header-id-meta":"","stick-header-meta":"","header-above-stick-meta":"","header-main-stick-meta":"","header-below-stick-meta":""},"product_brand":[],"product_cat":[76],"product_tag":[27],"class_list":{"0":"post-4731","1":"product","2":"type-product","3":"status-publish","4":"has-post-thumbnail","6":"product_cat-euro-crates-boxes-for-sale","7":"product_tag-plastic-panel-bin","9":"first","10":"instock","11":"product-type-simple"},"acf":[],"yoast_head":"<!-- This site is optimized with the Yoast SEO plugin v26.9 - https:\/\/yoast.com\/product\/yoast-seo-wordpress\/ -->\n<title>stacking containers with lids, bin plastic Wholesale<\/title>\n<meta name=\"description\" content=\"stacking containers with lids, bin plastic Wholesale, high quality sale on storage totes at wholesale prices, OEM &amp; ODM service\" \/>\n<meta name=\"robots\" content=\"index, follow, max-snippet:-1, max-image-preview:large, max-video-preview:-1\" \/>\n<link rel=\"canonical\" href=\"https:\/\/www.plastic-crate.co.uk\/de\/produkt\/stacking-containers-with-lids-pannel-bin\/\" \/>\n<meta property=\"og:locale\" content=\"de_DE\" \/>\n<meta property=\"og:type\" content=\"article\" \/>\n<meta property=\"og:title\" content=\"stacking containers with lids, bin plastic Wholesale\" \/>\n<meta property=\"og:description\" content=\"stacking containers with lids, bin plastic Wholesale, high quality sale on storage totes at wholesale prices, OEM &amp; ODM service\" \/>\n<meta property=\"og:url\" content=\"https:\/\/www.plastic-crate.co.uk\/de\/produkt\/stacking-containers-with-lids-pannel-bin\/\" \/>\n<meta property=\"og:site_name\" content=\"Euro crates Manufacturer\" \/>\n<meta property=\"article:modified_time\" content=\"2021-04-04T17:22:03+00:00\" \/>\n<meta property=\"og:image\" content=\"https:\/\/www.plastic-crate.co.uk\/wp-content\/uploads\/2020\/10\/large-stacking-bins.jpg\" \/>\n\t<meta property=\"og:image:width\" content=\"700\" \/>\n\t<meta property=\"og:image:height\" content=\"700\" \/>\n\t<meta property=\"og:image:type\" content=\"image\/jpeg\" \/>\n<meta name=\"twitter:card\" content=\"summary_large_image\" \/>\n<meta name=\"twitter:title\" content=\"stacking containers with lids, bin plastic Wholesale\" \/>\n<script type=\"application\/ld+json\" class=\"yoast-schema-graph\">{\"@context\":\"https:\/\/schema.org\",\"@graph\":[{\"@type\":\"WebPage\",\"@id\":\"https:\/\/www.plastic-crate.co.uk\/product\/stacking-containers-with-lids-pannel-bin\/\",\"url\":\"https:\/\/www.plastic-crate.co.uk\/product\/stacking-containers-with-lids-pannel-bin\/\",\"name\":\"stacking containers with lids, bin plastic Wholesale\",\"isPartOf\":{\"@id\":\"https:\/\/www.plastic-crate.co.uk\/#website\"},\"primaryImageOfPage\":{\"@id\":\"https:\/\/www.plastic-crate.co.uk\/product\/stacking-containers-with-lids-pannel-bin\/#primaryimage\"},\"image\":{\"@id\":\"https:\/\/www.plastic-crate.co.uk\/product\/stacking-containers-with-lids-pannel-bin\/#primaryimage\"},\"thumbnailUrl\":\"https:\/\/www.plastic-crate.co.uk\/wp-content\/uploads\/2020\/10\/large-stacking-bins.jpg\",\"datePublished\":\"2020-10-12T10:49:31+00:00\",\"dateModified\":\"2021-04-04T17:22:03+00:00\",\"description\":\"stacking containers with lids, bin plastic Wholesale, high quality sale on storage totes at wholesale prices, OEM & ODM service\",\"breadcrumb\":{\"@id\":\"https:\/\/www.plastic-crate.co.uk\/product\/stacking-containers-with-lids-pannel-bin\/#breadcrumb\"},\"inLanguage\":\"de\",\"potentialAction\":[{\"@type\":\"ReadAction\",\"target\":[\"https:\/\/www.plastic-crate.co.uk\/product\/stacking-containers-with-lids-pannel-bin\/\"]}]},{\"@type\":\"ImageObject\",\"inLanguage\":\"de\",\"@id\":\"https:\/\/www.plastic-crate.co.uk\/product\/stacking-containers-with-lids-pannel-bin\/#primaryimage\",\"url\":\"https:\/\/www.plastic-crate.co.uk\/wp-content\/uploads\/2020\/10\/large-stacking-bins.jpg\",\"contentUrl\":\"https:\/\/www.plastic-crate.co.uk\/wp-content\/uploads\/2020\/10\/large-stacking-bins.jpg\",\"width\":700,\"height\":700,\"caption\":\"stacking containers with lids\"},{\"@type\":\"BreadcrumbList\",\"@id\":\"https:\/\/www.plastic-crate.co.uk\/product\/stacking-containers-with-lids-pannel-bin\/#breadcrumb\",\"itemListElement\":[{\"@type\":\"ListItem\",\"position\":1,\"name\":\"Shop\",\"item\":\"https:\/\/www.plastic-crate.co.uk\/shop\/\"},{\"@type\":\"ListItem\",\"position\":2,\"name\":\"stacking containers with lids-pannel bin\"}]},{\"@type\":\"WebSite\",\"@id\":\"https:\/\/www.plastic-crate.co.uk\/#website\",\"url\":\"https:\/\/www.plastic-crate.co.uk\/\",\"name\":\"Euro crates Manufacturer\",\"description\":\"wholesale Euro containers, plastic euro crates with lids, curo boxes without lids\",\"publisher\":{\"@id\":\"https:\/\/www.plastic-crate.co.uk\/#organization\"},\"potentialAction\":[{\"@type\":\"SearchAction\",\"target\":{\"@type\":\"EntryPoint\",\"urlTemplate\":\"https:\/\/www.plastic-crate.co.uk\/?s={search_term_string}\"},\"query-input\":{\"@type\":\"PropertyValueSpecification\",\"valueRequired\":true,\"valueName\":\"search_term_string\"}}],\"inLanguage\":\"de\"},{\"@type\":\"Organization\",\"@id\":\"https:\/\/www.plastic-crate.co.uk\/#organization\",\"name\":\"Euro crates Manufacturer\",\"url\":\"https:\/\/www.plastic-crate.co.uk\/\",\"logo\":{\"@type\":\"ImageObject\",\"inLanguage\":\"de\",\"@id\":\"https:\/\/www.plastic-crate.co.uk\/#\/schema\/logo\/image\/\",\"url\":\"https:\/\/www.plastic-crate.co.uk\/wp-content\/uploads\/2020\/10\/cropped-logo.png\",\"contentUrl\":\"https:\/\/www.plastic-crate.co.uk\/wp-content\/uploads\/2020\/10\/cropped-logo.png\",\"width\":300,\"height\":66,\"caption\":\"Euro crates Manufacturer\"},\"image\":{\"@id\":\"https:\/\/www.plastic-crate.co.uk\/#\/schema\/logo\/image\/\"}}]}<\/script>\n<!-- \/ Yoast SEO plugin. -->","yoast_head_json":{"title":"Stapelbeh\u00e4lter mit Deckel, Beh\u00e4lter Kunststoff Gro\u00dfhandel","description":"Stapelbeh\u00e4lter mit Deckel, Kunststoffbeh\u00e4lter Gro\u00dfhandel, hochwertiger Verkauf von Lagerbeh\u00e4ltern zu Gro\u00dfhandelspreisen, OEM- und ODM-Service","robots":{"index":"index","follow":"follow","max-snippet":"max-snippet:-1","max-image-preview":"max-image-preview:large","max-video-preview":"max-video-preview:-1"},"canonical":"https:\/\/www.plastic-crate.co.uk\/de\/produkt\/stacking-containers-with-lids-pannel-bin\/","og_locale":"de_DE","og_type":"article","og_title":"stacking containers with lids, bin plastic Wholesale","og_description":"stacking containers with lids, bin plastic Wholesale, high quality sale on storage totes at wholesale prices, OEM & ODM service","og_url":"https:\/\/www.plastic-crate.co.uk\/de\/produkt\/stacking-containers-with-lids-pannel-bin\/","og_site_name":"Euro crates Manufacturer","article_modified_time":"2021-04-04T17:22:03+00:00","og_image":[{"width":700,"height":700,"url":"https:\/\/www.plastic-crate.co.uk\/wp-content\/uploads\/2020\/10\/large-stacking-bins.jpg","type":"image\/jpeg"}],"twitter_card":"summary_large_image","twitter_title":"stacking containers with lids, bin plastic Wholesale","schema":{"@context":"https:\/\/schema.org","@graph":[{"@type":"WebPage","@id":"https:\/\/www.plastic-crate.co.uk\/product\/stacking-containers-with-lids-pannel-bin\/","url":"https:\/\/www.plastic-crate.co.uk\/product\/stacking-containers-with-lids-pannel-bin\/","name":"Stapelbeh\u00e4lter mit Deckel, Beh\u00e4lter Kunststoff Gro\u00dfhandel","isPartOf":{"@id":"https:\/\/www.plastic-crate.co.uk\/#website"},"primaryImageOfPage":{"@id":"https:\/\/www.plastic-crate.co.uk\/product\/stacking-containers-with-lids-pannel-bin\/#primaryimage"},"image":{"@id":"https:\/\/www.plastic-crate.co.uk\/product\/stacking-containers-with-lids-pannel-bin\/#primaryimage"},"thumbnailUrl":"https:\/\/www.plastic-crate.co.uk\/wp-content\/uploads\/2020\/10\/large-stacking-bins.jpg","datePublished":"2020-10-12T10:49:31+00:00","dateModified":"2021-04-04T17:22:03+00:00","description":"Stapelbeh\u00e4lter mit Deckel, Kunststoffbeh\u00e4lter Gro\u00dfhandel, hochwertiger Verkauf von Lagerbeh\u00e4ltern zu Gro\u00dfhandelspreisen, OEM- und ODM-Service","breadcrumb":{"@id":"https:\/\/www.plastic-crate.co.uk\/product\/stacking-containers-with-lids-pannel-bin\/#breadcrumb"},"inLanguage":"de","potentialAction":[{"@type":"ReadAction","target":["https:\/\/www.plastic-crate.co.uk\/product\/stacking-containers-with-lids-pannel-bin\/"]}]},{"@type":"ImageObject","inLanguage":"de","@id":"https:\/\/www.plastic-crate.co.uk\/product\/stacking-containers-with-lids-pannel-bin\/#primaryimage","url":"https:\/\/www.plastic-crate.co.uk\/wp-content\/uploads\/2020\/10\/large-stacking-bins.jpg","contentUrl":"https:\/\/www.plastic-crate.co.uk\/wp-content\/uploads\/2020\/10\/large-stacking-bins.jpg","width":700,"height":700,"caption":"stacking containers with lids"},{"@type":"BreadcrumbList","@id":"https:\/\/www.plastic-crate.co.uk\/product\/stacking-containers-with-lids-pannel-bin\/#breadcrumb","itemListElement":[{"@type":"ListItem","position":1,"name":"Shop","item":"https:\/\/www.plastic-crate.co.uk\/shop\/"},{"@type":"ListItem","position":2,"name":"stacking containers with lids-pannel bin"}]},{"@type":"WebSite","@id":"https:\/\/www.plastic-crate.co.uk\/#website","url":"https:\/\/www.plastic-crate.co.uk\/","name":"Eurokisten Hersteller","description":"Eurobeh\u00e4lter im Gro\u00dfhandel, Eurokisten aus Kunststoff mit Deckel, Curo-Boxen ohne Deckel","publisher":{"@id":"https:\/\/www.plastic-crate.co.uk\/#organization"},"potentialAction":[{"@type":"SearchAction","target":{"@type":"EntryPoint","urlTemplate":"https:\/\/www.plastic-crate.co.uk\/?s={search_term_string}"},"query-input":{"@type":"PropertyValueSpecification","valueRequired":true,"valueName":"search_term_string"}}],"inLanguage":"de"},{"@type":"Organization","@id":"https:\/\/www.plastic-crate.co.uk\/#organization","name":"Eurokisten Hersteller","url":"https:\/\/www.plastic-crate.co.uk\/","logo":{"@type":"ImageObject","inLanguage":"de","@id":"https:\/\/www.plastic-crate.co.uk\/#\/schema\/logo\/image\/","url":"https:\/\/www.plastic-crate.co.uk\/wp-content\/uploads\/2020\/10\/cropped-logo.png","contentUrl":"https:\/\/www.plastic-crate.co.uk\/wp-content\/uploads\/2020\/10\/cropped-logo.png","width":300,"height":66,"caption":"Euro crates Manufacturer"},"image":{"@id":"https:\/\/www.plastic-crate.co.uk\/#\/schema\/logo\/image\/"}}]}},"_links":{"self":[{"href":"https:\/\/www.plastic-crate.co.uk\/de\/wp-json\/wp\/v2\/product\/4731","targetHints":{"allow":["GET"]}}],"collection":[{"href":"https:\/\/www.plastic-crate.co.uk\/de\/wp-json\/wp\/v2\/product"}],"about":[{"href":"https:\/\/www.plastic-crate.co.uk\/de\/wp-json\/wp\/v2\/types\/product"}],"wp:featuredmedia":[{"embeddable":true,"href":"https:\/\/www.plastic-crate.co.uk\/de\/wp-json\/wp\/v2\/media\/4239"}],"wp:attachment":[{"href":"https:\/\/www.plastic-crate.co.uk\/de\/wp-json\/wp\/v2\/media?parent=4731"}],"wp:term":[{"taxonomy":"product_brand","embeddable":true,"href":"https:\/\/www.plastic-crate.co.uk\/de\/wp-json\/wp\/v2\/product_brand?post=4731"},{"taxonomy":"product_cat","embeddable":true,"href":"https:\/\/www.plastic-crate.co.uk\/de\/wp-json\/wp\/v2\/product_cat?post=4731"},{"taxonomy":"product_tag","embeddable":true,"href":"https:\/\/www.plastic-crate.co.uk\/de\/wp-json\/wp\/v2\/product_tag?post=4731"}],"curies":[{"name":"wp","href":"https:\/\/api.w.org\/{rel}","templated":true}]}}