{"id":4716,"date":"2019-12-02T18:13:42","date_gmt":"2019-12-02T18:13:42","guid":{"rendered":"https:\/\/www.plastic-crate.co.uk\/product\/euro-crate-600-x-400-heavy-duty-st-d\/"},"modified":"2021-04-11T12:13:14","modified_gmt":"2021-04-11T12:13:14","slug":"euro-crate-600-x-400-heavy-duty-st-d","status":"publish","type":"product","link":"https:\/\/www.plastic-crate.co.uk\/de\/produkt\/euro-crate-600-x-400-heavy-duty-st-d\/","title":{"rendered":"Eurokiste 600 x 400 Schwerlast-ST-D"},"content":{"rendered":"","protected":false},"excerpt":{"rendered":"<div><a href=\"https:\/\/www.plastic-crate.co.uk\/de\/\" target=\"_blank\" rel=\"noopener\">Kisten- und Palettengro\u00dfhandel<\/a>,<a href=\"https:\/\/www.plastic-crate.co.uk\/de\/produktkategorie\/euro-crates-boxes-for-sale\/\" target=\"_blank\" rel=\"noopener\">stapelbare Lagerkisten<\/a>,<a href=\"https:\/\/www.plastic-crate.co.uk\/de\/produktkategorie\/plastic-pallet-boxes\/\" target=\"_blank\" rel=\"noopener\">Kunststoff-Boxpaletten zu verkaufen<\/a>,<a href=\"https:\/\/www.plastic-crate.co.uk\/de\/produktkategorie\/folding-crate\/\" target=\"_blank\" rel=\"noopener\">zusammenklappbare Kiste mit Deckel<\/a><\/div>","protected":false},"featured_media":4227,"template":"","meta":{"_acf_changed":false,"site-sidebar-layout":"default","site-content-layout":"default","ast-main-header-display":"","ast-hfb-above-header-display":"","ast-hfb-below-header-display":"","ast-hfb-mobile-header-display":"","site-post-title":"","ast-breadcrumbs-content":"","ast-featured-img":"","footer-sml-layout":"","theme-transparent-header-meta":"default","adv-header-id-meta":"","stick-header-meta":"","header-above-stick-meta":"","header-main-stick-meta":"","header-below-stick-meta":""},"product_brand":[],"product_cat":[76],"product_tag":[79,24,22],"class_list":{"0":"post-4716","1":"product","2":"type-product","3":"status-publish","4":"has-post-thumbnail","6":"product_cat-euro-crates-boxes-for-sale","7":"product_tag-euro-containers-600x400","8":"product_tag-stackable-bin","9":"product_tag-stacking-crate","11":"first","12":"instock","13":"product-type-simple"},"acf":[],"yoast_head":"<!-- This site is optimized with the Yoast SEO plugin v26.9 - https:\/\/yoast.com\/product\/yoast-seo-wordpress\/ -->\n<title>euro crate 600 x 400 heavy duty Wholesale, euro storage boxes supplier<\/title>\n<meta name=\"description\" content=\"euro crate 600 x 400 heavy duty Wholesale, euro storage boxes supplier, high quality industrial straight wall bins at wholesale prices, OEM &amp; ODM service\" \/>\n<meta name=\"robots\" content=\"index, follow, max-snippet:-1, max-image-preview:large, max-video-preview:-1\" \/>\n<link rel=\"canonical\" href=\"https:\/\/www.plastic-crate.co.uk\/de\/produkt\/euro-crate-600-x-400-heavy-duty-st-d\/\" \/>\n<meta property=\"og:locale\" content=\"de_DE\" \/>\n<meta property=\"og:type\" content=\"article\" \/>\n<meta property=\"og:title\" content=\"euro crate 600 x 400 heavy duty Wholesale, euro storage boxes supplier\" \/>\n<meta property=\"og:description\" content=\"euro crate 600 x 400 heavy duty Wholesale, euro storage boxes supplier, high quality industrial straight wall bins at wholesale prices, OEM &amp; ODM service\" \/>\n<meta property=\"og:url\" content=\"https:\/\/www.plastic-crate.co.uk\/de\/produkt\/euro-crate-600-x-400-heavy-duty-st-d\/\" \/>\n<meta property=\"og:site_name\" content=\"Euro crates Manufacturer\" \/>\n<meta property=\"article:modified_time\" content=\"2021-04-11T12:13:14+00:00\" \/>\n<meta property=\"og:image\" content=\"https:\/\/www.plastic-crate.co.uk\/wp-content\/uploads\/2020\/10\/small-stackable-storage-containers.jpg\" \/>\n\t<meta property=\"og:image:width\" content=\"700\" \/>\n\t<meta property=\"og:image:height\" content=\"700\" \/>\n\t<meta property=\"og:image:type\" content=\"image\/jpeg\" \/>\n<meta name=\"twitter:card\" content=\"summary_large_image\" \/>\n<meta name=\"twitter:title\" content=\"euro crate 600 x 400 heavy duty Wholesale, euro storage boxes supplier\" \/>\n<script type=\"application\/ld+json\" class=\"yoast-schema-graph\">{\"@context\":\"https:\/\/schema.org\",\"@graph\":[{\"@type\":\"WebPage\",\"@id\":\"https:\/\/www.plastic-crate.co.uk\/product\/euro-crate-600-x-400-heavy-duty-st-d\/\",\"url\":\"https:\/\/www.plastic-crate.co.uk\/product\/euro-crate-600-x-400-heavy-duty-st-d\/\",\"name\":\"euro crate 600 x 400 heavy duty Wholesale, euro storage boxes supplier\",\"isPartOf\":{\"@id\":\"https:\/\/www.plastic-crate.co.uk\/#website\"},\"primaryImageOfPage\":{\"@id\":\"https:\/\/www.plastic-crate.co.uk\/product\/euro-crate-600-x-400-heavy-duty-st-d\/#primaryimage\"},\"image\":{\"@id\":\"https:\/\/www.plastic-crate.co.uk\/product\/euro-crate-600-x-400-heavy-duty-st-d\/#primaryimage\"},\"thumbnailUrl\":\"https:\/\/www.plastic-crate.co.uk\/wp-content\/uploads\/2020\/10\/small-stackable-storage-containers.jpg\",\"datePublished\":\"2019-12-02T18:13:42+00:00\",\"dateModified\":\"2021-04-11T12:13:14+00:00\",\"description\":\"euro crate 600 x 400 heavy duty Wholesale, euro storage boxes supplier, high quality industrial straight wall bins at wholesale prices, OEM & ODM service\",\"breadcrumb\":{\"@id\":\"https:\/\/www.plastic-crate.co.uk\/product\/euro-crate-600-x-400-heavy-duty-st-d\/#breadcrumb\"},\"inLanguage\":\"de\",\"potentialAction\":[{\"@type\":\"ReadAction\",\"target\":[\"https:\/\/www.plastic-crate.co.uk\/product\/euro-crate-600-x-400-heavy-duty-st-d\/\"]}]},{\"@type\":\"ImageObject\",\"inLanguage\":\"de\",\"@id\":\"https:\/\/www.plastic-crate.co.uk\/product\/euro-crate-600-x-400-heavy-duty-st-d\/#primaryimage\",\"url\":\"https:\/\/www.plastic-crate.co.uk\/wp-content\/uploads\/2020\/10\/small-stackable-storage-containers.jpg\",\"contentUrl\":\"https:\/\/www.plastic-crate.co.uk\/wp-content\/uploads\/2020\/10\/small-stackable-storage-containers.jpg\",\"width\":700,\"height\":700,\"caption\":\"euro crate 600 x 400 heavy duty\"},{\"@type\":\"BreadcrumbList\",\"@id\":\"https:\/\/www.plastic-crate.co.uk\/product\/euro-crate-600-x-400-heavy-duty-st-d\/#breadcrumb\",\"itemListElement\":[{\"@type\":\"ListItem\",\"position\":1,\"name\":\"Shop\",\"item\":\"https:\/\/www.plastic-crate.co.uk\/shop\/\"},{\"@type\":\"ListItem\",\"position\":2,\"name\":\"euro crate 600 x 400 heavy duty-ST-D\"}]},{\"@type\":\"WebSite\",\"@id\":\"https:\/\/www.plastic-crate.co.uk\/#website\",\"url\":\"https:\/\/www.plastic-crate.co.uk\/\",\"name\":\"Euro crates Manufacturer\",\"description\":\"wholesale Euro containers, plastic euro crates with lids, curo boxes without lids\",\"publisher\":{\"@id\":\"https:\/\/www.plastic-crate.co.uk\/#organization\"},\"potentialAction\":[{\"@type\":\"SearchAction\",\"target\":{\"@type\":\"EntryPoint\",\"urlTemplate\":\"https:\/\/www.plastic-crate.co.uk\/?s={search_term_string}\"},\"query-input\":{\"@type\":\"PropertyValueSpecification\",\"valueRequired\":true,\"valueName\":\"search_term_string\"}}],\"inLanguage\":\"de\"},{\"@type\":\"Organization\",\"@id\":\"https:\/\/www.plastic-crate.co.uk\/#organization\",\"name\":\"Euro crates Manufacturer\",\"url\":\"https:\/\/www.plastic-crate.co.uk\/\",\"logo\":{\"@type\":\"ImageObject\",\"inLanguage\":\"de\",\"@id\":\"https:\/\/www.plastic-crate.co.uk\/#\/schema\/logo\/image\/\",\"url\":\"https:\/\/www.plastic-crate.co.uk\/wp-content\/uploads\/2020\/10\/cropped-logo.png\",\"contentUrl\":\"https:\/\/www.plastic-crate.co.uk\/wp-content\/uploads\/2020\/10\/cropped-logo.png\",\"width\":300,\"height\":66,\"caption\":\"Euro crates Manufacturer\"},\"image\":{\"@id\":\"https:\/\/www.plastic-crate.co.uk\/#\/schema\/logo\/image\/\"}}]}<\/script>\n<!-- \/ Yoast SEO plugin. -->","yoast_head_json":{"title":"Eurokiste 600 x 400, Schwerlast, Gro\u00dfhandel, Lieferant von Euro-Aufbewahrungsboxen","description":"Euro-Kiste 600 x 400, Schwerlast, Gro\u00dfhandel, Lieferant von Euro-Aufbewahrungsboxen, hochwertige industrielle Beh\u00e4lter mit geraden W\u00e4nden zu Gro\u00dfhandelspreisen, OEM- und ODM-Service","robots":{"index":"index","follow":"follow","max-snippet":"max-snippet:-1","max-image-preview":"max-image-preview:large","max-video-preview":"max-video-preview:-1"},"canonical":"https:\/\/www.plastic-crate.co.uk\/de\/produkt\/euro-crate-600-x-400-heavy-duty-st-d\/","og_locale":"de_DE","og_type":"article","og_title":"euro crate 600 x 400 heavy duty Wholesale, euro storage boxes supplier","og_description":"euro crate 600 x 400 heavy duty Wholesale, euro storage boxes supplier, high quality industrial straight wall bins at wholesale prices, OEM & ODM service","og_url":"https:\/\/www.plastic-crate.co.uk\/de\/produkt\/euro-crate-600-x-400-heavy-duty-st-d\/","og_site_name":"Euro crates Manufacturer","article_modified_time":"2021-04-11T12:13:14+00:00","og_image":[{"width":700,"height":700,"url":"https:\/\/www.plastic-crate.co.uk\/wp-content\/uploads\/2020\/10\/small-stackable-storage-containers.jpg","type":"image\/jpeg"}],"twitter_card":"summary_large_image","twitter_title":"euro crate 600 x 400 heavy duty Wholesale, euro storage boxes supplier","schema":{"@context":"https:\/\/schema.org","@graph":[{"@type":"WebPage","@id":"https:\/\/www.plastic-crate.co.uk\/product\/euro-crate-600-x-400-heavy-duty-st-d\/","url":"https:\/\/www.plastic-crate.co.uk\/product\/euro-crate-600-x-400-heavy-duty-st-d\/","name":"Eurokiste 600 x 400, Schwerlast, Gro\u00dfhandel, Lieferant von Euro-Aufbewahrungsboxen","isPartOf":{"@id":"https:\/\/www.plastic-crate.co.uk\/#website"},"primaryImageOfPage":{"@id":"https:\/\/www.plastic-crate.co.uk\/product\/euro-crate-600-x-400-heavy-duty-st-d\/#primaryimage"},"image":{"@id":"https:\/\/www.plastic-crate.co.uk\/product\/euro-crate-600-x-400-heavy-duty-st-d\/#primaryimage"},"thumbnailUrl":"https:\/\/www.plastic-crate.co.uk\/wp-content\/uploads\/2020\/10\/small-stackable-storage-containers.jpg","datePublished":"2019-12-02T18:13:42+00:00","dateModified":"2021-04-11T12:13:14+00:00","description":"Euro-Kiste 600 x 400, Schwerlast, Gro\u00dfhandel, Lieferant von Euro-Aufbewahrungsboxen, hochwertige industrielle Beh\u00e4lter mit geraden W\u00e4nden zu Gro\u00dfhandelspreisen, OEM- und ODM-Service","breadcrumb":{"@id":"https:\/\/www.plastic-crate.co.uk\/product\/euro-crate-600-x-400-heavy-duty-st-d\/#breadcrumb"},"inLanguage":"de","potentialAction":[{"@type":"ReadAction","target":["https:\/\/www.plastic-crate.co.uk\/product\/euro-crate-600-x-400-heavy-duty-st-d\/"]}]},{"@type":"ImageObject","inLanguage":"de","@id":"https:\/\/www.plastic-crate.co.uk\/product\/euro-crate-600-x-400-heavy-duty-st-d\/#primaryimage","url":"https:\/\/www.plastic-crate.co.uk\/wp-content\/uploads\/2020\/10\/small-stackable-storage-containers.jpg","contentUrl":"https:\/\/www.plastic-crate.co.uk\/wp-content\/uploads\/2020\/10\/small-stackable-storage-containers.jpg","width":700,"height":700,"caption":"euro crate 600 x 400 heavy duty"},{"@type":"BreadcrumbList","@id":"https:\/\/www.plastic-crate.co.uk\/product\/euro-crate-600-x-400-heavy-duty-st-d\/#breadcrumb","itemListElement":[{"@type":"ListItem","position":1,"name":"Shop","item":"https:\/\/www.plastic-crate.co.uk\/shop\/"},{"@type":"ListItem","position":2,"name":"euro crate 600 x 400 heavy duty-ST-D"}]},{"@type":"WebSite","@id":"https:\/\/www.plastic-crate.co.uk\/#website","url":"https:\/\/www.plastic-crate.co.uk\/","name":"Eurokisten Hersteller","description":"Eurobeh\u00e4lter im Gro\u00dfhandel, Eurokisten aus Kunststoff mit Deckel, Curo-Boxen ohne Deckel","publisher":{"@id":"https:\/\/www.plastic-crate.co.uk\/#organization"},"potentialAction":[{"@type":"SearchAction","target":{"@type":"EntryPoint","urlTemplate":"https:\/\/www.plastic-crate.co.uk\/?s={search_term_string}"},"query-input":{"@type":"PropertyValueSpecification","valueRequired":true,"valueName":"search_term_string"}}],"inLanguage":"de"},{"@type":"Organization","@id":"https:\/\/www.plastic-crate.co.uk\/#organization","name":"Eurokisten Hersteller","url":"https:\/\/www.plastic-crate.co.uk\/","logo":{"@type":"ImageObject","inLanguage":"de","@id":"https:\/\/www.plastic-crate.co.uk\/#\/schema\/logo\/image\/","url":"https:\/\/www.plastic-crate.co.uk\/wp-content\/uploads\/2020\/10\/cropped-logo.png","contentUrl":"https:\/\/www.plastic-crate.co.uk\/wp-content\/uploads\/2020\/10\/cropped-logo.png","width":300,"height":66,"caption":"Euro crates Manufacturer"},"image":{"@id":"https:\/\/www.plastic-crate.co.uk\/#\/schema\/logo\/image\/"}}]}},"_links":{"self":[{"href":"https:\/\/www.plastic-crate.co.uk\/de\/wp-json\/wp\/v2\/product\/4716","targetHints":{"allow":["GET"]}}],"collection":[{"href":"https:\/\/www.plastic-crate.co.uk\/de\/wp-json\/wp\/v2\/product"}],"about":[{"href":"https:\/\/www.plastic-crate.co.uk\/de\/wp-json\/wp\/v2\/types\/product"}],"wp:featuredmedia":[{"embeddable":true,"href":"https:\/\/www.plastic-crate.co.uk\/de\/wp-json\/wp\/v2\/media\/4227"}],"wp:attachment":[{"href":"https:\/\/www.plastic-crate.co.uk\/de\/wp-json\/wp\/v2\/media?parent=4716"}],"wp:term":[{"taxonomy":"product_brand","embeddable":true,"href":"https:\/\/www.plastic-crate.co.uk\/de\/wp-json\/wp\/v2\/product_brand?post=4716"},{"taxonomy":"product_cat","embeddable":true,"href":"https:\/\/www.plastic-crate.co.uk\/de\/wp-json\/wp\/v2\/product_cat?post=4716"},{"taxonomy":"product_tag","embeddable":true,"href":"https:\/\/www.plastic-crate.co.uk\/de\/wp-json\/wp\/v2\/product_tag?post=4716"}],"curies":[{"name":"wp","href":"https:\/\/api.w.org\/{rel}","templated":true}]}}