{"id":5893,"date":"2022-03-16T07:53:11","date_gmt":"2022-03-16T07:53:11","guid":{"rendered":"https:\/\/www.plastic-crate.co.uk\/?page_id=5893"},"modified":"2022-03-16T08:18:21","modified_gmt":"2022-03-16T08:18:21","slug":"about-us","status":"publish","type":"page","link":"https:\/\/www.plastic-crate.co.uk\/de\/about-us\/","title":{"rendered":"\u00dcber uns"},"content":{"rendered":"<section class=\"section bg-white bg-opacity-50\">\n\t<div class=\"row g-0\">\n\t\t<div class=\"col-sm-5\">\n\t\t\t<div class=\"overflow-hidden\">\n\t\t\t\t<img decoding=\"async\" class=\"img-fluid\" src=\"https:\/\/www.plastic-crate.co.uk\/wp-content\/uploads\/2022\/03\/euro-storage-crate-manufacture-factory.jpg\" alt=\"Euro-Lagerkistenfabrik\">\n\t\t\t<\/div>\n\t\t<\/div>\n\t\t<div class=\"col-sm-7\">\n\t\t\t<div class=\"p-3\">\n\t\t\t\t<h2 class=\"py-3\">\u00dcBER JOINPLASTIC<\/h2>\n\t\t\t\t<p>JOINPLASTIC ist der f\u00fchrende Lieferant und Hersteller von Kunststoffprodukten in China. Zu unseren Produkten geh\u00f6ren Euro-Container, Ifco-Faltkisten, Kunststoff-Rollwagen, Kunststoff-Teilebeh\u00e4lter, Kunststoffpaletten usw.<\/p>\n\t\t\t\t<p>JOINPLASTIC ist zudem umweltbewusst und alle unsere Kunststoff-Lagerl\u00f6sungen sind vollst\u00e4ndig recycelbar. Unsere hochwertigen Kunststoff-Lagerboxen eignen sich ideal f\u00fcr den industriellen und privaten Gebrauch. Ob Sie gro\u00dfe Kunststoffbeh\u00e4lter f\u00fcr die gewerbliche Lagerung von Sch\u00fcttg\u00fctern, stapelbare Kunststoffbeh\u00e4lter zur Maximierung des Lagerraums und gleichzeitigen Platzersparnis bei Nichtgebrauch, die Lagerung von Kleinteilen oder Kunststoffpaletten und Rollwagen f\u00fcr den einfachen Transport ben\u00f6tigen \u2013 JOINPLASTIC hilft Ihnen. <\/p>\n\t\t\t<\/div>\n\t\t<\/div>\n\t<\/div>\n<\/section>\n\n\n\n<section class=\"section py-5 bg-dark bg-opacity-50\">\n\t<h2 class=\"text-center text-white py-3\">Teamaktivit\u00e4ten<\/h2>\n\t<div class=\"container-fluid\">\n\t\t<div class=\"row g-2\">\n\t\t\t<div class=\"col-6 col-sm-4 col-md-3\">\n\t\t\t\t<div class=\"overflow-hidden\">\n\t\t\t\t\t<img decoding=\"async\" src=\"https:\/\/www.plastic-crate.co.uk\/wp-content\/uploads\/2020\/02\/15748413401621.jpg\" class=\"img-fluid hover:scale-110 transition-all\" alt=\"...\">\n\t\t\t\t<\/div>\n\t\t\t<\/div>\n\t\t\t<div class=\"col-6 col-sm-4 col-md-3\">\n\t\t\t\t<div class=\"overflow-hidden\">\n\t\t\t\t\t<img decoding=\"async\" src=\"https:\/\/www.plastic-crate.co.uk\/wp-content\/uploads\/2020\/02\/15748413446546.jpg\" class=\"img-fluid hover:scale-110 transition-all\" alt=\"...\">\n\t\t\t\t<\/div>\n\t\t\t<\/div>\n\t\t\t<div class=\"col-6 col-sm-4 col-md-3\">\n\t\t\t\t<div class=\"overflow-hidden\">\n\t\t\t\t\t<img decoding=\"async\" src=\"https:\/\/www.plastic-crate.co.uk\/wp-content\/uploads\/2020\/02\/15748413464012.jpg\" class=\"img-fluid hover:scale-110 transition-all\" alt=\"...\">\n\t\t\t\t<\/div>\n\t\t\t<\/div>\n\t\t\t<div class=\"col-6 col-sm-4 col-md-3\">\n\t\t\t\t<div class=\"overflow-hidden\">\n\t\t\t\t\t<img decoding=\"async\" src=\"https:\/\/www.plastic-crate.co.uk\/wp-content\/uploads\/2020\/02\/15748413475048.jpg\" class=\"img-fluid hover:scale-110 transition-all\" alt=\"...\">\n\t\t\t\t<\/div>\n\t\t\t<\/div>\n\t\t\t<div class=\"col-6 col-sm-4 col-md-3\">\n\t\t\t\t<div class=\"overflow-hidden\">\n\t\t\t\t\t<img decoding=\"async\" src=\"https:\/\/www.plastic-crate.co.uk\/wp-content\/uploads\/2020\/02\/15748413487109.jpg\" class=\"img-fluid hover:scale-110 transition-all\" alt=\"...\">\n\t\t\t\t<\/div>\n\t\t\t<\/div>\n\t\t\t<div class=\"col-6 col-sm-4 col-md-3\">\n\t\t\t\t<div class=\"overflow-hidden\">\n\t\t\t\t\t<img decoding=\"async\" src=\"https:\/\/www.plastic-crate.co.uk\/wp-content\/uploads\/2020\/02\/15748414674798.jpg\" class=\"img-fluid hover:scale-110 transition-all\" alt=\"...\">\n\t\t\t\t<\/div>\n\t\t\t<\/div>\n\t\t\t<div class=\"col-6 col-sm-4 col-md-3\">\n\t\t\t\t<div class=\"overflow-hidden\">\n\t\t\t\t\t<img decoding=\"async\" src=\"https:\/\/www.plastic-crate.co.uk\/wp-content\/uploads\/2020\/02\/15748414685651.jpg\" class=\"img-fluid hover:scale-110 transition-all\" alt=\"...\">\n\t\t\t\t<\/div>\n\t\t\t<\/div>\n\t\t\t<div class=\"col-6 col-sm-4 col-md-3\">\n\t\t\t\t<div class=\"overflow-hidden\">\n\t\t\t\t\t<img decoding=\"async\" src=\"https:\/\/www.plastic-crate.co.uk\/wp-content\/uploads\/2020\/02\/15748414685981.jpg\" class=\"img-fluid hover:scale-110 transition-all\" alt=\"...\">\n\t\t\t\t<\/div>\n\t\t\t<\/div>\n\t\t<\/div>\n\n\t<\/div>\n<\/section>\n\n\n\n<section class=\"section py-5 bg-white\">\n\t<h2 class=\"text-center py-3\">Kundenbesuch<\/h2>\n\t<div class=\"container-fluid\">\n\t\t<div class=\"row g-2\">\n\t\t\t<div class=\"col-6 col-sm-4 col-md-3\">\n\t\t\t\t<div class=\"overflow-hidden\">\n\t\t\t\t\t<img decoding=\"async\" src=\"https:\/\/www.plastic-crate.co.uk\/wp-content\/uploads\/2020\/02\/15724291611598-2.jpg\" class=\"img-fluid hover:scale-110 transition-all\" alt=\"...\">\n\t\t\t\t<\/div>\n\t\t\t<\/div>\n\t\t\t<div class=\"col-6 col-sm-4 col-md-3\">\n\t\t\t\t<div class=\"overflow-hidden\">\n\t\t\t\t\t<img decoding=\"async\" src=\"https:\/\/www.plastic-crate.co.uk\/wp-content\/uploads\/2020\/02\/15724291614587-1.jpg\" class=\"img-fluid hover:scale-110 transition-all\" alt=\"...\">\n\t\t\t\t<\/div>\n\t\t\t<\/div>\n\t\t\t<div class=\"col-6 col-sm-4 col-md-3\">\n\t\t\t\t<div class=\"overflow-hidden\">\n\t\t\t\t\t<img decoding=\"async\" src=\"https:\/\/www.plastic-crate.co.uk\/wp-content\/uploads\/2020\/02\/15724291622820.jpg\" class=\"img-fluid hover:scale-110 transition-all\" alt=\"...\">\n\t\t\t\t<\/div>\n\t\t\t<\/div>\n\t\t\t<div class=\"col-6 col-sm-4 col-md-3\">\n\t\t\t\t<div class=\"overflow-hidden\">\n\t\t\t\t\t<img decoding=\"async\" src=\"https:\/\/www.plastic-crate.co.uk\/wp-content\/uploads\/2020\/02\/15724291625612.jpg\" class=\"img-fluid hover:scale-110 transition-all\" alt=\"...\">\n\t\t\t\t<\/div>\n\t\t\t<\/div>\n\t\t\t<div class=\"col-6 col-sm-4 col-md-3\">\n\t\t\t\t<div class=\"overflow-hidden\">\n\t\t\t\t\t<img decoding=\"async\" src=\"https:\/\/www.plastic-crate.co.uk\/wp-content\/uploads\/2020\/02\/15724291627807.jpg\" class=\"img-fluid hover:scale-110 transition-all\" alt=\"...\">\n\t\t\t\t<\/div>\n\t\t\t<\/div>\n\t\t\t<div class=\"col-6 col-sm-4 col-md-3\">\n\t\t\t\t<div class=\"overflow-hidden\">\n\t\t\t\t\t<img decoding=\"async\" src=\"https:\/\/www.plastic-crate.co.uk\/wp-content\/uploads\/2020\/02\/15724291631629-1.jpg\" class=\"img-fluid hover:scale-110 transition-all\" alt=\"...\">\n\t\t\t\t<\/div>\n\t\t\t<\/div>\n\t\t\t<div class=\"col-6 col-sm-4 col-md-3\">\n\t\t\t\t<div class=\"overflow-hidden\">\n\t\t\t\t\t<img decoding=\"async\" src=\"https:\/\/www.plastic-crate.co.uk\/wp-content\/uploads\/2020\/02\/15738118516916.jpg\" class=\"img-fluid hover:scale-110 transition-all\" alt=\"...\">\n\t\t\t\t<\/div>\n\t\t\t<\/div>\n\t\t\t<div class=\"col-6 col-sm-4 col-md-3\">\n\t\t\t\t<div class=\"overflow-hidden\">\n\t\t\t\t\t<img decoding=\"async\" src=\"https:\/\/www.plastic-crate.co.uk\/wp-content\/uploads\/2020\/02\/15762317275096.jpg\" class=\"img-fluid hover:scale-110 transition-all\" alt=\"...\">\n\t\t\t\t<\/div>\n\t\t\t<\/div>\n\t\t<\/div>\n\t<\/div>\n<\/section>\n\n\n\n<section id=\"faq\" class=\"faq section-bg bg-slate-100 p-3 sm:p-5\">\n\t<div class=\"container aos-init aos-animate\" data-aos=\"fade-up\">\n\t\t<div class=\"section-title text-center mx-auto mb-2\">\n\t\t\t<h2 class=\"uppercase font-bold py-10\">FAQS<\/h2>\n\t\t\t<p class=\"font-light\">Nachfolgend finden Sie die h\u00e4ufig gestellten Fragen. Wenn Sie weitere Fragen haben, k\u00f6nnen Sie sich gerne an uns wenden.<\/p>\n\t\t\t<a href=\"\/de\/contact-us\/\" class=\"btn btn-danger text-center\">\n\t\t\t\tKontaktieren Sie uns\n\t\t\t<\/a>\n\t\t<\/div>\n\t\t<div class=\"faq-list\">\n\t\t\t<ul class=\"pl-0 list-none\">\n\t\t\t\t<li data-aos=\"fade-up\" data-aos-delay=\"100\" class=\"aos-init aos-animate\">\n\t\t\t\t\t<i class=\"fa fa-question-circle-o\" aria-hidden=\"true\"><\/i>\n\t\t\t\t\t<a data-bs-toggle=\"collapse\" class=\"\" href=\"#faqList1\" aria-expanded=\"true\" aria-controls=\"faqList1\">SIND SIE EINE FABRIK? IST KUNDENDIENST VERF\u00dcGBAR?\n\t\t\t\t\t\t<i class=\"fa fa-angle-down icon-show\"><\/i><i class=\"fa fa-angle-up icon-close\"><\/i>\n\t\t\t\t\t<\/a>\n\t\t\t\t\t<div id=\"faqList1\" class=\"collapse show\">\n\t\t\t\t\t\t<p class=\"collapse-content\">\n\t\t\t\t\t\t\tJa, wir sind eine vom T\u00dcV authentifizierte Fabrik mit Sitz in Shanghai, China.\n\t\t\t\t\t\t<\/p>\n\t\t\t\t\t<\/div>\n\t\t\t\t<\/li>\n\n\t\t\t\t<li data-aos=\"fade-up\" data-aos-delay=\"200\" class=\"aos-init aos-animate\">\n\t\t\t\t\t<i class=\"fa fa-question-circle-o\"><\/i>\n\t\t\t\t\t<a data-bs-toggle=\"collapse\" href=\"#faqList2\" class=\"collapsed\" aria-expanded=\"false\" aria-controls=\"faqList2\">\n\t\t\t\t\t\tWAS IST IHRE MOQ F\u00dcR GROSSBESTELLUNGEN?\n\t\t\t\t\t\t<i class=\"fa fa-angle-down icon-show\"><\/i><i class=\"fa fa-angle-up icon-close\"><\/i>\n\t\t\t\t\t<\/a>\n\t\t\t\t\t<div id=\"faqList2\" class=\"collapse\">\n\t\t\t\t\t\t<p class=\"collapse-content\">\n\t\t\t\t\t\t\tNormalerweise beginnen wir bei 300 St\u00fcck.\n\t\t\t\t\t\t<\/p>\n\t\t\t\t\t<\/div>\n\t\t\t\t<\/li>\n\n\t\t\t\t<li data-aos=\"fade-up\" data-aos-delay=\"300\" class=\"aos-init aos-animate\">\n\t\t\t\t\t<i class=\"fa fa-question-circle-o\" aria-hidden=\"true\"><\/i>\n\t\t\t\t\t<a data-bs-toggle=\"collapse\" href=\"#faqList3\" class=\"collapsed\" aria-expanded=\"false\" aria-controls=\"faqList3\">\n\t\t\t\t\t\tUNTERST\u00dcTZEN SIE LOGO-BRANDING?\n\t\t\t\t\t\t<i class=\"fa fa-angle-down icon-show\"><\/i><i class=\"fa fa-angle-up icon-close\"><\/i>\n\t\t\t\t\t<\/a>\n\t\t\t\t\t<div id=\"faqList3\" class=\"collapse\">\n\t\t\t\t\t\t<p class=\"collapse-content\">\n\t\t\t\t\t\tJa, wir unterst\u00fctzen OEM- und ODM-Service.\n\t\t\t\t\t\t<\/p>\n\t\t\t\t\t<\/div>\n\t\t\t\t<\/li>\n\n\t\t\t\t<li data-aos=\"fade-up\" data-aos-delay=\"400\" class=\"aos-init aos-animate\">\n\t\t\t\t\t<i class=\"fa fa-question-circle-o\" aria-hidden=\"true\"><\/i>\n\t\t\t\t\t<a data-bs-toggle=\"collapse\" href=\"#faqList4\" class=\"collapsed\" aria-expanded=\"false\" aria-controls=\"faqList4\">\n\t\t\t\t\t\tKANN ICH ZUR QUALIT\u00c4TSPR\u00dcFUNG EIN MUSTER BESTELLEN?\n\t\t\t\t\t\t<i class=\"fa fa-angle-down icon-show\"><\/i><i class=\"fa fa-angle-up icon-close\"><\/i>\n\t\t\t\t\t<\/a>\n\t\t\t\t\t<div id=\"faqList4\" class=\"collapse\">\n\t\t\t\t\t\t<p class=\"collapse-content\">\n\t\t\t\t\t\tJa, die Probe ist kostenlos, aber Sie tragen die Versandkosten.\n\t\t\t\t\t\t<\/p>\n\t\t\t\t\t<\/div>\n\t\t\t\t<\/li>\n\n\t\t\t\t<li data-aos=\"fade-up\" data-aos-delay=\"500\" class=\"aos-init aos-animate\">\n\t\t\t\t\t<i class=\"fa fa-question-circle-o\" aria-hidden=\"true\"><\/i>\n\t\t\t\t\t<a data-bs-toggle=\"collapse\" href=\"#faqList5\" class=\"collapsed\" aria-expanded=\"false\" aria-controls=\"faqList5\">\n\t\t\t\t\t\tWAS SIND IHRE NORMALFARBEN UND KANN ICH EINE BENUTZERDEFINIERTE FARBE ERSTELLEN?\n\t\t\t\t\t\t<i class=\"fa fa-angle-down icon-show\"><\/i><i class=\"fa fa-angle-up icon-close\"><\/i>\n\t\t\t\t\t<\/a>\n\t\t\t\t\t<div id=\"faqList5\" class=\"collapse\">\n\t\t\t\t\t\t<p class=\"collapse-content\">\n\t\t\t\t\t\tDie regul\u00e4ren Farben sind Blau und Grau, Mindestbestellmenge f\u00fcr Sonderfarben: 500 St\u00fcck.\n\t\t\t\t\t\t<\/p>\n\t\t\t\t\t<\/div>\n\t\t\t\t<\/li>\n\t\t\t\t<li data-aos=\"fade-up\" data-aos-delay=\"500\" class=\"aos-init aos-animate\">\n\t\t\t\t\t<i class=\"fa fa-question-circle-o\" aria-hidden=\"true\"><\/i>\n\t\t\t\t\t<a data-bs-toggle=\"collapse\" href=\"#faqList6\" class=\"collapsed\" aria-expanded=\"false\" aria-controls=\"faqList6\">\n\t\t\t\t\t\tWELCHE PAKETMETHODEN SIND VERF\u00dcGBAR?\n\t\t\t\t\t\t<i class=\"fa fa-angle-down icon-show\"><\/i><i class=\"fa fa-angle-up icon-close\"><\/i>\n\t\t\t\t\t<\/a>\n\t\t\t\t\t<div id=\"faqList6\" class=\"collapse\">\n\t\t\t\t\t\t<p class=\"collapse-content\">\n\t\t\t\t\t\tExportieren Sie Holzpalettenverpackungen, Kantonverpackungen oder Nacktverpackungen zur Platzersparnis.\n\t\t\t\t\t\t<\/p>\n\t\t\t\t\t<\/div>\n\t\t\t\t<\/li>\n\n\t\t\t\t<li data-aos=\"fade-up\" data-aos-delay=\"500\" class=\"aos-init aos-animate\">\n\t\t\t\t\t<i class=\"fa fa-question-circle-o\" aria-hidden=\"true\"><\/i>\n\t\t\t\t\t<a data-bs-toggle=\"collapse\" href=\"#faqList7\" class=\"collapsed\" aria-expanded=\"false\" aria-controls=\"faqList7\">\n\t\t\t\t\tWIE IST IHRE ZAHLUNGSBEDINGUNG?\n\t\t\t\t\t\t<i class=\"fa fa-angle-down icon-show\"><\/i><i class=\"fa fa-angle-up icon-close\"><\/i>\n\t\t\t\t\t<\/a>\n\t\t\t\t\t<div id=\"faqList7\" class=\"collapse\">\n\t\t\t\t\t\t<p class=\"collapse-content\">\n\t\t\t\t\t\tWir unterst\u00fctzen T\/T, L\/C bei Sicht und Paypal f\u00fcr Muster.\n\t\t\t\t\t\t<\/p>\n\t\t\t\t\t<\/div>\n\t\t\t\t<\/li>\n\t\t\t\t<li data-aos=\"fade-up\" data-aos-delay=\"500\" class=\"aos-init aos-animate\">\n\t\t\t\t\t<i class=\"fa fa-question-circle-o\" aria-hidden=\"true\"><\/i>\n\t\t\t\t\t<a data-bs-toggle=\"collapse\" href=\"#faqList8\" class=\"collapsed\" aria-expanded=\"false\" aria-controls=\"faqList8\">\n\t\t\t\t\t\tWIE LANGE DAUERT DIE PRODUKTION?\n\t\t\t\t\t\t<i class=\"fa fa-angle-down icon-show\"><\/i><i class=\"fa fa-angle-up icon-close\"><\/i>\n\t\t\t\t\t<\/a>\n\t\t\t\t\t<div id=\"faqList8\" class=\"collapse\">\n\t\t\t\t\t\t<p class=\"collapse-content\">\n\t\t\t\t\t\t\t7 bis 15 Werktage nach Eingang Ihrer Anzahlung.\n\t\t\t\t\t\t<\/p>\n\t\t\t\t\t<\/div>\n\t\t\t\t<\/li>\n\t\t\t<\/ul>\n\t\t<\/div>\n\t<\/div>\n<\/section>","protected":false},"excerpt":{"rendered":"<p>\u00dcBER JOINPLASTIC: JOINPLASTIC ist Chinas f\u00fchrender Lieferant und Hersteller von Kunststoffprodukten. Unser Sortiment umfasst EURO-Container, faltbare Ifco-Kisten, Transportwagen, Teilebeh\u00e4lter, Paletten und vieles mehr. JOINPLASTIC engagiert sich f\u00fcr die Umwelt und bietet ausschlie\u00dflich vollst\u00e4ndig recycelbare Kunststofflagerl\u00f6sungen an. Unsere hochwertigen Kunststoffboxen eignen sich ideal f\u00fcr Industrie und Haushalt.<\/p>\n<p class=\"read-more\"> <a class=\"\" href=\"https:\/\/www.plastic-crate.co.uk\/de\/about-us\/\"> <span class=\"screen-reader-text\">\u00dcber uns<\/span> Mehr lesen &quot;<\/a><\/p>","protected":false},"author":1,"featured_media":0,"parent":0,"menu_order":0,"comment_status":"closed","ping_status":"closed","template":"","meta":{"_acf_changed":false,"site-sidebar-layout":"no-sidebar","site-content-layout":"page-builder","ast-main-header-display":"","ast-hfb-above-header-display":"","ast-hfb-below-header-display":"","ast-hfb-mobile-header-display":"","site-post-title":"disabled","ast-breadcrumbs-content":"","ast-featured-img":"","footer-sml-layout":"","theme-transparent-header-meta":"","adv-header-id-meta":"","stick-header-meta":"","header-above-stick-meta":"","header-main-stick-meta":"","header-below-stick-meta":"","footnotes":""},"class_list":["post-5893","page","type-page","status-publish","hentry"],"acf":[],"yoast_head":"<!-- This site is optimized with the Yoast SEO plugin v26.9 - https:\/\/yoast.com\/product\/yoast-seo-wordpress\/ -->\n<title>About us, The folding crates supplier - Euro crates Manufacturer<\/title>\n<meta name=\"description\" content=\"Join Plastic is a leading plastic folding container manufacturer and exporter, heavy duty folding crates,collapsible crate with handles.\" \/>\n<meta name=\"robots\" content=\"index, follow, max-snippet:-1, max-image-preview:large, max-video-preview:-1\" \/>\n<link rel=\"canonical\" href=\"https:\/\/www.plastic-crate.co.uk\/de\/about-us\/\" \/>\n<meta property=\"og:locale\" content=\"de_DE\" \/>\n<meta property=\"og:type\" content=\"article\" \/>\n<meta property=\"og:title\" content=\"About us, The folding crates supplier - Euro crates Manufacturer\" \/>\n<meta property=\"og:description\" content=\"Join Plastic is a leading plastic folding container manufacturer and exporter, heavy duty folding crates,collapsible crate with handles.\" \/>\n<meta property=\"og:url\" content=\"https:\/\/www.plastic-crate.co.uk\/de\/about-us\/\" \/>\n<meta property=\"og:site_name\" content=\"Euro crates Manufacturer\" \/>\n<meta property=\"article:modified_time\" content=\"2022-03-16T08:18:21+00:00\" \/>\n<meta property=\"og:image\" content=\"https:\/\/www.plastic-crate.co.uk\/wp-content\/uploads\/2022\/03\/euro-storage-crate-manufacture-factory.jpg\" \/>\n<meta name=\"twitter:card\" content=\"summary_large_image\" \/>\n<meta name=\"twitter:label1\" content=\"Est. reading time\" \/>\n\t<meta name=\"twitter:data1\" content=\"5\u00a0Minuten\" \/>\n<script type=\"application\/ld+json\" class=\"yoast-schema-graph\">{\"@context\":\"https:\/\/schema.org\",\"@graph\":[{\"@type\":\"WebPage\",\"@id\":\"https:\/\/www.plastic-crate.co.uk\/about-us\/\",\"url\":\"https:\/\/www.plastic-crate.co.uk\/about-us\/\",\"name\":\"About us, The folding crates supplier - Euro crates Manufacturer\",\"isPartOf\":{\"@id\":\"https:\/\/www.plastic-crate.co.uk\/#website\"},\"primaryImageOfPage\":{\"@id\":\"https:\/\/www.plastic-crate.co.uk\/about-us\/#primaryimage\"},\"image\":{\"@id\":\"https:\/\/www.plastic-crate.co.uk\/about-us\/#primaryimage\"},\"thumbnailUrl\":\"https:\/\/www.plastic-crate.co.uk\/wp-content\/uploads\/2022\/03\/euro-storage-crate-manufacture-factory.jpg\",\"datePublished\":\"2022-03-16T07:53:11+00:00\",\"dateModified\":\"2022-03-16T08:18:21+00:00\",\"description\":\"Join Plastic is a leading plastic folding container manufacturer and exporter, heavy duty folding crates,collapsible crate with handles.\",\"inLanguage\":\"de\",\"potentialAction\":[{\"@type\":\"ReadAction\",\"target\":[\"https:\/\/www.plastic-crate.co.uk\/about-us\/\"]}]},{\"@type\":\"ImageObject\",\"inLanguage\":\"de\",\"@id\":\"https:\/\/www.plastic-crate.co.uk\/about-us\/#primaryimage\",\"url\":\"https:\/\/www.plastic-crate.co.uk\/wp-content\/uploads\/2022\/03\/euro-storage-crate-manufacture-factory.jpg\",\"contentUrl\":\"https:\/\/www.plastic-crate.co.uk\/wp-content\/uploads\/2022\/03\/euro-storage-crate-manufacture-factory.jpg\"},{\"@type\":\"WebSite\",\"@id\":\"https:\/\/www.plastic-crate.co.uk\/#website\",\"url\":\"https:\/\/www.plastic-crate.co.uk\/\",\"name\":\"Euro crates Manufacturer\",\"description\":\"wholesale Euro containers, plastic euro crates with lids, curo boxes without lids\",\"publisher\":{\"@id\":\"https:\/\/www.plastic-crate.co.uk\/#organization\"},\"potentialAction\":[{\"@type\":\"SearchAction\",\"target\":{\"@type\":\"EntryPoint\",\"urlTemplate\":\"https:\/\/www.plastic-crate.co.uk\/?s={search_term_string}\"},\"query-input\":{\"@type\":\"PropertyValueSpecification\",\"valueRequired\":true,\"valueName\":\"search_term_string\"}}],\"inLanguage\":\"de\"},{\"@type\":\"Organization\",\"@id\":\"https:\/\/www.plastic-crate.co.uk\/#organization\",\"name\":\"Euro crates Manufacturer\",\"url\":\"https:\/\/www.plastic-crate.co.uk\/\",\"logo\":{\"@type\":\"ImageObject\",\"inLanguage\":\"de\",\"@id\":\"https:\/\/www.plastic-crate.co.uk\/#\/schema\/logo\/image\/\",\"url\":\"https:\/\/www.plastic-crate.co.uk\/wp-content\/uploads\/2020\/10\/cropped-logo.png\",\"contentUrl\":\"https:\/\/www.plastic-crate.co.uk\/wp-content\/uploads\/2020\/10\/cropped-logo.png\",\"width\":300,\"height\":66,\"caption\":\"Euro crates Manufacturer\"},\"image\":{\"@id\":\"https:\/\/www.plastic-crate.co.uk\/#\/schema\/logo\/image\/\"}}]}<\/script>\n<!-- \/ Yoast SEO plugin. -->","yoast_head_json":{"title":"\u00dcber uns, Der Klappkistenlieferant - Eurokistenhersteller","description":"Join Plastic ist ein f\u00fchrender Hersteller und Exporteur von Faltbeh\u00e4ltern aus Kunststoff, robusten Faltkisten und zusammenklappbaren Kisten mit Griffen.","robots":{"index":"index","follow":"follow","max-snippet":"max-snippet:-1","max-image-preview":"max-image-preview:large","max-video-preview":"max-video-preview:-1"},"canonical":"https:\/\/www.plastic-crate.co.uk\/de\/about-us\/","og_locale":"de_DE","og_type":"article","og_title":"About us, The folding crates supplier - Euro crates Manufacturer","og_description":"Join Plastic is a leading plastic folding container manufacturer and exporter, heavy duty folding crates,collapsible crate with handles.","og_url":"https:\/\/www.plastic-crate.co.uk\/de\/about-us\/","og_site_name":"Euro crates Manufacturer","article_modified_time":"2022-03-16T08:18:21+00:00","og_image":[{"url":"https:\/\/www.plastic-crate.co.uk\/wp-content\/uploads\/2022\/03\/euro-storage-crate-manufacture-factory.jpg","type":"","width":"","height":""}],"twitter_card":"summary_large_image","twitter_misc":{"Est. reading time":"5\u00a0Minuten"},"schema":{"@context":"https:\/\/schema.org","@graph":[{"@type":"WebPage","@id":"https:\/\/www.plastic-crate.co.uk\/about-us\/","url":"https:\/\/www.plastic-crate.co.uk\/about-us\/","name":"\u00dcber uns, Der Klappkistenlieferant - Eurokistenhersteller","isPartOf":{"@id":"https:\/\/www.plastic-crate.co.uk\/#website"},"primaryImageOfPage":{"@id":"https:\/\/www.plastic-crate.co.uk\/about-us\/#primaryimage"},"image":{"@id":"https:\/\/www.plastic-crate.co.uk\/about-us\/#primaryimage"},"thumbnailUrl":"https:\/\/www.plastic-crate.co.uk\/wp-content\/uploads\/2022\/03\/euro-storage-crate-manufacture-factory.jpg","datePublished":"2022-03-16T07:53:11+00:00","dateModified":"2022-03-16T08:18:21+00:00","description":"Join Plastic ist ein f\u00fchrender Hersteller und Exporteur von Faltbeh\u00e4ltern aus Kunststoff, robusten Faltkisten und zusammenklappbaren Kisten mit Griffen.","inLanguage":"de","potentialAction":[{"@type":"ReadAction","target":["https:\/\/www.plastic-crate.co.uk\/about-us\/"]}]},{"@type":"ImageObject","inLanguage":"de","@id":"https:\/\/www.plastic-crate.co.uk\/about-us\/#primaryimage","url":"https:\/\/www.plastic-crate.co.uk\/wp-content\/uploads\/2022\/03\/euro-storage-crate-manufacture-factory.jpg","contentUrl":"https:\/\/www.plastic-crate.co.uk\/wp-content\/uploads\/2022\/03\/euro-storage-crate-manufacture-factory.jpg"},{"@type":"WebSite","@id":"https:\/\/www.plastic-crate.co.uk\/#website","url":"https:\/\/www.plastic-crate.co.uk\/","name":"Eurokisten Hersteller","description":"Eurobeh\u00e4lter im Gro\u00dfhandel, Eurokisten aus Kunststoff mit Deckel, Curo-Boxen ohne Deckel","publisher":{"@id":"https:\/\/www.plastic-crate.co.uk\/#organization"},"potentialAction":[{"@type":"SearchAction","target":{"@type":"EntryPoint","urlTemplate":"https:\/\/www.plastic-crate.co.uk\/?s={search_term_string}"},"query-input":{"@type":"PropertyValueSpecification","valueRequired":true,"valueName":"search_term_string"}}],"inLanguage":"de"},{"@type":"Organization","@id":"https:\/\/www.plastic-crate.co.uk\/#organization","name":"Eurokisten Hersteller","url":"https:\/\/www.plastic-crate.co.uk\/","logo":{"@type":"ImageObject","inLanguage":"de","@id":"https:\/\/www.plastic-crate.co.uk\/#\/schema\/logo\/image\/","url":"https:\/\/www.plastic-crate.co.uk\/wp-content\/uploads\/2020\/10\/cropped-logo.png","contentUrl":"https:\/\/www.plastic-crate.co.uk\/wp-content\/uploads\/2020\/10\/cropped-logo.png","width":300,"height":66,"caption":"Euro crates Manufacturer"},"image":{"@id":"https:\/\/www.plastic-crate.co.uk\/#\/schema\/logo\/image\/"}}]}},"_links":{"self":[{"href":"https:\/\/www.plastic-crate.co.uk\/de\/wp-json\/wp\/v2\/pages\/5893","targetHints":{"allow":["GET"]}}],"collection":[{"href":"https:\/\/www.plastic-crate.co.uk\/de\/wp-json\/wp\/v2\/pages"}],"about":[{"href":"https:\/\/www.plastic-crate.co.uk\/de\/wp-json\/wp\/v2\/types\/page"}],"author":[{"embeddable":true,"href":"https:\/\/www.plastic-crate.co.uk\/de\/wp-json\/wp\/v2\/users\/1"}],"replies":[{"embeddable":true,"href":"https:\/\/www.plastic-crate.co.uk\/de\/wp-json\/wp\/v2\/comments?post=5893"}],"version-history":[{"count":4,"href":"https:\/\/www.plastic-crate.co.uk\/de\/wp-json\/wp\/v2\/pages\/5893\/revisions"}],"predecessor-version":[{"id":5898,"href":"https:\/\/www.plastic-crate.co.uk\/de\/wp-json\/wp\/v2\/pages\/5893\/revisions\/5898"}],"wp:attachment":[{"href":"https:\/\/www.plastic-crate.co.uk\/de\/wp-json\/wp\/v2\/media?parent=5893"}],"curies":[{"name":"wp","href":"https:\/\/api.w.org\/{rel}","templated":true}]}}