{"id":2476,"date":"2020-02-25T06:29:58","date_gmt":"2020-02-25T06:29:58","guid":{"rendered":"https:\/\/www.plastic-crate.co.uk\/?page_id=2476"},"modified":"2023-12-13T17:45:42","modified_gmt":"2023-12-13T17:45:42","slug":"contact-us","status":"publish","type":"page","link":"https:\/\/www.plastic-crate.co.uk\/de\/contact-us\/","title":{"rendered":"Kontaktieren Sie uns"},"content":{"rendered":"<section class=\"section px-2 py-5 p-sm-4 bg-secondary bg-opacity-25\">\n\t<div class=\"container\">\n\t\t<div class=\"row\">\n\t\t\t<div class=\"col-lg-5\">\n\t\t\t\t<div class=\"d-flex h-100\">\n\t\t\t\t\t<div class=\"\">\n\t\t\t\t\t\t<h1 class=\"my-5\">Schreiben Sie uns<\/h1>\n\t\t\t\t\t\t<p class=\"mb-5 tx-16 opacity-75\">\n\t\t\t\t\t\t\tSenden Sie uns eine E-Mail mit den Produkten, an denen Sie interessiert sind, und der Menge, die Sie ben\u00f6tigen. Geben Sie uns bitte so viele Details wie m\u00f6glich und holen Sie sich das aktuellste Angebot ein!\n\t\t\t\t\t\t<\/p>\n\t\t\t\t\t\t<p class=\"mb-4 tx-16 opacity-75\">Wir melden uns innerhalb eines Werktages bei Ihnen. Wenn Sie \u00fcber das richtige Formular keine Informationen zum erfolgreichen E-Mail-Versand erhalten, k\u00f6nnen Sie uns auch direkt eine E-Mail senden:\n\t\t\t\t\t\t\t<a href=\"mailto:inquiry@joinplastic.com?subject=Inquiry about your plastic crate\">inquiry@joinplastic.com<\/a>\n\t\t\t\t\t\t<\/p>\n\t\t\t\t\t<\/div>\n\t\t\t\t<\/div>\n\t\t\t<\/div>\n\t\t\t<div class=\"col-lg-7 d-flex justify-content-center align-items-center\">\n\t\t\t\t<div class=\"row w-100\">\n\t\t\t\t\t\n<div class=\"wpcf7 no-js\" id=\"wpcf7-f269-o1\" lang=\"en-US\" dir=\"ltr\" data-wpcf7-id=\"269\">\n<div class=\"screen-reader-response\"><p role=\"status\" aria-live=\"polite\" aria-atomic=\"true\"><\/p> <ul><\/ul><\/div>\n<form action=\"\/de\/wp-json\/wp\/v2\/pages\/2476#wpcf7-f269-o1\" method=\"post\" class=\"wpcf7-form init\" aria-label=\"Kontaktformular\" novalidate=\"novalidate\" data-status=\"init\" data-trp-original-action=\"\/de\/wp-json\/wp\/v2\/pages\/2476#wpcf7-f269-o1\">\n<fieldset class=\"hidden-fields-container\"><input type=\"hidden\" name=\"_wpcf7\" value=\"269\" \/><input type=\"hidden\" name=\"_wpcf7_version\" value=\"6.1.5\" \/><input type=\"hidden\" name=\"_wpcf7_locale\" value=\"en_US\" \/><input type=\"hidden\" name=\"_wpcf7_unit_tag\" value=\"wpcf7-f269-o1\" \/><input type=\"hidden\" name=\"_wpcf7_container_post\" value=\"0\" \/><input type=\"hidden\" name=\"_wpcf7_posted_data_hash\" value=\"\" \/>\n<\/fieldset>\n<p><label> Produktmodell<br \/>\n<span class=\"wpcf7-form-control-wrap\" data-name=\"ProductModel\"><input size=\"100\" maxlength=\"400\" class=\"wpcf7-form-control wpcf7-text contact-input\" id=\"ProductModel\" aria-invalid=\"false\" value=\"\" type=\"text\" name=\"ProductModel\" \/><\/span> <\/label>\n<\/p>\n<p><label> Menge<br \/>\n<span class=\"wpcf7-form-control-wrap\" data-name=\"Quantity\"><input size=\"100\" maxlength=\"400\" class=\"wpcf7-form-control wpcf7-text contact-input\" aria-invalid=\"false\" value=\"\" type=\"text\" name=\"Quantity\" \/><\/span> <\/label>\n<\/p>\n<p><label> Ihr Name (erforderlich)<br \/>\n<span class=\"wpcf7-form-control-wrap\" data-name=\"your-name\"><input size=\"100\" maxlength=\"400\" class=\"wpcf7-form-control wpcf7-text wpcf7-validates-as-required contact-input\" aria-required=\"true\" aria-invalid=\"false\" value=\"\" type=\"text\" name=\"your-name\" \/><\/span> <\/label>\n<\/p>\n<p><label> Ihre E-Mail (erforderlich)<br \/>\n<span class=\"wpcf7-form-control-wrap\" data-name=\"your-email\"><input size=\"100\" maxlength=\"400\" class=\"wpcf7-form-control wpcf7-email wpcf7-validates-as-required wpcf7-text wpcf7-validates-as-email contact-input\" aria-required=\"true\" aria-invalid=\"false\" value=\"\" type=\"email\" name=\"your-email\" \/><\/span> <\/label>\n<\/p>\n<p><label> Ihre Nachricht<br \/>\n<span class=\"wpcf7-form-control-wrap\" data-name=\"your-message\"><textarea cols=\"100\" rows=\"10\" maxlength=\"2000\" class=\"wpcf7-form-control wpcf7-textarea contact-product-detail\" id=\"productDetail\" aria-invalid=\"false\" placeholder=\"Bitte teilen Sie uns die Produktdetails und die Qualit\u00e4t mit, wir werden uns so schnell wie m\u00f6glich mit Ihnen in Verbindung setzen!\" name=\"your-message\"><\/textarea><\/span> <\/label><br \/>\n<span id=\"wpcf7-6a09d6b511939-wrapper\" class=\"wpcf7-form-control-wrap website-wrap\" style=\"display:none !important; visibility:hidden !important;\"><label for=\"wpcf7-6a09d6b511939-field\" class=\"hp-message\">Bitte lassen Sie dieses Feld leer.<\/label><input id=\"wpcf7-6a09d6b511939-field\"  class=\"wpcf7-form-control wpcf7-text\" type=\"text\" name=\"website\" value=\"\" size=\"40\" tabindex=\"-1\" autocomplete=\"new-password\" \/><\/span><br \/>\n<input class=\"wpcf7-form-control wpcf7-submit has-spinner\" type=\"submit\" value=\"Schicken\" \/><br \/>\n<span class=\"wpcf7-form-control-wrap\" data-name=\"to_email\"><input size=\"40\" maxlength=\"400\" class=\"wpcf7-form-control wpcf7-text hidden\" aria-invalid=\"false\" value=\"inquiry@joinplastic.com\" type=\"text\" name=\"to_email\" \/><\/span><br \/>\n<span class=\"wpcf7-form-control-wrap\" data-name=\"company_name\"><input size=\"40\" maxlength=\"400\" class=\"wpcf7-form-control wpcf7-text hidden\" aria-invalid=\"false\" value=\"joinplastic\" type=\"text\" name=\"company_name\" \/><\/span>\n<\/p><p style=\"display: none !important;\" class=\"akismet-fields-container\" data-prefix=\"_wpcf7_ak_\"><label>\u0394<textarea name=\"_wpcf7_ak_hp_textarea\" cols=\"45\" rows=\"8\" maxlength=\"100\"><\/textarea><\/label><input type=\"hidden\" id=\"ak_js_1\" name=\"_wpcf7_ak_js\" value=\"167\"\/><script>document.getElementById( \"ak_js_1\" ).setAttribute( \"value\", ( new Date() ).getTime() );<\/script><\/p><div class=\"wpcf7-response-output\" aria-hidden=\"true\"><\/div>\n<input type=\"hidden\" name=\"trp-form-language\" value=\"de\"\/><\/form>\n<\/div>\n\n\t\t\t\t<\/div>\n\t\t\t<\/div>\n\t\t\t\n\t\t<\/div>\n\t<\/div>\n<\/section>\n\n\n\n<div id=\"map\" style=\"width: 100%; height: 300px;\"><\/div>\n<script>\nfunction myMap() {\n  var myCenter = new google.maps.LatLng(31.32036,121.090547);\n  var mapCanvas = document.getElementById(\"map\");\n  var mapOptions = {center: myCenter, zoom: 5};\n  var map = new google.maps.Map(mapCanvas, mapOptions);\n  \n  var marker = new google.maps.Marker({\n    position: myCenter,\n    animation: google.maps.Animation.BOUNCE\n  });\n  marker.setMap(map);\n\n  var infowindow = new google.maps.InfoWindow({\n    content: \"Shanghai Join Plastics Co.,Ltd\"\n  });\n  infowindow.open(map,marker);\n}\n<\/script>\n\n<script defer src=\"https:\/\/maps.googleapis.com\/maps\/api\/js?key=AIzaSyCXrknzTT6LMKF9Kb7L1Cmwgg3P7tqKw1M&amp;callback=myMap\"><\/script>\n\n\n\n<section class=\"section px-2 py-5 p-sm-4 bg-white bg-opacity-25\">\n\t<div class=\"container\">\n\t\t<div class=\"row\">\n\t\t\t<div class=\"col-md-4\">\n\t\t\t\t<div class=\"\">\n\t\t\t\t\t<h4>\u00d6ffnungszeiten<\/h4>\n\t\t\t\t\t<p class=\"mb-0\">Montag-Freitag: <\/p>\n\t\t\t\t\t<p class=\"mb-3\">9:00 \u2013 18:00 Uhr (UTC\/GMT +8 Stunden)<\/p>\n\t\t\t\t\t<p class=\"mb-0\">Samstag-Sonntag<\/p>\n\t\t\t\t\t<p>Beantworten Sie Ihre E-Mail von zu Hause aus<\/p>\n\t\t\t\t<\/div>\n\t\t\t<\/div>\n\t\t\t<div class=\"col-md-4\">\n\t\t\t\t<div class=\"my-3 my-md-0\">\n\t\t\t\t\t<h4>Rufen Sie uns an<\/h4>\n\t\t\t\t\t<p class=\"\">Telefon: (+86)13671889020<\/p>\n\t\t\t\t\t<p class=\"\">Fax: 0086-021-59937390 Durchwahl 8006<\/p>\n\t\t\t\t\t<p class=\"mb-0\">E-Mail:  <a href=\"mailto:inquiry@joinplastic.com?subject=Inquiry about your plastic crate\">inquiry@joinplastic.com<\/a><\/p>\n\t\t\t\t<\/div>\n\t\t\t\t\n\t\t\t<\/div>\n\t\t\t<div class=\"col-md-4\">\n\t\t\t\t<h4>Unsere St\u00e4rken<\/h4>\n\t\t\t\t<p>Fabrikpreis mit hoher Qualit\u00e4t <\/p>\n\t\t\t\t<p>Professionelles OEM- und ODM-Team <\/p>\n\t\t\t\t<p>Bester Kundendienst<\/p>\n\t\t\t<\/div>\n\t\t<\/div>\n\t<\/div>\n<\/section>","protected":false},"excerpt":{"rendered":"<p>Schreiben Sie uns! Senden Sie uns eine E-Mail mit Angaben zu den Produkten, an denen Sie interessiert sind, und der ben\u00f6tigten Menge. Bitte geben Sie uns so viele Details wie m\u00f6glich und erhalten Sie ein aktuelles Angebot! Wir melden uns innerhalb eines Werktages bei Ihnen. Sollten Sie keine Best\u00e4tigungsmeldung erhalten, obwohl Sie das Formular ausgef\u00fcllt haben, k\u00f6nnen Sie uns eine E-Mail senden \u2026<\/p>\n<p class=\"read-more\"> <a class=\"\" href=\"https:\/\/www.plastic-crate.co.uk\/de\/contact-us\/\"> <span class=\"screen-reader-text\">Kontaktieren Sie uns<\/span> Mehr lesen &quot;<\/a><\/p>","protected":false},"author":1,"featured_media":0,"parent":0,"menu_order":0,"comment_status":"closed","ping_status":"closed","template":"","meta":{"_acf_changed":false,"site-sidebar-layout":"no-sidebar","site-content-layout":"default","ast-main-header-display":"","ast-hfb-above-header-display":"","ast-hfb-below-header-display":"","ast-hfb-mobile-header-display":"","site-post-title":"disabled","ast-breadcrumbs-content":"","ast-featured-img":"","footer-sml-layout":"","theme-transparent-header-meta":"","adv-header-id-meta":"","stick-header-meta":"","header-above-stick-meta":"","header-main-stick-meta":"","header-below-stick-meta":"","footnotes":""},"class_list":["post-2476","page","type-page","status-publish","hentry"],"acf":[],"yoast_head":"<!-- This site is optimized with the Yoast SEO plugin v26.9 - https:\/\/yoast.com\/product\/yoast-seo-wordpress\/ -->\n<title>Contact us, Leading plastic crate manufacturer and exporter - Euro crates Manufacturer<\/title>\n<meta name=\"description\" content=\"Join Plastic is a leading plastic crates manufacturer and supplier,our products include folding crates, Round Trip Totes, Pallet Box and Plastic Stacking Crates etc.Please feel free to contact us\" \/>\n<meta name=\"robots\" content=\"index, follow, max-snippet:-1, max-image-preview:large, max-video-preview:-1\" \/>\n<link rel=\"canonical\" href=\"https:\/\/www.plastic-crate.co.uk\/de\/contact-us\/\" \/>\n<meta property=\"og:locale\" content=\"de_DE\" \/>\n<meta property=\"og:type\" content=\"article\" \/>\n<meta property=\"og:title\" content=\"Contact us, Leading plastic crate manufacturer and exporter - Euro crates Manufacturer\" \/>\n<meta property=\"og:description\" content=\"Join Plastic is a leading plastic crates manufacturer and supplier,our products include folding crates, Round Trip Totes, Pallet Box and Plastic Stacking Crates etc.Please feel free to contact us\" \/>\n<meta property=\"og:url\" content=\"https:\/\/www.plastic-crate.co.uk\/de\/contact-us\/\" \/>\n<meta property=\"og:site_name\" content=\"Euro crates Manufacturer\" \/>\n<meta property=\"article:modified_time\" content=\"2023-12-13T17:45:42+00:00\" \/>\n<meta name=\"twitter:card\" content=\"summary_large_image\" \/>\n<script type=\"application\/ld+json\" class=\"yoast-schema-graph\">{\"@context\":\"https:\/\/schema.org\",\"@graph\":[{\"@type\":\"WebPage\",\"@id\":\"https:\/\/www.plastic-crate.co.uk\/contact-us\/\",\"url\":\"https:\/\/www.plastic-crate.co.uk\/contact-us\/\",\"name\":\"Contact us, Leading plastic crate manufacturer and exporter - Euro crates Manufacturer\",\"isPartOf\":{\"@id\":\"https:\/\/www.plastic-crate.co.uk\/#website\"},\"datePublished\":\"2020-02-25T06:29:58+00:00\",\"dateModified\":\"2023-12-13T17:45:42+00:00\",\"description\":\"Join Plastic is a leading plastic crates manufacturer and supplier,our products include folding crates, Round Trip Totes, Pallet Box and Plastic Stacking Crates etc.Please feel free to contact us\",\"inLanguage\":\"de\",\"potentialAction\":[{\"@type\":\"ReadAction\",\"target\":[\"https:\/\/www.plastic-crate.co.uk\/contact-us\/\"]}]},{\"@type\":\"WebSite\",\"@id\":\"https:\/\/www.plastic-crate.co.uk\/#website\",\"url\":\"https:\/\/www.plastic-crate.co.uk\/\",\"name\":\"Euro crates Manufacturer\",\"description\":\"wholesale Euro containers, plastic euro crates with lids, curo boxes without lids\",\"publisher\":{\"@id\":\"https:\/\/www.plastic-crate.co.uk\/#organization\"},\"potentialAction\":[{\"@type\":\"SearchAction\",\"target\":{\"@type\":\"EntryPoint\",\"urlTemplate\":\"https:\/\/www.plastic-crate.co.uk\/?s={search_term_string}\"},\"query-input\":{\"@type\":\"PropertyValueSpecification\",\"valueRequired\":true,\"valueName\":\"search_term_string\"}}],\"inLanguage\":\"de\"},{\"@type\":\"Organization\",\"@id\":\"https:\/\/www.plastic-crate.co.uk\/#organization\",\"name\":\"Euro crates Manufacturer\",\"url\":\"https:\/\/www.plastic-crate.co.uk\/\",\"logo\":{\"@type\":\"ImageObject\",\"inLanguage\":\"de\",\"@id\":\"https:\/\/www.plastic-crate.co.uk\/#\/schema\/logo\/image\/\",\"url\":\"https:\/\/www.plastic-crate.co.uk\/wp-content\/uploads\/2020\/10\/cropped-logo.png\",\"contentUrl\":\"https:\/\/www.plastic-crate.co.uk\/wp-content\/uploads\/2020\/10\/cropped-logo.png\",\"width\":300,\"height\":66,\"caption\":\"Euro crates Manufacturer\"},\"image\":{\"@id\":\"https:\/\/www.plastic-crate.co.uk\/#\/schema\/logo\/image\/\"}}]}<\/script>\n<!-- \/ Yoast SEO plugin. -->","yoast_head_json":{"title":"Kontaktieren Sie uns, f\u00fchrender Hersteller und Exporteur von Kunststoffkisten \u2013 Hersteller von Eurokisten","description":"Join Plastic ist ein f\u00fchrender Hersteller und Lieferant von Kunststoffkisten. Zu unseren Produkten geh\u00f6ren Faltkisten, Rundum-Beh\u00e4lter, Palettenboxen und Stapelkisten aus Kunststoff usw. Kontaktieren Sie uns gerne.","robots":{"index":"index","follow":"follow","max-snippet":"max-snippet:-1","max-image-preview":"max-image-preview:large","max-video-preview":"max-video-preview:-1"},"canonical":"https:\/\/www.plastic-crate.co.uk\/de\/contact-us\/","og_locale":"de_DE","og_type":"article","og_title":"Contact us, Leading plastic crate manufacturer and exporter - Euro crates Manufacturer","og_description":"Join Plastic is a leading plastic crates manufacturer and supplier,our products include folding crates, Round Trip Totes, Pallet Box and Plastic Stacking Crates etc.Please feel free to contact us","og_url":"https:\/\/www.plastic-crate.co.uk\/de\/contact-us\/","og_site_name":"Euro crates Manufacturer","article_modified_time":"2023-12-13T17:45:42+00:00","twitter_card":"summary_large_image","schema":{"@context":"https:\/\/schema.org","@graph":[{"@type":"WebPage","@id":"https:\/\/www.plastic-crate.co.uk\/contact-us\/","url":"https:\/\/www.plastic-crate.co.uk\/contact-us\/","name":"Kontaktieren Sie uns, f\u00fchrender Hersteller und Exporteur von Kunststoffkisten \u2013 Hersteller von Eurokisten","isPartOf":{"@id":"https:\/\/www.plastic-crate.co.uk\/#website"},"datePublished":"2020-02-25T06:29:58+00:00","dateModified":"2023-12-13T17:45:42+00:00","description":"Join Plastic ist ein f\u00fchrender Hersteller und Lieferant von Kunststoffkisten. Zu unseren Produkten geh\u00f6ren Faltkisten, Rundum-Beh\u00e4lter, Palettenboxen und Stapelkisten aus Kunststoff usw. Kontaktieren Sie uns gerne.","inLanguage":"de","potentialAction":[{"@type":"ReadAction","target":["https:\/\/www.plastic-crate.co.uk\/contact-us\/"]}]},{"@type":"WebSite","@id":"https:\/\/www.plastic-crate.co.uk\/#website","url":"https:\/\/www.plastic-crate.co.uk\/","name":"Eurokisten Hersteller","description":"Eurobeh\u00e4lter im Gro\u00dfhandel, Eurokisten aus Kunststoff mit Deckel, Curo-Boxen ohne Deckel","publisher":{"@id":"https:\/\/www.plastic-crate.co.uk\/#organization"},"potentialAction":[{"@type":"SearchAction","target":{"@type":"EntryPoint","urlTemplate":"https:\/\/www.plastic-crate.co.uk\/?s={search_term_string}"},"query-input":{"@type":"PropertyValueSpecification","valueRequired":true,"valueName":"search_term_string"}}],"inLanguage":"de"},{"@type":"Organization","@id":"https:\/\/www.plastic-crate.co.uk\/#organization","name":"Eurokisten Hersteller","url":"https:\/\/www.plastic-crate.co.uk\/","logo":{"@type":"ImageObject","inLanguage":"de","@id":"https:\/\/www.plastic-crate.co.uk\/#\/schema\/logo\/image\/","url":"https:\/\/www.plastic-crate.co.uk\/wp-content\/uploads\/2020\/10\/cropped-logo.png","contentUrl":"https:\/\/www.plastic-crate.co.uk\/wp-content\/uploads\/2020\/10\/cropped-logo.png","width":300,"height":66,"caption":"Euro crates Manufacturer"},"image":{"@id":"https:\/\/www.plastic-crate.co.uk\/#\/schema\/logo\/image\/"}}]}},"_links":{"self":[{"href":"https:\/\/www.plastic-crate.co.uk\/de\/wp-json\/wp\/v2\/pages\/2476","targetHints":{"allow":["GET"]}}],"collection":[{"href":"https:\/\/www.plastic-crate.co.uk\/de\/wp-json\/wp\/v2\/pages"}],"about":[{"href":"https:\/\/www.plastic-crate.co.uk\/de\/wp-json\/wp\/v2\/types\/page"}],"author":[{"embeddable":true,"href":"https:\/\/www.plastic-crate.co.uk\/de\/wp-json\/wp\/v2\/users\/1"}],"replies":[{"embeddable":true,"href":"https:\/\/www.plastic-crate.co.uk\/de\/wp-json\/wp\/v2\/comments?post=2476"}],"version-history":[{"count":26,"href":"https:\/\/www.plastic-crate.co.uk\/de\/wp-json\/wp\/v2\/pages\/2476\/revisions"}],"predecessor-version":[{"id":5887,"href":"https:\/\/www.plastic-crate.co.uk\/de\/wp-json\/wp\/v2\/pages\/2476\/revisions\/5887"}],"wp:attachment":[{"href":"https:\/\/www.plastic-crate.co.uk\/de\/wp-json\/wp\/v2\/media?parent=2476"}],"curies":[{"name":"wp","href":"https:\/\/api.w.org\/{rel}","templated":true}]}}